{"id":27180,"date":"2019-07-08T09:51:13","date_gmt":"2019-07-08T07:51:13","guid":{"rendered":"https:\/\/www.sen-shop.com\/collections\/uncategorized\/zemagel-31-gratis\/"},"modified":"2021-04-29T10:36:02","modified_gmt":"2021-04-29T08:36:02","slug":"zemagel-31-gratis","status":"publish","type":"product","link":"https:\/\/sen-shop.com\/hr\/collections\/nekategorizirano-hr\/zemagel-31-gratis\/","title":{"rendered":"Zemagel 3+1 GRATIS"},"content":{"rendered":"<h3><img decoding=\"async\" class=\"emoji\" role=\"img\" draggable=\"false\" src=\"https:\/\/s.w.org\/images\/core\/emoji\/13.0.1\/svg\/1f33f.svg\" alt=\"\ud83c\udf3f\" \/>\u00a0Biljni gel poma\u017ee protiv prehlada i lije\u010di bolove<\/h3>\n<p>Biljni gel je odli\u010dan\u00a0<strong>za lje\u010denje prehlade<\/strong>. Nama\u017eite gel po va\u0161im prsima i odmah \u0107ete osjetiti olak\u0161anje di\u0161nih putova. Ako imate upalu sinusa, a posljedi\u010dno i glavobolju, masirajte gel vi\u0161e od obrva i utrljajte na \u010delo. Ako imate vru\u0107icu, gel nama\u017eite po zabanima.<\/p>\n<p>Pri padu ili udarcu si\u0107u\u0161ne krvne \u017eile se ispod ko\u017ee razdvajaju. Vene po\u010dinju krvariti u potko\u017enom tkivu i nastaje modrica, koja nestaje u roku od 2 do 4 tjedna. U prvih nekoliko dana modrice su \u010desto popra\u0107ene bolom, koji se mo\u017ee olak\u0161ati ako se odmah primijeni masa\u017eni Zemagel. Ako patite od bolova u kukovima, nanesite gel i utrljajte ga u ko\u017eu. Razne opekline rje\u0161avamo hla\u0111enjem, lije\u010di i modrice, ogrebotine.<\/p>\n<p>U slu\u010daju degenerativnih promjena uzrokovanih tro\u0161enjem zgloba ili artrozom, bol je potrebno ubla\u017eiti masa\u017eom i toplim kompresama. Masa\u017ee i kompresije smanjuju napetost mi\u0161i\u0107a i pobolj\u0161avaju pokretljivost zglobova. Iako je pred vama puno posla, nemojte se mu\u010diti. Odmorite se i u\u010dinite ne\u0161to dobro za svoje odluke.<\/p>\n","protected":false},"excerpt":{"rendered":"<p>Zemagel poma\u017ee ubla\u017eavati mnogo problema: <strong>prehladu, opekline, <a href=\"https:\/\/www.sen.hr\/wp-content\/uploads\/2017\/05\/zagarant.jpg\"><img loading=\"lazy\" decoding=\"async\" class=\" wp-image-17319 alignright\" src=\"https:\/\/www.sen.hr\/wp-content\/uploads\/2017\/05\/zagarant.jpg\" alt=\"\" width=\"150\" height=\"107\" \/><\/a>ubod insekata, opekline meduza, modrice, bolovi u zglobovima, osje\u0107aj bolesti, stres \u2026<\/strong><\/p>\n<p>\ud83c\udf3f\u00a0\u00a0<strong>Kod prehlade<\/strong>, namasirajte Zemagel po prsima<\/p>\n<p>\ud83c\udf3f U primjeru\u00a0<strong>glavobolje<\/strong>\u00a0namasirajte ga po sljepoo\u010dnicama i \u010delu<\/p>\n<p>\ud83c\udf3f \ufe0f Kombinacija prirodnog bilja je izvrsno za umiruju\u0107e\u00a0<strong>opekline od sunca<\/strong><\/p>\n<p>\ud83c\udf3f \ufe0f Djeluje i kao\u00a0<strong>repelent za krpelje i komarce<\/strong><\/p>\n<p>\ud83c\udf3f Za\u00a0<strong>bolove u mi\u0161i\u0107ima i zglobovima<\/strong><\/p>\n<p>Pogodan i za djecu ukoliko imaju 4 godine ili vi\u0161e!<\/p>\n","protected":false},"featured_media":27183,"comment_status":"open","ping_status":"closed","template":"","meta":{"inline_featured_image":false},"product_cat":[810],"product_tag":[],"class_list":["post-27180","product","type-product","status-publish","has-post-thumbnail","hentry","product_cat-nekategorizirano-hr","yith_product_brand-aromacert","yith_product_brand-eko-hr","yith_product_brand-ni-testirano-na-zivali-hr","yith_product_brand-vegan-hr"],"acf":[],"yoast_head":"<!-- This site is optimized with the Yoast SEO plugin v19.13 - https:\/\/yoast.com\/wordpress\/plugins\/seo\/ -->\n<title>Zemagel 3+1 GRATIS - SEN Shop<\/title>\n<meta name=\"robots\" content=\"index, follow, max-snippet:-1, max-image-preview:large, max-video-preview:-1\" \/>\n<link rel=\"canonical\" href=\"https:\/\/sen-shop.com\/hr\/collections\/nekategorizirano-hr\/zemagel-31-gratis\/\" \/>\n<meta property=\"og:locale\" content=\"hr_HR\" \/>\n<meta property=\"og:type\" content=\"article\" \/>\n<meta property=\"og:title\" content=\"Zemagel 3+1 GRATIS - SEN Shop\" \/>\n<meta property=\"og:description\" content=\"Zemagel poma\u017ee ubla\u017eavati mnogo problema: prehladu, opekline, ubod insekata, opekline meduza, modrice, bolovi u zglobovima, osje\u0107aj bolesti, stres \u2026  \ud83c\udf3f\u00a0\u00a0Kod prehlade, namasirajte Zemagel po prsima  \ud83c\udf3f U primjeru\u00a0glavobolje\u00a0namasirajte ga po sljepoo\u010dnicama i \u010delu  \ud83c\udf3f \ufe0f Kombinacija prirodnog bilja je izvrsno za umiruju\u0107e\u00a0opekline od sunca  \ud83c\udf3f \ufe0f Djeluje i kao\u00a0repelent za krpelje i komarce  \ud83c\udf3f Za\u00a0bolove u mi\u0161i\u0107ima i zglobovima  Pogodan i za djecu ukoliko imaju 4 godine ili vi\u0161e!\" \/>\n<meta property=\"og:url\" content=\"https:\/\/sen-shop.com\/hr\/collections\/nekategorizirano-hr\/zemagel-31-gratis\/\" \/>\n<meta property=\"og:site_name\" content=\"SEN Shop\" \/>\n<meta property=\"article:publisher\" content=\"https:\/\/www.facebook.com\/Senshopslovenija\" \/>\n<meta property=\"article:modified_time\" content=\"2021-04-29T08:36:02+00:00\" \/>\n<meta property=\"og:image\" content=\"https:\/\/sen-shop.com\/wp-content\/uploads\/2021\/04\/zemagel-biljni-gel-za-masazu-sen-hr-gratis.png\" \/>\n\t<meta property=\"og:image:width\" content=\"700\" \/>\n\t<meta property=\"og:image:height\" content=\"800\" \/>\n\t<meta property=\"og:image:type\" content=\"image\/png\" \/>\n<meta name=\"twitter:card\" content=\"summary_large_image\" \/>\n<meta name=\"twitter:label1\" content=\"Est. reading time\" \/>\n\t<meta name=\"twitter:data1\" content=\"1 minute\" \/>\n<script type=\"application\/ld+json\" class=\"yoast-schema-graph\">{\"@context\":\"https:\/\/schema.org\",\"@graph\":[{\"@type\":\"WebPage\",\"@id\":\"https:\/\/sen-shop.com\/hr\/collections\/nekategorizirano-hr\/zemagel-31-gratis\/\",\"url\":\"https:\/\/sen-shop.com\/hr\/collections\/nekategorizirano-hr\/zemagel-31-gratis\/\",\"name\":\"Zemagel 3+1 GRATIS - SEN Shop\",\"isPartOf\":{\"@id\":\"https:\/\/sen-shop.com\/hr\/#website\"},\"datePublished\":\"2019-07-08T07:51:13+00:00\",\"dateModified\":\"2021-04-29T08:36:02+00:00\",\"breadcrumb\":{\"@id\":\"https:\/\/sen-shop.com\/hr\/collections\/nekategorizirano-hr\/zemagel-31-gratis\/#breadcrumb\"},\"inLanguage\":\"hr-HR\",\"potentialAction\":[{\"@type\":\"ReadAction\",\"target\":[\"https:\/\/sen-shop.com\/hr\/collections\/nekategorizirano-hr\/zemagel-31-gratis\/\"]}]},{\"@type\":\"BreadcrumbList\",\"@id\":\"https:\/\/sen-shop.com\/hr\/collections\/nekategorizirano-hr\/zemagel-31-gratis\/#breadcrumb\",\"itemListElement\":[{\"@type\":\"ListItem\",\"position\":1,\"name\":\"Home\",\"item\":\"https:\/\/sen-shop.com\/hr\/\"},{\"@type\":\"ListItem\",\"position\":2,\"name\":\"Zemagel 3+1 GRATIS\"}]},{\"@type\":\"WebSite\",\"@id\":\"https:\/\/sen-shop.com\/hr\/#website\",\"url\":\"https:\/\/sen-shop.com\/hr\/\",\"name\":\"SEN Shop\",\"description\":\"Slovensko, Ekolo\u0161ko, Naravno\",\"publisher\":{\"@id\":\"https:\/\/sen-shop.com\/hr\/#organization\"},\"potentialAction\":[{\"@type\":\"SearchAction\",\"target\":{\"@type\":\"EntryPoint\",\"urlTemplate\":\"https:\/\/sen-shop.com\/hr\/?s={search_term_string}\"},\"query-input\":\"required name=search_term_string\"}],\"inLanguage\":\"hr-HR\"},{\"@type\":\"Organization\",\"@id\":\"https:\/\/sen-shop.com\/hr\/#organization\",\"name\":\"Mind trade d.o.o\",\"url\":\"https:\/\/sen-shop.com\/hr\/\",\"logo\":{\"@type\":\"ImageObject\",\"inLanguage\":\"hr-HR\",\"@id\":\"https:\/\/sen-shop.com\/hr\/#\/schema\/logo\/image\/\",\"url\":\"https:\/\/sen-shop.com\/wp-content\/uploads\/2018\/05\/header_logo.png\",\"contentUrl\":\"https:\/\/sen-shop.com\/wp-content\/uploads\/2018\/05\/header_logo.png\",\"width\":138,\"height\":70,\"caption\":\"Mind trade d.o.o\"},\"image\":{\"@id\":\"https:\/\/sen-shop.com\/hr\/#\/schema\/logo\/image\/\"},\"sameAs\":[\"https:\/\/www.instagram.com\/senslovenija\/\",\"https:\/\/www.facebook.com\/Senshopslovenija\"]}]}<\/script>\n<!-- \/ Yoast SEO plugin. -->","yoast_head_json":{"title":"Zemagel 3+1 GRATIS - SEN Shop","robots":{"index":"index","follow":"follow","max-snippet":"max-snippet:-1","max-image-preview":"max-image-preview:large","max-video-preview":"max-video-preview:-1"},"canonical":"https:\/\/sen-shop.com\/hr\/collections\/nekategorizirano-hr\/zemagel-31-gratis\/","og_locale":"hr_HR","og_type":"article","og_title":"Zemagel 3+1 GRATIS - SEN Shop","og_description":"Zemagel poma\u017ee ubla\u017eavati mnogo problema: prehladu, opekline, ubod insekata, opekline meduza, modrice, bolovi u zglobovima, osje\u0107aj bolesti, stres \u2026  \ud83c\udf3f\u00a0\u00a0Kod prehlade, namasirajte Zemagel po prsima  \ud83c\udf3f U primjeru\u00a0glavobolje\u00a0namasirajte ga po sljepoo\u010dnicama i \u010delu  \ud83c\udf3f \ufe0f Kombinacija prirodnog bilja je izvrsno za umiruju\u0107e\u00a0opekline od sunca  \ud83c\udf3f \ufe0f Djeluje i kao\u00a0repelent za krpelje i komarce  \ud83c\udf3f Za\u00a0bolove u mi\u0161i\u0107ima i zglobovima  Pogodan i za djecu ukoliko imaju 4 godine ili vi\u0161e!","og_url":"https:\/\/sen-shop.com\/hr\/collections\/nekategorizirano-hr\/zemagel-31-gratis\/","og_site_name":"SEN Shop","article_publisher":"https:\/\/www.facebook.com\/Senshopslovenija","article_modified_time":"2021-04-29T08:36:02+00:00","og_image":[{"width":700,"height":800,"url":"https:\/\/sen-shop.com\/wp-content\/uploads\/2021\/04\/zemagel-biljni-gel-za-masazu-sen-hr-gratis.png","type":"image\/png"}],"twitter_card":"summary_large_image","twitter_misc":{"Est. reading time":"1 minute"},"schema":{"@context":"https:\/\/schema.org","@graph":[{"@type":"WebPage","@id":"https:\/\/sen-shop.com\/hr\/collections\/nekategorizirano-hr\/zemagel-31-gratis\/","url":"https:\/\/sen-shop.com\/hr\/collections\/nekategorizirano-hr\/zemagel-31-gratis\/","name":"Zemagel 3+1 GRATIS - SEN Shop","isPartOf":{"@id":"https:\/\/sen-shop.com\/hr\/#website"},"datePublished":"2019-07-08T07:51:13+00:00","dateModified":"2021-04-29T08:36:02+00:00","breadcrumb":{"@id":"https:\/\/sen-shop.com\/hr\/collections\/nekategorizirano-hr\/zemagel-31-gratis\/#breadcrumb"},"inLanguage":"hr-HR","potentialAction":[{"@type":"ReadAction","target":["https:\/\/sen-shop.com\/hr\/collections\/nekategorizirano-hr\/zemagel-31-gratis\/"]}]},{"@type":"BreadcrumbList","@id":"https:\/\/sen-shop.com\/hr\/collections\/nekategorizirano-hr\/zemagel-31-gratis\/#breadcrumb","itemListElement":[{"@type":"ListItem","position":1,"name":"Home","item":"https:\/\/sen-shop.com\/hr\/"},{"@type":"ListItem","position":2,"name":"Zemagel 3+1 GRATIS"}]},{"@type":"WebSite","@id":"https:\/\/sen-shop.com\/hr\/#website","url":"https:\/\/sen-shop.com\/hr\/","name":"SEN Shop","description":"Slovensko, Ekolo\u0161ko, Naravno","publisher":{"@id":"https:\/\/sen-shop.com\/hr\/#organization"},"potentialAction":[{"@type":"SearchAction","target":{"@type":"EntryPoint","urlTemplate":"https:\/\/sen-shop.com\/hr\/?s={search_term_string}"},"query-input":"required name=search_term_string"}],"inLanguage":"hr-HR"},{"@type":"Organization","@id":"https:\/\/sen-shop.com\/hr\/#organization","name":"Mind trade d.o.o","url":"https:\/\/sen-shop.com\/hr\/","logo":{"@type":"ImageObject","inLanguage":"hr-HR","@id":"https:\/\/sen-shop.com\/hr\/#\/schema\/logo\/image\/","url":"https:\/\/sen-shop.com\/wp-content\/uploads\/2018\/05\/header_logo.png","contentUrl":"https:\/\/sen-shop.com\/wp-content\/uploads\/2018\/05\/header_logo.png","width":138,"height":70,"caption":"Mind trade d.o.o"},"image":{"@id":"https:\/\/sen-shop.com\/hr\/#\/schema\/logo\/image\/"},"sameAs":["https:\/\/www.instagram.com\/senslovenija\/","https:\/\/www.facebook.com\/Senshopslovenija"]}]}},"_links":{"self":[{"href":"https:\/\/sen-shop.com\/hr\/wp-json\/wp\/v2\/product\/27180","targetHints":{"allow":["GET"]}}],"collection":[{"href":"https:\/\/sen-shop.com\/hr\/wp-json\/wp\/v2\/product"}],"about":[{"href":"https:\/\/sen-shop.com\/hr\/wp-json\/wp\/v2\/types\/product"}],"replies":[{"embeddable":true,"href":"https:\/\/sen-shop.com\/hr\/wp-json\/wp\/v2\/comments?post=27180"}],"wp:featuredmedia":[{"embeddable":true,"href":"https:\/\/sen-shop.com\/hr\/wp-json\/wp\/v2\/media\/27183"}],"wp:attachment":[{"href":"https:\/\/sen-shop.com\/hr\/wp-json\/wp\/v2\/media?parent=27180"}],"wp:term":[{"taxonomy":"product_cat","embeddable":true,"href":"https:\/\/sen-shop.com\/hr\/wp-json\/wp\/v2\/product_cat?post=27180"},{"taxonomy":"product_tag","embeddable":true,"href":"https:\/\/sen-shop.com\/hr\/wp-json\/wp\/v2\/product_tag?post=27180"}],"curies":[{"name":"wp","href":"https:\/\/api.w.org\/{rel}","templated":true}]}}