{"id":27165,"date":"2018-05-17T18:55:04","date_gmt":"2018-05-17T16:55:04","guid":{"rendered":"https:\/\/www.sen-shop.com\/collections\/uncategorized\/tanita-vaga\/"},"modified":"2021-08-06T11:51:05","modified_gmt":"2021-08-06T09:51:05","slug":"tanita-vaga","status":"publish","type":"product","link":"https:\/\/sen-shop.com\/hr\/collections\/tanita-analizatori-sastava-tijela\/vaga-tanita-osobna-upotreba\/tanita-vaga\/","title":{"rendered":"TANITA BC-545N"},"content":{"rendered":"<h1>Vaga TANITA BC 545N<\/h1>\n<p>Uz pomo\u0107 pametne vage <strong>Tanita BC 545N<\/strong> lije\u010dni\u010dki pregled mo\u017eete napraviti i kod ku\u0107e. Tanita BC-545N analizator mjeri i analizira napredak vje\u017ebanja i va\u0161e op\u0107e zdravlje. Upotreba je jednostavna. Stanite na povr\u0161inu analizatora i uzmite ru\u010dke. U 15 sekundi \u0107ete dobit deset razli\u010ditih mjerenja i analiza va\u0161eg zdravlja. Tako\u0111er odvojeno prikazuje postotak mi\u0161i\u0107a i masti u svim rukama i nogama. Analizira tako\u0111er i va\u0161 trbuh. To vam omogu\u0107uje analiziranje va\u0161ih mi\u0161i\u0107a, postavljanje ciljeva za odre\u0111ena podru\u010dja i spre\u010davanje te\u017eih ozljeda. Analizator Tanita BC-545N ima jasan zaslon u boji koji je veoma jednostavan za \u010ditanje. Analize mogu pratiti najvi\u0161e pet korisnika. Rezultati analiziranja se \u010duvaju do jedne godine. Tanita automatski prepoznaje koji korisnik stoji na ure\u0111aju \u0161to zna\u010di da svoje podatke ne trebate unositi svaki put nego samo tijekom prvog kori\u0161tenja.<\/p>\n<p>&nbsp;<\/p>\n<h4>BC-545N vam poka\u017ee:<\/h4>\n<p>&nbsp;<\/p>\n<ul>\n<li>te\u017einu, \u00a0\u00a0 \u00a0\u00a0 \u00a0\u00a0 <a href=\"https:\/\/www.sen.hr\/wp-content\/uploads\/2018\/05\/Tanita-analizator.jpg\"><img loading=\"lazy\" decoding=\"async\" class=\"alignright wp-image-9222 size-medium\" src=\"https:\/\/www.sen.hr\/wp-content\/uploads\/2018\/05\/Tanita-analizator-300x200.jpg\" alt=\"\" width=\"300\" height=\"200\" \/><\/a><\/li>\n<li>udio tjelesne masti,<\/li>\n<li>omjer vode u tijelu,<\/li>\n<li>mi\u0161i\u0107nu masu,<\/li>\n<li>te\u017einu kosti,<\/li>\n<li>(ITM) indeks tjelesne mase,<\/li>\n<li>prikaz dnevne energetske potrebe u kalorijama,<\/li>\n<li>koli\u010dinu masti u predjelu trbuha,<\/li>\n<li>pokazatelj ocjene tjelesne figure,<\/li>\n<li>procjenu starosti metabolizma.<\/li>\n<\/ul>\n<h4>Proces vaganja\/mjerenja:<\/h4>\n<p>Stanite na povr\u0161inu analizatora i nje\u017eno povucite ru\u010dke smje\u0161tene na prednjem dijelu analizatora. Analizator \u0107e kroz tijelo poslati blagi elektricni tok kroz svih 8 elektroda. Na temelju pouzdanih, znanstveno potvr\u0111enih i patentiranih formula, vaga Tanita BC-545N \u0107e izra\u010dunat sastav tjelesne mase svakog pojedinca.<\/p>\n<p>&nbsp;<\/p>\n<h4>POSEBNE FUNKCIJE BC-545N<\/h4>\n<p>jednostavan za kori\u0161tenje i omogu\u0107ava analiziranje i pregled tjelesne mase do pet korisnika. Rezultati mjerenja ostaju na analizatoru \u010ditavu godinu. Sve informacije mo\u017eeete vidjeli na \u010ditljivom zaslonu u boji. Vaga Tanita BC-545N ima sposobnost prepoznavanja korisnika.<\/p>\n<p>&nbsp;<\/p>\n<p><strong>Analizator sastava tjelesne mase:<\/strong><\/p>\n<ul>\n<li>ru\u010dke za precizniju analizu tijela,<\/li>\n<li>zaslon u boji,<\/li>\n<li>automatsko prepoznavanje korisnika,<\/li>\n<li>prikaz nedavnih rezultata,<\/li>\n<li>sposobnost osobnog vaganja,<\/li>\n<li>sposobnost vaganja za sporta\u0161e,<\/li>\n<li>sposobnost vaganja za goste,<\/li>\n<li>nosivost do 150 kg,<\/li>\n<li>vaganje na 100 grama to\u010dno,<\/li>\n<li>pet memorijskih tipki,<\/li>\n<li>uklju\u010dene baterije,<\/li>\n<li>3 godine jamstva.<\/li>\n<\/ul>\n<p>Za kupovinu jo\u0161 sna\u017enijeg analizatora sastava tjelesne mase, kliknite <a href=\"https:\/\/www.sen.hr\/collections\/tanita-analizatorji-telesne-sestave\/tehtnica-tanita-osebna-raba\/tanita-rd-545\/\">OVDJE<\/a>.<\/p>\n","protected":false},"excerpt":{"rendered":"<p>Preciznost rezultata je osigurana pojedina\u010dnom analizom mjerenja: dijeli tijelo na pet dijelova (ruke, noge i trbuh). Detaljna procjena, osim ukupne analize sastava tjelesne mase zna\u010di da mo\u017eete dodatno prilagoditi svoj trening i ciljeve za odre\u0111ene dijelove tijela kao i sprije\u010diti dodatne ozljede.<\/p>\n<p><strong>Rezultati su prikazani u roku od 15 sekundi.<\/strong><\/p>\n<p><strong>Tehni\u010dka podr\u0161ka i izvr\u0161enje jamstva mogu\u0107i su samo za proizvode kupljene u na\u0161oj trgovini.<\/strong><\/p>\n","protected":false},"featured_media":27171,"comment_status":"open","ping_status":"closed","template":"","meta":{"inline_featured_image":false},"product_cat":[405,404],"product_tag":[409,412,414,408,413,406,407,416,417,415],"class_list":["post-27165","product","type-product","status-publish","has-post-thumbnail","hentry","product_cat-tanita-analizatori-sastava-tijela","product_cat-vaga-tanita-osobna-upotreba","product_tag-analizator-sastava-tijela","product_tag-analizator-sastava-tjelesne-mase","product_tag-analizator-tanita","product_tag-analizator-tijela","product_tag-bc-601","product_tag-digitalna-pametna-vaga","product_tag-pametna-vaga","product_tag-tanita-hr","product_tag-tanita-bc-601","product_tag-tanita-vaga"],"acf":[],"yoast_head":"<!-- This site is optimized with the Yoast SEO plugin v19.13 - https:\/\/yoast.com\/wordpress\/plugins\/seo\/ -->\n<title>TANITA BC-545N | Analizator sastava tjelesne mase | pametna vaga<\/title>\n<meta name=\"description\" content=\"Analizator sastava tjelesne mase Tanita BC-545N vam u 15 sekundi prika\u017ee cijelu analizu sastava tjelesne mase. Lije\u010dni\u010dki pregled mo\u017eete napraviti kod ku\u0107e.\" \/>\n<meta name=\"robots\" content=\"index, follow, max-snippet:-1, max-image-preview:large, max-video-preview:-1\" \/>\n<link rel=\"canonical\" href=\"https:\/\/sen-shop.com\/hr\/collections\/tanita-analizatori-sastava-tijela\/vaga-tanita-osobna-upotreba\/tanita-vaga\/\" \/>\n<meta property=\"og:locale\" content=\"hr_HR\" \/>\n<meta property=\"og:type\" content=\"article\" \/>\n<meta property=\"og:title\" content=\"TANITA BC-545N | Analizator sastava tjelesne mase | pametna vaga\" \/>\n<meta property=\"og:description\" content=\"Analizator sastava tjelesne mase Tanita BC-545N vam u 15 sekundi prika\u017ee cijelu analizu sastava tjelesne mase. Lije\u010dni\u010dki pregled mo\u017eete napraviti kod ku\u0107e.\" \/>\n<meta property=\"og:url\" content=\"https:\/\/sen-shop.com\/hr\/collections\/tanita-analizatori-sastava-tijela\/vaga-tanita-osobna-upotreba\/tanita-vaga\/\" \/>\n<meta property=\"og:site_name\" content=\"SEN Shop\" \/>\n<meta property=\"article:publisher\" content=\"https:\/\/www.facebook.com\/Senshopslovenija\" \/>\n<meta property=\"article:modified_time\" content=\"2021-08-06T09:51:05+00:00\" \/>\n<meta property=\"og:image\" content=\"https:\/\/sen-shop.com\/wp-content\/uploads\/2018\/05\/tanita-bc-545-n-ab.png\" \/>\n\t<meta property=\"og:image:width\" content=\"700\" \/>\n\t<meta property=\"og:image:height\" content=\"700\" \/>\n\t<meta property=\"og:image:type\" content=\"image\/png\" \/>\n<meta name=\"twitter:card\" content=\"summary_large_image\" \/>\n<meta name=\"twitter:label1\" content=\"Est. reading time\" \/>\n\t<meta name=\"twitter:data1\" content=\"2 minutes\" \/>\n<script type=\"application\/ld+json\" class=\"yoast-schema-graph\">{\"@context\":\"https:\/\/schema.org\",\"@graph\":[{\"@type\":\"WebPage\",\"@id\":\"https:\/\/sen-shop.com\/hr\/collections\/tanita-analizatori-sastava-tijela\/vaga-tanita-osobna-upotreba\/tanita-vaga\/\",\"url\":\"https:\/\/sen-shop.com\/hr\/collections\/tanita-analizatori-sastava-tijela\/vaga-tanita-osobna-upotreba\/tanita-vaga\/\",\"name\":\"TANITA BC-545N | Analizator sastava tjelesne mase | pametna vaga\",\"isPartOf\":{\"@id\":\"https:\/\/sen-shop.com\/hr\/#website\"},\"datePublished\":\"2018-05-17T16:55:04+00:00\",\"dateModified\":\"2021-08-06T09:51:05+00:00\",\"description\":\"Analizator sastava tjelesne mase Tanita BC-545N vam u 15 sekundi prika\u017ee cijelu analizu sastava tjelesne mase. Lije\u010dni\u010dki pregled mo\u017eete napraviti kod ku\u0107e.\",\"breadcrumb\":{\"@id\":\"https:\/\/sen-shop.com\/hr\/collections\/tanita-analizatori-sastava-tijela\/vaga-tanita-osobna-upotreba\/tanita-vaga\/#breadcrumb\"},\"inLanguage\":\"hr-HR\",\"potentialAction\":[{\"@type\":\"ReadAction\",\"target\":[\"https:\/\/sen-shop.com\/hr\/collections\/tanita-analizatori-sastava-tijela\/vaga-tanita-osobna-upotreba\/tanita-vaga\/\"]}]},{\"@type\":\"BreadcrumbList\",\"@id\":\"https:\/\/sen-shop.com\/hr\/collections\/tanita-analizatori-sastava-tijela\/vaga-tanita-osobna-upotreba\/tanita-vaga\/#breadcrumb\",\"itemListElement\":[{\"@type\":\"ListItem\",\"position\":1,\"name\":\"Home\",\"item\":\"https:\/\/sen-shop.com\/hr\/\"},{\"@type\":\"ListItem\",\"position\":2,\"name\":\"TANITA BC-545N\"}]},{\"@type\":\"WebSite\",\"@id\":\"https:\/\/sen-shop.com\/hr\/#website\",\"url\":\"https:\/\/sen-shop.com\/hr\/\",\"name\":\"SEN Shop\",\"description\":\"Slovensko, Ekolo\u0161ko, Naravno\",\"publisher\":{\"@id\":\"https:\/\/sen-shop.com\/hr\/#organization\"},\"potentialAction\":[{\"@type\":\"SearchAction\",\"target\":{\"@type\":\"EntryPoint\",\"urlTemplate\":\"https:\/\/sen-shop.com\/hr\/?s={search_term_string}\"},\"query-input\":\"required name=search_term_string\"}],\"inLanguage\":\"hr-HR\"},{\"@type\":\"Organization\",\"@id\":\"https:\/\/sen-shop.com\/hr\/#organization\",\"name\":\"Mind trade d.o.o\",\"url\":\"https:\/\/sen-shop.com\/hr\/\",\"logo\":{\"@type\":\"ImageObject\",\"inLanguage\":\"hr-HR\",\"@id\":\"https:\/\/sen-shop.com\/hr\/#\/schema\/logo\/image\/\",\"url\":\"https:\/\/sen-shop.com\/wp-content\/uploads\/2018\/05\/header_logo.png\",\"contentUrl\":\"https:\/\/sen-shop.com\/wp-content\/uploads\/2018\/05\/header_logo.png\",\"width\":138,\"height\":70,\"caption\":\"Mind trade d.o.o\"},\"image\":{\"@id\":\"https:\/\/sen-shop.com\/hr\/#\/schema\/logo\/image\/\"},\"sameAs\":[\"https:\/\/www.instagram.com\/senslovenija\/\",\"https:\/\/www.facebook.com\/Senshopslovenija\"]}]}<\/script>\n<!-- \/ Yoast SEO plugin. -->","yoast_head_json":{"title":"TANITA BC-545N | Analizator sastava tjelesne mase | pametna vaga","description":"Analizator sastava tjelesne mase Tanita BC-545N vam u 15 sekundi prika\u017ee cijelu analizu sastava tjelesne mase. Lije\u010dni\u010dki pregled mo\u017eete napraviti kod ku\u0107e.","robots":{"index":"index","follow":"follow","max-snippet":"max-snippet:-1","max-image-preview":"max-image-preview:large","max-video-preview":"max-video-preview:-1"},"canonical":"https:\/\/sen-shop.com\/hr\/collections\/tanita-analizatori-sastava-tijela\/vaga-tanita-osobna-upotreba\/tanita-vaga\/","og_locale":"hr_HR","og_type":"article","og_title":"TANITA BC-545N | Analizator sastava tjelesne mase | pametna vaga","og_description":"Analizator sastava tjelesne mase Tanita BC-545N vam u 15 sekundi prika\u017ee cijelu analizu sastava tjelesne mase. Lije\u010dni\u010dki pregled mo\u017eete napraviti kod ku\u0107e.","og_url":"https:\/\/sen-shop.com\/hr\/collections\/tanita-analizatori-sastava-tijela\/vaga-tanita-osobna-upotreba\/tanita-vaga\/","og_site_name":"SEN Shop","article_publisher":"https:\/\/www.facebook.com\/Senshopslovenija","article_modified_time":"2021-08-06T09:51:05+00:00","og_image":[{"width":700,"height":700,"url":"https:\/\/sen-shop.com\/wp-content\/uploads\/2018\/05\/tanita-bc-545-n-ab.png","type":"image\/png"}],"twitter_card":"summary_large_image","twitter_misc":{"Est. reading time":"2 minutes"},"schema":{"@context":"https:\/\/schema.org","@graph":[{"@type":"WebPage","@id":"https:\/\/sen-shop.com\/hr\/collections\/tanita-analizatori-sastava-tijela\/vaga-tanita-osobna-upotreba\/tanita-vaga\/","url":"https:\/\/sen-shop.com\/hr\/collections\/tanita-analizatori-sastava-tijela\/vaga-tanita-osobna-upotreba\/tanita-vaga\/","name":"TANITA BC-545N | Analizator sastava tjelesne mase | pametna vaga","isPartOf":{"@id":"https:\/\/sen-shop.com\/hr\/#website"},"datePublished":"2018-05-17T16:55:04+00:00","dateModified":"2021-08-06T09:51:05+00:00","description":"Analizator sastava tjelesne mase Tanita BC-545N vam u 15 sekundi prika\u017ee cijelu analizu sastava tjelesne mase. Lije\u010dni\u010dki pregled mo\u017eete napraviti kod ku\u0107e.","breadcrumb":{"@id":"https:\/\/sen-shop.com\/hr\/collections\/tanita-analizatori-sastava-tijela\/vaga-tanita-osobna-upotreba\/tanita-vaga\/#breadcrumb"},"inLanguage":"hr-HR","potentialAction":[{"@type":"ReadAction","target":["https:\/\/sen-shop.com\/hr\/collections\/tanita-analizatori-sastava-tijela\/vaga-tanita-osobna-upotreba\/tanita-vaga\/"]}]},{"@type":"BreadcrumbList","@id":"https:\/\/sen-shop.com\/hr\/collections\/tanita-analizatori-sastava-tijela\/vaga-tanita-osobna-upotreba\/tanita-vaga\/#breadcrumb","itemListElement":[{"@type":"ListItem","position":1,"name":"Home","item":"https:\/\/sen-shop.com\/hr\/"},{"@type":"ListItem","position":2,"name":"TANITA BC-545N"}]},{"@type":"WebSite","@id":"https:\/\/sen-shop.com\/hr\/#website","url":"https:\/\/sen-shop.com\/hr\/","name":"SEN Shop","description":"Slovensko, Ekolo\u0161ko, Naravno","publisher":{"@id":"https:\/\/sen-shop.com\/hr\/#organization"},"potentialAction":[{"@type":"SearchAction","target":{"@type":"EntryPoint","urlTemplate":"https:\/\/sen-shop.com\/hr\/?s={search_term_string}"},"query-input":"required name=search_term_string"}],"inLanguage":"hr-HR"},{"@type":"Organization","@id":"https:\/\/sen-shop.com\/hr\/#organization","name":"Mind trade d.o.o","url":"https:\/\/sen-shop.com\/hr\/","logo":{"@type":"ImageObject","inLanguage":"hr-HR","@id":"https:\/\/sen-shop.com\/hr\/#\/schema\/logo\/image\/","url":"https:\/\/sen-shop.com\/wp-content\/uploads\/2018\/05\/header_logo.png","contentUrl":"https:\/\/sen-shop.com\/wp-content\/uploads\/2018\/05\/header_logo.png","width":138,"height":70,"caption":"Mind trade d.o.o"},"image":{"@id":"https:\/\/sen-shop.com\/hr\/#\/schema\/logo\/image\/"},"sameAs":["https:\/\/www.instagram.com\/senslovenija\/","https:\/\/www.facebook.com\/Senshopslovenija"]}]}},"_links":{"self":[{"href":"https:\/\/sen-shop.com\/hr\/wp-json\/wp\/v2\/product\/27165","targetHints":{"allow":["GET"]}}],"collection":[{"href":"https:\/\/sen-shop.com\/hr\/wp-json\/wp\/v2\/product"}],"about":[{"href":"https:\/\/sen-shop.com\/hr\/wp-json\/wp\/v2\/types\/product"}],"replies":[{"embeddable":true,"href":"https:\/\/sen-shop.com\/hr\/wp-json\/wp\/v2\/comments?post=27165"}],"wp:featuredmedia":[{"embeddable":true,"href":"https:\/\/sen-shop.com\/hr\/wp-json\/wp\/v2\/media\/27171"}],"wp:attachment":[{"href":"https:\/\/sen-shop.com\/hr\/wp-json\/wp\/v2\/media?parent=27165"}],"wp:term":[{"taxonomy":"product_cat","embeddable":true,"href":"https:\/\/sen-shop.com\/hr\/wp-json\/wp\/v2\/product_cat?post=27165"},{"taxonomy":"product_tag","embeddable":true,"href":"https:\/\/sen-shop.com\/hr\/wp-json\/wp\/v2\/product_tag?post=27165"}],"curies":[{"name":"wp","href":"https:\/\/api.w.org\/{rel}","templated":true}]}}