{"id":27157,"date":"2018-05-19T12:26:32","date_gmt":"2018-05-19T10:26:32","guid":{"rendered":"https:\/\/www.sen-shop.com\/collections\/uncategorized\/tanita-rd-953-bijela-pametna-vaga\/"},"modified":"2018-05-19T12:26:32","modified_gmt":"2018-05-19T10:26:32","slug":"tanita-rd-953-bijela-pametna-vaga","status":"publish","type":"product","link":"https:\/\/sen-shop.com\/hr\/collections\/tanita-analizatori-sastava-tijela\/vaga-tanita-osobna-upotreba\/tanita-rd-953-bijela-pametna-vaga\/","title":{"rendered":"TANITA RD-953 bijela"},"content":{"rendered":"<h1>Vaga Tanita RD 953<\/h1>\n<h4>Mu\u010di vas tjelesna mast? Tu je za vas pametna vaga Tanita RD 953<\/h4>\n<p><strong>Novost na tr\u017ei\u0161tu<\/strong>: dvofrekventni osobni analizator s medicinskom precizno\u0161\u0107u. Jednostavno i precizno mjerenje tjelesne masti.<\/p>\n<p>Vage za kontrolu i mjerenje tjelesne te\u017eine su dizajnirane za zdrav \u017eivot, omogu\u0107uju\u0107i vam uvid u klju\u010dne zdravstvene informacije koji vam omogu\u0107uju pra\u0107enje promjena u na\u010dinu \u017eivota kao \u0161to je promjena prehrane, nadziranje tjelesnih rezultata kako biste bili sigurni da jedete zdravije, pra\u0107enje napretka mi\u0161i\u0107ne mase, razine baznog metabolizma i kontrolu postotka tjelesne masti. Ukoliko vas mu\u010di tjelesna mast, tu je za vas pametna vaga Tanita RD 953.<\/p>\n<p>&nbsp;<\/p>\n<h4><strong>RD-953 vam poka\u017ee:<\/strong><\/h4>\n<ul>\n<li>te\u017einu,<\/li>\n<li>udio tjelesne masti,<\/li>\n<li>omjer vode u tijelu,<\/li>\n<li>mi\u0161i\u0107nu masu,<\/li>\n<li>te\u017einu kosti,<\/li>\n<li>(ITM) indeks tjelesne mase,<\/li>\n<li>prikaz dnevne energetske potrebe u kalorijama,<\/li>\n<li>koli\u010dinu masti u predjelu trbuha,<\/li>\n<li>ocjenu tjelesne figure,<\/li>\n<li>procjenu starosti metabolizma.<\/li>\n<\/ul>\n<p><strong>Nosivost:<\/strong>\u00a0200 kg<\/p>\n<p>Vaga Tanita RD-953 ima 4 memorijske lokacije s automatskim prepoznavanjem korisnika. Jednostavno stanite na vagu i vaga \u0107e vas automatski prepoznati i izvr\u0161iti mjerenje. To vam omogu\u0107ava da svoje podatke ne trebate stalno unositi.<\/p>\n<p>Omogu\u0107uje vam i prikazivanje mjernih podataka u boji; zelena za zdrav rezultat, \u017euta za srednje dobar rezultat i crvena za lo\u0161e rezultat. Uz pomo\u0107 ovog proizvoda, mjerenje tjelesne masno\u0107e postalo je brzo i jednostavno.<\/p>\n<p>S Tanita analizatorima opremili smo mnoge zdravstvene domove, fitnes centre, sveu\u010dili\u0161ta, medicinske centre, banje i mnoge druge ugledne institucije. Tanita je japanska tvrtka koja uspje\u0161no posluje ve\u0107 vi\u0161e od 40 godina. Analizatori su vrhunske kvalitete, nude\u0107i medicinski precizne rezultate.<\/p>\n<p>&nbsp;<\/p>\n<h4>Mjerenje tjelesne masti<\/h4>\n<p>Analizator vam tako\u0111er pokazuje postotak tjelesne masti.<\/p>\n<p>Postotak tjelesne masti je koli\u010dina masti u postotku tjelesne te\u017eine. Masa masno\u0107e je stvarna te\u017eina masti u tijelu. Masno\u0107a u tijelu je bitna za osnovne tjelesne funkcije kao \u0161to su regulacija tjelesne temperature i skladi\u0161tenje vitamina. Me\u0111utim, previ\u0161e masti mo\u017ee naru\u0161iti zdravlje. Smanjenje vi\u0161ka tjelesne masti smanjuje rizik od visokog krvnog tlaka, bolesti srca, dijabetesa i raka. Zato je va\u017eno pratiti sadr\u017eaj masti.<\/p>\n<h4><\/h4>\n<h4>Za\u0161to odabrati analizator tijela?<\/h4>\n<p>Analizator tijela omogu\u0107ava vitalni uvid u ono \u0161to se doga\u0111a u va\u0161em tijelu.<\/p>\n<p>Analiza \u0107e vam pomo\u0107i da shvatite kako promjene prehrane i vje\u017ebanja utje\u010du na va\u0161e tijelo.<\/p>\n<p>&nbsp;<\/p>\n<p><strong>Analizator \u0107e vam pomo\u0107i pri:<\/strong><\/p>\n<ul>\n<li>Gubljenju kilograma na zdrav na\u010din \u2013 manje masti, vi\u0161e mi\u0161i\u0107a!<\/li>\n<li>Za\u0161to ne gubite kilograme tijekom vje\u017ebanja i zdrave prehrane.<\/li>\n<li>Optimalno prilagodite svoj program vje\u017ebanja i pratite mi\u0161i\u0107nu masu i metabolizam.<\/li>\n<li>Smanjite rizik od dijabetesa, visokog krvnog tlaka i odre\u0111enih karcinoma provjeravanjem zdravog raspona tjelesne masti i sadr\u017eaja visceralne masti (unutar trbuha).<\/li>\n<\/ul>\n<p>Pove\u017eite se s MyTANITA aplikacijom (podr\u017eava Android i iOS)<\/p>\n<p><a href=\"https:\/\/itunes.apple.com\/gb\/app\/my-tanita-healthcare-app\/id1139808391?mt=8\" target=\"_blank\" rel=\"noopener noreferrer\"><img loading=\"lazy\" decoding=\"async\" class=\"alignnone wp-image-6596\" src=\"https:\/\/www.sen.hr\/wp-content\/uploads\/2018\/05\/logo.png\" sizes=\"auto, (max-width: 137px) 100vw, 137px\" srcset=\"https:\/\/www.sen.hr\/wp-content\/uploads\/2018\/05\/logo.png 4491w, https:\/\/www.sen.hr\/wp-content\/uploads\/2018\/05\/logo-300x104.png 300w, https:\/\/www.sen.hr\/wp-content\/uploads\/2018\/05\/logo-768x265.png 768w, https:\/\/www.sen.hr\/wp-content\/uploads\/2018\/05\/logo-1024x354.png 1024w, https:\/\/www.sen.hr\/wp-content\/uploads\/2018\/05\/logo-145x50.png 145w, https:\/\/www.sen.hr\/wp-content\/uploads\/2018\/05\/logo-60x21.png 60w, https:\/\/www.sen.hr\/wp-content\/uploads\/2018\/05\/logo-570x197.png 570w\" alt=\"\" width=\"137\" height=\"47\" \/><\/a>\u00a0 \u00a0\u00a0<a href=\"https:\/\/play.google.com\/store\/apps\/details?id=com.tanita.mytanita&amp;hl=sl\" target=\"_blank\" rel=\"noopener noreferrer\"><img loading=\"lazy\" decoding=\"async\" class=\"alignnone wp-image-6597\" src=\"https:\/\/www.sen.hr\/wp-content\/uploads\/2018\/05\/google-play-logo-1.png\" sizes=\"auto, (max-width: 146px) 100vw, 146px\" srcset=\"https:\/\/www.sen.hr\/wp-content\/uploads\/2018\/05\/google-play-logo-1.png 929w, https:\/\/www.sen.hr\/wp-content\/uploads\/2018\/05\/google-play-logo-1-300x110.png 300w, https:\/\/www.sen.hr\/wp-content\/uploads\/2018\/05\/google-play-logo-1-768x282.png 768w, https:\/\/www.sen.hr\/wp-content\/uploads\/2018\/05\/google-play-logo-1-136x50.png 136w, https:\/\/www.sen.hr\/wp-content\/uploads\/2018\/05\/google-play-logo-1-60x22.png 60w, https:\/\/www.sen.hr\/wp-content\/uploads\/2018\/05\/google-play-logo-1-570x209.png 570w\" alt=\"\" width=\"146\" height=\"53\" \/><\/a>\u00a0 \u00a0 \u00a0 \u00a0 \u00a0<a href=\"https:\/\/www.sen.hr\/wp-content\/uploads\/2018\/05\/my-tanita-app-1.png\"><img loading=\"lazy\" decoding=\"async\" class=\"wp-image-6598 alignnone\" src=\"https:\/\/www.sen.hr\/wp-content\/uploads\/2018\/05\/my-tanita-app-1.png\" sizes=\"auto, (max-width: 77px) 100vw, 77px\" srcset=\"https:\/\/www.sen.hr\/wp-content\/uploads\/2018\/05\/my-tanita-app-1.png 180w, https:\/\/www.sen.hr\/wp-content\/uploads\/2018\/05\/my-tanita-app-1-50x50.png 50w, https:\/\/www.sen.hr\/wp-content\/uploads\/2018\/05\/my-tanita-app-1-60x60.png 60w\" alt=\"\" width=\"77\" height=\"77\" \/><\/a><\/p>\n<p>&nbsp;<\/p>\n<p><iframe loading=\"lazy\" src=\"https:\/\/www.youtube.com\/embed\/whOyF2IfFWg\" width=\"400\" height=\"225\" frameborder=\"0\" allowfullscreen=\"allowfullscreen\" data-mce-fragment=\"1\"><\/iframe><\/p>\n","protected":false},"excerpt":{"rendered":"<p><strong>Predstavljamo vam novost:<\/strong> Najta\u010dniji dvofrekventni osobni analizator na tr\u017ei\u0161tu!<\/p>\n<p>Patentirana dvofrekventna BIA metoda omogu\u0107uje vam mjerenje tjelesnog otpora na dvije razli\u010dite frekvencije, pru\u017eaju\u0107i maksimalnu to\u010dnost za brzo i pouzdano mjerenje. Tanita RD-953 \u0107e vam omogu\u0107iti maksimalan nadzor nad vje\u017ebanjem i kvalitetom va\u0161e prehrane. Rezultati se preko My Tanita aplikacije putem Bluetooth veze \u0161alju na va\u0161 telefon.<\/p>\n<p>Analizator za bodybuilder-e &gt;&gt;&gt; <a href=\"https:\/\/www.sen.hr\/collections\/tanita-analizatorji-telesne-sestave\/tehtnica-tanita-osebna-raba\/tanita-rd-545\/\">TANITA RD 545<\/a><\/p>\n<p><strong>Tehni\u010dka podr\u0161ka i izvr\u0161enje jamstva mogu\u0107i su samo za proizvode kupljene u na\u0161oj trgovini.<\/strong><\/p>\n<p>BESPLATNA PO\u0160TARINA<\/p>\n","protected":false},"featured_media":27162,"comment_status":"open","ping_status":"closed","template":"","meta":{"inline_featured_image":false},"product_cat":[405,404],"product_tag":[409,412,414,408,413,406,407,416,417,415],"class_list":["post-27157","product","type-product","status-publish","has-post-thumbnail","hentry","product_cat-tanita-analizatori-sastava-tijela","product_cat-vaga-tanita-osobna-upotreba","product_tag-analizator-sastava-tijela","product_tag-analizator-sastava-tjelesne-mase","product_tag-analizator-tanita","product_tag-analizator-tijela","product_tag-bc-601","product_tag-digitalna-pametna-vaga","product_tag-pametna-vaga","product_tag-tanita-hr","product_tag-tanita-bc-601","product_tag-tanita-vaga"],"acf":[],"yoast_head":"<!-- This site is optimized with the Yoast SEO plugin v19.13 - https:\/\/yoast.com\/wordpress\/plugins\/seo\/ -->\n<title>Mjerenje tjelesne masti medicinski precizno | Tanita RD-953<\/title>\n<meta name=\"description\" content=\"Mjerenje tjelesne masti medicinski precizno. Jednostavno stanite na Tanita vagu koja \u0107e vas automatski prepoznati i izvesti mjerenje. Brzo i precizno!\" \/>\n<meta name=\"robots\" content=\"index, follow, max-snippet:-1, max-image-preview:large, max-video-preview:-1\" \/>\n<link rel=\"canonical\" href=\"https:\/\/sen-shop.com\/hr\/collections\/tanita-analizatori-sastava-tijela\/vaga-tanita-osobna-upotreba\/tanita-rd-953-bijela-pametna-vaga\/\" \/>\n<meta property=\"og:locale\" content=\"hr_HR\" \/>\n<meta property=\"og:type\" content=\"article\" \/>\n<meta property=\"og:title\" content=\"Mjerenje tjelesne masti medicinski precizno | Tanita RD-953\" \/>\n<meta property=\"og:description\" content=\"Mjerenje tjelesne masti medicinski precizno. Jednostavno stanite na Tanita vagu koja \u0107e vas automatski prepoznati i izvesti mjerenje. Brzo i precizno!\" \/>\n<meta property=\"og:url\" content=\"https:\/\/sen-shop.com\/hr\/collections\/tanita-analizatori-sastava-tijela\/vaga-tanita-osobna-upotreba\/tanita-rd-953-bijela-pametna-vaga\/\" \/>\n<meta property=\"og:site_name\" content=\"SEN Shop\" \/>\n<meta property=\"article:publisher\" content=\"https:\/\/www.facebook.com\/Senshopslovenija\" \/>\n<meta property=\"og:image\" content=\"https:\/\/sen-shop.com\/wp-content\/uploads\/2018\/05\/TANITA-pametna-tehtnica-RD-953-bela-sen-shop-1.png\" \/>\n\t<meta property=\"og:image:width\" content=\"700\" \/>\n\t<meta property=\"og:image:height\" content=\"700\" \/>\n\t<meta property=\"og:image:type\" content=\"image\/png\" \/>\n<meta name=\"twitter:card\" content=\"summary_large_image\" \/>\n<meta name=\"twitter:label1\" content=\"Est. reading time\" \/>\n\t<meta name=\"twitter:data1\" content=\"2 minutes\" \/>\n<script type=\"application\/ld+json\" class=\"yoast-schema-graph\">{\"@context\":\"https:\/\/schema.org\",\"@graph\":[{\"@type\":\"WebPage\",\"@id\":\"https:\/\/sen-shop.com\/hr\/collections\/tanita-analizatori-sastava-tijela\/vaga-tanita-osobna-upotreba\/tanita-rd-953-bijela-pametna-vaga\/\",\"url\":\"https:\/\/sen-shop.com\/hr\/collections\/tanita-analizatori-sastava-tijela\/vaga-tanita-osobna-upotreba\/tanita-rd-953-bijela-pametna-vaga\/\",\"name\":\"Mjerenje tjelesne masti medicinski precizno | Tanita RD-953\",\"isPartOf\":{\"@id\":\"https:\/\/sen-shop.com\/hr\/#website\"},\"datePublished\":\"2018-05-19T10:26:32+00:00\",\"dateModified\":\"2018-05-19T10:26:32+00:00\",\"description\":\"Mjerenje tjelesne masti medicinski precizno. Jednostavno stanite na Tanita vagu koja \u0107e vas automatski prepoznati i izvesti mjerenje. Brzo i precizno!\",\"breadcrumb\":{\"@id\":\"https:\/\/sen-shop.com\/hr\/collections\/tanita-analizatori-sastava-tijela\/vaga-tanita-osobna-upotreba\/tanita-rd-953-bijela-pametna-vaga\/#breadcrumb\"},\"inLanguage\":\"hr-HR\",\"potentialAction\":[{\"@type\":\"ReadAction\",\"target\":[\"https:\/\/sen-shop.com\/hr\/collections\/tanita-analizatori-sastava-tijela\/vaga-tanita-osobna-upotreba\/tanita-rd-953-bijela-pametna-vaga\/\"]}]},{\"@type\":\"BreadcrumbList\",\"@id\":\"https:\/\/sen-shop.com\/hr\/collections\/tanita-analizatori-sastava-tijela\/vaga-tanita-osobna-upotreba\/tanita-rd-953-bijela-pametna-vaga\/#breadcrumb\",\"itemListElement\":[{\"@type\":\"ListItem\",\"position\":1,\"name\":\"Home\",\"item\":\"https:\/\/sen-shop.com\/hr\/\"},{\"@type\":\"ListItem\",\"position\":2,\"name\":\"TANITA RD-953 bijela\"}]},{\"@type\":\"WebSite\",\"@id\":\"https:\/\/sen-shop.com\/hr\/#website\",\"url\":\"https:\/\/sen-shop.com\/hr\/\",\"name\":\"SEN Shop\",\"description\":\"Slovensko, Ekolo\u0161ko, Naravno\",\"publisher\":{\"@id\":\"https:\/\/sen-shop.com\/hr\/#organization\"},\"potentialAction\":[{\"@type\":\"SearchAction\",\"target\":{\"@type\":\"EntryPoint\",\"urlTemplate\":\"https:\/\/sen-shop.com\/hr\/?s={search_term_string}\"},\"query-input\":\"required name=search_term_string\"}],\"inLanguage\":\"hr-HR\"},{\"@type\":\"Organization\",\"@id\":\"https:\/\/sen-shop.com\/hr\/#organization\",\"name\":\"Mind trade d.o.o\",\"url\":\"https:\/\/sen-shop.com\/hr\/\",\"logo\":{\"@type\":\"ImageObject\",\"inLanguage\":\"hr-HR\",\"@id\":\"https:\/\/sen-shop.com\/hr\/#\/schema\/logo\/image\/\",\"url\":\"https:\/\/sen-shop.com\/wp-content\/uploads\/2018\/05\/header_logo.png\",\"contentUrl\":\"https:\/\/sen-shop.com\/wp-content\/uploads\/2018\/05\/header_logo.png\",\"width\":138,\"height\":70,\"caption\":\"Mind trade d.o.o\"},\"image\":{\"@id\":\"https:\/\/sen-shop.com\/hr\/#\/schema\/logo\/image\/\"},\"sameAs\":[\"https:\/\/www.instagram.com\/senslovenija\/\",\"https:\/\/www.facebook.com\/Senshopslovenija\"]}]}<\/script>\n<!-- \/ Yoast SEO plugin. -->","yoast_head_json":{"title":"Mjerenje tjelesne masti medicinski precizno | Tanita RD-953","description":"Mjerenje tjelesne masti medicinski precizno. Jednostavno stanite na Tanita vagu koja \u0107e vas automatski prepoznati i izvesti mjerenje. Brzo i precizno!","robots":{"index":"index","follow":"follow","max-snippet":"max-snippet:-1","max-image-preview":"max-image-preview:large","max-video-preview":"max-video-preview:-1"},"canonical":"https:\/\/sen-shop.com\/hr\/collections\/tanita-analizatori-sastava-tijela\/vaga-tanita-osobna-upotreba\/tanita-rd-953-bijela-pametna-vaga\/","og_locale":"hr_HR","og_type":"article","og_title":"Mjerenje tjelesne masti medicinski precizno | Tanita RD-953","og_description":"Mjerenje tjelesne masti medicinski precizno. Jednostavno stanite na Tanita vagu koja \u0107e vas automatski prepoznati i izvesti mjerenje. Brzo i precizno!","og_url":"https:\/\/sen-shop.com\/hr\/collections\/tanita-analizatori-sastava-tijela\/vaga-tanita-osobna-upotreba\/tanita-rd-953-bijela-pametna-vaga\/","og_site_name":"SEN Shop","article_publisher":"https:\/\/www.facebook.com\/Senshopslovenija","og_image":[{"width":700,"height":700,"url":"https:\/\/sen-shop.com\/wp-content\/uploads\/2018\/05\/TANITA-pametna-tehtnica-RD-953-bela-sen-shop-1.png","type":"image\/png"}],"twitter_card":"summary_large_image","twitter_misc":{"Est. reading time":"2 minutes"},"schema":{"@context":"https:\/\/schema.org","@graph":[{"@type":"WebPage","@id":"https:\/\/sen-shop.com\/hr\/collections\/tanita-analizatori-sastava-tijela\/vaga-tanita-osobna-upotreba\/tanita-rd-953-bijela-pametna-vaga\/","url":"https:\/\/sen-shop.com\/hr\/collections\/tanita-analizatori-sastava-tijela\/vaga-tanita-osobna-upotreba\/tanita-rd-953-bijela-pametna-vaga\/","name":"Mjerenje tjelesne masti medicinski precizno | Tanita RD-953","isPartOf":{"@id":"https:\/\/sen-shop.com\/hr\/#website"},"datePublished":"2018-05-19T10:26:32+00:00","dateModified":"2018-05-19T10:26:32+00:00","description":"Mjerenje tjelesne masti medicinski precizno. Jednostavno stanite na Tanita vagu koja \u0107e vas automatski prepoznati i izvesti mjerenje. Brzo i precizno!","breadcrumb":{"@id":"https:\/\/sen-shop.com\/hr\/collections\/tanita-analizatori-sastava-tijela\/vaga-tanita-osobna-upotreba\/tanita-rd-953-bijela-pametna-vaga\/#breadcrumb"},"inLanguage":"hr-HR","potentialAction":[{"@type":"ReadAction","target":["https:\/\/sen-shop.com\/hr\/collections\/tanita-analizatori-sastava-tijela\/vaga-tanita-osobna-upotreba\/tanita-rd-953-bijela-pametna-vaga\/"]}]},{"@type":"BreadcrumbList","@id":"https:\/\/sen-shop.com\/hr\/collections\/tanita-analizatori-sastava-tijela\/vaga-tanita-osobna-upotreba\/tanita-rd-953-bijela-pametna-vaga\/#breadcrumb","itemListElement":[{"@type":"ListItem","position":1,"name":"Home","item":"https:\/\/sen-shop.com\/hr\/"},{"@type":"ListItem","position":2,"name":"TANITA RD-953 bijela"}]},{"@type":"WebSite","@id":"https:\/\/sen-shop.com\/hr\/#website","url":"https:\/\/sen-shop.com\/hr\/","name":"SEN Shop","description":"Slovensko, Ekolo\u0161ko, Naravno","publisher":{"@id":"https:\/\/sen-shop.com\/hr\/#organization"},"potentialAction":[{"@type":"SearchAction","target":{"@type":"EntryPoint","urlTemplate":"https:\/\/sen-shop.com\/hr\/?s={search_term_string}"},"query-input":"required name=search_term_string"}],"inLanguage":"hr-HR"},{"@type":"Organization","@id":"https:\/\/sen-shop.com\/hr\/#organization","name":"Mind trade d.o.o","url":"https:\/\/sen-shop.com\/hr\/","logo":{"@type":"ImageObject","inLanguage":"hr-HR","@id":"https:\/\/sen-shop.com\/hr\/#\/schema\/logo\/image\/","url":"https:\/\/sen-shop.com\/wp-content\/uploads\/2018\/05\/header_logo.png","contentUrl":"https:\/\/sen-shop.com\/wp-content\/uploads\/2018\/05\/header_logo.png","width":138,"height":70,"caption":"Mind trade d.o.o"},"image":{"@id":"https:\/\/sen-shop.com\/hr\/#\/schema\/logo\/image\/"},"sameAs":["https:\/\/www.instagram.com\/senslovenija\/","https:\/\/www.facebook.com\/Senshopslovenija"]}]}},"_links":{"self":[{"href":"https:\/\/sen-shop.com\/hr\/wp-json\/wp\/v2\/product\/27157","targetHints":{"allow":["GET"]}}],"collection":[{"href":"https:\/\/sen-shop.com\/hr\/wp-json\/wp\/v2\/product"}],"about":[{"href":"https:\/\/sen-shop.com\/hr\/wp-json\/wp\/v2\/types\/product"}],"replies":[{"embeddable":true,"href":"https:\/\/sen-shop.com\/hr\/wp-json\/wp\/v2\/comments?post=27157"}],"wp:featuredmedia":[{"embeddable":true,"href":"https:\/\/sen-shop.com\/hr\/wp-json\/wp\/v2\/media\/27162"}],"wp:attachment":[{"href":"https:\/\/sen-shop.com\/hr\/wp-json\/wp\/v2\/media?parent=27157"}],"wp:term":[{"taxonomy":"product_cat","embeddable":true,"href":"https:\/\/sen-shop.com\/hr\/wp-json\/wp\/v2\/product_cat?post=27157"},{"taxonomy":"product_tag","embeddable":true,"href":"https:\/\/sen-shop.com\/hr\/wp-json\/wp\/v2\/product_tag?post=27157"}],"curies":[{"name":"wp","href":"https:\/\/api.w.org\/{rel}","templated":true}]}}