{"id":27131,"date":"2018-05-21T15:25:08","date_gmt":"2018-05-21T13:25:08","guid":{"rendered":"https:\/\/www.sen-shop.com\/collections\/uncategorized\/tanita-rd-545\/"},"modified":"2021-07-09T10:44:36","modified_gmt":"2021-07-09T08:44:36","slug":"tanita-rd-545","status":"publish","type":"product","link":"https:\/\/sen-shop.com\/hr\/collections\/tanita-analizatori-sastava-tijela\/vaga-tanita-osobna-upotreba\/tanita-rd-545\/","title":{"rendered":"TANITA RD-545"},"content":{"rendered":"<h1>Tanita RD 545 analizator tjelesne mase<\/h1>\n<p>Predstavljamo vam najbolji analizator tjelsesne mase na tr\u017ei\u0161tu. Uz pomo\u0107 dvofrekventne tehnologije, sve promjene i napredak u mjerenjima mogu\u0107e je medicinski analizirati. Vaga Tanita je posebno dizajnirana za vrhunske sporta\u0161e i bodybuilder-e i sve one koji \u017eele najbolju analizu tjelesne mase.<\/p>\n<p>&nbsp;<\/p>\n<h4>Tanita RD 545<\/h4>\n<p>Vaga <strong>Tanita RD-545<\/strong> ima 4 memorijske lokacije s automatskim prepoznavanjem korisnika. Jednostavno stanite na vagu i vaga \u0107e vas automatski prepoznati i izvr\u0161iti mjerenje. To vam omogu\u0107ava da svoje podatke ne trebate stalno unositi.<\/p>\n<p>Rezultati se prenose na va\u0161 pametni telefon, gdje putem aplikacije <strong>my Tanita app<\/strong> mo\u017eete pratiti mjerenja, postavljati ciljeve itd.<\/p>\n<p>&nbsp;<\/p>\n<h4><strong>RD-545 vam poka\u017ee:<\/strong><\/h4>\n<ul>\n<li><strong>te\u017einu,<\/strong><\/li>\n<li><strong>postotak tjelesne masti<\/strong> &#8211; Smanjenje vi\u0161ka tjelesne masti smanjuje rizik od: visokog krvnog tlaka, sr\u010danih bolesti, dijabetesa i raka. Aplikacija MyTanita vam odmah poka\u017ee da li pripadate zdravoj ili kriti\u010dnoj skupini,<\/li>\n<li><strong>udio vode u tijelu<\/strong> &#8211; Postotak vode u tijelu je ukupna koli\u010dina teku\u0107ine u tijelu osobe, izra\u017eena u postotku od ukupne te\u017eine. Pijenje velike koli\u010dine vode ne\u0107e odjednom utjecati na koli\u010dinu vode u va\u0161em va\u0161em tijelu. O\u010ditavanje tjelesne masti \u0107e iz tog razloga biti ve\u0107e zbog dodatne te\u017eine. Dovoljna koli\u010dina vode u tijelu zna\u010di normalno funkcioniranje organa.<\/li>\n<li>\n<div id=\"attachment_6765\" style=\"width: 406px\" class=\"wp-caption alignright\"><a href=\"https:\/\/www.sen.hr\/wp-content\/uploads\/2018\/05\/ocena-postave-tanita.png\"><img loading=\"lazy\" decoding=\"async\" aria-describedby=\"caption-attachment-6765\" class=\"wp-image-6765\" src=\"https:\/\/www.sen.hr\/wp-content\/uploads\/2018\/05\/ocena-postave-tanita-300x300.png\" alt=\"Ocjena tjelesne figure\" width=\"396\" height=\"396\" srcset=\"https:\/\/sen-shop.com\/wp-content\/uploads\/2018\/05\/ocena-postave-tanita-300x300.png 300w, https:\/\/sen-shop.com\/wp-content\/uploads\/2018\/05\/ocena-postave-tanita-100x100.png 100w, https:\/\/sen-shop.com\/wp-content\/uploads\/2018\/05\/ocena-postave-tanita-275x275.png 275w, https:\/\/sen-shop.com\/wp-content\/uploads\/2018\/05\/ocena-postave-tanita-50x50.png 50w, https:\/\/sen-shop.com\/wp-content\/uploads\/2018\/05\/ocena-postave-tanita-60x60.png 60w, https:\/\/sen-shop.com\/wp-content\/uploads\/2018\/05\/ocena-postave-tanita.png 314w\" sizes=\"auto, (max-width: 396px) 100vw, 396px\" \/><\/a><p id=\"caption-attachment-6765\" class=\"wp-caption-text\"><strong>Ocjena tjelsesne figure. U kojoj skupini ste vi?<\/strong><\/p><\/div>\n<p><strong>mi\u0161i\u0107na masa<\/strong> &#8211; provjerite koliko ste tijekom treninga dobili mi\u0161i\u0107ne mase &#8211; je li va\u0161 trening uop\u0107e u\u010dinkovit? &#8211; Mi\u0161i\u0107i igraju va\u017enu ulogu, jer su poput stroja koji tro\u0161i energiju. Pove\u0107anje mi\u0161i\u0107ne mase tako\u0111er pove\u0107ava potro\u0161nju energije, omogu\u0107uju\u0107i vam da na zdrav na\u010din izgubite vi\u0161ak tjelesne masti i izgubite kilograme.<\/li>\n<li><strong>mi\u0161i\u0107na kvaliteta<\/strong> &#8211; ocjena kvalitete mi\u0161i\u0107a je kvaliteta \/ stanje mi\u0161i\u0107a koja varira o \u010dimbenicima kao \u0161to su dob i kondicija. InnerScan Dual mjera\u010d tjelesne mase koristi 2 razli\u010dite frekvencije za mjerenje bioelektri\u010dne impedance, \u010diji se rezultati koriste za procjenu kvalitete mi\u0161i\u0107a. Va\u017eno je odr\u017eavati dobru ravnote\u017eu izme\u0111u mi\u0161i\u0107ne mase i kvalitete mi\u0161i\u0107a.<\/li>\n<\/ul>\n<h4>\u00a0 \u00a0 \u00a0 \u00a0 \u00a0 Brinete o va\u0161oj tjelesnoj figuri?<\/h4>\n<ul>\n<li><strong>indikator ocjene va\u0161e tjelesne figure<\/strong> &#8211; Ova analiza procjenjuje va\u0161u tjelesnu figuru kao omjer tjelesne masti i mi\u0161i\u0107ne mase u va\u0161em tijelu. Ako postanete aktivniji i smanjite tjelesnu masno\u0107u, rezultat se tako\u0111er mijenja. \u010cak i ako ne promjenite te\u017einu, a promijenite va\u0161u mi\u0161i\u0107nu masu i tjelesnu masno\u0107u, u\u010dinit \u0107ete svoje tijelo zdraviji i smanjiti rizik od raznih bolesti. Aplikacija my Tanita app vam odmah poka\u017ee da li pripadate zdravoj ili kriti\u010dnoj skupini ljudi.<\/li>\n<li><strong>ko\u0161tana masa<\/strong> &#8211; ova funkcija ozna\u010dava koli\u010dinu kosti u tijelu. Istra\u017eivanja su pokazala da su vje\u017ebanje i razvoj mi\u0161i\u0107nog tkiva povezani s ja\u010dim i zdravijim kostima.<\/li>\n<\/ul>\n<p><a href=\"https:\/\/www.sen.hr\/wp-content\/uploads\/2018\/05\/tanita-545-vector-1.png\"><img loading=\"lazy\" decoding=\"async\" class=\"size-medium wp-image-9215 alignleft\" src=\"https:\/\/www.sen.hr\/wp-content\/uploads\/2018\/05\/tanita-545-vector-1-300x252.png\" alt=\"Tanita RD 545 vaga za tjelesni sastav\" width=\"300\" height=\"252\" \/><\/a>&#8211; <strong>bazni metabolizam<\/strong> &#8211; BMR je minimalna razina energije koja je va\u0161em tijelu potrebna u mirovanju da bi tijelo u\u010dinkovito funkcioniralo. Kalorije tako\u0111er koristimo za vrijeme spavanja. Oko 70% kalorija koje va\u0161e tijelo dnevno potro\u0161i, tro\u0161i bazni metabolizam. Na va\u0161 BMR uveliko utje\u010de koli\u010dina mi\u0161i\u0107a koju imate, pa pove\u0107avanje mi\u0161i\u0107ne mase pove\u0107ava i bazni metabolizam. Ve\u0107i BMR tro\u0161i vi\u0161e kalorija i poma\u017ee smanjiti tjelesnu masno\u0107u.<\/p>\n<ul>\n<li><strong>ocjena starosti metabolizma<\/strong> &#8211; Ako je va\u0161a dob metabolizma starija od va\u0161e stvarne dobi, to zna\u010di da morate \u010dim prije pobolj\u0161ati bazni metabolizam. Vi\u0161e vje\u017ebanja poma\u017ee u izgradnji zdravog mi\u0161i\u0107nog tkiva, \u0161to pobolj\u0161ava va\u0161 bazni metabolizam.<\/li>\n<li><strong>indeks tjelesne mase (ITM)<\/strong> &#8211; ozna\u010dava odnos izme\u0111u visine i te\u017eine. Analizator vam u myTanita aplikaciji odmah poka\u017ee kojoj skupini pripadate, zdravoj ili kriti\u010dnoj.<\/li>\n<li><strong>razina masti u podru\u010dju trbuha<\/strong> &#8211; visceralna mast &#8211; je mast unutar trbuha koja okru\u017euje vitalne organe. Odr\u017eavanje zdrave razine visceralne masno\u0107e mo\u017ee umanjiti rizik od odre\u0111enih bolesti: sr\u010danih bolesti, visokog krvnog tlaka i pojave dijabetesa 2. MyTanita aplikacija vam odmah pokazuje jeste li u zdravoj ili kriti\u010dnoj skupini. Napomena: iako imate nisku tjelesnu masno\u0107u, mogu\u0107e je da imate visok nivo visceralne masno\u0107e.<\/li>\n<\/ul>\n<p>&nbsp;<\/p>\n<h4><strong>Nosivost: 200 kg<\/strong><\/h4>\n<p><strong>Segmentarna analiza tjelesne masno\u0107e<\/strong> &#8211; analiza i rezultati udjela masti u svakom dijelu tijela posebno.<\/p>\n<p><strong>Segmentarna analiza mi\u0161i\u0107ne mase<\/strong> &#8211; analiza i rezultati udjela mi\u0161i\u0107ne mase svakog dijela tijela posebno. Va\u0161e ruke mogu biti prili\u010dno razli\u010dite jedna od druge, tako da je va\u017eno da znate na kojem dijelu tijela odnosno ruci morate raditi vi\u0161e (dizanje utega, vje\u017ebanje)<\/p>\n<p>Koli\u010dina tjelesne masti u tijelu ovisi o prehrani, vrsti vje\u017ebanja. Istra\u017eivanja pokazuju da je visoki postotak tjelesne masti uzrok raznih bolesti (kardiovaskularne bolesti, dijabetesa &#8230;). Postoci masno\u0107e u tijelu nam govore da li pravilno jedemo i da li se pravilno kre\u0107emo. Osiguranje zdrave razine masno\u0107e u trbuhu manje je vjerojatno. \u010cak i ako imamo nizak udio masti u tijelu, mogu\u0107e je da imamo visoku razinu masno\u0107e u predjelu trbuha. Mjerenje udjela vode u tijelu izra\u017eava se u postocima. Dovoljna koli\u010dina vode u tijelu zna\u010di normalno funkcioniranje tjelesnih organa, \u010dime se smanjuju mogu\u0107i zdravstveni problemi povezani s nedostatkom vode. Mi\u0161i\u0107na masa obuhvata sve mi\u0161i\u0107e u na\u0161em tijelu, kao i vodu koju sadr\u017ee. Pove\u0107anjem mi\u0161i\u0107ne mase smanjuje se koli\u010dina masno\u0107e u tijelu, \u0161to ujedno zna\u010di i zdravo mr\u0161avljenje.<\/p>\n<p>&nbsp;<\/p>\n<p><strong>Preporu\u010deno je povezati vagu s aplikacijom MyTanita<\/strong><\/p>\n<p><a href=\"https:\/\/www.sen.hr\/wp-content\/uploads\/2018\/05\/my-tanita-app-1.png\"><img loading=\"lazy\" decoding=\"async\" class=\"wp-image-6598 alignnone\" src=\"https:\/\/www.sen.hr\/wp-content\/uploads\/2018\/05\/my-tanita-app-1.png\" alt=\"\" width=\"63\" height=\"63\" srcset=\"https:\/\/sen-shop.com\/wp-content\/uploads\/2018\/05\/my-tanita-app-1.png 180w, https:\/\/sen-shop.com\/wp-content\/uploads\/2018\/05\/my-tanita-app-1-100x100.png 100w, https:\/\/sen-shop.com\/wp-content\/uploads\/2018\/05\/my-tanita-app-1-50x50.png 50w, https:\/\/sen-shop.com\/wp-content\/uploads\/2018\/05\/my-tanita-app-1-60x60.png 60w\" sizes=\"auto, (max-width: 63px) 100vw, 63px\" \/><\/a><\/p>\n<p><a href=\"https:\/\/itunes.apple.com\/gb\/app\/my-tanita-healthcare-app\/id1139808391?mt=8\" target=\"_blank\" rel=\"noopener noreferrer\"><img loading=\"lazy\" decoding=\"async\" class=\"alignnone wp-image-6596\" src=\"https:\/\/www.sen.hr\/wp-content\/uploads\/2018\/05\/logo.png\" alt=\"\" width=\"122\" height=\"42\" \/><\/a>\u00a0 \u00a0 <a href=\"https:\/\/play.google.com\/store\/apps\/details?id=com.tanita.mytanita&amp;hl=sl\" target=\"_blank\" rel=\"noopener noreferrer\"><img loading=\"lazy\" decoding=\"async\" class=\"alignnone wp-image-6597\" src=\"https:\/\/www.sen.hr\/wp-content\/uploads\/2018\/05\/google-play-logo-1.png\" alt=\"\" width=\"132\" height=\"49\" \/><\/a><\/p>\n<p><iframe loading=\"lazy\" title=\"TANITA RD 545 Operation Guide\" width=\"500\" height=\"281\" src=\"https:\/\/www.youtube.com\/embed\/jQmYj0mklO0?feature=oembed\" frameborder=\"0\" allow=\"accelerometer; autoplay; clipboard-write; encrypted-media; gyroscope; picture-in-picture; web-share\" referrerpolicy=\"strict-origin-when-cross-origin\" allowfullscreen><\/iframe><\/p>\n<p>&nbsp;<\/p>\n","protected":false},"excerpt":{"rendered":"<p>Predstavljamo vam <strong>najbolji<\/strong> analizator sastava tjelesne mase na tr\u017ei\u0161tu. Uz pomo\u0107 dvofrekventne tehnologije, sve promjene i napredak u mjerenjima mogu\u0107e je medicinski analizirati.<\/p>\n<p>Analizator je posebno dizajniran za <strong>vrhunske sporta\u0161e <\/strong>i<strong> bodybuilder-e<\/strong>, kao i sve one koji \u017eele najbolju analizu tjelesne mase. Rezultati mjerenja prikazani su na <strong>va\u0161em telefonu<\/strong>, gdje putem aplikacije my Tanita app mo\u017eete pratiti napredak, postavljati ciljeve itd.<\/p>\n<p><strong>Za\u0161to nam je potreban analizator tjelesne mase?<\/strong><\/p>\n<p>\u25b6 \ufe0f Kako mjerite rezultate svog treninga i prehrane? Kako znate da li posti\u017eete svoj cilj (ve\u0107i mi\u0161i\u0107i, manje masti, bolje zdravlje ..)? \u0160to se doga\u0111a u va\u0161em tijelu? Na sve ovo \u0107e vam odgovoriti rezultati mjerenja na Tanita analizatoru.<\/p>\n<p><strong>5 godina jamstva.<\/strong><\/p>\n<p><strong>Tehni\u010dka podr\u0161ka i izvr\u0161enje jamstva mogu\u0107i su samo za proizvode kupljene u na\u0161oj trgovini.<\/strong><\/p>\n<p>BESPLATNA PO\u0160TARINA<\/p>\n[banner_tanita]\n","protected":false},"featured_media":27143,"comment_status":"open","ping_status":"closed","template":"","meta":{"inline_featured_image":false},"product_cat":[405,404],"product_tag":[409,412,414,408,413,406,407,416,417,415],"class_list":["post-27131","product","type-product","status-publish","has-post-thumbnail","hentry","product_cat-tanita-analizatori-sastava-tijela","product_cat-vaga-tanita-osobna-upotreba","product_tag-analizator-sastava-tijela","product_tag-analizator-sastava-tjelesne-mase","product_tag-analizator-tanita","product_tag-analizator-tijela","product_tag-bc-601","product_tag-digitalna-pametna-vaga","product_tag-pametna-vaga","product_tag-tanita-hr","product_tag-tanita-bc-601","product_tag-tanita-vaga"],"acf":[],"yoast_head":"<!-- This site is optimized with the Yoast SEO plugin v19.13 - https:\/\/yoast.com\/wordpress\/plugins\/seo\/ -->\n<title>Tanita vaga za mjerenje sastava tjelesne mase | Tanita RD-545<\/title>\n<meta name=\"description\" content=\"Tanita vaga vam medicinski precizno analizira napredak u mjerenju. Tanita vaga je priporu\u010dena svima, koji \u017eele kvalitetnu analizu tjelesne mase.\" \/>\n<meta name=\"robots\" content=\"index, follow, max-snippet:-1, max-image-preview:large, max-video-preview:-1\" \/>\n<link rel=\"canonical\" href=\"https:\/\/sen-shop.com\/hr\/collections\/tanita-analizatori-sastava-tijela\/vaga-tanita-osobna-upotreba\/tanita-rd-545\/\" \/>\n<meta property=\"og:locale\" content=\"hr_HR\" \/>\n<meta property=\"og:type\" content=\"article\" \/>\n<meta property=\"og:title\" content=\"Tanita vaga za mjerenje sastava tjelesne mase | Tanita RD-545\" \/>\n<meta property=\"og:description\" content=\"Tanita vaga vam medicinski precizno analizira napredak u mjerenju. Tanita vaga je priporu\u010dena svima, koji \u017eele kvalitetnu analizu tjelesne mase.\" \/>\n<meta property=\"og:url\" content=\"https:\/\/sen-shop.com\/hr\/collections\/tanita-analizatori-sastava-tijela\/vaga-tanita-osobna-upotreba\/tanita-rd-545\/\" \/>\n<meta property=\"og:site_name\" content=\"SEN Shop\" \/>\n<meta property=\"article:publisher\" content=\"https:\/\/www.facebook.com\/Senshopslovenija\" \/>\n<meta property=\"article:modified_time\" content=\"2021-07-09T08:44:36+00:00\" \/>\n<meta property=\"og:image\" content=\"https:\/\/sen-shop.com\/wp-content\/uploads\/2018\/05\/tanita-rd-545.png\" \/>\n\t<meta property=\"og:image:width\" content=\"700\" \/>\n\t<meta property=\"og:image:height\" content=\"700\" \/>\n\t<meta property=\"og:image:type\" content=\"image\/png\" \/>\n<meta name=\"twitter:card\" content=\"summary_large_image\" \/>\n<meta name=\"twitter:label1\" content=\"Est. reading time\" \/>\n\t<meta name=\"twitter:data1\" content=\"5 minutes\" \/>\n<script type=\"application\/ld+json\" class=\"yoast-schema-graph\">{\"@context\":\"https:\/\/schema.org\",\"@graph\":[{\"@type\":\"WebPage\",\"@id\":\"https:\/\/sen-shop.com\/hr\/collections\/tanita-analizatori-sastava-tijela\/vaga-tanita-osobna-upotreba\/tanita-rd-545\/\",\"url\":\"https:\/\/sen-shop.com\/hr\/collections\/tanita-analizatori-sastava-tijela\/vaga-tanita-osobna-upotreba\/tanita-rd-545\/\",\"name\":\"Tanita vaga za mjerenje sastava tjelesne mase | Tanita RD-545\",\"isPartOf\":{\"@id\":\"https:\/\/sen-shop.com\/hr\/#website\"},\"datePublished\":\"2018-05-21T13:25:08+00:00\",\"dateModified\":\"2021-07-09T08:44:36+00:00\",\"description\":\"Tanita vaga vam medicinski precizno analizira napredak u mjerenju. Tanita vaga je priporu\u010dena svima, koji \u017eele kvalitetnu analizu tjelesne mase.\",\"breadcrumb\":{\"@id\":\"https:\/\/sen-shop.com\/hr\/collections\/tanita-analizatori-sastava-tijela\/vaga-tanita-osobna-upotreba\/tanita-rd-545\/#breadcrumb\"},\"inLanguage\":\"hr-HR\",\"potentialAction\":[{\"@type\":\"ReadAction\",\"target\":[\"https:\/\/sen-shop.com\/hr\/collections\/tanita-analizatori-sastava-tijela\/vaga-tanita-osobna-upotreba\/tanita-rd-545\/\"]}]},{\"@type\":\"BreadcrumbList\",\"@id\":\"https:\/\/sen-shop.com\/hr\/collections\/tanita-analizatori-sastava-tijela\/vaga-tanita-osobna-upotreba\/tanita-rd-545\/#breadcrumb\",\"itemListElement\":[{\"@type\":\"ListItem\",\"position\":1,\"name\":\"Home\",\"item\":\"https:\/\/sen-shop.com\/hr\/\"},{\"@type\":\"ListItem\",\"position\":2,\"name\":\"TANITA RD-545\"}]},{\"@type\":\"WebSite\",\"@id\":\"https:\/\/sen-shop.com\/hr\/#website\",\"url\":\"https:\/\/sen-shop.com\/hr\/\",\"name\":\"SEN Shop\",\"description\":\"Slovensko, Ekolo\u0161ko, Naravno\",\"publisher\":{\"@id\":\"https:\/\/sen-shop.com\/hr\/#organization\"},\"potentialAction\":[{\"@type\":\"SearchAction\",\"target\":{\"@type\":\"EntryPoint\",\"urlTemplate\":\"https:\/\/sen-shop.com\/hr\/?s={search_term_string}\"},\"query-input\":\"required name=search_term_string\"}],\"inLanguage\":\"hr-HR\"},{\"@type\":\"Organization\",\"@id\":\"https:\/\/sen-shop.com\/hr\/#organization\",\"name\":\"Mind trade d.o.o\",\"url\":\"https:\/\/sen-shop.com\/hr\/\",\"logo\":{\"@type\":\"ImageObject\",\"inLanguage\":\"hr-HR\",\"@id\":\"https:\/\/sen-shop.com\/hr\/#\/schema\/logo\/image\/\",\"url\":\"https:\/\/sen-shop.com\/wp-content\/uploads\/2018\/05\/header_logo.png\",\"contentUrl\":\"https:\/\/sen-shop.com\/wp-content\/uploads\/2018\/05\/header_logo.png\",\"width\":138,\"height\":70,\"caption\":\"Mind trade d.o.o\"},\"image\":{\"@id\":\"https:\/\/sen-shop.com\/hr\/#\/schema\/logo\/image\/\"},\"sameAs\":[\"https:\/\/www.instagram.com\/senslovenija\/\",\"https:\/\/www.facebook.com\/Senshopslovenija\"]}]}<\/script>\n<!-- \/ Yoast SEO plugin. -->","yoast_head_json":{"title":"Tanita vaga za mjerenje sastava tjelesne mase | Tanita RD-545","description":"Tanita vaga vam medicinski precizno analizira napredak u mjerenju. Tanita vaga je priporu\u010dena svima, koji \u017eele kvalitetnu analizu tjelesne mase.","robots":{"index":"index","follow":"follow","max-snippet":"max-snippet:-1","max-image-preview":"max-image-preview:large","max-video-preview":"max-video-preview:-1"},"canonical":"https:\/\/sen-shop.com\/hr\/collections\/tanita-analizatori-sastava-tijela\/vaga-tanita-osobna-upotreba\/tanita-rd-545\/","og_locale":"hr_HR","og_type":"article","og_title":"Tanita vaga za mjerenje sastava tjelesne mase | Tanita RD-545","og_description":"Tanita vaga vam medicinski precizno analizira napredak u mjerenju. Tanita vaga je priporu\u010dena svima, koji \u017eele kvalitetnu analizu tjelesne mase.","og_url":"https:\/\/sen-shop.com\/hr\/collections\/tanita-analizatori-sastava-tijela\/vaga-tanita-osobna-upotreba\/tanita-rd-545\/","og_site_name":"SEN Shop","article_publisher":"https:\/\/www.facebook.com\/Senshopslovenija","article_modified_time":"2021-07-09T08:44:36+00:00","og_image":[{"width":700,"height":700,"url":"https:\/\/sen-shop.com\/wp-content\/uploads\/2018\/05\/tanita-rd-545.png","type":"image\/png"}],"twitter_card":"summary_large_image","twitter_misc":{"Est. reading time":"5 minutes"},"schema":{"@context":"https:\/\/schema.org","@graph":[{"@type":"WebPage","@id":"https:\/\/sen-shop.com\/hr\/collections\/tanita-analizatori-sastava-tijela\/vaga-tanita-osobna-upotreba\/tanita-rd-545\/","url":"https:\/\/sen-shop.com\/hr\/collections\/tanita-analizatori-sastava-tijela\/vaga-tanita-osobna-upotreba\/tanita-rd-545\/","name":"Tanita vaga za mjerenje sastava tjelesne mase | Tanita RD-545","isPartOf":{"@id":"https:\/\/sen-shop.com\/hr\/#website"},"datePublished":"2018-05-21T13:25:08+00:00","dateModified":"2021-07-09T08:44:36+00:00","description":"Tanita vaga vam medicinski precizno analizira napredak u mjerenju. Tanita vaga je priporu\u010dena svima, koji \u017eele kvalitetnu analizu tjelesne mase.","breadcrumb":{"@id":"https:\/\/sen-shop.com\/hr\/collections\/tanita-analizatori-sastava-tijela\/vaga-tanita-osobna-upotreba\/tanita-rd-545\/#breadcrumb"},"inLanguage":"hr-HR","potentialAction":[{"@type":"ReadAction","target":["https:\/\/sen-shop.com\/hr\/collections\/tanita-analizatori-sastava-tijela\/vaga-tanita-osobna-upotreba\/tanita-rd-545\/"]}]},{"@type":"BreadcrumbList","@id":"https:\/\/sen-shop.com\/hr\/collections\/tanita-analizatori-sastava-tijela\/vaga-tanita-osobna-upotreba\/tanita-rd-545\/#breadcrumb","itemListElement":[{"@type":"ListItem","position":1,"name":"Home","item":"https:\/\/sen-shop.com\/hr\/"},{"@type":"ListItem","position":2,"name":"TANITA RD-545"}]},{"@type":"WebSite","@id":"https:\/\/sen-shop.com\/hr\/#website","url":"https:\/\/sen-shop.com\/hr\/","name":"SEN Shop","description":"Slovensko, Ekolo\u0161ko, Naravno","publisher":{"@id":"https:\/\/sen-shop.com\/hr\/#organization"},"potentialAction":[{"@type":"SearchAction","target":{"@type":"EntryPoint","urlTemplate":"https:\/\/sen-shop.com\/hr\/?s={search_term_string}"},"query-input":"required name=search_term_string"}],"inLanguage":"hr-HR"},{"@type":"Organization","@id":"https:\/\/sen-shop.com\/hr\/#organization","name":"Mind trade d.o.o","url":"https:\/\/sen-shop.com\/hr\/","logo":{"@type":"ImageObject","inLanguage":"hr-HR","@id":"https:\/\/sen-shop.com\/hr\/#\/schema\/logo\/image\/","url":"https:\/\/sen-shop.com\/wp-content\/uploads\/2018\/05\/header_logo.png","contentUrl":"https:\/\/sen-shop.com\/wp-content\/uploads\/2018\/05\/header_logo.png","width":138,"height":70,"caption":"Mind trade d.o.o"},"image":{"@id":"https:\/\/sen-shop.com\/hr\/#\/schema\/logo\/image\/"},"sameAs":["https:\/\/www.instagram.com\/senslovenija\/","https:\/\/www.facebook.com\/Senshopslovenija"]}]}},"_links":{"self":[{"href":"https:\/\/sen-shop.com\/hr\/wp-json\/wp\/v2\/product\/27131","targetHints":{"allow":["GET"]}}],"collection":[{"href":"https:\/\/sen-shop.com\/hr\/wp-json\/wp\/v2\/product"}],"about":[{"href":"https:\/\/sen-shop.com\/hr\/wp-json\/wp\/v2\/types\/product"}],"replies":[{"embeddable":true,"href":"https:\/\/sen-shop.com\/hr\/wp-json\/wp\/v2\/comments?post=27131"}],"wp:featuredmedia":[{"embeddable":true,"href":"https:\/\/sen-shop.com\/hr\/wp-json\/wp\/v2\/media\/27143"}],"wp:attachment":[{"href":"https:\/\/sen-shop.com\/hr\/wp-json\/wp\/v2\/media?parent=27131"}],"wp:term":[{"taxonomy":"product_cat","embeddable":true,"href":"https:\/\/sen-shop.com\/hr\/wp-json\/wp\/v2\/product_cat?post=27131"},{"taxonomy":"product_tag","embeddable":true,"href":"https:\/\/sen-shop.com\/hr\/wp-json\/wp\/v2\/product_tag?post=27131"}],"curies":[{"name":"wp","href":"https:\/\/api.w.org\/{rel}","templated":true}]}}