{"id":27119,"date":"2017-10-16T14:43:29","date_gmt":"2017-10-16T12:43:29","guid":{"rendered":"https:\/\/www.sen-shop.com\/collections\/uncategorized\/maticna-mlijec-vitamin-c-500-mg-kapsule\/"},"modified":"2021-12-03T11:25:49","modified_gmt":"2021-12-03T10:25:49","slug":"maticna-mlijec-400mg","status":"publish","type":"product","link":"https:\/\/sen-shop.com\/hr\/collections\/prehrambeni-dodaci\/jacanje-imunoloskog-sustava\/maticna-mlijec-400mg\/","title":{"rendered":"Mati\u010dna mlije\u010d 400mg"},"content":{"rendered":"<p>[vc_row][vc_column][vc_column_text css=&#8221;.vc_custom_1625572370134{padding-top: 30px !important;padding-right: 30px !important;padding-bottom: 30px !important;padding-left: 30px !important;background-color: #c9db95 !important;}&#8221;]<br \/>\n<strong>Mati\u010dna mlije\u010d<\/strong> sastoji se od masti (jedna od glavnih: 10-hidroksi-2-dekanska kiselina), ugljikohidrata (uglavnom glukoza, fruktoza i saharoza), proteina i slobodnih aminokiselina (glutaminska kiselina, prolin, lizin), male koli\u010dine vitamina, minerala i elemenata u tragovima.<\/p>\n<p>\u0160to zna\u010di da je mati\u010dna mlije\u010d liofilizirana? Posebnim postupkom uklanjaju se \u0161e\u0107er i voda iz mati\u010dne mlije\u010di i duboko zamrzavaju u prah. Stoga svi korisni sastojci ostaju netaknuti, a \u017eele se mo\u017ee \u010duvati na sobnoj temperaturi bez gubitka na u\u010dinkovitosti.<\/p>\n<p>[\/vc_column_text][\/vc_column][\/vc_row][vc_row][vc_column][vc_column_text css=&#8221;.vc_custom_1625572389467{padding-top: 30px !important;padding-right: 30px !important;padding-bottom: 30px !important;padding-left: 30px !important;background-color: #ededed !important;}&#8221;]\ud83d\udc49 Preporu\u010duje se za sve koji pate od manjka koncentracije i \u017eele oja\u010dati otpornost tijela.<\/p>\n<p>\ud83d\udc49 Jedna do dvije kapsule dnevno, prije obroka (najbolje ujutro nata\u0161te) s dovoljno teku\u0107ine.<\/p>\n<p>\ud83d\udc49 Prikladna za djecu.<\/p>\n<p>[\/vc_column_text][\/vc_column][\/vc_row][vc_row][vc_column][vc_column_text]<strong>Mati\u010dna mlije\u010d <\/strong>je prirodni proizvod p\u010dela. Proizvode ga iz peludi i vode pomo\u0107u svojih \u017elijezda, a proizvod je <strong>sli\u010dan maj\u010dinom mlijeku.<\/strong> To je<strong> visokokvalitetna hrana<\/strong> koja <strong>omogu\u0107uje brz rast i razvoj.<\/strong> \u010cesto se naziva i hranom za matice, jer je koriste p\u010dele za uzgoj li\u010dinki i za hranjenje matice. Proizvodi se u hipofaringealnim \u017elijezdama, koje se nalaze u p\u010delinjoj glavi neposredno uz mozak. Proizvode ga mlade p\u010dele stare izme\u0111u 6 i 14 dana. Ove p\u010dele &#8216;dojilje&#8217; njome prvih nekoliko dana hrane cijelo leglo, a potom samo maticu koja ga konzumira do\u017eivotno.<\/p>\n<p>Dobivanje mati\u010dne mlije\u010di u velikim koli\u010dinama prili\u010dno je dugotrajan zadatak. Dobiva se dodavanjem kraljice matice u koloniju bez matice, u koju se cijepe jednodnevne li\u010dinke i obilno premazuju mati\u010dnom mlije\u010di. Nakon tri dana p\u010delar skuplja letvice i \u0107elije, uklanja li\u010dinke, a zatim posebnom \u017elicom ili sisaljkom skuplja mati\u010dnu mlije\u010d. Matica se zatim cijepi natrag na koloniju s novim li\u010dinkama. Mati\u010dna mlije\u010d je bjelkastog i gustog izgleda i kiselkastog okusa s posebnom aromom.[\/vc_column_text][\/vc_column][\/vc_row]<\/p>\n","protected":false},"excerpt":{"rendered":"<p>Visoka doza visokokvalitetne, \u010diste mati\u010dne mlije\u010di u jednoj kapsuli. Mati\u010dna mlije\u010d je najbolja prirodna obrana za sna\u017ean imunolo\u0161ki sustav, zdravlje i oporavak nakon bolesti ili kemoterapija. Kapsula sadr\u017ei 400 mg liofilizirane mati\u010dne mlije\u010di, \u0161to je ekvivalentno 1200 mg svje\u017ee mati\u010dne mlije\u010di. Preporu\u010duje se svima koji pate od nedostatka koncentracije i \u017eele oja\u010dati imunolo\u0161ki sustav organizma.<\/p>\n<ul>\n<li>ja\u010da imunolo\u0161ki sustav<\/li>\n<li>pove\u0107ava otpornost organizma na viruse<\/li>\n<li>poma\u017ee kod nedostatka koncentracije<\/li>\n<li>za br\u017ei oporavak (bolesti, operacije)<\/li>\n<\/ul>\n<p>Idealna kombinacija za za\u0161titu organizma i imunolo\u0161kog sustava.<\/p>\n<p>&nbsp;<\/p>\n","protected":false},"featured_media":39784,"comment_status":"open","ping_status":"closed","template":"","meta":{"inline_featured_image":false},"product_cat":[423,445,403],"product_tag":[409,412,414,408,413,375,460,407,442,461],"class_list":["post-27119","product","type-product","status-publish","has-post-thumbnail","hentry","product_cat-crni-petak","product_cat-jacanje-imunoloskog-sustava","product_cat-prehrambeni-dodaci","product_tag-analizator-sastava-tijela","product_tag-analizator-sastava-tjelesne-mase","product_tag-analizator-tanita","product_tag-analizator-tijela","product_tag-bc-601","product_tag-biljni","product_tag-imunoloski-sistem","product_tag-pametna-vaga","product_tag-stres","product_tag-zastita-organizma"],"acf":[],"yoast_head":"<!-- This site is optimized with the Yoast SEO plugin v19.13 - https:\/\/yoast.com\/wordpress\/plugins\/seo\/ -->\n<title>Mati\u010dna mlije\u010d 400mg<\/title>\n<meta name=\"description\" content=\"Mati\u010dna mlije\u010d 400mg\" \/>\n<meta name=\"robots\" content=\"index, follow, max-snippet:-1, max-image-preview:large, max-video-preview:-1\" \/>\n<link rel=\"canonical\" href=\"https:\/\/sen-shop.com\/hr\/collections\/prehrambeni-dodaci\/jacanje-imunoloskog-sustava\/maticna-mlijec-400mg\/\" \/>\n<meta property=\"og:locale\" content=\"hr_HR\" \/>\n<meta property=\"og:type\" content=\"article\" \/>\n<meta property=\"og:title\" content=\"Mati\u010dna mlije\u010d 400mg\" \/>\n<meta property=\"og:description\" content=\"Mati\u010dna mlije\u010d 400mg\" \/>\n<meta property=\"og:url\" content=\"https:\/\/sen-shop.com\/hr\/collections\/prehrambeni-dodaci\/jacanje-imunoloskog-sustava\/maticna-mlijec-400mg\/\" \/>\n<meta property=\"og:site_name\" content=\"SEN Shop\" \/>\n<meta property=\"article:publisher\" content=\"https:\/\/www.facebook.com\/Senshopslovenija\" \/>\n<meta property=\"article:modified_time\" content=\"2021-12-03T10:25:49+00:00\" \/>\n<meta property=\"og:image\" content=\"https:\/\/sen-shop.com\/wp-content\/uploads\/2017\/10\/Maticni-400_SL_HR-1.jpg\" \/>\n\t<meta property=\"og:image:width\" content=\"1400\" \/>\n\t<meta property=\"og:image:height\" content=\"1400\" \/>\n\t<meta property=\"og:image:type\" content=\"image\/jpeg\" \/>\n<meta name=\"twitter:card\" content=\"summary_large_image\" \/>\n<meta name=\"twitter:label1\" content=\"Est. reading time\" \/>\n\t<meta name=\"twitter:data1\" content=\"2 minutes\" \/>\n<script type=\"application\/ld+json\" class=\"yoast-schema-graph\">{\"@context\":\"https:\/\/schema.org\",\"@graph\":[{\"@type\":\"WebPage\",\"@id\":\"https:\/\/sen-shop.com\/hr\/collections\/prehrambeni-dodaci\/jacanje-imunoloskog-sustava\/maticna-mlijec-400mg\/\",\"url\":\"https:\/\/sen-shop.com\/hr\/collections\/prehrambeni-dodaci\/jacanje-imunoloskog-sustava\/maticna-mlijec-400mg\/\",\"name\":\"Mati\u010dna mlije\u010d 400mg\",\"isPartOf\":{\"@id\":\"https:\/\/sen-shop.com\/hr\/#website\"},\"datePublished\":\"2017-10-16T12:43:29+00:00\",\"dateModified\":\"2021-12-03T10:25:49+00:00\",\"description\":\"Mati\u010dna mlije\u010d 400mg\",\"breadcrumb\":{\"@id\":\"https:\/\/sen-shop.com\/hr\/collections\/prehrambeni-dodaci\/jacanje-imunoloskog-sustava\/maticna-mlijec-400mg\/#breadcrumb\"},\"inLanguage\":\"hr-HR\",\"potentialAction\":[{\"@type\":\"ReadAction\",\"target\":[\"https:\/\/sen-shop.com\/hr\/collections\/prehrambeni-dodaci\/jacanje-imunoloskog-sustava\/maticna-mlijec-400mg\/\"]}]},{\"@type\":\"BreadcrumbList\",\"@id\":\"https:\/\/sen-shop.com\/hr\/collections\/prehrambeni-dodaci\/jacanje-imunoloskog-sustava\/maticna-mlijec-400mg\/#breadcrumb\",\"itemListElement\":[{\"@type\":\"ListItem\",\"position\":1,\"name\":\"Home\",\"item\":\"https:\/\/sen-shop.com\/hr\/\"},{\"@type\":\"ListItem\",\"position\":2,\"name\":\"Mati\u010dna mlije\u010d 400mg\"}]},{\"@type\":\"WebSite\",\"@id\":\"https:\/\/sen-shop.com\/hr\/#website\",\"url\":\"https:\/\/sen-shop.com\/hr\/\",\"name\":\"SEN Shop\",\"description\":\"Slovensko, Ekolo\u0161ko, Naravno\",\"publisher\":{\"@id\":\"https:\/\/sen-shop.com\/hr\/#organization\"},\"potentialAction\":[{\"@type\":\"SearchAction\",\"target\":{\"@type\":\"EntryPoint\",\"urlTemplate\":\"https:\/\/sen-shop.com\/hr\/?s={search_term_string}\"},\"query-input\":\"required name=search_term_string\"}],\"inLanguage\":\"hr-HR\"},{\"@type\":\"Organization\",\"@id\":\"https:\/\/sen-shop.com\/hr\/#organization\",\"name\":\"Mind trade d.o.o\",\"url\":\"https:\/\/sen-shop.com\/hr\/\",\"logo\":{\"@type\":\"ImageObject\",\"inLanguage\":\"hr-HR\",\"@id\":\"https:\/\/sen-shop.com\/hr\/#\/schema\/logo\/image\/\",\"url\":\"https:\/\/sen-shop.com\/wp-content\/uploads\/2018\/05\/header_logo.png\",\"contentUrl\":\"https:\/\/sen-shop.com\/wp-content\/uploads\/2018\/05\/header_logo.png\",\"width\":138,\"height\":70,\"caption\":\"Mind trade d.o.o\"},\"image\":{\"@id\":\"https:\/\/sen-shop.com\/hr\/#\/schema\/logo\/image\/\"},\"sameAs\":[\"https:\/\/www.instagram.com\/senslovenija\/\",\"https:\/\/www.facebook.com\/Senshopslovenija\"]}]}<\/script>\n<!-- \/ Yoast SEO plugin. -->","yoast_head_json":{"title":"Mati\u010dna mlije\u010d 400mg","description":"Mati\u010dna mlije\u010d 400mg","robots":{"index":"index","follow":"follow","max-snippet":"max-snippet:-1","max-image-preview":"max-image-preview:large","max-video-preview":"max-video-preview:-1"},"canonical":"https:\/\/sen-shop.com\/hr\/collections\/prehrambeni-dodaci\/jacanje-imunoloskog-sustava\/maticna-mlijec-400mg\/","og_locale":"hr_HR","og_type":"article","og_title":"Mati\u010dna mlije\u010d 400mg","og_description":"Mati\u010dna mlije\u010d 400mg","og_url":"https:\/\/sen-shop.com\/hr\/collections\/prehrambeni-dodaci\/jacanje-imunoloskog-sustava\/maticna-mlijec-400mg\/","og_site_name":"SEN Shop","article_publisher":"https:\/\/www.facebook.com\/Senshopslovenija","article_modified_time":"2021-12-03T10:25:49+00:00","og_image":[{"width":1400,"height":1400,"url":"https:\/\/sen-shop.com\/wp-content\/uploads\/2017\/10\/Maticni-400_SL_HR-1.jpg","type":"image\/jpeg"}],"twitter_card":"summary_large_image","twitter_misc":{"Est. reading time":"2 minutes"},"schema":{"@context":"https:\/\/schema.org","@graph":[{"@type":"WebPage","@id":"https:\/\/sen-shop.com\/hr\/collections\/prehrambeni-dodaci\/jacanje-imunoloskog-sustava\/maticna-mlijec-400mg\/","url":"https:\/\/sen-shop.com\/hr\/collections\/prehrambeni-dodaci\/jacanje-imunoloskog-sustava\/maticna-mlijec-400mg\/","name":"Mati\u010dna mlije\u010d 400mg","isPartOf":{"@id":"https:\/\/sen-shop.com\/hr\/#website"},"datePublished":"2017-10-16T12:43:29+00:00","dateModified":"2021-12-03T10:25:49+00:00","description":"Mati\u010dna mlije\u010d 400mg","breadcrumb":{"@id":"https:\/\/sen-shop.com\/hr\/collections\/prehrambeni-dodaci\/jacanje-imunoloskog-sustava\/maticna-mlijec-400mg\/#breadcrumb"},"inLanguage":"hr-HR","potentialAction":[{"@type":"ReadAction","target":["https:\/\/sen-shop.com\/hr\/collections\/prehrambeni-dodaci\/jacanje-imunoloskog-sustava\/maticna-mlijec-400mg\/"]}]},{"@type":"BreadcrumbList","@id":"https:\/\/sen-shop.com\/hr\/collections\/prehrambeni-dodaci\/jacanje-imunoloskog-sustava\/maticna-mlijec-400mg\/#breadcrumb","itemListElement":[{"@type":"ListItem","position":1,"name":"Home","item":"https:\/\/sen-shop.com\/hr\/"},{"@type":"ListItem","position":2,"name":"Mati\u010dna mlije\u010d 400mg"}]},{"@type":"WebSite","@id":"https:\/\/sen-shop.com\/hr\/#website","url":"https:\/\/sen-shop.com\/hr\/","name":"SEN Shop","description":"Slovensko, Ekolo\u0161ko, Naravno","publisher":{"@id":"https:\/\/sen-shop.com\/hr\/#organization"},"potentialAction":[{"@type":"SearchAction","target":{"@type":"EntryPoint","urlTemplate":"https:\/\/sen-shop.com\/hr\/?s={search_term_string}"},"query-input":"required name=search_term_string"}],"inLanguage":"hr-HR"},{"@type":"Organization","@id":"https:\/\/sen-shop.com\/hr\/#organization","name":"Mind trade d.o.o","url":"https:\/\/sen-shop.com\/hr\/","logo":{"@type":"ImageObject","inLanguage":"hr-HR","@id":"https:\/\/sen-shop.com\/hr\/#\/schema\/logo\/image\/","url":"https:\/\/sen-shop.com\/wp-content\/uploads\/2018\/05\/header_logo.png","contentUrl":"https:\/\/sen-shop.com\/wp-content\/uploads\/2018\/05\/header_logo.png","width":138,"height":70,"caption":"Mind trade d.o.o"},"image":{"@id":"https:\/\/sen-shop.com\/hr\/#\/schema\/logo\/image\/"},"sameAs":["https:\/\/www.instagram.com\/senslovenija\/","https:\/\/www.facebook.com\/Senshopslovenija"]}]}},"_links":{"self":[{"href":"https:\/\/sen-shop.com\/hr\/wp-json\/wp\/v2\/product\/27119","targetHints":{"allow":["GET"]}}],"collection":[{"href":"https:\/\/sen-shop.com\/hr\/wp-json\/wp\/v2\/product"}],"about":[{"href":"https:\/\/sen-shop.com\/hr\/wp-json\/wp\/v2\/types\/product"}],"replies":[{"embeddable":true,"href":"https:\/\/sen-shop.com\/hr\/wp-json\/wp\/v2\/comments?post=27119"}],"wp:featuredmedia":[{"embeddable":true,"href":"https:\/\/sen-shop.com\/hr\/wp-json\/wp\/v2\/media\/39784"}],"wp:attachment":[{"href":"https:\/\/sen-shop.com\/hr\/wp-json\/wp\/v2\/media?parent=27119"}],"wp:term":[{"taxonomy":"product_cat","embeddable":true,"href":"https:\/\/sen-shop.com\/hr\/wp-json\/wp\/v2\/product_cat?post=27119"},{"taxonomy":"product_tag","embeddable":true,"href":"https:\/\/sen-shop.com\/hr\/wp-json\/wp\/v2\/product_tag?post=27119"}],"curies":[{"name":"wp","href":"https:\/\/api.w.org\/{rel}","templated":true}]}}