{"id":27112,"date":"2017-10-27T14:46:22","date_gmt":"2017-10-27T12:46:22","guid":{"rendered":"https:\/\/www.sen-shop.com\/collections\/uncategorized\/cimet-za-regulaciju-secera-u-krvi\/"},"modified":"2021-12-02T09:54:28","modified_gmt":"2021-12-02T08:54:28","slug":"cimet-za-regulaciju-secera-u-krvi","status":"publish","type":"product","link":"https:\/\/sen-shop.com\/hr\/collections\/prehrambeni-dodaci\/srce-vene-i-hemoroidi\/cimet-za-regulaciju-secera-u-krvi\/","title":{"rendered":"Cimet, za regulaciju \u0161e\u0107era u krvi"},"content":{"rendered":"<p>[vc_row][vc_column][vc_column_text css=&#8221;.vc_custom_1625227220765{padding-top: 30px !important;padding-right: 30px !important;padding-bottom: 30px !important;padding-left: 30px !important;background-color: #c9db95 !important;}&#8221;]<strong>Znanstveno istra\u017eivanje <\/strong>koje je proveo Dr. Almam Khan <strong>pokazalo je <\/strong>da <strong>dnevni unos cimeta <\/strong>ima <strong>pozitivan u\u010dinak <\/strong>na razinu <strong>\u0161e\u0107era u krvi, <\/strong>kao i na razine <strong>triglicerida <\/strong>i <strong>\u00a0kolesterola. <\/strong>Istra\u017eivanja su pokazala da nakon samo 40 dana redovne konzumacije cimeta, <strong>\u00a0razine \u0161e\u0107era u krvi, kolesterola <\/strong>i <strong>triglicerida su opale <\/strong>za 23-30%. Cimet poti\u010de inzulinske receptore i lu\u010denje inzulina. Kao rezultat toga, tijelo mo\u017ee bolje iskoristiti svoj vlastiti inzulin.<\/p>\n<p><strong>Cimet u kapsulama<\/strong> razlikuje se od obi\u010dnog kuhinjskog cimeta uglavnom po svojoj<strong> kvaliteti i \u010disto\u0107i<\/strong>. Odre\u0111ene vrste cimeta sadr\u017ee vrlo visoke razine kumarina. Kumarin nije \u0161tetan u malim koli\u010dinama, ali visoke doze mogu imati niz \u0161tetnih u\u010dinaka. U na\u0161im kapsulama <strong>koristimo samo najkvalitetniji cejlonski cimet.<\/strong> Sirovi materijal prolazi kroz strogu kontrolu kvalitete gdje osiguravamo da sadr\u017eaj kumarina bude ispod 0,005%.<\/p>\n<p>[\/vc_column_text][\/vc_column][\/vc_row][vc_row][vc_column][vc_column_text css=&#8221;.vc_custom_1625227244500{padding-top: 30px !important;padding-right: 30px !important;padding-bottom: 30px !important;padding-left: 30px !important;background-color: #ededed !important;}&#8221;]\ud83d\udc49 Istra\u017eivanja su pokazala da 40-dnevna konzumacija cimeta smanjuje \u0161e\u0107er za 25-30%.<\/p>\n<p>\ud83d\udc49 Uzeti jednu kapsulu 2 puta dnevno, prije obroka, s puno teku\u0107ine.<\/p>\n<p>\ud83d\udc49 Najbolja vrsta pro\u010di\u0161\u0107enog cejlonskog cimeta je ona koja ne sadr\u017ei kumarin.[\/vc_column_text][\/vc_column][\/vc_row][vc_row][vc_column][vc_column_text]Kapsule cimeta tako\u0111er sadr\u017ee vitamine C i E, cink i krom. <strong>Vitamini C i E<\/strong> i <strong>cink<\/strong> su <strong>antioksidanti<\/strong> koji \u0161tite tijelo od \u0161tetnog djelovanja oslobo\u0111enih radikala. <strong>Cink<\/strong> je iznimno va\u017ean za funkcioniranje <strong>imunolo\u0161kog sustava.<\/strong> Tako\u0111er igra vitalnu ulogu u metabolizmu ugljikohidrata, sintezi proteina i poma\u017ee u odr\u017eavanju zdravih kostiju, \u0161to \u010dini cink nezamjenjivim za funkcioniranje svake stanice u organizmu.<\/p>\n<p><strong>Krom<\/strong> je iznimno va\u017ean za dijabeti\u010dare jer <strong>pridonosi odr\u017eavanju normalne razine glukoze u krvi<\/strong> i sudjeluje u metabolizmu makronutrijenata.<\/p>\n<p><strong>Zanimljivost:<\/strong> Cimet je tropsko drvo koje naraste i do 10 m visine, ali se uglavnom uzgaja kao grm na planta\u017eama. Uglavnom se uvozi iz \u0160ri Lanke, Malezije, Madagaskara i Sej\u0161ela. <strong>Cimet se tako\u0111er koristi kao prirodno ljekovito sredstvo i afrodizijak.<\/strong> Njegovo stimulativni u\u010dinak i djelovanje na poticanje probave cijenjeni su od pamtivijeka.[\/vc_column_text][\/vc_column][\/vc_row]<\/p>\n","protected":false},"excerpt":{"rendered":"<p><strong>Cimet pove\u0107ava lu\u010denje inzulina <\/strong>i pokazalo se da <strong>smanjuje razinu \u0161e\u0107era u krvi. <\/strong>Cejlonski cimet, koji je tako\u0111er pogodan za dijabeti\u010dare tipa 2, pove\u0107ava osjetljivost inzulinskih receptora. Kao rezultat toga, vlastiti inzulin tijela mo\u017ee povratiti svoja svojstva i funkcionirati bolje.<\/p>\n<ul>\n<li>za kontrolu \u0161e\u0107era u krvi<\/li>\n<li>smanjuje i regulira razine kolesterola i triglicerida<\/li>\n<li>s dodanim vitaminima C i E, cinkom i kromom*<\/li>\n<\/ul>\n<p>*Krom je va\u017ean za normalan metabolizam glukoze. Pove\u0107ava broj inzulinskih receptora, veza izme\u0111u receptora i aktivacija inzulina.<\/p>\n","protected":false},"featured_media":31614,"comment_status":"open","ping_status":"closed","template":"","meta":{"inline_featured_image":false},"product_cat":[403,450],"product_tag":[409,412,414,408,413,375,407,458,442,417],"class_list":["post-27112","product","type-product","status-publish","has-post-thumbnail","hentry","product_cat-prehrambeni-dodaci","product_cat-srce-vene-i-hemoroidi","product_tag-analizator-sastava-tijela","product_tag-analizator-sastava-tjelesne-mase","product_tag-analizator-tanita","product_tag-analizator-tijela","product_tag-bc-601","product_tag-biljni","product_tag-pametna-vaga","product_tag-prosirene-vene","product_tag-stres","product_tag-tanita-bc-601"],"acf":[],"yoast_head":"<!-- This site is optimized with the Yoast SEO plugin v19.13 - https:\/\/yoast.com\/wordpress\/plugins\/seo\/ -->\n<title>Pravi cimet u kapsulama za regulaciju \u0161e\u0107era u krvi | Cimet kapsule<\/title>\n<meta name=\"description\" content=\"Pazite na svoje zdravlje. Pravi cimet, koji \u0107e vam pomo\u0107i pri regulaciji \u0161e\u0107era u krvi. Sadr\u017ee vitamine C i E, cink i krom. Brza dostava.\" \/>\n<meta name=\"robots\" content=\"index, follow, max-snippet:-1, max-image-preview:large, max-video-preview:-1\" \/>\n<link rel=\"canonical\" href=\"https:\/\/sen-shop.com\/hr\/collections\/prehrambeni-dodaci\/srce-vene-i-hemoroidi\/cimet-za-regulaciju-secera-u-krvi\/\" \/>\n<meta property=\"og:locale\" content=\"hr_HR\" \/>\n<meta property=\"og:type\" content=\"article\" \/>\n<meta property=\"og:title\" content=\"Pravi cimet u kapsulama za regulaciju \u0161e\u0107era u krvi | Cimet kapsule\" \/>\n<meta property=\"og:description\" content=\"Pazite na svoje zdravlje. Pravi cimet, koji \u0107e vam pomo\u0107i pri regulaciji \u0161e\u0107era u krvi. Sadr\u017ee vitamine C i E, cink i krom. Brza dostava.\" \/>\n<meta property=\"og:url\" content=\"https:\/\/sen-shop.com\/hr\/collections\/prehrambeni-dodaci\/srce-vene-i-hemoroidi\/cimet-za-regulaciju-secera-u-krvi\/\" \/>\n<meta property=\"og:site_name\" content=\"SEN Shop\" \/>\n<meta property=\"article:publisher\" content=\"https:\/\/www.facebook.com\/Senshopslovenija\" \/>\n<meta property=\"article:modified_time\" content=\"2021-12-02T08:54:28+00:00\" \/>\n<meta property=\"og:image\" content=\"https:\/\/sen-shop.com\/wp-content\/uploads\/2017\/10\/Cimet_SL_HR.jpg\" \/>\n\t<meta property=\"og:image:width\" content=\"1400\" \/>\n\t<meta property=\"og:image:height\" content=\"1400\" \/>\n\t<meta property=\"og:image:type\" content=\"image\/jpeg\" \/>\n<meta name=\"twitter:card\" content=\"summary_large_image\" \/>\n<meta name=\"twitter:label1\" content=\"Est. reading time\" \/>\n\t<meta name=\"twitter:data1\" content=\"2 minutes\" \/>\n<script type=\"application\/ld+json\" class=\"yoast-schema-graph\">{\"@context\":\"https:\/\/schema.org\",\"@graph\":[{\"@type\":\"WebPage\",\"@id\":\"https:\/\/sen-shop.com\/hr\/collections\/prehrambeni-dodaci\/srce-vene-i-hemoroidi\/cimet-za-regulaciju-secera-u-krvi\/\",\"url\":\"https:\/\/sen-shop.com\/hr\/collections\/prehrambeni-dodaci\/srce-vene-i-hemoroidi\/cimet-za-regulaciju-secera-u-krvi\/\",\"name\":\"Pravi cimet u kapsulama za regulaciju \u0161e\u0107era u krvi | Cimet kapsule\",\"isPartOf\":{\"@id\":\"https:\/\/sen-shop.com\/hr\/#website\"},\"datePublished\":\"2017-10-27T12:46:22+00:00\",\"dateModified\":\"2021-12-02T08:54:28+00:00\",\"description\":\"Pazite na svoje zdravlje. Pravi cimet, koji \u0107e vam pomo\u0107i pri regulaciji \u0161e\u0107era u krvi. Sadr\u017ee vitamine C i E, cink i krom. Brza dostava.\",\"breadcrumb\":{\"@id\":\"https:\/\/sen-shop.com\/hr\/collections\/prehrambeni-dodaci\/srce-vene-i-hemoroidi\/cimet-za-regulaciju-secera-u-krvi\/#breadcrumb\"},\"inLanguage\":\"hr-HR\",\"potentialAction\":[{\"@type\":\"ReadAction\",\"target\":[\"https:\/\/sen-shop.com\/hr\/collections\/prehrambeni-dodaci\/srce-vene-i-hemoroidi\/cimet-za-regulaciju-secera-u-krvi\/\"]}]},{\"@type\":\"BreadcrumbList\",\"@id\":\"https:\/\/sen-shop.com\/hr\/collections\/prehrambeni-dodaci\/srce-vene-i-hemoroidi\/cimet-za-regulaciju-secera-u-krvi\/#breadcrumb\",\"itemListElement\":[{\"@type\":\"ListItem\",\"position\":1,\"name\":\"Home\",\"item\":\"https:\/\/sen-shop.com\/hr\/\"},{\"@type\":\"ListItem\",\"position\":2,\"name\":\"Cimet, za regulaciju \u0161e\u0107era u krvi\"}]},{\"@type\":\"WebSite\",\"@id\":\"https:\/\/sen-shop.com\/hr\/#website\",\"url\":\"https:\/\/sen-shop.com\/hr\/\",\"name\":\"SEN Shop\",\"description\":\"Slovensko, Ekolo\u0161ko, Naravno\",\"publisher\":{\"@id\":\"https:\/\/sen-shop.com\/hr\/#organization\"},\"potentialAction\":[{\"@type\":\"SearchAction\",\"target\":{\"@type\":\"EntryPoint\",\"urlTemplate\":\"https:\/\/sen-shop.com\/hr\/?s={search_term_string}\"},\"query-input\":\"required name=search_term_string\"}],\"inLanguage\":\"hr-HR\"},{\"@type\":\"Organization\",\"@id\":\"https:\/\/sen-shop.com\/hr\/#organization\",\"name\":\"Mind trade d.o.o\",\"url\":\"https:\/\/sen-shop.com\/hr\/\",\"logo\":{\"@type\":\"ImageObject\",\"inLanguage\":\"hr-HR\",\"@id\":\"https:\/\/sen-shop.com\/hr\/#\/schema\/logo\/image\/\",\"url\":\"https:\/\/sen-shop.com\/wp-content\/uploads\/2018\/05\/header_logo.png\",\"contentUrl\":\"https:\/\/sen-shop.com\/wp-content\/uploads\/2018\/05\/header_logo.png\",\"width\":138,\"height\":70,\"caption\":\"Mind trade d.o.o\"},\"image\":{\"@id\":\"https:\/\/sen-shop.com\/hr\/#\/schema\/logo\/image\/\"},\"sameAs\":[\"https:\/\/www.instagram.com\/senslovenija\/\",\"https:\/\/www.facebook.com\/Senshopslovenija\"]}]}<\/script>\n<!-- \/ Yoast SEO plugin. -->","yoast_head_json":{"title":"Pravi cimet u kapsulama za regulaciju \u0161e\u0107era u krvi | Cimet kapsule","description":"Pazite na svoje zdravlje. Pravi cimet, koji \u0107e vam pomo\u0107i pri regulaciji \u0161e\u0107era u krvi. Sadr\u017ee vitamine C i E, cink i krom. Brza dostava.","robots":{"index":"index","follow":"follow","max-snippet":"max-snippet:-1","max-image-preview":"max-image-preview:large","max-video-preview":"max-video-preview:-1"},"canonical":"https:\/\/sen-shop.com\/hr\/collections\/prehrambeni-dodaci\/srce-vene-i-hemoroidi\/cimet-za-regulaciju-secera-u-krvi\/","og_locale":"hr_HR","og_type":"article","og_title":"Pravi cimet u kapsulama za regulaciju \u0161e\u0107era u krvi | Cimet kapsule","og_description":"Pazite na svoje zdravlje. Pravi cimet, koji \u0107e vam pomo\u0107i pri regulaciji \u0161e\u0107era u krvi. Sadr\u017ee vitamine C i E, cink i krom. Brza dostava.","og_url":"https:\/\/sen-shop.com\/hr\/collections\/prehrambeni-dodaci\/srce-vene-i-hemoroidi\/cimet-za-regulaciju-secera-u-krvi\/","og_site_name":"SEN Shop","article_publisher":"https:\/\/www.facebook.com\/Senshopslovenija","article_modified_time":"2021-12-02T08:54:28+00:00","og_image":[{"width":1400,"height":1400,"url":"https:\/\/sen-shop.com\/wp-content\/uploads\/2017\/10\/Cimet_SL_HR.jpg","type":"image\/jpeg"}],"twitter_card":"summary_large_image","twitter_misc":{"Est. reading time":"2 minutes"},"schema":{"@context":"https:\/\/schema.org","@graph":[{"@type":"WebPage","@id":"https:\/\/sen-shop.com\/hr\/collections\/prehrambeni-dodaci\/srce-vene-i-hemoroidi\/cimet-za-regulaciju-secera-u-krvi\/","url":"https:\/\/sen-shop.com\/hr\/collections\/prehrambeni-dodaci\/srce-vene-i-hemoroidi\/cimet-za-regulaciju-secera-u-krvi\/","name":"Pravi cimet u kapsulama za regulaciju \u0161e\u0107era u krvi | Cimet kapsule","isPartOf":{"@id":"https:\/\/sen-shop.com\/hr\/#website"},"datePublished":"2017-10-27T12:46:22+00:00","dateModified":"2021-12-02T08:54:28+00:00","description":"Pazite na svoje zdravlje. Pravi cimet, koji \u0107e vam pomo\u0107i pri regulaciji \u0161e\u0107era u krvi. Sadr\u017ee vitamine C i E, cink i krom. Brza dostava.","breadcrumb":{"@id":"https:\/\/sen-shop.com\/hr\/collections\/prehrambeni-dodaci\/srce-vene-i-hemoroidi\/cimet-za-regulaciju-secera-u-krvi\/#breadcrumb"},"inLanguage":"hr-HR","potentialAction":[{"@type":"ReadAction","target":["https:\/\/sen-shop.com\/hr\/collections\/prehrambeni-dodaci\/srce-vene-i-hemoroidi\/cimet-za-regulaciju-secera-u-krvi\/"]}]},{"@type":"BreadcrumbList","@id":"https:\/\/sen-shop.com\/hr\/collections\/prehrambeni-dodaci\/srce-vene-i-hemoroidi\/cimet-za-regulaciju-secera-u-krvi\/#breadcrumb","itemListElement":[{"@type":"ListItem","position":1,"name":"Home","item":"https:\/\/sen-shop.com\/hr\/"},{"@type":"ListItem","position":2,"name":"Cimet, za regulaciju \u0161e\u0107era u krvi"}]},{"@type":"WebSite","@id":"https:\/\/sen-shop.com\/hr\/#website","url":"https:\/\/sen-shop.com\/hr\/","name":"SEN Shop","description":"Slovensko, Ekolo\u0161ko, Naravno","publisher":{"@id":"https:\/\/sen-shop.com\/hr\/#organization"},"potentialAction":[{"@type":"SearchAction","target":{"@type":"EntryPoint","urlTemplate":"https:\/\/sen-shop.com\/hr\/?s={search_term_string}"},"query-input":"required name=search_term_string"}],"inLanguage":"hr-HR"},{"@type":"Organization","@id":"https:\/\/sen-shop.com\/hr\/#organization","name":"Mind trade d.o.o","url":"https:\/\/sen-shop.com\/hr\/","logo":{"@type":"ImageObject","inLanguage":"hr-HR","@id":"https:\/\/sen-shop.com\/hr\/#\/schema\/logo\/image\/","url":"https:\/\/sen-shop.com\/wp-content\/uploads\/2018\/05\/header_logo.png","contentUrl":"https:\/\/sen-shop.com\/wp-content\/uploads\/2018\/05\/header_logo.png","width":138,"height":70,"caption":"Mind trade d.o.o"},"image":{"@id":"https:\/\/sen-shop.com\/hr\/#\/schema\/logo\/image\/"},"sameAs":["https:\/\/www.instagram.com\/senslovenija\/","https:\/\/www.facebook.com\/Senshopslovenija"]}]}},"_links":{"self":[{"href":"https:\/\/sen-shop.com\/hr\/wp-json\/wp\/v2\/product\/27112","targetHints":{"allow":["GET"]}}],"collection":[{"href":"https:\/\/sen-shop.com\/hr\/wp-json\/wp\/v2\/product"}],"about":[{"href":"https:\/\/sen-shop.com\/hr\/wp-json\/wp\/v2\/types\/product"}],"replies":[{"embeddable":true,"href":"https:\/\/sen-shop.com\/hr\/wp-json\/wp\/v2\/comments?post=27112"}],"wp:featuredmedia":[{"embeddable":true,"href":"https:\/\/sen-shop.com\/hr\/wp-json\/wp\/v2\/media\/31614"}],"wp:attachment":[{"href":"https:\/\/sen-shop.com\/hr\/wp-json\/wp\/v2\/media?parent=27112"}],"wp:term":[{"taxonomy":"product_cat","embeddable":true,"href":"https:\/\/sen-shop.com\/hr\/wp-json\/wp\/v2\/product_cat?post=27112"},{"taxonomy":"product_tag","embeddable":true,"href":"https:\/\/sen-shop.com\/hr\/wp-json\/wp\/v2\/product_tag?post=27112"}],"curies":[{"name":"wp","href":"https:\/\/api.w.org\/{rel}","templated":true}]}}