{"id":27100,"date":"2017-11-11T14:55:09","date_gmt":"2017-11-11T13:55:09","guid":{"rendered":"https:\/\/www.sen-shop.com\/collections\/uncategorized\/sparoga-za-ciscenje-organizma-i-zastitu-tijela-od-vode\/"},"modified":"2022-11-01T23:01:01","modified_gmt":"2022-11-01T22:01:01","slug":"sparoge-za-ciscenje-organizma","status":"publish","type":"product","link":"https:\/\/sen-shop.com\/hr\/collections\/prehrambeni-dodaci\/detoksikacija\/sparoge-za-ciscenje-organizma\/","title":{"rendered":"\u0160paroga, za \u010di\u0161\u0107enje organizma"},"content":{"rendered":"<p>[vc_row][vc_column][vc_column_text css=&#8221;.vc_custom_1613997356303{padding-top: 30px !important;padding-right: 30px !important;padding-bottom: 30px !important;padding-left: 30px !important;background-color: #c9db95 !important;}&#8221;]<strong>\u0160paroge <\/strong>su najvi\u0161e cijenjene zbog svog diureti\u010dkog u\u010dinka, jer <strong>uklanjaju vi\u0161ak soli i vode iz tijela. <\/strong>Sa samo otprilike 40 kcal na 100 g, \u0161paroge su bez masno\u0107a i kolesterola \u0161to ih \u010dini idealnom lisnatom hranom za temeljito \u010di\u0161\u0107enje.<\/p>\n<p>\u0160paroge su bogate vlaknima i zbog toga <strong>poti\u010du metabolizam i djelovanje debelog crijeva. <\/strong>Idealne su za one osjetljivog \u017eeluca. \u0160paroge su tako\u0111er poznate i kao afrodizijak.[\/vc_column_text][\/vc_column][\/vc_row][vc_row][vc_column][vc_column_text css=&#8221;.vc_custom_1613772989051{padding-top: 30px !important;padding-right: 30px !important;padding-bottom: 30px !important;padding-left: 30px !important;background-color: #ededed !important;}&#8221;]\ud83d\udc49 Napravite 14-dnevnu detoksikaciju tijela i izgubite 1 &#8211; 2 kilograma tjedno. \u010cak i ako nastavite s trenutnom prehranom. Ali ako promijenite svoju prehranu, u\u010dinak \u0107e biti i puno bolji i br\u017ei.<\/p>\n<p>\ud83d\udc49 Za poja\u010dano djelovanje preporu\u010dujemo da popijete 2-3 litre teku\u0107ine (vode ili nezasla\u0111enog \u010daja) dnevno.<\/p>\n<p>\ud83d\udc49 \u0160paroge imaju pro\u010di\u0161\u0107avaju\u0107e djelovanje i poma\u017eu u stvaranju \u010diste, meke i glatke ko\u017ee.[\/vc_column_text][\/vc_column][\/vc_row][vc_row][vc_column][vc_column_text]Pro\u010di\u0161\u0107avaju\u0107i u\u010dinak \u0161paroga dugo je bio veoma cijenjen. Tanki pupoljci sadr\u017ee 95% vode, male koli\u010dine ugljikohidrata i gotovo nikakve masti. 100 grama \u0161paroga ima samo 18 kalorija. <strong>Dragocjeni sastojci kao \u0161to su kalijeve soli, kiseline \u0161paroga i eteri\u010dna ulja poti\u010du rad bubrega i poma\u017eu u uklanjanju vode. <\/strong>Nadalje, \u0161paroge sadr\u017ee vitamin B koji podr\u017eava \u017eiv\u010dani sustav i bori se protiv umora, vitamin C i E koji su u\u010dinkoviti antioksidanti, i beta karoten i folnu kiselinu koji imaju povoljan u\u010dinak na metaboli\u010dke procese u tijelu.<\/p>\n<p><strong>Ako ste zabrinuti zbog celulita, \u0161paroge spa\u0161avaju stvar. <\/strong>Poma\u017eu u ja\u010danju vena i kapilara te kontroliraju krvni tlak. \u0160paroge imaju diureti\u010dka svojstva zbog svoje visoke koncentracije kalija i aminokiseline aspargin, \u0161to je odli\u010dna vijest jer nakupljanje teku\u0107ine mo\u017ee dovesti do vi\u0161e celulita.[\/vc_column_text][\/vc_column][\/vc_row]<\/p>\n","protected":false},"excerpt":{"rendered":"<p>\u0160paroge su idealno prirodno sredstvo za \u010di\u0161\u0107enje i prirodan na\u010din <strong>pro\u010di\u0161\u0107avanja <\/strong>i <strong>izbacivanja vi\u0161ka vode <\/strong>iz tijela. Sprje\u010davaju zadr\u017eavanje vode i stvaranje celulita.<\/p>\n<ul>\n<li>uklanjaju vi\u0161ak vode i toksina iz tijela<\/li>\n<li>smanjuju pojavu celulita<\/li>\n<li>smanjuju nadutost<\/li>\n<\/ul>\n<p>\u0160paroge imaju pozitivan u\u010dinak na formiranje \u010diste, meke i glatke ko\u017ee.<\/p>\n","protected":false},"featured_media":27109,"comment_status":"open","ping_status":"closed","template":"","meta":{"inline_featured_image":false},"product_cat":[423,401,402,403],"product_tag":[409,412,414,408,413,375,452,459,453,407,442,417],"class_list":["post-27100","product","type-product","status-publish","has-post-thumbnail","hentry","product_cat-crni-petak","product_cat-detoksikacija","product_cat-mrsavljenje","product_cat-prehrambeni-dodaci","product_tag-analizator-sastava-tijela","product_tag-analizator-sastava-tjelesne-mase","product_tag-analizator-tanita","product_tag-analizator-tijela","product_tag-bc-601","product_tag-biljni","product_tag-dijeta","product_tag-diuretici","product_tag-mrsavljenje","product_tag-pametna-vaga","product_tag-stres","product_tag-tanita-bc-601"],"acf":[],"yoast_head":"<!-- This site is optimized with the Yoast SEO plugin v19.13 - https:\/\/yoast.com\/wordpress\/plugins\/seo\/ -->\n<title>\u0160paroga, za \u010di\u0161\u0107enje organizma i za\u0161titu tijela od vode | detoks | sen.hr<\/title>\n<meta name=\"description\" content=\"\u0160paroge su idealno sredstvo za \u010di\u0161\u0107enje organizma prirodnim putem. Sprije\u010davaju zadr\u017eavanje vode u tijelu prirodnim putem. Prirodni detoks. Brza dostava.\" \/>\n<meta name=\"robots\" content=\"index, follow, max-snippet:-1, max-image-preview:large, max-video-preview:-1\" \/>\n<link rel=\"canonical\" href=\"https:\/\/sen-shop.com\/hr\/collections\/prehrambeni-dodaci\/detoksikacija\/sparoge-za-ciscenje-organizma\/\" \/>\n<meta property=\"og:locale\" content=\"hr_HR\" \/>\n<meta property=\"og:type\" content=\"article\" \/>\n<meta property=\"og:title\" content=\"\u0160paroga, za \u010di\u0161\u0107enje organizma i za\u0161titu tijela od vode | detoks | sen.hr\" \/>\n<meta property=\"og:description\" content=\"\u0160paroge su idealno sredstvo za \u010di\u0161\u0107enje organizma prirodnim putem. Sprije\u010davaju zadr\u017eavanje vode u tijelu prirodnim putem. Prirodni detoks. Brza dostava.\" \/>\n<meta property=\"og:url\" content=\"https:\/\/sen-shop.com\/hr\/collections\/prehrambeni-dodaci\/detoksikacija\/sparoge-za-ciscenje-organizma\/\" \/>\n<meta property=\"og:site_name\" content=\"SEN Shop\" \/>\n<meta property=\"article:publisher\" content=\"https:\/\/www.facebook.com\/Senshopslovenija\" \/>\n<meta property=\"article:modified_time\" content=\"2022-11-01T22:01:01+00:00\" \/>\n<meta property=\"og:image\" content=\"https:\/\/sen-shop.com\/wp-content\/uploads\/2017\/11\/belusi-test2.png\" \/>\n\t<meta property=\"og:image:width\" content=\"709\" \/>\n\t<meta property=\"og:image:height\" content=\"709\" \/>\n\t<meta property=\"og:image:type\" content=\"image\/jpeg\" \/>\n<meta name=\"twitter:card\" content=\"summary_large_image\" \/>\n<meta name=\"twitter:label1\" content=\"Est. reading time\" \/>\n\t<meta name=\"twitter:data1\" content=\"2 minutes\" \/>\n<script type=\"application\/ld+json\" class=\"yoast-schema-graph\">{\"@context\":\"https:\/\/schema.org\",\"@graph\":[{\"@type\":\"WebPage\",\"@id\":\"https:\/\/sen-shop.com\/hr\/collections\/prehrambeni-dodaci\/detoksikacija\/sparoge-za-ciscenje-organizma\/\",\"url\":\"https:\/\/sen-shop.com\/hr\/collections\/prehrambeni-dodaci\/detoksikacija\/sparoge-za-ciscenje-organizma\/\",\"name\":\"\u0160paroga, za \u010di\u0161\u0107enje organizma i za\u0161titu tijela od vode | detoks | sen.hr\",\"isPartOf\":{\"@id\":\"https:\/\/sen-shop.com\/hr\/#website\"},\"datePublished\":\"2017-11-11T13:55:09+00:00\",\"dateModified\":\"2022-11-01T22:01:01+00:00\",\"description\":\"\u0160paroge su idealno sredstvo za \u010di\u0161\u0107enje organizma prirodnim putem. Sprije\u010davaju zadr\u017eavanje vode u tijelu prirodnim putem. Prirodni detoks. Brza dostava.\",\"breadcrumb\":{\"@id\":\"https:\/\/sen-shop.com\/hr\/collections\/prehrambeni-dodaci\/detoksikacija\/sparoge-za-ciscenje-organizma\/#breadcrumb\"},\"inLanguage\":\"hr-HR\",\"potentialAction\":[{\"@type\":\"ReadAction\",\"target\":[\"https:\/\/sen-shop.com\/hr\/collections\/prehrambeni-dodaci\/detoksikacija\/sparoge-za-ciscenje-organizma\/\"]}]},{\"@type\":\"BreadcrumbList\",\"@id\":\"https:\/\/sen-shop.com\/hr\/collections\/prehrambeni-dodaci\/detoksikacija\/sparoge-za-ciscenje-organizma\/#breadcrumb\",\"itemListElement\":[{\"@type\":\"ListItem\",\"position\":1,\"name\":\"Home\",\"item\":\"https:\/\/sen-shop.com\/hr\/\"},{\"@type\":\"ListItem\",\"position\":2,\"name\":\"\u0160paroga, za \u010di\u0161\u0107enje organizma\"}]},{\"@type\":\"WebSite\",\"@id\":\"https:\/\/sen-shop.com\/hr\/#website\",\"url\":\"https:\/\/sen-shop.com\/hr\/\",\"name\":\"SEN Shop\",\"description\":\"Slovensko, Ekolo\u0161ko, Naravno\",\"publisher\":{\"@id\":\"https:\/\/sen-shop.com\/hr\/#organization\"},\"potentialAction\":[{\"@type\":\"SearchAction\",\"target\":{\"@type\":\"EntryPoint\",\"urlTemplate\":\"https:\/\/sen-shop.com\/hr\/?s={search_term_string}\"},\"query-input\":\"required name=search_term_string\"}],\"inLanguage\":\"hr-HR\"},{\"@type\":\"Organization\",\"@id\":\"https:\/\/sen-shop.com\/hr\/#organization\",\"name\":\"Mind trade d.o.o\",\"url\":\"https:\/\/sen-shop.com\/hr\/\",\"logo\":{\"@type\":\"ImageObject\",\"inLanguage\":\"hr-HR\",\"@id\":\"https:\/\/sen-shop.com\/hr\/#\/schema\/logo\/image\/\",\"url\":\"https:\/\/sen-shop.com\/wp-content\/uploads\/2018\/05\/header_logo.png\",\"contentUrl\":\"https:\/\/sen-shop.com\/wp-content\/uploads\/2018\/05\/header_logo.png\",\"width\":138,\"height\":70,\"caption\":\"Mind trade d.o.o\"},\"image\":{\"@id\":\"https:\/\/sen-shop.com\/hr\/#\/schema\/logo\/image\/\"},\"sameAs\":[\"https:\/\/www.instagram.com\/senslovenija\/\",\"https:\/\/www.facebook.com\/Senshopslovenija\"]}]}<\/script>\n<!-- \/ Yoast SEO plugin. -->","yoast_head_json":{"title":"\u0160paroga, za \u010di\u0161\u0107enje organizma i za\u0161titu tijela od vode | detoks | sen.hr","description":"\u0160paroge su idealno sredstvo za \u010di\u0161\u0107enje organizma prirodnim putem. Sprije\u010davaju zadr\u017eavanje vode u tijelu prirodnim putem. Prirodni detoks. Brza dostava.","robots":{"index":"index","follow":"follow","max-snippet":"max-snippet:-1","max-image-preview":"max-image-preview:large","max-video-preview":"max-video-preview:-1"},"canonical":"https:\/\/sen-shop.com\/hr\/collections\/prehrambeni-dodaci\/detoksikacija\/sparoge-za-ciscenje-organizma\/","og_locale":"hr_HR","og_type":"article","og_title":"\u0160paroga, za \u010di\u0161\u0107enje organizma i za\u0161titu tijela od vode | detoks | sen.hr","og_description":"\u0160paroge su idealno sredstvo za \u010di\u0161\u0107enje organizma prirodnim putem. Sprije\u010davaju zadr\u017eavanje vode u tijelu prirodnim putem. Prirodni detoks. Brza dostava.","og_url":"https:\/\/sen-shop.com\/hr\/collections\/prehrambeni-dodaci\/detoksikacija\/sparoge-za-ciscenje-organizma\/","og_site_name":"SEN Shop","article_publisher":"https:\/\/www.facebook.com\/Senshopslovenija","article_modified_time":"2022-11-01T22:01:01+00:00","og_image":[{"width":709,"height":709,"url":"https:\/\/sen-shop.com\/wp-content\/uploads\/2017\/11\/belusi-test2.png","type":"image\/jpeg"}],"twitter_card":"summary_large_image","twitter_misc":{"Est. reading time":"2 minutes"},"schema":{"@context":"https:\/\/schema.org","@graph":[{"@type":"WebPage","@id":"https:\/\/sen-shop.com\/hr\/collections\/prehrambeni-dodaci\/detoksikacija\/sparoge-za-ciscenje-organizma\/","url":"https:\/\/sen-shop.com\/hr\/collections\/prehrambeni-dodaci\/detoksikacija\/sparoge-za-ciscenje-organizma\/","name":"\u0160paroga, za \u010di\u0161\u0107enje organizma i za\u0161titu tijela od vode | detoks | sen.hr","isPartOf":{"@id":"https:\/\/sen-shop.com\/hr\/#website"},"datePublished":"2017-11-11T13:55:09+00:00","dateModified":"2022-11-01T22:01:01+00:00","description":"\u0160paroge su idealno sredstvo za \u010di\u0161\u0107enje organizma prirodnim putem. Sprije\u010davaju zadr\u017eavanje vode u tijelu prirodnim putem. Prirodni detoks. Brza dostava.","breadcrumb":{"@id":"https:\/\/sen-shop.com\/hr\/collections\/prehrambeni-dodaci\/detoksikacija\/sparoge-za-ciscenje-organizma\/#breadcrumb"},"inLanguage":"hr-HR","potentialAction":[{"@type":"ReadAction","target":["https:\/\/sen-shop.com\/hr\/collections\/prehrambeni-dodaci\/detoksikacija\/sparoge-za-ciscenje-organizma\/"]}]},{"@type":"BreadcrumbList","@id":"https:\/\/sen-shop.com\/hr\/collections\/prehrambeni-dodaci\/detoksikacija\/sparoge-za-ciscenje-organizma\/#breadcrumb","itemListElement":[{"@type":"ListItem","position":1,"name":"Home","item":"https:\/\/sen-shop.com\/hr\/"},{"@type":"ListItem","position":2,"name":"\u0160paroga, za \u010di\u0161\u0107enje organizma"}]},{"@type":"WebSite","@id":"https:\/\/sen-shop.com\/hr\/#website","url":"https:\/\/sen-shop.com\/hr\/","name":"SEN Shop","description":"Slovensko, Ekolo\u0161ko, Naravno","publisher":{"@id":"https:\/\/sen-shop.com\/hr\/#organization"},"potentialAction":[{"@type":"SearchAction","target":{"@type":"EntryPoint","urlTemplate":"https:\/\/sen-shop.com\/hr\/?s={search_term_string}"},"query-input":"required name=search_term_string"}],"inLanguage":"hr-HR"},{"@type":"Organization","@id":"https:\/\/sen-shop.com\/hr\/#organization","name":"Mind trade d.o.o","url":"https:\/\/sen-shop.com\/hr\/","logo":{"@type":"ImageObject","inLanguage":"hr-HR","@id":"https:\/\/sen-shop.com\/hr\/#\/schema\/logo\/image\/","url":"https:\/\/sen-shop.com\/wp-content\/uploads\/2018\/05\/header_logo.png","contentUrl":"https:\/\/sen-shop.com\/wp-content\/uploads\/2018\/05\/header_logo.png","width":138,"height":70,"caption":"Mind trade d.o.o"},"image":{"@id":"https:\/\/sen-shop.com\/hr\/#\/schema\/logo\/image\/"},"sameAs":["https:\/\/www.instagram.com\/senslovenija\/","https:\/\/www.facebook.com\/Senshopslovenija"]}]}},"_links":{"self":[{"href":"https:\/\/sen-shop.com\/hr\/wp-json\/wp\/v2\/product\/27100","targetHints":{"allow":["GET"]}}],"collection":[{"href":"https:\/\/sen-shop.com\/hr\/wp-json\/wp\/v2\/product"}],"about":[{"href":"https:\/\/sen-shop.com\/hr\/wp-json\/wp\/v2\/types\/product"}],"replies":[{"embeddable":true,"href":"https:\/\/sen-shop.com\/hr\/wp-json\/wp\/v2\/comments?post=27100"}],"wp:featuredmedia":[{"embeddable":true,"href":"https:\/\/sen-shop.com\/hr\/wp-json\/wp\/v2\/media\/27109"}],"wp:attachment":[{"href":"https:\/\/sen-shop.com\/hr\/wp-json\/wp\/v2\/media?parent=27100"}],"wp:term":[{"taxonomy":"product_cat","embeddable":true,"href":"https:\/\/sen-shop.com\/hr\/wp-json\/wp\/v2\/product_cat?post=27100"},{"taxonomy":"product_tag","embeddable":true,"href":"https:\/\/sen-shop.com\/hr\/wp-json\/wp\/v2\/product_tag?post=27100"}],"curies":[{"name":"wp","href":"https:\/\/api.w.org\/{rel}","templated":true}]}}