{"id":27098,"date":"2017-11-16T14:48:33","date_gmt":"2017-11-16T13:48:33","guid":{"rendered":"https:\/\/www.sen-shop.com\/collections\/uncategorized\/heljda-za-pomoc-kod-prosirenih-vena-umornih-nogu-i-hemoroida\/"},"modified":"2022-11-01T23:00:58","modified_gmt":"2022-11-01T22:00:58","slug":"heljda-za-prosirene-vene","status":"publish","type":"product","link":"https:\/\/sen-shop.com\/hr\/collections\/prehrambeni-dodaci\/srce-vene-i-hemoroidi\/heljda-za-prosirene-vene\/","title":{"rendered":"Heljda, za pro\u0161irene vene"},"content":{"rendered":"<p>[vc_row][vc_column][vc_column_text css=&#8221;.vc_custom_1625223885455{padding-top: 30px !important;padding-right: 30px !important;padding-bottom: 30px !important;padding-left: 30px !important;background-color: #c9db95 !important;}&#8221;]<br \/>\n<strong>Heljda<\/strong> je od davnine cijenjena zbog svog pozitivnog u\u010dinka na vene i pro\u0161irene vene. Preporu\u010duju ju mnogi stru\u010dnjaci za prirodno lije\u010denje. Najpoznatiji aktivni sastojak heljde je <strong>rutin,<\/strong> mo\u0107ni antioksidant koji <strong>ja\u010da stijenke krvnih \u017eila, sprje\u010dava krhkost kapilara <\/strong>i <strong>pove\u0107ava elasti\u010dnost stijenki \u017eila.<\/strong><\/p>\n<p>Pove\u0107ani <strong>hemoroidi <\/strong>su poprili\u010dno \u010dest problem. Lije\u010denje blagih do umjerenih stanja uklju\u010duje pove\u0107ani unos vlakana, unos teku\u0107ine i odmor, a <strong>mo\u017ee pomo\u0107i i konzumacija kapsula heljde. <\/strong>Me\u0111utim, kod te\u0161kih simptoma neophodan je posjet lije\u010dniku.[\/vc_column_text][\/vc_column][\/vc_row][vc_row][vc_column][vc_column_text css=&#8221;.vc_custom_1625223911860{padding-top: 30px !important;padding-right: 30px !important;padding-bottom: 30px !important;padding-left: 30px !important;background-color: #ededed !important;}&#8221;]<br \/>\n\ud83d\udc49 Za postizanje dugotrajnih pozitivnih u\u010dinaka, va\u017eno je redovito uzimati kapsule heljde.<\/p>\n<p>\ud83d\udc49 Uzeti po jednu kapsulu 3 puta dnevno.<\/p>\n<p>\ud83d\udc49 Heljda ima pozitivan u\u010dinak na cijeli kardiovaskularni sustav.[\/vc_column_text][\/vc_column][\/vc_row][vc_row][vc_column][vc_column_text]<strong>Heljda <\/strong>je jako dobar izvor mangana, magnezija, hranjivih vlakana i bioflavonoida, kao \u0161to su <strong>rutin, <\/strong>koji zna\u010dajno doprinosi boljem zdravlju. Protein u heljdi je visokokvalitetan, sadr\u017ei svih osam esencijalnih aminokiselina uklju\u010duju\u0107i lizin. \u017deljezo, cink, selenij i antioksidanti kao \u0161to je tanin tako\u0111er se mogu prona\u0107i u heljdi.<\/p>\n<p>Osim \u0161to ima pozitivan u\u010dinak na vaskularni sustav, <strong>heljda ima i funkciju za\u0161tite <\/strong>zbog svoje visoke koncentracije flavonoida. <strong>Flavonoidi <\/strong>su biljne hranjive tvari koje \u0161tite od bolesti produ\u017euju\u0107i djelovanje vitamina C i djeluju kao antioksidanti. Sposobnost heljde da smanji aktivnost opasnih lipida je pripisuje se rutinu i drugim flavonoidnim komponentama. Te komponente imaju pozitivan u\u010dinak na cirkulaciju krvi, <strong>sputavaju prekomjerno prianjanje krvnih plakova i \u0161tite dobar kolesterol <\/strong>(LDL) od oksidacije uzrokovane oslobo\u0111enim radikalima. Taj postupak poma\u017ee u za\u0161titi protiv sr\u010danih bolesti.<\/p>\n<p><strong>Heljda ima visok udio rutina, <\/strong>zbog \u010dega i je toliko puno kori\u0161tena u pro\u0161losti za zdravstvenu njegu, posebice za <strong>probleme pro\u0161irenih vena. <\/strong>Istra\u017eivanja su pokazala da <strong>rutin sprje\u010dava <\/strong>razvoj odre\u0111enih bolesti vena koji mogu dovesti do <strong>kroni\u010dnih bolesti vena na nogama (pro\u0161irenih vena).<\/strong>[\/vc_column_text][\/vc_column][\/vc_row]<\/p>\n","protected":false},"excerpt":{"rendered":"<p>Imate li na kraju dana <strong>ote\u010dene zglobove i noge? <\/strong>Jesu li va\u0161e noge te\u0161ke, umorne, prolaze vas trnci i svrbe vas? Jeste li primijetili pro\u0161irene vene? <strong>Heljda <\/strong>je <strong>prirodni lijek <\/strong>za probleme vezane uz <strong>vene <\/strong>i kompletni <strong>kardiovaskularni sustav.<\/strong><\/p>\n<ul>\n<li>poma\u017ee kod problema s pro\u0161irenim venama<\/li>\n<li>ja\u010da stijenke krvnih \u017eila<\/li>\n<li>pru\u017ea olak\u0161anje kod ote\u010denih i nemirnih nogu<\/li>\n<\/ul>\n<p>Heljda je tako\u0111er odli\u010dno rje\u0161enje za hemoroide!<\/p>\n","protected":false},"featured_media":30364,"comment_status":"open","ping_status":"closed","template":"","meta":{"inline_featured_image":false},"product_cat":[423,403,450],"product_tag":[409,412,414,408,413,375,407,458,442,417],"class_list":["post-27098","product","type-product","status-publish","has-post-thumbnail","hentry","product_cat-crni-petak","product_cat-prehrambeni-dodaci","product_cat-srce-vene-i-hemoroidi","product_tag-analizator-sastava-tijela","product_tag-analizator-sastava-tjelesne-mase","product_tag-analizator-tanita","product_tag-analizator-tijela","product_tag-bc-601","product_tag-biljni","product_tag-pametna-vaga","product_tag-prosirene-vene","product_tag-stres","product_tag-tanita-bc-601"],"acf":[],"yoast_head":"<!-- This site is optimized with the Yoast SEO plugin v19.13 - https:\/\/yoast.com\/wordpress\/plugins\/seo\/ -->\n<title>Heljda, za pomo\u0107 kod pro\u0161irenih vena, umornih nogu i hemoroida<\/title>\n<meta name=\"description\" content=\"Mu\u010de vas pro\u0161irene vene, umorne noge ili hemoroidi? Umanjite sve pote\u0161ko\u0107e uz prirodni produkt heljda. Brza dostava i garancija na zadovoljstvo!\" \/>\n<meta name=\"robots\" content=\"index, follow, max-snippet:-1, max-image-preview:large, max-video-preview:-1\" \/>\n<link rel=\"canonical\" href=\"https:\/\/sen-shop.com\/hr\/collections\/prehrambeni-dodaci\/srce-vene-i-hemoroidi\/heljda-za-prosirene-vene\/\" \/>\n<meta property=\"og:locale\" content=\"hr_HR\" \/>\n<meta property=\"og:type\" content=\"article\" \/>\n<meta property=\"og:title\" content=\"Heljda, za pomo\u0107 kod pro\u0161irenih vena, umornih nogu i hemoroida\" \/>\n<meta property=\"og:description\" content=\"Mu\u010de vas pro\u0161irene vene, umorne noge ili hemoroidi? Umanjite sve pote\u0161ko\u0107e uz prirodni produkt heljda. Brza dostava i garancija na zadovoljstvo!\" \/>\n<meta property=\"og:url\" content=\"https:\/\/sen-shop.com\/hr\/collections\/prehrambeni-dodaci\/srce-vene-i-hemoroidi\/heljda-za-prosirene-vene\/\" \/>\n<meta property=\"og:site_name\" content=\"SEN Shop\" \/>\n<meta property=\"article:publisher\" content=\"https:\/\/www.facebook.com\/Senshopslovenija\" \/>\n<meta property=\"article:modified_time\" content=\"2022-11-01T22:00:58+00:00\" \/>\n<meta property=\"og:image\" content=\"https:\/\/sen-shop.com\/wp-content\/uploads\/2017\/11\/Ajda_heljda.jpg\" \/>\n\t<meta property=\"og:image:width\" content=\"1400\" \/>\n\t<meta property=\"og:image:height\" content=\"1400\" \/>\n\t<meta property=\"og:image:type\" content=\"image\/jpeg\" \/>\n<meta name=\"twitter:card\" content=\"summary_large_image\" \/>\n<meta name=\"twitter:label1\" content=\"Est. reading time\" \/>\n\t<meta name=\"twitter:data1\" content=\"2 minutes\" \/>\n<script type=\"application\/ld+json\" class=\"yoast-schema-graph\">{\"@context\":\"https:\/\/schema.org\",\"@graph\":[{\"@type\":\"WebPage\",\"@id\":\"https:\/\/sen-shop.com\/hr\/collections\/prehrambeni-dodaci\/srce-vene-i-hemoroidi\/heljda-za-prosirene-vene\/\",\"url\":\"https:\/\/sen-shop.com\/hr\/collections\/prehrambeni-dodaci\/srce-vene-i-hemoroidi\/heljda-za-prosirene-vene\/\",\"name\":\"Heljda, za pomo\u0107 kod pro\u0161irenih vena, umornih nogu i hemoroida\",\"isPartOf\":{\"@id\":\"https:\/\/sen-shop.com\/hr\/#website\"},\"datePublished\":\"2017-11-16T13:48:33+00:00\",\"dateModified\":\"2022-11-01T22:00:58+00:00\",\"description\":\"Mu\u010de vas pro\u0161irene vene, umorne noge ili hemoroidi? Umanjite sve pote\u0161ko\u0107e uz prirodni produkt heljda. Brza dostava i garancija na zadovoljstvo!\",\"breadcrumb\":{\"@id\":\"https:\/\/sen-shop.com\/hr\/collections\/prehrambeni-dodaci\/srce-vene-i-hemoroidi\/heljda-za-prosirene-vene\/#breadcrumb\"},\"inLanguage\":\"hr-HR\",\"potentialAction\":[{\"@type\":\"ReadAction\",\"target\":[\"https:\/\/sen-shop.com\/hr\/collections\/prehrambeni-dodaci\/srce-vene-i-hemoroidi\/heljda-za-prosirene-vene\/\"]}]},{\"@type\":\"BreadcrumbList\",\"@id\":\"https:\/\/sen-shop.com\/hr\/collections\/prehrambeni-dodaci\/srce-vene-i-hemoroidi\/heljda-za-prosirene-vene\/#breadcrumb\",\"itemListElement\":[{\"@type\":\"ListItem\",\"position\":1,\"name\":\"Home\",\"item\":\"https:\/\/sen-shop.com\/hr\/\"},{\"@type\":\"ListItem\",\"position\":2,\"name\":\"Heljda, za pro\u0161irene vene\"}]},{\"@type\":\"WebSite\",\"@id\":\"https:\/\/sen-shop.com\/hr\/#website\",\"url\":\"https:\/\/sen-shop.com\/hr\/\",\"name\":\"SEN Shop\",\"description\":\"Slovensko, Ekolo\u0161ko, Naravno\",\"publisher\":{\"@id\":\"https:\/\/sen-shop.com\/hr\/#organization\"},\"potentialAction\":[{\"@type\":\"SearchAction\",\"target\":{\"@type\":\"EntryPoint\",\"urlTemplate\":\"https:\/\/sen-shop.com\/hr\/?s={search_term_string}\"},\"query-input\":\"required name=search_term_string\"}],\"inLanguage\":\"hr-HR\"},{\"@type\":\"Organization\",\"@id\":\"https:\/\/sen-shop.com\/hr\/#organization\",\"name\":\"Mind trade d.o.o\",\"url\":\"https:\/\/sen-shop.com\/hr\/\",\"logo\":{\"@type\":\"ImageObject\",\"inLanguage\":\"hr-HR\",\"@id\":\"https:\/\/sen-shop.com\/hr\/#\/schema\/logo\/image\/\",\"url\":\"https:\/\/sen-shop.com\/wp-content\/uploads\/2018\/05\/header_logo.png\",\"contentUrl\":\"https:\/\/sen-shop.com\/wp-content\/uploads\/2018\/05\/header_logo.png\",\"width\":138,\"height\":70,\"caption\":\"Mind trade d.o.o\"},\"image\":{\"@id\":\"https:\/\/sen-shop.com\/hr\/#\/schema\/logo\/image\/\"},\"sameAs\":[\"https:\/\/www.instagram.com\/senslovenija\/\",\"https:\/\/www.facebook.com\/Senshopslovenija\"]}]}<\/script>\n<!-- \/ Yoast SEO plugin. -->","yoast_head_json":{"title":"Heljda, za pomo\u0107 kod pro\u0161irenih vena, umornih nogu i hemoroida","description":"Mu\u010de vas pro\u0161irene vene, umorne noge ili hemoroidi? Umanjite sve pote\u0161ko\u0107e uz prirodni produkt heljda. Brza dostava i garancija na zadovoljstvo!","robots":{"index":"index","follow":"follow","max-snippet":"max-snippet:-1","max-image-preview":"max-image-preview:large","max-video-preview":"max-video-preview:-1"},"canonical":"https:\/\/sen-shop.com\/hr\/collections\/prehrambeni-dodaci\/srce-vene-i-hemoroidi\/heljda-za-prosirene-vene\/","og_locale":"hr_HR","og_type":"article","og_title":"Heljda, za pomo\u0107 kod pro\u0161irenih vena, umornih nogu i hemoroida","og_description":"Mu\u010de vas pro\u0161irene vene, umorne noge ili hemoroidi? Umanjite sve pote\u0161ko\u0107e uz prirodni produkt heljda. Brza dostava i garancija na zadovoljstvo!","og_url":"https:\/\/sen-shop.com\/hr\/collections\/prehrambeni-dodaci\/srce-vene-i-hemoroidi\/heljda-za-prosirene-vene\/","og_site_name":"SEN Shop","article_publisher":"https:\/\/www.facebook.com\/Senshopslovenija","article_modified_time":"2022-11-01T22:00:58+00:00","og_image":[{"width":1400,"height":1400,"url":"https:\/\/sen-shop.com\/wp-content\/uploads\/2017\/11\/Ajda_heljda.jpg","type":"image\/jpeg"}],"twitter_card":"summary_large_image","twitter_misc":{"Est. reading time":"2 minutes"},"schema":{"@context":"https:\/\/schema.org","@graph":[{"@type":"WebPage","@id":"https:\/\/sen-shop.com\/hr\/collections\/prehrambeni-dodaci\/srce-vene-i-hemoroidi\/heljda-za-prosirene-vene\/","url":"https:\/\/sen-shop.com\/hr\/collections\/prehrambeni-dodaci\/srce-vene-i-hemoroidi\/heljda-za-prosirene-vene\/","name":"Heljda, za pomo\u0107 kod pro\u0161irenih vena, umornih nogu i hemoroida","isPartOf":{"@id":"https:\/\/sen-shop.com\/hr\/#website"},"datePublished":"2017-11-16T13:48:33+00:00","dateModified":"2022-11-01T22:00:58+00:00","description":"Mu\u010de vas pro\u0161irene vene, umorne noge ili hemoroidi? Umanjite sve pote\u0161ko\u0107e uz prirodni produkt heljda. Brza dostava i garancija na zadovoljstvo!","breadcrumb":{"@id":"https:\/\/sen-shop.com\/hr\/collections\/prehrambeni-dodaci\/srce-vene-i-hemoroidi\/heljda-za-prosirene-vene\/#breadcrumb"},"inLanguage":"hr-HR","potentialAction":[{"@type":"ReadAction","target":["https:\/\/sen-shop.com\/hr\/collections\/prehrambeni-dodaci\/srce-vene-i-hemoroidi\/heljda-za-prosirene-vene\/"]}]},{"@type":"BreadcrumbList","@id":"https:\/\/sen-shop.com\/hr\/collections\/prehrambeni-dodaci\/srce-vene-i-hemoroidi\/heljda-za-prosirene-vene\/#breadcrumb","itemListElement":[{"@type":"ListItem","position":1,"name":"Home","item":"https:\/\/sen-shop.com\/hr\/"},{"@type":"ListItem","position":2,"name":"Heljda, za pro\u0161irene vene"}]},{"@type":"WebSite","@id":"https:\/\/sen-shop.com\/hr\/#website","url":"https:\/\/sen-shop.com\/hr\/","name":"SEN Shop","description":"Slovensko, Ekolo\u0161ko, Naravno","publisher":{"@id":"https:\/\/sen-shop.com\/hr\/#organization"},"potentialAction":[{"@type":"SearchAction","target":{"@type":"EntryPoint","urlTemplate":"https:\/\/sen-shop.com\/hr\/?s={search_term_string}"},"query-input":"required name=search_term_string"}],"inLanguage":"hr-HR"},{"@type":"Organization","@id":"https:\/\/sen-shop.com\/hr\/#organization","name":"Mind trade d.o.o","url":"https:\/\/sen-shop.com\/hr\/","logo":{"@type":"ImageObject","inLanguage":"hr-HR","@id":"https:\/\/sen-shop.com\/hr\/#\/schema\/logo\/image\/","url":"https:\/\/sen-shop.com\/wp-content\/uploads\/2018\/05\/header_logo.png","contentUrl":"https:\/\/sen-shop.com\/wp-content\/uploads\/2018\/05\/header_logo.png","width":138,"height":70,"caption":"Mind trade d.o.o"},"image":{"@id":"https:\/\/sen-shop.com\/hr\/#\/schema\/logo\/image\/"},"sameAs":["https:\/\/www.instagram.com\/senslovenija\/","https:\/\/www.facebook.com\/Senshopslovenija"]}]}},"_links":{"self":[{"href":"https:\/\/sen-shop.com\/hr\/wp-json\/wp\/v2\/product\/27098","targetHints":{"allow":["GET"]}}],"collection":[{"href":"https:\/\/sen-shop.com\/hr\/wp-json\/wp\/v2\/product"}],"about":[{"href":"https:\/\/sen-shop.com\/hr\/wp-json\/wp\/v2\/types\/product"}],"replies":[{"embeddable":true,"href":"https:\/\/sen-shop.com\/hr\/wp-json\/wp\/v2\/comments?post=27098"}],"wp:featuredmedia":[{"embeddable":true,"href":"https:\/\/sen-shop.com\/hr\/wp-json\/wp\/v2\/media\/30364"}],"wp:attachment":[{"href":"https:\/\/sen-shop.com\/hr\/wp-json\/wp\/v2\/media?parent=27098"}],"wp:term":[{"taxonomy":"product_cat","embeddable":true,"href":"https:\/\/sen-shop.com\/hr\/wp-json\/wp\/v2\/product_cat?post=27098"},{"taxonomy":"product_tag","embeddable":true,"href":"https:\/\/sen-shop.com\/hr\/wp-json\/wp\/v2\/product_tag?post=27098"}],"curies":[{"name":"wp","href":"https:\/\/api.w.org\/{rel}","templated":true}]}}