{"id":27096,"date":"2017-10-23T14:51:00","date_gmt":"2017-10-23T12:51:00","guid":{"rendered":"https:\/\/www.sen-shop.com\/collections\/uncategorized\/valerijana-hmelj-maticnjak-kapsule\/"},"modified":"2021-12-02T11:26:47","modified_gmt":"2021-12-02T10:26:47","slug":"kapsule-za-smirenje-i-miran-san-nesanica","status":"publish","type":"product","link":"https:\/\/sen-shop.com\/hr\/collections\/prehrambeni-dodaci\/menopausa\/kapsule-za-smirenje-i-miran-san-nesanica\/","title":{"rendered":"Hmelj, mati\u010dnjak i marakuja"},"content":{"rendered":"<p>[vc_row][vc_column][vc_column_text css=&#8221;.vc_custom_1625556342761{padding-top: 30px !important;padding-right: 30px !important;padding-bottom: 30px !important;padding-left: 30px !important;background-color: #c9db95 !important;}&#8221;]<br \/>\n<strong>Hmelj<\/strong> sadr\u017ei do tri puta vi\u0161e vitamina C od limuna i niz drugih minerala, gorkih tvari, flavonoida, karotenoida i bioaktivnih tvari. To ga \u010dini izvrsnim za ja\u010danje organizma, poticanje probave te poma\u017ee u izgradnji i kontinuiranoj obnovi obrambenog zida od bolesti. <strong>Djeluje opu\u0161taju\u0107e i umiruju\u0107e.<\/strong><\/p>\n<p><strong>Mati\u010dnjak <\/strong>poma\u017ee kod probavnih problema kao \u0161to su probavne smetnje, prevelika kiselost, mu\u010dnina, nadutost i gr\u010devi. To je <strong>blagi sedativ koji poma\u017ee<\/strong> kod tuge, <strong>tjeskobe, depresije,<\/strong> lijenosti, histerije, <strong>stresa, nesanice,<\/strong> migrene, menopauze, bezvoljnosti, <strong>nemira<\/strong> i <strong>razdra\u017eljivosti.<\/strong> Tako\u0111er ja\u010da srce i sni\u017eava krvni tlak.<\/p>\n<p><strong>Pasiflora<\/strong> se tradicionalno koristi za <strong>ubla\u017eavanje tjeskobe, <\/strong>nemira, nesanice, lupanja srca, <strong>problema u menopauzi,<\/strong> a <strong>poma\u017ee i kod odvikavanja<\/strong> od morfija, <strong>alkohola i pu\u0161enja.<\/strong><\/p>\n<p>[\/vc_column_text][\/vc_column][\/vc_row][vc_row][vc_column][vc_column_text css=&#8221;.vc_custom_1625556357368{padding-top: 30px !important;padding-right: 30px !important;padding-bottom: 30px !important;padding-left: 30px !important;background-color: #ededed !important;}&#8221;]\ud83d\udc49 Za najbolji rezultat kapsule sadr\u017ee to\u010dno preporu\u010denu koli\u010dinu aktivnih sastojaka.<\/p>\n<p>\ud83d\udc49 Jedna kapsula 2 puta dnevno.<\/p>\n<p>\ud83d\udc49 Idealna kombinacija za dubok i miran san.<\/p>\n<p>[\/vc_column_text][\/vc_column][\/vc_row][vc_row][vc_column][vc_column_text]Kapsule <strong>hmelja, mati\u010dnjaka i pasiflore<\/strong> sadr\u017ee samo prirodne sastojke i <strong>nemaju nuspojava.<\/strong> <strong>Prikladne su za redovitu, svakodnevnu upotrebu<\/strong>. Kapsule vas ne\u0107e umoriti pa ih mo\u017eete uzimati tijekom dana.<\/p>\n<p><strong>Pasiflora<\/strong> se koristi kao dodatak prehrani protiv <strong>tjeskobe<\/strong> i <strong>problema sa spavanjem,<\/strong> kao i za bol, probleme sa sr\u010danim ritmom,<strong> simptome menopauze<\/strong> i poreme\u0107aje pa\u017enje i hiperaktivnosti.<\/p>\n<p><strong>Mati\u010dnjak<\/strong> se u medicini koristi vi\u0161e od dvije tisu\u0107e godina. U Europu su ga donijeli Arapi preko \u0160panjolske. Ljekovita svojstva koja su mati\u010dnjaku pripisivali drevni iscjelitelji potvrdila je i znanstvena medicina.<\/p>\n<p>[\/vc_column_text][\/vc_column][\/vc_row]<\/p>\n","protected":false},"excerpt":{"rendered":"<p>Jeste li <strong>nemirni, pod stresom, nenaspavani? Opustite se i dobro naspavajte <\/strong>na prirodan na\u010din uz kapsule hmelja, mati\u010dnjaka i pasiflora.<\/p>\n<ul>\n<li>poma\u017eu vam da br\u017ee i lak\u0161e zaspite<\/li>\n<li>osiguravaju dubok i \u010dvrst san<\/li>\n<li>smanjuju napetost i stres<\/li>\n<li>opu\u0161taju i ja\u010daju otpor na stres<\/li>\n<\/ul>\n<p>Prirodni sastojci tako\u0111er <strong>poma\u017eu s anksiozno\u0161\u0107u.<\/strong><\/p>\n","protected":false},"featured_media":39723,"comment_status":"open","ping_status":"closed","template":"","meta":{"inline_featured_image":false},"product_cat":[423,440,403,441],"product_tag":[409,412,414,408,413,375,447,407,442,417],"class_list":["post-27096","product","type-product","status-publish","has-post-thumbnail","hentry","product_cat-crni-petak","product_cat-menopausa","product_cat-prehrambeni-dodaci","product_cat-utrujenost-hr","product_tag-analizator-sastava-tijela","product_tag-analizator-sastava-tjelesne-mase","product_tag-analizator-tanita","product_tag-analizator-tijela","product_tag-bc-601","product_tag-biljni","product_tag-menopauza","product_tag-pametna-vaga","product_tag-stres","product_tag-tanita-bc-601"],"acf":[],"yoast_head":"<!-- This site is optimized with the Yoast SEO plugin v19.13 - https:\/\/yoast.com\/wordpress\/plugins\/seo\/ -->\n<title>Hmelj, mati\u010dnjak i marakuja za smirenje | Nesanica i umor<\/title>\n<meta name=\"description\" content=\"Mu\u010di vas nesanica? Nemirni ste, pod stresom, mu\u010di vas slabo spavanje? Opustite se s kapsulama od hmelja, marakuje i mati\u010dnjaka. \u017divot bez stresa.\" \/>\n<meta name=\"robots\" content=\"index, follow, max-snippet:-1, max-image-preview:large, max-video-preview:-1\" \/>\n<link rel=\"canonical\" href=\"https:\/\/sen-shop.com\/hr\/collections\/prehrambeni-dodaci\/menopausa\/kapsule-za-smirenje-i-miran-san-nesanica\/\" \/>\n<meta property=\"og:locale\" content=\"hr_HR\" \/>\n<meta property=\"og:type\" content=\"article\" \/>\n<meta property=\"og:title\" content=\"Hmelj, mati\u010dnjak i marakuja za smirenje | Nesanica i umor\" \/>\n<meta property=\"og:description\" content=\"Mu\u010di vas nesanica? Nemirni ste, pod stresom, mu\u010di vas slabo spavanje? Opustite se s kapsulama od hmelja, marakuje i mati\u010dnjaka. \u017divot bez stresa.\" \/>\n<meta property=\"og:url\" content=\"https:\/\/sen-shop.com\/hr\/collections\/prehrambeni-dodaci\/menopausa\/kapsule-za-smirenje-i-miran-san-nesanica\/\" \/>\n<meta property=\"og:site_name\" content=\"SEN Shop\" \/>\n<meta property=\"article:publisher\" content=\"https:\/\/www.facebook.com\/Senshopslovenija\" \/>\n<meta property=\"article:modified_time\" content=\"2021-12-02T10:26:47+00:00\" \/>\n<meta property=\"og:image\" content=\"https:\/\/sen-shop.com\/wp-content\/uploads\/2017\/10\/Hmelj_SL_HR_spl.jpg\" \/>\n\t<meta property=\"og:image:width\" content=\"1400\" \/>\n\t<meta property=\"og:image:height\" content=\"1400\" \/>\n\t<meta property=\"og:image:type\" content=\"image\/jpeg\" \/>\n<meta name=\"twitter:card\" content=\"summary_large_image\" \/>\n<meta name=\"twitter:label1\" content=\"Est. reading time\" \/>\n\t<meta name=\"twitter:data1\" content=\"2 minutes\" \/>\n<script type=\"application\/ld+json\" class=\"yoast-schema-graph\">{\"@context\":\"https:\/\/schema.org\",\"@graph\":[{\"@type\":\"WebPage\",\"@id\":\"https:\/\/sen-shop.com\/hr\/collections\/prehrambeni-dodaci\/menopausa\/kapsule-za-smirenje-i-miran-san-nesanica\/\",\"url\":\"https:\/\/sen-shop.com\/hr\/collections\/prehrambeni-dodaci\/menopausa\/kapsule-za-smirenje-i-miran-san-nesanica\/\",\"name\":\"Hmelj, mati\u010dnjak i marakuja za smirenje | Nesanica i umor\",\"isPartOf\":{\"@id\":\"https:\/\/sen-shop.com\/hr\/#website\"},\"datePublished\":\"2017-10-23T12:51:00+00:00\",\"dateModified\":\"2021-12-02T10:26:47+00:00\",\"description\":\"Mu\u010di vas nesanica? Nemirni ste, pod stresom, mu\u010di vas slabo spavanje? Opustite se s kapsulama od hmelja, marakuje i mati\u010dnjaka. \u017divot bez stresa.\",\"breadcrumb\":{\"@id\":\"https:\/\/sen-shop.com\/hr\/collections\/prehrambeni-dodaci\/menopausa\/kapsule-za-smirenje-i-miran-san-nesanica\/#breadcrumb\"},\"inLanguage\":\"hr-HR\",\"potentialAction\":[{\"@type\":\"ReadAction\",\"target\":[\"https:\/\/sen-shop.com\/hr\/collections\/prehrambeni-dodaci\/menopausa\/kapsule-za-smirenje-i-miran-san-nesanica\/\"]}]},{\"@type\":\"BreadcrumbList\",\"@id\":\"https:\/\/sen-shop.com\/hr\/collections\/prehrambeni-dodaci\/menopausa\/kapsule-za-smirenje-i-miran-san-nesanica\/#breadcrumb\",\"itemListElement\":[{\"@type\":\"ListItem\",\"position\":1,\"name\":\"Home\",\"item\":\"https:\/\/sen-shop.com\/hr\/\"},{\"@type\":\"ListItem\",\"position\":2,\"name\":\"Hmelj, mati\u010dnjak i marakuja\"}]},{\"@type\":\"WebSite\",\"@id\":\"https:\/\/sen-shop.com\/hr\/#website\",\"url\":\"https:\/\/sen-shop.com\/hr\/\",\"name\":\"SEN Shop\",\"description\":\"Slovensko, Ekolo\u0161ko, Naravno\",\"publisher\":{\"@id\":\"https:\/\/sen-shop.com\/hr\/#organization\"},\"potentialAction\":[{\"@type\":\"SearchAction\",\"target\":{\"@type\":\"EntryPoint\",\"urlTemplate\":\"https:\/\/sen-shop.com\/hr\/?s={search_term_string}\"},\"query-input\":\"required name=search_term_string\"}],\"inLanguage\":\"hr-HR\"},{\"@type\":\"Organization\",\"@id\":\"https:\/\/sen-shop.com\/hr\/#organization\",\"name\":\"Mind trade d.o.o\",\"url\":\"https:\/\/sen-shop.com\/hr\/\",\"logo\":{\"@type\":\"ImageObject\",\"inLanguage\":\"hr-HR\",\"@id\":\"https:\/\/sen-shop.com\/hr\/#\/schema\/logo\/image\/\",\"url\":\"https:\/\/sen-shop.com\/wp-content\/uploads\/2018\/05\/header_logo.png\",\"contentUrl\":\"https:\/\/sen-shop.com\/wp-content\/uploads\/2018\/05\/header_logo.png\",\"width\":138,\"height\":70,\"caption\":\"Mind trade d.o.o\"},\"image\":{\"@id\":\"https:\/\/sen-shop.com\/hr\/#\/schema\/logo\/image\/\"},\"sameAs\":[\"https:\/\/www.instagram.com\/senslovenija\/\",\"https:\/\/www.facebook.com\/Senshopslovenija\"]}]}<\/script>\n<!-- \/ Yoast SEO plugin. -->","yoast_head_json":{"title":"Hmelj, mati\u010dnjak i marakuja za smirenje | Nesanica i umor","description":"Mu\u010di vas nesanica? Nemirni ste, pod stresom, mu\u010di vas slabo spavanje? Opustite se s kapsulama od hmelja, marakuje i mati\u010dnjaka. \u017divot bez stresa.","robots":{"index":"index","follow":"follow","max-snippet":"max-snippet:-1","max-image-preview":"max-image-preview:large","max-video-preview":"max-video-preview:-1"},"canonical":"https:\/\/sen-shop.com\/hr\/collections\/prehrambeni-dodaci\/menopausa\/kapsule-za-smirenje-i-miran-san-nesanica\/","og_locale":"hr_HR","og_type":"article","og_title":"Hmelj, mati\u010dnjak i marakuja za smirenje | Nesanica i umor","og_description":"Mu\u010di vas nesanica? Nemirni ste, pod stresom, mu\u010di vas slabo spavanje? Opustite se s kapsulama od hmelja, marakuje i mati\u010dnjaka. \u017divot bez stresa.","og_url":"https:\/\/sen-shop.com\/hr\/collections\/prehrambeni-dodaci\/menopausa\/kapsule-za-smirenje-i-miran-san-nesanica\/","og_site_name":"SEN Shop","article_publisher":"https:\/\/www.facebook.com\/Senshopslovenija","article_modified_time":"2021-12-02T10:26:47+00:00","og_image":[{"width":1400,"height":1400,"url":"https:\/\/sen-shop.com\/wp-content\/uploads\/2017\/10\/Hmelj_SL_HR_spl.jpg","type":"image\/jpeg"}],"twitter_card":"summary_large_image","twitter_misc":{"Est. reading time":"2 minutes"},"schema":{"@context":"https:\/\/schema.org","@graph":[{"@type":"WebPage","@id":"https:\/\/sen-shop.com\/hr\/collections\/prehrambeni-dodaci\/menopausa\/kapsule-za-smirenje-i-miran-san-nesanica\/","url":"https:\/\/sen-shop.com\/hr\/collections\/prehrambeni-dodaci\/menopausa\/kapsule-za-smirenje-i-miran-san-nesanica\/","name":"Hmelj, mati\u010dnjak i marakuja za smirenje | Nesanica i umor","isPartOf":{"@id":"https:\/\/sen-shop.com\/hr\/#website"},"datePublished":"2017-10-23T12:51:00+00:00","dateModified":"2021-12-02T10:26:47+00:00","description":"Mu\u010di vas nesanica? Nemirni ste, pod stresom, mu\u010di vas slabo spavanje? Opustite se s kapsulama od hmelja, marakuje i mati\u010dnjaka. \u017divot bez stresa.","breadcrumb":{"@id":"https:\/\/sen-shop.com\/hr\/collections\/prehrambeni-dodaci\/menopausa\/kapsule-za-smirenje-i-miran-san-nesanica\/#breadcrumb"},"inLanguage":"hr-HR","potentialAction":[{"@type":"ReadAction","target":["https:\/\/sen-shop.com\/hr\/collections\/prehrambeni-dodaci\/menopausa\/kapsule-za-smirenje-i-miran-san-nesanica\/"]}]},{"@type":"BreadcrumbList","@id":"https:\/\/sen-shop.com\/hr\/collections\/prehrambeni-dodaci\/menopausa\/kapsule-za-smirenje-i-miran-san-nesanica\/#breadcrumb","itemListElement":[{"@type":"ListItem","position":1,"name":"Home","item":"https:\/\/sen-shop.com\/hr\/"},{"@type":"ListItem","position":2,"name":"Hmelj, mati\u010dnjak i marakuja"}]},{"@type":"WebSite","@id":"https:\/\/sen-shop.com\/hr\/#website","url":"https:\/\/sen-shop.com\/hr\/","name":"SEN Shop","description":"Slovensko, Ekolo\u0161ko, Naravno","publisher":{"@id":"https:\/\/sen-shop.com\/hr\/#organization"},"potentialAction":[{"@type":"SearchAction","target":{"@type":"EntryPoint","urlTemplate":"https:\/\/sen-shop.com\/hr\/?s={search_term_string}"},"query-input":"required name=search_term_string"}],"inLanguage":"hr-HR"},{"@type":"Organization","@id":"https:\/\/sen-shop.com\/hr\/#organization","name":"Mind trade d.o.o","url":"https:\/\/sen-shop.com\/hr\/","logo":{"@type":"ImageObject","inLanguage":"hr-HR","@id":"https:\/\/sen-shop.com\/hr\/#\/schema\/logo\/image\/","url":"https:\/\/sen-shop.com\/wp-content\/uploads\/2018\/05\/header_logo.png","contentUrl":"https:\/\/sen-shop.com\/wp-content\/uploads\/2018\/05\/header_logo.png","width":138,"height":70,"caption":"Mind trade d.o.o"},"image":{"@id":"https:\/\/sen-shop.com\/hr\/#\/schema\/logo\/image\/"},"sameAs":["https:\/\/www.instagram.com\/senslovenija\/","https:\/\/www.facebook.com\/Senshopslovenija"]}]}},"_links":{"self":[{"href":"https:\/\/sen-shop.com\/hr\/wp-json\/wp\/v2\/product\/27096","targetHints":{"allow":["GET"]}}],"collection":[{"href":"https:\/\/sen-shop.com\/hr\/wp-json\/wp\/v2\/product"}],"about":[{"href":"https:\/\/sen-shop.com\/hr\/wp-json\/wp\/v2\/types\/product"}],"replies":[{"embeddable":true,"href":"https:\/\/sen-shop.com\/hr\/wp-json\/wp\/v2\/comments?post=27096"}],"wp:featuredmedia":[{"embeddable":true,"href":"https:\/\/sen-shop.com\/hr\/wp-json\/wp\/v2\/media\/39723"}],"wp:attachment":[{"href":"https:\/\/sen-shop.com\/hr\/wp-json\/wp\/v2\/media?parent=27096"}],"wp:term":[{"taxonomy":"product_cat","embeddable":true,"href":"https:\/\/sen-shop.com\/hr\/wp-json\/wp\/v2\/product_cat?post=27096"},{"taxonomy":"product_tag","embeddable":true,"href":"https:\/\/sen-shop.com\/hr\/wp-json\/wp\/v2\/product_tag?post=27096"}],"curies":[{"name":"wp","href":"https:\/\/api.w.org\/{rel}","templated":true}]}}