{"id":27093,"date":"2016-10-11T14:40:50","date_gmt":"2016-10-11T12:40:50","guid":{"rendered":"https:\/\/www.sen-shop.com\/collections\/uncategorized\/palmeta-africka-sljiva-kopriva-bucine-sjemenke-kapsule\/"},"modified":"2021-12-06T11:15:15","modified_gmt":"2021-12-06T10:15:15","slug":"palmeto-sabal-palma-za-potporu-prostate-2","status":"publish","type":"product","link":"https:\/\/sen-shop.com\/hr\/collections\/prehrambeni-dodaci\/problemi-s-prostatom\/palmeto-sabal-palma-za-potporu-prostate-2\/","title":{"rendered":"Palmeto (sabal palma) za potporu prostate"},"content":{"rendered":"<p>[vc_row][vc_column][vc_column_text css=&#8221;.vc_custom_1625563903700{padding-top: 30px !important;padding-right: 30px !important;padding-bottom: 30px !important;padding-left: 30px !important;background-color: #c9db95 !important;}&#8221;]<br \/>\nEkstrakt <strong>sabal palme<\/strong> bogat je raznim masnim kiselinama, ali su od posebnog zna\u010daja njeni brojni fitosteroli i polisaharidi, koji <strong>povoljno utje\u010du na razinu mu\u0161kog spolnog hormona testosterona i hormonsku ravnote\u017eu<\/strong> u samom mu\u0161kom organizmu. <strong>Poma\u017ee kod <\/strong>problema kao \u0161to su <strong>pove\u0107anje prostate, ubla\u017eava<\/strong> razne upale ili <strong>urolo\u0161ke probleme.<\/strong><\/p>\n<p><strong>Kopriva je klju\u010dna <\/strong>za probleme kod<strong> pove\u0107ane prostate <\/strong>a istovremeno i <strong>promi\u010de pro\u010di\u0161\u0107avanje.<\/strong> Pozitivan u\u010dinak jo\u0161 je izra\u017eeniji u kombinaciji sa sabal palmom.<\/p>\n<p><strong>Listovi breze poti\u010du eliminaciju vode<\/strong> i \u017eu\u010di, <strong>uravnote\u017euju kolesterol u krvi.<\/strong> Ima dezinfekcijski i umiruju\u0107i u\u010dinak na tijelo.<\/p>\n<p><strong>Sjemenke bundeve <\/strong>bogat su izvor kalcija, \u017eeljeza, magnezija, kalija, fosfora, cinka i esencijalnih masnih kiselina, koje djeluju blagotvorno na prostatu i imunolo\u0161ki sustav. Ekstrakt sjemenki bundeve <strong>pospje\u0161uje pra\u017enjenje mjehura, ja\u010da bubrege, \u0161titi prostatu <\/strong>i pru\u017ea dugotrajno olak\u0161anje od neugodnih simptoma. Dodatno, povoljno djeluje i na rad mokra\u0107nog mjehura kod \u017eena.[\/vc_column_text][\/vc_column][\/vc_row][vc_row][vc_column][vc_column_text css=&#8221;.vc_custom_1625563918331{padding-top: 30px !important;padding-right: 30px !important;padding-bottom: 30px !important;padding-left: 30px !important;background-color: #ededed !important;}&#8221;]\ud83d\udc49 Za najbolje rezultate, kapsule sadr\u017ee to\u010dnu preporu\u010denu koli\u010dinu od pet aktivnih sastojaka.<\/p>\n<p>\ud83d\udc49 Samo jedna kapsula dnevno.<\/p>\n<p>\ud83d\udc49 U slu\u010daju ve\u0107ih problema preporu\u010duje se posjetiti specijalista.[\/vc_column_text][\/vc_column][\/vc_row][vc_row][vc_column][vc_column_text css=&#8221;.vc_custom_1625563987019{background-color: #ffffff !important;}&#8221;]<strong>Prostata<\/strong> je mala <strong>mu\u0161ka spolna \u017elijezda<\/strong> koja mo\u017ee uzrokovati velike probleme u \u017eivotu mu\u0161karca. Prostata pri ro\u0111enju te\u017ei samo nekoliko grama i <strong>nastavlja rasti tijekom \u017eivota.<\/strong> Taj rast \u010desto ne uzrokuje ve\u0107e probleme do 40. godine. Me\u0111utim, mnogi mogu imati problema s mokrenjem i prije 60. godine. Razli\u010diti oblici nelagode uglavnom se po\u010dinju javljati u zrelim godinama. Prema istra\u017eivanjima, \u010dak j<strong>edna tre\u0107ina mu\u0161karaca nakon 65. godine pati od problema s mokrenjem kao \u010deste posljedice rasta prostate.<\/strong>[\/vc_column_text][\/vc_column][\/vc_row]<\/p>\n","protected":false},"excerpt":{"rendered":"<p>Za potporu<strong> problema s mokra\u0107nim mjehurom i prostatom, <\/strong>sve vi\u0161e stru\u010dnjaka preporu\u010duje <strong>biljne lijekove<\/strong> poput kombinacije sabal palme, koprive, listova breze i sjemenki bundeve.<\/p>\n<ul>\n<li>\u0161titi i sprje\u010dava pove\u0107anje prostate<\/li>\n<li>oja\u010dava mjehur i mokra\u0107ne putove<\/li>\n<li>smanjuje u\u010destalost no\u0107nog mokrenja<\/li>\n<li>brine se da se mjehur temeljito isprazni<\/li>\n<\/ul>\n<p>Znate li da tre\u0107ina mu\u0161karaca nakon dobi od 65 godina ima problema s prostatom?<\/p>\n<p><strong>Pove\u0107ana prostata mo\u017ee<\/strong> <strong>dovesti do pada seksualne potencije.<\/strong><\/p>\n","protected":false},"featured_media":30277,"comment_status":"open","ping_status":"closed","template":"","meta":{"inline_featured_image":false},"product_cat":[423,403,455],"product_tag":[375,456,442,457],"class_list":["post-27093","product","type-product","status-publish","has-post-thumbnail","hentry","product_cat-crni-petak","product_cat-prehrambeni-dodaci","product_cat-problemi-s-prostatom","product_tag-biljni","product_tag-prostata","product_tag-stres","product_tag-za-potenciju"],"acf":[],"yoast_head":"<!-- This site is optimized with the Yoast SEO plugin v19.13 - https:\/\/yoast.com\/wordpress\/plugins\/seo\/ -->\n<title>Palmeta + Afri\u010dka \u0160ljiva + Kopriva + Bu\u010dine sjemenke kapsule<\/title>\n<meta name=\"description\" content=\"Afri\u010dka \u0161ljiva da za\u0161titite mokra\u0107ni mjehur i prostatu uz prirodnu kombinaciju Palmeta kopriva kapsula s bu\u010dinim sjemenkama! 100% prirodno! Zdrava prostata\" \/>\n<meta name=\"robots\" content=\"index, follow, max-snippet:-1, max-image-preview:large, max-video-preview:-1\" \/>\n<link rel=\"canonical\" href=\"https:\/\/sen-shop.com\/hr\/collections\/prehrambeni-dodaci\/problemi-s-prostatom\/palmeto-sabal-palma-za-potporu-prostate-2\/\" \/>\n<meta property=\"og:locale\" content=\"hr_HR\" \/>\n<meta property=\"og:type\" content=\"article\" \/>\n<meta property=\"og:title\" content=\"Palmeta + Afri\u010dka \u0160ljiva + Kopriva + Bu\u010dine sjemenke kapsule\" \/>\n<meta property=\"og:description\" content=\"Afri\u010dka \u0161ljiva da za\u0161titite mokra\u0107ni mjehur i prostatu uz prirodnu kombinaciju Palmeta kopriva kapsula s bu\u010dinim sjemenkama! 100% prirodno! Zdrava prostata\" \/>\n<meta property=\"og:url\" content=\"https:\/\/sen-shop.com\/hr\/collections\/prehrambeni-dodaci\/problemi-s-prostatom\/palmeto-sabal-palma-za-potporu-prostate-2\/\" \/>\n<meta property=\"og:site_name\" content=\"SEN Shop\" \/>\n<meta property=\"article:publisher\" content=\"https:\/\/www.facebook.com\/Senshopslovenija\" \/>\n<meta property=\"article:modified_time\" content=\"2021-12-06T10:15:15+00:00\" \/>\n<meta property=\"og:image\" content=\"https:\/\/sen-shop.com\/wp-content\/uploads\/2016\/10\/Palmeto.png\" \/>\n\t<meta property=\"og:image:width\" content=\"700\" \/>\n\t<meta property=\"og:image:height\" content=\"700\" \/>\n\t<meta property=\"og:image:type\" content=\"image\/png\" \/>\n<meta name=\"twitter:card\" content=\"summary_large_image\" \/>\n<meta name=\"twitter:label1\" content=\"Est. reading time\" \/>\n\t<meta name=\"twitter:data1\" content=\"2 minutes\" \/>\n<script type=\"application\/ld+json\" class=\"yoast-schema-graph\">{\"@context\":\"https:\/\/schema.org\",\"@graph\":[{\"@type\":\"WebPage\",\"@id\":\"https:\/\/sen-shop.com\/hr\/collections\/prehrambeni-dodaci\/problemi-s-prostatom\/palmeto-sabal-palma-za-potporu-prostate-2\/\",\"url\":\"https:\/\/sen-shop.com\/hr\/collections\/prehrambeni-dodaci\/problemi-s-prostatom\/palmeto-sabal-palma-za-potporu-prostate-2\/\",\"name\":\"Palmeta + Afri\u010dka \u0160ljiva + Kopriva + Bu\u010dine sjemenke kapsule\",\"isPartOf\":{\"@id\":\"https:\/\/sen-shop.com\/hr\/#website\"},\"datePublished\":\"2016-10-11T12:40:50+00:00\",\"dateModified\":\"2021-12-06T10:15:15+00:00\",\"description\":\"Afri\u010dka \u0161ljiva da za\u0161titite mokra\u0107ni mjehur i prostatu uz prirodnu kombinaciju Palmeta kopriva kapsula s bu\u010dinim sjemenkama! 100% prirodno! Zdrava prostata\",\"breadcrumb\":{\"@id\":\"https:\/\/sen-shop.com\/hr\/collections\/prehrambeni-dodaci\/problemi-s-prostatom\/palmeto-sabal-palma-za-potporu-prostate-2\/#breadcrumb\"},\"inLanguage\":\"hr-HR\",\"potentialAction\":[{\"@type\":\"ReadAction\",\"target\":[\"https:\/\/sen-shop.com\/hr\/collections\/prehrambeni-dodaci\/problemi-s-prostatom\/palmeto-sabal-palma-za-potporu-prostate-2\/\"]}]},{\"@type\":\"BreadcrumbList\",\"@id\":\"https:\/\/sen-shop.com\/hr\/collections\/prehrambeni-dodaci\/problemi-s-prostatom\/palmeto-sabal-palma-za-potporu-prostate-2\/#breadcrumb\",\"itemListElement\":[{\"@type\":\"ListItem\",\"position\":1,\"name\":\"Home\",\"item\":\"https:\/\/sen-shop.com\/hr\/\"},{\"@type\":\"ListItem\",\"position\":2,\"name\":\"Palmeto (sabal palma) za potporu prostate\"}]},{\"@type\":\"WebSite\",\"@id\":\"https:\/\/sen-shop.com\/hr\/#website\",\"url\":\"https:\/\/sen-shop.com\/hr\/\",\"name\":\"SEN Shop\",\"description\":\"Slovensko, Ekolo\u0161ko, Naravno\",\"publisher\":{\"@id\":\"https:\/\/sen-shop.com\/hr\/#organization\"},\"potentialAction\":[{\"@type\":\"SearchAction\",\"target\":{\"@type\":\"EntryPoint\",\"urlTemplate\":\"https:\/\/sen-shop.com\/hr\/?s={search_term_string}\"},\"query-input\":\"required name=search_term_string\"}],\"inLanguage\":\"hr-HR\"},{\"@type\":\"Organization\",\"@id\":\"https:\/\/sen-shop.com\/hr\/#organization\",\"name\":\"Mind trade d.o.o\",\"url\":\"https:\/\/sen-shop.com\/hr\/\",\"logo\":{\"@type\":\"ImageObject\",\"inLanguage\":\"hr-HR\",\"@id\":\"https:\/\/sen-shop.com\/hr\/#\/schema\/logo\/image\/\",\"url\":\"https:\/\/sen-shop.com\/wp-content\/uploads\/2018\/05\/header_logo.png\",\"contentUrl\":\"https:\/\/sen-shop.com\/wp-content\/uploads\/2018\/05\/header_logo.png\",\"width\":138,\"height\":70,\"caption\":\"Mind trade d.o.o\"},\"image\":{\"@id\":\"https:\/\/sen-shop.com\/hr\/#\/schema\/logo\/image\/\"},\"sameAs\":[\"https:\/\/www.instagram.com\/senslovenija\/\",\"https:\/\/www.facebook.com\/Senshopslovenija\"]}]}<\/script>\n<!-- \/ Yoast SEO plugin. -->","yoast_head_json":{"title":"Palmeta + Afri\u010dka \u0160ljiva + Kopriva + Bu\u010dine sjemenke kapsule","description":"Afri\u010dka \u0161ljiva da za\u0161titite mokra\u0107ni mjehur i prostatu uz prirodnu kombinaciju Palmeta kopriva kapsula s bu\u010dinim sjemenkama! 100% prirodno! Zdrava prostata","robots":{"index":"index","follow":"follow","max-snippet":"max-snippet:-1","max-image-preview":"max-image-preview:large","max-video-preview":"max-video-preview:-1"},"canonical":"https:\/\/sen-shop.com\/hr\/collections\/prehrambeni-dodaci\/problemi-s-prostatom\/palmeto-sabal-palma-za-potporu-prostate-2\/","og_locale":"hr_HR","og_type":"article","og_title":"Palmeta + Afri\u010dka \u0160ljiva + Kopriva + Bu\u010dine sjemenke kapsule","og_description":"Afri\u010dka \u0161ljiva da za\u0161titite mokra\u0107ni mjehur i prostatu uz prirodnu kombinaciju Palmeta kopriva kapsula s bu\u010dinim sjemenkama! 100% prirodno! Zdrava prostata","og_url":"https:\/\/sen-shop.com\/hr\/collections\/prehrambeni-dodaci\/problemi-s-prostatom\/palmeto-sabal-palma-za-potporu-prostate-2\/","og_site_name":"SEN Shop","article_publisher":"https:\/\/www.facebook.com\/Senshopslovenija","article_modified_time":"2021-12-06T10:15:15+00:00","og_image":[{"width":700,"height":700,"url":"https:\/\/sen-shop.com\/wp-content\/uploads\/2016\/10\/Palmeto.png","type":"image\/png"}],"twitter_card":"summary_large_image","twitter_misc":{"Est. reading time":"2 minutes"},"schema":{"@context":"https:\/\/schema.org","@graph":[{"@type":"WebPage","@id":"https:\/\/sen-shop.com\/hr\/collections\/prehrambeni-dodaci\/problemi-s-prostatom\/palmeto-sabal-palma-za-potporu-prostate-2\/","url":"https:\/\/sen-shop.com\/hr\/collections\/prehrambeni-dodaci\/problemi-s-prostatom\/palmeto-sabal-palma-za-potporu-prostate-2\/","name":"Palmeta + Afri\u010dka \u0160ljiva + Kopriva + Bu\u010dine sjemenke kapsule","isPartOf":{"@id":"https:\/\/sen-shop.com\/hr\/#website"},"datePublished":"2016-10-11T12:40:50+00:00","dateModified":"2021-12-06T10:15:15+00:00","description":"Afri\u010dka \u0161ljiva da za\u0161titite mokra\u0107ni mjehur i prostatu uz prirodnu kombinaciju Palmeta kopriva kapsula s bu\u010dinim sjemenkama! 100% prirodno! Zdrava prostata","breadcrumb":{"@id":"https:\/\/sen-shop.com\/hr\/collections\/prehrambeni-dodaci\/problemi-s-prostatom\/palmeto-sabal-palma-za-potporu-prostate-2\/#breadcrumb"},"inLanguage":"hr-HR","potentialAction":[{"@type":"ReadAction","target":["https:\/\/sen-shop.com\/hr\/collections\/prehrambeni-dodaci\/problemi-s-prostatom\/palmeto-sabal-palma-za-potporu-prostate-2\/"]}]},{"@type":"BreadcrumbList","@id":"https:\/\/sen-shop.com\/hr\/collections\/prehrambeni-dodaci\/problemi-s-prostatom\/palmeto-sabal-palma-za-potporu-prostate-2\/#breadcrumb","itemListElement":[{"@type":"ListItem","position":1,"name":"Home","item":"https:\/\/sen-shop.com\/hr\/"},{"@type":"ListItem","position":2,"name":"Palmeto (sabal palma) za potporu prostate"}]},{"@type":"WebSite","@id":"https:\/\/sen-shop.com\/hr\/#website","url":"https:\/\/sen-shop.com\/hr\/","name":"SEN Shop","description":"Slovensko, Ekolo\u0161ko, Naravno","publisher":{"@id":"https:\/\/sen-shop.com\/hr\/#organization"},"potentialAction":[{"@type":"SearchAction","target":{"@type":"EntryPoint","urlTemplate":"https:\/\/sen-shop.com\/hr\/?s={search_term_string}"},"query-input":"required name=search_term_string"}],"inLanguage":"hr-HR"},{"@type":"Organization","@id":"https:\/\/sen-shop.com\/hr\/#organization","name":"Mind trade d.o.o","url":"https:\/\/sen-shop.com\/hr\/","logo":{"@type":"ImageObject","inLanguage":"hr-HR","@id":"https:\/\/sen-shop.com\/hr\/#\/schema\/logo\/image\/","url":"https:\/\/sen-shop.com\/wp-content\/uploads\/2018\/05\/header_logo.png","contentUrl":"https:\/\/sen-shop.com\/wp-content\/uploads\/2018\/05\/header_logo.png","width":138,"height":70,"caption":"Mind trade d.o.o"},"image":{"@id":"https:\/\/sen-shop.com\/hr\/#\/schema\/logo\/image\/"},"sameAs":["https:\/\/www.instagram.com\/senslovenija\/","https:\/\/www.facebook.com\/Senshopslovenija"]}]}},"_links":{"self":[{"href":"https:\/\/sen-shop.com\/hr\/wp-json\/wp\/v2\/product\/27093","targetHints":{"allow":["GET"]}}],"collection":[{"href":"https:\/\/sen-shop.com\/hr\/wp-json\/wp\/v2\/product"}],"about":[{"href":"https:\/\/sen-shop.com\/hr\/wp-json\/wp\/v2\/types\/product"}],"replies":[{"embeddable":true,"href":"https:\/\/sen-shop.com\/hr\/wp-json\/wp\/v2\/comments?post=27093"}],"wp:featuredmedia":[{"embeddable":true,"href":"https:\/\/sen-shop.com\/hr\/wp-json\/wp\/v2\/media\/30277"}],"wp:attachment":[{"href":"https:\/\/sen-shop.com\/hr\/wp-json\/wp\/v2\/media?parent=27093"}],"wp:term":[{"taxonomy":"product_cat","embeddable":true,"href":"https:\/\/sen-shop.com\/hr\/wp-json\/wp\/v2\/product_cat?post=27093"},{"taxonomy":"product_tag","embeddable":true,"href":"https:\/\/sen-shop.com\/hr\/wp-json\/wp\/v2\/product_tag?post=27093"}],"curies":[{"name":"wp","href":"https:\/\/api.w.org\/{rel}","templated":true}]}}