{"id":27085,"date":"2017-10-21T14:32:10","date_gmt":"2017-10-21T12:32:10","guid":{"rendered":"https:\/\/www.sen-shop.com\/collections\/uncategorized\/koenzim-q10-30-mg-kapsule\/"},"modified":"2021-12-03T10:08:58","modified_gmt":"2021-12-03T09:08:58","slug":"koenzim-q10-30-mg-kapsule","status":"publish","type":"product","link":"https:\/\/sen-shop.com\/hr\/collections\/prehrambeni-dodaci\/tezave-s-spominom\/koenzim-q10-30-mg-kapsule\/","title":{"rendered":"Koenzim Q10 &#8211; 30 mg kapsule"},"content":{"rendered":"<p>[vc_row][vc_column][vc_column_text css=&#8221;.vc_custom_1625491194723{padding-top: 30px !important;padding-right: 30px !important;padding-bottom: 30px !important;padding-left: 30px !important;background-color: #c9db95 !important;}&#8221;]<br \/>\n<strong>Koenzim Q10<\/strong> je prirodna tvar <strong>prisutna u svakoj \u017eivoj stanici. <\/strong>Nalazi se u visokim koncentracijama u svim va\u017enijim organima kao \u0161to su jetra, slezena, bubrezi, gu\u0161tera\u010da i srce. Tijelo dobiva koenzim Q10 djelomi\u010dno iz prehrane, a dijelom iz vlastite proizvodnje. Me\u0111utim, <strong>proizvodnja se s godinama smanjuje<\/strong> (izme\u0111u 30. i 40. godine). Stoga je preporu\u010dljivo dodatno uzimati koenzim Q10 od 30. godine na vi\u0161e te u vrijeme pove\u0107anog fizi\u010dkog ili mentalnog napora. Preporu\u010dena koli\u010dina za zdrave ljude je 30 mg dnevno.<\/p>\n<p>Nudimo i 30 mg koenzim Q10 kapsule sa sojinim uljem i 50 mg koenzim Q10 kapsule s dodatkom vitamina E i C.<\/p>\n<p>[\/vc_column_text][\/vc_column][\/vc_row][vc_row][vc_column][vc_column_text css=&#8221;.vc_custom_1625491212770{padding-top: 30px !important;padding-right: 30px !important;padding-bottom: 30px !important;padding-left: 30px !important;background-color: #ededed !important;}&#8221;]\ud83d\udc49 Koenzim Q10 se najbolje apsorbira ako se uzima prije obroka u obliku kapsule.<\/p>\n<p>\ud83d\udc49 Jedna kapsula dnevno.<\/p>\n<p>[\/vc_column_text][\/vc_column][\/vc_row][vc_row][vc_column][vc_column_text]<strong>Koenzim Q10<\/strong> dobiva se izvora prehrane kao \u0161to su meso, bubrezi, masna morska riba, maslac, \u017eumanjci i biljna ulja. Budu\u0107i da nije postojan na vi\u0161im temperaturama, kuhanjem hrane se gubi. Stoga se <strong>preporu\u010duje suplementacija<\/strong> u obliku dodataka prehrani.[\/vc_column_text][\/vc_column][\/vc_row]<\/p>\n","protected":false},"excerpt":{"rendered":"<p>&nbsp;<\/p>\n<p>Zbog svoje va\u017ene uloge u na\u0161im tijelima, koenzim <strong>Q10 <\/strong>se jo\u0161 naziva i <strong>koenzimom mladolikosti. <\/strong>Kako starimo, tako ga je sve manje i preporu\u010duje se uzimanje dodataka.<\/p>\n<ul>\n<li>usporava starenje<\/li>\n<li>antioksidant, \u0161titi protiv oslobo\u0111enih radikala<\/li>\n<li>oja\u010dava mi\u0161i\u0107 srca<\/li>\n<li>umanjuje stres i u\u010dinak tjelesnog naprezanja<\/li>\n<li>za bolju dobrobit i vitalnost<\/li>\n<\/ul>\n<p><strong>Q10 se preporu\u010duje svima<\/strong> koji \u017eele \u017eivjeti \u017eivot puni energije, starijim ljudima i sporta\u0161ima.<\/p>\n","protected":false},"featured_media":39094,"comment_status":"open","ping_status":"closed","template":"","meta":{"inline_featured_image":false},"product_cat":[423,440,403,450,439,441],"product_tag":[409,412,414,408,413,375,443,407,451,442],"class_list":["post-27085","product","type-product","status-publish","has-post-thumbnail","hentry","product_cat-crni-petak","product_cat-menopausa","product_cat-prehrambeni-dodaci","product_cat-srce-vene-i-hemoroidi","product_cat-tezave-s-spominom","product_cat-utrujenost-hr","product_tag-analizator-sastava-tijela","product_tag-analizator-sastava-tjelesne-mase","product_tag-analizator-tanita","product_tag-analizator-tijela","product_tag-bc-601","product_tag-biljni","product_tag-imunoloski-sustav","product_tag-pametna-vaga","product_tag-q10-hr","product_tag-stres"],"acf":[],"yoast_head":"<!-- This site is optimized with the Yoast SEO plugin v19.13 - https:\/\/yoast.com\/wordpress\/plugins\/seo\/ -->\n<title>Koenzim Q10 za va\u0161e srce, jetru i bubrege | Pru\u017eite va\u0161em tijelu najbolje<\/title>\n<meta name=\"description\" content=\"Tijelo u 30-oj godini smanjuje proizvodnju koenzima q10 i iz tog razloga je bitno, da ga unosite u va\u0161e tijelo prirodnim putem. 100% prirodno.\" \/>\n<meta name=\"robots\" content=\"index, follow, max-snippet:-1, max-image-preview:large, max-video-preview:-1\" \/>\n<link rel=\"canonical\" href=\"https:\/\/sen-shop.com\/hr\/collections\/prehrambeni-dodaci\/tezave-s-spominom\/koenzim-q10-30-mg-kapsule\/\" \/>\n<meta property=\"og:locale\" content=\"hr_HR\" \/>\n<meta property=\"og:type\" content=\"article\" \/>\n<meta property=\"og:title\" content=\"Koenzim Q10 za va\u0161e srce, jetru i bubrege | Pru\u017eite va\u0161em tijelu najbolje\" \/>\n<meta property=\"og:description\" content=\"Tijelo u 30-oj godini smanjuje proizvodnju koenzima q10 i iz tog razloga je bitno, da ga unosite u va\u0161e tijelo prirodnim putem. 100% prirodno.\" \/>\n<meta property=\"og:url\" content=\"https:\/\/sen-shop.com\/hr\/collections\/prehrambeni-dodaci\/tezave-s-spominom\/koenzim-q10-30-mg-kapsule\/\" \/>\n<meta property=\"og:site_name\" content=\"SEN Shop\" \/>\n<meta property=\"article:publisher\" content=\"https:\/\/www.facebook.com\/Senshopslovenija\" \/>\n<meta property=\"article:modified_time\" content=\"2021-12-03T09:08:58+00:00\" \/>\n<meta property=\"og:image\" content=\"https:\/\/sen-shop.com\/wp-content\/uploads\/2017\/10\/Koencim-Q10-30mg.jpg\" \/>\n\t<meta property=\"og:image:width\" content=\"1400\" \/>\n\t<meta property=\"og:image:height\" content=\"1400\" \/>\n\t<meta property=\"og:image:type\" content=\"image\/jpeg\" \/>\n<meta name=\"twitter:card\" content=\"summary_large_image\" \/>\n<meta name=\"twitter:label1\" content=\"Est. reading time\" \/>\n\t<meta name=\"twitter:data1\" content=\"1 minute\" \/>\n<script type=\"application\/ld+json\" class=\"yoast-schema-graph\">{\"@context\":\"https:\/\/schema.org\",\"@graph\":[{\"@type\":\"WebPage\",\"@id\":\"https:\/\/sen-shop.com\/hr\/collections\/prehrambeni-dodaci\/tezave-s-spominom\/koenzim-q10-30-mg-kapsule\/\",\"url\":\"https:\/\/sen-shop.com\/hr\/collections\/prehrambeni-dodaci\/tezave-s-spominom\/koenzim-q10-30-mg-kapsule\/\",\"name\":\"Koenzim Q10 za va\u0161e srce, jetru i bubrege | Pru\u017eite va\u0161em tijelu najbolje\",\"isPartOf\":{\"@id\":\"https:\/\/sen-shop.com\/hr\/#website\"},\"datePublished\":\"2017-10-21T12:32:10+00:00\",\"dateModified\":\"2021-12-03T09:08:58+00:00\",\"description\":\"Tijelo u 30-oj godini smanjuje proizvodnju koenzima q10 i iz tog razloga je bitno, da ga unosite u va\u0161e tijelo prirodnim putem. 100% prirodno.\",\"breadcrumb\":{\"@id\":\"https:\/\/sen-shop.com\/hr\/collections\/prehrambeni-dodaci\/tezave-s-spominom\/koenzim-q10-30-mg-kapsule\/#breadcrumb\"},\"inLanguage\":\"hr-HR\",\"potentialAction\":[{\"@type\":\"ReadAction\",\"target\":[\"https:\/\/sen-shop.com\/hr\/collections\/prehrambeni-dodaci\/tezave-s-spominom\/koenzim-q10-30-mg-kapsule\/\"]}]},{\"@type\":\"BreadcrumbList\",\"@id\":\"https:\/\/sen-shop.com\/hr\/collections\/prehrambeni-dodaci\/tezave-s-spominom\/koenzim-q10-30-mg-kapsule\/#breadcrumb\",\"itemListElement\":[{\"@type\":\"ListItem\",\"position\":1,\"name\":\"Home\",\"item\":\"https:\/\/sen-shop.com\/hr\/\"},{\"@type\":\"ListItem\",\"position\":2,\"name\":\"Koenzim Q10 &#8211; 30 mg kapsule\"}]},{\"@type\":\"WebSite\",\"@id\":\"https:\/\/sen-shop.com\/hr\/#website\",\"url\":\"https:\/\/sen-shop.com\/hr\/\",\"name\":\"SEN Shop\",\"description\":\"Slovensko, Ekolo\u0161ko, Naravno\",\"publisher\":{\"@id\":\"https:\/\/sen-shop.com\/hr\/#organization\"},\"potentialAction\":[{\"@type\":\"SearchAction\",\"target\":{\"@type\":\"EntryPoint\",\"urlTemplate\":\"https:\/\/sen-shop.com\/hr\/?s={search_term_string}\"},\"query-input\":\"required name=search_term_string\"}],\"inLanguage\":\"hr-HR\"},{\"@type\":\"Organization\",\"@id\":\"https:\/\/sen-shop.com\/hr\/#organization\",\"name\":\"Mind trade d.o.o\",\"url\":\"https:\/\/sen-shop.com\/hr\/\",\"logo\":{\"@type\":\"ImageObject\",\"inLanguage\":\"hr-HR\",\"@id\":\"https:\/\/sen-shop.com\/hr\/#\/schema\/logo\/image\/\",\"url\":\"https:\/\/sen-shop.com\/wp-content\/uploads\/2018\/05\/header_logo.png\",\"contentUrl\":\"https:\/\/sen-shop.com\/wp-content\/uploads\/2018\/05\/header_logo.png\",\"width\":138,\"height\":70,\"caption\":\"Mind trade d.o.o\"},\"image\":{\"@id\":\"https:\/\/sen-shop.com\/hr\/#\/schema\/logo\/image\/\"},\"sameAs\":[\"https:\/\/www.instagram.com\/senslovenija\/\",\"https:\/\/www.facebook.com\/Senshopslovenija\"]}]}<\/script>\n<!-- \/ Yoast SEO plugin. -->","yoast_head_json":{"title":"Koenzim Q10 za va\u0161e srce, jetru i bubrege | Pru\u017eite va\u0161em tijelu najbolje","description":"Tijelo u 30-oj godini smanjuje proizvodnju koenzima q10 i iz tog razloga je bitno, da ga unosite u va\u0161e tijelo prirodnim putem. 100% prirodno.","robots":{"index":"index","follow":"follow","max-snippet":"max-snippet:-1","max-image-preview":"max-image-preview:large","max-video-preview":"max-video-preview:-1"},"canonical":"https:\/\/sen-shop.com\/hr\/collections\/prehrambeni-dodaci\/tezave-s-spominom\/koenzim-q10-30-mg-kapsule\/","og_locale":"hr_HR","og_type":"article","og_title":"Koenzim Q10 za va\u0161e srce, jetru i bubrege | Pru\u017eite va\u0161em tijelu najbolje","og_description":"Tijelo u 30-oj godini smanjuje proizvodnju koenzima q10 i iz tog razloga je bitno, da ga unosite u va\u0161e tijelo prirodnim putem. 100% prirodno.","og_url":"https:\/\/sen-shop.com\/hr\/collections\/prehrambeni-dodaci\/tezave-s-spominom\/koenzim-q10-30-mg-kapsule\/","og_site_name":"SEN Shop","article_publisher":"https:\/\/www.facebook.com\/Senshopslovenija","article_modified_time":"2021-12-03T09:08:58+00:00","og_image":[{"width":1400,"height":1400,"url":"https:\/\/sen-shop.com\/wp-content\/uploads\/2017\/10\/Koencim-Q10-30mg.jpg","type":"image\/jpeg"}],"twitter_card":"summary_large_image","twitter_misc":{"Est. reading time":"1 minute"},"schema":{"@context":"https:\/\/schema.org","@graph":[{"@type":"WebPage","@id":"https:\/\/sen-shop.com\/hr\/collections\/prehrambeni-dodaci\/tezave-s-spominom\/koenzim-q10-30-mg-kapsule\/","url":"https:\/\/sen-shop.com\/hr\/collections\/prehrambeni-dodaci\/tezave-s-spominom\/koenzim-q10-30-mg-kapsule\/","name":"Koenzim Q10 za va\u0161e srce, jetru i bubrege | Pru\u017eite va\u0161em tijelu najbolje","isPartOf":{"@id":"https:\/\/sen-shop.com\/hr\/#website"},"datePublished":"2017-10-21T12:32:10+00:00","dateModified":"2021-12-03T09:08:58+00:00","description":"Tijelo u 30-oj godini smanjuje proizvodnju koenzima q10 i iz tog razloga je bitno, da ga unosite u va\u0161e tijelo prirodnim putem. 100% prirodno.","breadcrumb":{"@id":"https:\/\/sen-shop.com\/hr\/collections\/prehrambeni-dodaci\/tezave-s-spominom\/koenzim-q10-30-mg-kapsule\/#breadcrumb"},"inLanguage":"hr-HR","potentialAction":[{"@type":"ReadAction","target":["https:\/\/sen-shop.com\/hr\/collections\/prehrambeni-dodaci\/tezave-s-spominom\/koenzim-q10-30-mg-kapsule\/"]}]},{"@type":"BreadcrumbList","@id":"https:\/\/sen-shop.com\/hr\/collections\/prehrambeni-dodaci\/tezave-s-spominom\/koenzim-q10-30-mg-kapsule\/#breadcrumb","itemListElement":[{"@type":"ListItem","position":1,"name":"Home","item":"https:\/\/sen-shop.com\/hr\/"},{"@type":"ListItem","position":2,"name":"Koenzim Q10 &#8211; 30 mg kapsule"}]},{"@type":"WebSite","@id":"https:\/\/sen-shop.com\/hr\/#website","url":"https:\/\/sen-shop.com\/hr\/","name":"SEN Shop","description":"Slovensko, Ekolo\u0161ko, Naravno","publisher":{"@id":"https:\/\/sen-shop.com\/hr\/#organization"},"potentialAction":[{"@type":"SearchAction","target":{"@type":"EntryPoint","urlTemplate":"https:\/\/sen-shop.com\/hr\/?s={search_term_string}"},"query-input":"required name=search_term_string"}],"inLanguage":"hr-HR"},{"@type":"Organization","@id":"https:\/\/sen-shop.com\/hr\/#organization","name":"Mind trade d.o.o","url":"https:\/\/sen-shop.com\/hr\/","logo":{"@type":"ImageObject","inLanguage":"hr-HR","@id":"https:\/\/sen-shop.com\/hr\/#\/schema\/logo\/image\/","url":"https:\/\/sen-shop.com\/wp-content\/uploads\/2018\/05\/header_logo.png","contentUrl":"https:\/\/sen-shop.com\/wp-content\/uploads\/2018\/05\/header_logo.png","width":138,"height":70,"caption":"Mind trade d.o.o"},"image":{"@id":"https:\/\/sen-shop.com\/hr\/#\/schema\/logo\/image\/"},"sameAs":["https:\/\/www.instagram.com\/senslovenija\/","https:\/\/www.facebook.com\/Senshopslovenija"]}]}},"_links":{"self":[{"href":"https:\/\/sen-shop.com\/hr\/wp-json\/wp\/v2\/product\/27085","targetHints":{"allow":["GET"]}}],"collection":[{"href":"https:\/\/sen-shop.com\/hr\/wp-json\/wp\/v2\/product"}],"about":[{"href":"https:\/\/sen-shop.com\/hr\/wp-json\/wp\/v2\/types\/product"}],"replies":[{"embeddable":true,"href":"https:\/\/sen-shop.com\/hr\/wp-json\/wp\/v2\/comments?post=27085"}],"wp:featuredmedia":[{"embeddable":true,"href":"https:\/\/sen-shop.com\/hr\/wp-json\/wp\/v2\/media\/39094"}],"wp:attachment":[{"href":"https:\/\/sen-shop.com\/hr\/wp-json\/wp\/v2\/media?parent=27085"}],"wp:term":[{"taxonomy":"product_cat","embeddable":true,"href":"https:\/\/sen-shop.com\/hr\/wp-json\/wp\/v2\/product_cat?post=27085"},{"taxonomy":"product_tag","embeddable":true,"href":"https:\/\/sen-shop.com\/hr\/wp-json\/wp\/v2\/product_tag?post=27085"}],"curies":[{"name":"wp","href":"https:\/\/api.w.org\/{rel}","templated":true}]}}