{"id":27074,"date":"2017-10-26T14:49:57","date_gmt":"2017-10-26T12:49:57","guid":{"rendered":"https:\/\/www.sen-shop.com\/collections\/uncategorized\/crvena-djetelina-izoflavoni-u-kapsulama-od-500-mg\/"},"modified":"2021-12-02T11:40:47","modified_gmt":"2021-12-02T10:40:47","slug":"crvena-djetelina","status":"publish","type":"product","link":"https:\/\/sen-shop.com\/hr\/collections\/prehrambeni-dodaci\/menopausa\/crvena-djetelina\/","title":{"rendered":"Crvena djetelina"},"content":{"rendered":"<p>[vc_row][vc_column][vc_column_text css=&#8221;.vc_custom_1625557348149{padding-top: 30px !important;padding-right: 30px !important;padding-bottom: 30px !important;padding-left: 30px !important;background-color: #c9db95 !important;}&#8221;]<br \/>\n<strong>Menopauza<\/strong> zapo\u010dinje kada jajnici prestanu raditi i \u017eena prelazi iz plodne u neplodnu. Ovo nije trenutni proces, ve\u0107 stanje koje po\u010dinje nekoliko godina prije po\u010detka menopauze. <strong>Hormonska neravnote\u017ea<\/strong> uzrokuje probleme kao \u0161to su: <strong>napadaji vru\u0107ine, glavobolje, vrtoglavica, umor, razdra\u017eljivost, depresivno raspolo\u017eenje, poreme\u0107ena koncentracija i zaboravljanje.<\/strong> Mnogi lije\u010dnici propisuju <strong>hormonsku terapiju<\/strong> koja ima <strong>mnogo nuspojava<\/strong> i <strong>ne otklanja simptome,<\/strong> ve\u0107 ih samo odga\u0111a. Nedavna istra\u017eivanja pokazala su da 6 do 10 \u017eena poku\u0161a s hormonskom terapijom, od kojih 33% prestane u roku od godinu dana.<\/p>\n<p>Crvena djetelina je prirodna alternativa bez nuspojava. Sadr\u017ei \u010detiri va\u017ena izoflavona, kao i prirodne biljne fitoestrogene, po sastavu vrlo sli\u010dne estrogenima koje proizvodi na\u0161e tijelo. Estrogeni smanjuju u\u010dinak starenja kod \u017eena poma\u017eu\u0107i u odr\u017eavanju \u010dvrsto\u0107e kostiju, lijepe ko\u017ee i zdravlja krvnih \u017eila te reguliraju razinu kolesterola u krvi. Crvena djetelina tako\u0111er poma\u017ee u sprje\u010davanju nastanka osteoporoze.[\/vc_column_text][vc_column_text css=&#8221;.vc_custom_1625557562776{padding-top: 30px !important;padding-right: 30px !important;padding-bottom: 30px !important;padding-left: 30px !important;background-color: #ededed !important;}&#8221;]<br \/>\n\ud83d\udc49 Crvena djetelina od velike je pomo\u0107i protiv problema koji se pojavljuju tijekom menopauze.<\/p>\n<p>\ud83d\udc49 Jedna kapsula dnevno.<\/p>\n<p>\ud83d\udc49 Kapsule crvene djeteline sasvim su prirodne i sadr\u017ee samo ekstrakt crvene djeteline i standardizirane izoflavone.[\/vc_column_text][vc_widget_sidebar][vc_column_text]<br \/>\n<strong>Tipi\u010dni simptomi menopauze,<\/strong> koji mogu biti blagi, umjereni ili te\u0161ki, <strong>dijele se u \u010detiri grupe:<\/strong><\/p>\n<p><strong>\u2022 Vazomotorni simptomi:<\/strong> <strong>napadaji vru\u0107ine<\/strong> &#8211; iznenadni i neugodni\u00a0 \u00a0osje\u0107aj vru\u0107ine u podru\u010dju glave i lica popra\u0107en znojenjem i lupanjem srca u prsima. Napadaji vru\u0107ine mogu trajati od nekoliko sekundi do pola sata. <strong>No\u0107no znojenje <\/strong>dovodi do poreme\u0107aja spavanja.<br \/>\n<strong>\u2022 Psiholo\u0161ki simptomi: nagle promjene raspolo\u017eenja, <\/strong>razdra\u017eljivost, iscrpljenost, \u010dak i <strong>depresija.<\/strong><br \/>\n<strong>\u2022 Fiziolo\u0161ki simptomi:<\/strong> promjene na sluznici rodnice uzrokuju nelagodu, <strong>bol tijekom sno\u0161aja,<\/strong> poja\u010dane <strong>infekcije mokra\u0107nog sustava,<\/strong> urinarnu inkontinenciju, upalu rodnice itd.<br \/>\n<strong>\u2022 Dugoro\u010dne posljedice manjka estrogena <\/strong>su smanjena mineralna gusto\u0107a kostiju, \u0161to dovodi do<strong> osteoporoze, <\/strong>te <strong>kardiovaskularnih bolesti <\/strong>zbog poreme\u0107enog metabolizma kolesterola.<\/p>\n<p>Nakon 35-e godine smanjuje se proizvodnja estrogena. Njegov manjak je jedan od glavnih uzro\u010dnika osteoporoze. Istra\u017eivanja su pokazala da se rizik od osteoporoze drasti\u010dno smanjuje redovnom konzumacijom crvene djeteline.[\/vc_column_text][\/vc_column][\/vc_row]<\/p>\n","protected":false},"excerpt":{"rendered":"<p><strong>Menopauza<\/strong> je va\u017ena prekretnica u \u017eivotu jedne \u017eene, jer se tijekom tog razdoblja u tijelu doga\u0111aju mnoge promjene. Ve\u0107ina \u017eena ima <strong>probleme<\/strong> kao \u0161to su <strong>napadaji vru\u0107ine,<\/strong> znojenje, hormonska neravnote\u017ea, <strong>promjene raspolo\u017eenja, poreme\u0107ena koncentracija, osteoporoza,<\/strong> zaboravnost, starenje ko\u017ee itd.<\/p>\n<ul>\n<li>u\u010dinkovito ubla\u017eava probleme koji se pojavljuju tijekom menopauze (napadaji vru\u0107ine, znojenje i starenje ko\u017ee)<\/li>\n<li>ima pozitivan u\u010dinak na kosti, smanjuje rizik od osteoporoze<\/li>\n<li>\u0161titi ko\u017eu od prijevremenog starenja<\/li>\n<\/ul>\n<p><strong>Crvena djetelina <\/strong>je <strong>prirodna alternativa <\/strong>hormonskim terapijama, <strong>bez nuspojava.<\/strong><\/p>\n","protected":false},"featured_media":30377,"comment_status":"open","ping_status":"closed","template":"","meta":{"inline_featured_image":false},"product_cat":[423,440,403],"product_tag":[409,412,414,408,413,375,447,407,442],"class_list":["post-27074","product","type-product","status-publish","has-post-thumbnail","hentry","product_cat-crni-petak","product_cat-menopausa","product_cat-prehrambeni-dodaci","product_tag-analizator-sastava-tijela","product_tag-analizator-sastava-tjelesne-mase","product_tag-analizator-tanita","product_tag-analizator-tijela","product_tag-bc-601","product_tag-biljni","product_tag-menopauza","product_tag-pametna-vaga","product_tag-stres"],"acf":[],"yoast_head":"<!-- This site is optimized with the Yoast SEO plugin v19.13 - https:\/\/yoast.com\/wordpress\/plugins\/seo\/ -->\n<title>Crvena djetelina izoflavoni u kapsulama od 500 mg - SEN<\/title>\n<meta name=\"description\" content=\"Za bolju dobrobit, mladena\u010dku vitalnost i atraktivnost. Za ravnote\u017eu i sklad, \u0161titi ko\u017eu od brzog starenja. Pozitivno djeluje na kosti. 100% BIO\" \/>\n<meta name=\"robots\" content=\"index, follow, max-snippet:-1, max-image-preview:large, max-video-preview:-1\" \/>\n<link rel=\"canonical\" href=\"https:\/\/sen-shop.com\/hr\/collections\/prehrambeni-dodaci\/menopausa\/crvena-djetelina\/\" \/>\n<meta property=\"og:locale\" content=\"hr_HR\" \/>\n<meta property=\"og:type\" content=\"article\" \/>\n<meta property=\"og:title\" content=\"Crvena djetelina izoflavoni u kapsulama od 500 mg - SEN\" \/>\n<meta property=\"og:description\" content=\"Za bolju dobrobit, mladena\u010dku vitalnost i atraktivnost. Za ravnote\u017eu i sklad, \u0161titi ko\u017eu od brzog starenja. Pozitivno djeluje na kosti. 100% BIO\" \/>\n<meta property=\"og:url\" content=\"https:\/\/sen-shop.com\/hr\/collections\/prehrambeni-dodaci\/menopausa\/crvena-djetelina\/\" \/>\n<meta property=\"og:site_name\" content=\"SEN Shop\" \/>\n<meta property=\"article:publisher\" content=\"https:\/\/www.facebook.com\/Senshopslovenija\" \/>\n<meta property=\"article:modified_time\" content=\"2021-12-02T10:40:47+00:00\" \/>\n<meta property=\"og:image\" content=\"https:\/\/sen-shop.com\/wp-content\/uploads\/2017\/10\/Crna-detelja_crvena-djetelina.jpg\" \/>\n\t<meta property=\"og:image:width\" content=\"1400\" \/>\n\t<meta property=\"og:image:height\" content=\"1400\" \/>\n\t<meta property=\"og:image:type\" content=\"image\/jpeg\" \/>\n<meta name=\"twitter:card\" content=\"summary_large_image\" \/>\n<meta name=\"twitter:label1\" content=\"Est. reading time\" \/>\n\t<meta name=\"twitter:data1\" content=\"2 minutes\" \/>\n<script type=\"application\/ld+json\" class=\"yoast-schema-graph\">{\"@context\":\"https:\/\/schema.org\",\"@graph\":[{\"@type\":\"WebPage\",\"@id\":\"https:\/\/sen-shop.com\/hr\/collections\/prehrambeni-dodaci\/menopausa\/crvena-djetelina\/\",\"url\":\"https:\/\/sen-shop.com\/hr\/collections\/prehrambeni-dodaci\/menopausa\/crvena-djetelina\/\",\"name\":\"Crvena djetelina izoflavoni u kapsulama od 500 mg - SEN\",\"isPartOf\":{\"@id\":\"https:\/\/sen-shop.com\/hr\/#website\"},\"datePublished\":\"2017-10-26T12:49:57+00:00\",\"dateModified\":\"2021-12-02T10:40:47+00:00\",\"description\":\"Za bolju dobrobit, mladena\u010dku vitalnost i atraktivnost. Za ravnote\u017eu i sklad, \u0161titi ko\u017eu od brzog starenja. Pozitivno djeluje na kosti. 100% BIO\",\"breadcrumb\":{\"@id\":\"https:\/\/sen-shop.com\/hr\/collections\/prehrambeni-dodaci\/menopausa\/crvena-djetelina\/#breadcrumb\"},\"inLanguage\":\"hr-HR\",\"potentialAction\":[{\"@type\":\"ReadAction\",\"target\":[\"https:\/\/sen-shop.com\/hr\/collections\/prehrambeni-dodaci\/menopausa\/crvena-djetelina\/\"]}]},{\"@type\":\"BreadcrumbList\",\"@id\":\"https:\/\/sen-shop.com\/hr\/collections\/prehrambeni-dodaci\/menopausa\/crvena-djetelina\/#breadcrumb\",\"itemListElement\":[{\"@type\":\"ListItem\",\"position\":1,\"name\":\"Home\",\"item\":\"https:\/\/sen-shop.com\/hr\/\"},{\"@type\":\"ListItem\",\"position\":2,\"name\":\"Crvena djetelina\"}]},{\"@type\":\"WebSite\",\"@id\":\"https:\/\/sen-shop.com\/hr\/#website\",\"url\":\"https:\/\/sen-shop.com\/hr\/\",\"name\":\"SEN Shop\",\"description\":\"Slovensko, Ekolo\u0161ko, Naravno\",\"publisher\":{\"@id\":\"https:\/\/sen-shop.com\/hr\/#organization\"},\"potentialAction\":[{\"@type\":\"SearchAction\",\"target\":{\"@type\":\"EntryPoint\",\"urlTemplate\":\"https:\/\/sen-shop.com\/hr\/?s={search_term_string}\"},\"query-input\":\"required name=search_term_string\"}],\"inLanguage\":\"hr-HR\"},{\"@type\":\"Organization\",\"@id\":\"https:\/\/sen-shop.com\/hr\/#organization\",\"name\":\"Mind trade d.o.o\",\"url\":\"https:\/\/sen-shop.com\/hr\/\",\"logo\":{\"@type\":\"ImageObject\",\"inLanguage\":\"hr-HR\",\"@id\":\"https:\/\/sen-shop.com\/hr\/#\/schema\/logo\/image\/\",\"url\":\"https:\/\/sen-shop.com\/wp-content\/uploads\/2018\/05\/header_logo.png\",\"contentUrl\":\"https:\/\/sen-shop.com\/wp-content\/uploads\/2018\/05\/header_logo.png\",\"width\":138,\"height\":70,\"caption\":\"Mind trade d.o.o\"},\"image\":{\"@id\":\"https:\/\/sen-shop.com\/hr\/#\/schema\/logo\/image\/\"},\"sameAs\":[\"https:\/\/www.instagram.com\/senslovenija\/\",\"https:\/\/www.facebook.com\/Senshopslovenija\"]}]}<\/script>\n<!-- \/ Yoast SEO plugin. -->","yoast_head_json":{"title":"Crvena djetelina izoflavoni u kapsulama od 500 mg - SEN","description":"Za bolju dobrobit, mladena\u010dku vitalnost i atraktivnost. Za ravnote\u017eu i sklad, \u0161titi ko\u017eu od brzog starenja. Pozitivno djeluje na kosti. 100% BIO","robots":{"index":"index","follow":"follow","max-snippet":"max-snippet:-1","max-image-preview":"max-image-preview:large","max-video-preview":"max-video-preview:-1"},"canonical":"https:\/\/sen-shop.com\/hr\/collections\/prehrambeni-dodaci\/menopausa\/crvena-djetelina\/","og_locale":"hr_HR","og_type":"article","og_title":"Crvena djetelina izoflavoni u kapsulama od 500 mg - SEN","og_description":"Za bolju dobrobit, mladena\u010dku vitalnost i atraktivnost. Za ravnote\u017eu i sklad, \u0161titi ko\u017eu od brzog starenja. Pozitivno djeluje na kosti. 100% BIO","og_url":"https:\/\/sen-shop.com\/hr\/collections\/prehrambeni-dodaci\/menopausa\/crvena-djetelina\/","og_site_name":"SEN Shop","article_publisher":"https:\/\/www.facebook.com\/Senshopslovenija","article_modified_time":"2021-12-02T10:40:47+00:00","og_image":[{"width":1400,"height":1400,"url":"https:\/\/sen-shop.com\/wp-content\/uploads\/2017\/10\/Crna-detelja_crvena-djetelina.jpg","type":"image\/jpeg"}],"twitter_card":"summary_large_image","twitter_misc":{"Est. reading time":"2 minutes"},"schema":{"@context":"https:\/\/schema.org","@graph":[{"@type":"WebPage","@id":"https:\/\/sen-shop.com\/hr\/collections\/prehrambeni-dodaci\/menopausa\/crvena-djetelina\/","url":"https:\/\/sen-shop.com\/hr\/collections\/prehrambeni-dodaci\/menopausa\/crvena-djetelina\/","name":"Crvena djetelina izoflavoni u kapsulama od 500 mg - SEN","isPartOf":{"@id":"https:\/\/sen-shop.com\/hr\/#website"},"datePublished":"2017-10-26T12:49:57+00:00","dateModified":"2021-12-02T10:40:47+00:00","description":"Za bolju dobrobit, mladena\u010dku vitalnost i atraktivnost. Za ravnote\u017eu i sklad, \u0161titi ko\u017eu od brzog starenja. Pozitivno djeluje na kosti. 100% BIO","breadcrumb":{"@id":"https:\/\/sen-shop.com\/hr\/collections\/prehrambeni-dodaci\/menopausa\/crvena-djetelina\/#breadcrumb"},"inLanguage":"hr-HR","potentialAction":[{"@type":"ReadAction","target":["https:\/\/sen-shop.com\/hr\/collections\/prehrambeni-dodaci\/menopausa\/crvena-djetelina\/"]}]},{"@type":"BreadcrumbList","@id":"https:\/\/sen-shop.com\/hr\/collections\/prehrambeni-dodaci\/menopausa\/crvena-djetelina\/#breadcrumb","itemListElement":[{"@type":"ListItem","position":1,"name":"Home","item":"https:\/\/sen-shop.com\/hr\/"},{"@type":"ListItem","position":2,"name":"Crvena djetelina"}]},{"@type":"WebSite","@id":"https:\/\/sen-shop.com\/hr\/#website","url":"https:\/\/sen-shop.com\/hr\/","name":"SEN Shop","description":"Slovensko, Ekolo\u0161ko, Naravno","publisher":{"@id":"https:\/\/sen-shop.com\/hr\/#organization"},"potentialAction":[{"@type":"SearchAction","target":{"@type":"EntryPoint","urlTemplate":"https:\/\/sen-shop.com\/hr\/?s={search_term_string}"},"query-input":"required name=search_term_string"}],"inLanguage":"hr-HR"},{"@type":"Organization","@id":"https:\/\/sen-shop.com\/hr\/#organization","name":"Mind trade d.o.o","url":"https:\/\/sen-shop.com\/hr\/","logo":{"@type":"ImageObject","inLanguage":"hr-HR","@id":"https:\/\/sen-shop.com\/hr\/#\/schema\/logo\/image\/","url":"https:\/\/sen-shop.com\/wp-content\/uploads\/2018\/05\/header_logo.png","contentUrl":"https:\/\/sen-shop.com\/wp-content\/uploads\/2018\/05\/header_logo.png","width":138,"height":70,"caption":"Mind trade d.o.o"},"image":{"@id":"https:\/\/sen-shop.com\/hr\/#\/schema\/logo\/image\/"},"sameAs":["https:\/\/www.instagram.com\/senslovenija\/","https:\/\/www.facebook.com\/Senshopslovenija"]}]}},"_links":{"self":[{"href":"https:\/\/sen-shop.com\/hr\/wp-json\/wp\/v2\/product\/27074","targetHints":{"allow":["GET"]}}],"collection":[{"href":"https:\/\/sen-shop.com\/hr\/wp-json\/wp\/v2\/product"}],"about":[{"href":"https:\/\/sen-shop.com\/hr\/wp-json\/wp\/v2\/types\/product"}],"replies":[{"embeddable":true,"href":"https:\/\/sen-shop.com\/hr\/wp-json\/wp\/v2\/comments?post=27074"}],"wp:featuredmedia":[{"embeddable":true,"href":"https:\/\/sen-shop.com\/hr\/wp-json\/wp\/v2\/media\/30377"}],"wp:attachment":[{"href":"https:\/\/sen-shop.com\/hr\/wp-json\/wp\/v2\/media?parent=27074"}],"wp:term":[{"taxonomy":"product_cat","embeddable":true,"href":"https:\/\/sen-shop.com\/hr\/wp-json\/wp\/v2\/product_cat?post=27074"},{"taxonomy":"product_tag","embeddable":true,"href":"https:\/\/sen-shop.com\/hr\/wp-json\/wp\/v2\/product_tag?post=27074"}],"curies":[{"name":"wp","href":"https:\/\/api.w.org\/{rel}","templated":true}]}}