{"id":27072,"date":"2016-10-07T14:36:59","date_gmt":"2016-10-07T12:36:59","guid":{"rendered":"https:\/\/www.sen-shop.com\/collections\/uncategorized\/kora-vrbe-indijski-tamjan-kopriva-kapsule\/"},"modified":"2022-10-19T11:14:46","modified_gmt":"2022-10-19T09:14:46","slug":"kora-vrbe-kopriva","status":"publish","type":"product","link":"https:\/\/sen-shop.com\/hr\/collections\/prehrambeni-dodaci\/problemi-s-kostima-zglobovima-i-misicima\/kora-vrbe-kopriva\/","title":{"rendered":"Kora vrbe, kopriva"},"content":{"rendered":"<p>[vc_row][vc_column][vc_column_text css=&#8221;.vc_custom_1666170807604{padding-top: 30px !important;padding-right: 30px !important;padding-bottom: 30px !important;padding-left: 30px !important;background-color: #c9db95 !important;}&#8221;]Kora vrbe, bosvelija i kopriva:<\/p>\n<p>Kora vrbe i bosvelija poma\u017eu olak\u0161ati \u017eivot.<\/p>\n<p>KORA VRBE<\/p>\n<p>Kora vrbe (S. cortex), \u010diji je izvor naj\u010de\u0161\u0107e bijela vrba (Salix alba), koristi se u tradicionalnoj medicini ve\u0107 jako dugo. Bio je poznat ve\u0107 u staroj Gr\u010dkoj, gdje ga je Dioskorid opisao u svom djelu De Materia Medica.<\/p>\n<p>BOSVELIJU<\/p>\n<p>Bosvelija (Boswellia serrata) se stolje\u0107ima tradicionalno koristi u Indiji zbog svojih pozitivnih u\u010dinaka na razne probleme. Zbog svojih blagotvornih u\u010dinaka danas se mnogo koristi iu SAD-u; od te\u0161ko pokretnih starijih osoba, kri\u017eobolja do sporta\u0161a.<\/p>\n<p>Kopriva se u ishrani koristila ve\u0107 u starom Egiptu. Grci i Rimljani tako\u0111er su ga preuzeli od Egip\u0107ana za iste svrhe. O korisnosti konzumacije koprive pisali su ve\u0107 Hipokrat i Horacije, a Plinije Stariji je \u010dak zapisao da mlada kopriva daje dobru i zdravu hranu za tijelo u prolje\u0107e i \u0161titi one koji je jedu od problema tijekom cijele godine.[\/vc_column_text][\/vc_column][\/vc_row][vc_row][vc_column][vc_column_text css=&#8221;.vc_custom_1625231252972{padding-top: 30px !important;padding-right: 30px !important;padding-bottom: 30px !important;padding-left: 30px !important;background-color: #ededed !important;}&#8221;]\ud83d\udc49 Kapsule sadr\u017ee pravilnu mje\u0161avinu sastojaka koji imaju blagotvorno djelovanje na zglobove.<\/p>\n<p>\ud83d\udc49 Jedna kapsula dnevno.[\/vc_column_text][\/vc_column][\/vc_row][vc_row][vc_column][vc_column_text]Kod problema s koljenima u\u010dinkovite su i kora vrbe, bosvelija i kopriva.[\/vc_column_text][\/vc_column][\/vc_row]<\/p>\n","protected":false},"excerpt":{"rendered":"<p>Proizvodi napravljeni od kore vrbe, tamjana (bosvelije) i koprive tradicionalno se koriste ve\u0107 stolje\u0107ima zbog svog pozitivnog u\u010dinka na probleme sa zglobovima. Zapravo, mnoga istra\u017eivanja pokazuju da redovna konzumacija <strong>kore vrbe pobolj\u0161ava probleme s bolovima u le\u0111ima i zglobovima.<\/strong><\/p>\n<ul>\n<li>olak\u0161ava bolove u donjem dijelu le\u0111a i ima protuupalno djelovanje<\/li>\n<li>olak\u0161ava bolove u zglobovima, poma\u017ee kod osteoporoze i artritisa<\/li>\n<li>pove\u0107ava proizvodnju sinovijalne teku\u0107ine unutar zglobova<\/li>\n<\/ul>\n<p>Kora bijele vrbe sadr\u017ei <strong>salicin, <\/strong>koji dokazano <strong>olak\u0161ava bol<\/strong> i ima <strong>protuupalno djelovanje.<\/strong><\/p>\n","protected":false},"featured_media":54242,"comment_status":"open","ping_status":"closed","template":"","meta":{"inline_featured_image":false},"product_cat":[423,403,446],"product_tag":[399,442],"class_list":["post-27072","product","type-product","status-publish","has-post-thumbnail","hentry","product_cat-crni-petak","product_cat-prehrambeni-dodaci","product_cat-problemi-s-kostima-zglobovima-i-misicima","product_tag-prirodno","product_tag-stres"],"acf":[],"yoast_head":"<!-- This site is optimized with the Yoast SEO plugin v19.13 - https:\/\/yoast.com\/wordpress\/plugins\/seo\/ -->\n<title>Kora vrbe + Indijski tamjan + Kopriva kapsule | Za le\u0111a i zglobove<\/title>\n<meta name=\"description\" content=\"Kombinacija vrbe, indijskog tamjana i koprive se pokazala posebno u\u010dinkovitom za bolove u le\u0111ima i zglobovima. 100% prirodno\" \/>\n<meta name=\"robots\" content=\"index, follow, max-snippet:-1, max-image-preview:large, max-video-preview:-1\" \/>\n<link rel=\"canonical\" href=\"https:\/\/sen-shop.com\/hr\/collections\/prehrambeni-dodaci\/problemi-s-kostima-zglobovima-i-misicima\/kora-vrbe-kopriva\/\" \/>\n<meta property=\"og:locale\" content=\"hr_HR\" \/>\n<meta property=\"og:type\" content=\"article\" \/>\n<meta property=\"og:title\" content=\"Kora vrbe + Indijski tamjan + Kopriva kapsule | Za le\u0111a i zglobove\" \/>\n<meta property=\"og:description\" content=\"Kombinacija vrbe, indijskog tamjana i koprive se pokazala posebno u\u010dinkovitom za bolove u le\u0111ima i zglobovima. 100% prirodno\" \/>\n<meta property=\"og:url\" content=\"https:\/\/sen-shop.com\/hr\/collections\/prehrambeni-dodaci\/problemi-s-kostima-zglobovima-i-misicima\/kora-vrbe-kopriva\/\" \/>\n<meta property=\"og:site_name\" content=\"SEN Shop\" \/>\n<meta property=\"article:publisher\" content=\"https:\/\/www.facebook.com\/Senshopslovenija\" \/>\n<meta property=\"article:modified_time\" content=\"2022-10-19T09:14:46+00:00\" \/>\n<meta property=\"og:image\" content=\"https:\/\/sen-shop.com\/wp-content\/uploads\/2016\/10\/Vrbova_sl_hr_spl.jpg\" \/>\n\t<meta property=\"og:image:width\" content=\"1400\" \/>\n\t<meta property=\"og:image:height\" content=\"1400\" \/>\n\t<meta property=\"og:image:type\" content=\"image\/jpeg\" \/>\n<meta name=\"twitter:card\" content=\"summary_large_image\" \/>\n<meta name=\"twitter:label1\" content=\"Est. reading time\" \/>\n\t<meta name=\"twitter:data1\" content=\"2 minutes\" \/>\n<script type=\"application\/ld+json\" class=\"yoast-schema-graph\">{\"@context\":\"https:\/\/schema.org\",\"@graph\":[{\"@type\":\"WebPage\",\"@id\":\"https:\/\/sen-shop.com\/hr\/collections\/prehrambeni-dodaci\/problemi-s-kostima-zglobovima-i-misicima\/kora-vrbe-kopriva\/\",\"url\":\"https:\/\/sen-shop.com\/hr\/collections\/prehrambeni-dodaci\/problemi-s-kostima-zglobovima-i-misicima\/kora-vrbe-kopriva\/\",\"name\":\"Kora vrbe + Indijski tamjan + Kopriva kapsule | Za le\u0111a i zglobove\",\"isPartOf\":{\"@id\":\"https:\/\/sen-shop.com\/hr\/#website\"},\"datePublished\":\"2016-10-07T12:36:59+00:00\",\"dateModified\":\"2022-10-19T09:14:46+00:00\",\"description\":\"Kombinacija vrbe, indijskog tamjana i koprive se pokazala posebno u\u010dinkovitom za bolove u le\u0111ima i zglobovima. 100% prirodno\",\"breadcrumb\":{\"@id\":\"https:\/\/sen-shop.com\/hr\/collections\/prehrambeni-dodaci\/problemi-s-kostima-zglobovima-i-misicima\/kora-vrbe-kopriva\/#breadcrumb\"},\"inLanguage\":\"hr-HR\",\"potentialAction\":[{\"@type\":\"ReadAction\",\"target\":[\"https:\/\/sen-shop.com\/hr\/collections\/prehrambeni-dodaci\/problemi-s-kostima-zglobovima-i-misicima\/kora-vrbe-kopriva\/\"]}]},{\"@type\":\"BreadcrumbList\",\"@id\":\"https:\/\/sen-shop.com\/hr\/collections\/prehrambeni-dodaci\/problemi-s-kostima-zglobovima-i-misicima\/kora-vrbe-kopriva\/#breadcrumb\",\"itemListElement\":[{\"@type\":\"ListItem\",\"position\":1,\"name\":\"Home\",\"item\":\"https:\/\/sen-shop.com\/hr\/\"},{\"@type\":\"ListItem\",\"position\":2,\"name\":\"Kora vrbe, kopriva\"}]},{\"@type\":\"WebSite\",\"@id\":\"https:\/\/sen-shop.com\/hr\/#website\",\"url\":\"https:\/\/sen-shop.com\/hr\/\",\"name\":\"SEN Shop\",\"description\":\"Slovensko, Ekolo\u0161ko, Naravno\",\"publisher\":{\"@id\":\"https:\/\/sen-shop.com\/hr\/#organization\"},\"potentialAction\":[{\"@type\":\"SearchAction\",\"target\":{\"@type\":\"EntryPoint\",\"urlTemplate\":\"https:\/\/sen-shop.com\/hr\/?s={search_term_string}\"},\"query-input\":\"required name=search_term_string\"}],\"inLanguage\":\"hr-HR\"},{\"@type\":\"Organization\",\"@id\":\"https:\/\/sen-shop.com\/hr\/#organization\",\"name\":\"Mind trade d.o.o\",\"url\":\"https:\/\/sen-shop.com\/hr\/\",\"logo\":{\"@type\":\"ImageObject\",\"inLanguage\":\"hr-HR\",\"@id\":\"https:\/\/sen-shop.com\/hr\/#\/schema\/logo\/image\/\",\"url\":\"https:\/\/sen-shop.com\/wp-content\/uploads\/2018\/05\/header_logo.png\",\"contentUrl\":\"https:\/\/sen-shop.com\/wp-content\/uploads\/2018\/05\/header_logo.png\",\"width\":138,\"height\":70,\"caption\":\"Mind trade d.o.o\"},\"image\":{\"@id\":\"https:\/\/sen-shop.com\/hr\/#\/schema\/logo\/image\/\"},\"sameAs\":[\"https:\/\/www.instagram.com\/senslovenija\/\",\"https:\/\/www.facebook.com\/Senshopslovenija\"]}]}<\/script>\n<!-- \/ Yoast SEO plugin. -->","yoast_head_json":{"title":"Kora vrbe + Indijski tamjan + Kopriva kapsule | Za le\u0111a i zglobove","description":"Kombinacija vrbe, indijskog tamjana i koprive se pokazala posebno u\u010dinkovitom za bolove u le\u0111ima i zglobovima. 100% prirodno","robots":{"index":"index","follow":"follow","max-snippet":"max-snippet:-1","max-image-preview":"max-image-preview:large","max-video-preview":"max-video-preview:-1"},"canonical":"https:\/\/sen-shop.com\/hr\/collections\/prehrambeni-dodaci\/problemi-s-kostima-zglobovima-i-misicima\/kora-vrbe-kopriva\/","og_locale":"hr_HR","og_type":"article","og_title":"Kora vrbe + Indijski tamjan + Kopriva kapsule | Za le\u0111a i zglobove","og_description":"Kombinacija vrbe, indijskog tamjana i koprive se pokazala posebno u\u010dinkovitom za bolove u le\u0111ima i zglobovima. 100% prirodno","og_url":"https:\/\/sen-shop.com\/hr\/collections\/prehrambeni-dodaci\/problemi-s-kostima-zglobovima-i-misicima\/kora-vrbe-kopriva\/","og_site_name":"SEN Shop","article_publisher":"https:\/\/www.facebook.com\/Senshopslovenija","article_modified_time":"2022-10-19T09:14:46+00:00","og_image":[{"width":1400,"height":1400,"url":"https:\/\/sen-shop.com\/wp-content\/uploads\/2016\/10\/Vrbova_sl_hr_spl.jpg","type":"image\/jpeg"}],"twitter_card":"summary_large_image","twitter_misc":{"Est. reading time":"2 minutes"},"schema":{"@context":"https:\/\/schema.org","@graph":[{"@type":"WebPage","@id":"https:\/\/sen-shop.com\/hr\/collections\/prehrambeni-dodaci\/problemi-s-kostima-zglobovima-i-misicima\/kora-vrbe-kopriva\/","url":"https:\/\/sen-shop.com\/hr\/collections\/prehrambeni-dodaci\/problemi-s-kostima-zglobovima-i-misicima\/kora-vrbe-kopriva\/","name":"Kora vrbe + Indijski tamjan + Kopriva kapsule | Za le\u0111a i zglobove","isPartOf":{"@id":"https:\/\/sen-shop.com\/hr\/#website"},"datePublished":"2016-10-07T12:36:59+00:00","dateModified":"2022-10-19T09:14:46+00:00","description":"Kombinacija vrbe, indijskog tamjana i koprive se pokazala posebno u\u010dinkovitom za bolove u le\u0111ima i zglobovima. 100% prirodno","breadcrumb":{"@id":"https:\/\/sen-shop.com\/hr\/collections\/prehrambeni-dodaci\/problemi-s-kostima-zglobovima-i-misicima\/kora-vrbe-kopriva\/#breadcrumb"},"inLanguage":"hr-HR","potentialAction":[{"@type":"ReadAction","target":["https:\/\/sen-shop.com\/hr\/collections\/prehrambeni-dodaci\/problemi-s-kostima-zglobovima-i-misicima\/kora-vrbe-kopriva\/"]}]},{"@type":"BreadcrumbList","@id":"https:\/\/sen-shop.com\/hr\/collections\/prehrambeni-dodaci\/problemi-s-kostima-zglobovima-i-misicima\/kora-vrbe-kopriva\/#breadcrumb","itemListElement":[{"@type":"ListItem","position":1,"name":"Home","item":"https:\/\/sen-shop.com\/hr\/"},{"@type":"ListItem","position":2,"name":"Kora vrbe, kopriva"}]},{"@type":"WebSite","@id":"https:\/\/sen-shop.com\/hr\/#website","url":"https:\/\/sen-shop.com\/hr\/","name":"SEN Shop","description":"Slovensko, Ekolo\u0161ko, Naravno","publisher":{"@id":"https:\/\/sen-shop.com\/hr\/#organization"},"potentialAction":[{"@type":"SearchAction","target":{"@type":"EntryPoint","urlTemplate":"https:\/\/sen-shop.com\/hr\/?s={search_term_string}"},"query-input":"required name=search_term_string"}],"inLanguage":"hr-HR"},{"@type":"Organization","@id":"https:\/\/sen-shop.com\/hr\/#organization","name":"Mind trade d.o.o","url":"https:\/\/sen-shop.com\/hr\/","logo":{"@type":"ImageObject","inLanguage":"hr-HR","@id":"https:\/\/sen-shop.com\/hr\/#\/schema\/logo\/image\/","url":"https:\/\/sen-shop.com\/wp-content\/uploads\/2018\/05\/header_logo.png","contentUrl":"https:\/\/sen-shop.com\/wp-content\/uploads\/2018\/05\/header_logo.png","width":138,"height":70,"caption":"Mind trade d.o.o"},"image":{"@id":"https:\/\/sen-shop.com\/hr\/#\/schema\/logo\/image\/"},"sameAs":["https:\/\/www.instagram.com\/senslovenija\/","https:\/\/www.facebook.com\/Senshopslovenija"]}]}},"_links":{"self":[{"href":"https:\/\/sen-shop.com\/hr\/wp-json\/wp\/v2\/product\/27072","targetHints":{"allow":["GET"]}}],"collection":[{"href":"https:\/\/sen-shop.com\/hr\/wp-json\/wp\/v2\/product"}],"about":[{"href":"https:\/\/sen-shop.com\/hr\/wp-json\/wp\/v2\/types\/product"}],"replies":[{"embeddable":true,"href":"https:\/\/sen-shop.com\/hr\/wp-json\/wp\/v2\/comments?post=27072"}],"wp:featuredmedia":[{"embeddable":true,"href":"https:\/\/sen-shop.com\/hr\/wp-json\/wp\/v2\/media\/54242"}],"wp:attachment":[{"href":"https:\/\/sen-shop.com\/hr\/wp-json\/wp\/v2\/media?parent=27072"}],"wp:term":[{"taxonomy":"product_cat","embeddable":true,"href":"https:\/\/sen-shop.com\/hr\/wp-json\/wp\/v2\/product_cat?post=27072"},{"taxonomy":"product_tag","embeddable":true,"href":"https:\/\/sen-shop.com\/hr\/wp-json\/wp\/v2\/product_tag?post=27072"}],"curies":[{"name":"wp","href":"https:\/\/api.w.org\/{rel}","templated":true}]}}