{"id":27066,"date":"2017-10-19T08:40:37","date_gmt":"2017-10-19T06:40:37","guid":{"rendered":"https:\/\/www.sen-shop.com\/collections\/uncategorized\/maca-ginseng-400-mg-kapsule\/"},"modified":"2021-12-06T09:39:06","modified_gmt":"2021-12-06T08:39:06","slug":"maca-ginseng-za-vise-energije","status":"publish","type":"product","link":"https:\/\/sen-shop.com\/hr\/collections\/prehrambeni-dodaci\/tezave-s-spominom\/maca-ginseng-za-vise-energije\/","title":{"rendered":"Maca, Ginseng, za vi\u0161e energije"},"content":{"rendered":"<p>[vc_row][vc_column][vc_column_text css=&#8221;.vc_custom_1625566081451{padding-top: 30px !important;padding-right: 30px !important;padding-bottom: 30px !important;padding-left: 30px !important;background-color: #c9db95 !important;}&#8221;]<br \/>\n<strong>Maca<\/strong> ima va\u017enu ulogu u <strong>ja\u010danju imuniteta, osiguravanju energije, ja\u010danju imunolo\u0161kog sustava i sprje\u010davanju stresa. <\/strong>Pozitivno utje\u010de na hormonalni sustav, koji pak pozitivno utje\u010de na sve ostalo: metabolizam, razinu energije, rast, spolnu potenciju i op\u0107u dobrobit. Sama <strong>maca<\/strong> ne sadr\u017ei hormone, ve\u0107 samo tvari koje <strong>na potpuno prirodan na\u010din<\/strong> <strong>reguliraju tjelesno lu\u010denje hormona<\/strong> u pravim koli\u010dinama.<\/p>\n<p>U\u010dinkovitost korijena <strong>ginsenga<\/strong> <strong>znanstveno je potvr\u0111ena s medicinske strane.<\/strong> Aktivne tvari u ginsengu <strong>poma\u017eu tijelu da se lak\u0161e prilagodi \u010dimbenicima koji izazivaju stres.<\/strong> Nedavna istra\u017eivanja su potvrdila da ginseng<strong> pobolj\u0161ava prijenos kisika do tkiva,<\/strong> \u010dime poma\u017ee u pove\u0107anju mentalnog kapaciteta za suo\u010davanje sa stresom, mentalne performanse (pobolj\u0161anje pam\u0107enja i sposobnosti u\u010denja) i<strong> fizi\u010dku izdr\u017eljivost. <\/strong>Dugotrajna upotreba ginsenga <strong>pobolj\u0161ava raspolo\u017eenje, op\u0107u dobrobit te vitalnost i kvalitetu \u017eivota.<\/strong><\/p>\n<p>[\/vc_column_text][\/vc_column][\/vc_row][vc_row][vc_column][vc_column_text css=&#8221;.vc_custom_1625566099387{padding-top: 30px !important;padding-right: 30px !important;padding-bottom: 30px !important;padding-left: 30px !important;background-color: #ededed !important;}&#8221;]\ud83d\udc49 Pozitivan u\u010dinak Maca, ginseng kapsula mo\u017ee se primijetiti skoro trenutno.<\/p>\n<p>\ud83d\udc49 Jedna kapsula dnevno.<\/p>\n<p>\ud83d\udc49 Regulira se izlu\u010divanje hormona na prirodan na\u010din.<\/p>\n<p>[\/vc_column_text][\/vc_column][\/vc_row][vc_row][vc_column][vc_column_text]Zahvaljuju\u0107i vitaminima B1, B2, B12 i C, konzumacija <strong>mace regulira rad srca,<\/strong> poma\u017ee u rastu stanica i poti\u010de proizvodnju crvenih krvnih stanica. Maca sadr\u017ei kalcij, natrij, kalij, fosfor, cink, mangan, magnezij i bizmut. Koncentracija kalcija u maci je ve\u0107a nego u kravljem mlijeku. Zahvaljuju\u0107i sadr\u017eaju kalcija, <strong>konzumacija mace ja\u010da kosti i zube te povoljno djeluje na \u017eiv\u010dani i krvo\u017eilni sustav.<\/strong> Sadr\u017ei i \u017eeljezo i stoga je dobrodo\u0161ao dodatak prehrani u slu\u010daju <strong>anemije.<\/strong><\/p>\n<p><strong>Ginseng pobolj\u0161ava sposobnost<\/strong> tijela <strong>da se nosi sa stresom,<\/strong> pa je pogodan za poticanje mentalnih funkcija i fizi\u010dke izvedbe tijekom razdoblja te\u0161kog rada, umora, iscrpljenosti i oporavka. Dokazano je da <strong>sni\u017eava razinu \u0161e\u0107era u krvi<\/strong> i stoga je <strong>klju\u010dan za lije\u010denje dijabetesa.<\/strong>[\/vc_column_text][\/vc_column][\/vc_row]<\/p>\n","protected":false},"excerpt":{"rendered":"<p>Osje\u0107ate se iscrpljeno, umorno i imate manjka energije? <strong>Maca i ginseng <\/strong>\u0107e vas <strong>o\u017eivjeti, pove\u0107ati razinu energije, <\/strong>pru\u017eiti vam <strong>bolji osje\u0107aj <\/strong>i pomo\u0107i vam <strong>da se nosite sa stresom.<\/strong><\/p>\n<ul>\n<li>za bolju dobrobit<\/li>\n<li>za smanjenje stresa<\/li>\n<li>blagotvorno djeluju na \u017eiv\u010dani i imunolo\u0161ki sustav<\/li>\n<li>za odr\u017eavanje hormonalne ravnote\u017ee<\/li>\n<li>poti\u010du mentalne i fizi\u010dke mogu\u0107nosti<\/li>\n<\/ul>\n<p>Maca, ginseng kapsule pomo\u0107i \u0107e vam da se rije\u0161ite stresa i tjeskobe na prirodan na\u010din, bez nuspojava.<\/p>\n","protected":false},"featured_media":27067,"comment_status":"open","ping_status":"closed","template":"","meta":{"inline_featured_image":false},"product_cat":[423,440,403,439,441],"product_tag":[409,412,414,408,413,375,443,407,442],"class_list":["post-27066","product","type-product","status-publish","has-post-thumbnail","hentry","product_cat-crni-petak","product_cat-menopausa","product_cat-prehrambeni-dodaci","product_cat-tezave-s-spominom","product_cat-utrujenost-hr","product_tag-analizator-sastava-tijela","product_tag-analizator-sastava-tjelesne-mase","product_tag-analizator-tanita","product_tag-analizator-tijela","product_tag-bc-601","product_tag-biljni","product_tag-imunoloski-sustav","product_tag-pametna-vaga","product_tag-stres"],"acf":[],"yoast_head":"<!-- This site is optimized with the Yoast SEO plugin v19.13 - https:\/\/yoast.com\/wordpress\/plugins\/seo\/ -->\n<title>Maca + Ginseng 400 mg kapsule | Za energiju i bolju seksualnu mo\u0107<\/title>\n<meta name=\"description\" content=\"Maca igra va\u017enu ulogu u pobolj\u0161anju otpornosti, energiziranju, ja\u010danju imunolo\u0161kog sustava i spre\u010davanju stresa. Doprinosi ve\u0107oj seksualnoj mo\u0107i.\" \/>\n<meta name=\"robots\" content=\"index, follow, max-snippet:-1, max-image-preview:large, max-video-preview:-1\" \/>\n<link rel=\"canonical\" href=\"https:\/\/sen-shop.com\/hr\/collections\/prehrambeni-dodaci\/tezave-s-spominom\/maca-ginseng-za-vise-energije\/\" \/>\n<meta property=\"og:locale\" content=\"hr_HR\" \/>\n<meta property=\"og:type\" content=\"article\" \/>\n<meta property=\"og:title\" content=\"Maca + Ginseng 400 mg kapsule | Za energiju i bolju seksualnu mo\u0107\" \/>\n<meta property=\"og:description\" content=\"Maca igra va\u017enu ulogu u pobolj\u0161anju otpornosti, energiziranju, ja\u010danju imunolo\u0161kog sustava i spre\u010davanju stresa. Doprinosi ve\u0107oj seksualnoj mo\u0107i.\" \/>\n<meta property=\"og:url\" content=\"https:\/\/sen-shop.com\/hr\/collections\/prehrambeni-dodaci\/tezave-s-spominom\/maca-ginseng-za-vise-energije\/\" \/>\n<meta property=\"og:site_name\" content=\"SEN Shop\" \/>\n<meta property=\"article:publisher\" content=\"https:\/\/www.facebook.com\/Senshopslovenija\" \/>\n<meta property=\"article:modified_time\" content=\"2021-12-06T08:39:06+00:00\" \/>\n<meta property=\"og:image\" content=\"https:\/\/sen-shop.com\/wp-content\/uploads\/2017\/10\/maca-ginseng-za-energijo.png\" \/>\n\t<meta property=\"og:image:width\" content=\"700\" \/>\n\t<meta property=\"og:image:height\" content=\"700\" \/>\n\t<meta property=\"og:image:type\" content=\"image\/jpeg\" \/>\n<meta name=\"twitter:card\" content=\"summary_large_image\" \/>\n<meta name=\"twitter:label1\" content=\"Est. reading time\" \/>\n\t<meta name=\"twitter:data1\" content=\"2 minutes\" \/>\n<script type=\"application\/ld+json\" class=\"yoast-schema-graph\">{\"@context\":\"https:\/\/schema.org\",\"@graph\":[{\"@type\":\"WebPage\",\"@id\":\"https:\/\/sen-shop.com\/hr\/collections\/prehrambeni-dodaci\/tezave-s-spominom\/maca-ginseng-za-vise-energije\/\",\"url\":\"https:\/\/sen-shop.com\/hr\/collections\/prehrambeni-dodaci\/tezave-s-spominom\/maca-ginseng-za-vise-energije\/\",\"name\":\"Maca + Ginseng 400 mg kapsule | Za energiju i bolju seksualnu mo\u0107\",\"isPartOf\":{\"@id\":\"https:\/\/sen-shop.com\/hr\/#website\"},\"datePublished\":\"2017-10-19T06:40:37+00:00\",\"dateModified\":\"2021-12-06T08:39:06+00:00\",\"description\":\"Maca igra va\u017enu ulogu u pobolj\u0161anju otpornosti, energiziranju, ja\u010danju imunolo\u0161kog sustava i spre\u010davanju stresa. Doprinosi ve\u0107oj seksualnoj mo\u0107i.\",\"breadcrumb\":{\"@id\":\"https:\/\/sen-shop.com\/hr\/collections\/prehrambeni-dodaci\/tezave-s-spominom\/maca-ginseng-za-vise-energije\/#breadcrumb\"},\"inLanguage\":\"hr-HR\",\"potentialAction\":[{\"@type\":\"ReadAction\",\"target\":[\"https:\/\/sen-shop.com\/hr\/collections\/prehrambeni-dodaci\/tezave-s-spominom\/maca-ginseng-za-vise-energije\/\"]}]},{\"@type\":\"BreadcrumbList\",\"@id\":\"https:\/\/sen-shop.com\/hr\/collections\/prehrambeni-dodaci\/tezave-s-spominom\/maca-ginseng-za-vise-energije\/#breadcrumb\",\"itemListElement\":[{\"@type\":\"ListItem\",\"position\":1,\"name\":\"Home\",\"item\":\"https:\/\/sen-shop.com\/hr\/\"},{\"@type\":\"ListItem\",\"position\":2,\"name\":\"Maca, Ginseng, za vi\u0161e energije\"}]},{\"@type\":\"WebSite\",\"@id\":\"https:\/\/sen-shop.com\/hr\/#website\",\"url\":\"https:\/\/sen-shop.com\/hr\/\",\"name\":\"SEN Shop\",\"description\":\"Slovensko, Ekolo\u0161ko, Naravno\",\"publisher\":{\"@id\":\"https:\/\/sen-shop.com\/hr\/#organization\"},\"potentialAction\":[{\"@type\":\"SearchAction\",\"target\":{\"@type\":\"EntryPoint\",\"urlTemplate\":\"https:\/\/sen-shop.com\/hr\/?s={search_term_string}\"},\"query-input\":\"required name=search_term_string\"}],\"inLanguage\":\"hr-HR\"},{\"@type\":\"Organization\",\"@id\":\"https:\/\/sen-shop.com\/hr\/#organization\",\"name\":\"Mind trade d.o.o\",\"url\":\"https:\/\/sen-shop.com\/hr\/\",\"logo\":{\"@type\":\"ImageObject\",\"inLanguage\":\"hr-HR\",\"@id\":\"https:\/\/sen-shop.com\/hr\/#\/schema\/logo\/image\/\",\"url\":\"https:\/\/sen-shop.com\/wp-content\/uploads\/2018\/05\/header_logo.png\",\"contentUrl\":\"https:\/\/sen-shop.com\/wp-content\/uploads\/2018\/05\/header_logo.png\",\"width\":138,\"height\":70,\"caption\":\"Mind trade d.o.o\"},\"image\":{\"@id\":\"https:\/\/sen-shop.com\/hr\/#\/schema\/logo\/image\/\"},\"sameAs\":[\"https:\/\/www.instagram.com\/senslovenija\/\",\"https:\/\/www.facebook.com\/Senshopslovenija\"]}]}<\/script>\n<!-- \/ Yoast SEO plugin. -->","yoast_head_json":{"title":"Maca + Ginseng 400 mg kapsule | Za energiju i bolju seksualnu mo\u0107","description":"Maca igra va\u017enu ulogu u pobolj\u0161anju otpornosti, energiziranju, ja\u010danju imunolo\u0161kog sustava i spre\u010davanju stresa. Doprinosi ve\u0107oj seksualnoj mo\u0107i.","robots":{"index":"index","follow":"follow","max-snippet":"max-snippet:-1","max-image-preview":"max-image-preview:large","max-video-preview":"max-video-preview:-1"},"canonical":"https:\/\/sen-shop.com\/hr\/collections\/prehrambeni-dodaci\/tezave-s-spominom\/maca-ginseng-za-vise-energije\/","og_locale":"hr_HR","og_type":"article","og_title":"Maca + Ginseng 400 mg kapsule | Za energiju i bolju seksualnu mo\u0107","og_description":"Maca igra va\u017enu ulogu u pobolj\u0161anju otpornosti, energiziranju, ja\u010danju imunolo\u0161kog sustava i spre\u010davanju stresa. Doprinosi ve\u0107oj seksualnoj mo\u0107i.","og_url":"https:\/\/sen-shop.com\/hr\/collections\/prehrambeni-dodaci\/tezave-s-spominom\/maca-ginseng-za-vise-energije\/","og_site_name":"SEN Shop","article_publisher":"https:\/\/www.facebook.com\/Senshopslovenija","article_modified_time":"2021-12-06T08:39:06+00:00","og_image":[{"width":700,"height":700,"url":"https:\/\/sen-shop.com\/wp-content\/uploads\/2017\/10\/maca-ginseng-za-energijo.png","type":"image\/jpeg"}],"twitter_card":"summary_large_image","twitter_misc":{"Est. reading time":"2 minutes"},"schema":{"@context":"https:\/\/schema.org","@graph":[{"@type":"WebPage","@id":"https:\/\/sen-shop.com\/hr\/collections\/prehrambeni-dodaci\/tezave-s-spominom\/maca-ginseng-za-vise-energije\/","url":"https:\/\/sen-shop.com\/hr\/collections\/prehrambeni-dodaci\/tezave-s-spominom\/maca-ginseng-za-vise-energije\/","name":"Maca + Ginseng 400 mg kapsule | Za energiju i bolju seksualnu mo\u0107","isPartOf":{"@id":"https:\/\/sen-shop.com\/hr\/#website"},"datePublished":"2017-10-19T06:40:37+00:00","dateModified":"2021-12-06T08:39:06+00:00","description":"Maca igra va\u017enu ulogu u pobolj\u0161anju otpornosti, energiziranju, ja\u010danju imunolo\u0161kog sustava i spre\u010davanju stresa. Doprinosi ve\u0107oj seksualnoj mo\u0107i.","breadcrumb":{"@id":"https:\/\/sen-shop.com\/hr\/collections\/prehrambeni-dodaci\/tezave-s-spominom\/maca-ginseng-za-vise-energije\/#breadcrumb"},"inLanguage":"hr-HR","potentialAction":[{"@type":"ReadAction","target":["https:\/\/sen-shop.com\/hr\/collections\/prehrambeni-dodaci\/tezave-s-spominom\/maca-ginseng-za-vise-energije\/"]}]},{"@type":"BreadcrumbList","@id":"https:\/\/sen-shop.com\/hr\/collections\/prehrambeni-dodaci\/tezave-s-spominom\/maca-ginseng-za-vise-energije\/#breadcrumb","itemListElement":[{"@type":"ListItem","position":1,"name":"Home","item":"https:\/\/sen-shop.com\/hr\/"},{"@type":"ListItem","position":2,"name":"Maca, Ginseng, za vi\u0161e energije"}]},{"@type":"WebSite","@id":"https:\/\/sen-shop.com\/hr\/#website","url":"https:\/\/sen-shop.com\/hr\/","name":"SEN Shop","description":"Slovensko, Ekolo\u0161ko, Naravno","publisher":{"@id":"https:\/\/sen-shop.com\/hr\/#organization"},"potentialAction":[{"@type":"SearchAction","target":{"@type":"EntryPoint","urlTemplate":"https:\/\/sen-shop.com\/hr\/?s={search_term_string}"},"query-input":"required name=search_term_string"}],"inLanguage":"hr-HR"},{"@type":"Organization","@id":"https:\/\/sen-shop.com\/hr\/#organization","name":"Mind trade d.o.o","url":"https:\/\/sen-shop.com\/hr\/","logo":{"@type":"ImageObject","inLanguage":"hr-HR","@id":"https:\/\/sen-shop.com\/hr\/#\/schema\/logo\/image\/","url":"https:\/\/sen-shop.com\/wp-content\/uploads\/2018\/05\/header_logo.png","contentUrl":"https:\/\/sen-shop.com\/wp-content\/uploads\/2018\/05\/header_logo.png","width":138,"height":70,"caption":"Mind trade d.o.o"},"image":{"@id":"https:\/\/sen-shop.com\/hr\/#\/schema\/logo\/image\/"},"sameAs":["https:\/\/www.instagram.com\/senslovenija\/","https:\/\/www.facebook.com\/Senshopslovenija"]}]}},"_links":{"self":[{"href":"https:\/\/sen-shop.com\/hr\/wp-json\/wp\/v2\/product\/27066","targetHints":{"allow":["GET"]}}],"collection":[{"href":"https:\/\/sen-shop.com\/hr\/wp-json\/wp\/v2\/product"}],"about":[{"href":"https:\/\/sen-shop.com\/hr\/wp-json\/wp\/v2\/types\/product"}],"replies":[{"embeddable":true,"href":"https:\/\/sen-shop.com\/hr\/wp-json\/wp\/v2\/comments?post=27066"}],"wp:featuredmedia":[{"embeddable":true,"href":"https:\/\/sen-shop.com\/hr\/wp-json\/wp\/v2\/media\/27067"}],"wp:attachment":[{"href":"https:\/\/sen-shop.com\/hr\/wp-json\/wp\/v2\/media?parent=27066"}],"wp:term":[{"taxonomy":"product_cat","embeddable":true,"href":"https:\/\/sen-shop.com\/hr\/wp-json\/wp\/v2\/product_cat?post=27066"},{"taxonomy":"product_tag","embeddable":true,"href":"https:\/\/sen-shop.com\/hr\/wp-json\/wp\/v2\/product_tag?post=27066"}],"curies":[{"name":"wp","href":"https:\/\/api.w.org\/{rel}","templated":true}]}}