{"id":27056,"date":"2016-09-07T10:38:23","date_gmt":"2016-09-07T08:38:23","guid":{"rendered":"https:\/\/www.sen-shop.com\/collections\/uncategorized\/biljne-kapi\/"},"modified":"2022-04-12T10:06:32","modified_gmt":"2022-04-12T08:06:32","slug":"biljne-kapi","status":"publish","type":"product","link":"https:\/\/sen-shop.com\/hr\/collections\/osobna-njega-cat\/biljne-kapi\/","title":{"rendered":"Biljne kapi"},"content":{"rendered":"<p>[vc_row][vc_column][vc_column_text css=&#8221;.vc_custom_1625048210195{padding-top: 30px !important;padding-right: 30px !important;padding-bottom: 30px !important;padding-left: 30px !important;background-color: #c9db95 !important;}&#8221;]<br \/>\n<strong>Ulje \u010dajevca<\/strong> prirodni je <strong>antiseptik.<\/strong> <strong>Uni\u0161tava viruse i bakterije <\/strong>kod <strong>respiratornih infekcija, prehlada, gripa,<\/strong> upale paranazalnih sinusa i bronhitisa te <strong>ja\u010da obrambene snage organizma.<\/strong><\/p>\n<p><strong>Borovica ubija mnoge vrste mikroorganizama, uklju\u010duju\u0107i bakterije i gljivice.<\/strong> U nekoliko istra\u017eivanja otkriveno je da se ulje borovice bori protiv Staphylococcus aureus, Enterobacteria, nekoliko vrsta upale plu\u0107a i jo\u0161 mnogo toga.<\/p>\n<p><strong>Timijan<\/strong> se koristi kod infekcija i bolesti <strong>di\u0161nog sustava<\/strong> (bronhitis, rinitis), kod upala uha i kada \u017eelimo <strong>potaknuti imunolo\u0161ki sustav.<\/strong><\/p>\n<p><strong>Kadulja<\/strong> poma\u017ee kod gljivi\u010dnih infekcija, ko\u017enih bolesti i dermatitisa. <strong>Preporu\u010duje se<\/strong> i kod oboljelih i <strong>upaljenih desni i ranica u ustima.<\/strong><\/p>\n<p><strong>Metvica<\/strong> je vanjsko rashladno sredstvo, <strong>anestetik i analgetik, <\/strong>antiseptik usne \u0161upljine i di\u0161nog sustava.<\/p>\n<p><strong>Mje\u0161avina<\/strong> prirodnih eteri\u010dnih ulja <strong>ima antimikrobno, antibakterijsko, antisepti\u010dko, protuupalno,<\/strong> antiinfektivno, antifungalno, antispazmodi\u010dko, regenerativno i op\u0107e <strong>djelovanje<\/strong> na organizam.[\/vc_column_text][\/vc_column][\/vc_row][vc_row][vc_column][vc_column_text css=&#8221;.vc_custom_1625048223311{padding-top: 30px !important;padding-right: 30px !important;padding-bottom: 30px !important;padding-left: 30px !important;background-color: #ededed !important;}&#8221;]<br \/>\n\ud83d\udc49 Ispiranje usta: dodati 10 kapi u \u010da\u0161u tople vode. Mu\u0107kati minutu. Kod ispiranja progrgljati u ustima. Ispljunuti mje\u0161avinu van.<\/p>\n<p>\ud83d\udc49 Kod pranja zubi, dodati 2-3 kapi na \u010detkicu.<\/p>\n<p>\ud83d\udc49 Za prehlade, virusne bolesti ili kod ka\u0161lja dodati 5-10 kapi u vodicu za ispiranje usta 2 do 3 puta dnevno.<\/p>\n<p>\ud83d\udc49 Za glavobolje, stres i napetost, masirati vrat i sljepoo\u010dnice nekoliko puta dnevno.[\/vc_column_text][\/vc_column][\/vc_row][vc_row][vc_column][vc_column_text]Biljne kapi nisu prikladne za djecu do 4 godine. Nemojte ih nanositi na otvorene rane. Nerazrije\u0111ene kapi ne smiju do\u0107i u dodir s o\u010dima ili sluznicama.<\/p>\n<p>Proizvod je certificiran od strane Aromacert\u00ae, koji jam\u010di visoku razinu kvalitete prema strogim kriterijima aromaterapije kao \u0161to su: prirodnost, autenti\u010dnost i \u010disto\u0107a sastojaka. Proizvod je 100% veganski i nije testiran na \u017eivotinjama.<\/p>\n<p>[\/vc_column_text][\/vc_column][\/vc_row]<\/p>\n","protected":false},"excerpt":{"rendered":"<p>&nbsp;<\/p>\n<p><strong>Biljne kapi<\/strong> izra\u0111ene su od <strong>koncentriranih prirodnih eteri\u010dnih ulja.<\/strong> Pogodne su za <strong>vi\u0161enamjensku upotrebu: kao vodica za ispiranje usta,<\/strong> dodatak pasti za pranje zuba, <strong>za inhalacije,<\/strong> za osvje\u017eavanje prostora itd.<\/p>\n<ul>\n<li>ubrzavaju zacjeljivanje afti i ulkusa<\/li>\n<li>sprje\u010davaju prehlade i grlobolju<\/li>\n<li>poma\u017eu protiv lo\u0161eg zadaha<\/li>\n<li>djeluju kao antiseptik<\/li>\n<li>pobolj\u0161avaju i ja\u010daju desni i odr\u017eavaju zdravlje usne \u0161upljine<\/li>\n<\/ul>\n<p><strong>\u0160irok spektar funkcija <\/strong>glavni je razlog za\u0161to \u0107e vam uvijek dobro do\u0107i u doma\u0107instvu.<\/p>\n","protected":false},"featured_media":27057,"comment_status":"open","ping_status":"closed","template":"","meta":{"inline_featured_image":false},"product_cat":[423,418],"product_tag":[375,381,382,376,379],"class_list":["post-27056","product","type-product","status-publish","has-post-thumbnail","hentry","product_cat-crni-petak","product_cat-osobna-njega-cat","product_tag-biljni","product_tag-biljni-gel","product_tag-misici-i-zglobovi","product_tag-repelent","product_tag-zdravo"],"acf":[],"yoast_head":"<!-- This site is optimized with the Yoast SEO plugin v19.13 - https:\/\/yoast.com\/wordpress\/plugins\/seo\/ -->\n<title>Biljne kapi, kombinacija prirodnih eteri\u010dnih ulja | SEN.hr<\/title>\n<meta name=\"description\" content=\"Biljne kapi su napravljene iz prirodnih eteri\u010dnih ulja. Proizvedene su po doma\u0107em receptu i poma\u017eeju protiv ka\u0161lja. Djeluju antibakterijsko.\" \/>\n<meta name=\"robots\" content=\"index, follow, max-snippet:-1, max-image-preview:large, max-video-preview:-1\" \/>\n<link rel=\"canonical\" href=\"https:\/\/sen-shop.com\/hr\/collections\/osobna-njega-cat\/biljne-kapi\/\" \/>\n<meta property=\"og:locale\" content=\"hr_HR\" \/>\n<meta property=\"og:type\" content=\"article\" \/>\n<meta property=\"og:title\" content=\"Biljne kapi, kombinacija prirodnih eteri\u010dnih ulja | SEN.hr\" \/>\n<meta property=\"og:description\" content=\"Biljne kapi su napravljene iz prirodnih eteri\u010dnih ulja. Proizvedene su po doma\u0107em receptu i poma\u017eeju protiv ka\u0161lja. Djeluju antibakterijsko.\" \/>\n<meta property=\"og:url\" content=\"https:\/\/sen-shop.com\/hr\/collections\/osobna-njega-cat\/biljne-kapi\/\" \/>\n<meta property=\"og:site_name\" content=\"SEN Shop\" \/>\n<meta property=\"article:publisher\" content=\"https:\/\/www.facebook.com\/Senshopslovenija\" \/>\n<meta property=\"article:modified_time\" content=\"2022-04-12T08:06:32+00:00\" \/>\n<meta property=\"og:image\" content=\"https:\/\/sen-shop.com\/wp-content\/uploads\/2021\/04\/biljne-kapi-zeliscne-kapljice-hr.jpg\" \/>\n\t<meta property=\"og:image:width\" content=\"480\" \/>\n\t<meta property=\"og:image:height\" content=\"549\" \/>\n\t<meta property=\"og:image:type\" content=\"image\/jpeg\" \/>\n<meta name=\"twitter:card\" content=\"summary_large_image\" \/>\n<meta name=\"twitter:label1\" content=\"Est. reading time\" \/>\n\t<meta name=\"twitter:data1\" content=\"2 minutes\" \/>\n<script type=\"application\/ld+json\" class=\"yoast-schema-graph\">{\"@context\":\"https:\/\/schema.org\",\"@graph\":[{\"@type\":\"WebPage\",\"@id\":\"https:\/\/sen-shop.com\/hr\/collections\/osobna-njega-cat\/biljne-kapi\/\",\"url\":\"https:\/\/sen-shop.com\/hr\/collections\/osobna-njega-cat\/biljne-kapi\/\",\"name\":\"Biljne kapi, kombinacija prirodnih eteri\u010dnih ulja | SEN.hr\",\"isPartOf\":{\"@id\":\"https:\/\/sen-shop.com\/hr\/#website\"},\"datePublished\":\"2016-09-07T08:38:23+00:00\",\"dateModified\":\"2022-04-12T08:06:32+00:00\",\"description\":\"Biljne kapi su napravljene iz prirodnih eteri\u010dnih ulja. Proizvedene su po doma\u0107em receptu i poma\u017eeju protiv ka\u0161lja. Djeluju antibakterijsko.\",\"breadcrumb\":{\"@id\":\"https:\/\/sen-shop.com\/hr\/collections\/osobna-njega-cat\/biljne-kapi\/#breadcrumb\"},\"inLanguage\":\"hr-HR\",\"potentialAction\":[{\"@type\":\"ReadAction\",\"target\":[\"https:\/\/sen-shop.com\/hr\/collections\/osobna-njega-cat\/biljne-kapi\/\"]}]},{\"@type\":\"BreadcrumbList\",\"@id\":\"https:\/\/sen-shop.com\/hr\/collections\/osobna-njega-cat\/biljne-kapi\/#breadcrumb\",\"itemListElement\":[{\"@type\":\"ListItem\",\"position\":1,\"name\":\"Home\",\"item\":\"https:\/\/sen-shop.com\/hr\/\"},{\"@type\":\"ListItem\",\"position\":2,\"name\":\"Biljne kapi\"}]},{\"@type\":\"WebSite\",\"@id\":\"https:\/\/sen-shop.com\/hr\/#website\",\"url\":\"https:\/\/sen-shop.com\/hr\/\",\"name\":\"SEN Shop\",\"description\":\"Slovensko, Ekolo\u0161ko, Naravno\",\"publisher\":{\"@id\":\"https:\/\/sen-shop.com\/hr\/#organization\"},\"potentialAction\":[{\"@type\":\"SearchAction\",\"target\":{\"@type\":\"EntryPoint\",\"urlTemplate\":\"https:\/\/sen-shop.com\/hr\/?s={search_term_string}\"},\"query-input\":\"required name=search_term_string\"}],\"inLanguage\":\"hr-HR\"},{\"@type\":\"Organization\",\"@id\":\"https:\/\/sen-shop.com\/hr\/#organization\",\"name\":\"Mind trade d.o.o\",\"url\":\"https:\/\/sen-shop.com\/hr\/\",\"logo\":{\"@type\":\"ImageObject\",\"inLanguage\":\"hr-HR\",\"@id\":\"https:\/\/sen-shop.com\/hr\/#\/schema\/logo\/image\/\",\"url\":\"https:\/\/sen-shop.com\/wp-content\/uploads\/2018\/05\/header_logo.png\",\"contentUrl\":\"https:\/\/sen-shop.com\/wp-content\/uploads\/2018\/05\/header_logo.png\",\"width\":138,\"height\":70,\"caption\":\"Mind trade d.o.o\"},\"image\":{\"@id\":\"https:\/\/sen-shop.com\/hr\/#\/schema\/logo\/image\/\"},\"sameAs\":[\"https:\/\/www.instagram.com\/senslovenija\/\",\"https:\/\/www.facebook.com\/Senshopslovenija\"]}]}<\/script>\n<!-- \/ Yoast SEO plugin. -->","yoast_head_json":{"title":"Biljne kapi, kombinacija prirodnih eteri\u010dnih ulja | SEN.hr","description":"Biljne kapi su napravljene iz prirodnih eteri\u010dnih ulja. Proizvedene su po doma\u0107em receptu i poma\u017eeju protiv ka\u0161lja. Djeluju antibakterijsko.","robots":{"index":"index","follow":"follow","max-snippet":"max-snippet:-1","max-image-preview":"max-image-preview:large","max-video-preview":"max-video-preview:-1"},"canonical":"https:\/\/sen-shop.com\/hr\/collections\/osobna-njega-cat\/biljne-kapi\/","og_locale":"hr_HR","og_type":"article","og_title":"Biljne kapi, kombinacija prirodnih eteri\u010dnih ulja | SEN.hr","og_description":"Biljne kapi su napravljene iz prirodnih eteri\u010dnih ulja. Proizvedene su po doma\u0107em receptu i poma\u017eeju protiv ka\u0161lja. Djeluju antibakterijsko.","og_url":"https:\/\/sen-shop.com\/hr\/collections\/osobna-njega-cat\/biljne-kapi\/","og_site_name":"SEN Shop","article_publisher":"https:\/\/www.facebook.com\/Senshopslovenija","article_modified_time":"2022-04-12T08:06:32+00:00","og_image":[{"width":480,"height":549,"url":"https:\/\/sen-shop.com\/wp-content\/uploads\/2021\/04\/biljne-kapi-zeliscne-kapljice-hr.jpg","type":"image\/jpeg"}],"twitter_card":"summary_large_image","twitter_misc":{"Est. reading time":"2 minutes"},"schema":{"@context":"https:\/\/schema.org","@graph":[{"@type":"WebPage","@id":"https:\/\/sen-shop.com\/hr\/collections\/osobna-njega-cat\/biljne-kapi\/","url":"https:\/\/sen-shop.com\/hr\/collections\/osobna-njega-cat\/biljne-kapi\/","name":"Biljne kapi, kombinacija prirodnih eteri\u010dnih ulja | SEN.hr","isPartOf":{"@id":"https:\/\/sen-shop.com\/hr\/#website"},"datePublished":"2016-09-07T08:38:23+00:00","dateModified":"2022-04-12T08:06:32+00:00","description":"Biljne kapi su napravljene iz prirodnih eteri\u010dnih ulja. Proizvedene su po doma\u0107em receptu i poma\u017eeju protiv ka\u0161lja. Djeluju antibakterijsko.","breadcrumb":{"@id":"https:\/\/sen-shop.com\/hr\/collections\/osobna-njega-cat\/biljne-kapi\/#breadcrumb"},"inLanguage":"hr-HR","potentialAction":[{"@type":"ReadAction","target":["https:\/\/sen-shop.com\/hr\/collections\/osobna-njega-cat\/biljne-kapi\/"]}]},{"@type":"BreadcrumbList","@id":"https:\/\/sen-shop.com\/hr\/collections\/osobna-njega-cat\/biljne-kapi\/#breadcrumb","itemListElement":[{"@type":"ListItem","position":1,"name":"Home","item":"https:\/\/sen-shop.com\/hr\/"},{"@type":"ListItem","position":2,"name":"Biljne kapi"}]},{"@type":"WebSite","@id":"https:\/\/sen-shop.com\/hr\/#website","url":"https:\/\/sen-shop.com\/hr\/","name":"SEN Shop","description":"Slovensko, Ekolo\u0161ko, Naravno","publisher":{"@id":"https:\/\/sen-shop.com\/hr\/#organization"},"potentialAction":[{"@type":"SearchAction","target":{"@type":"EntryPoint","urlTemplate":"https:\/\/sen-shop.com\/hr\/?s={search_term_string}"},"query-input":"required name=search_term_string"}],"inLanguage":"hr-HR"},{"@type":"Organization","@id":"https:\/\/sen-shop.com\/hr\/#organization","name":"Mind trade d.o.o","url":"https:\/\/sen-shop.com\/hr\/","logo":{"@type":"ImageObject","inLanguage":"hr-HR","@id":"https:\/\/sen-shop.com\/hr\/#\/schema\/logo\/image\/","url":"https:\/\/sen-shop.com\/wp-content\/uploads\/2018\/05\/header_logo.png","contentUrl":"https:\/\/sen-shop.com\/wp-content\/uploads\/2018\/05\/header_logo.png","width":138,"height":70,"caption":"Mind trade d.o.o"},"image":{"@id":"https:\/\/sen-shop.com\/hr\/#\/schema\/logo\/image\/"},"sameAs":["https:\/\/www.instagram.com\/senslovenija\/","https:\/\/www.facebook.com\/Senshopslovenija"]}]}},"_links":{"self":[{"href":"https:\/\/sen-shop.com\/hr\/wp-json\/wp\/v2\/product\/27056","targetHints":{"allow":["GET"]}}],"collection":[{"href":"https:\/\/sen-shop.com\/hr\/wp-json\/wp\/v2\/product"}],"about":[{"href":"https:\/\/sen-shop.com\/hr\/wp-json\/wp\/v2\/types\/product"}],"replies":[{"embeddable":true,"href":"https:\/\/sen-shop.com\/hr\/wp-json\/wp\/v2\/comments?post=27056"}],"wp:featuredmedia":[{"embeddable":true,"href":"https:\/\/sen-shop.com\/hr\/wp-json\/wp\/v2\/media\/27057"}],"wp:attachment":[{"href":"https:\/\/sen-shop.com\/hr\/wp-json\/wp\/v2\/media?parent=27056"}],"wp:term":[{"taxonomy":"product_cat","embeddable":true,"href":"https:\/\/sen-shop.com\/hr\/wp-json\/wp\/v2\/product_cat?post=27056"},{"taxonomy":"product_tag","embeddable":true,"href":"https:\/\/sen-shop.com\/hr\/wp-json\/wp\/v2\/product_tag?post=27056"}],"curies":[{"name":"wp","href":"https:\/\/api.w.org\/{rel}","templated":true}]}}