{"id":27053,"date":"2016-09-16T00:59:32","date_gmt":"2016-09-15T22:59:32","guid":{"rendered":"https:\/\/www.sen-shop.com\/collections\/uncategorized\/bio-mlijeko-za-njegu-tijela\/"},"modified":"2021-07-09T10:48:30","modified_gmt":"2021-07-09T08:48:30","slug":"bio-mlijeko-za-njegu-tijela","status":"publish","type":"product","link":"https:\/\/sen-shop.com\/hr\/collections\/osobna-njega-cat\/njega-tijela\/bio-mlijeko-za-njegu-tijela\/","title":{"rendered":"BIO mlijeko za njegu tijela"},"content":{"rendered":"<h1>BIO mlijeko za njegu tijela<\/h1>\n<p>Priu\u0161tite svom tijelu samo najbolju njegu. BIO mlijeko za tijelo s odabranim sastojcima njeguje i vla\u017ei ko\u017eu. Pogodno je za sve tipove ko\u017ee. Ulje jojobe, kokosovo ulje, ulje \u0161ipka i shea maslac odr\u017eavaju va\u0161u ko\u017eu vla\u017enom i za\u0161ti\u0107enom.<\/p>\n<p>BIO prirodno mlijeko je namijenjeno je svakodnevnoj upotrebi, posebno nakon tu\u0161iranja i sun\u010danja. Ulje jojobe bogato je vitaminom E, vrlo pogodno za sve tipove ko\u017ee, posebno za osjetljivu i problemati\u010dnu ko\u017eu. Brzo se upija, regulira vla\u017enost i odr\u017eava za\u0161titu ko\u017ee. Ima protuupalna svojstva i vrlo je pogodan za o\u0161te\u0107enu ko\u017eu.<\/p>\n<p>&nbsp;<\/p>\n<h4>BIO mlijeko za tijelo &#8211; za\u0161tita nakon sun\u010danja<\/h4>\n<p>Ulje jojobe, shea maslac, ulje verbene i palmaroze su u\u010dinkoviti za obnavljanje o\u0161te\u0107ene ko\u017ee nakon sun\u010danja.<\/p>\n<p>&nbsp;<\/p>\n<h4>Kokosovo ulje<\/h4>\n<p>Prirodno mlijeko za tijelo sadr\u017ei tako\u0111er i kokosovo ulje. Koristi se kao krema za ko\u017eu jer vla\u017ei i ima protuupalna svojstva. Tanak sloj kreme nanosi se na ko\u017eu da osigura vla\u017enu i mekanu ko\u017eu. Poma\u017ee br\u017eem zacjeljivanju o\u0161te\u0107ene ko\u017ee i sprje\u010dava upale ko\u017ee. Kokosovo ulje je va\u017ean sastojak u izradi sapuna. Masne kiseline u kokosovom ulju uni\u0161tavaju \u0161tetne mikroorganizme koji uzrokuju razne infekcije. Ulje se mo\u017ee koristiti za prevenciju, kao i za lije\u010denje infekcija i upala, pri \u010demu je laurinska kiselina posebno va\u017ena. Proizvod se preporu\u010duje svima vama koji se \u010desto suo\u010davaju sa suhom ko\u017eom. Kokosovo ulje \u0161titi, vla\u017ei i njeguje suhu ko\u017eu.<\/p>\n<p>&nbsp;<\/p>\n<h4>Ulje jojobe<\/h4>\n<p>Teku\u0107ina proizvedena iz sjemenki biljke Jojoba. Stari Indijci su koristili ulje jojobe za opskrbu rana i bolove u grlu. Ulje je antifungalno, a mo\u017ee se koristiti i za suzbijanje gljivi\u010dnih bolesti.<\/p>\n<p>&nbsp;<\/p>\n<p>Uz <strong>BIO mlijeko<\/strong> preporu\u010dujemo upotrebu <strong>prirodnog gela za tu\u0161iranje<\/strong> koji mo\u017eete kupiti &#8211;&gt; <a href=\"https:\/\/www.sen.hr\/collections\/osobna-njega\/nega-telesa\/bio-gel-za-tusiranje\/\">OVDJE<\/a> &lt;&#8211;<\/p>\n","protected":false},"excerpt":{"rendered":"<p>Priu\u0161tite svom tijelu samo najbolju njegu. 100% PRIRODNO mlijeko za tijelo s odabranim sastojcima njeguje i vla\u017ei sve tipove ko\u017ee. Dodani su shea maslac, jojoba i kokosovo ulje.<\/p>\n<p>Mlijeko je tako\u0111er odli\u010dno kao za\u0161tita ko\u017ee nakon sun\u010danja. Ubla\u017eava opekline, njeguje i vla\u017ei o\u0161te\u0107enu ko\u017eu.<\/p>\n[banner_zeliscni]\n","protected":false},"featured_media":27055,"comment_status":"open","ping_status":"closed","template":"","meta":{"inline_featured_image":false},"product_cat":[423,419,418],"product_tag":[375,381,382,376,377,379],"class_list":["post-27053","product","type-product","status-publish","has-post-thumbnail","hentry","product_cat-crni-petak","product_cat-njega-tijela","product_cat-osobna-njega-cat","product_tag-biljni","product_tag-biljni-gel","product_tag-misici-i-zglobovi","product_tag-repelent","product_tag-ruzmarin","product_tag-zdravo"],"acf":[],"yoast_head":"<!-- This site is optimized with the Yoast SEO plugin v19.13 - https:\/\/yoast.com\/wordpress\/plugins\/seo\/ -->\n<title>Mlijeko za tijelo | 100% prirodno - njeguje, \u0161titi i vla\u017ei ko\u017eu<\/title>\n<meta name=\"description\" content=\"Mlijeko za tijelo koje mo\u017eete koristiti i nakon sun\u010danja. 100% prirodan proizvod. Njeguje, \u0161titi i vla\u017ei ko\u017eu. Primjerno za sve vrste ko\u017ee.\" \/>\n<meta name=\"robots\" content=\"index, follow, max-snippet:-1, max-image-preview:large, max-video-preview:-1\" \/>\n<link rel=\"canonical\" href=\"https:\/\/sen-shop.com\/hr\/collections\/osobna-njega-cat\/njega-tijela\/bio-mlijeko-za-njegu-tijela\/\" \/>\n<meta property=\"og:locale\" content=\"hr_HR\" \/>\n<meta property=\"og:type\" content=\"article\" \/>\n<meta property=\"og:title\" content=\"Mlijeko za tijelo | 100% prirodno - njeguje, \u0161titi i vla\u017ei ko\u017eu\" \/>\n<meta property=\"og:description\" content=\"Mlijeko za tijelo koje mo\u017eete koristiti i nakon sun\u010danja. 100% prirodan proizvod. Njeguje, \u0161titi i vla\u017ei ko\u017eu. Primjerno za sve vrste ko\u017ee.\" \/>\n<meta property=\"og:url\" content=\"https:\/\/sen-shop.com\/hr\/collections\/osobna-njega-cat\/njega-tijela\/bio-mlijeko-za-njegu-tijela\/\" \/>\n<meta property=\"og:site_name\" content=\"SEN Shop\" \/>\n<meta property=\"article:publisher\" content=\"https:\/\/www.facebook.com\/Senshopslovenija\" \/>\n<meta property=\"article:modified_time\" content=\"2021-07-09T08:48:30+00:00\" \/>\n<meta property=\"og:image\" content=\"https:\/\/sen-shop.com\/wp-content\/uploads\/2021\/04\/mlijeko-hr.jpg\" \/>\n\t<meta property=\"og:image:width\" content=\"480\" \/>\n\t<meta property=\"og:image:height\" content=\"549\" \/>\n\t<meta property=\"og:image:type\" content=\"image\/jpeg\" \/>\n<meta name=\"twitter:card\" content=\"summary_large_image\" \/>\n<meta name=\"twitter:label1\" content=\"Est. reading time\" \/>\n\t<meta name=\"twitter:data1\" content=\"2 minutes\" \/>\n<script type=\"application\/ld+json\" class=\"yoast-schema-graph\">{\"@context\":\"https:\/\/schema.org\",\"@graph\":[{\"@type\":\"WebPage\",\"@id\":\"https:\/\/sen-shop.com\/hr\/collections\/osobna-njega-cat\/njega-tijela\/bio-mlijeko-za-njegu-tijela\/\",\"url\":\"https:\/\/sen-shop.com\/hr\/collections\/osobna-njega-cat\/njega-tijela\/bio-mlijeko-za-njegu-tijela\/\",\"name\":\"Mlijeko za tijelo | 100% prirodno - njeguje, \u0161titi i vla\u017ei ko\u017eu\",\"isPartOf\":{\"@id\":\"https:\/\/sen-shop.com\/hr\/#website\"},\"datePublished\":\"2016-09-15T22:59:32+00:00\",\"dateModified\":\"2021-07-09T08:48:30+00:00\",\"description\":\"Mlijeko za tijelo koje mo\u017eete koristiti i nakon sun\u010danja. 100% prirodan proizvod. Njeguje, \u0161titi i vla\u017ei ko\u017eu. Primjerno za sve vrste ko\u017ee.\",\"breadcrumb\":{\"@id\":\"https:\/\/sen-shop.com\/hr\/collections\/osobna-njega-cat\/njega-tijela\/bio-mlijeko-za-njegu-tijela\/#breadcrumb\"},\"inLanguage\":\"hr-HR\",\"potentialAction\":[{\"@type\":\"ReadAction\",\"target\":[\"https:\/\/sen-shop.com\/hr\/collections\/osobna-njega-cat\/njega-tijela\/bio-mlijeko-za-njegu-tijela\/\"]}]},{\"@type\":\"BreadcrumbList\",\"@id\":\"https:\/\/sen-shop.com\/hr\/collections\/osobna-njega-cat\/njega-tijela\/bio-mlijeko-za-njegu-tijela\/#breadcrumb\",\"itemListElement\":[{\"@type\":\"ListItem\",\"position\":1,\"name\":\"Home\",\"item\":\"https:\/\/sen-shop.com\/hr\/\"},{\"@type\":\"ListItem\",\"position\":2,\"name\":\"BIO mlijeko za njegu tijela\"}]},{\"@type\":\"WebSite\",\"@id\":\"https:\/\/sen-shop.com\/hr\/#website\",\"url\":\"https:\/\/sen-shop.com\/hr\/\",\"name\":\"SEN Shop\",\"description\":\"Slovensko, Ekolo\u0161ko, Naravno\",\"publisher\":{\"@id\":\"https:\/\/sen-shop.com\/hr\/#organization\"},\"potentialAction\":[{\"@type\":\"SearchAction\",\"target\":{\"@type\":\"EntryPoint\",\"urlTemplate\":\"https:\/\/sen-shop.com\/hr\/?s={search_term_string}\"},\"query-input\":\"required name=search_term_string\"}],\"inLanguage\":\"hr-HR\"},{\"@type\":\"Organization\",\"@id\":\"https:\/\/sen-shop.com\/hr\/#organization\",\"name\":\"Mind trade d.o.o\",\"url\":\"https:\/\/sen-shop.com\/hr\/\",\"logo\":{\"@type\":\"ImageObject\",\"inLanguage\":\"hr-HR\",\"@id\":\"https:\/\/sen-shop.com\/hr\/#\/schema\/logo\/image\/\",\"url\":\"https:\/\/sen-shop.com\/wp-content\/uploads\/2018\/05\/header_logo.png\",\"contentUrl\":\"https:\/\/sen-shop.com\/wp-content\/uploads\/2018\/05\/header_logo.png\",\"width\":138,\"height\":70,\"caption\":\"Mind trade d.o.o\"},\"image\":{\"@id\":\"https:\/\/sen-shop.com\/hr\/#\/schema\/logo\/image\/\"},\"sameAs\":[\"https:\/\/www.instagram.com\/senslovenija\/\",\"https:\/\/www.facebook.com\/Senshopslovenija\"]}]}<\/script>\n<!-- \/ Yoast SEO plugin. -->","yoast_head_json":{"title":"Mlijeko za tijelo | 100% prirodno - njeguje, \u0161titi i vla\u017ei ko\u017eu","description":"Mlijeko za tijelo koje mo\u017eete koristiti i nakon sun\u010danja. 100% prirodan proizvod. Njeguje, \u0161titi i vla\u017ei ko\u017eu. Primjerno za sve vrste ko\u017ee.","robots":{"index":"index","follow":"follow","max-snippet":"max-snippet:-1","max-image-preview":"max-image-preview:large","max-video-preview":"max-video-preview:-1"},"canonical":"https:\/\/sen-shop.com\/hr\/collections\/osobna-njega-cat\/njega-tijela\/bio-mlijeko-za-njegu-tijela\/","og_locale":"hr_HR","og_type":"article","og_title":"Mlijeko za tijelo | 100% prirodno - njeguje, \u0161titi i vla\u017ei ko\u017eu","og_description":"Mlijeko za tijelo koje mo\u017eete koristiti i nakon sun\u010danja. 100% prirodan proizvod. Njeguje, \u0161titi i vla\u017ei ko\u017eu. Primjerno za sve vrste ko\u017ee.","og_url":"https:\/\/sen-shop.com\/hr\/collections\/osobna-njega-cat\/njega-tijela\/bio-mlijeko-za-njegu-tijela\/","og_site_name":"SEN Shop","article_publisher":"https:\/\/www.facebook.com\/Senshopslovenija","article_modified_time":"2021-07-09T08:48:30+00:00","og_image":[{"width":480,"height":549,"url":"https:\/\/sen-shop.com\/wp-content\/uploads\/2021\/04\/mlijeko-hr.jpg","type":"image\/jpeg"}],"twitter_card":"summary_large_image","twitter_misc":{"Est. reading time":"2 minutes"},"schema":{"@context":"https:\/\/schema.org","@graph":[{"@type":"WebPage","@id":"https:\/\/sen-shop.com\/hr\/collections\/osobna-njega-cat\/njega-tijela\/bio-mlijeko-za-njegu-tijela\/","url":"https:\/\/sen-shop.com\/hr\/collections\/osobna-njega-cat\/njega-tijela\/bio-mlijeko-za-njegu-tijela\/","name":"Mlijeko za tijelo | 100% prirodno - njeguje, \u0161titi i vla\u017ei ko\u017eu","isPartOf":{"@id":"https:\/\/sen-shop.com\/hr\/#website"},"datePublished":"2016-09-15T22:59:32+00:00","dateModified":"2021-07-09T08:48:30+00:00","description":"Mlijeko za tijelo koje mo\u017eete koristiti i nakon sun\u010danja. 100% prirodan proizvod. Njeguje, \u0161titi i vla\u017ei ko\u017eu. Primjerno za sve vrste ko\u017ee.","breadcrumb":{"@id":"https:\/\/sen-shop.com\/hr\/collections\/osobna-njega-cat\/njega-tijela\/bio-mlijeko-za-njegu-tijela\/#breadcrumb"},"inLanguage":"hr-HR","potentialAction":[{"@type":"ReadAction","target":["https:\/\/sen-shop.com\/hr\/collections\/osobna-njega-cat\/njega-tijela\/bio-mlijeko-za-njegu-tijela\/"]}]},{"@type":"BreadcrumbList","@id":"https:\/\/sen-shop.com\/hr\/collections\/osobna-njega-cat\/njega-tijela\/bio-mlijeko-za-njegu-tijela\/#breadcrumb","itemListElement":[{"@type":"ListItem","position":1,"name":"Home","item":"https:\/\/sen-shop.com\/hr\/"},{"@type":"ListItem","position":2,"name":"BIO mlijeko za njegu tijela"}]},{"@type":"WebSite","@id":"https:\/\/sen-shop.com\/hr\/#website","url":"https:\/\/sen-shop.com\/hr\/","name":"SEN Shop","description":"Slovensko, Ekolo\u0161ko, Naravno","publisher":{"@id":"https:\/\/sen-shop.com\/hr\/#organization"},"potentialAction":[{"@type":"SearchAction","target":{"@type":"EntryPoint","urlTemplate":"https:\/\/sen-shop.com\/hr\/?s={search_term_string}"},"query-input":"required name=search_term_string"}],"inLanguage":"hr-HR"},{"@type":"Organization","@id":"https:\/\/sen-shop.com\/hr\/#organization","name":"Mind trade d.o.o","url":"https:\/\/sen-shop.com\/hr\/","logo":{"@type":"ImageObject","inLanguage":"hr-HR","@id":"https:\/\/sen-shop.com\/hr\/#\/schema\/logo\/image\/","url":"https:\/\/sen-shop.com\/wp-content\/uploads\/2018\/05\/header_logo.png","contentUrl":"https:\/\/sen-shop.com\/wp-content\/uploads\/2018\/05\/header_logo.png","width":138,"height":70,"caption":"Mind trade d.o.o"},"image":{"@id":"https:\/\/sen-shop.com\/hr\/#\/schema\/logo\/image\/"},"sameAs":["https:\/\/www.instagram.com\/senslovenija\/","https:\/\/www.facebook.com\/Senshopslovenija"]}]}},"_links":{"self":[{"href":"https:\/\/sen-shop.com\/hr\/wp-json\/wp\/v2\/product\/27053","targetHints":{"allow":["GET"]}}],"collection":[{"href":"https:\/\/sen-shop.com\/hr\/wp-json\/wp\/v2\/product"}],"about":[{"href":"https:\/\/sen-shop.com\/hr\/wp-json\/wp\/v2\/types\/product"}],"replies":[{"embeddable":true,"href":"https:\/\/sen-shop.com\/hr\/wp-json\/wp\/v2\/comments?post=27053"}],"wp:featuredmedia":[{"embeddable":true,"href":"https:\/\/sen-shop.com\/hr\/wp-json\/wp\/v2\/media\/27055"}],"wp:attachment":[{"href":"https:\/\/sen-shop.com\/hr\/wp-json\/wp\/v2\/media?parent=27053"}],"wp:term":[{"taxonomy":"product_cat","embeddable":true,"href":"https:\/\/sen-shop.com\/hr\/wp-json\/wp\/v2\/product_cat?post=27053"},{"taxonomy":"product_tag","embeddable":true,"href":"https:\/\/sen-shop.com\/hr\/wp-json\/wp\/v2\/product_tag?post=27053"}],"curies":[{"name":"wp","href":"https:\/\/api.w.org\/{rel}","templated":true}]}}