{"id":27026,"date":"2016-09-16T01:01:01","date_gmt":"2016-09-15T23:01:01","guid":{"rendered":"https:\/\/www.sen-shop.com\/collections\/uncategorized\/bio-sampon-za-njegu-kose\/"},"modified":"2022-01-10T13:08:06","modified_gmt":"2022-01-10T12:08:06","slug":"prirodni-sampon-za-sve-tipove-kose","status":"publish","type":"product","link":"https:\/\/sen-shop.com\/hr\/collections\/osobna-njega-cat\/njega-kose\/prirodni-sampon-za-sve-tipove-kose\/","title":{"rendered":"Prirodni \u0161ampon za sve tipove kose"},"content":{"rendered":"<p>[vc_row][vc_column][vc_column_text css=&#8221;.vc_custom_1635950750260{padding-top: 30px !important;padding-right: 30px !important;padding-bottom: 30px !important;padding-left: 30px !important;background-color: #f2fded !important;}&#8221;]<strong>BIO eteri\u010dno ulje \u010dajevca <\/strong>brzo <strong>smiruje svrbe\u017e vlasi\u0161ta<\/strong> i <strong>uklanja gljivice koje uzrokuju perut,<\/strong> \u010dime se smanjuje i sama pojava peruti.<\/p>\n<p><strong>Lavanda<\/strong> umiruje vlasi\u0161te, vra\u0107a meko\u0107u i \u0161titi kosu od vanjskih utjecaja.<\/p>\n<p><strong>Bosiljak<\/strong> ima antibakterijsko djelovanje, \u0161to je posebno va\u017eno kod<strong> lije\u010denja peruti.<\/strong> Poma\u017ee u nje\u017enom \u010di\u0161\u0107enju kose bez \u0161tetnih u\u010dinaka.<\/p>\n<p><strong>Menta ja\u010da<\/strong> i <strong>obnavlja kosu,<\/strong> ubla\u017eava svrbe\u017e i pobolj\u0161ava prokrvljenost vlasi\u0161ta.<\/p>\n<p><strong>Kadulja<\/strong> se tradicionalno koristi vi\u0161e od sto godina protiv <strong>sijedenja<\/strong> i<strong> gubitka kose.<\/strong><\/p>\n<p><strong>Protiv zaraze u\u0161ima <\/strong>koristite \u0161ampon kao i svaki drugi (nanesite ga na vlasi\u0161te, zapjenite i isperite vodom). Za bolji rezultat dodajte u \u0161ampon nekoliko kapi eteri\u010dnog ulja \u010dajevca.[\/vc_column_text][vc_column_text css=&#8221;.vc_custom_1635950912721{padding-top: 30px !important;padding-right: 30px !important;padding-bottom: 30px !important;padding-left: 30px !important;background-color: #f9f9f9 !important;}&#8221;]\ud83d\udc49 100% prirodni \u0161ampon koji uklanja ve\u0107inu problema s kosom.<\/p>\n<p>\ud83d\udc49 Nanijeti \u0161ampon na vla\u017enu kosu, umasirati vlasi\u0161te i isprati.<\/p>\n<p>\ud83d\udc49 Eteri\u010dna ulja lavande i \u010dajevca u \u0161amponu odbijaju u\u0161i i stvaraju nepogodnu okolinu za njihovo razmno\u017eavanje.[\/vc_column_text][\/vc_column][\/vc_row][vc_row][vc_column][vc_column_text]<br \/>\nSinteti\u010dki \u0161amponi imaju agresivna sredstva za pjenjenje koja remete ravnote\u017eu va\u0161eg vlasi\u0161ta. Uvrije\u017eeno je mi\u0161ljenje da vi\u0161e pjene \u010dini va\u0161u kosu \u010di\u0161\u0107om, no to nije to\u010dno. Pjena iritira vlasi\u0161te, \u0161to rezultira suhim vlasi\u0161tem i sklonijem svrbe\u017eu, \u0161to mo\u017ee rezultirati s peruti. <strong>Perut tako\u0111er mo\u017ee biti znak gljivi\u010dne infekcije vlasi\u0161ta.<\/strong><\/p>\n<p>Normalni \u0161amponi obavijaju kosu omota\u010dem koji sprje\u010dava da kisik dopre do va\u0161e kose, \u0161to uzrokuje pretjerano su\u0161enje vrhova. Kosa postaje poput slame i be\u017eivotna. Svrab vlasi\u0161ta postaje stalni problem. Uz kori\u0161tenje prirodnog \u0161ampona to vam se ne\u0107e dogoditi. Hidrolipidni sloj \u0161titi ko\u017eu od vanjskih utjecaja. PH izme\u0111u 5.4 i 5.9 jamstvo je za zdravu ko\u017eu. Me\u0111utim, kori\u0161tenjem sintetskih \u0161ampona, koji su uglavnom alkalni, ravnote\u017ea se poremeti, \u0161to dovodi do rasta bakterija i upala. Prirodni \u0161ampon za kosu nje\u017eno uklanja ne\u010disto\u0107e s va\u0161e kose i odr\u017eava prirodnu ravnote\u017eu va\u0161eg vlasi\u0161ta.<br \/>\n[\/vc_column_text][\/vc_column][\/vc_row][vc_row][vc_column][\/vc_column][\/vc_row]<\/p>\n","protected":false},"excerpt":{"rendered":"<p>100% prirodni \u0161ampon, na bazi blagog deterd\u017eenta od kokosa, sadr\u017ei izuzetno hranjivu mje\u0161avinu p\u0161eni\u010dnih proteina i prirodnih eteri\u010dnih ulja. Ova intenzivna biljna terapija sprje\u010dava probleme s vlasi\u0161tem kao \u0161to su perut, svrbe\u017e vlasi\u0161ta i upala. Ja\u010da i obnavlja kosu (proteini p\u0161enice), djeluje kao blagi antiseptik koji odbija u\u0161i (\u010dajevac), <strong>smiruje svrbe\u017e i upaljeno vlasi\u0161te<\/strong> (lavanda), <strong>regulira masno\u0107u i perut<\/strong> (bosiljak, menta), <strong>poma\u017ee protiv sijedih i ispadanja kose<\/strong> (kadulja ).<\/p>\n<ul>\n<li>regulira masno\u0107u vlasi\u0161ta i obnavlja suhu i o\u0161te\u0107enu kosu<\/li>\n<li>blagi antiseptik, sprje\u010dava perut i odbija u\u0161i<\/li>\n<li>poma\u017ee protiv ispadanja i sijede kose<\/li>\n<\/ul>\n<p>Pogodan za djecu i sve tipove kose. Bogat prirodnim eteri\u010dnim uljima djeluje kao u\u010dinkovita prirodna <strong>PREVENCIJA PROTIV U\u0160I.<\/strong><\/p>\n","protected":false},"featured_media":71197,"comment_status":"open","ping_status":"closed","template":"","meta":{"inline_featured_image":false},"product_cat":[423,428,436,418,424],"product_tag":[375,381,382,437,376,429,379],"class_list":["post-27026","product","type-product","status-publish","has-post-thumbnail","hentry","product_cat-crni-petak","product_cat-njega-kose","product_cat-osobna-njega-hr-2","product_cat-osobna-njega-cat","product_cat-osobna-njega-hr","product_tag-biljni","product_tag-biljni-gel","product_tag-misici-i-zglobovi","product_tag-njega-kose","product_tag-repelent","product_tag-ulje-cajevca","product_tag-zdravo"],"acf":[],"yoast_head":"<!-- This site is optimized with the Yoast SEO plugin v19.13 - https:\/\/yoast.com\/wordpress\/plugins\/seo\/ -->\n<title>Prirodni \u0161ampon protiv perut, u\u0161iju i sijede kose | SEN<\/title>\n<meta name=\"description\" content=\"Prirodni \u0161ampon za kosu, protiv peruti je odli\u010dan za njegu svih vrsta kose i za\u0161titi ravnote\u017ee vlasi\u0161ta. Eteri\u010dno ulje u \u0161amponu sprje\u010dava svrbe\u017e vlasi\u0161ta.\" \/>\n<meta name=\"robots\" content=\"index, follow, max-snippet:-1, max-image-preview:large, max-video-preview:-1\" \/>\n<link rel=\"canonical\" href=\"https:\/\/sen-shop.com\/hr\/collections\/osobna-njega-cat\/njega-kose\/prirodni-sampon-za-sve-tipove-kose\/\" \/>\n<meta property=\"og:locale\" content=\"hr_HR\" \/>\n<meta property=\"og:type\" content=\"article\" \/>\n<meta property=\"og:title\" content=\"Prirodni \u0161ampon protiv perut, u\u0161iju i sijede kose | SEN\" \/>\n<meta property=\"og:description\" content=\"Prirodni \u0161ampon za kosu, protiv peruti je odli\u010dan za njegu svih vrsta kose i za\u0161titi ravnote\u017ee vlasi\u0161ta. Eteri\u010dno ulje u \u0161amponu sprje\u010dava svrbe\u017e vlasi\u0161ta.\" \/>\n<meta property=\"og:url\" content=\"https:\/\/sen-shop.com\/hr\/collections\/osobna-njega-cat\/njega-kose\/prirodni-sampon-za-sve-tipove-kose\/\" \/>\n<meta property=\"og:site_name\" content=\"SEN Shop\" \/>\n<meta property=\"article:publisher\" content=\"https:\/\/www.facebook.com\/Senshopslovenija\" \/>\n<meta property=\"article:modified_time\" content=\"2022-01-10T12:08:06+00:00\" \/>\n<meta property=\"og:image\" content=\"https:\/\/sen-shop.com\/wp-content\/uploads\/2016\/09\/Sampon_sl_hr.jpg\" \/>\n\t<meta property=\"og:image:width\" content=\"1225\" \/>\n\t<meta property=\"og:image:height\" content=\"1400\" \/>\n\t<meta property=\"og:image:type\" content=\"image\/jpeg\" \/>\n<meta name=\"twitter:card\" content=\"summary_large_image\" \/>\n<meta name=\"twitter:label1\" content=\"Est. reading time\" \/>\n\t<meta name=\"twitter:data1\" content=\"2 minutes\" \/>\n<script type=\"application\/ld+json\" class=\"yoast-schema-graph\">{\"@context\":\"https:\/\/schema.org\",\"@graph\":[{\"@type\":\"WebPage\",\"@id\":\"https:\/\/sen-shop.com\/hr\/collections\/osobna-njega-cat\/njega-kose\/prirodni-sampon-za-sve-tipove-kose\/\",\"url\":\"https:\/\/sen-shop.com\/hr\/collections\/osobna-njega-cat\/njega-kose\/prirodni-sampon-za-sve-tipove-kose\/\",\"name\":\"Prirodni \u0161ampon protiv perut, u\u0161iju i sijede kose | SEN\",\"isPartOf\":{\"@id\":\"https:\/\/sen-shop.com\/hr\/#website\"},\"datePublished\":\"2016-09-15T23:01:01+00:00\",\"dateModified\":\"2022-01-10T12:08:06+00:00\",\"description\":\"Prirodni \u0161ampon za kosu, protiv peruti je odli\u010dan za njegu svih vrsta kose i za\u0161titi ravnote\u017ee vlasi\u0161ta. Eteri\u010dno ulje u \u0161amponu sprje\u010dava svrbe\u017e vlasi\u0161ta.\",\"breadcrumb\":{\"@id\":\"https:\/\/sen-shop.com\/hr\/collections\/osobna-njega-cat\/njega-kose\/prirodni-sampon-za-sve-tipove-kose\/#breadcrumb\"},\"inLanguage\":\"hr-HR\",\"potentialAction\":[{\"@type\":\"ReadAction\",\"target\":[\"https:\/\/sen-shop.com\/hr\/collections\/osobna-njega-cat\/njega-kose\/prirodni-sampon-za-sve-tipove-kose\/\"]}]},{\"@type\":\"BreadcrumbList\",\"@id\":\"https:\/\/sen-shop.com\/hr\/collections\/osobna-njega-cat\/njega-kose\/prirodni-sampon-za-sve-tipove-kose\/#breadcrumb\",\"itemListElement\":[{\"@type\":\"ListItem\",\"position\":1,\"name\":\"Home\",\"item\":\"https:\/\/sen-shop.com\/hr\/\"},{\"@type\":\"ListItem\",\"position\":2,\"name\":\"Prirodni \u0161ampon za sve tipove kose\"}]},{\"@type\":\"WebSite\",\"@id\":\"https:\/\/sen-shop.com\/hr\/#website\",\"url\":\"https:\/\/sen-shop.com\/hr\/\",\"name\":\"SEN Shop\",\"description\":\"Slovensko, Ekolo\u0161ko, Naravno\",\"publisher\":{\"@id\":\"https:\/\/sen-shop.com\/hr\/#organization\"},\"potentialAction\":[{\"@type\":\"SearchAction\",\"target\":{\"@type\":\"EntryPoint\",\"urlTemplate\":\"https:\/\/sen-shop.com\/hr\/?s={search_term_string}\"},\"query-input\":\"required name=search_term_string\"}],\"inLanguage\":\"hr-HR\"},{\"@type\":\"Organization\",\"@id\":\"https:\/\/sen-shop.com\/hr\/#organization\",\"name\":\"Mind trade d.o.o\",\"url\":\"https:\/\/sen-shop.com\/hr\/\",\"logo\":{\"@type\":\"ImageObject\",\"inLanguage\":\"hr-HR\",\"@id\":\"https:\/\/sen-shop.com\/hr\/#\/schema\/logo\/image\/\",\"url\":\"https:\/\/sen-shop.com\/wp-content\/uploads\/2018\/05\/header_logo.png\",\"contentUrl\":\"https:\/\/sen-shop.com\/wp-content\/uploads\/2018\/05\/header_logo.png\",\"width\":138,\"height\":70,\"caption\":\"Mind trade d.o.o\"},\"image\":{\"@id\":\"https:\/\/sen-shop.com\/hr\/#\/schema\/logo\/image\/\"},\"sameAs\":[\"https:\/\/www.instagram.com\/senslovenija\/\",\"https:\/\/www.facebook.com\/Senshopslovenija\"]}]}<\/script>\n<!-- \/ Yoast SEO plugin. -->","yoast_head_json":{"title":"Prirodni \u0161ampon protiv perut, u\u0161iju i sijede kose | SEN","description":"Prirodni \u0161ampon za kosu, protiv peruti je odli\u010dan za njegu svih vrsta kose i za\u0161titi ravnote\u017ee vlasi\u0161ta. Eteri\u010dno ulje u \u0161amponu sprje\u010dava svrbe\u017e vlasi\u0161ta.","robots":{"index":"index","follow":"follow","max-snippet":"max-snippet:-1","max-image-preview":"max-image-preview:large","max-video-preview":"max-video-preview:-1"},"canonical":"https:\/\/sen-shop.com\/hr\/collections\/osobna-njega-cat\/njega-kose\/prirodni-sampon-za-sve-tipove-kose\/","og_locale":"hr_HR","og_type":"article","og_title":"Prirodni \u0161ampon protiv perut, u\u0161iju i sijede kose | SEN","og_description":"Prirodni \u0161ampon za kosu, protiv peruti je odli\u010dan za njegu svih vrsta kose i za\u0161titi ravnote\u017ee vlasi\u0161ta. Eteri\u010dno ulje u \u0161amponu sprje\u010dava svrbe\u017e vlasi\u0161ta.","og_url":"https:\/\/sen-shop.com\/hr\/collections\/osobna-njega-cat\/njega-kose\/prirodni-sampon-za-sve-tipove-kose\/","og_site_name":"SEN Shop","article_publisher":"https:\/\/www.facebook.com\/Senshopslovenija","article_modified_time":"2022-01-10T12:08:06+00:00","og_image":[{"width":1225,"height":1400,"url":"https:\/\/sen-shop.com\/wp-content\/uploads\/2016\/09\/Sampon_sl_hr.jpg","type":"image\/jpeg"}],"twitter_card":"summary_large_image","twitter_misc":{"Est. reading time":"2 minutes"},"schema":{"@context":"https:\/\/schema.org","@graph":[{"@type":"WebPage","@id":"https:\/\/sen-shop.com\/hr\/collections\/osobna-njega-cat\/njega-kose\/prirodni-sampon-za-sve-tipove-kose\/","url":"https:\/\/sen-shop.com\/hr\/collections\/osobna-njega-cat\/njega-kose\/prirodni-sampon-za-sve-tipove-kose\/","name":"Prirodni \u0161ampon protiv perut, u\u0161iju i sijede kose | SEN","isPartOf":{"@id":"https:\/\/sen-shop.com\/hr\/#website"},"datePublished":"2016-09-15T23:01:01+00:00","dateModified":"2022-01-10T12:08:06+00:00","description":"Prirodni \u0161ampon za kosu, protiv peruti je odli\u010dan za njegu svih vrsta kose i za\u0161titi ravnote\u017ee vlasi\u0161ta. Eteri\u010dno ulje u \u0161amponu sprje\u010dava svrbe\u017e vlasi\u0161ta.","breadcrumb":{"@id":"https:\/\/sen-shop.com\/hr\/collections\/osobna-njega-cat\/njega-kose\/prirodni-sampon-za-sve-tipove-kose\/#breadcrumb"},"inLanguage":"hr-HR","potentialAction":[{"@type":"ReadAction","target":["https:\/\/sen-shop.com\/hr\/collections\/osobna-njega-cat\/njega-kose\/prirodni-sampon-za-sve-tipove-kose\/"]}]},{"@type":"BreadcrumbList","@id":"https:\/\/sen-shop.com\/hr\/collections\/osobna-njega-cat\/njega-kose\/prirodni-sampon-za-sve-tipove-kose\/#breadcrumb","itemListElement":[{"@type":"ListItem","position":1,"name":"Home","item":"https:\/\/sen-shop.com\/hr\/"},{"@type":"ListItem","position":2,"name":"Prirodni \u0161ampon za sve tipove kose"}]},{"@type":"WebSite","@id":"https:\/\/sen-shop.com\/hr\/#website","url":"https:\/\/sen-shop.com\/hr\/","name":"SEN Shop","description":"Slovensko, Ekolo\u0161ko, Naravno","publisher":{"@id":"https:\/\/sen-shop.com\/hr\/#organization"},"potentialAction":[{"@type":"SearchAction","target":{"@type":"EntryPoint","urlTemplate":"https:\/\/sen-shop.com\/hr\/?s={search_term_string}"},"query-input":"required name=search_term_string"}],"inLanguage":"hr-HR"},{"@type":"Organization","@id":"https:\/\/sen-shop.com\/hr\/#organization","name":"Mind trade d.o.o","url":"https:\/\/sen-shop.com\/hr\/","logo":{"@type":"ImageObject","inLanguage":"hr-HR","@id":"https:\/\/sen-shop.com\/hr\/#\/schema\/logo\/image\/","url":"https:\/\/sen-shop.com\/wp-content\/uploads\/2018\/05\/header_logo.png","contentUrl":"https:\/\/sen-shop.com\/wp-content\/uploads\/2018\/05\/header_logo.png","width":138,"height":70,"caption":"Mind trade d.o.o"},"image":{"@id":"https:\/\/sen-shop.com\/hr\/#\/schema\/logo\/image\/"},"sameAs":["https:\/\/www.instagram.com\/senslovenija\/","https:\/\/www.facebook.com\/Senshopslovenija"]}]}},"_links":{"self":[{"href":"https:\/\/sen-shop.com\/hr\/wp-json\/wp\/v2\/product\/27026","targetHints":{"allow":["GET"]}}],"collection":[{"href":"https:\/\/sen-shop.com\/hr\/wp-json\/wp\/v2\/product"}],"about":[{"href":"https:\/\/sen-shop.com\/hr\/wp-json\/wp\/v2\/types\/product"}],"replies":[{"embeddable":true,"href":"https:\/\/sen-shop.com\/hr\/wp-json\/wp\/v2\/comments?post=27026"}],"wp:featuredmedia":[{"embeddable":true,"href":"https:\/\/sen-shop.com\/hr\/wp-json\/wp\/v2\/media\/71197"}],"wp:attachment":[{"href":"https:\/\/sen-shop.com\/hr\/wp-json\/wp\/v2\/media?parent=27026"}],"wp:term":[{"taxonomy":"product_cat","embeddable":true,"href":"https:\/\/sen-shop.com\/hr\/wp-json\/wp\/v2\/product_cat?post=27026"},{"taxonomy":"product_tag","embeddable":true,"href":"https:\/\/sen-shop.com\/hr\/wp-json\/wp\/v2\/product_tag?post=27026"}],"curies":[{"name":"wp","href":"https:\/\/api.w.org\/{rel}","templated":true}]}}