{"id":27021,"date":"2016-09-16T01:02:33","date_gmt":"2016-09-15T23:02:33","guid":{"rendered":"https:\/\/www.sen-shop.com\/collections\/uncategorized\/prirodni-gel-za-tusiranje\/"},"modified":"2021-11-25T09:30:07","modified_gmt":"2021-11-25T08:30:07","slug":"prirodni-gel-za-tusiranje","status":"publish","type":"product","link":"https:\/\/sen-shop.com\/hr\/collections\/osobna-njega-cat\/njega-tijela\/prirodni-gel-za-tusiranje\/","title":{"rendered":"Prirodni gel za tu\u0161iranje"},"content":{"rendered":"<p>[vc_row][vc_column][vc_column_text css=&#8221;.vc_custom_1624967317945{padding-top: 30px !important;padding-right: 30px !important;padding-bottom: 30px !important;padding-left: 30px !important;background-color: #c9db95 !important;}&#8221;]<br \/>\nPrirodni gel za tu\u0161iranje ima njeguju\u0107a, antiupalna i antisepti\u010dka svojstva. Dodatak <strong>sibirskog bora <\/strong>poma\u017ee za <strong>umirivanje i opu\u0161tanje.<\/strong><\/p>\n<p><strong>Limunska trava <\/strong>suzbija <strong>iscrpljenost i umor, o\u017eivljava i osvje\u017eava. <\/strong>U\u010dinkovita je u lak\u0161em opskrbljivanju crvenih krvnih stanica kisikom.<\/p>\n<p><strong>Ru\u017emarin, <\/strong>koji se smatra ljekovitom biljkom jo\u0161 od ranog srednjeg vijeka, pripisuje se mnogim zdravstvenim dobrobitima: <strong>umiruje gr\u010deve, ubija klice, poti\u010de cirkulaciju krvi, umiruje \u017eivce. <\/strong>Koristi se u aromaterapiji, te brzo budi osjetila i umiruje um.<\/p>\n<p>[\/vc_column_text][\/vc_column][\/vc_row][vc_row][vc_column][vc_column_text css=&#8221;.vc_custom_1624967265535{padding-top: 30px !important;padding-right: 30px !important;padding-bottom: 30px !important;padding-left: 30px !important;background-color: #ededed !important;}&#8221;]<br \/>\n\ud83d\udc49 Utrljati malu koli\u010dinu gela na ko\u017eu i nakon toga isprati mlakom vodom.<\/p>\n<p>\ud83d\udc49 Nakon tu\u0161iranja preporu\u010dujemo kori\u0161tenje MEI oboga\u0107enog hidratantnog losiona za tijelo.<\/p>\n<p>\ud83d\udc49 Prikladan za djecu zbog svoje blage formule.[\/vc_column_text][\/vc_column][\/vc_row][vc_row][vc_column][vc_column_text]Zanimljiva \u010dinjenica: Od kraja 18. stolje\u0107a do sredine 19. stolje\u0107a proizvodnja je bila pod utjecajem industrijske revolucije. Godine 1791. francuski kemi\u010dar Nicholas Leblanc patentirao je proizvodnju natrijevog bikarbonata iz soli. Nova era sapuna zapo\u010dela je dvadeset godina kasnije kada je Michel Eugne Chevreul, tako\u0111er francuski kemi\u010dar, istra\u017eio kemijsku reakciju saponifikacije. Razvoj strojeva na elektri\u010dni pogon i otkri\u0107a u kemiji prepolovili su tro\u0161kove proizvodnje. Proizvo\u0111a\u010di su zaboravili na prirodne tvari i okrenuli su se jeftinoj kemiji za proizvodnju deterd\u017eenata. Tako smo u\u0161li u eru kemijskih kompozita u kozmetici. Me\u0111utim, sinteti\u010dke boje, mirisi i druge tvari \u0161tetne su za ljudski organizam.<\/p>\n<p><strong>Uz prirodne sapune vra\u0107amo se u dane prije kemikalija, kako ne bismo \u0161tetili svom tijelu.<\/strong> Prirodni gel za tu\u0161iranje ne sadr\u017ei kemikalije, parfeme ni umjetna bojila. Prirodni sapun puno je bla\u017ei za ko\u017eu i ne iritira ju, \u0161to je posebno va\u017eno kod osjetljive ko\u017ee.[\/vc_column_text][\/vc_column][\/vc_row]<\/p>\n","protected":false},"excerpt":{"rendered":"<p><strong>1<\/strong><\/p>\n<p>100% prirodan gel za tu\u0161iranje baziran na blagom deterd\u017eentu od kokosa, sadr\u017ei bogatu mje\u0161avinu bilja koja nje\u017eno <strong>\u010disti, vla\u017ei i njeguje <\/strong>ko\u017eu (limunska trava, ru\u017emarin, cimet), umiruje (sibirski bor) i ima blago antisepti\u010dko djelovanje (BIO ulje \u010dajevca).<\/p>\n<ul>\n<li>nje\u017eno \u010disti ko\u017eu<\/li>\n<li>ima blago antisepti\u010dko djelovanje<\/li>\n<li>njeguje i umiruje ko\u017eu<\/li>\n<li>prirodna za\u0161tita protiv gljivi\u010dnih infekcija<\/li>\n<\/ul>\n<p>Prikladan za osjetljivo ko\u017eu i djecu. Ne iritira i ne isu\u0161uje ko\u017eu.<\/p>\n","protected":false},"featured_media":36351,"comment_status":"open","ping_status":"closed","template":"","meta":{"inline_featured_image":false},"product_cat":[423,419,418,436],"product_tag":[375,381,382,376,377,379],"class_list":["post-27021","product","type-product","status-publish","has-post-thumbnail","hentry","product_cat-crni-petak","product_cat-njega-tijela","product_cat-osobna-njega-cat","product_cat-osobna-njega-hr-2","product_tag-biljni","product_tag-biljni-gel","product_tag-misici-i-zglobovi","product_tag-repelent","product_tag-ruzmarin","product_tag-zdravo"],"acf":[],"yoast_head":"<!-- This site is optimized with the Yoast SEO plugin v19.13 - https:\/\/yoast.com\/wordpress\/plugins\/seo\/ -->\n<title>Prirodni gel za tu\u0161iranje | Njeguje, vla\u017ei i \u010disti ko\u017eu.<\/title>\n<meta name=\"description\" content=\"Prirodni gel za tu\u0161iranje s prirodnim, ekolo\u0161ko proizvedenim eteri\u010dnim uljem. Gel njeguje i \u010disti va\u0161u ko\u017eu. Vrhunska kvaliteta i brza dostava!\" \/>\n<meta name=\"robots\" content=\"index, follow, max-snippet:-1, max-image-preview:large, max-video-preview:-1\" \/>\n<link rel=\"canonical\" href=\"https:\/\/sen-shop.com\/hr\/collections\/osobna-njega-cat\/njega-tijela\/prirodni-gel-za-tusiranje\/\" \/>\n<meta property=\"og:locale\" content=\"hr_HR\" \/>\n<meta property=\"og:type\" content=\"article\" \/>\n<meta property=\"og:title\" content=\"Prirodni gel za tu\u0161iranje | Njeguje, vla\u017ei i \u010disti ko\u017eu.\" \/>\n<meta property=\"og:description\" content=\"Prirodni gel za tu\u0161iranje s prirodnim, ekolo\u0161ko proizvedenim eteri\u010dnim uljem. Gel njeguje i \u010disti va\u0161u ko\u017eu. Vrhunska kvaliteta i brza dostava!\" \/>\n<meta property=\"og:url\" content=\"https:\/\/sen-shop.com\/hr\/collections\/osobna-njega-cat\/njega-tijela\/prirodni-gel-za-tusiranje\/\" \/>\n<meta property=\"og:site_name\" content=\"SEN Shop\" \/>\n<meta property=\"article:publisher\" content=\"https:\/\/www.facebook.com\/Senshopslovenija\" \/>\n<meta property=\"article:modified_time\" content=\"2021-11-25T08:30:07+00:00\" \/>\n<meta property=\"og:image\" content=\"https:\/\/sen-shop.com\/wp-content\/uploads\/2016\/09\/gel-tus_sl_hr_splet.jpg\" \/>\n\t<meta property=\"og:image:width\" content=\"1225\" \/>\n\t<meta property=\"og:image:height\" content=\"1400\" \/>\n\t<meta property=\"og:image:type\" content=\"image\/jpeg\" \/>\n<meta name=\"twitter:card\" content=\"summary_large_image\" \/>\n<meta name=\"twitter:label1\" content=\"Est. reading time\" \/>\n\t<meta name=\"twitter:data1\" content=\"2 minutes\" \/>\n<script type=\"application\/ld+json\" class=\"yoast-schema-graph\">{\"@context\":\"https:\/\/schema.org\",\"@graph\":[{\"@type\":\"WebPage\",\"@id\":\"https:\/\/sen-shop.com\/hr\/collections\/osobna-njega-cat\/njega-tijela\/prirodni-gel-za-tusiranje\/\",\"url\":\"https:\/\/sen-shop.com\/hr\/collections\/osobna-njega-cat\/njega-tijela\/prirodni-gel-za-tusiranje\/\",\"name\":\"Prirodni gel za tu\u0161iranje | Njeguje, vla\u017ei i \u010disti ko\u017eu.\",\"isPartOf\":{\"@id\":\"https:\/\/sen-shop.com\/hr\/#website\"},\"datePublished\":\"2016-09-15T23:02:33+00:00\",\"dateModified\":\"2021-11-25T08:30:07+00:00\",\"description\":\"Prirodni gel za tu\u0161iranje s prirodnim, ekolo\u0161ko proizvedenim eteri\u010dnim uljem. Gel njeguje i \u010disti va\u0161u ko\u017eu. Vrhunska kvaliteta i brza dostava!\",\"breadcrumb\":{\"@id\":\"https:\/\/sen-shop.com\/hr\/collections\/osobna-njega-cat\/njega-tijela\/prirodni-gel-za-tusiranje\/#breadcrumb\"},\"inLanguage\":\"hr-HR\",\"potentialAction\":[{\"@type\":\"ReadAction\",\"target\":[\"https:\/\/sen-shop.com\/hr\/collections\/osobna-njega-cat\/njega-tijela\/prirodni-gel-za-tusiranje\/\"]}]},{\"@type\":\"BreadcrumbList\",\"@id\":\"https:\/\/sen-shop.com\/hr\/collections\/osobna-njega-cat\/njega-tijela\/prirodni-gel-za-tusiranje\/#breadcrumb\",\"itemListElement\":[{\"@type\":\"ListItem\",\"position\":1,\"name\":\"Home\",\"item\":\"https:\/\/sen-shop.com\/hr\/\"},{\"@type\":\"ListItem\",\"position\":2,\"name\":\"Prirodni gel za tu\u0161iranje\"}]},{\"@type\":\"WebSite\",\"@id\":\"https:\/\/sen-shop.com\/hr\/#website\",\"url\":\"https:\/\/sen-shop.com\/hr\/\",\"name\":\"SEN Shop\",\"description\":\"Slovensko, Ekolo\u0161ko, Naravno\",\"publisher\":{\"@id\":\"https:\/\/sen-shop.com\/hr\/#organization\"},\"potentialAction\":[{\"@type\":\"SearchAction\",\"target\":{\"@type\":\"EntryPoint\",\"urlTemplate\":\"https:\/\/sen-shop.com\/hr\/?s={search_term_string}\"},\"query-input\":\"required name=search_term_string\"}],\"inLanguage\":\"hr-HR\"},{\"@type\":\"Organization\",\"@id\":\"https:\/\/sen-shop.com\/hr\/#organization\",\"name\":\"Mind trade d.o.o\",\"url\":\"https:\/\/sen-shop.com\/hr\/\",\"logo\":{\"@type\":\"ImageObject\",\"inLanguage\":\"hr-HR\",\"@id\":\"https:\/\/sen-shop.com\/hr\/#\/schema\/logo\/image\/\",\"url\":\"https:\/\/sen-shop.com\/wp-content\/uploads\/2018\/05\/header_logo.png\",\"contentUrl\":\"https:\/\/sen-shop.com\/wp-content\/uploads\/2018\/05\/header_logo.png\",\"width\":138,\"height\":70,\"caption\":\"Mind trade d.o.o\"},\"image\":{\"@id\":\"https:\/\/sen-shop.com\/hr\/#\/schema\/logo\/image\/\"},\"sameAs\":[\"https:\/\/www.instagram.com\/senslovenija\/\",\"https:\/\/www.facebook.com\/Senshopslovenija\"]}]}<\/script>\n<!-- \/ Yoast SEO plugin. -->","yoast_head_json":{"title":"Prirodni gel za tu\u0161iranje | Njeguje, vla\u017ei i \u010disti ko\u017eu.","description":"Prirodni gel za tu\u0161iranje s prirodnim, ekolo\u0161ko proizvedenim eteri\u010dnim uljem. Gel njeguje i \u010disti va\u0161u ko\u017eu. Vrhunska kvaliteta i brza dostava!","robots":{"index":"index","follow":"follow","max-snippet":"max-snippet:-1","max-image-preview":"max-image-preview:large","max-video-preview":"max-video-preview:-1"},"canonical":"https:\/\/sen-shop.com\/hr\/collections\/osobna-njega-cat\/njega-tijela\/prirodni-gel-za-tusiranje\/","og_locale":"hr_HR","og_type":"article","og_title":"Prirodni gel za tu\u0161iranje | Njeguje, vla\u017ei i \u010disti ko\u017eu.","og_description":"Prirodni gel za tu\u0161iranje s prirodnim, ekolo\u0161ko proizvedenim eteri\u010dnim uljem. Gel njeguje i \u010disti va\u0161u ko\u017eu. Vrhunska kvaliteta i brza dostava!","og_url":"https:\/\/sen-shop.com\/hr\/collections\/osobna-njega-cat\/njega-tijela\/prirodni-gel-za-tusiranje\/","og_site_name":"SEN Shop","article_publisher":"https:\/\/www.facebook.com\/Senshopslovenija","article_modified_time":"2021-11-25T08:30:07+00:00","og_image":[{"width":1225,"height":1400,"url":"https:\/\/sen-shop.com\/wp-content\/uploads\/2016\/09\/gel-tus_sl_hr_splet.jpg","type":"image\/jpeg"}],"twitter_card":"summary_large_image","twitter_misc":{"Est. reading time":"2 minutes"},"schema":{"@context":"https:\/\/schema.org","@graph":[{"@type":"WebPage","@id":"https:\/\/sen-shop.com\/hr\/collections\/osobna-njega-cat\/njega-tijela\/prirodni-gel-za-tusiranje\/","url":"https:\/\/sen-shop.com\/hr\/collections\/osobna-njega-cat\/njega-tijela\/prirodni-gel-za-tusiranje\/","name":"Prirodni gel za tu\u0161iranje | Njeguje, vla\u017ei i \u010disti ko\u017eu.","isPartOf":{"@id":"https:\/\/sen-shop.com\/hr\/#website"},"datePublished":"2016-09-15T23:02:33+00:00","dateModified":"2021-11-25T08:30:07+00:00","description":"Prirodni gel za tu\u0161iranje s prirodnim, ekolo\u0161ko proizvedenim eteri\u010dnim uljem. Gel njeguje i \u010disti va\u0161u ko\u017eu. Vrhunska kvaliteta i brza dostava!","breadcrumb":{"@id":"https:\/\/sen-shop.com\/hr\/collections\/osobna-njega-cat\/njega-tijela\/prirodni-gel-za-tusiranje\/#breadcrumb"},"inLanguage":"hr-HR","potentialAction":[{"@type":"ReadAction","target":["https:\/\/sen-shop.com\/hr\/collections\/osobna-njega-cat\/njega-tijela\/prirodni-gel-za-tusiranje\/"]}]},{"@type":"BreadcrumbList","@id":"https:\/\/sen-shop.com\/hr\/collections\/osobna-njega-cat\/njega-tijela\/prirodni-gel-za-tusiranje\/#breadcrumb","itemListElement":[{"@type":"ListItem","position":1,"name":"Home","item":"https:\/\/sen-shop.com\/hr\/"},{"@type":"ListItem","position":2,"name":"Prirodni gel za tu\u0161iranje"}]},{"@type":"WebSite","@id":"https:\/\/sen-shop.com\/hr\/#website","url":"https:\/\/sen-shop.com\/hr\/","name":"SEN Shop","description":"Slovensko, Ekolo\u0161ko, Naravno","publisher":{"@id":"https:\/\/sen-shop.com\/hr\/#organization"},"potentialAction":[{"@type":"SearchAction","target":{"@type":"EntryPoint","urlTemplate":"https:\/\/sen-shop.com\/hr\/?s={search_term_string}"},"query-input":"required name=search_term_string"}],"inLanguage":"hr-HR"},{"@type":"Organization","@id":"https:\/\/sen-shop.com\/hr\/#organization","name":"Mind trade d.o.o","url":"https:\/\/sen-shop.com\/hr\/","logo":{"@type":"ImageObject","inLanguage":"hr-HR","@id":"https:\/\/sen-shop.com\/hr\/#\/schema\/logo\/image\/","url":"https:\/\/sen-shop.com\/wp-content\/uploads\/2018\/05\/header_logo.png","contentUrl":"https:\/\/sen-shop.com\/wp-content\/uploads\/2018\/05\/header_logo.png","width":138,"height":70,"caption":"Mind trade d.o.o"},"image":{"@id":"https:\/\/sen-shop.com\/hr\/#\/schema\/logo\/image\/"},"sameAs":["https:\/\/www.instagram.com\/senslovenija\/","https:\/\/www.facebook.com\/Senshopslovenija"]}]}},"_links":{"self":[{"href":"https:\/\/sen-shop.com\/hr\/wp-json\/wp\/v2\/product\/27021","targetHints":{"allow":["GET"]}}],"collection":[{"href":"https:\/\/sen-shop.com\/hr\/wp-json\/wp\/v2\/product"}],"about":[{"href":"https:\/\/sen-shop.com\/hr\/wp-json\/wp\/v2\/types\/product"}],"replies":[{"embeddable":true,"href":"https:\/\/sen-shop.com\/hr\/wp-json\/wp\/v2\/comments?post=27021"}],"wp:featuredmedia":[{"embeddable":true,"href":"https:\/\/sen-shop.com\/hr\/wp-json\/wp\/v2\/media\/36351"}],"wp:attachment":[{"href":"https:\/\/sen-shop.com\/hr\/wp-json\/wp\/v2\/media?parent=27021"}],"wp:term":[{"taxonomy":"product_cat","embeddable":true,"href":"https:\/\/sen-shop.com\/hr\/wp-json\/wp\/v2\/product_cat?post=27021"},{"taxonomy":"product_tag","embeddable":true,"href":"https:\/\/sen-shop.com\/hr\/wp-json\/wp\/v2\/product_tag?post=27021"}],"curies":[{"name":"wp","href":"https:\/\/api.w.org\/{rel}","templated":true}]}}