{"id":27018,"date":"2016-09-16T01:10:11","date_gmt":"2016-09-15T23:10:11","guid":{"rendered":"https:\/\/www.sen-shop.com\/collections\/uncategorized\/prirodni-sapun-za-intimnu-njegu\/"},"modified":"2021-11-25T11:18:51","modified_gmt":"2021-11-25T10:18:51","slug":"prirodni-sapun-za-intimnu-njegu","status":"publish","type":"product","link":"https:\/\/sen-shop.com\/hr\/collections\/osobna-njega-cat\/intimna-njega\/prirodni-sapun-za-intimnu-njegu\/","title":{"rendered":"Prirodni sapun za intimnu njegu"},"content":{"rendered":"<p>[vc_row][vc_column][vc_column_text css=&#8221;.vc_custom_1625048013170{padding-top: 30px !important;padding-right: 30px !important;padding-bottom: 30px !important;padding-left: 30px !important;background-color: #c9db95 !important;}&#8221;]<br \/>\nPrirodni sapun za intimnu njegu djeluje umiruju\u0107e i odr\u017eava prirodnu fiziolo\u0161ku ravnote\u017eu va\u0161e ko\u017ee. Sastojci vrhunske kvalitete osiguravaju odgovaraju\u0107u za\u0161titu intimnih podru\u010dja tijekom cijelog dana.<\/p>\n<p><strong>Blagi sapun od kokosa<\/strong> i bogata biljna mje\u0161avina: Lavanda blagotvorno djeluje na ko\u017eu, <strong>\u0161titi ko\u017eu od isu\u0161ivanja<\/strong> i poma\u017ee njenom obnavljanju, <strong>neven<\/strong> <strong>djeluje<\/strong> <strong>ljekovito<\/strong> i <strong>protuupalno,<\/strong> a <strong>kamilica<\/strong> umiruju\u0107e. <strong>Vje\u0161ti\u010dja lijeska<\/strong> se koristi u raznim kozmeti\u010dkim formulama namijenjenim <strong>ubla\u017eavanju svrbe\u017ea<\/strong> i <strong>iritacije ko\u017ee.<\/strong> Sljez djeluje umiruju\u0107e i \u0161titi sluznicu i osjetljivu ko\u017eu. <strong>Propolis<\/strong> poma\u017ee u odr\u017eavanju prirodne fiziolo\u0161ke ravnote\u017ee ko\u017ee. <strong>Grejp<\/strong> osvje\u017eava ko\u017eu i hidratizira ju.[\/vc_column_text][\/vc_column][\/vc_row][vc_row][vc_column][vc_column_text css=&#8221;.vc_custom_1625048025755{padding-top: 30px !important;padding-right: 30px !important;padding-bottom: 30px !important;padding-left: 30px !important;background-color: #ededed !important;}&#8221;]<br \/>\n\ud83d\udc49 Utrljati malu koli\u010dinu sapuna na ko\u017eu i nakon toga isprati mlakom vodom.<\/p>\n<p>\ud83d\udc49 PH 5.0 za prikladnu ravnote\u017eu intimnih podru\u010dja.[\/vc_column_text][\/vc_column][\/vc_row][vc_row][vc_column][vc_column_text]Kori\u0161tenje sinteti\u010dkih sapuna, koji \u010desto sadr\u017ee agresivna sredstva za pjenjenje, mo\u017ee o\u0161tetiti va\u0161u sluznicu. Neugodan osje\u0107aj i svrbe\u017e \u010desto su posljedica suhe i nadra\u017eene sluznice. Prirodni sapun za intimnu njegu s ekstraktima nevena i kamilice djeluje umiruju\u0107e i <strong>pru\u017ea odgovaraju\u0107u za\u0161titu intimnih podru\u010dja tijekom cijelog dana.<\/strong><\/p>\n<p><strong>Upalu rodnice obi\u010dno uzrokuje gljivica Candida albicans. <\/strong>Bolest naj\u010de\u0161\u0107e poga\u0111a \u017eene u dobi od dvadeset do trideset godina te trudnice. Rodnica odrasle \u017eene obi\u010dno koegzistira u harmoniji s nekoliko vrsta korisnih bakterija i mikroorganizama. Time se odr\u017eava pogodno kiselo okru\u017eenje koje \u0161titi od \u0161tetnih bakterija. Normalna vaginalna flora mo\u017ee biti poreme\u0107ena stresnim na\u010dinom \u017eivota, hormonalnim promjenama, psihi\u010dkim zdravstvenim problemima, promjenama u okoli\u0161u, no\u0161enjem uske odje\u0107e i donjeg rublja od umjetnih tkanina, mokrim kupa\u0107im kostimima, kori\u0161tenjem mirisnih ulo\u017eaka, mirisnih sapuna, maramica, dezodoransa u podru\u010dju genitalija i prekomjernim pranjem genitalija. P<strong>rekomjerno razmno\u017eavanje patogenih bakterija i gljivica uzrokuje upalu rodnice, svrbe\u017e i peckanje.<\/strong><\/p>\n<p>Proizvod je certificiran od strane Aromacert\u00ae, koji jam\u010di visoku razinu kvalitete prema strogim kriterijima aromaterapije kao \u0161to su: prirodnost, autenti\u010dnost i \u010disto\u0107a sastojaka. Proizvod je 100% veganski i nije testiran na \u017eivotinjama.[\/vc_column_text][\/vc_column][\/vc_row]<\/p>\n","protected":false},"excerpt":{"rendered":"<p>Tkivo u intimnim podru\u010djima je vrlo tanko i nje\u017eno. Uz kori\u0161tenje neprikladnih sredstava za \u010di\u0161\u0107enje sklona je alergijama i infekcijama. Prirodni sapun za intimnu njegu s odgovaraju\u0107om PH vrijednosti od 5,0 odr\u017eava fiziolo\u0161ku <strong>ravnote\u017eu va\u0161ih intimnih dijelova.<\/strong> Ova intenzivna biljna terapija podupire sposobnost obnavljanja ko\u017ee i sluznice (neven, kamilica, lavanda), odr\u017eava ih zdravim (vitamin A), smiruje nadra\u017eenu ko\u017eu, svrbe\u017e i upaljenu ko\u017eu (propolis, sljez, vje\u0161ti\u010dja lijeska) i djeluje blago antisepti\u010dki (\u010dajevac, grejp).<\/p>\n<ul>\n<li>podr\u017eava regenerativni kapacitet ko\u017ee i sluznice<\/li>\n<li>hidratizira i \u0161titi ko\u017eu i sluznicu<\/li>\n<li>smiruje nadra\u017eenu ko\u017eu, svrbe\u017e i upaljenu ko\u017eu<\/li>\n<li>ima blago antisepti\u010dko djelovanje<\/li>\n<\/ul>\n<p>Prikladno za svakodnevno pranje nje\u017ene i osjetljive ko\u017ee. Dizajniran za njegu i za\u0161titu intimnih dijelova.<\/p>\n","protected":false},"featured_media":36364,"comment_status":"open","ping_status":"closed","template":"","meta":{"inline_featured_image":false},"product_cat":[423,434,418],"product_tag":[375,381,435,382,376,379],"class_list":["post-27018","product","type-product","status-publish","has-post-thumbnail","hentry","product_cat-crni-petak","product_cat-intimna-njega","product_cat-osobna-njega-cat","product_tag-biljni","product_tag-biljni-gel","product_tag-intimna-njega","product_tag-misici-i-zglobovi","product_tag-repelent","product_tag-zdravo"],"acf":[],"yoast_head":"<!-- This site is optimized with the Yoast SEO plugin v19.13 - https:\/\/yoast.com\/wordpress\/plugins\/seo\/ -->\n<title>Intimni sapun | Prirodni sapun za intimnu njegu, koji sprje\u010dava upalu vagine<\/title>\n<meta name=\"description\" content=\"Prirodni intimni sapun, primjeran za pranje intimnih dijelova tijela i osjetljive ko\u017ee. Sprje\u010dava upalu vagine i dr\u017ei ravnote\u017eu prirodne pH vrijednosti.\" \/>\n<meta name=\"robots\" content=\"index, follow, max-snippet:-1, max-image-preview:large, max-video-preview:-1\" \/>\n<link rel=\"canonical\" href=\"https:\/\/sen-shop.com\/hr\/collections\/osobna-njega-cat\/intimna-njega\/prirodni-sapun-za-intimnu-njegu\/\" \/>\n<meta property=\"og:locale\" content=\"hr_HR\" \/>\n<meta property=\"og:type\" content=\"article\" \/>\n<meta property=\"og:title\" content=\"Intimni sapun | Prirodni sapun za intimnu njegu, koji sprje\u010dava upalu vagine\" \/>\n<meta property=\"og:description\" content=\"Prirodni intimni sapun, primjeran za pranje intimnih dijelova tijela i osjetljive ko\u017ee. Sprje\u010dava upalu vagine i dr\u017ei ravnote\u017eu prirodne pH vrijednosti.\" \/>\n<meta property=\"og:url\" content=\"https:\/\/sen-shop.com\/hr\/collections\/osobna-njega-cat\/intimna-njega\/prirodni-sapun-za-intimnu-njegu\/\" \/>\n<meta property=\"og:site_name\" content=\"SEN Shop\" \/>\n<meta property=\"article:publisher\" content=\"https:\/\/www.facebook.com\/Senshopslovenija\" \/>\n<meta property=\"article:modified_time\" content=\"2021-11-25T10:18:51+00:00\" \/>\n<meta property=\"og:image\" content=\"https:\/\/sen-shop.com\/wp-content\/uploads\/2016\/09\/intimno-milo_sl_hr_splet.jpg\" \/>\n\t<meta property=\"og:image:width\" content=\"1225\" \/>\n\t<meta property=\"og:image:height\" content=\"1400\" \/>\n\t<meta property=\"og:image:type\" content=\"image\/jpeg\" \/>\n<meta name=\"twitter:card\" content=\"summary_large_image\" \/>\n<meta name=\"twitter:label1\" content=\"Est. reading time\" \/>\n\t<meta name=\"twitter:data1\" content=\"2 minutes\" \/>\n<script type=\"application\/ld+json\" class=\"yoast-schema-graph\">{\"@context\":\"https:\/\/schema.org\",\"@graph\":[{\"@type\":\"WebPage\",\"@id\":\"https:\/\/sen-shop.com\/hr\/collections\/osobna-njega-cat\/intimna-njega\/prirodni-sapun-za-intimnu-njegu\/\",\"url\":\"https:\/\/sen-shop.com\/hr\/collections\/osobna-njega-cat\/intimna-njega\/prirodni-sapun-za-intimnu-njegu\/\",\"name\":\"Intimni sapun | Prirodni sapun za intimnu njegu, koji sprje\u010dava upalu vagine\",\"isPartOf\":{\"@id\":\"https:\/\/sen-shop.com\/hr\/#website\"},\"datePublished\":\"2016-09-15T23:10:11+00:00\",\"dateModified\":\"2021-11-25T10:18:51+00:00\",\"description\":\"Prirodni intimni sapun, primjeran za pranje intimnih dijelova tijela i osjetljive ko\u017ee. Sprje\u010dava upalu vagine i dr\u017ei ravnote\u017eu prirodne pH vrijednosti.\",\"breadcrumb\":{\"@id\":\"https:\/\/sen-shop.com\/hr\/collections\/osobna-njega-cat\/intimna-njega\/prirodni-sapun-za-intimnu-njegu\/#breadcrumb\"},\"inLanguage\":\"hr-HR\",\"potentialAction\":[{\"@type\":\"ReadAction\",\"target\":[\"https:\/\/sen-shop.com\/hr\/collections\/osobna-njega-cat\/intimna-njega\/prirodni-sapun-za-intimnu-njegu\/\"]}]},{\"@type\":\"BreadcrumbList\",\"@id\":\"https:\/\/sen-shop.com\/hr\/collections\/osobna-njega-cat\/intimna-njega\/prirodni-sapun-za-intimnu-njegu\/#breadcrumb\",\"itemListElement\":[{\"@type\":\"ListItem\",\"position\":1,\"name\":\"Home\",\"item\":\"https:\/\/sen-shop.com\/hr\/\"},{\"@type\":\"ListItem\",\"position\":2,\"name\":\"Prirodni sapun za intimnu njegu\"}]},{\"@type\":\"WebSite\",\"@id\":\"https:\/\/sen-shop.com\/hr\/#website\",\"url\":\"https:\/\/sen-shop.com\/hr\/\",\"name\":\"SEN Shop\",\"description\":\"Slovensko, Ekolo\u0161ko, Naravno\",\"publisher\":{\"@id\":\"https:\/\/sen-shop.com\/hr\/#organization\"},\"potentialAction\":[{\"@type\":\"SearchAction\",\"target\":{\"@type\":\"EntryPoint\",\"urlTemplate\":\"https:\/\/sen-shop.com\/hr\/?s={search_term_string}\"},\"query-input\":\"required name=search_term_string\"}],\"inLanguage\":\"hr-HR\"},{\"@type\":\"Organization\",\"@id\":\"https:\/\/sen-shop.com\/hr\/#organization\",\"name\":\"Mind trade d.o.o\",\"url\":\"https:\/\/sen-shop.com\/hr\/\",\"logo\":{\"@type\":\"ImageObject\",\"inLanguage\":\"hr-HR\",\"@id\":\"https:\/\/sen-shop.com\/hr\/#\/schema\/logo\/image\/\",\"url\":\"https:\/\/sen-shop.com\/wp-content\/uploads\/2018\/05\/header_logo.png\",\"contentUrl\":\"https:\/\/sen-shop.com\/wp-content\/uploads\/2018\/05\/header_logo.png\",\"width\":138,\"height\":70,\"caption\":\"Mind trade d.o.o\"},\"image\":{\"@id\":\"https:\/\/sen-shop.com\/hr\/#\/schema\/logo\/image\/\"},\"sameAs\":[\"https:\/\/www.instagram.com\/senslovenija\/\",\"https:\/\/www.facebook.com\/Senshopslovenija\"]}]}<\/script>\n<!-- \/ Yoast SEO plugin. -->","yoast_head_json":{"title":"Intimni sapun | Prirodni sapun za intimnu njegu, koji sprje\u010dava upalu vagine","description":"Prirodni intimni sapun, primjeran za pranje intimnih dijelova tijela i osjetljive ko\u017ee. Sprje\u010dava upalu vagine i dr\u017ei ravnote\u017eu prirodne pH vrijednosti.","robots":{"index":"index","follow":"follow","max-snippet":"max-snippet:-1","max-image-preview":"max-image-preview:large","max-video-preview":"max-video-preview:-1"},"canonical":"https:\/\/sen-shop.com\/hr\/collections\/osobna-njega-cat\/intimna-njega\/prirodni-sapun-za-intimnu-njegu\/","og_locale":"hr_HR","og_type":"article","og_title":"Intimni sapun | Prirodni sapun za intimnu njegu, koji sprje\u010dava upalu vagine","og_description":"Prirodni intimni sapun, primjeran za pranje intimnih dijelova tijela i osjetljive ko\u017ee. Sprje\u010dava upalu vagine i dr\u017ei ravnote\u017eu prirodne pH vrijednosti.","og_url":"https:\/\/sen-shop.com\/hr\/collections\/osobna-njega-cat\/intimna-njega\/prirodni-sapun-za-intimnu-njegu\/","og_site_name":"SEN Shop","article_publisher":"https:\/\/www.facebook.com\/Senshopslovenija","article_modified_time":"2021-11-25T10:18:51+00:00","og_image":[{"width":1225,"height":1400,"url":"https:\/\/sen-shop.com\/wp-content\/uploads\/2016\/09\/intimno-milo_sl_hr_splet.jpg","type":"image\/jpeg"}],"twitter_card":"summary_large_image","twitter_misc":{"Est. reading time":"2 minutes"},"schema":{"@context":"https:\/\/schema.org","@graph":[{"@type":"WebPage","@id":"https:\/\/sen-shop.com\/hr\/collections\/osobna-njega-cat\/intimna-njega\/prirodni-sapun-za-intimnu-njegu\/","url":"https:\/\/sen-shop.com\/hr\/collections\/osobna-njega-cat\/intimna-njega\/prirodni-sapun-za-intimnu-njegu\/","name":"Intimni sapun | Prirodni sapun za intimnu njegu, koji sprje\u010dava upalu vagine","isPartOf":{"@id":"https:\/\/sen-shop.com\/hr\/#website"},"datePublished":"2016-09-15T23:10:11+00:00","dateModified":"2021-11-25T10:18:51+00:00","description":"Prirodni intimni sapun, primjeran za pranje intimnih dijelova tijela i osjetljive ko\u017ee. Sprje\u010dava upalu vagine i dr\u017ei ravnote\u017eu prirodne pH vrijednosti.","breadcrumb":{"@id":"https:\/\/sen-shop.com\/hr\/collections\/osobna-njega-cat\/intimna-njega\/prirodni-sapun-za-intimnu-njegu\/#breadcrumb"},"inLanguage":"hr-HR","potentialAction":[{"@type":"ReadAction","target":["https:\/\/sen-shop.com\/hr\/collections\/osobna-njega-cat\/intimna-njega\/prirodni-sapun-za-intimnu-njegu\/"]}]},{"@type":"BreadcrumbList","@id":"https:\/\/sen-shop.com\/hr\/collections\/osobna-njega-cat\/intimna-njega\/prirodni-sapun-za-intimnu-njegu\/#breadcrumb","itemListElement":[{"@type":"ListItem","position":1,"name":"Home","item":"https:\/\/sen-shop.com\/hr\/"},{"@type":"ListItem","position":2,"name":"Prirodni sapun za intimnu njegu"}]},{"@type":"WebSite","@id":"https:\/\/sen-shop.com\/hr\/#website","url":"https:\/\/sen-shop.com\/hr\/","name":"SEN Shop","description":"Slovensko, Ekolo\u0161ko, Naravno","publisher":{"@id":"https:\/\/sen-shop.com\/hr\/#organization"},"potentialAction":[{"@type":"SearchAction","target":{"@type":"EntryPoint","urlTemplate":"https:\/\/sen-shop.com\/hr\/?s={search_term_string}"},"query-input":"required name=search_term_string"}],"inLanguage":"hr-HR"},{"@type":"Organization","@id":"https:\/\/sen-shop.com\/hr\/#organization","name":"Mind trade d.o.o","url":"https:\/\/sen-shop.com\/hr\/","logo":{"@type":"ImageObject","inLanguage":"hr-HR","@id":"https:\/\/sen-shop.com\/hr\/#\/schema\/logo\/image\/","url":"https:\/\/sen-shop.com\/wp-content\/uploads\/2018\/05\/header_logo.png","contentUrl":"https:\/\/sen-shop.com\/wp-content\/uploads\/2018\/05\/header_logo.png","width":138,"height":70,"caption":"Mind trade d.o.o"},"image":{"@id":"https:\/\/sen-shop.com\/hr\/#\/schema\/logo\/image\/"},"sameAs":["https:\/\/www.instagram.com\/senslovenija\/","https:\/\/www.facebook.com\/Senshopslovenija"]}]}},"_links":{"self":[{"href":"https:\/\/sen-shop.com\/hr\/wp-json\/wp\/v2\/product\/27018","targetHints":{"allow":["GET"]}}],"collection":[{"href":"https:\/\/sen-shop.com\/hr\/wp-json\/wp\/v2\/product"}],"about":[{"href":"https:\/\/sen-shop.com\/hr\/wp-json\/wp\/v2\/types\/product"}],"replies":[{"embeddable":true,"href":"https:\/\/sen-shop.com\/hr\/wp-json\/wp\/v2\/comments?post=27018"}],"wp:featuredmedia":[{"embeddable":true,"href":"https:\/\/sen-shop.com\/hr\/wp-json\/wp\/v2\/media\/36364"}],"wp:attachment":[{"href":"https:\/\/sen-shop.com\/hr\/wp-json\/wp\/v2\/media?parent=27018"}],"wp:term":[{"taxonomy":"product_cat","embeddable":true,"href":"https:\/\/sen-shop.com\/hr\/wp-json\/wp\/v2\/product_cat?post=27018"},{"taxonomy":"product_tag","embeddable":true,"href":"https:\/\/sen-shop.com\/hr\/wp-json\/wp\/v2\/product_tag?post=27018"}],"curies":[{"name":"wp","href":"https:\/\/api.w.org\/{rel}","templated":true}]}}