{"id":27013,"date":"2017-05-16T10:21:18","date_gmt":"2017-05-16T08:21:18","guid":{"rendered":"https:\/\/www.sen-shop.com\/collections\/uncategorized\/bio-ulje-cajevca-30ml\/"},"modified":"2021-11-26T09:13:34","modified_gmt":"2021-11-26T08:13:34","slug":"bio-ulje-cajevca-30ml","status":"publish","type":"product","link":"https:\/\/sen-shop.com\/hr\/collections\/osobna-njega-cat\/njega-tijela\/bio-ulje-cajevca-30ml\/","title":{"rendered":"BIO ulje \u010dajevca 30ml"},"content":{"rendered":"<p>[vc_row][vc_column][vc_column_text css=&#8221;.vc_custom_1636728820221{padding-top: 30px !important;padding-right: 30px !important;padding-bottom: 30px !important;padding-left: 30px !important;background-color: #c9db95 !important;}&#8221;]<br \/>\nU pro\u0161losti se drvo \u010dajevca uglavnom koristilo za dezinfekciju stavljanjem zgnje\u010denog li\u0161\u0107a na posjekotine i za lije\u010denje ko\u017enih bolesti. Tradicionalna medicina je pro\u0161irila svoju primjenu na <strong>lije\u010denje ka\u0161lja, prehlade, ubla\u017eavanje opeklina, upala i drugih ko\u017enih problema.<\/strong><\/p>\n<p><strong>Novija istra\u017eivanja<\/strong> su pokazala da osim<strong> antisepti\u010dkog djelovanja<\/strong> ima i <strong>antibakterijska i antifungalna svojstva. <\/strong>Stablo \u010dajevca se ne koristi samo u medicinske svrhe ve\u0107 i kao sastojak mnogih kozmeti\u010dkih proizvoda kao \u0161to su \u0161amponi, kreme i paste za zube.[\/vc_column_text][\/vc_column][\/vc_row][vc_row][vc_column][vc_column_text css=&#8221;.vc_custom_1624882673243{padding-top: 30px !important;padding-right: 30px !important;padding-bottom: 30px !important;padding-left: 30px !important;background-color: #ededed !important;}&#8221;]<br \/>\n\ud83d\udc49 Ulje se mo\u017ee nanijeti na ko\u017eu nerazrije\u0111eno.<\/p>\n<p>\ud83d\udc49 Dostupno u bo\u010dicama od 10 ml i 30 ml.<\/p>\n<p>\ud83d\udc49 Ulje nije namijenjeno za unutarnju upotrebu. Izbjegavati kontakt s o\u010dima. Nije prikladno za trudnice i djecu mla\u0111u od 18 mjeseci.[\/vc_column_text][\/vc_column][\/vc_row][vc_row][vc_column][vc_column_text]<strong>UBODI I OZLJEDE:<\/strong> rane, posjekotine, kvrge, ugrizi insekata, itd.<\/p>\n<p>Pamu\u010dnim \u0161tapi\u0107em na pogo\u0111eno podru\u010dje nanesite tanak sloj eteri\u010dnog ulja \u010dajevca.<\/p>\n<p><strong>LICE:<\/strong> pri\u0161ti\u0107i, kvr\u017eice i akne, li\u0161ajevi na licu, &#8230;<\/p>\n<p>Pripremite oblog tako da u mlaku vodu nakapate eteri\u010dno ulje \u010dajevca. Mo\u017ee se koristiti za izradu DIY (uradi sam) tonika za \u010di\u0161\u0107enje ili dodati bilo kojoj dnevnoj kremi samo nekoliko kapi. Mo\u017eete koristiti i pamu\u010dni \u0161tapi\u0107 za nano\u0161enje ulja izravno na pri\u0161ti\u0107e vi\u0161e puta dnevno.<\/p>\n<p><strong>HERPES:<\/strong> dodajte nekoliko kapi ulja \u010dajevca u maslinovo ulje i nanesite na herpes nekoliko puta dnevno. Mo\u017ee se i izravno primijeniti na herpes.<\/p>\n<p><strong>PROBLEMI NA KO\u017dI:<\/strong> bradavice, osip, alergije, ospice, &#8230;<\/p>\n<p>Nanesite eteri\u010dno ulje \u010dajevca izravno na osip pomo\u0107u pamu\u010dnog \u0161tapi\u0107a. Mo\u017eete pripremiti i kupku s nekoliko kapi eteri\u010dnog ulja. Ulje nanesite izravno na problemati\u010dno podru\u010dje nekoliko puta dnevno.<\/p>\n<p><strong>KOSA:<\/strong> perut, u\u0161i, suvi\u0161e masna kosa, &#8230;<\/p>\n<p>Ulje \u010dajevca kontrolira masno\u0107u kose i u\u010dinkovito je protiv peruti. Nekoliko kapi eteri\u010dnog ulja \u010dajevca mo\u017ee se dodati u \u0161ampon ili vodu za ispiranje. Mo\u017ee se koristiti i u kombinaciji s maslinovim uljem kao maska za kosu. Osim toga, odbija u\u0161i jer ne podnose miris \u010dajevca..<\/p>\n<p><strong>STOPALA:<\/strong> Gljivi\u010dne bolesti, plijesan, crvenilo, lju\u0161tenje, svrbe\u017e, gljivice na noktima, \u2026<\/p>\n<p>Napravite kupku za stopala s nekoliko kapi eteri\u010dnog ulja \u010dajevca u toploj vodi i svakodnevno nama\u010dite stopala. Mo\u017eete nanijeti nekoliko kapi ulja \u010dajevca na zahva\u0107ena mjesta vatom.<\/p>\n<p><strong>INTIMNA PODRU\u010cJA:<\/strong> upala rodnice, vaginalni herpes, \u2026<\/p>\n<p>Stavite nekoliko kapi ulja u toplu vodu i polako sipajte teku\u0107inu na oboljelo mjesto.<\/p>\n<p><strong>HEMEROIDI:<\/strong> svrbe\u017e i bol u stra\u017enjici<\/p>\n<p>U zdjelu ili kadu za sjedenje ulijete toplu vodu i dodajte nekoliko kapi ulja.<\/p>\n<p><strong>USTA:<\/strong> afte, grlobolja, karijes, upaljene desni, zubobolja, &#8230;<\/p>\n<p>Pomije\u0161ajte nekoliko kapi eteri\u010dnog ulja \u010dajevca u \u010da\u0161i tople vode i dobro promije\u0161ajte, grgljajte i ispljunite. Ulje \u010dajevca tako\u0111er se mo\u017ee direktno staviti na afte vatom ili u kombinaciji s pastom za zube. Nemojte gutati.<\/p>\n<p><strong>PREHLADA, GRIPA:<\/strong> kihanje, curenje nosa, za\u010depljen nos, ote\u010dene sluznice \u2026<\/p>\n<p>Stavite nekoliko kapi na maramicu i udi\u0161ite kroz nos nekoliko puta dnevno. Preko no\u0107i stavite nekoliko kapi na jastuk. Mo\u017ee se koristiti i u ispariva\u010du kao aromaterapija.[\/vc_column_text][\/vc_column][\/vc_row]<\/p>\n","protected":false},"excerpt":{"rendered":"<p>100% \u010disto i prirodno eteri\u010dno ulje, ekstrahirano iz australskog \u010dajevca, ekolo\u0161ki uzgojeno i s BIO certifikatom* \u010cesto se koristi u kozmetici i tretmanima za njegu ko\u017ee. Nije prikladan za jako osjetljivu ko\u017eu. Dokazano je da eteri\u010dno ulje \u010dajevca ima antimikrobni u\u010dinak protiv mnogih uobi\u010dajenih bakterija, virusa i gljivi\u010dnih infekcija.<\/p>\n<ul>\n<li>poma\u017ee protiv puno problema oko ko\u017ee i vlasi\u0161ta<\/li>\n<li>poma\u017ee protiv raznih bolesti i alergija<\/li>\n<li>poma\u017ee protiv virusa i prehlada<\/li>\n<\/ul>\n<p>Ulje \u010dajevca se stolje\u0107ima koristi kao tradicionalni biljni lijek zbog svojih <strong>antisepti\u010dkih svojstava.<\/strong><\/p>\n<p>Prirodno lije\u010denje protiv u\u0161i. Pro\u010ditajte OVDJE.<\/p>\n","protected":false},"featured_media":42657,"comment_status":"open","ping_status":"closed","template":"","meta":{"inline_featured_image":false},"product_cat":[423,428,420,419,424,418],"product_tag":[375,381,382,376,429,379],"class_list":["post-27013","product","type-product","status-publish","has-post-thumbnail","hentry","product_cat-crni-petak","product_cat-njega-kose","product_cat-njega-nogu","product_cat-njega-tijela","product_cat-osobna-njega-hr","product_cat-osobna-njega-cat","product_tag-biljni","product_tag-biljni-gel","product_tag-misici-i-zglobovi","product_tag-repelent","product_tag-ulje-cajevca","product_tag-zdravo","yith_product_brand-aromacert","yith_product_brand-eko-hr","yith_product_brand-ni-testirano-na-zivali-hr","yith_product_brand-vegan-hr"],"acf":[],"yoast_head":"<!-- This site is optimized with the Yoast SEO plugin v19.13 - https:\/\/yoast.com\/wordpress\/plugins\/seo\/ -->\n<title>Ulje \u010dajevca | 100% prirodno eteri\u010dno BIO ulje \u010dajevca 30ml<\/title>\n<meta name=\"description\" content=\"Eteri\u010dno BIO ulje \u010dajevca je prirodna pomo\u0107 kod raznih zdravstvenih pote\u0161ko\u0107a. Proizvedeno je iz drveta \u010dajevca s BIO-certifikatom.\" \/>\n<meta name=\"robots\" content=\"index, follow, max-snippet:-1, max-image-preview:large, max-video-preview:-1\" \/>\n<link rel=\"canonical\" href=\"https:\/\/sen-shop.com\/hr\/collections\/osobna-njega-cat\/njega-tijela\/bio-ulje-cajevca-30ml\/\" \/>\n<meta property=\"og:locale\" content=\"hr_HR\" \/>\n<meta property=\"og:type\" content=\"article\" \/>\n<meta property=\"og:title\" content=\"Ulje \u010dajevca | 100% prirodno eteri\u010dno BIO ulje \u010dajevca 30ml\" \/>\n<meta property=\"og:description\" content=\"Eteri\u010dno BIO ulje \u010dajevca je prirodna pomo\u0107 kod raznih zdravstvenih pote\u0161ko\u0107a. Proizvedeno je iz drveta \u010dajevca s BIO-certifikatom.\" \/>\n<meta property=\"og:url\" content=\"https:\/\/sen-shop.com\/hr\/collections\/osobna-njega-cat\/njega-tijela\/bio-ulje-cajevca-30ml\/\" \/>\n<meta property=\"og:site_name\" content=\"SEN Shop\" \/>\n<meta property=\"article:publisher\" content=\"https:\/\/www.facebook.com\/Senshopslovenija\" \/>\n<meta property=\"article:modified_time\" content=\"2021-11-26T08:13:34+00:00\" \/>\n<meta property=\"og:image\" content=\"https:\/\/sen-shop.com\/wp-content\/uploads\/2017\/05\/Cajevec30_sl_hr.jpg\" \/>\n\t<meta property=\"og:image:width\" content=\"1225\" \/>\n\t<meta property=\"og:image:height\" content=\"1400\" \/>\n\t<meta property=\"og:image:type\" content=\"image\/jpeg\" \/>\n<meta name=\"twitter:card\" content=\"summary_large_image\" \/>\n<meta name=\"twitter:label1\" content=\"Est. reading time\" \/>\n\t<meta name=\"twitter:data1\" content=\"3 minutes\" \/>\n<script type=\"application\/ld+json\" class=\"yoast-schema-graph\">{\"@context\":\"https:\/\/schema.org\",\"@graph\":[{\"@type\":\"WebPage\",\"@id\":\"https:\/\/sen-shop.com\/hr\/collections\/osobna-njega-cat\/njega-tijela\/bio-ulje-cajevca-30ml\/\",\"url\":\"https:\/\/sen-shop.com\/hr\/collections\/osobna-njega-cat\/njega-tijela\/bio-ulje-cajevca-30ml\/\",\"name\":\"Ulje \u010dajevca | 100% prirodno eteri\u010dno BIO ulje \u010dajevca 30ml\",\"isPartOf\":{\"@id\":\"https:\/\/sen-shop.com\/hr\/#website\"},\"datePublished\":\"2017-05-16T08:21:18+00:00\",\"dateModified\":\"2021-11-26T08:13:34+00:00\",\"description\":\"Eteri\u010dno BIO ulje \u010dajevca je prirodna pomo\u0107 kod raznih zdravstvenih pote\u0161ko\u0107a. Proizvedeno je iz drveta \u010dajevca s BIO-certifikatom.\",\"breadcrumb\":{\"@id\":\"https:\/\/sen-shop.com\/hr\/collections\/osobna-njega-cat\/njega-tijela\/bio-ulje-cajevca-30ml\/#breadcrumb\"},\"inLanguage\":\"hr-HR\",\"potentialAction\":[{\"@type\":\"ReadAction\",\"target\":[\"https:\/\/sen-shop.com\/hr\/collections\/osobna-njega-cat\/njega-tijela\/bio-ulje-cajevca-30ml\/\"]}]},{\"@type\":\"BreadcrumbList\",\"@id\":\"https:\/\/sen-shop.com\/hr\/collections\/osobna-njega-cat\/njega-tijela\/bio-ulje-cajevca-30ml\/#breadcrumb\",\"itemListElement\":[{\"@type\":\"ListItem\",\"position\":1,\"name\":\"Home\",\"item\":\"https:\/\/sen-shop.com\/hr\/\"},{\"@type\":\"ListItem\",\"position\":2,\"name\":\"BIO ulje \u010dajevca 30ml\"}]},{\"@type\":\"WebSite\",\"@id\":\"https:\/\/sen-shop.com\/hr\/#website\",\"url\":\"https:\/\/sen-shop.com\/hr\/\",\"name\":\"SEN Shop\",\"description\":\"Slovensko, Ekolo\u0161ko, Naravno\",\"publisher\":{\"@id\":\"https:\/\/sen-shop.com\/hr\/#organization\"},\"potentialAction\":[{\"@type\":\"SearchAction\",\"target\":{\"@type\":\"EntryPoint\",\"urlTemplate\":\"https:\/\/sen-shop.com\/hr\/?s={search_term_string}\"},\"query-input\":\"required name=search_term_string\"}],\"inLanguage\":\"hr-HR\"},{\"@type\":\"Organization\",\"@id\":\"https:\/\/sen-shop.com\/hr\/#organization\",\"name\":\"Mind trade d.o.o\",\"url\":\"https:\/\/sen-shop.com\/hr\/\",\"logo\":{\"@type\":\"ImageObject\",\"inLanguage\":\"hr-HR\",\"@id\":\"https:\/\/sen-shop.com\/hr\/#\/schema\/logo\/image\/\",\"url\":\"https:\/\/sen-shop.com\/wp-content\/uploads\/2018\/05\/header_logo.png\",\"contentUrl\":\"https:\/\/sen-shop.com\/wp-content\/uploads\/2018\/05\/header_logo.png\",\"width\":138,\"height\":70,\"caption\":\"Mind trade d.o.o\"},\"image\":{\"@id\":\"https:\/\/sen-shop.com\/hr\/#\/schema\/logo\/image\/\"},\"sameAs\":[\"https:\/\/www.instagram.com\/senslovenija\/\",\"https:\/\/www.facebook.com\/Senshopslovenija\"]}]}<\/script>\n<!-- \/ Yoast SEO plugin. -->","yoast_head_json":{"title":"Ulje \u010dajevca | 100% prirodno eteri\u010dno BIO ulje \u010dajevca 30ml","description":"Eteri\u010dno BIO ulje \u010dajevca je prirodna pomo\u0107 kod raznih zdravstvenih pote\u0161ko\u0107a. Proizvedeno je iz drveta \u010dajevca s BIO-certifikatom.","robots":{"index":"index","follow":"follow","max-snippet":"max-snippet:-1","max-image-preview":"max-image-preview:large","max-video-preview":"max-video-preview:-1"},"canonical":"https:\/\/sen-shop.com\/hr\/collections\/osobna-njega-cat\/njega-tijela\/bio-ulje-cajevca-30ml\/","og_locale":"hr_HR","og_type":"article","og_title":"Ulje \u010dajevca | 100% prirodno eteri\u010dno BIO ulje \u010dajevca 30ml","og_description":"Eteri\u010dno BIO ulje \u010dajevca je prirodna pomo\u0107 kod raznih zdravstvenih pote\u0161ko\u0107a. Proizvedeno je iz drveta \u010dajevca s BIO-certifikatom.","og_url":"https:\/\/sen-shop.com\/hr\/collections\/osobna-njega-cat\/njega-tijela\/bio-ulje-cajevca-30ml\/","og_site_name":"SEN Shop","article_publisher":"https:\/\/www.facebook.com\/Senshopslovenija","article_modified_time":"2021-11-26T08:13:34+00:00","og_image":[{"width":1225,"height":1400,"url":"https:\/\/sen-shop.com\/wp-content\/uploads\/2017\/05\/Cajevec30_sl_hr.jpg","type":"image\/jpeg"}],"twitter_card":"summary_large_image","twitter_misc":{"Est. reading time":"3 minutes"},"schema":{"@context":"https:\/\/schema.org","@graph":[{"@type":"WebPage","@id":"https:\/\/sen-shop.com\/hr\/collections\/osobna-njega-cat\/njega-tijela\/bio-ulje-cajevca-30ml\/","url":"https:\/\/sen-shop.com\/hr\/collections\/osobna-njega-cat\/njega-tijela\/bio-ulje-cajevca-30ml\/","name":"Ulje \u010dajevca | 100% prirodno eteri\u010dno BIO ulje \u010dajevca 30ml","isPartOf":{"@id":"https:\/\/sen-shop.com\/hr\/#website"},"datePublished":"2017-05-16T08:21:18+00:00","dateModified":"2021-11-26T08:13:34+00:00","description":"Eteri\u010dno BIO ulje \u010dajevca je prirodna pomo\u0107 kod raznih zdravstvenih pote\u0161ko\u0107a. Proizvedeno je iz drveta \u010dajevca s BIO-certifikatom.","breadcrumb":{"@id":"https:\/\/sen-shop.com\/hr\/collections\/osobna-njega-cat\/njega-tijela\/bio-ulje-cajevca-30ml\/#breadcrumb"},"inLanguage":"hr-HR","potentialAction":[{"@type":"ReadAction","target":["https:\/\/sen-shop.com\/hr\/collections\/osobna-njega-cat\/njega-tijela\/bio-ulje-cajevca-30ml\/"]}]},{"@type":"BreadcrumbList","@id":"https:\/\/sen-shop.com\/hr\/collections\/osobna-njega-cat\/njega-tijela\/bio-ulje-cajevca-30ml\/#breadcrumb","itemListElement":[{"@type":"ListItem","position":1,"name":"Home","item":"https:\/\/sen-shop.com\/hr\/"},{"@type":"ListItem","position":2,"name":"BIO ulje \u010dajevca 30ml"}]},{"@type":"WebSite","@id":"https:\/\/sen-shop.com\/hr\/#website","url":"https:\/\/sen-shop.com\/hr\/","name":"SEN Shop","description":"Slovensko, Ekolo\u0161ko, Naravno","publisher":{"@id":"https:\/\/sen-shop.com\/hr\/#organization"},"potentialAction":[{"@type":"SearchAction","target":{"@type":"EntryPoint","urlTemplate":"https:\/\/sen-shop.com\/hr\/?s={search_term_string}"},"query-input":"required name=search_term_string"}],"inLanguage":"hr-HR"},{"@type":"Organization","@id":"https:\/\/sen-shop.com\/hr\/#organization","name":"Mind trade d.o.o","url":"https:\/\/sen-shop.com\/hr\/","logo":{"@type":"ImageObject","inLanguage":"hr-HR","@id":"https:\/\/sen-shop.com\/hr\/#\/schema\/logo\/image\/","url":"https:\/\/sen-shop.com\/wp-content\/uploads\/2018\/05\/header_logo.png","contentUrl":"https:\/\/sen-shop.com\/wp-content\/uploads\/2018\/05\/header_logo.png","width":138,"height":70,"caption":"Mind trade d.o.o"},"image":{"@id":"https:\/\/sen-shop.com\/hr\/#\/schema\/logo\/image\/"},"sameAs":["https:\/\/www.instagram.com\/senslovenija\/","https:\/\/www.facebook.com\/Senshopslovenija"]}]}},"_links":{"self":[{"href":"https:\/\/sen-shop.com\/hr\/wp-json\/wp\/v2\/product\/27013","targetHints":{"allow":["GET"]}}],"collection":[{"href":"https:\/\/sen-shop.com\/hr\/wp-json\/wp\/v2\/product"}],"about":[{"href":"https:\/\/sen-shop.com\/hr\/wp-json\/wp\/v2\/types\/product"}],"replies":[{"embeddable":true,"href":"https:\/\/sen-shop.com\/hr\/wp-json\/wp\/v2\/comments?post=27013"}],"wp:featuredmedia":[{"embeddable":true,"href":"https:\/\/sen-shop.com\/hr\/wp-json\/wp\/v2\/media\/42657"}],"wp:attachment":[{"href":"https:\/\/sen-shop.com\/hr\/wp-json\/wp\/v2\/media?parent=27013"}],"wp:term":[{"taxonomy":"product_cat","embeddable":true,"href":"https:\/\/sen-shop.com\/hr\/wp-json\/wp\/v2\/product_cat?post=27013"},{"taxonomy":"product_tag","embeddable":true,"href":"https:\/\/sen-shop.com\/hr\/wp-json\/wp\/v2\/product_tag?post=27013"}],"curies":[{"name":"wp","href":"https:\/\/api.w.org\/{rel}","templated":true}]}}