{"id":27006,"date":"2017-05-22T11:29:21","date_gmt":"2017-05-22T09:29:21","guid":{"rendered":"https:\/\/www.sen-shop.com\/collections\/uncategorized\/magnezijevo-ulje-protiv-umora\/"},"modified":"2022-06-01T00:07:59","modified_gmt":"2022-05-31T22:07:59","slug":"magnezijevo-ulje-protiv-umora","status":"publish","type":"product","link":"https:\/\/sen-shop.com\/hr\/collections\/osobna-njega-cat\/njega-tijela\/magnezijevo-ulje-protiv-umora\/","title":{"rendered":"Magnezijevo ulje"},"content":{"rendered":"<p>[vc_row][vc_column][vc_column_text css=&#8221;.vc_custom_1624882867548{padding-top: 30px !important;padding-right: 30px !important;padding-bottom: 30px !important;padding-left: 30px !important;background-color: #c9db95 !important;}&#8221;]<br \/>\n<strong>Magnezij<\/strong> je jedan od najva\u017enijih minerala potrebnih svakoj stanici u tijelu. Uklju\u010den je u \u010dak 300 metaboli\u010dkih procesa. Ve\u0107ina ljudi ne dobiva dovoljno magnezija uobi\u010dajenom prehranom. <strong>Stru\u010dnjaci procjenjuju da odrasli unose samo 66% magnezija koji im je potreban u prosje\u010dnoj prehrani.<\/strong> Zanimljiva i manje poznata \u010dinjenica je da se nedostatak magnezija mo\u017ee ispraviti i lokalnim nano\u0161enjem magnezija na ko\u017eu. Ako se uzima oralno, prvo mora pro\u0107i kroz \u017eeludac i gastrointestinalni trakt prije nego do\u0111e do stanica. Njegovu bioraspolo\u017eivost uvelike smanjuju \u017eelu\u010dana kiselina i probavni enzimi.<\/p>\n<p>Istra\u017eivanje dr. Normana Shealyja iz American Holistic Medical Association (AHMA) pokazala je da <strong>svakodnevna lokalna primjena magnezijevog ulja zna\u010dajno pove\u0107ava razinu magnezija u tijelu do 75%.<\/strong> Osim magnezija (Mg iona), ulje sadr\u017ei i <strong>prirodni glicerin<\/strong> (koji hidratizira ko\u017eu), <strong>BIO hidrolat ru\u017emarina<\/strong> (koji blagotvorno djeluje na mi\u0161i\u0107e i zglobove) i <strong>etanolne ekstrakte<\/strong> (tinkture) <strong>arnike i vra\u017eje kand\u017ee,<\/strong> koji poma\u017eu kod raznih bolesti povezanih s bolnim i ote\u010denim zglobovima.[\/vc_column_text][\/vc_column][\/vc_row][vc_row][vc_column][vc_column_text css=&#8221;.vc_custom_1624882883474{padding-top: 30px !important;padding-right: 30px !important;padding-bottom: 30px !important;padding-left: 30px !important;background-color: #ededed !important;}&#8221;]\ud83d\udc49 Nanijeti ulje ma bilo koji dio tijela i umasiravati na vla\u017enu ili suhu ko\u017eu.<\/p>\n<p>\ud83d\udc49 Posprejati uljem 5 do 20 puta na razli\u010dite dijelove tijela (bedra, listove, dekolte, pazuhe, itd.) i nje\u017eno umasiravati u ko\u017eu. Jedno sprejanje sadr\u017ei 10 mg Mg2+ iona.<\/p>\n<p>\ud83d\udc49 Kod po\u010detka upotrebe mo\u017ee se pojaviti svrbe\u017e, ali obi\u010dno nestaje redovitom upotrebom. Ako vam svrbe\u017e smeta, mo\u017eete obrisati ili oprati ko\u017eu 15 minuta nakon nano\u0161enja. Izbjegavati kontakt s o\u010dima i ranama.[\/vc_column_text][\/vc_column][\/vc_row][vc_row][vc_column][vc_column_text]<br \/>\nMagnezij je zanimljiv mineral koji se u medicinske svrhe koristi od 19. stolje\u0107a. U to vrijeme bio je propisan za neutralizaciju raznih otrova, ali se koristio i kao laksativ te za lije\u010denje problema povezanih s prekomjernim lu\u010denjem \u017eelu\u010dane kiseline, za \u0161to se koristi i dan danas. Magnezij je u na\u0161im tijelima va\u017ean gra\u0111evni element kostiju, stani\u010dnih membrana i nositelja nasljednih informacija \u2013 kromosoma. Osim svojih strukturnih funkcija, obavlja i \u0161irok raspon vitalnih metaboli\u010dkih funkcija. Potreban je za komunikaciju izme\u0111u stanice i uklju\u010den je u stotine metaboli\u010dkih procesa. Aktivno sudjeluje u stvaranju DNK, proteina i antioksidansa (glutation), kao i glavne energetske molekule u na\u0161em tijelu \u2013 ATP-a. <strong>Prisutnost magnezija neophodna je za nesmetano provo\u0111enje \u017eiv\u010danih impulsa, kontrakciju mi\u0161i\u0107a i pravilan rad srca.<\/strong><\/p>\n<p>Proizvod je certificiran od strane Aromacert\u00ae, koji jam\u010di visoku razinu kvalitete prema strogim kriterijima aromaterapije kao \u0161to su: prirodnost, autenti\u010dnost i \u010disto\u0107a sastojaka. Proizvod je 100% veganski i nije testiran na \u017eivotinjama.[\/vc_column_text][\/vc_column][\/vc_row]<\/p>\n","protected":false},"excerpt":{"rendered":"<p>Bolovi u mi\u0161i\u0107ima, nemirne i umorne noge, glavobolje, nesanica i iscrpljenost simptomi su nedostatka magnezija. Magnezijevo ulje <strong>opu\u0161ta mi\u0161i\u0107e,<\/strong> a posebice je korisno za osobe pogo\u0111ene stresom,<strong> sporta\u0161e<\/strong> i<strong> fizi\u010dki aktivne osobe.<\/strong><\/p>\n<ul>\n<li>za zdravlje kostiju i normalnu funkciju mi\u0161i\u0107a<\/li>\n<li>za \u017eiv\u010dani sustav i psiholo\u0161ko zdravlje<\/li>\n<li>umanjuje umor i iscrpljenost<\/li>\n<\/ul>\n<p>Jeste li znali da magnezij ima bolje i br\u017ee djelovanje ako se apsorbira kroz ko\u017eu?<\/p>\n","protected":false},"featured_media":27010,"comment_status":"open","ping_status":"closed","template":"","meta":{"inline_featured_image":false},"product_cat":[423,419,424,418,421],"product_tag":[375,381,385,384,387,383,388,426,389,391,393,425,382,396,422,399,376,380,390,379],"class_list":["post-27006","product","type-product","status-publish","has-post-thumbnail","hentry","product_cat-crni-petak","product_cat-njega-tijela","product_cat-osobna-njega-hr","product_cat-osobna-njega-cat","product_cat-zglobovi-i-misici","product_tag-biljni","product_tag-biljni-gel","product_tag-bio-hr","product_tag-bolova-u-rukama","product_tag-bolovi-u-desnoj-ruci","product_tag-bolovi-u-ledima","product_tag-bolovi-u-lijevoj-ruci","product_tag-bolovi-u-nogama","product_tag-bolovi-u-nogama-navece","product_tag-ekoloska-kozmetika-hr","product_tag-kosti","product_tag-magnezijevo-ulje","product_tag-misici-i-zglobovi","product_tag-njega","product_tag-opustanje-misica","product_tag-prirodno","product_tag-repelent","product_tag-zdrav-zivot","product_tag-zdravlje","product_tag-zdravo"],"acf":[],"yoast_head":"<!-- This site is optimized with the Yoast SEO plugin v19.13 - https:\/\/yoast.com\/wordpress\/plugins\/seo\/ -->\n<title>Magnezijevo ulje | 100% prirodno protiv umora | Magnezij<\/title>\n<meta name=\"description\" content=\"Magnezijevo ulje opu\u0161ta va\u0161e mi\u0161i\u0107e i sprje\u010dava glavobolju, nenaspavanost i djeluje protiv umora. Garancija na zadovoljstvo. Brza dostava\" \/>\n<meta name=\"robots\" content=\"index, follow, max-snippet:-1, max-image-preview:large, max-video-preview:-1\" \/>\n<link rel=\"canonical\" href=\"https:\/\/sen-shop.com\/hr\/collections\/osobna-njega-cat\/njega-tijela\/magnezijevo-ulje-protiv-umora\/\" \/>\n<meta property=\"og:locale\" content=\"hr_HR\" \/>\n<meta property=\"og:type\" content=\"article\" \/>\n<meta property=\"og:title\" content=\"Magnezijevo ulje | 100% prirodno protiv umora | Magnezij\" \/>\n<meta property=\"og:description\" content=\"Magnezijevo ulje opu\u0161ta va\u0161e mi\u0161i\u0107e i sprje\u010dava glavobolju, nenaspavanost i djeluje protiv umora. Garancija na zadovoljstvo. Brza dostava\" \/>\n<meta property=\"og:url\" content=\"https:\/\/sen-shop.com\/hr\/collections\/osobna-njega-cat\/njega-tijela\/magnezijevo-ulje-protiv-umora\/\" \/>\n<meta property=\"og:site_name\" content=\"SEN Shop\" \/>\n<meta property=\"article:publisher\" content=\"https:\/\/www.facebook.com\/Senshopslovenija\" \/>\n<meta property=\"article:modified_time\" content=\"2022-05-31T22:07:59+00:00\" \/>\n<meta property=\"og:image\" content=\"https:\/\/sen-shop.com\/wp-content\/uploads\/2021\/04\/magnezijevo-ulje-hr.jpg\" \/>\n\t<meta property=\"og:image:width\" content=\"480\" \/>\n\t<meta property=\"og:image:height\" content=\"549\" \/>\n\t<meta property=\"og:image:type\" content=\"image\/jpeg\" \/>\n<meta name=\"twitter:card\" content=\"summary_large_image\" \/>\n<meta name=\"twitter:label1\" content=\"Est. reading time\" \/>\n\t<meta name=\"twitter:data1\" content=\"3 minutes\" \/>\n<script type=\"application\/ld+json\" class=\"yoast-schema-graph\">{\"@context\":\"https:\/\/schema.org\",\"@graph\":[{\"@type\":\"WebPage\",\"@id\":\"https:\/\/sen-shop.com\/hr\/collections\/osobna-njega-cat\/njega-tijela\/magnezijevo-ulje-protiv-umora\/\",\"url\":\"https:\/\/sen-shop.com\/hr\/collections\/osobna-njega-cat\/njega-tijela\/magnezijevo-ulje-protiv-umora\/\",\"name\":\"Magnezijevo ulje | 100% prirodno protiv umora | Magnezij\",\"isPartOf\":{\"@id\":\"https:\/\/sen-shop.com\/hr\/#website\"},\"datePublished\":\"2017-05-22T09:29:21+00:00\",\"dateModified\":\"2022-05-31T22:07:59+00:00\",\"description\":\"Magnezijevo ulje opu\u0161ta va\u0161e mi\u0161i\u0107e i sprje\u010dava glavobolju, nenaspavanost i djeluje protiv umora. Garancija na zadovoljstvo. Brza dostava\",\"breadcrumb\":{\"@id\":\"https:\/\/sen-shop.com\/hr\/collections\/osobna-njega-cat\/njega-tijela\/magnezijevo-ulje-protiv-umora\/#breadcrumb\"},\"inLanguage\":\"hr-HR\",\"potentialAction\":[{\"@type\":\"ReadAction\",\"target\":[\"https:\/\/sen-shop.com\/hr\/collections\/osobna-njega-cat\/njega-tijela\/magnezijevo-ulje-protiv-umora\/\"]}]},{\"@type\":\"BreadcrumbList\",\"@id\":\"https:\/\/sen-shop.com\/hr\/collections\/osobna-njega-cat\/njega-tijela\/magnezijevo-ulje-protiv-umora\/#breadcrumb\",\"itemListElement\":[{\"@type\":\"ListItem\",\"position\":1,\"name\":\"Home\",\"item\":\"https:\/\/sen-shop.com\/hr\/\"},{\"@type\":\"ListItem\",\"position\":2,\"name\":\"Magnezijevo ulje\"}]},{\"@type\":\"WebSite\",\"@id\":\"https:\/\/sen-shop.com\/hr\/#website\",\"url\":\"https:\/\/sen-shop.com\/hr\/\",\"name\":\"SEN Shop\",\"description\":\"Slovensko, Ekolo\u0161ko, Naravno\",\"publisher\":{\"@id\":\"https:\/\/sen-shop.com\/hr\/#organization\"},\"potentialAction\":[{\"@type\":\"SearchAction\",\"target\":{\"@type\":\"EntryPoint\",\"urlTemplate\":\"https:\/\/sen-shop.com\/hr\/?s={search_term_string}\"},\"query-input\":\"required name=search_term_string\"}],\"inLanguage\":\"hr-HR\"},{\"@type\":\"Organization\",\"@id\":\"https:\/\/sen-shop.com\/hr\/#organization\",\"name\":\"Mind trade d.o.o\",\"url\":\"https:\/\/sen-shop.com\/hr\/\",\"logo\":{\"@type\":\"ImageObject\",\"inLanguage\":\"hr-HR\",\"@id\":\"https:\/\/sen-shop.com\/hr\/#\/schema\/logo\/image\/\",\"url\":\"https:\/\/sen-shop.com\/wp-content\/uploads\/2018\/05\/header_logo.png\",\"contentUrl\":\"https:\/\/sen-shop.com\/wp-content\/uploads\/2018\/05\/header_logo.png\",\"width\":138,\"height\":70,\"caption\":\"Mind trade d.o.o\"},\"image\":{\"@id\":\"https:\/\/sen-shop.com\/hr\/#\/schema\/logo\/image\/\"},\"sameAs\":[\"https:\/\/www.instagram.com\/senslovenija\/\",\"https:\/\/www.facebook.com\/Senshopslovenija\"]}]}<\/script>\n<!-- \/ Yoast SEO plugin. -->","yoast_head_json":{"title":"Magnezijevo ulje | 100% prirodno protiv umora | Magnezij","description":"Magnezijevo ulje opu\u0161ta va\u0161e mi\u0161i\u0107e i sprje\u010dava glavobolju, nenaspavanost i djeluje protiv umora. Garancija na zadovoljstvo. Brza dostava","robots":{"index":"index","follow":"follow","max-snippet":"max-snippet:-1","max-image-preview":"max-image-preview:large","max-video-preview":"max-video-preview:-1"},"canonical":"https:\/\/sen-shop.com\/hr\/collections\/osobna-njega-cat\/njega-tijela\/magnezijevo-ulje-protiv-umora\/","og_locale":"hr_HR","og_type":"article","og_title":"Magnezijevo ulje | 100% prirodno protiv umora | Magnezij","og_description":"Magnezijevo ulje opu\u0161ta va\u0161e mi\u0161i\u0107e i sprje\u010dava glavobolju, nenaspavanost i djeluje protiv umora. Garancija na zadovoljstvo. Brza dostava","og_url":"https:\/\/sen-shop.com\/hr\/collections\/osobna-njega-cat\/njega-tijela\/magnezijevo-ulje-protiv-umora\/","og_site_name":"SEN Shop","article_publisher":"https:\/\/www.facebook.com\/Senshopslovenija","article_modified_time":"2022-05-31T22:07:59+00:00","og_image":[{"width":480,"height":549,"url":"https:\/\/sen-shop.com\/wp-content\/uploads\/2021\/04\/magnezijevo-ulje-hr.jpg","type":"image\/jpeg"}],"twitter_card":"summary_large_image","twitter_misc":{"Est. reading time":"3 minutes"},"schema":{"@context":"https:\/\/schema.org","@graph":[{"@type":"WebPage","@id":"https:\/\/sen-shop.com\/hr\/collections\/osobna-njega-cat\/njega-tijela\/magnezijevo-ulje-protiv-umora\/","url":"https:\/\/sen-shop.com\/hr\/collections\/osobna-njega-cat\/njega-tijela\/magnezijevo-ulje-protiv-umora\/","name":"Magnezijevo ulje | 100% prirodno protiv umora | Magnezij","isPartOf":{"@id":"https:\/\/sen-shop.com\/hr\/#website"},"datePublished":"2017-05-22T09:29:21+00:00","dateModified":"2022-05-31T22:07:59+00:00","description":"Magnezijevo ulje opu\u0161ta va\u0161e mi\u0161i\u0107e i sprje\u010dava glavobolju, nenaspavanost i djeluje protiv umora. Garancija na zadovoljstvo. Brza dostava","breadcrumb":{"@id":"https:\/\/sen-shop.com\/hr\/collections\/osobna-njega-cat\/njega-tijela\/magnezijevo-ulje-protiv-umora\/#breadcrumb"},"inLanguage":"hr-HR","potentialAction":[{"@type":"ReadAction","target":["https:\/\/sen-shop.com\/hr\/collections\/osobna-njega-cat\/njega-tijela\/magnezijevo-ulje-protiv-umora\/"]}]},{"@type":"BreadcrumbList","@id":"https:\/\/sen-shop.com\/hr\/collections\/osobna-njega-cat\/njega-tijela\/magnezijevo-ulje-protiv-umora\/#breadcrumb","itemListElement":[{"@type":"ListItem","position":1,"name":"Home","item":"https:\/\/sen-shop.com\/hr\/"},{"@type":"ListItem","position":2,"name":"Magnezijevo ulje"}]},{"@type":"WebSite","@id":"https:\/\/sen-shop.com\/hr\/#website","url":"https:\/\/sen-shop.com\/hr\/","name":"SEN Shop","description":"Slovensko, Ekolo\u0161ko, Naravno","publisher":{"@id":"https:\/\/sen-shop.com\/hr\/#organization"},"potentialAction":[{"@type":"SearchAction","target":{"@type":"EntryPoint","urlTemplate":"https:\/\/sen-shop.com\/hr\/?s={search_term_string}"},"query-input":"required name=search_term_string"}],"inLanguage":"hr-HR"},{"@type":"Organization","@id":"https:\/\/sen-shop.com\/hr\/#organization","name":"Mind trade d.o.o","url":"https:\/\/sen-shop.com\/hr\/","logo":{"@type":"ImageObject","inLanguage":"hr-HR","@id":"https:\/\/sen-shop.com\/hr\/#\/schema\/logo\/image\/","url":"https:\/\/sen-shop.com\/wp-content\/uploads\/2018\/05\/header_logo.png","contentUrl":"https:\/\/sen-shop.com\/wp-content\/uploads\/2018\/05\/header_logo.png","width":138,"height":70,"caption":"Mind trade d.o.o"},"image":{"@id":"https:\/\/sen-shop.com\/hr\/#\/schema\/logo\/image\/"},"sameAs":["https:\/\/www.instagram.com\/senslovenija\/","https:\/\/www.facebook.com\/Senshopslovenija"]}]}},"_links":{"self":[{"href":"https:\/\/sen-shop.com\/hr\/wp-json\/wp\/v2\/product\/27006","targetHints":{"allow":["GET"]}}],"collection":[{"href":"https:\/\/sen-shop.com\/hr\/wp-json\/wp\/v2\/product"}],"about":[{"href":"https:\/\/sen-shop.com\/hr\/wp-json\/wp\/v2\/types\/product"}],"replies":[{"embeddable":true,"href":"https:\/\/sen-shop.com\/hr\/wp-json\/wp\/v2\/comments?post=27006"}],"wp:featuredmedia":[{"embeddable":true,"href":"https:\/\/sen-shop.com\/hr\/wp-json\/wp\/v2\/media\/27010"}],"wp:attachment":[{"href":"https:\/\/sen-shop.com\/hr\/wp-json\/wp\/v2\/media?parent=27006"}],"wp:term":[{"taxonomy":"product_cat","embeddable":true,"href":"https:\/\/sen-shop.com\/hr\/wp-json\/wp\/v2\/product_cat?post=27006"},{"taxonomy":"product_tag","embeddable":true,"href":"https:\/\/sen-shop.com\/hr\/wp-json\/wp\/v2\/product_tag?post=27006"}],"curies":[{"name":"wp","href":"https:\/\/api.w.org\/{rel}","templated":true}]}}