{"id":27002,"date":"2017-05-19T01:06:14","date_gmt":"2017-05-18T23:06:14","guid":{"rendered":"https:\/\/www.sen-shop.com\/collections\/uncategorized\/muscle-gel-prirodni-masazni-gel\/"},"modified":"2022-12-22T09:40:09","modified_gmt":"2022-12-22T08:40:09","slug":"muscle-gel-prirodni-masazni-gel","status":"publish","type":"product","link":"https:\/\/sen-shop.com\/hr\/collections\/osobna-njega-cat\/njega-tijela\/muscle-gel-prirodni-masazni-gel\/","title":{"rendered":"Muscle gel prirodni masa\u017eni gel"},"content":{"rendered":"<p>[vc_row][vc_column][vc_column_text css=&#8221;.vc_custom_1625047858245{padding-top: 30px !important;padding-right: 30px !important;padding-bottom: 30px !important;padding-left: 30px !important;background-color: #c9db95 !important;}&#8221;]<br \/>\nEkstrakt kajenske paprike zagrijava mi\u0161i\u0107e, ja\u010da cirkulaciju i stijenke krvnih \u017eila. Uglavnom se nalazi u pripravcima za sporta\u0161e, <strong>zagrijavanjem mi\u0161i\u0107a poma\u017ee u sprje\u010davanju mogu\u0107ih ozljeda.<\/strong> Kajenska paprika cijenjena je i kao pomo\u0107 protiv reume i artritisa.<\/p>\n<p><strong>Bijela vrba<\/strong> ima protuupalno, <strong>analgetsko,<\/strong> adstringentno (kompresija tkiva u ranama) i antisepti\u010dko djelovanje. Vrba odli\u010dno djeluje kod reume, upala i gr\u010deva. <strong>Sadr\u017ei salicilnu kiselinu<\/strong> (jedna od glavnih komponenti aspirina) koja ima sna\u017eno protuupalno djelovanje.[\/vc_column_text][\/vc_column][\/vc_row][vc_row][vc_column][vc_column_text css=&#8221;.vc_custom_1625047872735{padding-top: 30px !important;padding-right: 30px !important;padding-bottom: 30px !important;padding-left: 30px !important;background-color: #ededed !important;}&#8221;]\ud83d\udc49 Prije i nakon sportskih aktivnosti, umasirati Gel za mi\u0161i\u0107e na \u017eeljena podru\u010dja<\/p>\n<p>\ud83d\udc49 U slu\u010dajevima kvr\u017eica i modrica, umasirajte Gel za mi\u0161i\u0107e izravno na zahva\u0107eno podru\u010dje<\/p>\n<p>\ud83d\udc49 Pazite da Gel za mi\u0161i\u0107e ne do\u0111e u dodir sa sluznicama ili otvorenim ranama.[\/vc_column_text][\/vc_column][\/vc_row][vc_row][vc_column][vc_column_text]Kako bi se sprije\u010dile ozljede, prije fizi\u010dke aktivnosti potrebno se pravilno zagrijati. <strong>Zagrijavanje je posebno va\u017eno prije intenzivnog vje\u017ebanja, ina\u010de mo\u017ee do\u0107i do te\u0161kih ozljeda.<\/strong> U ve\u0107ini slu\u010dajeva bit \u0107e dovoljno samo nekoliko minuta tr\u010danja, vje\u017ebanja i istezanja. Zagrijavanjem pripremate mi\u0161i\u0107e i ligamente za aktivnost, jer skok iz neaktivnosti u trening mo\u017ee biti veliki \u0161ok za tijelo.<\/p>\n<p>Proizvod je certificiran od strane Aromacert\u00ae, koji jam\u010di visoku razinu kvalitete prema strogim kriterijima aromaterapije kao \u0161to su: prirodnost, autenti\u010dnost i \u010disto\u0107a sastojaka. Proizvod je 100% veganski i nije testiran na \u017eivotinjama.[\/vc_column_text][\/vc_column][\/vc_row]<\/p>\n","protected":false},"excerpt":{"rendered":"<p>Gel za mi\u0161i\u0107e ima blagi u\u010dinak zagrijavanja, \u0161to je korisno za zagrijavanje mi\u0161i\u0107a prije tjelovje\u017ebe te za njegu hladnih i slabo prokrvljenih ekstremiteta. Neizostavan proizvod za sporta\u0161e i sve koji imaju <strong>aktivan na\u010din \u017eivota.<\/strong><\/p>\n<ul>\n<li>zagrijava mi\u0161i\u0107e i priprema ih za pokret<\/li>\n<li>poti\u010de cirkulaciju krvi, djeluje protiv reume<\/li>\n<li>olak\u0161ava bolove u mi\u0161i\u0107ima, umiruje i daje osje\u0107aj lak\u0161ih nogu<\/li>\n<li>obnavlja ko\u017eu i smanjuje znojenje<\/li>\n<\/ul>\n<p>Zagrijavanje je najva\u017enija stvar koju je potrebno raditi prije bavljenja sportom i tjelovje\u017ebe jer sprje\u010dava ozljede. Prije po\u010detka tjelovje\u017ebe udovi su uko\u010deni i skupljeni, \u0161to je posebno \u010desto po hladnom vremenu (zimi) ili nakon du\u017eeg sjedenja u uredu.<\/p>\n","protected":false},"featured_media":37798,"comment_status":"open","ping_status":"closed","template":"","meta":{"inline_featured_image":false},"product_cat":[423,420,419,418,421],"product_tag":[375,381,385,386,384,387,383,388,389,391,392,394,395,382,396,422,398,399,376,377,390,379,378],"class_list":["post-27002","product","type-product","status-publish","has-post-thumbnail","hentry","product_cat-crni-petak","product_cat-njega-nogu","product_cat-njega-tijela","product_cat-osobna-njega-cat","product_cat-zglobovi-i-misici","product_tag-biljni","product_tag-biljni-gel","product_tag-bio-hr","product_tag-bio-kozmetika-hr","product_tag-bolova-u-rukama","product_tag-bolovi-u-desnoj-ruci","product_tag-bolovi-u-ledima","product_tag-bolovi-u-lijevoj-ruci","product_tag-bolovi-u-nogama-navece","product_tag-ekoloska-kozmetika-hr","product_tag-isias-hr","product_tag-krema-za-kosti","product_tag-misici-i-kosti","product_tag-misici-i-zglobovi","product_tag-njega","product_tag-opustanje-misica","product_tag-pomoc-kod-glavobolje","product_tag-prirodno","product_tag-repelent","product_tag-ruzmarin","product_tag-zdravlje","product_tag-zdravo","product_tag-zemagel"],"acf":[],"yoast_head":"<!-- This site is optimized with the Yoast SEO plugin v19.13 - https:\/\/yoast.com\/wordpress\/plugins\/seo\/ -->\n<title>Muscle gel - prirodni masa\u0161ni gel za zagrijavanje mi\u0161i\u0107a prije sporta<\/title>\n<meta name=\"description\" content=\"Prirodni Muscle gel se preporu\u010duje za masa\u0161u mi\u0161i\u0107a i za zagrijavanje mi\u0161i\u0107a prije sporta, za opu\u0161tanje kod gr\u010deva, umora mi\u0161i\u0107a i udaraca. 100% prirodno\" \/>\n<meta name=\"robots\" content=\"index, follow, max-snippet:-1, max-image-preview:large, max-video-preview:-1\" \/>\n<link rel=\"canonical\" href=\"https:\/\/sen-shop.com\/hr\/collections\/osobna-njega-cat\/njega-tijela\/muscle-gel-prirodni-masazni-gel\/\" \/>\n<meta property=\"og:locale\" content=\"hr_HR\" \/>\n<meta property=\"og:type\" content=\"article\" \/>\n<meta property=\"og:title\" content=\"Muscle gel - prirodni masa\u0161ni gel za zagrijavanje mi\u0161i\u0107a prije sporta\" \/>\n<meta property=\"og:description\" content=\"Prirodni Muscle gel se preporu\u010duje za masa\u0161u mi\u0161i\u0107a i za zagrijavanje mi\u0161i\u0107a prije sporta, za opu\u0161tanje kod gr\u010deva, umora mi\u0161i\u0107a i udaraca. 100% prirodno\" \/>\n<meta property=\"og:url\" content=\"https:\/\/sen-shop.com\/hr\/collections\/osobna-njega-cat\/njega-tijela\/muscle-gel-prirodni-masazni-gel\/\" \/>\n<meta property=\"og:site_name\" content=\"SEN Shop\" \/>\n<meta property=\"article:publisher\" content=\"https:\/\/www.facebook.com\/Senshopslovenija\" \/>\n<meta property=\"article:modified_time\" content=\"2022-12-22T08:40:09+00:00\" \/>\n<meta property=\"og:image\" content=\"https:\/\/sen-shop.com\/wp-content\/uploads\/2017\/05\/Muscle-gel_sl_hr.jpg\" \/>\n\t<meta property=\"og:image:width\" content=\"1225\" \/>\n\t<meta property=\"og:image:height\" content=\"1400\" \/>\n\t<meta property=\"og:image:type\" content=\"image\/jpeg\" \/>\n<meta name=\"twitter:card\" content=\"summary_large_image\" \/>\n<meta name=\"twitter:label1\" content=\"Est. reading time\" \/>\n\t<meta name=\"twitter:data1\" content=\"2 minutes\" \/>\n<script type=\"application\/ld+json\" class=\"yoast-schema-graph\">{\"@context\":\"https:\/\/schema.org\",\"@graph\":[{\"@type\":\"WebPage\",\"@id\":\"https:\/\/sen-shop.com\/hr\/collections\/osobna-njega-cat\/njega-tijela\/muscle-gel-prirodni-masazni-gel\/\",\"url\":\"https:\/\/sen-shop.com\/hr\/collections\/osobna-njega-cat\/njega-tijela\/muscle-gel-prirodni-masazni-gel\/\",\"name\":\"Muscle gel - prirodni masa\u0161ni gel za zagrijavanje mi\u0161i\u0107a prije sporta\",\"isPartOf\":{\"@id\":\"https:\/\/sen-shop.com\/hr\/#website\"},\"datePublished\":\"2017-05-18T23:06:14+00:00\",\"dateModified\":\"2022-12-22T08:40:09+00:00\",\"description\":\"Prirodni Muscle gel se preporu\u010duje za masa\u0161u mi\u0161i\u0107a i za zagrijavanje mi\u0161i\u0107a prije sporta, za opu\u0161tanje kod gr\u010deva, umora mi\u0161i\u0107a i udaraca. 100% prirodno\",\"breadcrumb\":{\"@id\":\"https:\/\/sen-shop.com\/hr\/collections\/osobna-njega-cat\/njega-tijela\/muscle-gel-prirodni-masazni-gel\/#breadcrumb\"},\"inLanguage\":\"hr-HR\",\"potentialAction\":[{\"@type\":\"ReadAction\",\"target\":[\"https:\/\/sen-shop.com\/hr\/collections\/osobna-njega-cat\/njega-tijela\/muscle-gel-prirodni-masazni-gel\/\"]}]},{\"@type\":\"BreadcrumbList\",\"@id\":\"https:\/\/sen-shop.com\/hr\/collections\/osobna-njega-cat\/njega-tijela\/muscle-gel-prirodni-masazni-gel\/#breadcrumb\",\"itemListElement\":[{\"@type\":\"ListItem\",\"position\":1,\"name\":\"Home\",\"item\":\"https:\/\/sen-shop.com\/hr\/\"},{\"@type\":\"ListItem\",\"position\":2,\"name\":\"Muscle gel prirodni masa\u017eni gel\"}]},{\"@type\":\"WebSite\",\"@id\":\"https:\/\/sen-shop.com\/hr\/#website\",\"url\":\"https:\/\/sen-shop.com\/hr\/\",\"name\":\"SEN Shop\",\"description\":\"Slovensko, Ekolo\u0161ko, Naravno\",\"publisher\":{\"@id\":\"https:\/\/sen-shop.com\/hr\/#organization\"},\"potentialAction\":[{\"@type\":\"SearchAction\",\"target\":{\"@type\":\"EntryPoint\",\"urlTemplate\":\"https:\/\/sen-shop.com\/hr\/?s={search_term_string}\"},\"query-input\":\"required name=search_term_string\"}],\"inLanguage\":\"hr-HR\"},{\"@type\":\"Organization\",\"@id\":\"https:\/\/sen-shop.com\/hr\/#organization\",\"name\":\"Mind trade d.o.o\",\"url\":\"https:\/\/sen-shop.com\/hr\/\",\"logo\":{\"@type\":\"ImageObject\",\"inLanguage\":\"hr-HR\",\"@id\":\"https:\/\/sen-shop.com\/hr\/#\/schema\/logo\/image\/\",\"url\":\"https:\/\/sen-shop.com\/wp-content\/uploads\/2018\/05\/header_logo.png\",\"contentUrl\":\"https:\/\/sen-shop.com\/wp-content\/uploads\/2018\/05\/header_logo.png\",\"width\":138,\"height\":70,\"caption\":\"Mind trade d.o.o\"},\"image\":{\"@id\":\"https:\/\/sen-shop.com\/hr\/#\/schema\/logo\/image\/\"},\"sameAs\":[\"https:\/\/www.instagram.com\/senslovenija\/\",\"https:\/\/www.facebook.com\/Senshopslovenija\"]}]}<\/script>\n<!-- \/ Yoast SEO plugin. -->","yoast_head_json":{"title":"Muscle gel - prirodni masa\u0161ni gel za zagrijavanje mi\u0161i\u0107a prije sporta","description":"Prirodni Muscle gel se preporu\u010duje za masa\u0161u mi\u0161i\u0107a i za zagrijavanje mi\u0161i\u0107a prije sporta, za opu\u0161tanje kod gr\u010deva, umora mi\u0161i\u0107a i udaraca. 100% prirodno","robots":{"index":"index","follow":"follow","max-snippet":"max-snippet:-1","max-image-preview":"max-image-preview:large","max-video-preview":"max-video-preview:-1"},"canonical":"https:\/\/sen-shop.com\/hr\/collections\/osobna-njega-cat\/njega-tijela\/muscle-gel-prirodni-masazni-gel\/","og_locale":"hr_HR","og_type":"article","og_title":"Muscle gel - prirodni masa\u0161ni gel za zagrijavanje mi\u0161i\u0107a prije sporta","og_description":"Prirodni Muscle gel se preporu\u010duje za masa\u0161u mi\u0161i\u0107a i za zagrijavanje mi\u0161i\u0107a prije sporta, za opu\u0161tanje kod gr\u010deva, umora mi\u0161i\u0107a i udaraca. 100% prirodno","og_url":"https:\/\/sen-shop.com\/hr\/collections\/osobna-njega-cat\/njega-tijela\/muscle-gel-prirodni-masazni-gel\/","og_site_name":"SEN Shop","article_publisher":"https:\/\/www.facebook.com\/Senshopslovenija","article_modified_time":"2022-12-22T08:40:09+00:00","og_image":[{"width":1225,"height":1400,"url":"https:\/\/sen-shop.com\/wp-content\/uploads\/2017\/05\/Muscle-gel_sl_hr.jpg","type":"image\/jpeg"}],"twitter_card":"summary_large_image","twitter_misc":{"Est. reading time":"2 minutes"},"schema":{"@context":"https:\/\/schema.org","@graph":[{"@type":"WebPage","@id":"https:\/\/sen-shop.com\/hr\/collections\/osobna-njega-cat\/njega-tijela\/muscle-gel-prirodni-masazni-gel\/","url":"https:\/\/sen-shop.com\/hr\/collections\/osobna-njega-cat\/njega-tijela\/muscle-gel-prirodni-masazni-gel\/","name":"Muscle gel - prirodni masa\u0161ni gel za zagrijavanje mi\u0161i\u0107a prije sporta","isPartOf":{"@id":"https:\/\/sen-shop.com\/hr\/#website"},"datePublished":"2017-05-18T23:06:14+00:00","dateModified":"2022-12-22T08:40:09+00:00","description":"Prirodni Muscle gel se preporu\u010duje za masa\u0161u mi\u0161i\u0107a i za zagrijavanje mi\u0161i\u0107a prije sporta, za opu\u0161tanje kod gr\u010deva, umora mi\u0161i\u0107a i udaraca. 100% prirodno","breadcrumb":{"@id":"https:\/\/sen-shop.com\/hr\/collections\/osobna-njega-cat\/njega-tijela\/muscle-gel-prirodni-masazni-gel\/#breadcrumb"},"inLanguage":"hr-HR","potentialAction":[{"@type":"ReadAction","target":["https:\/\/sen-shop.com\/hr\/collections\/osobna-njega-cat\/njega-tijela\/muscle-gel-prirodni-masazni-gel\/"]}]},{"@type":"BreadcrumbList","@id":"https:\/\/sen-shop.com\/hr\/collections\/osobna-njega-cat\/njega-tijela\/muscle-gel-prirodni-masazni-gel\/#breadcrumb","itemListElement":[{"@type":"ListItem","position":1,"name":"Home","item":"https:\/\/sen-shop.com\/hr\/"},{"@type":"ListItem","position":2,"name":"Muscle gel prirodni masa\u017eni gel"}]},{"@type":"WebSite","@id":"https:\/\/sen-shop.com\/hr\/#website","url":"https:\/\/sen-shop.com\/hr\/","name":"SEN Shop","description":"Slovensko, Ekolo\u0161ko, Naravno","publisher":{"@id":"https:\/\/sen-shop.com\/hr\/#organization"},"potentialAction":[{"@type":"SearchAction","target":{"@type":"EntryPoint","urlTemplate":"https:\/\/sen-shop.com\/hr\/?s={search_term_string}"},"query-input":"required name=search_term_string"}],"inLanguage":"hr-HR"},{"@type":"Organization","@id":"https:\/\/sen-shop.com\/hr\/#organization","name":"Mind trade d.o.o","url":"https:\/\/sen-shop.com\/hr\/","logo":{"@type":"ImageObject","inLanguage":"hr-HR","@id":"https:\/\/sen-shop.com\/hr\/#\/schema\/logo\/image\/","url":"https:\/\/sen-shop.com\/wp-content\/uploads\/2018\/05\/header_logo.png","contentUrl":"https:\/\/sen-shop.com\/wp-content\/uploads\/2018\/05\/header_logo.png","width":138,"height":70,"caption":"Mind trade d.o.o"},"image":{"@id":"https:\/\/sen-shop.com\/hr\/#\/schema\/logo\/image\/"},"sameAs":["https:\/\/www.instagram.com\/senslovenija\/","https:\/\/www.facebook.com\/Senshopslovenija"]}]}},"_links":{"self":[{"href":"https:\/\/sen-shop.com\/hr\/wp-json\/wp\/v2\/product\/27002","targetHints":{"allow":["GET"]}}],"collection":[{"href":"https:\/\/sen-shop.com\/hr\/wp-json\/wp\/v2\/product"}],"about":[{"href":"https:\/\/sen-shop.com\/hr\/wp-json\/wp\/v2\/types\/product"}],"replies":[{"embeddable":true,"href":"https:\/\/sen-shop.com\/hr\/wp-json\/wp\/v2\/comments?post=27002"}],"wp:featuredmedia":[{"embeddable":true,"href":"https:\/\/sen-shop.com\/hr\/wp-json\/wp\/v2\/media\/37798"}],"wp:attachment":[{"href":"https:\/\/sen-shop.com\/hr\/wp-json\/wp\/v2\/media?parent=27002"}],"wp:term":[{"taxonomy":"product_cat","embeddable":true,"href":"https:\/\/sen-shop.com\/hr\/wp-json\/wp\/v2\/product_cat?post=27002"},{"taxonomy":"product_tag","embeddable":true,"href":"https:\/\/sen-shop.com\/hr\/wp-json\/wp\/v2\/product_tag?post=27002"}],"curies":[{"name":"wp","href":"https:\/\/api.w.org\/{rel}","templated":true}]}}