{"id":26999,"date":"2020-05-21T14:53:50","date_gmt":"2020-05-21T12:53:50","guid":{"rendered":"https:\/\/www.sen-shop.com\/collections\/uncategorized\/prirodni-sprej-protiv-komaraca-i-protiv-krpelja\/"},"modified":"2021-11-25T11:47:47","modified_gmt":"2021-11-25T10:47:47","slug":"prirodni-sprej-za-zastitu","status":"publish","type":"product","link":"https:\/\/sen-shop.com\/hr\/collections\/osobna-njega-cat\/njega-tijela\/prirodni-sprej-za-zastitu\/","title":{"rendered":"Prirodni sprej za za\u0161titu"},"content":{"rendered":"<p>[vc_row][vc_column][vc_column_text css=&#8221;.vc_custom_1625055521897{padding-top: 30px !important;padding-right: 30px !important;padding-bottom: 30px !important;padding-left: 30px !important;background-color: #c9db95 !important;}&#8221;]<strong>Eteri\u010dno ulje limunskog eukaliptusa<\/strong> sadr\u017ei 85 posto citronelola, \u0161to je tvar koja je zbog svojeg svje\u017eeg mirisa iznimno popularna u kozmeti\u010dkoj industriji. Ulje eukaliptusa limuna <strong>u\u010dinkovito \u0161titi od nekoliko vrsta komaraca,<\/strong> uklju\u010duju\u0107i one koji prenose malariju i \u017eutu groznicu.<\/p>\n<p><strong>Eteri\u010dno ulje zelene mente<\/strong> pokazalo se u\u010dinkovitim larvicidnim i za\u0161titnim sredstvom u borbi protiv denga groznice. Tako\u0111er ima <strong>negativan u\u010dinak na razvoj komaraca<\/strong> i zbog toga se u\u010dinkovito koristi u prirodnim sprejevima za suzbijanje velikih populacija na otvorenom.<\/p>\n<p>Istra\u017eivanja su pokazala da <strong>palmarosa mo\u017ee biti u\u010dinkovita protiv komaraca \u010dak i dulje<\/strong> od mnogih drugih eteri\u010dnih ulja.<\/p>\n<p><strong>Ru\u017emarin,<\/strong> kao prirodni pesticid, prvenstveno se koristi kao sredstvo protiv insekata. Ima sna\u017ena antimikrobna svojstva i \u0161titi od insekata: moljaca iz odje\u0107e, vo\u0107nih mu\u0161ica, u\u0161i, komaraca i drugih insekata.<\/p>\n<p>[\/vc_column_text][\/vc_column][\/vc_row][vc_row][vc_column][vc_column_text css=&#8221;.vc_custom_1625055569609{padding-top: 30px !important;padding-right: 30px !important;padding-bottom: 30px !important;padding-left: 30px !important;background-color: #ededed !important;}&#8221;]\ud83d\udc49 Prirodni sprejevi za za\u0161titu od komaraca, krpelja i ostalih insekata su sigurni i mogu se koristiti nekoliko puta dnevno. Oprez se savjetuje osobama koje pate od preosjetljivosti na eteri\u010dna ulja.<\/p>\n<p>\ud83d\udc49 Nije prikladno za djecu mla\u0111u od tri godine.<\/p>\n<p>\ud83d\udc49 Mo\u017ee se nanositi na odje\u0107u.<\/p>\n<p>\ud83d\udc49 Ponavljati nano\u0161enje svakih 2-4 sata.<\/p>\n<p>[\/vc_column_text][\/vc_column][\/vc_row][vc_row][vc_column][vc_column_text]Ve\u0107ina sredstava protiv komaraca i krpelja sadr\u017ee aktivni sastojak zvan DEET. DEET djeluje tako da maskira tjelesni miris i tako sprje\u010dava da nas komarac ili krpelj otkriju. Istra\u017eivanja su ve\u0107 pokazala da DEET, kada se nanese izravno na ko\u017eu, mo\u017ee imati \u0161tetan u\u010dinak na na\u0161 \u017eiv\u010dani sustav. Posebno je \u0161tetan kada se koristi kod djece. <strong>Znanstveno dokazana prirodna alternativa DEET-u je limunski eukaliptus, koji se tek nedavno po\u010deo pojavljivati u suvremenim sredstvima za za\u0161titu od insekata.<\/strong> Prirodni sprej za za\u0161titu od komaraca, krpelja i ostalih insekata sadr\u017ei samo prirodne sastojke s dodatkom eteri\u010dnih ulja BIO limunskog eukaliptusa, BIO zelene mente, BIO citronele, BIO palmarose i BIO hidrolata ru\u017emarina.<\/p>\n<p>Proizvod je certificiran od strane Aromacert\u00ae, koji jam\u010di visoku razinu kvalitete prema strogim kriterijima aromaterapije kao \u0161to su: prirodnost, autenti\u010dnost i \u010disto\u0107a sastojaka. Proizvod je 100% veganski i nije testiran na \u017eivotinjama.[\/vc_column_text][\/vc_column][\/vc_row]<\/p>\n","protected":false},"excerpt":{"rendered":"<p><strong>100% prirodan<\/strong> sprej za za\u0161titu od komaraca, krpelja i ostalih insekata za bezbri\u017ene aktivnosti na otvorenom. Dodana eteri\u010dna ulja u\u010dinkovito <strong>tjeraju komarce<\/strong> i <strong>krpelje<\/strong> bez dodavanja \u0161tetnih pesticida i kemikalija. Zbog svog prirodnog sastava siguran je <strong>za djecu<\/strong> i <strong>ku\u0107ne ljubimce <\/strong>te se mo\u017ee <strong>prskati na ko\u017eu<\/strong> ili <strong>odje\u0107u<\/strong> koliko god \u010desto je potrebno. U prikladnom prakti\u010dnom pakiranju za svaku prigodu.<\/p>\n<ul>\n<li>u\u010dinkovita za\u0161tita protiv komaraca, krpelja i drugih insekata<\/li>\n<li>bez ljepljivog osje\u0107aja na ko\u017ei<\/li>\n<li>prikladan za za\u0161titu ko\u017ee ili odje\u0107e<\/li>\n<li>prikladan za djecu i ku\u0107ne ljubimce (pse)<\/li>\n<li>100% prirodan, bez \u0161tetnih kemikalija i insekticida<\/li>\n<\/ul>\n<p><strong>Eteri\u010dna ulja BIO limunskog eukaliptusa, BIO zelene metvice, BIO citronele, BIO palmarose<\/strong> i <strong>BIO hidrolata ru\u017emarina<\/strong> imaju neugodan miris za insekte i na taj na\u010din \u0161tite od uboda.<\/p>\n<p><strong>Prikladan za DJECU stariju od 3 godine.<\/strong><\/p>\n","protected":false},"featured_media":27000,"comment_status":"open","ping_status":"closed","template":"","meta":{"inline_featured_image":false},"product_cat":[423,419,418,436],"product_tag":[],"class_list":["post-26999","product","type-product","status-publish","has-post-thumbnail","hentry","product_cat-crni-petak","product_cat-njega-tijela","product_cat-osobna-njega-cat","product_cat-osobna-njega-hr-2"],"acf":[],"yoast_head":"<!-- This site is optimized with the Yoast SEO plugin v19.13 - https:\/\/yoast.com\/wordpress\/plugins\/seo\/ -->\n<title>Prirodni sprej protiv komaraca i krpelja | prirodno, eko, vegansko | SEN<\/title>\n<meta name=\"description\" content=\"Prirodni sprej protiv krpelja i protiv komaraca sadr\u017ei 100% prirodnih sastojaka i prirodnih eteri\u010dnih ulja. Savr\u0161ena za\u0161tita. Pogodno i za dijecu.\" \/>\n<meta name=\"robots\" content=\"index, follow, max-snippet:-1, max-image-preview:large, max-video-preview:-1\" \/>\n<link rel=\"canonical\" href=\"https:\/\/sen-shop.com\/hr\/collections\/osobna-njega-cat\/njega-tijela\/prirodni-sprej-za-zastitu\/\" \/>\n<meta property=\"og:locale\" content=\"hr_HR\" \/>\n<meta property=\"og:type\" content=\"article\" \/>\n<meta property=\"og:title\" content=\"Prirodni sprej protiv komaraca i krpelja | prirodno, eko, vegansko | SEN\" \/>\n<meta property=\"og:description\" content=\"Prirodni sprej protiv krpelja i protiv komaraca sadr\u017ei 100% prirodnih sastojaka i prirodnih eteri\u010dnih ulja. Savr\u0161ena za\u0161tita. Pogodno i za dijecu.\" \/>\n<meta property=\"og:url\" content=\"https:\/\/sen-shop.com\/hr\/collections\/osobna-njega-cat\/njega-tijela\/prirodni-sprej-za-zastitu\/\" \/>\n<meta property=\"og:site_name\" content=\"SEN Shop\" \/>\n<meta property=\"article:publisher\" content=\"https:\/\/www.facebook.com\/Senshopslovenija\" \/>\n<meta property=\"article:modified_time\" content=\"2021-11-25T10:47:47+00:00\" \/>\n<meta property=\"og:image\" content=\"https:\/\/sen-shop.com\/wp-content\/uploads\/2022\/05\/Prirodni-sprej_spl.jpg\" \/>\n\t<meta property=\"og:image:width\" content=\"1050\" \/>\n\t<meta property=\"og:image:height\" content=\"1200\" \/>\n\t<meta property=\"og:image:type\" content=\"image\/jpeg\" \/>\n<meta name=\"twitter:card\" content=\"summary_large_image\" \/>\n<meta name=\"twitter:label1\" content=\"Est. reading time\" \/>\n\t<meta name=\"twitter:data1\" content=\"2 minutes\" \/>\n<script type=\"application\/ld+json\" class=\"yoast-schema-graph\">{\"@context\":\"https:\/\/schema.org\",\"@graph\":[{\"@type\":\"WebPage\",\"@id\":\"https:\/\/sen-shop.com\/hr\/collections\/osobna-njega-cat\/njega-tijela\/prirodni-sprej-za-zastitu\/\",\"url\":\"https:\/\/sen-shop.com\/hr\/collections\/osobna-njega-cat\/njega-tijela\/prirodni-sprej-za-zastitu\/\",\"name\":\"Prirodni sprej protiv komaraca i krpelja | prirodno, eko, vegansko | SEN\",\"isPartOf\":{\"@id\":\"https:\/\/sen-shop.com\/hr\/#website\"},\"datePublished\":\"2020-05-21T12:53:50+00:00\",\"dateModified\":\"2021-11-25T10:47:47+00:00\",\"description\":\"Prirodni sprej protiv krpelja i protiv komaraca sadr\u017ei 100% prirodnih sastojaka i prirodnih eteri\u010dnih ulja. Savr\u0161ena za\u0161tita. Pogodno i za dijecu.\",\"breadcrumb\":{\"@id\":\"https:\/\/sen-shop.com\/hr\/collections\/osobna-njega-cat\/njega-tijela\/prirodni-sprej-za-zastitu\/#breadcrumb\"},\"inLanguage\":\"hr-HR\",\"potentialAction\":[{\"@type\":\"ReadAction\",\"target\":[\"https:\/\/sen-shop.com\/hr\/collections\/osobna-njega-cat\/njega-tijela\/prirodni-sprej-za-zastitu\/\"]}]},{\"@type\":\"BreadcrumbList\",\"@id\":\"https:\/\/sen-shop.com\/hr\/collections\/osobna-njega-cat\/njega-tijela\/prirodni-sprej-za-zastitu\/#breadcrumb\",\"itemListElement\":[{\"@type\":\"ListItem\",\"position\":1,\"name\":\"Home\",\"item\":\"https:\/\/sen-shop.com\/hr\/\"},{\"@type\":\"ListItem\",\"position\":2,\"name\":\"Prirodni sprej za za\u0161titu\"}]},{\"@type\":\"WebSite\",\"@id\":\"https:\/\/sen-shop.com\/hr\/#website\",\"url\":\"https:\/\/sen-shop.com\/hr\/\",\"name\":\"SEN Shop\",\"description\":\"Slovensko, Ekolo\u0161ko, Naravno\",\"publisher\":{\"@id\":\"https:\/\/sen-shop.com\/hr\/#organization\"},\"potentialAction\":[{\"@type\":\"SearchAction\",\"target\":{\"@type\":\"EntryPoint\",\"urlTemplate\":\"https:\/\/sen-shop.com\/hr\/?s={search_term_string}\"},\"query-input\":\"required name=search_term_string\"}],\"inLanguage\":\"hr-HR\"},{\"@type\":\"Organization\",\"@id\":\"https:\/\/sen-shop.com\/hr\/#organization\",\"name\":\"Mind trade d.o.o\",\"url\":\"https:\/\/sen-shop.com\/hr\/\",\"logo\":{\"@type\":\"ImageObject\",\"inLanguage\":\"hr-HR\",\"@id\":\"https:\/\/sen-shop.com\/hr\/#\/schema\/logo\/image\/\",\"url\":\"https:\/\/sen-shop.com\/wp-content\/uploads\/2018\/05\/header_logo.png\",\"contentUrl\":\"https:\/\/sen-shop.com\/wp-content\/uploads\/2018\/05\/header_logo.png\",\"width\":138,\"height\":70,\"caption\":\"Mind trade d.o.o\"},\"image\":{\"@id\":\"https:\/\/sen-shop.com\/hr\/#\/schema\/logo\/image\/\"},\"sameAs\":[\"https:\/\/www.instagram.com\/senslovenija\/\",\"https:\/\/www.facebook.com\/Senshopslovenija\"]}]}<\/script>\n<!-- \/ Yoast SEO plugin. -->","yoast_head_json":{"title":"Prirodni sprej protiv komaraca i krpelja | prirodno, eko, vegansko | SEN","description":"Prirodni sprej protiv krpelja i protiv komaraca sadr\u017ei 100% prirodnih sastojaka i prirodnih eteri\u010dnih ulja. Savr\u0161ena za\u0161tita. Pogodno i za dijecu.","robots":{"index":"index","follow":"follow","max-snippet":"max-snippet:-1","max-image-preview":"max-image-preview:large","max-video-preview":"max-video-preview:-1"},"canonical":"https:\/\/sen-shop.com\/hr\/collections\/osobna-njega-cat\/njega-tijela\/prirodni-sprej-za-zastitu\/","og_locale":"hr_HR","og_type":"article","og_title":"Prirodni sprej protiv komaraca i krpelja | prirodno, eko, vegansko | SEN","og_description":"Prirodni sprej protiv krpelja i protiv komaraca sadr\u017ei 100% prirodnih sastojaka i prirodnih eteri\u010dnih ulja. Savr\u0161ena za\u0161tita. Pogodno i za dijecu.","og_url":"https:\/\/sen-shop.com\/hr\/collections\/osobna-njega-cat\/njega-tijela\/prirodni-sprej-za-zastitu\/","og_site_name":"SEN Shop","article_publisher":"https:\/\/www.facebook.com\/Senshopslovenija","article_modified_time":"2021-11-25T10:47:47+00:00","og_image":[{"width":1050,"height":1200,"url":"https:\/\/sen-shop.com\/wp-content\/uploads\/2022\/05\/Prirodni-sprej_spl.jpg","type":"image\/jpeg"}],"twitter_card":"summary_large_image","twitter_misc":{"Est. reading time":"2 minutes"},"schema":{"@context":"https:\/\/schema.org","@graph":[{"@type":"WebPage","@id":"https:\/\/sen-shop.com\/hr\/collections\/osobna-njega-cat\/njega-tijela\/prirodni-sprej-za-zastitu\/","url":"https:\/\/sen-shop.com\/hr\/collections\/osobna-njega-cat\/njega-tijela\/prirodni-sprej-za-zastitu\/","name":"Prirodni sprej protiv komaraca i krpelja | prirodno, eko, vegansko | SEN","isPartOf":{"@id":"https:\/\/sen-shop.com\/hr\/#website"},"datePublished":"2020-05-21T12:53:50+00:00","dateModified":"2021-11-25T10:47:47+00:00","description":"Prirodni sprej protiv krpelja i protiv komaraca sadr\u017ei 100% prirodnih sastojaka i prirodnih eteri\u010dnih ulja. Savr\u0161ena za\u0161tita. Pogodno i za dijecu.","breadcrumb":{"@id":"https:\/\/sen-shop.com\/hr\/collections\/osobna-njega-cat\/njega-tijela\/prirodni-sprej-za-zastitu\/#breadcrumb"},"inLanguage":"hr-HR","potentialAction":[{"@type":"ReadAction","target":["https:\/\/sen-shop.com\/hr\/collections\/osobna-njega-cat\/njega-tijela\/prirodni-sprej-za-zastitu\/"]}]},{"@type":"BreadcrumbList","@id":"https:\/\/sen-shop.com\/hr\/collections\/osobna-njega-cat\/njega-tijela\/prirodni-sprej-za-zastitu\/#breadcrumb","itemListElement":[{"@type":"ListItem","position":1,"name":"Home","item":"https:\/\/sen-shop.com\/hr\/"},{"@type":"ListItem","position":2,"name":"Prirodni sprej za za\u0161titu"}]},{"@type":"WebSite","@id":"https:\/\/sen-shop.com\/hr\/#website","url":"https:\/\/sen-shop.com\/hr\/","name":"SEN Shop","description":"Slovensko, Ekolo\u0161ko, Naravno","publisher":{"@id":"https:\/\/sen-shop.com\/hr\/#organization"},"potentialAction":[{"@type":"SearchAction","target":{"@type":"EntryPoint","urlTemplate":"https:\/\/sen-shop.com\/hr\/?s={search_term_string}"},"query-input":"required name=search_term_string"}],"inLanguage":"hr-HR"},{"@type":"Organization","@id":"https:\/\/sen-shop.com\/hr\/#organization","name":"Mind trade d.o.o","url":"https:\/\/sen-shop.com\/hr\/","logo":{"@type":"ImageObject","inLanguage":"hr-HR","@id":"https:\/\/sen-shop.com\/hr\/#\/schema\/logo\/image\/","url":"https:\/\/sen-shop.com\/wp-content\/uploads\/2018\/05\/header_logo.png","contentUrl":"https:\/\/sen-shop.com\/wp-content\/uploads\/2018\/05\/header_logo.png","width":138,"height":70,"caption":"Mind trade d.o.o"},"image":{"@id":"https:\/\/sen-shop.com\/hr\/#\/schema\/logo\/image\/"},"sameAs":["https:\/\/www.instagram.com\/senslovenija\/","https:\/\/www.facebook.com\/Senshopslovenija"]}]}},"_links":{"self":[{"href":"https:\/\/sen-shop.com\/hr\/wp-json\/wp\/v2\/product\/26999","targetHints":{"allow":["GET"]}}],"collection":[{"href":"https:\/\/sen-shop.com\/hr\/wp-json\/wp\/v2\/product"}],"about":[{"href":"https:\/\/sen-shop.com\/hr\/wp-json\/wp\/v2\/types\/product"}],"replies":[{"embeddable":true,"href":"https:\/\/sen-shop.com\/hr\/wp-json\/wp\/v2\/comments?post=26999"}],"wp:featuredmedia":[{"embeddable":true,"href":"https:\/\/sen-shop.com\/hr\/wp-json\/wp\/v2\/media\/27000"}],"wp:attachment":[{"href":"https:\/\/sen-shop.com\/hr\/wp-json\/wp\/v2\/media?parent=26999"}],"wp:term":[{"taxonomy":"product_cat","embeddable":true,"href":"https:\/\/sen-shop.com\/hr\/wp-json\/wp\/v2\/product_cat?post=26999"},{"taxonomy":"product_tag","embeddable":true,"href":"https:\/\/sen-shop.com\/hr\/wp-json\/wp\/v2\/product_tag?post=26999"}],"curies":[{"name":"wp","href":"https:\/\/api.w.org\/{rel}","templated":true}]}}