{"id":26985,"date":"2020-08-28T16:16:13","date_gmt":"2020-08-28T14:16:13","guid":{"rendered":"https:\/\/www.sen-shop.com\/collections\/uncategorized\/sprej-protiv-usiju\/"},"modified":"2022-02-14T14:44:00","modified_gmt":"2022-02-14T13:44:00","slug":"sprej-protiv-usiju","status":"publish","type":"product","link":"https:\/\/sen-shop.com\/hr\/collections\/osobna-njega-cat\/njega-kose\/sprej-protiv-usiju\/","title":{"rendered":"Sprej protiv u\u0161iju"},"content":{"rendered":"<p>[vc_row][vc_column][vc_column_text css=&#8221;.vc_custom_1625053322795{padding-top: 30px !important;padding-right: 30px !important;padding-bottom: 30px !important;padding-left: 30px !important;background-color: #c9db95 !important;}&#8221;]<br \/>\nJeste li znali da <strong>uobi\u010dajena sredstva za uklanjanje u\u0161i <\/strong>sadr\u017ee \u0161tetne <strong>kemikalije<\/strong> i <strong>insekticide?<\/strong><br \/>\nNa <strong>bezopasan i 100% prirodan<\/strong> <strong>na\u010din<\/strong> mo\u017eete <strong>sprije\u010diti ove dosadne smetnje.<\/strong> Kombinacija eteri\u010dnih ulja BIO lavande, BIO \u010dajevca i BIO limunske trave stvara nepovoljno okru\u017eenje za gnije\u017e\u0111enje u\u0161i.<\/p>\n<p>U\u0161i su ve\u0107 razvile otpornost na mnoga sredstva i insekticide u \u0161amponima. No, budu\u0107i da <strong>u\u0161i imaju izrazito razvijen njuh, <\/strong>tjeramo ih mirisom lavande i limunske trave.<\/p>\n<p><strong>\u010cajevac ima odbojan miris za u\u0161i.<\/strong> Nadalje, <strong>ima prirodna insekticidna svojstva<\/strong> i dokazano <strong>ubija u\u0161i i gnjide.<\/strong><\/p>\n<p>[\/vc_column_text][\/vc_column][\/vc_row][vc_row][vc_column][vc_column_text css=&#8221;.vc_custom_1625053371099{padding-top: 30px !important;padding-right: 30px !important;padding-bottom: 30px !important;padding-left: 30px !important;background-color: #ededed !important;}&#8221;]\ud83d\udc49 Po potrebi, sprej se mo\u017ee nanijeti nekoliko puta dnevno na \u010distu kosu i vlasi\u0161te.<\/p>\n<p>\ud83d\udc49 Nemojte ispirati sprej i pobrinite se da ne do\u0111e u kontakt s o\u010dima.<\/p>\n<p>\ud83d\udc49 Prikladno za sprejanje igra\u010daka.<\/p>\n<p>[\/vc_column_text][\/vc_column][\/vc_row][vc_row][vc_column][vc_column_text]<strong>Sprej protiv u\u0161i <\/strong>u pravilu je <strong>namijenjen prevenciji u\u0161i.<\/strong> Ako va\u0161e dijete ve\u0107 ima problemati\u010dnu infestaciju u\u0161i, ovo rje\u0161enje mo\u017eda ne\u0107e biti dovoljno; morat \u0107ete ru\u010dno ukloniti sve u\u0161i i gnjide.<\/p>\n<p>Proizvod je certificiran od strane Aromacert\u00ae, koji jam\u010di visoku razinu kvalitete prema strogim kriterijima aromaterapije kao \u0161to su: prirodnost, autenti\u010dnost i \u010disto\u0107a sastojaka. Proizvod je 100% veganski i nije testiran na \u017eivotinjama.[\/vc_column_text][\/vc_column][\/vc_row]<\/p>\n","protected":false},"excerpt":{"rendered":"<p><strong>Borba protiv u\u0161iju<\/strong> mo\u017ee biti bolan i dugotrajan proces. I ba\u0161 kada ste sve to vrijeme potro\u0161ili na rje\u0161avanje gnjida i u\u0161i, one se ponovno vra\u0107aju.<a href=\"https:\/\/sen-shop.com\/wp-content\/uploads\/2020\/08\/u\u0161i-krog-sen.jpg\"><img loading=\"lazy\" decoding=\"async\" class=\" wp-image-26987 alignright\" src=\"https:\/\/sen-shop.com\/wp-content\/uploads\/2020\/08\/u\u0161i-krog-sen-300x300.jpg\" alt=\"\" width=\"233\" height=\"233\" srcset=\"https:\/\/sen-shop.com\/wp-content\/uploads\/2020\/08\/u\u0161i-krog-sen-300x300.jpg 300w, https:\/\/sen-shop.com\/wp-content\/uploads\/2020\/08\/u\u0161i-krog-sen-427x427.jpg 427w, https:\/\/sen-shop.com\/wp-content\/uploads\/2020\/08\/u\u0161i-krog-sen-100x100.jpg 100w, https:\/\/sen-shop.com\/wp-content\/uploads\/2020\/08\/u\u0161i-krog-sen-50x50.jpg 50w, https:\/\/sen-shop.com\/wp-content\/uploads\/2020\/08\/u\u0161i-krog-sen-60x60.jpg 60w, https:\/\/sen-shop.com\/wp-content\/uploads\/2020\/08\/u\u0161i-krog-sen.jpg 540w\" sizes=\"auto, (max-width: 233px) 100vw, 233px\" \/><\/a><\/p>\n<p>Ne samo da \u0107e vam <strong>prevencija u\u0161tedjeti puno vremena<\/strong>, ve\u0107 \u0107e i <strong>sprije\u010diti budu\u0107e zaraze u\u0161ima.<\/strong> Sprej sadr\u017ei 100% prirodne sastojke i eteri\u010dna ulja koja <strong>u\u010dinkovito odbijaju u\u0161i i stvaraju neprikladno okru\u017eenje za razvoj u\u0161i.<\/strong> Pogodno za <strong>dje\u010dju kosu. <\/strong><\/p>\n<ul>\n<li>kreira neprikladno okru\u017eenje za u\u0161i i gnjide<\/li>\n<li>odbija u\u0161i i \u0161titi od zaraze u\u0161ima<\/li>\n<li>prirodna eteri\u010dna ulja \u010dajevca, lavande i limunske trave<\/li>\n<li>100% prirodno, bez \u0161tetnih kemikalija i insekticida<\/li>\n<\/ul>\n<p>Sprej se mo\u017ee <strong>nanositi<\/strong> na kosu <strong>nekoliko puta dnevno. <\/strong>Preporu\u010dujemo nano\u0161enje neposredno prije polaska u <strong>vrti\u0107<\/strong> ili <strong>\u0161kolu.<\/strong> Tako\u0111er mo\u017eete <strong>prskati igra\u010dke.<\/strong><\/p>\n","protected":false},"featured_media":26986,"comment_status":"open","ping_status":"closed","template":"","meta":{"inline_featured_image":false},"product_cat":[423,810,428,418,436],"product_tag":[],"class_list":["post-26985","product","type-product","status-publish","has-post-thumbnail","hentry","product_cat-crni-petak","product_cat-nekategorizirano-hr","product_cat-njega-kose","product_cat-osobna-njega-cat","product_cat-osobna-njega-hr-2"],"acf":[],"yoast_head":"<!-- This site is optimized with the Yoast SEO plugin v19.13 - https:\/\/yoast.com\/wordpress\/plugins\/seo\/ -->\n<title>Sprej protiv u\u0161iju - SEN - prirodno<\/title>\n<meta name=\"description\" content=\"Sprej sadr\u017ei esencijalna ulja \u010dajevca, lavande i limunske trave koja odbijaju u\u0161i. Nanesite sprej na tjeme djeteta neposredno prije ulaska u \u0161kolu ili vrti\u0107.\" \/>\n<meta name=\"robots\" content=\"index, follow, max-snippet:-1, max-image-preview:large, max-video-preview:-1\" \/>\n<link rel=\"canonical\" href=\"https:\/\/sen-shop.com\/hr\/collections\/osobna-njega-cat\/njega-kose\/sprej-protiv-usiju\/\" \/>\n<meta property=\"og:locale\" content=\"hr_HR\" \/>\n<meta property=\"og:type\" content=\"article\" \/>\n<meta property=\"og:title\" content=\"Sprej protiv u\u0161iju - SEN - prirodno\" \/>\n<meta property=\"og:description\" content=\"Sprej sadr\u017ei esencijalna ulja \u010dajevca, lavande i limunske trave koja odbijaju u\u0161i. Nanesite sprej na tjeme djeteta neposredno prije ulaska u \u0161kolu ili vrti\u0107.\" \/>\n<meta property=\"og:url\" content=\"https:\/\/sen-shop.com\/hr\/collections\/osobna-njega-cat\/njega-kose\/sprej-protiv-usiju\/\" \/>\n<meta property=\"og:site_name\" content=\"SEN Shop\" \/>\n<meta property=\"article:publisher\" content=\"https:\/\/www.facebook.com\/Senshopslovenija\" \/>\n<meta property=\"article:modified_time\" content=\"2022-02-14T13:44:00+00:00\" \/>\n<meta property=\"og:image\" content=\"https:\/\/sen-shop.com\/wp-content\/uploads\/2020\/08\/prsilo-za-lase-proti-usem-za-otroke-1.jpg\" \/>\n\t<meta property=\"og:image:width\" content=\"1000\" \/>\n\t<meta property=\"og:image:height\" content=\"1143\" \/>\n\t<meta property=\"og:image:type\" content=\"image\/jpeg\" \/>\n<meta name=\"twitter:card\" content=\"summary_large_image\" \/>\n<meta name=\"twitter:label1\" content=\"Est. reading time\" \/>\n\t<meta name=\"twitter:data1\" content=\"1 minute\" \/>\n<script type=\"application\/ld+json\" class=\"yoast-schema-graph\">{\"@context\":\"https:\/\/schema.org\",\"@graph\":[{\"@type\":\"WebPage\",\"@id\":\"https:\/\/sen-shop.com\/hr\/collections\/osobna-njega-cat\/njega-kose\/sprej-protiv-usiju\/\",\"url\":\"https:\/\/sen-shop.com\/hr\/collections\/osobna-njega-cat\/njega-kose\/sprej-protiv-usiju\/\",\"name\":\"Sprej protiv u\u0161iju - SEN - prirodno\",\"isPartOf\":{\"@id\":\"https:\/\/sen-shop.com\/hr\/#website\"},\"datePublished\":\"2020-08-28T14:16:13+00:00\",\"dateModified\":\"2022-02-14T13:44:00+00:00\",\"description\":\"Sprej sadr\u017ei esencijalna ulja \u010dajevca, lavande i limunske trave koja odbijaju u\u0161i. Nanesite sprej na tjeme djeteta neposredno prije ulaska u \u0161kolu ili vrti\u0107.\",\"breadcrumb\":{\"@id\":\"https:\/\/sen-shop.com\/hr\/collections\/osobna-njega-cat\/njega-kose\/sprej-protiv-usiju\/#breadcrumb\"},\"inLanguage\":\"hr-HR\",\"potentialAction\":[{\"@type\":\"ReadAction\",\"target\":[\"https:\/\/sen-shop.com\/hr\/collections\/osobna-njega-cat\/njega-kose\/sprej-protiv-usiju\/\"]}]},{\"@type\":\"BreadcrumbList\",\"@id\":\"https:\/\/sen-shop.com\/hr\/collections\/osobna-njega-cat\/njega-kose\/sprej-protiv-usiju\/#breadcrumb\",\"itemListElement\":[{\"@type\":\"ListItem\",\"position\":1,\"name\":\"Home\",\"item\":\"https:\/\/sen-shop.com\/hr\/\"},{\"@type\":\"ListItem\",\"position\":2,\"name\":\"Sprej protiv u\u0161iju\"}]},{\"@type\":\"WebSite\",\"@id\":\"https:\/\/sen-shop.com\/hr\/#website\",\"url\":\"https:\/\/sen-shop.com\/hr\/\",\"name\":\"SEN Shop\",\"description\":\"Slovensko, Ekolo\u0161ko, Naravno\",\"publisher\":{\"@id\":\"https:\/\/sen-shop.com\/hr\/#organization\"},\"potentialAction\":[{\"@type\":\"SearchAction\",\"target\":{\"@type\":\"EntryPoint\",\"urlTemplate\":\"https:\/\/sen-shop.com\/hr\/?s={search_term_string}\"},\"query-input\":\"required name=search_term_string\"}],\"inLanguage\":\"hr-HR\"},{\"@type\":\"Organization\",\"@id\":\"https:\/\/sen-shop.com\/hr\/#organization\",\"name\":\"Mind trade d.o.o\",\"url\":\"https:\/\/sen-shop.com\/hr\/\",\"logo\":{\"@type\":\"ImageObject\",\"inLanguage\":\"hr-HR\",\"@id\":\"https:\/\/sen-shop.com\/hr\/#\/schema\/logo\/image\/\",\"url\":\"https:\/\/sen-shop.com\/wp-content\/uploads\/2018\/05\/header_logo.png\",\"contentUrl\":\"https:\/\/sen-shop.com\/wp-content\/uploads\/2018\/05\/header_logo.png\",\"width\":138,\"height\":70,\"caption\":\"Mind trade d.o.o\"},\"image\":{\"@id\":\"https:\/\/sen-shop.com\/hr\/#\/schema\/logo\/image\/\"},\"sameAs\":[\"https:\/\/www.instagram.com\/senslovenija\/\",\"https:\/\/www.facebook.com\/Senshopslovenija\"]}]}<\/script>\n<!-- \/ Yoast SEO plugin. -->","yoast_head_json":{"title":"Sprej protiv u\u0161iju - SEN - prirodno","description":"Sprej sadr\u017ei esencijalna ulja \u010dajevca, lavande i limunske trave koja odbijaju u\u0161i. Nanesite sprej na tjeme djeteta neposredno prije ulaska u \u0161kolu ili vrti\u0107.","robots":{"index":"index","follow":"follow","max-snippet":"max-snippet:-1","max-image-preview":"max-image-preview:large","max-video-preview":"max-video-preview:-1"},"canonical":"https:\/\/sen-shop.com\/hr\/collections\/osobna-njega-cat\/njega-kose\/sprej-protiv-usiju\/","og_locale":"hr_HR","og_type":"article","og_title":"Sprej protiv u\u0161iju - SEN - prirodno","og_description":"Sprej sadr\u017ei esencijalna ulja \u010dajevca, lavande i limunske trave koja odbijaju u\u0161i. Nanesite sprej na tjeme djeteta neposredno prije ulaska u \u0161kolu ili vrti\u0107.","og_url":"https:\/\/sen-shop.com\/hr\/collections\/osobna-njega-cat\/njega-kose\/sprej-protiv-usiju\/","og_site_name":"SEN Shop","article_publisher":"https:\/\/www.facebook.com\/Senshopslovenija","article_modified_time":"2022-02-14T13:44:00+00:00","og_image":[{"width":1000,"height":1143,"url":"https:\/\/sen-shop.com\/wp-content\/uploads\/2020\/08\/prsilo-za-lase-proti-usem-za-otroke-1.jpg","type":"image\/jpeg"}],"twitter_card":"summary_large_image","twitter_misc":{"Est. reading time":"1 minute"},"schema":{"@context":"https:\/\/schema.org","@graph":[{"@type":"WebPage","@id":"https:\/\/sen-shop.com\/hr\/collections\/osobna-njega-cat\/njega-kose\/sprej-protiv-usiju\/","url":"https:\/\/sen-shop.com\/hr\/collections\/osobna-njega-cat\/njega-kose\/sprej-protiv-usiju\/","name":"Sprej protiv u\u0161iju - SEN - prirodno","isPartOf":{"@id":"https:\/\/sen-shop.com\/hr\/#website"},"datePublished":"2020-08-28T14:16:13+00:00","dateModified":"2022-02-14T13:44:00+00:00","description":"Sprej sadr\u017ei esencijalna ulja \u010dajevca, lavande i limunske trave koja odbijaju u\u0161i. Nanesite sprej na tjeme djeteta neposredno prije ulaska u \u0161kolu ili vrti\u0107.","breadcrumb":{"@id":"https:\/\/sen-shop.com\/hr\/collections\/osobna-njega-cat\/njega-kose\/sprej-protiv-usiju\/#breadcrumb"},"inLanguage":"hr-HR","potentialAction":[{"@type":"ReadAction","target":["https:\/\/sen-shop.com\/hr\/collections\/osobna-njega-cat\/njega-kose\/sprej-protiv-usiju\/"]}]},{"@type":"BreadcrumbList","@id":"https:\/\/sen-shop.com\/hr\/collections\/osobna-njega-cat\/njega-kose\/sprej-protiv-usiju\/#breadcrumb","itemListElement":[{"@type":"ListItem","position":1,"name":"Home","item":"https:\/\/sen-shop.com\/hr\/"},{"@type":"ListItem","position":2,"name":"Sprej protiv u\u0161iju"}]},{"@type":"WebSite","@id":"https:\/\/sen-shop.com\/hr\/#website","url":"https:\/\/sen-shop.com\/hr\/","name":"SEN Shop","description":"Slovensko, Ekolo\u0161ko, Naravno","publisher":{"@id":"https:\/\/sen-shop.com\/hr\/#organization"},"potentialAction":[{"@type":"SearchAction","target":{"@type":"EntryPoint","urlTemplate":"https:\/\/sen-shop.com\/hr\/?s={search_term_string}"},"query-input":"required name=search_term_string"}],"inLanguage":"hr-HR"},{"@type":"Organization","@id":"https:\/\/sen-shop.com\/hr\/#organization","name":"Mind trade d.o.o","url":"https:\/\/sen-shop.com\/hr\/","logo":{"@type":"ImageObject","inLanguage":"hr-HR","@id":"https:\/\/sen-shop.com\/hr\/#\/schema\/logo\/image\/","url":"https:\/\/sen-shop.com\/wp-content\/uploads\/2018\/05\/header_logo.png","contentUrl":"https:\/\/sen-shop.com\/wp-content\/uploads\/2018\/05\/header_logo.png","width":138,"height":70,"caption":"Mind trade d.o.o"},"image":{"@id":"https:\/\/sen-shop.com\/hr\/#\/schema\/logo\/image\/"},"sameAs":["https:\/\/www.instagram.com\/senslovenija\/","https:\/\/www.facebook.com\/Senshopslovenija"]}]}},"_links":{"self":[{"href":"https:\/\/sen-shop.com\/hr\/wp-json\/wp\/v2\/product\/26985","targetHints":{"allow":["GET"]}}],"collection":[{"href":"https:\/\/sen-shop.com\/hr\/wp-json\/wp\/v2\/product"}],"about":[{"href":"https:\/\/sen-shop.com\/hr\/wp-json\/wp\/v2\/types\/product"}],"replies":[{"embeddable":true,"href":"https:\/\/sen-shop.com\/hr\/wp-json\/wp\/v2\/comments?post=26985"}],"wp:featuredmedia":[{"embeddable":true,"href":"https:\/\/sen-shop.com\/hr\/wp-json\/wp\/v2\/media\/26986"}],"wp:attachment":[{"href":"https:\/\/sen-shop.com\/hr\/wp-json\/wp\/v2\/media?parent=26985"}],"wp:term":[{"taxonomy":"product_cat","embeddable":true,"href":"https:\/\/sen-shop.com\/hr\/wp-json\/wp\/v2\/product_cat?post=26985"},{"taxonomy":"product_tag","embeddable":true,"href":"https:\/\/sen-shop.com\/hr\/wp-json\/wp\/v2\/product_tag?post=26985"}],"curies":[{"name":"wp","href":"https:\/\/api.w.org\/{rel}","templated":true}]}}