{"id":26959,"date":"2018-05-18T10:57:51","date_gmt":"2018-05-18T08:57:51","guid":{"rendered":"https:\/\/www.sen-shop.com\/collections\/uncategorized\/tanita-bc-601\/"},"modified":"2021-08-06T11:55:45","modified_gmt":"2021-08-06T09:55:45","slug":"tanita-bc-601","status":"publish","type":"product","link":"https:\/\/sen-shop.com\/hr\/collections\/tanita-analizatori-sastava-tijela\/vaga-tanita-osobna-upotreba\/tanita-bc-601\/","title":{"rendered":"TANITA BC-601"},"content":{"rendered":"<h1>Tanita BC-601 analizator sastava tjelesne mase<\/h1>\n<p>Tanita BC-601 vaga za tijelo<\/p>\n<p>Na temelju najnovije tehnologije i razvoja mjerenja analize sastava tjelesne mase, Tanita je razvila novu generaciju proizvoda. Izuzetno sofisticirani analizatori omogu\u0107uju opse\u017ena, duboka i precizna mjerenja. Vaga Tanita BC-601 vam mo\u017ee pojedina\u010dno analizirati i pokazati rezultate za svaki od 5 dijelova tijela i to: obje ruke i noge i trbuh.<\/p>\n<p>&nbsp;<\/p>\n<p><strong>BC-601 vam poka\u017ee:<\/strong><\/p>\n<ul>\n<li>te\u017einu,<\/li>\n<li>udio tjelesne masti,<\/li>\n<li>omjer vode u tijelu,<\/li>\n<li>mi\u0161i\u0107nu masu,<\/li>\n<li>te\u017einu kosti,<\/li>\n<li>(ITM) indeks tjelesne mase,<\/li>\n<li>prikaz dnevne energetske potrebe u kalorijama,<\/li>\n<li>koli\u010dinu masti u predjelu trbuha,<\/li>\n<li>pokazatelj ocjene tjelesne figure,<\/li>\n<li>procjenu starosti metabolizma.<\/li>\n<\/ul>\n<h4>Proces vaganja\/mjerenja:<\/h4>\n<p>Stanite na povr\u0161inu analizatora i nje\u017eno povucite ru\u010dke smje\u0161tene na prednjem dijelu analizatora. Analizator \u0107e kroz tijelo poslati blagi elektricni tok kroz svih 8 elektroda. Na temelju pouzdanih, znanstveno potvr\u0111enih i patentiranih formula, vaga Tanita BC-601 \u0107e izra\u010dunat sastav tjelesne mase svakog pojedinca.<\/p>\n<p>&nbsp;<\/p>\n<h4>POSEBNE FUNKCIJE VAGE Tanita BC-601<\/h4>\n<p>Analizator je razvijen posebno za potrebe sporta\u0161a kako bi mogli redovito pratiti svoj napredak i promjene u sastavu tijela. Za izuzetnu preciznost, analizator mjeri dijelove tijela odvojeno (obje ruke, noge i trbuh). Zbog posjedovanja ru\u010dki, rezultati su precizniji nego kod pro\u0161lih modela analizatora. Uklju\u010dena SD kartica omogu\u0107uje prijenos podataka analiziranja na va\u0161e ra\u010dunalo, gdje mo\u017eete usporediti svoje rezultate i vidjeti svoj napredak.<\/p>\n<p>&nbsp;<\/p>\n<p><strong>Dodatno:<\/strong><\/p>\n<ul>\n<li>ru\u010dke za precizniju analizu tijela,<\/li>\n<li>SD kartica za prijenos rezultata na va\u0161e ra\u010dunalo,<\/li>\n<li>prikaz nedavnih rezultata sastava tjelesne mase,<\/li>\n<li>sposobnost osobnog vaganja,<\/li>\n<li>sposobnost vaganja sporta\u0161a,<\/li>\n<li>sposobnost vaganja za goste,<\/li>\n<li>nosivost do 150kg,<\/li>\n<li>prikazujte na 100 grama to\u010dno,<\/li>\n<li>\u010detiri memorijske tipke,<\/li>\n<li>uklju\u010dene baterije,<\/li>\n<li>3 godine jamstva.<\/li>\n<\/ul>\n<p>Besplatni Tanitin softver Bodyvision koji \u0107e vam omogu\u0107iti prijenos podataka i rezultata analiziranja mo\u017eete skinuti\u00a0<a href=\"https:\/\/www.sen.hr\/wp-content\/uploads\/2018\/06\/Bodyvision.zip\">OVDJE<\/a>.<\/p>\n<p>Za vi\u0161e informacija o TANITA BC 601 analizatoru pogledajte video:<\/p>\n<p>&nbsp;<\/p>\n<p><iframe loading=\"lazy\" title=\"Tanita BC601 Product Features - Train with Tanita\" src=\"https:\/\/www.youtube.com\/embed\/bKkN-uaLjAk?feature=oembed\" width=\"660\" height=\"371\" frameborder=\"0\" allowfullscreen=\"allowfullscreen\" data-mce-fragment=\"1\"><\/iframe><\/p>\n<p>&nbsp;<\/p>\n","protected":false},"excerpt":{"rendered":"<p><strong>Tanita BC-601<\/strong>\u00a0vam omogu\u0107uje medicinski precizno analiziranje svog tijela. Rezultati \u0107e vam dati detaljne informacije o sastavu va\u0161eg tijela.<\/p>\n<p>Sljede\u0107e informacije \u0107e vam omogu\u0107iti da prilagodite i pobolj\u0161ate svoje tijelo:<\/p>\n<ul>\n<li>te\u017eina<\/li>\n<li>sadr\u017eaj segmentirane masti: (postotak masno\u0107e za svaki ud posebno kao tako\u0111er i za stomak)<\/li>\n<li>postotak vode u tijelu<\/li>\n<li>segmenta mi\u0161i\u0107na masa (mi\u0161i\u0107na masa za svaki ud posebno i za stomak)<\/li>\n<li>te\u017eina kosti<\/li>\n<li>(ITM) indeks tjelesne mase<\/li>\n<li>prikaz dnevne energetske potrebe u kalorijama<\/li>\n<li>razina masti u predjelu trbuha<\/li>\n<li>indikator ocjene tjelesne figure<\/li>\n<li>procjena starosti metabolizma<\/li>\n<\/ul>\n<p>Rezultati se prikazuju na velikom LCD zaslonu u boji. Svi podaci (do 4 korisnika) se automatski spremaju na SD karticu.<\/p>\n<p>Analizator za bodybuilder-e\u00a0 &gt;&gt;&gt;\u00a0<a href=\"https:\/\/www.sen.hr\/collections\/tanita-analizatorji-telesne-sestave\/tehtnica-tanita-osebna-raba\/tanita-rd-545\/\">TANITA RD 545<\/a><\/p>\n<p><strong>Tehni\u010dka podr\u0161ka i izvr\u0161enje jamstva mogu\u0107i su samo za proizvode kupljene u na\u0161oj trgovini.<\/strong><\/p>\n<p>BESPLATNA PO\u0160TARINA<\/p>\n","protected":false},"featured_media":26967,"comment_status":"open","ping_status":"closed","template":"","meta":{"inline_featured_image":false},"product_cat":[405,404],"product_tag":[409,412,414,408,413,406,407,416,417,415],"class_list":["post-26959","product","type-product","status-publish","has-post-thumbnail","hentry","product_cat-tanita-analizatori-sastava-tijela","product_cat-vaga-tanita-osobna-upotreba","product_tag-analizator-sastava-tijela","product_tag-analizator-sastava-tjelesne-mase","product_tag-analizator-tanita","product_tag-analizator-tijela","product_tag-bc-601","product_tag-digitalna-pametna-vaga","product_tag-pametna-vaga","product_tag-tanita-hr","product_tag-tanita-bc-601","product_tag-tanita-vaga"],"acf":[],"yoast_head":"<!-- This site is optimized with the Yoast SEO plugin v19.13 - https:\/\/yoast.com\/wordpress\/plugins\/seo\/ -->\n<title>TANITA BC 601 | Vaga za analizu sastava tjelesne mase - za sve u obitelji<\/title>\n<meta name=\"description\" content=\"Izuzetno sofisticiran analizator s preciznim mjerenjem. Tanita BC-601 za analizu sastava tjelesne mase vrhunske kvalitete. Analizira postotak tjelesne masti\" \/>\n<meta name=\"robots\" content=\"index, follow, max-snippet:-1, max-image-preview:large, max-video-preview:-1\" \/>\n<link rel=\"canonical\" href=\"https:\/\/sen-shop.com\/hr\/collections\/tanita-analizatori-sastava-tijela\/vaga-tanita-osobna-upotreba\/tanita-bc-601\/\" \/>\n<meta property=\"og:locale\" content=\"hr_HR\" \/>\n<meta property=\"og:type\" content=\"article\" \/>\n<meta property=\"og:title\" content=\"TANITA BC 601 | Vaga za analizu sastava tjelesne mase - za sve u obitelji\" \/>\n<meta property=\"og:description\" content=\"Izuzetno sofisticiran analizator s preciznim mjerenjem. Tanita BC-601 za analizu sastava tjelesne mase vrhunske kvalitete. Analizira postotak tjelesne masti\" \/>\n<meta property=\"og:url\" content=\"https:\/\/sen-shop.com\/hr\/collections\/tanita-analizatori-sastava-tijela\/vaga-tanita-osobna-upotreba\/tanita-bc-601\/\" \/>\n<meta property=\"og:site_name\" content=\"SEN Shop\" \/>\n<meta property=\"article:publisher\" content=\"https:\/\/www.facebook.com\/Senshopslovenija\" \/>\n<meta property=\"article:modified_time\" content=\"2021-08-06T09:55:45+00:00\" \/>\n<meta property=\"og:image\" content=\"https:\/\/sen-shop.com\/wp-content\/uploads\/2018\/05\/tanita-601-gold-1.png\" \/>\n\t<meta property=\"og:image:width\" content=\"700\" \/>\n\t<meta property=\"og:image:height\" content=\"700\" \/>\n\t<meta property=\"og:image:type\" content=\"image\/png\" \/>\n<meta name=\"twitter:card\" content=\"summary_large_image\" \/>\n<meta name=\"twitter:label1\" content=\"Est. reading time\" \/>\n\t<meta name=\"twitter:data1\" content=\"2 minutes\" \/>\n<script type=\"application\/ld+json\" class=\"yoast-schema-graph\">{\"@context\":\"https:\/\/schema.org\",\"@graph\":[{\"@type\":\"WebPage\",\"@id\":\"https:\/\/sen-shop.com\/hr\/collections\/tanita-analizatori-sastava-tijela\/vaga-tanita-osobna-upotreba\/tanita-bc-601\/\",\"url\":\"https:\/\/sen-shop.com\/hr\/collections\/tanita-analizatori-sastava-tijela\/vaga-tanita-osobna-upotreba\/tanita-bc-601\/\",\"name\":\"TANITA BC 601 | Vaga za analizu sastava tjelesne mase - za sve u obitelji\",\"isPartOf\":{\"@id\":\"https:\/\/sen-shop.com\/hr\/#website\"},\"datePublished\":\"2018-05-18T08:57:51+00:00\",\"dateModified\":\"2021-08-06T09:55:45+00:00\",\"description\":\"Izuzetno sofisticiran analizator s preciznim mjerenjem. Tanita BC-601 za analizu sastava tjelesne mase vrhunske kvalitete. Analizira postotak tjelesne masti\",\"breadcrumb\":{\"@id\":\"https:\/\/sen-shop.com\/hr\/collections\/tanita-analizatori-sastava-tijela\/vaga-tanita-osobna-upotreba\/tanita-bc-601\/#breadcrumb\"},\"inLanguage\":\"hr-HR\",\"potentialAction\":[{\"@type\":\"ReadAction\",\"target\":[\"https:\/\/sen-shop.com\/hr\/collections\/tanita-analizatori-sastava-tijela\/vaga-tanita-osobna-upotreba\/tanita-bc-601\/\"]}]},{\"@type\":\"BreadcrumbList\",\"@id\":\"https:\/\/sen-shop.com\/hr\/collections\/tanita-analizatori-sastava-tijela\/vaga-tanita-osobna-upotreba\/tanita-bc-601\/#breadcrumb\",\"itemListElement\":[{\"@type\":\"ListItem\",\"position\":1,\"name\":\"Home\",\"item\":\"https:\/\/sen-shop.com\/hr\/\"},{\"@type\":\"ListItem\",\"position\":2,\"name\":\"TANITA BC-601\"}]},{\"@type\":\"WebSite\",\"@id\":\"https:\/\/sen-shop.com\/hr\/#website\",\"url\":\"https:\/\/sen-shop.com\/hr\/\",\"name\":\"SEN Shop\",\"description\":\"Slovensko, Ekolo\u0161ko, Naravno\",\"publisher\":{\"@id\":\"https:\/\/sen-shop.com\/hr\/#organization\"},\"potentialAction\":[{\"@type\":\"SearchAction\",\"target\":{\"@type\":\"EntryPoint\",\"urlTemplate\":\"https:\/\/sen-shop.com\/hr\/?s={search_term_string}\"},\"query-input\":\"required name=search_term_string\"}],\"inLanguage\":\"hr-HR\"},{\"@type\":\"Organization\",\"@id\":\"https:\/\/sen-shop.com\/hr\/#organization\",\"name\":\"Mind trade d.o.o\",\"url\":\"https:\/\/sen-shop.com\/hr\/\",\"logo\":{\"@type\":\"ImageObject\",\"inLanguage\":\"hr-HR\",\"@id\":\"https:\/\/sen-shop.com\/hr\/#\/schema\/logo\/image\/\",\"url\":\"https:\/\/sen-shop.com\/wp-content\/uploads\/2018\/05\/header_logo.png\",\"contentUrl\":\"https:\/\/sen-shop.com\/wp-content\/uploads\/2018\/05\/header_logo.png\",\"width\":138,\"height\":70,\"caption\":\"Mind trade d.o.o\"},\"image\":{\"@id\":\"https:\/\/sen-shop.com\/hr\/#\/schema\/logo\/image\/\"},\"sameAs\":[\"https:\/\/www.instagram.com\/senslovenija\/\",\"https:\/\/www.facebook.com\/Senshopslovenija\"]}]}<\/script>\n<!-- \/ Yoast SEO plugin. -->","yoast_head_json":{"title":"TANITA BC 601 | Vaga za analizu sastava tjelesne mase - za sve u obitelji","description":"Izuzetno sofisticiran analizator s preciznim mjerenjem. Tanita BC-601 za analizu sastava tjelesne mase vrhunske kvalitete. Analizira postotak tjelesne masti","robots":{"index":"index","follow":"follow","max-snippet":"max-snippet:-1","max-image-preview":"max-image-preview:large","max-video-preview":"max-video-preview:-1"},"canonical":"https:\/\/sen-shop.com\/hr\/collections\/tanita-analizatori-sastava-tijela\/vaga-tanita-osobna-upotreba\/tanita-bc-601\/","og_locale":"hr_HR","og_type":"article","og_title":"TANITA BC 601 | Vaga za analizu sastava tjelesne mase - za sve u obitelji","og_description":"Izuzetno sofisticiran analizator s preciznim mjerenjem. Tanita BC-601 za analizu sastava tjelesne mase vrhunske kvalitete. Analizira postotak tjelesne masti","og_url":"https:\/\/sen-shop.com\/hr\/collections\/tanita-analizatori-sastava-tijela\/vaga-tanita-osobna-upotreba\/tanita-bc-601\/","og_site_name":"SEN Shop","article_publisher":"https:\/\/www.facebook.com\/Senshopslovenija","article_modified_time":"2021-08-06T09:55:45+00:00","og_image":[{"width":700,"height":700,"url":"https:\/\/sen-shop.com\/wp-content\/uploads\/2018\/05\/tanita-601-gold-1.png","type":"image\/png"}],"twitter_card":"summary_large_image","twitter_misc":{"Est. reading time":"2 minutes"},"schema":{"@context":"https:\/\/schema.org","@graph":[{"@type":"WebPage","@id":"https:\/\/sen-shop.com\/hr\/collections\/tanita-analizatori-sastava-tijela\/vaga-tanita-osobna-upotreba\/tanita-bc-601\/","url":"https:\/\/sen-shop.com\/hr\/collections\/tanita-analizatori-sastava-tijela\/vaga-tanita-osobna-upotreba\/tanita-bc-601\/","name":"TANITA BC 601 | Vaga za analizu sastava tjelesne mase - za sve u obitelji","isPartOf":{"@id":"https:\/\/sen-shop.com\/hr\/#website"},"datePublished":"2018-05-18T08:57:51+00:00","dateModified":"2021-08-06T09:55:45+00:00","description":"Izuzetno sofisticiran analizator s preciznim mjerenjem. Tanita BC-601 za analizu sastava tjelesne mase vrhunske kvalitete. Analizira postotak tjelesne masti","breadcrumb":{"@id":"https:\/\/sen-shop.com\/hr\/collections\/tanita-analizatori-sastava-tijela\/vaga-tanita-osobna-upotreba\/tanita-bc-601\/#breadcrumb"},"inLanguage":"hr-HR","potentialAction":[{"@type":"ReadAction","target":["https:\/\/sen-shop.com\/hr\/collections\/tanita-analizatori-sastava-tijela\/vaga-tanita-osobna-upotreba\/tanita-bc-601\/"]}]},{"@type":"BreadcrumbList","@id":"https:\/\/sen-shop.com\/hr\/collections\/tanita-analizatori-sastava-tijela\/vaga-tanita-osobna-upotreba\/tanita-bc-601\/#breadcrumb","itemListElement":[{"@type":"ListItem","position":1,"name":"Home","item":"https:\/\/sen-shop.com\/hr\/"},{"@type":"ListItem","position":2,"name":"TANITA BC-601"}]},{"@type":"WebSite","@id":"https:\/\/sen-shop.com\/hr\/#website","url":"https:\/\/sen-shop.com\/hr\/","name":"SEN Shop","description":"Slovensko, Ekolo\u0161ko, Naravno","publisher":{"@id":"https:\/\/sen-shop.com\/hr\/#organization"},"potentialAction":[{"@type":"SearchAction","target":{"@type":"EntryPoint","urlTemplate":"https:\/\/sen-shop.com\/hr\/?s={search_term_string}"},"query-input":"required name=search_term_string"}],"inLanguage":"hr-HR"},{"@type":"Organization","@id":"https:\/\/sen-shop.com\/hr\/#organization","name":"Mind trade d.o.o","url":"https:\/\/sen-shop.com\/hr\/","logo":{"@type":"ImageObject","inLanguage":"hr-HR","@id":"https:\/\/sen-shop.com\/hr\/#\/schema\/logo\/image\/","url":"https:\/\/sen-shop.com\/wp-content\/uploads\/2018\/05\/header_logo.png","contentUrl":"https:\/\/sen-shop.com\/wp-content\/uploads\/2018\/05\/header_logo.png","width":138,"height":70,"caption":"Mind trade d.o.o"},"image":{"@id":"https:\/\/sen-shop.com\/hr\/#\/schema\/logo\/image\/"},"sameAs":["https:\/\/www.instagram.com\/senslovenija\/","https:\/\/www.facebook.com\/Senshopslovenija"]}]}},"_links":{"self":[{"href":"https:\/\/sen-shop.com\/hr\/wp-json\/wp\/v2\/product\/26959","targetHints":{"allow":["GET"]}}],"collection":[{"href":"https:\/\/sen-shop.com\/hr\/wp-json\/wp\/v2\/product"}],"about":[{"href":"https:\/\/sen-shop.com\/hr\/wp-json\/wp\/v2\/types\/product"}],"replies":[{"embeddable":true,"href":"https:\/\/sen-shop.com\/hr\/wp-json\/wp\/v2\/comments?post=26959"}],"wp:featuredmedia":[{"embeddable":true,"href":"https:\/\/sen-shop.com\/hr\/wp-json\/wp\/v2\/media\/26967"}],"wp:attachment":[{"href":"https:\/\/sen-shop.com\/hr\/wp-json\/wp\/v2\/media?parent=26959"}],"wp:term":[{"taxonomy":"product_cat","embeddable":true,"href":"https:\/\/sen-shop.com\/hr\/wp-json\/wp\/v2\/product_cat?post=26959"},{"taxonomy":"product_tag","embeddable":true,"href":"https:\/\/sen-shop.com\/hr\/wp-json\/wp\/v2\/product_tag?post=26959"}],"curies":[{"name":"wp","href":"https:\/\/api.w.org\/{rel}","templated":true}]}}