{"id":26955,"date":"2021-03-31T15:39:35","date_gmt":"2021-03-31T13:39:35","guid":{"rendered":"https:\/\/www.sen-shop.com\/collections\/uncategorized\/sikavica-silimarin-articoka-kurkuma-piperin-60-1\/"},"modified":"2022-03-18T11:15:30","modified_gmt":"2022-03-18T10:15:30","slug":"sikavica-silimarin-kurkumin-60","status":"publish","type":"product","link":"https:\/\/sen-shop.com\/hr\/collections\/prehrambeni-dodaci\/problemi-s-probavom\/sikavica-silimarin-kurkumin-60\/","title":{"rendered":"Sikavica (silimarin), kurkumin 60"},"content":{"rendered":"<p>[vc_row][vc_column][vc_single_image image=&#8221;31891&#8243; alignment=&#8221;center&#8221; css_animation=&#8221;bounceInLeft&#8221;][\/vc_column][\/vc_row][vc_row][vc_column][vc_column_text css=&#8221;.vc_custom_1641983959282{padding-top: 30px !important;padding-right: 30px !important;padding-bottom: 30px !important;padding-left: 30px !important;background-color: #c9db95 !important;}&#8221;]<strong>Sikavica (silimarin)<\/strong> najpoznatije je po svom aktivnom sastojku silimarinu, sna\u017enom <strong>antioksidansu koji \u0161titi jetru od toksina iz okoli\u0161a<\/strong> i poma\u017ee joj u <strong>regeneraciji.<\/strong> Znanstveno je dokazano da silimarin poti\u010de sintezu proteina u stanicama jetre, a time i stvaranje novih, \u0161to omogu\u0107uje<strong> br\u017eu regeneraciju nakon o\u0161te\u0107enja jetre. <\/strong>Preporu\u010duje se posebno kod akutne ili kroni\u010dne upale jetre te kao <strong>pomo\u0107 kod masne jetre, alkoholne bolesti jetre pa \u010dak i ciroze. <\/strong>\u0160titi jetru od prodiranja odre\u0111enih otrovnih tvari u stanice jetre jer se vrlo dobro ve\u017ee na receptore u jetri, \u010dime se smanjuje mogu\u0107nost da se na njih ve\u017eu toksi\u010dne tvari.<\/p>\n<p>Brojna istra\u017eivanja navode da <strong>silimarin mo\u017ee smanjiti rast odre\u0111enih stanica raka,<\/strong> posebice kod <strong>raka prostate.<\/strong> Pozitivno djeluje i na imunolo\u0161ki sustav pa se stoga preporu\u010duje za lije\u010denje raznih zaraznih bolesti. <strong>Sikavica (silimarin) \u0161titi jetru<\/strong> i poma\u017ee kod raznih problema koji nastaju zbog zakr\u010denosti jetre. O\u0161te\u0107enja jetre nastaju kao posljedica raznih lije\u010denja, o\u0161te\u0107enja zbog prekomjerne uporabe lijekova, otrovnih tvari, alkohola i sl. U kombinaciji s arti\u010dokom i lavandom tako\u0111er pozitivno utje\u010de na probavu te poma\u017ee u razgradnji masti. <a href=\"https:\/\/sen-shop.com\/wp-content\/uploads\/2021\/03\/razstrupite-pegasti-badelj-46.png\"><img loading=\"lazy\" decoding=\"async\" class=\" wp-image-48726 alignright\" src=\"https:\/\/sen-shop.com\/wp-content\/uploads\/2021\/03\/razstrupite-pegasti-badelj-46-300x300.png\" alt=\"\" width=\"335\" height=\"335\" srcset=\"https:\/\/sen-shop.com\/wp-content\/uploads\/2021\/03\/razstrupite-pegasti-badelj-46-300x300.png 300w, https:\/\/sen-shop.com\/wp-content\/uploads\/2021\/03\/razstrupite-pegasti-badelj-46-427x427.png 427w, https:\/\/sen-shop.com\/wp-content\/uploads\/2021\/03\/razstrupite-pegasti-badelj-46-100x100.png 100w, https:\/\/sen-shop.com\/wp-content\/uploads\/2021\/03\/razstrupite-pegasti-badelj-46-570x570.png 570w, https:\/\/sen-shop.com\/wp-content\/uploads\/2021\/03\/razstrupite-pegasti-badelj-46-1024x1024.png 1024w, https:\/\/sen-shop.com\/wp-content\/uploads\/2021\/03\/razstrupite-pegasti-badelj-46-768x768.png 768w, https:\/\/sen-shop.com\/wp-content\/uploads\/2021\/03\/razstrupite-pegasti-badelj-46-575x575.png 575w, https:\/\/sen-shop.com\/wp-content\/uploads\/2021\/03\/razstrupite-pegasti-badelj-46-50x50.png 50w, https:\/\/sen-shop.com\/wp-content\/uploads\/2021\/03\/razstrupite-pegasti-badelj-46-60x60.png 60w, https:\/\/sen-shop.com\/wp-content\/uploads\/2021\/03\/razstrupite-pegasti-badelj-46.png 1080w\" sizes=\"auto, (max-width: 335px) 100vw, 335px\" \/><\/a><\/p>\n<p><strong>Arti\u010doka<\/strong> svojim aktivnim sastojcima dokazano poma\u017ee kod probavnih smetnji uzrokovanih prekomjernom konzumacijom nekvalitetne ili previ\u0161e masne hrane. Sadr\u017ei antioksidante i aktivne tvari; grelin, <strong>cinarin<\/strong> koji <strong>podr\u017eava prirodne probavne procese,<\/strong> normalno funkcioniranje jetre i \u017eu\u010di. Tako\u0111er je bogata vitaminima (karoteni, vitamini B, vitamin C), kao i \u017eeljezom i magnezijem.<\/p>\n<p>Ekstrakt arti\u010doke, kada se uzima u dovoljnim dozama, dovodi do poja\u010danog lu\u010denja, \u0161to uvjetuje njenu u\u010dinkovitost kod probavnih poreme\u0107aja koji mogu biti posljedica smanjene proizvodnje probavnih sokova (uklju\u010duju\u0107i \u017eu\u010d). Budu\u0107i da djelatne tvari arti\u010doke tako\u0111er utje\u010du na poja\u010dano lu\u010denje \u017eu\u010di, preporu\u010duje se kori\u0161tenje posebice kod poreme\u0107aja metabolizma masti.<\/p>\n<p><strong>Lavanda<\/strong> je blagi sedativ za uznemirenost, iscrpljenost \u017eivaca, poreme\u0107aje spavanja i lije\u010di probavne smetnje \u017eiv\u010danog porijekla. U narodnoj medicini lavanda poti\u010de apetit, <strong>regulira probavu, izbacuje \u017eu\u010d, ubla\u017eava gr\u010deve u trbuhu,<\/strong> ubla\u017eava flatulenciju i poma\u017ee kod nadutosti.<\/p>\n<p><strong>Kurkumin,<\/strong> koji se nalazi u kurkumi, aktivna je tvar za koju je poznato da <strong>poti\u010de jetru i \u017eu\u010dni mjehur na izlu\u010divanje \u017eu\u010di, bilirubina i kolesterola.<\/strong> Tijekom godina, ljudsko izlu\u010divanje tih tvari se smanjuje, \u0161to zauzvrat smanjuje apsorpciju hranjivih tvari topljivih u mastima. Kurkumin tako\u0111er <strong>\u0161titi jetru od toksina<\/strong> i kemikalija, <strong>u\u010dinkovit je u lije\u010denju virusnih hepatitisa,<\/strong> te pobolj\u0161ava lu\u010denje za\u0161titnih tvari u \u017eelucu koje \u0161tite \u017eelu\u010danu stijenku.<\/p>\n<p>Trenutna istra\u017eivanja pokazuju da <strong>kurkuma<\/strong> (koja je sna\u017ean antioksidant) <strong>\u0161titi crijeva od oslobo\u0111enih radikala koji o\u0161te\u0107uju DNK stanice.<\/strong> Kurkumin je taj koji zaustavlja te modificirane stanice i uni\u0161tava ih, sprje\u010davaju\u0107i njihovo \u0161irenje po tijelu.<\/p>\n<p><strong>Kurkuma<\/strong> je tako\u0111er popularna kod \u017eena koje \u017eele<strong> izgubiti nekoliko kilograma<\/strong> jer <strong>poma\u017ee tijelu u razgradnji ugljikohidrata i masti.<\/strong> Njegov umiruju\u0107i u\u010dinak tako\u0111er ga \u010dini vrlo u\u010dinkovitim u lije\u010denju \u017eelu\u010danih tegoba, jer sprje\u010dava nastanak hilusa.<\/p>\n<p>Ako se kurkuma konzumira samostalno, bioraspolo\u017eivost kurkumina nije najbolja, a posljedi\u010dno su i pozitivni u\u010dinci manje izra\u017eeni. Sre\u0107om, postoji prili\u010dno jednostavno rje\u0161enje za ovaj problem &#8211; kombiniranje kurkume s crnim paprom &#8211; piperinom.<\/p>\n<p><strong>Piperin<\/strong> je alkaloid koji se nalazi u crnom papru koji poma\u017ee kod glavobolje, usporene probave i <strong>ima protuupalno djelovanje.<\/strong> Ima va\u017enu ulogu u apsorpciji kurkumina. Zapravo, smatra se da piperin <strong>pobolj\u0161ava apsorpciju kurkumina za \u010dak 2000%,<\/strong> \u0161to su potvrdila i znanstvena istra\u017eivanja.[\/vc_column_text][vc_column_text css=&#8221;.vc_custom_1625562341160{padding-top: 30px !important;padding-right: 30px !important;padding-bottom: 30px !important;padding-left: 30px !important;background-color: #ededed !important;}&#8221;]<br \/>\n\ud83d\udc49 Za najbolje rezultate, kapsule sadr\u017ee to\u010dnu preporu\u010denu koli\u010dinu od pet aktivnih sastojaka.<\/p>\n<p>\ud83d\udc49 Uzeti jednu kapsulu dnevno. Jedna bo\u010dica traje 2 mjeseca.<\/p>\n<p>\ud83d\udc49 Za bolji u\u010dinak uzimati kapsule 4 mjeseca<\/p>\n<p>\ud83d\udc49 Pobolj\u0161anja se primje\u0107uju ve\u0107 nakon 2 tjedna[\/vc_column_text][\/vc_column][\/vc_row][vc_row][vc_column][vc_column_text css=&#8221;.vc_custom_1631535686516{background-color: #ffffff !important;}&#8221;]<br \/>\n<strong>Detoksikacija zna\u010di pro\u010di\u0161\u0107avanje krvi.<\/strong> Ovu funkciju obavlja na\u0161a jetra uklanjanjem ne\u010disto\u0107a iz krvi, gdje se ti toksini zatim obra\u0111uju za izlu\u010divanje. Tijelo tako\u0111er <strong>eliminira toksine kroz bubrege, crijeva, plu\u0107a, limfni sustav i ko\u017eu,<\/strong> ali kada su ti sustavi preoptere\u0107eni, ne\u010disto\u0107e se po\u010dinju nepravilno filtrirati. Sakupljaju se u razli\u010ditim dijelovima tijela, \u0161to postupno po\u010dinje negativno utjecati na funkcioniranje samog tijela. <strong>Stoga je \u010di\u0161\u0107enje jetre iznimno va\u017eno za na\u0161 organizam i na\u0161e zdravlje.<\/strong><\/p>\n<p><strong>Silimarin<\/strong> iz sikavice stabilizira membranu jetrenih stanica i <strong>sprje\u010dava ulazak otrovnih tvari u stanicu.<\/strong> Silimarin je slabo topiv u vodi pa je najbolje konzumirati kapsule koje sadr\u017ee ekstrakt ploda sikavice. Manje su u\u010dinkoviti pripravci \u010daja od sikavice (silimarin).[\/vc_column_text][\/vc_column][\/vc_row]<\/p>\n","protected":false},"excerpt":{"rendered":"<p>Mje\u0161avina vrhunskih biljnih sastojaka: sikavice (silimarin), kurkume (kurkumin), arti\u010doke, piperina i lavande dokazano je <strong>sna\u017ean prirodni lijek<\/strong> za <strong>potporu funkcije va\u0161e jetre.<\/strong> Kombinirani sastojci <strong>pozitivno utje\u010du na probavu<\/strong> te poma\u017eu u razgradnji i <strong>br\u017eem probavljanju masti i alkohola.<\/strong><\/p>\n<ul>\n<li>podr\u017eava detoksikaciju tijela<\/li>\n<li>pobolj\u0161ava probavljanje masti i alkohola<\/li>\n<li>pro\u010di\u0161\u0107uje jetru<\/li>\n<li>podr\u017eava funkciju jetre<\/li>\n<li>smanjuje i skra\u0107uje mamurluk zbog alkohola<\/li>\n<\/ul>\n<p>Tako\u0111er se <strong>preporu\u010duje <\/strong>svim <strong>pu\u0161a\u010dima <\/strong>koji \u017eele detoksicirati svoje tijelo.<\/p>\n[banner_prehrana]\n","protected":false},"featured_media":27625,"comment_status":"open","ping_status":"closed","template":"","meta":{"inline_featured_image":false},"product_cat":[401,402,403,400],"product_tag":[800],"class_list":["post-26955","product","type-product","status-publish","has-post-thumbnail","hentry","product_cat-detoksikacija","product_cat-mrsavljenje","product_cat-prehrambeni-dodaci","product_cat-problemi-s-probavom","product_tag-bolecine-v-zelodcu-hr"],"acf":[],"yoast_head":"<!-- This site is optimized with the Yoast SEO plugin v19.13 - https:\/\/yoast.com\/wordpress\/plugins\/seo\/ -->\n<title>Sikavica (silimarin), kurkumin 60 - SEN Shop<\/title>\n<meta name=\"robots\" content=\"index, follow, max-snippet:-1, max-image-preview:large, max-video-preview:-1\" \/>\n<link rel=\"canonical\" href=\"https:\/\/sen-shop.com\/hr\/collections\/prehrambeni-dodaci\/problemi-s-probavom\/sikavica-silimarin-kurkumin-60\/\" \/>\n<meta property=\"og:locale\" content=\"hr_HR\" \/>\n<meta property=\"og:type\" content=\"article\" \/>\n<meta property=\"og:title\" content=\"Sikavica (silimarin), kurkumin 60 - SEN Shop\" \/>\n<meta property=\"og:description\" content=\"Mje\u0161avina vrhunskih biljnih sastojaka: sikavice (silimarin), kurkume (kurkumin), arti\u010doke, piperina i lavande dokazano je sna\u017ean prirodni lijek za potporu funkcije va\u0161e jetre. Kombinirani sastojci pozitivno utje\u010du na probavu te poma\u017eu u razgradnji i br\u017eem probavljanju masti i alkohola.   podr\u017eava detoksikaciju tijela  pobolj\u0161ava probavljanje masti i alkohola  pro\u010di\u0161\u0107uje jetru  podr\u017eava funkciju jetre  smanjuje i skra\u0107uje mamurluk zbog alkohola  Tako\u0111er se preporu\u010duje svim pu\u0161a\u010dima koji \u017eele detoksicirati svoje tijelo.\" \/>\n<meta property=\"og:url\" content=\"https:\/\/sen-shop.com\/hr\/collections\/prehrambeni-dodaci\/problemi-s-probavom\/sikavica-silimarin-kurkumin-60\/\" \/>\n<meta property=\"og:site_name\" content=\"SEN Shop\" \/>\n<meta property=\"article:publisher\" content=\"https:\/\/www.facebook.com\/Senshopslovenija\" \/>\n<meta property=\"article:modified_time\" content=\"2022-03-18T10:15:30+00:00\" \/>\n<meta property=\"og:image\" content=\"https:\/\/sen-shop.com\/wp-content\/uploads\/2021\/04\/Pegasti-badelj-60.jpg\" \/>\n\t<meta property=\"og:image:width\" content=\"1000\" \/>\n\t<meta property=\"og:image:height\" content=\"1000\" \/>\n\t<meta property=\"og:image:type\" content=\"image\/jpeg\" \/>\n<meta name=\"twitter:card\" content=\"summary_large_image\" \/>\n<meta name=\"twitter:label1\" content=\"Est. reading time\" \/>\n\t<meta name=\"twitter:data1\" content=\"5 minutes\" \/>\n<script type=\"application\/ld+json\" class=\"yoast-schema-graph\">{\"@context\":\"https:\/\/schema.org\",\"@graph\":[{\"@type\":\"WebPage\",\"@id\":\"https:\/\/sen-shop.com\/hr\/collections\/prehrambeni-dodaci\/problemi-s-probavom\/sikavica-silimarin-kurkumin-60\/\",\"url\":\"https:\/\/sen-shop.com\/hr\/collections\/prehrambeni-dodaci\/problemi-s-probavom\/sikavica-silimarin-kurkumin-60\/\",\"name\":\"Sikavica (silimarin), kurkumin 60 - SEN Shop\",\"isPartOf\":{\"@id\":\"https:\/\/sen-shop.com\/hr\/#website\"},\"datePublished\":\"2021-03-31T13:39:35+00:00\",\"dateModified\":\"2022-03-18T10:15:30+00:00\",\"breadcrumb\":{\"@id\":\"https:\/\/sen-shop.com\/hr\/collections\/prehrambeni-dodaci\/problemi-s-probavom\/sikavica-silimarin-kurkumin-60\/#breadcrumb\"},\"inLanguage\":\"hr-HR\",\"potentialAction\":[{\"@type\":\"ReadAction\",\"target\":[\"https:\/\/sen-shop.com\/hr\/collections\/prehrambeni-dodaci\/problemi-s-probavom\/sikavica-silimarin-kurkumin-60\/\"]}]},{\"@type\":\"BreadcrumbList\",\"@id\":\"https:\/\/sen-shop.com\/hr\/collections\/prehrambeni-dodaci\/problemi-s-probavom\/sikavica-silimarin-kurkumin-60\/#breadcrumb\",\"itemListElement\":[{\"@type\":\"ListItem\",\"position\":1,\"name\":\"Home\",\"item\":\"https:\/\/sen-shop.com\/hr\/\"},{\"@type\":\"ListItem\",\"position\":2,\"name\":\"Sikavica (silimarin), kurkumin 60\"}]},{\"@type\":\"WebSite\",\"@id\":\"https:\/\/sen-shop.com\/hr\/#website\",\"url\":\"https:\/\/sen-shop.com\/hr\/\",\"name\":\"SEN Shop\",\"description\":\"Slovensko, Ekolo\u0161ko, Naravno\",\"publisher\":{\"@id\":\"https:\/\/sen-shop.com\/hr\/#organization\"},\"potentialAction\":[{\"@type\":\"SearchAction\",\"target\":{\"@type\":\"EntryPoint\",\"urlTemplate\":\"https:\/\/sen-shop.com\/hr\/?s={search_term_string}\"},\"query-input\":\"required name=search_term_string\"}],\"inLanguage\":\"hr-HR\"},{\"@type\":\"Organization\",\"@id\":\"https:\/\/sen-shop.com\/hr\/#organization\",\"name\":\"Mind trade d.o.o\",\"url\":\"https:\/\/sen-shop.com\/hr\/\",\"logo\":{\"@type\":\"ImageObject\",\"inLanguage\":\"hr-HR\",\"@id\":\"https:\/\/sen-shop.com\/hr\/#\/schema\/logo\/image\/\",\"url\":\"https:\/\/sen-shop.com\/wp-content\/uploads\/2018\/05\/header_logo.png\",\"contentUrl\":\"https:\/\/sen-shop.com\/wp-content\/uploads\/2018\/05\/header_logo.png\",\"width\":138,\"height\":70,\"caption\":\"Mind trade d.o.o\"},\"image\":{\"@id\":\"https:\/\/sen-shop.com\/hr\/#\/schema\/logo\/image\/\"},\"sameAs\":[\"https:\/\/www.instagram.com\/senslovenija\/\",\"https:\/\/www.facebook.com\/Senshopslovenija\"]}]}<\/script>\n<!-- \/ Yoast SEO plugin. -->","yoast_head_json":{"title":"Sikavica (silimarin), kurkumin 60 - SEN Shop","robots":{"index":"index","follow":"follow","max-snippet":"max-snippet:-1","max-image-preview":"max-image-preview:large","max-video-preview":"max-video-preview:-1"},"canonical":"https:\/\/sen-shop.com\/hr\/collections\/prehrambeni-dodaci\/problemi-s-probavom\/sikavica-silimarin-kurkumin-60\/","og_locale":"hr_HR","og_type":"article","og_title":"Sikavica (silimarin), kurkumin 60 - SEN Shop","og_description":"Mje\u0161avina vrhunskih biljnih sastojaka: sikavice (silimarin), kurkume (kurkumin), arti\u010doke, piperina i lavande dokazano je sna\u017ean prirodni lijek za potporu funkcije va\u0161e jetre. Kombinirani sastojci pozitivno utje\u010du na probavu te poma\u017eu u razgradnji i br\u017eem probavljanju masti i alkohola.   podr\u017eava detoksikaciju tijela  pobolj\u0161ava probavljanje masti i alkohola  pro\u010di\u0161\u0107uje jetru  podr\u017eava funkciju jetre  smanjuje i skra\u0107uje mamurluk zbog alkohola  Tako\u0111er se preporu\u010duje svim pu\u0161a\u010dima koji \u017eele detoksicirati svoje tijelo.","og_url":"https:\/\/sen-shop.com\/hr\/collections\/prehrambeni-dodaci\/problemi-s-probavom\/sikavica-silimarin-kurkumin-60\/","og_site_name":"SEN Shop","article_publisher":"https:\/\/www.facebook.com\/Senshopslovenija","article_modified_time":"2022-03-18T10:15:30+00:00","og_image":[{"width":1000,"height":1000,"url":"https:\/\/sen-shop.com\/wp-content\/uploads\/2021\/04\/Pegasti-badelj-60.jpg","type":"image\/jpeg"}],"twitter_card":"summary_large_image","twitter_misc":{"Est. reading time":"5 minutes"},"schema":{"@context":"https:\/\/schema.org","@graph":[{"@type":"WebPage","@id":"https:\/\/sen-shop.com\/hr\/collections\/prehrambeni-dodaci\/problemi-s-probavom\/sikavica-silimarin-kurkumin-60\/","url":"https:\/\/sen-shop.com\/hr\/collections\/prehrambeni-dodaci\/problemi-s-probavom\/sikavica-silimarin-kurkumin-60\/","name":"Sikavica (silimarin), kurkumin 60 - SEN Shop","isPartOf":{"@id":"https:\/\/sen-shop.com\/hr\/#website"},"datePublished":"2021-03-31T13:39:35+00:00","dateModified":"2022-03-18T10:15:30+00:00","breadcrumb":{"@id":"https:\/\/sen-shop.com\/hr\/collections\/prehrambeni-dodaci\/problemi-s-probavom\/sikavica-silimarin-kurkumin-60\/#breadcrumb"},"inLanguage":"hr-HR","potentialAction":[{"@type":"ReadAction","target":["https:\/\/sen-shop.com\/hr\/collections\/prehrambeni-dodaci\/problemi-s-probavom\/sikavica-silimarin-kurkumin-60\/"]}]},{"@type":"BreadcrumbList","@id":"https:\/\/sen-shop.com\/hr\/collections\/prehrambeni-dodaci\/problemi-s-probavom\/sikavica-silimarin-kurkumin-60\/#breadcrumb","itemListElement":[{"@type":"ListItem","position":1,"name":"Home","item":"https:\/\/sen-shop.com\/hr\/"},{"@type":"ListItem","position":2,"name":"Sikavica (silimarin), kurkumin 60"}]},{"@type":"WebSite","@id":"https:\/\/sen-shop.com\/hr\/#website","url":"https:\/\/sen-shop.com\/hr\/","name":"SEN Shop","description":"Slovensko, Ekolo\u0161ko, Naravno","publisher":{"@id":"https:\/\/sen-shop.com\/hr\/#organization"},"potentialAction":[{"@type":"SearchAction","target":{"@type":"EntryPoint","urlTemplate":"https:\/\/sen-shop.com\/hr\/?s={search_term_string}"},"query-input":"required name=search_term_string"}],"inLanguage":"hr-HR"},{"@type":"Organization","@id":"https:\/\/sen-shop.com\/hr\/#organization","name":"Mind trade d.o.o","url":"https:\/\/sen-shop.com\/hr\/","logo":{"@type":"ImageObject","inLanguage":"hr-HR","@id":"https:\/\/sen-shop.com\/hr\/#\/schema\/logo\/image\/","url":"https:\/\/sen-shop.com\/wp-content\/uploads\/2018\/05\/header_logo.png","contentUrl":"https:\/\/sen-shop.com\/wp-content\/uploads\/2018\/05\/header_logo.png","width":138,"height":70,"caption":"Mind trade d.o.o"},"image":{"@id":"https:\/\/sen-shop.com\/hr\/#\/schema\/logo\/image\/"},"sameAs":["https:\/\/www.instagram.com\/senslovenija\/","https:\/\/www.facebook.com\/Senshopslovenija"]}]}},"_links":{"self":[{"href":"https:\/\/sen-shop.com\/hr\/wp-json\/wp\/v2\/product\/26955","targetHints":{"allow":["GET"]}}],"collection":[{"href":"https:\/\/sen-shop.com\/hr\/wp-json\/wp\/v2\/product"}],"about":[{"href":"https:\/\/sen-shop.com\/hr\/wp-json\/wp\/v2\/types\/product"}],"replies":[{"embeddable":true,"href":"https:\/\/sen-shop.com\/hr\/wp-json\/wp\/v2\/comments?post=26955"}],"wp:featuredmedia":[{"embeddable":true,"href":"https:\/\/sen-shop.com\/hr\/wp-json\/wp\/v2\/media\/27625"}],"wp:attachment":[{"href":"https:\/\/sen-shop.com\/hr\/wp-json\/wp\/v2\/media?parent=26955"}],"wp:term":[{"taxonomy":"product_cat","embeddable":true,"href":"https:\/\/sen-shop.com\/hr\/wp-json\/wp\/v2\/product_cat?post=26955"},{"taxonomy":"product_tag","embeddable":true,"href":"https:\/\/sen-shop.com\/hr\/wp-json\/wp\/v2\/product_tag?post=26955"}],"curies":[{"name":"wp","href":"https:\/\/api.w.org\/{rel}","templated":true}]}}