{"id":26946,"date":"2017-05-21T12:14:17","date_gmt":"2017-05-21T10:14:17","guid":{"rendered":"https:\/\/www.sen-shop.com\/collections\/uncategorized\/zemagel-masazni-gel-ramena-bokovi\/"},"modified":"2022-11-01T23:00:57","modified_gmt":"2022-11-01T22:00:57","slug":"zemagel-masazni-gel","status":"publish","type":"product","link":"https:\/\/sen-shop.com\/hr\/collections\/osobna-njega-cat\/zglobovi-i-misici\/zemagel-masazni-gel\/","title":{"rendered":"Zemagel masa\u017eni gel"},"content":{"rendered":"<p>[vc_row][vc_column][vc_single_image image=&#8221;24251&#8243; alignment=&#8221;center&#8221; onclick=&#8221;custom_link&#8221; css_animation=&#8221;bounceInDown&#8221; link=&#8221;https:%2F%2Fsen-shop.com%2Fcollections%2Fdarilni-paketi%2Fdarilo-za-babico%2F|&#8221;][vc_column_text css=&#8221;.vc_custom_1645189571450{padding-top: 30px !important;padding-right: 30px !important;padding-bottom: 30px !important;padding-left: 30px !important;background-color: #c9db95 !important;}&#8221;]<strong>Bor<\/strong> ima blagotvoran u\u010dinak jer osvje\u017eava, osna\u017euje, \u010disti ko\u017eu, blagi je <strong>dezinficijens di\u0161nih puteva<\/strong> i <strong>izvrstan je antireumatik.<\/strong><\/p>\n<p>Esencija <strong>borovice<\/strong> poma\u017ee kod poticanja cirkulacije krvi, kod ote\u010denih nogu, gle\u017enjeva te ubla\u017eava reumatske bolove.<\/p>\n<p>Eteri\u010dno ulje <strong>eukaliptusa<\/strong> poznato je po izrazitom sedativnom, <strong>antibakterijskom i dezinfekcijskom djelovanju.<\/strong> Poma\u017ee u ubla\u017eavanju i sprje\u010davanju upala di\u0161nih organa, mokra\u0107nog sustava i ko\u017ee. Odbija insekte te ugodno osvje\u017eava i ja\u010da organizam. <a href=\"https:\/\/sen-shop.com\/wp-content\/uploads\/2017\/05\/Izdelek-brez-naslova-2022-02-18T140320.301.png\"><img loading=\"lazy\" decoding=\"async\" class=\" wp-image-53281 alignright\" src=\"https:\/\/sen-shop.com\/wp-content\/uploads\/2017\/05\/Izdelek-brez-naslova-2022-02-18T140320.301-300x300.png\" alt=\"\" width=\"334\" height=\"334\" srcset=\"https:\/\/sen-shop.com\/wp-content\/uploads\/2017\/05\/Izdelek-brez-naslova-2022-02-18T140320.301-300x300.png 300w, https:\/\/sen-shop.com\/wp-content\/uploads\/2017\/05\/Izdelek-brez-naslova-2022-02-18T140320.301-768x768.png 768w, https:\/\/sen-shop.com\/wp-content\/uploads\/2017\/05\/Izdelek-brez-naslova-2022-02-18T140320.301-575x575.png 575w, https:\/\/sen-shop.com\/wp-content\/uploads\/2017\/05\/Izdelek-brez-naslova-2022-02-18T140320.301-50x50.png 50w, https:\/\/sen-shop.com\/wp-content\/uploads\/2017\/05\/Izdelek-brez-naslova-2022-02-18T140320.301-60x60.png 60w, https:\/\/sen-shop.com\/wp-content\/uploads\/2017\/05\/Izdelek-brez-naslova-2022-02-18T140320.301-427x427.png 427w, https:\/\/sen-shop.com\/wp-content\/uploads\/2017\/05\/Izdelek-brez-naslova-2022-02-18T140320.301-570x570.png 570w, https:\/\/sen-shop.com\/wp-content\/uploads\/2017\/05\/Izdelek-brez-naslova-2022-02-18T140320.301-100x100.png 100w, https:\/\/sen-shop.com\/wp-content\/uploads\/2017\/05\/Izdelek-brez-naslova-2022-02-18T140320.301.png 1020w\" sizes=\"auto, (max-width: 334px) 100vw, 334px\" \/><\/a><\/p>\n<p>Eteri\u010dno ulje <strong>timijana ima antibakterijski u\u010dinak, sprje\u010dava virusne infekcije<\/strong> i poma\u017ee u lije\u010denju <strong>gljivi\u010dnih bolesti. <\/strong>Obi\u010dno se koristi za opu\u0161tanje di\u0161nih puteva kod prehlada i ka\u0161lja te za lije\u010denje crijevnih upala.<\/p>\n<p>Eteri\u010dno ulje <strong>\u010dajevca<\/strong> je biljka s iznimnim <strong>antisepti\u010dkim<\/strong> i <strong>antibakterijskim svojstvima.<\/strong><\/p>\n<p><strong>Mentol<\/strong> djeluje rashla\u0111uju\u0107e i okrepljuju\u0107e na ko\u017eu.<\/p>\n<p><strong>Kamfor<\/strong> ima jak, aromati\u010dan i prodoran miris, a koristi se i kao dio raznih umiruju\u0107ih masti i preparata za <strong>ubla\u017eavanje respiratornih problema.<\/strong>[\/vc_column_text][\/vc_column][\/vc_row][vc_row][vc_column][vc_column_text css=&#8221;.vc_custom_1624881649354{padding-top: 30px !important;padding-right: 30px !important;padding-bottom: 30px !important;padding-left: 30px !important;background-color: #ededed !important;}&#8221;]<br \/>\n\ud83d\udc49 U slu\u010daju nelagode, napetosti ili hladno\u0107e utrljajte Zemagel na sljepoo\u010dnice i prsa a kod bolova u ekstremitetima utrljajte izravno na problemati\u010dno podru\u010dje.<\/p>\n<p>\ud83d\udc49 U slu\u010daju uboda insekta nanesite Zemagel na zahva\u0107eno podru\u010dje. Odmah \u0107e ubla\u017eiti osje\u0107aj svrbe\u017ea ili peckanja.<\/p>\n<p>\ud83d\udc49 Za opu\u0161taju\u0107u masa\u017eu koristite malu koli\u010dinu Zemagela. Zbog svoje jedinstvene formule ne masti ko\u017eu i odje\u0107u.[\/vc_column_text][\/vc_column][\/vc_row][vc_row][vc_column][vc_column_text]<strong>Problemi sa zglobovima, bolovi u kukovima ili ramenima<\/strong> \u010desto se javljaju zbog preoptere\u0107enja, naslije\u0111a, na\u010dina \u017eivota ili zbog bolesti. Zemagel blagotvorno djeluje na bolna podru\u010dja. Tako\u0111er se <strong>preporu\u010duje za njegu hladnih i slabo prokrvljenih ekstremiteta.<\/strong> Ako \u010desto imate bolove u kuku ili ramenu, dodatno si mo\u017eete pomo\u0107i rashla\u0111ivanjem zahva\u0107enih dijelova ledom.<\/p>\n<p>Posljedice stresnog \u017eivota \u010desto se prikazuju kao lo\u0161 osje\u0107aj (nemir) i mnogi drugi zdravstveni problemi. Zemagel sa svojim prirodnim eteri\u010dnim uljima i ekstraktima \u0107e vam pomo\u0107i da pobolj\u0161ate svoju dobrobit.<br \/>\nAko \u010desto nailazite na <strong>nelagodu,<\/strong> u\u010dinak hla\u0111enja na zahva\u0107enim dijelovima <strong>pomo\u0107i \u0107e vam da se opustite i osje\u0107ate bolje.<\/strong> Ako patite od zimskih prehlada i <strong>dugotrajnog ka\u0161lja,<\/strong> utrljajte Zemagel na prsa. Kod <strong>glavobolje<\/strong> nanesite Zemagel na podru\u010dje glave gdje osje\u0107ate najja\u010de bolove.<\/p>\n<p><strong>Zemagel odbija insekte<\/strong> na prirodan na\u010din kombinacijom eteri\u010dnih ulja. Brzo isparava na ko\u017ei i <strong>stvara miris koji odbija komarce, <\/strong>krpelje i druge insekte. <strong>Zbog rashla\u0111uju\u0107eg u\u010dinka<\/strong> preporu\u010duje se i kao <strong>neposredna pomo\u0107 protiv uboda kukaca<\/strong> i mrava. Pogodan je i za <strong>opekline<\/strong> od meduza i <strong>opekline od sunca.<\/strong>[\/vc_column_text][\/vc_column][\/vc_row]<\/p>\n","protected":false},"excerpt":{"rendered":"<p>100% prirodni biljni gel za masiranje od eteri\u010dnih ulja i ekstrakata, ima \u0161irok spektar zdravstvenih pogodnosti, <strong>koji poma\u017eu u ubla\u017eavanju <\/strong>mnogih zdravstvenih problema, kao \u0161to su: bol u zglobovima i <strong>le\u0111ima, prehlada, ka\u0161alj, nelagoda, stres, ugrizi insekata, opekline meduze\u2026 <a href=\"https:\/\/sen-shop.com\/wp-content\/uploads\/2017\/05\/Izdelek-brez-naslova-2022-02-18T141125.716.png\"><img loading=\"lazy\" decoding=\"async\" class=\" wp-image-53290 alignright\" src=\"https:\/\/sen-shop.com\/wp-content\/uploads\/2017\/05\/Izdelek-brez-naslova-2022-02-18T141125.716-300x300.png\" alt=\"\" width=\"187\" height=\"187\" srcset=\"https:\/\/sen-shop.com\/wp-content\/uploads\/2017\/05\/Izdelek-brez-naslova-2022-02-18T141125.716-300x300.png 300w, https:\/\/sen-shop.com\/wp-content\/uploads\/2017\/05\/Izdelek-brez-naslova-2022-02-18T141125.716-768x768.png 768w, https:\/\/sen-shop.com\/wp-content\/uploads\/2017\/05\/Izdelek-brez-naslova-2022-02-18T141125.716-575x575.png 575w, https:\/\/sen-shop.com\/wp-content\/uploads\/2017\/05\/Izdelek-brez-naslova-2022-02-18T141125.716-50x50.png 50w, https:\/\/sen-shop.com\/wp-content\/uploads\/2017\/05\/Izdelek-brez-naslova-2022-02-18T141125.716-60x60.png 60w, https:\/\/sen-shop.com\/wp-content\/uploads\/2017\/05\/Izdelek-brez-naslova-2022-02-18T141125.716-427x427.png 427w, https:\/\/sen-shop.com\/wp-content\/uploads\/2017\/05\/Izdelek-brez-naslova-2022-02-18T141125.716-570x570.png 570w, https:\/\/sen-shop.com\/wp-content\/uploads\/2017\/05\/Izdelek-brez-naslova-2022-02-18T141125.716-100x100.png 100w, https:\/\/sen-shop.com\/wp-content\/uploads\/2017\/05\/Izdelek-brez-naslova-2022-02-18T141125.716.png 1020w\" sizes=\"auto, (max-width: 187px) 100vw, 187px\" \/><\/a><\/strong><\/p>\n<ul>\n<li>olak\u0161ava bolove u mi\u0161i\u0107ima i zglobovima<\/li>\n<li>pobolj\u0161ava cirkulaciju krvi, pogodan za sve tipove masa\u017ea<\/li>\n<li>olak\u0161ava ka\u0161alj i glavobolje, poma\u017ee kod nelagode<\/li>\n<li>odbija insekte, poma\u017ee kod uboda, opeklina, bolova i prehlada<\/li>\n<\/ul>\n<p><strong>Na\u0161 najprodavaniji proizvod ve\u0107 20 godina, <\/strong>u koji se kunu mnogi klijenti zbog njegovog pozitivnog djelovanja.<\/p>\n","protected":false},"featured_media":37179,"comment_status":"open","ping_status":"closed","template":"","meta":{"inline_featured_image":false},"product_cat":[423,424,418,421],"product_tag":[375,381,385,386,384,387,383,388,389,391,392,393,394,395,382,396,397,398,399,376,377,380,390,379,378],"class_list":["post-26946","product","type-product","status-publish","has-post-thumbnail","hentry","product_cat-crni-petak","product_cat-osobna-njega-hr","product_cat-osobna-njega-cat","product_cat-zglobovi-i-misici","product_tag-biljni","product_tag-biljni-gel","product_tag-bio-hr","product_tag-bio-kozmetika-hr","product_tag-bolova-u-rukama","product_tag-bolovi-u-desnoj-ruci","product_tag-bolovi-u-ledima","product_tag-bolovi-u-lijevoj-ruci","product_tag-bolovi-u-nogama-navece","product_tag-ekoloska-kozmetika-hr","product_tag-isias-hr","product_tag-kosti","product_tag-krema-za-kosti","product_tag-misici-i-kosti","product_tag-misici-i-zglobovi","product_tag-njega","product_tag-njega-tijela","product_tag-pomoc-kod-glavobolje","product_tag-prirodno","product_tag-repelent","product_tag-ruzmarin","product_tag-zdrav-zivot","product_tag-zdravlje","product_tag-zdravo","product_tag-zemagel"],"acf":[],"yoast_head":"<!-- This site is optimized with the Yoast SEO plugin v19.13 - https:\/\/yoast.com\/wordpress\/plugins\/seo\/ -->\n<title>Zemagel - masa\u017eni biljni gel - protiv prehlada i bolova, prirodni repelent<\/title>\n<meta name=\"description\" content=\"Masa\u017eni biljni gel Zemagel je odli\u010dan za prehladu i opekline. Djeluje i kao prirodni repelent. U\u010dinak hla\u0111enja brzo deluje na va\u0161e kosti i mi\u0161i\u0107e.\" \/>\n<meta name=\"robots\" content=\"index, follow, max-snippet:-1, max-image-preview:large, max-video-preview:-1\" \/>\n<link rel=\"canonical\" href=\"https:\/\/sen-shop.com\/hr\/collections\/osobna-njega-cat\/zglobovi-i-misici\/zemagel-masazni-gel\/\" \/>\n<meta property=\"og:locale\" content=\"hr_HR\" \/>\n<meta property=\"og:type\" content=\"article\" \/>\n<meta property=\"og:title\" content=\"Zemagel - masa\u017eni biljni gel - protiv prehlada i bolova, prirodni repelent\" \/>\n<meta property=\"og:description\" content=\"Masa\u017eni biljni gel Zemagel je odli\u010dan za prehladu i opekline. Djeluje i kao prirodni repelent. U\u010dinak hla\u0111enja brzo deluje na va\u0161e kosti i mi\u0161i\u0107e.\" \/>\n<meta property=\"og:url\" content=\"https:\/\/sen-shop.com\/hr\/collections\/osobna-njega-cat\/zglobovi-i-misici\/zemagel-masazni-gel\/\" \/>\n<meta property=\"og:site_name\" content=\"SEN Shop\" \/>\n<meta property=\"article:publisher\" content=\"https:\/\/www.facebook.com\/Senshopslovenija\" \/>\n<meta property=\"article:modified_time\" content=\"2022-11-01T22:00:57+00:00\" \/>\n<meta property=\"og:image\" content=\"https:\/\/sen-shop.com\/wp-content\/uploads\/2017\/05\/Zemagel_sl_hr.jpg\" \/>\n\t<meta property=\"og:image:width\" content=\"1050\" \/>\n\t<meta property=\"og:image:height\" content=\"1200\" \/>\n\t<meta property=\"og:image:type\" content=\"image\/jpeg\" \/>\n<meta name=\"twitter:card\" content=\"summary_large_image\" \/>\n<meta name=\"twitter:label1\" content=\"Est. reading time\" \/>\n\t<meta name=\"twitter:data1\" content=\"3 minutes\" \/>\n<script type=\"application\/ld+json\" class=\"yoast-schema-graph\">{\"@context\":\"https:\/\/schema.org\",\"@graph\":[{\"@type\":\"WebPage\",\"@id\":\"https:\/\/sen-shop.com\/hr\/collections\/osobna-njega-cat\/zglobovi-i-misici\/zemagel-masazni-gel\/\",\"url\":\"https:\/\/sen-shop.com\/hr\/collections\/osobna-njega-cat\/zglobovi-i-misici\/zemagel-masazni-gel\/\",\"name\":\"Zemagel - masa\u017eni biljni gel - protiv prehlada i bolova, prirodni repelent\",\"isPartOf\":{\"@id\":\"https:\/\/sen-shop.com\/hr\/#website\"},\"datePublished\":\"2017-05-21T10:14:17+00:00\",\"dateModified\":\"2022-11-01T22:00:57+00:00\",\"description\":\"Masa\u017eni biljni gel Zemagel je odli\u010dan za prehladu i opekline. Djeluje i kao prirodni repelent. U\u010dinak hla\u0111enja brzo deluje na va\u0161e kosti i mi\u0161i\u0107e.\",\"breadcrumb\":{\"@id\":\"https:\/\/sen-shop.com\/hr\/collections\/osobna-njega-cat\/zglobovi-i-misici\/zemagel-masazni-gel\/#breadcrumb\"},\"inLanguage\":\"hr-HR\",\"potentialAction\":[{\"@type\":\"ReadAction\",\"target\":[\"https:\/\/sen-shop.com\/hr\/collections\/osobna-njega-cat\/zglobovi-i-misici\/zemagel-masazni-gel\/\"]}]},{\"@type\":\"BreadcrumbList\",\"@id\":\"https:\/\/sen-shop.com\/hr\/collections\/osobna-njega-cat\/zglobovi-i-misici\/zemagel-masazni-gel\/#breadcrumb\",\"itemListElement\":[{\"@type\":\"ListItem\",\"position\":1,\"name\":\"Home\",\"item\":\"https:\/\/sen-shop.com\/hr\/\"},{\"@type\":\"ListItem\",\"position\":2,\"name\":\"Zemagel masa\u017eni gel\"}]},{\"@type\":\"WebSite\",\"@id\":\"https:\/\/sen-shop.com\/hr\/#website\",\"url\":\"https:\/\/sen-shop.com\/hr\/\",\"name\":\"SEN Shop\",\"description\":\"Slovensko, Ekolo\u0161ko, Naravno\",\"publisher\":{\"@id\":\"https:\/\/sen-shop.com\/hr\/#organization\"},\"potentialAction\":[{\"@type\":\"SearchAction\",\"target\":{\"@type\":\"EntryPoint\",\"urlTemplate\":\"https:\/\/sen-shop.com\/hr\/?s={search_term_string}\"},\"query-input\":\"required name=search_term_string\"}],\"inLanguage\":\"hr-HR\"},{\"@type\":\"Organization\",\"@id\":\"https:\/\/sen-shop.com\/hr\/#organization\",\"name\":\"Mind trade d.o.o\",\"url\":\"https:\/\/sen-shop.com\/hr\/\",\"logo\":{\"@type\":\"ImageObject\",\"inLanguage\":\"hr-HR\",\"@id\":\"https:\/\/sen-shop.com\/hr\/#\/schema\/logo\/image\/\",\"url\":\"https:\/\/sen-shop.com\/wp-content\/uploads\/2018\/05\/header_logo.png\",\"contentUrl\":\"https:\/\/sen-shop.com\/wp-content\/uploads\/2018\/05\/header_logo.png\",\"width\":138,\"height\":70,\"caption\":\"Mind trade d.o.o\"},\"image\":{\"@id\":\"https:\/\/sen-shop.com\/hr\/#\/schema\/logo\/image\/\"},\"sameAs\":[\"https:\/\/www.instagram.com\/senslovenija\/\",\"https:\/\/www.facebook.com\/Senshopslovenija\"]}]}<\/script>\n<!-- \/ Yoast SEO plugin. -->","yoast_head_json":{"title":"Zemagel - masa\u017eni biljni gel - protiv prehlada i bolova, prirodni repelent","description":"Masa\u017eni biljni gel Zemagel je odli\u010dan za prehladu i opekline. Djeluje i kao prirodni repelent. U\u010dinak hla\u0111enja brzo deluje na va\u0161e kosti i mi\u0161i\u0107e.","robots":{"index":"index","follow":"follow","max-snippet":"max-snippet:-1","max-image-preview":"max-image-preview:large","max-video-preview":"max-video-preview:-1"},"canonical":"https:\/\/sen-shop.com\/hr\/collections\/osobna-njega-cat\/zglobovi-i-misici\/zemagel-masazni-gel\/","og_locale":"hr_HR","og_type":"article","og_title":"Zemagel - masa\u017eni biljni gel - protiv prehlada i bolova, prirodni repelent","og_description":"Masa\u017eni biljni gel Zemagel je odli\u010dan za prehladu i opekline. Djeluje i kao prirodni repelent. U\u010dinak hla\u0111enja brzo deluje na va\u0161e kosti i mi\u0161i\u0107e.","og_url":"https:\/\/sen-shop.com\/hr\/collections\/osobna-njega-cat\/zglobovi-i-misici\/zemagel-masazni-gel\/","og_site_name":"SEN Shop","article_publisher":"https:\/\/www.facebook.com\/Senshopslovenija","article_modified_time":"2022-11-01T22:00:57+00:00","og_image":[{"width":1050,"height":1200,"url":"https:\/\/sen-shop.com\/wp-content\/uploads\/2017\/05\/Zemagel_sl_hr.jpg","type":"image\/jpeg"}],"twitter_card":"summary_large_image","twitter_misc":{"Est. reading time":"3 minutes"},"schema":{"@context":"https:\/\/schema.org","@graph":[{"@type":"WebPage","@id":"https:\/\/sen-shop.com\/hr\/collections\/osobna-njega-cat\/zglobovi-i-misici\/zemagel-masazni-gel\/","url":"https:\/\/sen-shop.com\/hr\/collections\/osobna-njega-cat\/zglobovi-i-misici\/zemagel-masazni-gel\/","name":"Zemagel - masa\u017eni biljni gel - protiv prehlada i bolova, prirodni repelent","isPartOf":{"@id":"https:\/\/sen-shop.com\/hr\/#website"},"datePublished":"2017-05-21T10:14:17+00:00","dateModified":"2022-11-01T22:00:57+00:00","description":"Masa\u017eni biljni gel Zemagel je odli\u010dan za prehladu i opekline. Djeluje i kao prirodni repelent. U\u010dinak hla\u0111enja brzo deluje na va\u0161e kosti i mi\u0161i\u0107e.","breadcrumb":{"@id":"https:\/\/sen-shop.com\/hr\/collections\/osobna-njega-cat\/zglobovi-i-misici\/zemagel-masazni-gel\/#breadcrumb"},"inLanguage":"hr-HR","potentialAction":[{"@type":"ReadAction","target":["https:\/\/sen-shop.com\/hr\/collections\/osobna-njega-cat\/zglobovi-i-misici\/zemagel-masazni-gel\/"]}]},{"@type":"BreadcrumbList","@id":"https:\/\/sen-shop.com\/hr\/collections\/osobna-njega-cat\/zglobovi-i-misici\/zemagel-masazni-gel\/#breadcrumb","itemListElement":[{"@type":"ListItem","position":1,"name":"Home","item":"https:\/\/sen-shop.com\/hr\/"},{"@type":"ListItem","position":2,"name":"Zemagel masa\u017eni gel"}]},{"@type":"WebSite","@id":"https:\/\/sen-shop.com\/hr\/#website","url":"https:\/\/sen-shop.com\/hr\/","name":"SEN Shop","description":"Slovensko, Ekolo\u0161ko, Naravno","publisher":{"@id":"https:\/\/sen-shop.com\/hr\/#organization"},"potentialAction":[{"@type":"SearchAction","target":{"@type":"EntryPoint","urlTemplate":"https:\/\/sen-shop.com\/hr\/?s={search_term_string}"},"query-input":"required name=search_term_string"}],"inLanguage":"hr-HR"},{"@type":"Organization","@id":"https:\/\/sen-shop.com\/hr\/#organization","name":"Mind trade d.o.o","url":"https:\/\/sen-shop.com\/hr\/","logo":{"@type":"ImageObject","inLanguage":"hr-HR","@id":"https:\/\/sen-shop.com\/hr\/#\/schema\/logo\/image\/","url":"https:\/\/sen-shop.com\/wp-content\/uploads\/2018\/05\/header_logo.png","contentUrl":"https:\/\/sen-shop.com\/wp-content\/uploads\/2018\/05\/header_logo.png","width":138,"height":70,"caption":"Mind trade d.o.o"},"image":{"@id":"https:\/\/sen-shop.com\/hr\/#\/schema\/logo\/image\/"},"sameAs":["https:\/\/www.instagram.com\/senslovenija\/","https:\/\/www.facebook.com\/Senshopslovenija"]}]}},"_links":{"self":[{"href":"https:\/\/sen-shop.com\/hr\/wp-json\/wp\/v2\/product\/26946","targetHints":{"allow":["GET"]}}],"collection":[{"href":"https:\/\/sen-shop.com\/hr\/wp-json\/wp\/v2\/product"}],"about":[{"href":"https:\/\/sen-shop.com\/hr\/wp-json\/wp\/v2\/types\/product"}],"replies":[{"embeddable":true,"href":"https:\/\/sen-shop.com\/hr\/wp-json\/wp\/v2\/comments?post=26946"}],"wp:featuredmedia":[{"embeddable":true,"href":"https:\/\/sen-shop.com\/hr\/wp-json\/wp\/v2\/media\/37179"}],"wp:attachment":[{"href":"https:\/\/sen-shop.com\/hr\/wp-json\/wp\/v2\/media?parent=26946"}],"wp:term":[{"taxonomy":"product_cat","embeddable":true,"href":"https:\/\/sen-shop.com\/hr\/wp-json\/wp\/v2\/product_cat?post=26946"},{"taxonomy":"product_tag","embeddable":true,"href":"https:\/\/sen-shop.com\/hr\/wp-json\/wp\/v2\/product_tag?post=26946"}],"curies":[{"name":"wp","href":"https:\/\/api.w.org\/{rel}","templated":true}]}}