{"id":26938,"date":"2016-01-28T16:52:58","date_gmt":"2016-01-28T16:52:58","guid":{"rendered":"https:\/\/www.sen-shop.com\/blog\/"},"modified":"2016-01-28T16:52:58","modified_gmt":"2016-01-28T16:52:58","slug":"blog","status":"publish","type":"page","link":"https:\/\/sen-shop.com\/hr\/blog\/","title":{"rendered":"Blog"},"content":{"rendered":"<p>[vc_row][vc_column css=&#8221;.vc_custom_1527081587324{padding-top: 15px !important;padding-right: 15px !important;padding-bottom: 15px !important;padding-left: 15px !important;background-color: #fafafa !important;}&#8221; offset=&#8221;vc_hidden-xs&#8221;][ult_layout layout_style=&#8221;12&#8243; sync_slider_height_d=&#8221;400px&#8221; autoplayspeed=&#8221;7000&#8243; s_s_categories_small=&#8221;1&#8243; s_c_categories_small=&#8221;1&#8243; s_metas_o_author_small=&#8221;0&#8243; time_format_small=&#8221;j. n. Y&#8221; s_metas_o_comment_small=&#8221;0&#8243; image_size=&#8221;full&#8221; s_image_hover_effect=&#8221;4&#8243; s_excerpt_length=&#8221;150&#8243; s_metas_o_author=&#8221;0&#8243; time_format=&#8221;j. n. Y&#8221; s_metas_o_comment=&#8221;0&#8243; read_more_text=&#8221;Preberi ve\u010d&#8221; cc_portrait_tablet=&#8221;2&#8243; cc_landscape_tablet=&#8221;2&#8243; cc_small_desktop=&#8221;2&#8243; cc_medium_desktop=&#8221;3&#8243; cc_large_desktop=&#8221;3&#8243; cc_extra_large_desktop=&#8221;3&#8243; loadmore_text=&#8221;Nalo\u017ei ve\u010d prispevkov&#8221; qv_title_font_weight=&#8221;&#8221; extra_class=&#8221;blog-slider&#8221; price_font_weight=&#8221;&#8221; atcb_font_weight=&#8221;&#8221; title_font_weight=&#8221;bold&#8221; title_font_style=&#8221;normal&#8221; title_text_transform=&#8221;none&#8221; metas_font_weight=&#8221;normal&#8221; metas_font_style=&#8221;normal&#8221; metas_text_transform=&#8221;none&#8221; excerpt_font_weight=&#8221;&#8221; filter_font_weight=&#8221;&#8221; tab_font_weight=&#8221;&#8221; pagination_font_weight=&#8221;&#8221; post_count=&#8221;5&#8243; main_color_1=&#8221;#eeeeee&#8221; title_font=&#8221;Open Sans:400,500,600,700&#8243; title_letter_spacing=&#8221;0&#8243; metas_font=&#8221;Open Sans:400,500,600,700&#8243; excerpt_font=&#8221;Open Sans:400,500,600,700&#8243; tab_font=&#8221;Quicksand&#8221; pagination_font=&#8221;Quicksand&#8221; metas_font_size=&#8221;12&#8243; metas_o_hover_color=&#8221;#999999&#8243; metas_t_hover_color=&#8221;#999999&#8243; metas_o_color=&#8221;#999999&#8243; metas_t_color=&#8221;#999999&#8243; text_color=&#8221;#999999&#8243; metas_t_background_color=&#8221;#ffffff&#8221; title_color_small=&#8221;#333333&#8243; title_hover_color_small=&#8221;#4f4f4f&#8221; s_ct_categories_small=&#8221;#333333&#8243; title_color=&#8221;#333333&#8243; title_hover_color=&#8221;#4f4f4f&#8221;][ult_layout_filter display_type=&#8221;2&#8243; show_number=&#8221;0&#8243; has_filters=&#8221;1&#8243;][ult_layout_filter_items show_all_text=&#8221;Prika\u017ei vse&#8221;][\/ult_layout_filter][\/ult_layout][vc_empty_space height=&#8221;40px&#8221;][vc_column_text][pt_view id=&#8221;fbad4b8lfo&#8221;][\/vc_column_text][\/vc_column][\/vc_row][vc_row][vc_column css=&#8221;.vc_custom_1527081612872{padding-top: 15px !important;padding-right: 15px !important;padding-bottom: 15px !important;padding-left: 15px !important;background-color: #fafafa !important;}&#8221; offset=&#8221;vc_hidden-lg vc_hidden-md vc_hidden-sm&#8221;][ult_layout grid_masonry=&#8221;1&#8243; s_icon_lightbox_image=&#8221;0&#8243; s_icon_link=&#8221;0&#8243; s_image_hover_effect=&#8221;3&#8243; s_excerpt_length=&#8221;150&#8243; s_metas_o_author=&#8221;0&#8243; time_format=&#8221;j. n. Y&#8221; s_metas_o_comment=&#8221;0&#8243; read_more_text=&#8221;Preberi ve\u010d&#8221; cc_mobile=&#8221;1&#8243; cc_portrait_tablet=&#8221;2&#8243; cc_landscape_tablet=&#8221;3&#8243; cc_small_desktop=&#8221;3&#8243; cc_medium_desktop=&#8221;3&#8243; cc_large_desktop=&#8221;3&#8243; cc_extra_large_desktop=&#8221;3&#8243; loadmore_text=&#8221;Nalo\u017ei ve\u010d prispevkov&#8221; lazyload=&#8221;1&#8243; qv_title_font_weight=&#8221;&#8221; extra_class=&#8221;equal-height-columns&#8221; price_font_weight=&#8221;&#8221; atcb_font_weight=&#8221;&#8221; title_font_weight=&#8221;bold&#8221; title_font_style=&#8221;normal&#8221; title_text_transform=&#8221;none&#8221; metas_font_weight=&#8221;normal&#8221; metas_font_style=&#8221;normal&#8221; metas_text_transform=&#8221;none&#8221; excerpt_font_weight=&#8221;&#8221; filter_font_weight=&#8221;&#8221; tab_font_weight=&#8221;&#8221; pagination_font_weight=&#8221;&#8221; title_font=&#8221;Open Sans:400,500,600,700&#8243; title_font_size=&#8221;18px&#8221; excerpt_font=&#8221;Open Sans:400,500,600,700&#8243; metas_t_background_color=&#8221;#ffffff&#8221; title_letter_spacing=&#8221;0&#8243; background_color=&#8221;#ffffff&#8221; metas_font=&#8221;Open Sans:400,500,600,700&#8243; metas_letter_spacing=&#8221;0&#8243; filter_font=&#8221;Open Sans:400,500,600,700&#8243; tab_font=&#8221;Open Sans:400,500,600,700&#8243; text_color=&#8221;#222222&#8243; excerpt_font_size=&#8221;13&#8243; main_color_1=&#8221;#b2c647&#8243; pagination_font=&#8221;Open Sans:400,500,600,700&#8243; pagination_font_size=&#8221;16px&#8221; post_count=&#8221;-1&#8243; posts_per_page=&#8221;12&#8243; pagination_letter_spacing=&#8221;0.5px&#8221; title_color=&#8221;#222222&#8243; title_hover_color=&#8221;#4f4f4f&#8221; metas_t_color=&#8221;#999999&#8243; metas_t_hover_color=&#8221;#ffffff&#8221;][ult_layout_filter show_number=&#8221;0&#8243; has_filters=&#8221;1&#8243;][ult_layout_filter_items show_all_text=&#8221;Prika\u017ei vse&#8221;][\/ult_layout_filter][\/ult_layout][\/vc_column][\/vc_row]<\/p>\n","protected":false},"excerpt":{"rendered":"<p>[vc_row][vc_column css=&#8221;.vc_custom_1527081587324{padding-top: 15px !important;padding-right: 15px !important;padding-bottom: 15px !important;padding-left: 15px !important;background-color: #fafafa !important;}&#8221; offset=&#8221;vc_hidden-xs&#8221;][ult_layout layout_style=&#8221;12&#8243; sync_slider_height_d=&#8221;400px&#8221; autoplayspeed=&#8221;7000&#8243; s_s_categories_small=&#8221;1&#8243; s_c_categories_small=&#8221;1&#8243; s_metas_o_author_small=&#8221;0&#8243; time_format_small=&#8221;j. n. Y&#8221; s_metas_o_comment_small=&#8221;0&#8243; image_size=&#8221;full&#8221; s_image_hover_effect=&#8221;4&#8243; s_excerpt_length=&#8221;150&#8243; s_metas_o_author=&#8221;0&#8243; time_format=&#8221;j. n. Y&#8221; s_metas_o_comment=&#8221;0&#8243; read_more_text=&#8221;Preberi ve\u010d&#8221; cc_portrait_tablet=&#8221;2&#8243; cc_landscape_tablet=&#8221;2&#8243; cc_small_desktop=&#8221;2&#8243; cc_medium_desktop=&#8221;3&#8243; cc_large_desktop=&#8221;3&#8243; cc_extra_large_desktop=&#8221;3&#8243; loadmore_text=&#8221;Nalo\u017ei ve\u010d prispevkov&#8221; qv_title_font_weight=&#8221;&#8221; extra_class=&#8221;blog-slider&#8221; price_font_weight=&#8221;&#8221; atcb_font_weight=&#8221;&#8221; title_font_weight=&#8221;bold&#8221; title_font_style=&#8221;normal&#8221; title_text_transform=&#8221;none&#8221; metas_font_weight=&#8221;normal&#8221; metas_font_style=&#8221;normal&#8221; metas_text_transform=&#8221;none&#8221; excerpt_font_weight=&#8221;&#8221; filter_font_weight=&#8221;&#8221; tab_font_weight=&#8221;&#8221; [&hellip;]<\/p>\n","protected":false},"author":1,"featured_media":0,"parent":0,"menu_order":0,"comment_status":"closed","ping_status":"closed","template":"","meta":{"inline_featured_image":false,"footnotes":""},"class_list":["post-26938","page","type-page","status-publish","hentry"],"acf":[],"yoast_head":"<!-- This site is optimized with the Yoast SEO plugin v19.13 - https:\/\/yoast.com\/wordpress\/plugins\/seo\/ -->\n<title>Blog - SEN Shop<\/title>\n<meta name=\"description\" content=\"Najnovej\u0161e novice iz podro\u010dja zdravja. Nasveti za bolj\u0161e in bolj zdravo \u017eivljenje. Zdravilna mo\u010d rastlin.\" \/>\n<meta name=\"robots\" content=\"index, follow, max-snippet:-1, max-image-preview:large, max-video-preview:-1\" \/>\n<link rel=\"canonical\" href=\"https:\/\/sen-shop.com\/hr\/blog\/\" \/>\n<meta property=\"og:locale\" content=\"hr_HR\" \/>\n<meta property=\"og:type\" content=\"article\" \/>\n<meta property=\"og:title\" content=\"Blog - SEN Shop\" \/>\n<meta property=\"og:description\" content=\"Najnovej\u0161e novice iz podro\u010dja zdravja. Nasveti za bolj\u0161e in bolj zdravo \u017eivljenje. Zdravilna mo\u010d rastlin.\" \/>\n<meta property=\"og:url\" content=\"https:\/\/sen-shop.com\/hr\/blog\/\" \/>\n<meta property=\"og:site_name\" content=\"SEN Shop\" \/>\n<meta property=\"article:publisher\" content=\"https:\/\/www.facebook.com\/Senshopslovenija\" \/>\n<meta property=\"og:image\" content=\"https:\/\/sen-shop.com\/wp-content\/uploads\/2018\/04\/header_logo.png\" \/>\n\t<meta property=\"og:image:width\" content=\"138\" \/>\n\t<meta property=\"og:image:height\" content=\"70\" \/>\n\t<meta property=\"og:image:type\" content=\"image\/png\" \/>\n<meta name=\"twitter:card\" content=\"summary_large_image\" \/>\n<meta name=\"twitter:label1\" content=\"Est. reading time\" \/>\n\t<meta name=\"twitter:data1\" content=\"3 minutes\" \/>\n<script type=\"application\/ld+json\" class=\"yoast-schema-graph\">{\"@context\":\"https:\/\/schema.org\",\"@graph\":[{\"@type\":\"WebPage\",\"@id\":\"https:\/\/sen-shop.com\/hr\/blog\/\",\"url\":\"https:\/\/sen-shop.com\/hr\/blog\/\",\"name\":\"Blog - SEN Shop\",\"isPartOf\":{\"@id\":\"https:\/\/sen-shop.com\/hr\/#website\"},\"datePublished\":\"2016-01-28T16:52:58+00:00\",\"dateModified\":\"2016-01-28T16:52:58+00:00\",\"description\":\"Najnovej\u0161e novice iz podro\u010dja zdravja. Nasveti za bolj\u0161e in bolj zdravo \u017eivljenje. Zdravilna mo\u010d rastlin.\",\"breadcrumb\":{\"@id\":\"https:\/\/sen-shop.com\/hr\/blog\/#breadcrumb\"},\"inLanguage\":\"hr-HR\",\"potentialAction\":[{\"@type\":\"ReadAction\",\"target\":[\"https:\/\/sen-shop.com\/hr\/blog\/\"]}]},{\"@type\":\"BreadcrumbList\",\"@id\":\"https:\/\/sen-shop.com\/hr\/blog\/#breadcrumb\",\"itemListElement\":[{\"@type\":\"ListItem\",\"position\":1,\"name\":\"Home\",\"item\":\"https:\/\/sen-shop.com\/hr\/\"},{\"@type\":\"ListItem\",\"position\":2,\"name\":\"Blog\"}]},{\"@type\":\"WebSite\",\"@id\":\"https:\/\/sen-shop.com\/hr\/#website\",\"url\":\"https:\/\/sen-shop.com\/hr\/\",\"name\":\"SEN Shop\",\"description\":\"Slovensko, Ekolo\u0161ko, Naravno\",\"publisher\":{\"@id\":\"https:\/\/sen-shop.com\/hr\/#organization\"},\"potentialAction\":[{\"@type\":\"SearchAction\",\"target\":{\"@type\":\"EntryPoint\",\"urlTemplate\":\"https:\/\/sen-shop.com\/hr\/?s={search_term_string}\"},\"query-input\":\"required name=search_term_string\"}],\"inLanguage\":\"hr-HR\"},{\"@type\":\"Organization\",\"@id\":\"https:\/\/sen-shop.com\/hr\/#organization\",\"name\":\"Mind trade d.o.o\",\"url\":\"https:\/\/sen-shop.com\/hr\/\",\"logo\":{\"@type\":\"ImageObject\",\"inLanguage\":\"hr-HR\",\"@id\":\"https:\/\/sen-shop.com\/hr\/#\/schema\/logo\/image\/\",\"url\":\"https:\/\/sen-shop.com\/wp-content\/uploads\/2018\/05\/header_logo.png\",\"contentUrl\":\"https:\/\/sen-shop.com\/wp-content\/uploads\/2018\/05\/header_logo.png\",\"width\":138,\"height\":70,\"caption\":\"Mind trade d.o.o\"},\"image\":{\"@id\":\"https:\/\/sen-shop.com\/hr\/#\/schema\/logo\/image\/\"},\"sameAs\":[\"https:\/\/www.instagram.com\/senslovenija\/\",\"https:\/\/www.facebook.com\/Senshopslovenija\"]}]}<\/script>\n<!-- \/ Yoast SEO plugin. -->","yoast_head_json":{"title":"Blog - SEN Shop","description":"Najnovej\u0161e novice iz podro\u010dja zdravja. Nasveti za bolj\u0161e in bolj zdravo \u017eivljenje. Zdravilna mo\u010d rastlin.","robots":{"index":"index","follow":"follow","max-snippet":"max-snippet:-1","max-image-preview":"max-image-preview:large","max-video-preview":"max-video-preview:-1"},"canonical":"https:\/\/sen-shop.com\/hr\/blog\/","og_locale":"hr_HR","og_type":"article","og_title":"Blog - SEN Shop","og_description":"Najnovej\u0161e novice iz podro\u010dja zdravja. Nasveti za bolj\u0161e in bolj zdravo \u017eivljenje. Zdravilna mo\u010d rastlin.","og_url":"https:\/\/sen-shop.com\/hr\/blog\/","og_site_name":"SEN Shop","article_publisher":"https:\/\/www.facebook.com\/Senshopslovenija","og_image":[{"width":138,"height":70,"url":"https:\/\/sen-shop.com\/wp-content\/uploads\/2018\/04\/header_logo.png","type":"image\/png"}],"twitter_card":"summary_large_image","twitter_misc":{"Est. reading time":"3 minutes"},"schema":{"@context":"https:\/\/schema.org","@graph":[{"@type":"WebPage","@id":"https:\/\/sen-shop.com\/hr\/blog\/","url":"https:\/\/sen-shop.com\/hr\/blog\/","name":"Blog - SEN Shop","isPartOf":{"@id":"https:\/\/sen-shop.com\/hr\/#website"},"datePublished":"2016-01-28T16:52:58+00:00","dateModified":"2016-01-28T16:52:58+00:00","description":"Najnovej\u0161e novice iz podro\u010dja zdravja. Nasveti za bolj\u0161e in bolj zdravo \u017eivljenje. Zdravilna mo\u010d rastlin.","breadcrumb":{"@id":"https:\/\/sen-shop.com\/hr\/blog\/#breadcrumb"},"inLanguage":"hr-HR","potentialAction":[{"@type":"ReadAction","target":["https:\/\/sen-shop.com\/hr\/blog\/"]}]},{"@type":"BreadcrumbList","@id":"https:\/\/sen-shop.com\/hr\/blog\/#breadcrumb","itemListElement":[{"@type":"ListItem","position":1,"name":"Home","item":"https:\/\/sen-shop.com\/hr\/"},{"@type":"ListItem","position":2,"name":"Blog"}]},{"@type":"WebSite","@id":"https:\/\/sen-shop.com\/hr\/#website","url":"https:\/\/sen-shop.com\/hr\/","name":"SEN Shop","description":"Slovensko, Ekolo\u0161ko, Naravno","publisher":{"@id":"https:\/\/sen-shop.com\/hr\/#organization"},"potentialAction":[{"@type":"SearchAction","target":{"@type":"EntryPoint","urlTemplate":"https:\/\/sen-shop.com\/hr\/?s={search_term_string}"},"query-input":"required name=search_term_string"}],"inLanguage":"hr-HR"},{"@type":"Organization","@id":"https:\/\/sen-shop.com\/hr\/#organization","name":"Mind trade d.o.o","url":"https:\/\/sen-shop.com\/hr\/","logo":{"@type":"ImageObject","inLanguage":"hr-HR","@id":"https:\/\/sen-shop.com\/hr\/#\/schema\/logo\/image\/","url":"https:\/\/sen-shop.com\/wp-content\/uploads\/2018\/05\/header_logo.png","contentUrl":"https:\/\/sen-shop.com\/wp-content\/uploads\/2018\/05\/header_logo.png","width":138,"height":70,"caption":"Mind trade d.o.o"},"image":{"@id":"https:\/\/sen-shop.com\/hr\/#\/schema\/logo\/image\/"},"sameAs":["https:\/\/www.instagram.com\/senslovenija\/","https:\/\/www.facebook.com\/Senshopslovenija"]}]}},"_links":{"self":[{"href":"https:\/\/sen-shop.com\/hr\/wp-json\/wp\/v2\/pages\/26938","targetHints":{"allow":["GET"]}}],"collection":[{"href":"https:\/\/sen-shop.com\/hr\/wp-json\/wp\/v2\/pages"}],"about":[{"href":"https:\/\/sen-shop.com\/hr\/wp-json\/wp\/v2\/types\/page"}],"author":[{"embeddable":true,"href":"https:\/\/sen-shop.com\/hr\/wp-json\/wp\/v2\/users\/1"}],"replies":[{"embeddable":true,"href":"https:\/\/sen-shop.com\/hr\/wp-json\/wp\/v2\/comments?post=26938"}],"version-history":[{"count":0,"href":"https:\/\/sen-shop.com\/hr\/wp-json\/wp\/v2\/pages\/26938\/revisions"}],"wp:attachment":[{"href":"https:\/\/sen-shop.com\/hr\/wp-json\/wp\/v2\/media?parent=26938"}],"curies":[{"name":"wp","href":"https:\/\/api.w.org\/{rel}","templated":true}]}}