{"id":26934,"date":"2016-06-28T09:34:07","date_gmt":"2016-06-28T09:34:07","guid":{"rendered":"https:\/\/www.sen-shop.com\/o-nas\/"},"modified":"2022-03-18T11:48:00","modified_gmt":"2022-03-18T10:48:00","slug":"o-nama","status":"publish","type":"page","link":"https:\/\/sen-shop.com\/hr\/o-nama\/","title":{"rendered":"O nama"},"content":{"rendered":"<p>[vc_row][vc_column width=&#8221;5\/6&#8243;][vc_column_text]<strong><a href=\"https:\/\/sen-shop.com\/wp-content\/uploads\/2018\/04\/header_logo.png\"><img loading=\"lazy\" decoding=\"async\" class=\"alignnone size-full wp-image-26935\" src=\"https:\/\/sen-shop.com\/wp-content\/uploads\/2018\/04\/header_logo.png\" alt=\"\" width=\"138\" height=\"70\" srcset=\"https:\/\/sen-shop.com\/wp-content\/uploads\/2018\/04\/header_logo.png 138w, https:\/\/sen-shop.com\/wp-content\/uploads\/2018\/04\/header_logo-99x50.png 99w, https:\/\/sen-shop.com\/wp-content\/uploads\/2018\/04\/header_logo-60x30.png 60w\" sizes=\"auto, (max-width: 138px) 100vw, 138px\" \/><\/a><\/strong><\/p>\n<p><strong>Mindtrade d.o.o. je ve\u0107 od 1998. godine obiteljsko poduze\u0107e s dugom tradicijom, isprepleteno zdravim na\u010dinom \u017eivota i vizijom kako pomo\u0107i ljudima sa svim vrstama problema na potpuno prirodan na\u010din.<\/strong><\/p>\n<p><strong>Na\u0161i proizvodi nose znak SEN, koji kao kratica predstavlja na\u0161e vrijednosti: sigurno, ekolo\u0161ko i najbolje.\u00a0<\/strong><br \/>\nSEN-u nedavno se pridru\u017eila na\u0161a nova kolekcija MEI, \u0161to na japanskom zna\u010di \u2018LIJEPA\u2019. Kolekcija MEI kombinira uglavnom kozmeti\u010dke beauty proizvode za njegu ko\u017ee.<\/p>\n<p>&nbsp;<\/p>\n<p><strong><em>Na\u0161 po\u010detak<\/em><\/strong><\/p>\n<p><em>Povijest tvrtke po\u010dela se pisati kada sam se kao dijete razboljela od vrlo te\u0161kog oblika atopijskog dermatitisa. Bolest me nije po\u0161tedjela ni u tinejd\u017eerskim godinama, jer osim krvavih i bolnih mrlja na ko\u017ei, izazvala je i puno podsmijeha i sramotnih komentara vr\u0161njaka. Moja majka i ja posjetile smo brojne lije\u010dnike, dermatologe i homeopate u inozemstvu, koji su propisali razne kreme, tinkture, kapsule, lijekove i drugo. Masti su bile izrazito agresivne i nisam ih mogla dugo koristiti. Ipak, unato\u010d kori\u0161tenju, ni\u0161ta od tog nije rije\u0161ilo moje probleme. Moj otac, osniva\u010d tvrtke, je u 1980-im godinama, kada na\u017ealost nije bilo komercijalnih prirodnih alternativa, tra\u017eio i provjeravao mogu\u0107nosti prirodnog lije\u010denja, jer mi je \u017eelio pomo\u0107i na svaki na\u010din. Nakon \u0161to je u\u010dinkovito ubla\u017eio probleme s prirodnim alternativama, otac je odlu\u010dio pomo\u0107i i drugim osobama sa sli\u010dnim problemima. Tako smo postali jedna od prvih tvrtki na na\u0161em tr\u017ei\u0161tu koja je vam nudi prirodne proizvode za osobnu njegu i prirodne dodatke prehrani bez umjetnih sastojaka.<\/em><\/p>\n<p><em><strong>\u017diva Selak,<\/strong> prokurist<\/em><\/p>\n<p>&nbsp;<\/p>\n<p><em>Danas nastavljamo tradiciju i slijedimo svjetskim trendovima i istra\u017eivanjima prirodne kozmetike, koja ubla\u017eava probleme na prirodan na\u010din bez nuspojava. U suradnji s vrhunskim stru\u010dnjacima razvili smo \u0161irok spektar proizvoda za razli\u010dite probleme. Na\u0161i proizvodi ne sadr\u017ee boje, parfeme, parabene i naftne derivate, \u0161to zna\u010di da ih mogu koristiti ljudi, djeca, pa \u010dak i bebe s najosjetljivijom ko\u017eom. Na\u0161e proizvode su mnogi i preko granice upoznali. Proizvode svakodnevno i sami koristimo, ali na\u0161a najve\u0107a motivacija u radu i razvoju je va\u0161e zadovoljstvo.<\/em><\/p>\n<p><em><strong>Samo Selak<\/strong>, direktor<\/em><\/p>\n<p><a href=\"https:\/\/sen-shop.com\/wp-content\/uploads\/2018\/04\/header_logo.png\"><img loading=\"lazy\" decoding=\"async\" class=\"alignnone size-full wp-image-26935\" src=\"https:\/\/sen-shop.com\/wp-content\/uploads\/2018\/04\/header_logo.png\" alt=\"\" width=\"138\" height=\"70\" srcset=\"https:\/\/sen-shop.com\/wp-content\/uploads\/2018\/04\/header_logo.png 138w, https:\/\/sen-shop.com\/wp-content\/uploads\/2018\/04\/header_logo-99x50.png 99w, https:\/\/sen-shop.com\/wp-content\/uploads\/2018\/04\/header_logo-60x30.png 60w\" sizes=\"auto, (max-width: 138px) 100vw, 138px\" \/><\/a>[\/vc_column_text][\/vc_column][vc_column width=&#8221;1\/6&#8243;][\/vc_column][\/vc_row]<\/p>\n","protected":false},"excerpt":{"rendered":"<p>O nama<\/p>\n","protected":false},"author":1,"featured_media":0,"parent":0,"menu_order":0,"comment_status":"closed","ping_status":"closed","template":"","meta":{"inline_featured_image":false,"footnotes":""},"class_list":["post-26934","page","type-page","status-publish","hentry"],"acf":[],"yoast_head":"<!-- This site is optimized with the Yoast SEO plugin v19.13 - https:\/\/yoast.com\/wordpress\/plugins\/seo\/ -->\n<title>O intrnetskoj trgovini Sen.hr, Mind trade d.o.o<\/title>\n<meta name=\"robots\" content=\"index, follow, max-snippet:-1, max-image-preview:large, max-video-preview:-1\" \/>\n<link rel=\"canonical\" href=\"https:\/\/sen-shop.com\/hr\/o-nama\/\" \/>\n<meta property=\"og:locale\" content=\"hr_HR\" \/>\n<meta property=\"og:type\" content=\"article\" \/>\n<meta property=\"og:title\" content=\"O intrnetskoj trgovini Sen.hr, Mind trade d.o.o\" \/>\n<meta property=\"og:description\" content=\"O nama\" \/>\n<meta property=\"og:url\" content=\"https:\/\/sen-shop.com\/hr\/o-nama\/\" \/>\n<meta property=\"og:site_name\" content=\"SEN Shop\" \/>\n<meta property=\"article:publisher\" content=\"https:\/\/www.facebook.com\/Senshopslovenija\" \/>\n<meta property=\"article:modified_time\" content=\"2022-03-18T10:48:00+00:00\" \/>\n<meta property=\"og:image\" content=\"https:\/\/sen-shop.com\/wp-content\/uploads\/2018\/04\/header_logo.png\" \/>\n<meta name=\"twitter:card\" content=\"summary_large_image\" \/>\n<meta name=\"twitter:label1\" content=\"Est. reading time\" \/>\n\t<meta name=\"twitter:data1\" content=\"3 minutes\" \/>\n<script type=\"application\/ld+json\" class=\"yoast-schema-graph\">{\"@context\":\"https:\/\/schema.org\",\"@graph\":[{\"@type\":\"WebPage\",\"@id\":\"https:\/\/sen-shop.com\/hr\/o-nama\/\",\"url\":\"https:\/\/sen-shop.com\/hr\/o-nama\/\",\"name\":\"O intrnetskoj trgovini Sen.hr, Mind trade d.o.o\",\"isPartOf\":{\"@id\":\"https:\/\/sen-shop.com\/hr\/#website\"},\"datePublished\":\"2016-06-28T09:34:07+00:00\",\"dateModified\":\"2022-03-18T10:48:00+00:00\",\"breadcrumb\":{\"@id\":\"https:\/\/sen-shop.com\/hr\/o-nama\/#breadcrumb\"},\"inLanguage\":\"hr-HR\",\"potentialAction\":[{\"@type\":\"ReadAction\",\"target\":[\"https:\/\/sen-shop.com\/hr\/o-nama\/\"]}]},{\"@type\":\"BreadcrumbList\",\"@id\":\"https:\/\/sen-shop.com\/hr\/o-nama\/#breadcrumb\",\"itemListElement\":[{\"@type\":\"ListItem\",\"position\":1,\"name\":\"Home\",\"item\":\"https:\/\/sen-shop.com\/hr\/\"},{\"@type\":\"ListItem\",\"position\":2,\"name\":\"O nama\"}]},{\"@type\":\"WebSite\",\"@id\":\"https:\/\/sen-shop.com\/hr\/#website\",\"url\":\"https:\/\/sen-shop.com\/hr\/\",\"name\":\"SEN Shop\",\"description\":\"Slovensko, Ekolo\u0161ko, Naravno\",\"publisher\":{\"@id\":\"https:\/\/sen-shop.com\/hr\/#organization\"},\"potentialAction\":[{\"@type\":\"SearchAction\",\"target\":{\"@type\":\"EntryPoint\",\"urlTemplate\":\"https:\/\/sen-shop.com\/hr\/?s={search_term_string}\"},\"query-input\":\"required name=search_term_string\"}],\"inLanguage\":\"hr-HR\"},{\"@type\":\"Organization\",\"@id\":\"https:\/\/sen-shop.com\/hr\/#organization\",\"name\":\"Mind trade d.o.o\",\"url\":\"https:\/\/sen-shop.com\/hr\/\",\"logo\":{\"@type\":\"ImageObject\",\"inLanguage\":\"hr-HR\",\"@id\":\"https:\/\/sen-shop.com\/hr\/#\/schema\/logo\/image\/\",\"url\":\"https:\/\/sen-shop.com\/wp-content\/uploads\/2018\/05\/header_logo.png\",\"contentUrl\":\"https:\/\/sen-shop.com\/wp-content\/uploads\/2018\/05\/header_logo.png\",\"width\":138,\"height\":70,\"caption\":\"Mind trade d.o.o\"},\"image\":{\"@id\":\"https:\/\/sen-shop.com\/hr\/#\/schema\/logo\/image\/\"},\"sameAs\":[\"https:\/\/www.instagram.com\/senslovenija\/\",\"https:\/\/www.facebook.com\/Senshopslovenija\"]}]}<\/script>\n<!-- \/ Yoast SEO plugin. -->","yoast_head_json":{"title":"O intrnetskoj trgovini Sen.hr, Mind trade d.o.o","robots":{"index":"index","follow":"follow","max-snippet":"max-snippet:-1","max-image-preview":"max-image-preview:large","max-video-preview":"max-video-preview:-1"},"canonical":"https:\/\/sen-shop.com\/hr\/o-nama\/","og_locale":"hr_HR","og_type":"article","og_title":"O intrnetskoj trgovini Sen.hr, Mind trade d.o.o","og_description":"O nama","og_url":"https:\/\/sen-shop.com\/hr\/o-nama\/","og_site_name":"SEN Shop","article_publisher":"https:\/\/www.facebook.com\/Senshopslovenija","article_modified_time":"2022-03-18T10:48:00+00:00","og_image":[{"url":"https:\/\/sen-shop.com\/wp-content\/uploads\/2018\/04\/header_logo.png"}],"twitter_card":"summary_large_image","twitter_misc":{"Est. reading time":"3 minutes"},"schema":{"@context":"https:\/\/schema.org","@graph":[{"@type":"WebPage","@id":"https:\/\/sen-shop.com\/hr\/o-nama\/","url":"https:\/\/sen-shop.com\/hr\/o-nama\/","name":"O intrnetskoj trgovini Sen.hr, Mind trade d.o.o","isPartOf":{"@id":"https:\/\/sen-shop.com\/hr\/#website"},"datePublished":"2016-06-28T09:34:07+00:00","dateModified":"2022-03-18T10:48:00+00:00","breadcrumb":{"@id":"https:\/\/sen-shop.com\/hr\/o-nama\/#breadcrumb"},"inLanguage":"hr-HR","potentialAction":[{"@type":"ReadAction","target":["https:\/\/sen-shop.com\/hr\/o-nama\/"]}]},{"@type":"BreadcrumbList","@id":"https:\/\/sen-shop.com\/hr\/o-nama\/#breadcrumb","itemListElement":[{"@type":"ListItem","position":1,"name":"Home","item":"https:\/\/sen-shop.com\/hr\/"},{"@type":"ListItem","position":2,"name":"O nama"}]},{"@type":"WebSite","@id":"https:\/\/sen-shop.com\/hr\/#website","url":"https:\/\/sen-shop.com\/hr\/","name":"SEN Shop","description":"Slovensko, Ekolo\u0161ko, Naravno","publisher":{"@id":"https:\/\/sen-shop.com\/hr\/#organization"},"potentialAction":[{"@type":"SearchAction","target":{"@type":"EntryPoint","urlTemplate":"https:\/\/sen-shop.com\/hr\/?s={search_term_string}"},"query-input":"required name=search_term_string"}],"inLanguage":"hr-HR"},{"@type":"Organization","@id":"https:\/\/sen-shop.com\/hr\/#organization","name":"Mind trade d.o.o","url":"https:\/\/sen-shop.com\/hr\/","logo":{"@type":"ImageObject","inLanguage":"hr-HR","@id":"https:\/\/sen-shop.com\/hr\/#\/schema\/logo\/image\/","url":"https:\/\/sen-shop.com\/wp-content\/uploads\/2018\/05\/header_logo.png","contentUrl":"https:\/\/sen-shop.com\/wp-content\/uploads\/2018\/05\/header_logo.png","width":138,"height":70,"caption":"Mind trade d.o.o"},"image":{"@id":"https:\/\/sen-shop.com\/hr\/#\/schema\/logo\/image\/"},"sameAs":["https:\/\/www.instagram.com\/senslovenija\/","https:\/\/www.facebook.com\/Senshopslovenija"]}]}},"_links":{"self":[{"href":"https:\/\/sen-shop.com\/hr\/wp-json\/wp\/v2\/pages\/26934","targetHints":{"allow":["GET"]}}],"collection":[{"href":"https:\/\/sen-shop.com\/hr\/wp-json\/wp\/v2\/pages"}],"about":[{"href":"https:\/\/sen-shop.com\/hr\/wp-json\/wp\/v2\/types\/page"}],"author":[{"embeddable":true,"href":"https:\/\/sen-shop.com\/hr\/wp-json\/wp\/v2\/users\/1"}],"replies":[{"embeddable":true,"href":"https:\/\/sen-shop.com\/hr\/wp-json\/wp\/v2\/comments?post=26934"}],"version-history":[{"count":0,"href":"https:\/\/sen-shop.com\/hr\/wp-json\/wp\/v2\/pages\/26934\/revisions"}],"wp:attachment":[{"href":"https:\/\/sen-shop.com\/hr\/wp-json\/wp\/v2\/media?parent=26934"}],"curies":[{"name":"wp","href":"https:\/\/api.w.org\/{rel}","templated":true}]}}