{"id":26930,"date":"2017-01-04T09:36:22","date_gmt":"2017-01-04T09:36:22","guid":{"rendered":"https:\/\/www.sen-shop.com\/pogoji-poslovanja\/"},"modified":"2021-11-22T15:22:20","modified_gmt":"2021-11-22T14:22:20","slug":"uvjeti-poslovanja","status":"publish","type":"page","link":"https:\/\/sen-shop.com\/hr\/uvjeti-poslovanja\/","title":{"rendered":"Uvjeti poslovanja"},"content":{"rendered":"<p>[vc_row][vc_column][vc_column_text]<\/p>\n<p>Usluge web sen-shop trgovine mo\u017eete koristiti tako\u0111er bez registracije. U slu\u010daju registracije, kad se prijavite u sustav, dobivate korisni\u010dko ime (isto kao i e-mail), i lozinku. Registracijom ili brzom kupnjom posjetitelj stariji od 16 godina postaje korisnik i stje\u010de pravo kupnje. Sen-shop trgovina zadr\u017eava pravo izmjene Op\u0107ih uvjeta bez posebne najave. Promjene su na snazi \u200b\u200bod trenutka objave i za korisnika su obvezuju\u0107e.<\/p>\n<p>Web trgovinom www.sen-shop.com upravlja Mind trade, d.o.o., Tr\u017ea\u0161ka cesta 42, SI-1000 Ljubljana. Op\u0107i uvjeti kori\u0161tenja web trgovine izra\u0111eni su u skladu sa Zakonom o za\u0161titi potro\u0161a\u010da (ZVPot-UPB2).<\/p>\n<p><strong>Podaci o poduze\u0107u<\/strong><\/p>\n<p>mail: info@sen-shop.com<\/p>\n<p>Mind trade d.o.o.,\u00a0Tr\u017ea\u0161ka cesta 42,\u00a0SI-1000 Ljubljana, EU.<br \/>\nRegistracijski broj: 1244949000,\u00a0ID za PDV: SI 24265187,\u00a0Porezni obveznik: DA<br \/>\nTvrtka je dana 06.03.1998 registrirana na Okru\u017enom sudu u Ljubljani.<\/p>\n<p><strong>Prodavatelj omogu\u0107ava sljede\u0107e na\u010dine pla\u0107anja:<\/strong><\/p>\n<ul>\n<li>Paypal,<\/li>\n<li>kreditna kartica (Visa, Mastercard, American Express),<\/li>\n<li>po pouze\u0107u (GLS-a),<\/li>\n<li>SEPA (putom osobne banke).<\/li>\n<\/ul>\n<p><strong>Koliki su tro\u0161kovi dostave?<\/strong><br \/>\nAko naru\u010di\u0161 proizvode u ukupnoj vrijednosti nad 400,0 kuna je po\u0161tarina besplatna. Ako tvoja ko\u0161arica iznosi ispod 400 kn, tro\u0161kovi dostave \u0107e biti 29,00 kuna.<\/p>\n<p><strong>Proces online kupnje:<\/strong><br \/>\nProna\u0111ite \u017eeljeni proizvod i zatim kliknite gumb \u2018Dodaj u ko\u0161aricu\u2019. Proizvode u ko\u0161arici mo\u017eete pogledati tako da kliknete na sivu tipku u desnom kutu s ikonom ko\u0161arice. Kad odaberete korak pogledajte ko\u0161aricu i pregledajte artikle, kliknite na gumb \u2018nastavite do blagajne\u2019, a zatim unesite svoje podatke o dostavi i odaberite pla\u0107anje. Prilikom odabira pla\u0107anja odaberite \u017eeljeni na\u010din pla\u0107anja i kliknite gumb \u2018predaj narud\u017ebu\u2019. Potvrdu narud\u017ebe dobit \u0107ete na va\u0161 e-mail. Za pomo\u0107 pri kupnji obratite se na e-mail: info@sen-shop.com.<\/p>\n<p><strong>Cijene<\/strong><br \/>\nCijene vrijede u trenutku predaje narud\u017ebe i nemaju unaprijed odre\u0111en rok valjanosti. Cijene vrijede u slu\u010daju pla\u0107anja jednom od gore navedenih metoda pla\u0107anja pod navedenim uvjetima. Kupoprodajni ugovor izme\u0111u prodavatelja i kupca zaklju\u010duje se u trenutku kad prodavatelj potvr\u0111uje narud\u017ebu (kupac prima e-mail o statusu Narud\u017eba potvr\u0111ena). Od tog trenutka sve cijene i ostali uvjeti su fiksni i vrijede kako za prodavatelja tako i za kupca.<\/p>\n<p><strong>Promocijski kodovi<\/strong><br \/>\nPovremeno putem e-maila ili putem drugih kanala komunikacije \u0161aljemo promocijski kod. Promocijski kod donosi razne pogodnosti: od raznih darova do popusta. Svaki kod je uvijek vremenski ograni\u010den i mora se iskoristiti u odre\u0111enom periodu ina\u010de postaje neva\u017ee\u0107i. Iskoristiti se mo\u017ee upisivanjem na blagajni u posebno polje &#8220;kod kupona&#8221;.\u00a0 Razli\u010diti promocijski kodovi se ne mogu kombinirati i zbrajati. Posjetitelj odnosno kupac mo\u017ee prilikom svake kupovine iskoristiti samo jedan promocijski kod.<\/p>\n<p><strong>Reklamacija<\/strong><br \/>\nSvi proizvodi su prije otpreme detaljno pregledani. Pa\u017eljivo pakiramo va\u0161e proizvode u originalnu ambala\u017eu i u kutiju za dostavu kako bismo osigurali da \u0107e biti neo\u0161te\u0107eni tijekom dostave.<\/p>\n<p>Potro\u0161a\u010d ima pravo u roku od 15 dana na e-mail adresu tvrtke ( info@sen-shop.com ) javiti ako ne\u0161to nije uredu s proizvodima kao npr. da niste dobili pravi broj naru\u010denih proizvoda, da smo vam poslali krivu robu ili da su proizvodi fizi\u010dki o\u0161te\u0107eni. Kupac ima pravo na povrat novca ili na proizvod.<br \/>\nPo primitku proizvoda, tvrtka \u0107e, kupcu vratiti cjelokupan iznos uplate ili mu poslati drugi, neo\u0161te\u0107en proizvod. Jedini nastali tro\u0161ak koji tereti kupca je direktni tro\u0161ak povrata proizvoda.<\/p>\n<p>Kupac uz povrat proizvoda \u0161alje i ra\u010dun, osobne podatke te transakcijski ra\u010dun na koji \u017eeli primiti povrat uplate. Povrat novca \u0107e se izvr\u0161iti u roku od 30 dana od dana primitka obavijesti o reklamaciji proizvoda.<\/p>\n<p><strong>Odustajanje od narud\u017ebe<\/strong><br \/>\nZa ugovore sklopljene na daljinu, potro\u0161a\u010d ima pravo u roku od 15 dana na e-mail adresu javiti kako odustaje od ugovora, bez potrebe navo\u0111enja razloga takve odluke.<\/p>\n<p>Kupac mora u najkasnijem roku od 15 dana od dana obavijesti o odustajanju od narud\u017ebe vratiti zaprimljene proizvode. Proizvodi se vra\u0107aju na sljede\u0107u adresu: Mind trade d.o.o., Tr\u017ea\u0161ka cesta 42, 1000 Ljubljana, Slovenija. Po primitku proizvoda, tvrtka \u0107e, kupcu vratiti iznos uplate. Tro\u0161ak koji tereti kupca u vezi s otkazom ugovora je direktni tro\u0161ak povrata proizvoda.<\/p>\n<p>Vra\u0107eni proizvodi trebaju biti neiskori\u0161teni, neo\u0161te\u0107eni i u originalnom pakiranju. Ako zapo\u010dnete koristiti proizvode izgubit \u0107ete pravo na odustajanje od ugovora.<\/p>\n<p><strong>Garancija<\/strong><br \/>\nZa proizvode (program TANITA), garancijski rok iznosi 36 ili 60 mjeseci (ovisno o artiklu) od datuma primanja robe i vrijedi samo uz fakturu. U slu\u010daju neispravnosti, proizvode po\u0161aljite na adresu:\u00a0Mind trade d.o.o., Tr\u017ea\u0161ka cesta 42, 1000 Ljubljana, Slovenija.<br \/>\nAnalizatori za osobnu upotrebu nisu namijenjeni profesionalnoj upotrebi. Koriste se u teretanama, \u0161kolama za mr\u0161avljenje itd. U slu\u010daju zlouporabe, jamstvo se ne primjenjuje.<\/p>\n<p><strong>Za\u0161tita osobnih podataka<\/strong><br \/>\nSen-shop trgovina se obavezuje na trajnu za\u0161titu osobnih podataka korisnika. Sen-shop trgovina \u0107e osobne podatke koristiti isklju\u010divo za potrebe ispunjavanja narud\u017ebe (slanje informativnog materijala, ponuda, ra\u010duna) i drugu potrebnu komunikaciju. Korisni\u010dki podaci ni u kojem slu\u010daju ne\u0107e biti predani neovla\u0161tenim osobama .<\/p>\n<p><strong>Sigurnost<\/strong><br \/>\nJamstvo na sigurnu kupovinu i pla\u0107anje putem interneta.\u00a0Sve gotovinske transakcije izvr\u0161ene u web trgovini za\u0161ti\u0107ene su slojem sigurnih uti\u010dnica (SSL) i sigurnim protokolom \u0161ifriranja podataka.\u00a0Sve informacije koje nam dajete \u0161ifrirane su pomo\u0107u SSL tehnologije \u0161ifriranja. Ovaj napredni postupak \u0161ifriranja podataka onemogu\u0107uje presretanje osobnih podataka. Osobni se podaci kriptiraju i prenose s va\u0161eg ra\u010dunala na poslu\u017eiteljski bankovni poslu\u017eitelj i ne pohranjuju se na poslu\u017eitelju davatelja usluga. Da biste vidjeli je li va\u0161 preglednik u sigurnom na\u010dinu rada tijekom pla\u0107anja, potra\u017eite ikonu zaklju\u010davanja u donjem kutu ili na kraju adresne trake preglednika.<\/p>\n<p><strong>Pravna obavijest<\/strong><br \/>\nSen-shop trgovina i svi navedeni podaci, slike proizvoda, grafi\u010dki i video elementi na ovim stranicama su za\u0161ti\u0107eni autorskim pravima i ne smiju se reproducirati ili koristiti bez prethodnog pismenog dopu\u0161tenja. Za\u0161titni znak, marka i logo SEN su vlasni\u0161tvo tvrtke Mindtrade d.o.o.[\/vc_column_text][\/vc_column][\/vc_row]<\/p>\n","protected":false},"excerpt":{"rendered":"<p>Uvjeti poslovanja<\/p>\n","protected":false},"author":1,"featured_media":0,"parent":0,"menu_order":0,"comment_status":"closed","ping_status":"closed","template":"","meta":{"inline_featured_image":false,"footnotes":""},"class_list":["post-26930","page","type-page","status-publish","hentry"],"acf":[],"yoast_head":"<!-- This site is optimized with the Yoast SEO plugin v19.13 - https:\/\/yoast.com\/wordpress\/plugins\/seo\/ -->\n<title>Uvjeti poslovanja - SEN Shop<\/title>\n<meta name=\"robots\" content=\"index, follow, max-snippet:-1, max-image-preview:large, max-video-preview:-1\" \/>\n<link rel=\"canonical\" href=\"https:\/\/sen-shop.com\/hr\/uvjeti-poslovanja\/\" \/>\n<meta property=\"og:locale\" content=\"hr_HR\" \/>\n<meta property=\"og:type\" content=\"article\" \/>\n<meta property=\"og:title\" content=\"Uvjeti poslovanja - SEN Shop\" \/>\n<meta property=\"og:description\" content=\"Uvjeti poslovanja\" \/>\n<meta property=\"og:url\" content=\"https:\/\/sen-shop.com\/hr\/uvjeti-poslovanja\/\" \/>\n<meta property=\"og:site_name\" content=\"SEN Shop\" \/>\n<meta property=\"article:publisher\" content=\"https:\/\/www.facebook.com\/Senshopslovenija\" \/>\n<meta property=\"article:modified_time\" content=\"2021-11-22T14:22:20+00:00\" \/>\n<meta property=\"og:image\" content=\"https:\/\/sen-shop.com\/wp-content\/uploads\/2018\/04\/header_logo.png\" \/>\n\t<meta property=\"og:image:width\" content=\"138\" \/>\n\t<meta property=\"og:image:height\" content=\"70\" \/>\n\t<meta property=\"og:image:type\" content=\"image\/png\" \/>\n<meta name=\"twitter:card\" content=\"summary_large_image\" \/>\n<meta name=\"twitter:label1\" content=\"Est. reading time\" \/>\n\t<meta name=\"twitter:data1\" content=\"5 minutes\" \/>\n<script type=\"application\/ld+json\" class=\"yoast-schema-graph\">{\"@context\":\"https:\/\/schema.org\",\"@graph\":[{\"@type\":\"WebPage\",\"@id\":\"https:\/\/sen-shop.com\/hr\/uvjeti-poslovanja\/\",\"url\":\"https:\/\/sen-shop.com\/hr\/uvjeti-poslovanja\/\",\"name\":\"Uvjeti poslovanja - SEN Shop\",\"isPartOf\":{\"@id\":\"https:\/\/sen-shop.com\/hr\/#website\"},\"datePublished\":\"2017-01-04T09:36:22+00:00\",\"dateModified\":\"2021-11-22T14:22:20+00:00\",\"breadcrumb\":{\"@id\":\"https:\/\/sen-shop.com\/hr\/uvjeti-poslovanja\/#breadcrumb\"},\"inLanguage\":\"hr-HR\",\"potentialAction\":[{\"@type\":\"ReadAction\",\"target\":[\"https:\/\/sen-shop.com\/hr\/uvjeti-poslovanja\/\"]}]},{\"@type\":\"BreadcrumbList\",\"@id\":\"https:\/\/sen-shop.com\/hr\/uvjeti-poslovanja\/#breadcrumb\",\"itemListElement\":[{\"@type\":\"ListItem\",\"position\":1,\"name\":\"Home\",\"item\":\"https:\/\/sen-shop.com\/hr\/\"},{\"@type\":\"ListItem\",\"position\":2,\"name\":\"Uvjeti poslovanja\"}]},{\"@type\":\"WebSite\",\"@id\":\"https:\/\/sen-shop.com\/hr\/#website\",\"url\":\"https:\/\/sen-shop.com\/hr\/\",\"name\":\"SEN Shop\",\"description\":\"Slovensko, Ekolo\u0161ko, Naravno\",\"publisher\":{\"@id\":\"https:\/\/sen-shop.com\/hr\/#organization\"},\"potentialAction\":[{\"@type\":\"SearchAction\",\"target\":{\"@type\":\"EntryPoint\",\"urlTemplate\":\"https:\/\/sen-shop.com\/hr\/?s={search_term_string}\"},\"query-input\":\"required name=search_term_string\"}],\"inLanguage\":\"hr-HR\"},{\"@type\":\"Organization\",\"@id\":\"https:\/\/sen-shop.com\/hr\/#organization\",\"name\":\"Mind trade d.o.o\",\"url\":\"https:\/\/sen-shop.com\/hr\/\",\"logo\":{\"@type\":\"ImageObject\",\"inLanguage\":\"hr-HR\",\"@id\":\"https:\/\/sen-shop.com\/hr\/#\/schema\/logo\/image\/\",\"url\":\"https:\/\/sen-shop.com\/wp-content\/uploads\/2018\/05\/header_logo.png\",\"contentUrl\":\"https:\/\/sen-shop.com\/wp-content\/uploads\/2018\/05\/header_logo.png\",\"width\":138,\"height\":70,\"caption\":\"Mind trade d.o.o\"},\"image\":{\"@id\":\"https:\/\/sen-shop.com\/hr\/#\/schema\/logo\/image\/\"},\"sameAs\":[\"https:\/\/www.instagram.com\/senslovenija\/\",\"https:\/\/www.facebook.com\/Senshopslovenija\"]}]}<\/script>\n<!-- \/ Yoast SEO plugin. -->","yoast_head_json":{"title":"Uvjeti poslovanja - SEN Shop","robots":{"index":"index","follow":"follow","max-snippet":"max-snippet:-1","max-image-preview":"max-image-preview:large","max-video-preview":"max-video-preview:-1"},"canonical":"https:\/\/sen-shop.com\/hr\/uvjeti-poslovanja\/","og_locale":"hr_HR","og_type":"article","og_title":"Uvjeti poslovanja - SEN Shop","og_description":"Uvjeti poslovanja","og_url":"https:\/\/sen-shop.com\/hr\/uvjeti-poslovanja\/","og_site_name":"SEN Shop","article_publisher":"https:\/\/www.facebook.com\/Senshopslovenija","article_modified_time":"2021-11-22T14:22:20+00:00","og_image":[{"width":138,"height":70,"url":"https:\/\/sen-shop.com\/wp-content\/uploads\/2018\/04\/header_logo.png","type":"image\/png"}],"twitter_card":"summary_large_image","twitter_misc":{"Est. reading time":"5 minutes"},"schema":{"@context":"https:\/\/schema.org","@graph":[{"@type":"WebPage","@id":"https:\/\/sen-shop.com\/hr\/uvjeti-poslovanja\/","url":"https:\/\/sen-shop.com\/hr\/uvjeti-poslovanja\/","name":"Uvjeti poslovanja - SEN Shop","isPartOf":{"@id":"https:\/\/sen-shop.com\/hr\/#website"},"datePublished":"2017-01-04T09:36:22+00:00","dateModified":"2021-11-22T14:22:20+00:00","breadcrumb":{"@id":"https:\/\/sen-shop.com\/hr\/uvjeti-poslovanja\/#breadcrumb"},"inLanguage":"hr-HR","potentialAction":[{"@type":"ReadAction","target":["https:\/\/sen-shop.com\/hr\/uvjeti-poslovanja\/"]}]},{"@type":"BreadcrumbList","@id":"https:\/\/sen-shop.com\/hr\/uvjeti-poslovanja\/#breadcrumb","itemListElement":[{"@type":"ListItem","position":1,"name":"Home","item":"https:\/\/sen-shop.com\/hr\/"},{"@type":"ListItem","position":2,"name":"Uvjeti poslovanja"}]},{"@type":"WebSite","@id":"https:\/\/sen-shop.com\/hr\/#website","url":"https:\/\/sen-shop.com\/hr\/","name":"SEN Shop","description":"Slovensko, Ekolo\u0161ko, Naravno","publisher":{"@id":"https:\/\/sen-shop.com\/hr\/#organization"},"potentialAction":[{"@type":"SearchAction","target":{"@type":"EntryPoint","urlTemplate":"https:\/\/sen-shop.com\/hr\/?s={search_term_string}"},"query-input":"required name=search_term_string"}],"inLanguage":"hr-HR"},{"@type":"Organization","@id":"https:\/\/sen-shop.com\/hr\/#organization","name":"Mind trade d.o.o","url":"https:\/\/sen-shop.com\/hr\/","logo":{"@type":"ImageObject","inLanguage":"hr-HR","@id":"https:\/\/sen-shop.com\/hr\/#\/schema\/logo\/image\/","url":"https:\/\/sen-shop.com\/wp-content\/uploads\/2018\/05\/header_logo.png","contentUrl":"https:\/\/sen-shop.com\/wp-content\/uploads\/2018\/05\/header_logo.png","width":138,"height":70,"caption":"Mind trade d.o.o"},"image":{"@id":"https:\/\/sen-shop.com\/hr\/#\/schema\/logo\/image\/"},"sameAs":["https:\/\/www.instagram.com\/senslovenija\/","https:\/\/www.facebook.com\/Senshopslovenija"]}]}},"_links":{"self":[{"href":"https:\/\/sen-shop.com\/hr\/wp-json\/wp\/v2\/pages\/26930","targetHints":{"allow":["GET"]}}],"collection":[{"href":"https:\/\/sen-shop.com\/hr\/wp-json\/wp\/v2\/pages"}],"about":[{"href":"https:\/\/sen-shop.com\/hr\/wp-json\/wp\/v2\/types\/page"}],"author":[{"embeddable":true,"href":"https:\/\/sen-shop.com\/hr\/wp-json\/wp\/v2\/users\/1"}],"replies":[{"embeddable":true,"href":"https:\/\/sen-shop.com\/hr\/wp-json\/wp\/v2\/comments?post=26930"}],"version-history":[{"count":0,"href":"https:\/\/sen-shop.com\/hr\/wp-json\/wp\/v2\/pages\/26930\/revisions"}],"wp:attachment":[{"href":"https:\/\/sen-shop.com\/hr\/wp-json\/wp\/v2\/media?parent=26930"}],"curies":[{"name":"wp","href":"https:\/\/api.w.org\/{rel}","templated":true}]}}