{"id":26929,"date":"2017-01-13T11:33:26","date_gmt":"2017-01-13T11:33:26","guid":{"rendered":"https:\/\/www.sen-shop.com\/tanita-pogosta-vprasanja\/"},"modified":"2021-04-16T14:25:43","modified_gmt":"2021-04-16T12:25:43","slug":"tanita-pogosta-vprasanja","status":"publish","type":"page","link":"https:\/\/sen-shop.com\/hr\/tanita-pogosta-vprasanja\/","title":{"rendered":"\u010cesta pitanja"},"content":{"rendered":"<p>[vc_row][vc_column][vc_column_text]<\/p>\n<h3><\/h3>\n<h3>\u0160to je Bia?<\/h3>\n<p>BIA je skra\u0107enica za Bio Impedan\u010dnu Analizu ili jednostavnije re\u010deno, mjerenje elektri\u010dnog otpora tijela. Bio impedancija je u svijetu znanstveno i stru\u010dno najvi\u0161e priznata metoda mjerenja tjelesne masti i sastava tijela. U ovoj metodi kroz tijelo prolaze blagi elektri\u010dni signali, koji na temelju otpora izra\u010dunavaju udio tjelesne masno\u0107e u tijelu.<\/p>\n<h3>Koliko su precizni TANITA analizatori?<\/h3>\n<p>Mjerenje te\u017eine je to\u010dno na 0,1 kg. Postotak tjelesne masti je ta\u010dan na 5% prema DEXA metodi, \u0161to je zlatni standard za mjerenje tjelesne masti.<\/p>\n<h3>\u0160to pokazuje funkcija ko\u0161tane mase?<\/h3>\n<p>Funkcija prikazuje te\u017einu ko\u0161tano-mineralnog dijela tijela.<\/p>\n<p>Za\u0161to je kontrola ko\u0161tane mase va\u017ena?<\/p>\n<p>Dokazano je da redovito vje\u017ebanje i razvoj mi\u0161i\u0107ne mase pozitivno djeluju na jake i zdrave kosti. Va\u017eno je da korisnici odr\u017eavaju zdrave kosti uz pomo\u0107 sportskih aktivnosti i hrane bogate kalcijem.<\/p>\n<h3>\u0160to pokazuje funkcija mi\u0161i\u0107na masa?<\/h3>\n<p>Funkcija pokazuje te\u017einu mi\u0161i\u0107a u tijelu.<\/p>\n<h3>Za\u0161to je kontrola mi\u0161i\u0107ne mase va\u017ena?<\/h3>\n<p>Tijelo sa svakim na novo ste\u010denim kilogramom mi\u0161i\u0107a dnevno tro\u0161i u prosjeku 100 kalorija. Iz tog razloga bi svaki korisnik koji osjeti promjenu u mi\u0161i\u0107noj masi trebao prilagoditi svoj dnevni unos kalorija. Mi\u0161i\u0107i su gu\u0161\u0107i od masno\u0107e i zato su &#8216;te\u017ei&#8217;. Analiza mi\u0161i\u0107ne mase potrebna je da bismo jednostavnije i br\u017ee razumjeli promjene u sastavu tijela i te\u017eini.<\/p>\n<p>Ljudi koji \u017eele izgubiti vi\u0161ak kilograma prema propisanom programu (dijeta i sport) ponekad mogu dobiti na te\u017eini &#8211; mi\u0161i\u0107i su gu\u0161\u0107i od masti. Na\u017ealost, obi\u010dna vaga vas mo\u017ee zavarati da ste se udebljali, \u0161to mo\u017ee dovesti do prekida vje\u017ebanja i samim tim do prekida zdravog \u017eivota. Me\u0111utim, pove\u0107anje kilograma na ra\u010dun mi\u0161i\u0107a je dobro za na\u0161e tijelo i zdravlje. Pomo\u0107u analizatora mo\u0107i \u0107ete primijetiti spomenute promjene, \u0161to \u0107e vas dodatno motivirati i gurnuti prema cilju koji ste postavili.<\/p>\n<h3>\u0160to pokazuje funkcija bazalnog metabolizma (BMR)?<\/h3>\n<p>Funkcija prikazuje koli\u010dinu kalorija koje na\u0161e tijelo treba u stanju mirovanja.<\/p>\n<p>Za\u0161to je va\u017ean bazalni metabolizam?<br \/>\nRazumijevanje bazalnog metabolizma omogu\u0107ava vam kontrolu dnevnih kalori\u010dnih potreba u skladu s va\u0161om tjelesnom figurom i na\u010dinom \u017eivota. \u0160to vi\u0161e mi\u0161i\u0107a i \/ ili sportske aktivnosti, vi\u0161e kalorija treba tijelu. Uz pomo\u0107 rezultata mjerenja mo\u017eete va\u0161em tijelu prilagoditi vje\u017ebanje ili prehranu.<br \/>\nBazalni metabolizam tijekom godina opada. Unato\u010d toj \u010dinjenici, bazalni metabolizam mo\u017eete podi\u0107i ako redovito vje\u017ebate i radite aerobne vje\u017ebe (tr\u010danje, biciklizam, tenis, nogomet, ko\u0161arka itd.).<\/p>\n<h3>\u0160to pokazuje funkcija ocjena dobi metabolizma?<\/h3>\n<p>Funkcija pokazuje koliko je metabolizam u\u010dinkovit. Bazalni metabolizam po\u010dinje opadati nakon 16. godine \u017eivota.<\/p>\n<p>Za\u0161to je va\u017eno kontrolirati ocjenu metaboli\u010dke dobi?<br \/>\nOcjenu starosti metabolizma procjenjujemo prema dobi. Ako je vi\u0161a od starosti korisnika, to je lo\u0161 znak. Tijelo takve osobe ne tro\u0161i dovoljno kalorija. Potrebno je vi\u0161e kretanja i sportske aktivnosti. Pove\u0107avanjem sportske aktivnosti tijelo proizvodi vi\u0161e mi\u0161i\u0107a, koji za svoje funkcioniranje trebaju vi\u0161e kalorija. Kao rezultat toga, bazalni metabolizam (BMR) se pove\u0107ava i dob metabolizma se smanji.<\/p>\n<h3>\u0160to pokazuje funkcija razina masno\u0107e u predjelu trbuhu?<\/h3>\n<p>Funkcija prikazuje razinu masno\u0107e koja okru\u017euje vitalne organe u trbuhu.<\/p>\n<p>Za\u0161to je va\u017eno kontrolirati i analizirati masno\u0107u u predjelu trbuha?<br \/>\nVisoka razina masti u predjelu trbuha pove\u0107ava \u0161anse za kardiovaskularne bolesti, razvoj dijabetesa tipa 2, visoki krvni tlak. Sni\u017eavanjem te razine poma\u017ee stabilizaciji inzulina, smanjenju rizika od dijabetesa i drugih bolesti povezanih s vi\u0161kom kilograma.<\/p>\n<h3>\u0160to pokazuje funkcija ocjena tjelesne figure?<\/h3>\n<p>Funkcija prikazuje kak\u0161no postavo ima uporabnik. Na podlagi izbrane vrednosti, se lahko izdela fintess program.<\/p>\n<p>Zakaj je ocena grajenosti pomembna?<br \/>\nKljub ve\u010danju \u0161portne aktivnosti se lahko te\u017ea telesa ne spremeni. Vendar pa se spremeni razmerje med telesno ma\u0161\u010dobo in mi\u0161i\u010dno maso, ki se odrazi na grajenosti in postavi. Ocena grajenosti omogo\u010da natan\u010dno vodenje skozi diete in fitnes programe.<\/p>\n<p>Funkcija prikazuje kakvu tjelesnu gra\u0111u ima korisnik. Na temelju odabrane vrijednosti mo\u017ee se prilagoditi program za fitness.<\/p>\n<p>Za\u0161to je ocjena tjelesne figure va\u017ena?<br \/>\nUnato\u010d pove\u0107anju sportske aktivnosti, tjelesna te\u017eina mo\u017ee ostati ista. Me\u0111utim, omjer tjelesne masti i mi\u0161i\u0107ne mase se mijenja, \u0161to se vidi na tjelesnoj gra\u0111i i figuri. Ocjena gra\u0111e omogu\u0107uje\u00a0 precizno postavljene dijete i fitness programe.[\/vc_column_text][\/vc_column][\/vc_row]<\/p>\n","protected":false},"excerpt":{"rendered":"<p>\u010cesta pitanja<\/p>\n","protected":false},"author":1,"featured_media":0,"parent":0,"menu_order":0,"comment_status":"open","ping_status":"open","template":"","meta":{"inline_featured_image":false,"footnotes":""},"class_list":["post-26929","page","type-page","status-publish","hentry"],"acf":[],"yoast_head":"<!-- This site is optimized with the Yoast SEO plugin v19.13 - https:\/\/yoast.com\/wordpress\/plugins\/seo\/ -->\n<title>\u010cesto postavljena pitanja o TANITI - SEN<\/title>\n<meta name=\"robots\" content=\"index, follow, max-snippet:-1, max-image-preview:large, max-video-preview:-1\" \/>\n<link rel=\"canonical\" href=\"https:\/\/sen-shop.com\/hr\/tanita-pogosta-vprasanja\/\" \/>\n<meta property=\"og:locale\" content=\"hr_HR\" \/>\n<meta property=\"og:type\" content=\"article\" \/>\n<meta property=\"og:title\" content=\"\u010cesto postavljena pitanja o TANITI - SEN\" \/>\n<meta property=\"og:description\" content=\"\u010cesta pitanja\" \/>\n<meta property=\"og:url\" content=\"https:\/\/sen-shop.com\/hr\/tanita-pogosta-vprasanja\/\" \/>\n<meta property=\"og:site_name\" content=\"SEN Shop\" \/>\n<meta property=\"article:publisher\" content=\"https:\/\/www.facebook.com\/Senshopslovenija\" \/>\n<meta property=\"article:modified_time\" content=\"2021-04-16T12:25:43+00:00\" \/>\n<meta property=\"og:image\" content=\"https:\/\/sen-shop.com\/wp-content\/uploads\/2018\/04\/header_logo.png\" \/>\n\t<meta property=\"og:image:width\" content=\"138\" \/>\n\t<meta property=\"og:image:height\" content=\"70\" \/>\n\t<meta property=\"og:image:type\" content=\"image\/png\" \/>\n<meta name=\"twitter:card\" content=\"summary_large_image\" \/>\n<meta name=\"twitter:label1\" content=\"Est. reading time\" \/>\n\t<meta name=\"twitter:data1\" content=\"4 minutes\" \/>\n<script type=\"application\/ld+json\" class=\"yoast-schema-graph\">{\"@context\":\"https:\/\/schema.org\",\"@graph\":[{\"@type\":\"WebPage\",\"@id\":\"https:\/\/sen-shop.com\/hr\/tanita-pogosta-vprasanja\/\",\"url\":\"https:\/\/sen-shop.com\/hr\/tanita-pogosta-vprasanja\/\",\"name\":\"\u010cesto postavljena pitanja o TANITI - SEN\",\"isPartOf\":{\"@id\":\"https:\/\/sen-shop.com\/hr\/#website\"},\"datePublished\":\"2017-01-13T11:33:26+00:00\",\"dateModified\":\"2021-04-16T12:25:43+00:00\",\"breadcrumb\":{\"@id\":\"https:\/\/sen-shop.com\/hr\/tanita-pogosta-vprasanja\/#breadcrumb\"},\"inLanguage\":\"hr-HR\",\"potentialAction\":[{\"@type\":\"ReadAction\",\"target\":[\"https:\/\/sen-shop.com\/hr\/tanita-pogosta-vprasanja\/\"]}]},{\"@type\":\"BreadcrumbList\",\"@id\":\"https:\/\/sen-shop.com\/hr\/tanita-pogosta-vprasanja\/#breadcrumb\",\"itemListElement\":[{\"@type\":\"ListItem\",\"position\":1,\"name\":\"Home\",\"item\":\"https:\/\/sen-shop.com\/hr\/\"},{\"@type\":\"ListItem\",\"position\":2,\"name\":\"\u010cesta pitanja\"}]},{\"@type\":\"WebSite\",\"@id\":\"https:\/\/sen-shop.com\/hr\/#website\",\"url\":\"https:\/\/sen-shop.com\/hr\/\",\"name\":\"SEN Shop\",\"description\":\"Slovensko, Ekolo\u0161ko, Naravno\",\"publisher\":{\"@id\":\"https:\/\/sen-shop.com\/hr\/#organization\"},\"potentialAction\":[{\"@type\":\"SearchAction\",\"target\":{\"@type\":\"EntryPoint\",\"urlTemplate\":\"https:\/\/sen-shop.com\/hr\/?s={search_term_string}\"},\"query-input\":\"required name=search_term_string\"}],\"inLanguage\":\"hr-HR\"},{\"@type\":\"Organization\",\"@id\":\"https:\/\/sen-shop.com\/hr\/#organization\",\"name\":\"Mind trade d.o.o\",\"url\":\"https:\/\/sen-shop.com\/hr\/\",\"logo\":{\"@type\":\"ImageObject\",\"inLanguage\":\"hr-HR\",\"@id\":\"https:\/\/sen-shop.com\/hr\/#\/schema\/logo\/image\/\",\"url\":\"https:\/\/sen-shop.com\/wp-content\/uploads\/2018\/05\/header_logo.png\",\"contentUrl\":\"https:\/\/sen-shop.com\/wp-content\/uploads\/2018\/05\/header_logo.png\",\"width\":138,\"height\":70,\"caption\":\"Mind trade d.o.o\"},\"image\":{\"@id\":\"https:\/\/sen-shop.com\/hr\/#\/schema\/logo\/image\/\"},\"sameAs\":[\"https:\/\/www.instagram.com\/senslovenija\/\",\"https:\/\/www.facebook.com\/Senshopslovenija\"]}]}<\/script>\n<!-- \/ Yoast SEO plugin. -->","yoast_head_json":{"title":"\u010cesto postavljena pitanja o TANITI - SEN","robots":{"index":"index","follow":"follow","max-snippet":"max-snippet:-1","max-image-preview":"max-image-preview:large","max-video-preview":"max-video-preview:-1"},"canonical":"https:\/\/sen-shop.com\/hr\/tanita-pogosta-vprasanja\/","og_locale":"hr_HR","og_type":"article","og_title":"\u010cesto postavljena pitanja o TANITI - SEN","og_description":"\u010cesta pitanja","og_url":"https:\/\/sen-shop.com\/hr\/tanita-pogosta-vprasanja\/","og_site_name":"SEN Shop","article_publisher":"https:\/\/www.facebook.com\/Senshopslovenija","article_modified_time":"2021-04-16T12:25:43+00:00","og_image":[{"width":138,"height":70,"url":"https:\/\/sen-shop.com\/wp-content\/uploads\/2018\/04\/header_logo.png","type":"image\/png"}],"twitter_card":"summary_large_image","twitter_misc":{"Est. reading time":"4 minutes"},"schema":{"@context":"https:\/\/schema.org","@graph":[{"@type":"WebPage","@id":"https:\/\/sen-shop.com\/hr\/tanita-pogosta-vprasanja\/","url":"https:\/\/sen-shop.com\/hr\/tanita-pogosta-vprasanja\/","name":"\u010cesto postavljena pitanja o TANITI - SEN","isPartOf":{"@id":"https:\/\/sen-shop.com\/hr\/#website"},"datePublished":"2017-01-13T11:33:26+00:00","dateModified":"2021-04-16T12:25:43+00:00","breadcrumb":{"@id":"https:\/\/sen-shop.com\/hr\/tanita-pogosta-vprasanja\/#breadcrumb"},"inLanguage":"hr-HR","potentialAction":[{"@type":"ReadAction","target":["https:\/\/sen-shop.com\/hr\/tanita-pogosta-vprasanja\/"]}]},{"@type":"BreadcrumbList","@id":"https:\/\/sen-shop.com\/hr\/tanita-pogosta-vprasanja\/#breadcrumb","itemListElement":[{"@type":"ListItem","position":1,"name":"Home","item":"https:\/\/sen-shop.com\/hr\/"},{"@type":"ListItem","position":2,"name":"\u010cesta pitanja"}]},{"@type":"WebSite","@id":"https:\/\/sen-shop.com\/hr\/#website","url":"https:\/\/sen-shop.com\/hr\/","name":"SEN Shop","description":"Slovensko, Ekolo\u0161ko, Naravno","publisher":{"@id":"https:\/\/sen-shop.com\/hr\/#organization"},"potentialAction":[{"@type":"SearchAction","target":{"@type":"EntryPoint","urlTemplate":"https:\/\/sen-shop.com\/hr\/?s={search_term_string}"},"query-input":"required name=search_term_string"}],"inLanguage":"hr-HR"},{"@type":"Organization","@id":"https:\/\/sen-shop.com\/hr\/#organization","name":"Mind trade d.o.o","url":"https:\/\/sen-shop.com\/hr\/","logo":{"@type":"ImageObject","inLanguage":"hr-HR","@id":"https:\/\/sen-shop.com\/hr\/#\/schema\/logo\/image\/","url":"https:\/\/sen-shop.com\/wp-content\/uploads\/2018\/05\/header_logo.png","contentUrl":"https:\/\/sen-shop.com\/wp-content\/uploads\/2018\/05\/header_logo.png","width":138,"height":70,"caption":"Mind trade d.o.o"},"image":{"@id":"https:\/\/sen-shop.com\/hr\/#\/schema\/logo\/image\/"},"sameAs":["https:\/\/www.instagram.com\/senslovenija\/","https:\/\/www.facebook.com\/Senshopslovenija"]}]}},"_links":{"self":[{"href":"https:\/\/sen-shop.com\/hr\/wp-json\/wp\/v2\/pages\/26929","targetHints":{"allow":["GET"]}}],"collection":[{"href":"https:\/\/sen-shop.com\/hr\/wp-json\/wp\/v2\/pages"}],"about":[{"href":"https:\/\/sen-shop.com\/hr\/wp-json\/wp\/v2\/types\/page"}],"author":[{"embeddable":true,"href":"https:\/\/sen-shop.com\/hr\/wp-json\/wp\/v2\/users\/1"}],"replies":[{"embeddable":true,"href":"https:\/\/sen-shop.com\/hr\/wp-json\/wp\/v2\/comments?post=26929"}],"version-history":[{"count":0,"href":"https:\/\/sen-shop.com\/hr\/wp-json\/wp\/v2\/pages\/26929\/revisions"}],"wp:attachment":[{"href":"https:\/\/sen-shop.com\/hr\/wp-json\/wp\/v2\/media?parent=26929"}],"curies":[{"name":"wp","href":"https:\/\/api.w.org\/{rel}","templated":true}]}}