{"id":26908,"date":"2018-07-10T14:06:10","date_gmt":"2018-07-10T12:06:10","guid":{"rendered":"https:\/\/www.sen-shop.com\/pogosta-vprasanja-2\/"},"modified":"2021-11-22T15:20:17","modified_gmt":"2021-11-22T14:20:17","slug":"cesto-postavljana-pitanja","status":"publish","type":"page","link":"https:\/\/sen-shop.com\/hr\/cesto-postavljana-pitanja\/","title":{"rendered":"\u010cESTO POSTAVLJANA PITANJA"},"content":{"rendered":"<p>[vc_row][vc_column][vc_column_text]<\/p>\n<p><strong>Kako izvr\u0161iti narud\u017ebu?<\/strong><br \/>\nProna\u0111ite \u017eeljeni proizvod i\u00a0zatim kliknite gumb &#8216;Dodaj u ko\u0161aricu&#8217;. Proizvode u ko\u0161arici mo\u017eete pogledati tako da kliknete na sivu tipku u desnom kutu s ikonom ko\u0161arice. \u00a0Kad odaberete korak pogledajte ko\u0161aricu i pregledajte artikle, kliknite na gumb &#8216;nastavite do blagajne&#8217;, a zatim unesite svoje podatke o dostavi i odaberite pla\u0107anje. Prilikom odabira pla\u0107anja odaberite \u017eeljeni na\u010din pla\u0107anja i kliknite gumb &#8216;predaj narud\u017ebu&#8217;. Potvrdu narud\u017ebe dobit \u0107ete na va\u0161 e-mail. Za pomo\u0107 pri kupnji obratite se na e-mail: info@sen-shop.com<\/p>\n<p><strong>Kada \u0107u dobiti naru\u010deni proizvod?<\/strong><br \/>\nNarud\u017eba \u0107e biti poslana u roku od 1-3 radna dana od dana kupnje.<\/p>\n<p>Kako da znam kada \u0107e mi dostaviti paket?<br \/>\nGLS \u0107e vas o dostavi obavijestiti SMS-om. Iz tog razloga je va\u017eno da prilikom narud\u017ebe unesete svoj telefonski broj.<\/p>\n<p><strong>Koliki je tro\u0161ak dostave?<\/strong><br \/>\nZa narud\u017ebe ve\u0107e od 400 kn, po\u0161tarina je besplatna. Za narud\u017ebe ispod 400 kn, cijena dostave je 29 kn.<\/p>\n<p><strong>Na koje je sve na\u010dine mogu\u0107e platiti?<\/strong><br \/>\nNudimo 4 mogu\u0107nosti pla\u0107anja:<\/p>\n<ul>\n<li>Paypal,<\/li>\n<li>kreditna kartica (Visa, Mastercard, American Express),<\/li>\n<li>po pouze\u0107u (GLS-a),<\/li>\n<li>SEPA (putom osobne banke).<\/li>\n<\/ul>\n<p><strong>Kako provjeriti da li je narud\u017eba uspje\u0161no izvedena?<\/strong><br \/>\nNakon uspje\u0161no poslane narud\u017ebe poslat \u0107emo vam automatski generiranu po\u0161tu. U e-mailu mo\u017eete vidjeti naru\u010dene proizvode, koli\u010dinu, cijenu, adresu uplatitelja, adresu za dostavu i broj narud\u017ebe.<\/p>\n<p><strong>Naru\u010dio sam paket, ali ga jo\u0161 nisam dobio, \u0161to mogu u\u010diniti?<\/strong><br \/>\nNazovite nas (+385 98 96 24 517) ili nam pi\u0161ite nam na na\u0161 e-mail: info@sen-shop.com i provjerit \u0107emo gdje se va\u0161 paket nalazi.<\/p>\n<p><strong>Ne znam naru\u010diti proizvod putem interneta. \u0160to mogu u\u010diniti?<\/strong><br \/>\nNazovite nas (+385 98 96 24 517) ili nam pi\u0161ite nam na na\u0161 e-mail: info@sen-shop.com i rado \u0107emo vam pomo\u0107i pri kupnji.<\/p>\n<p><strong>Imam promo k\u00f4d za popust koji ne radi?<\/strong><br \/>\nKad primite k\u00f4d, provjerite va\u017ee\u0107e uvjete. Mo\u017eda k\u00f4d nije vi\u0161e validan; k\u00f4d se ne odnosi na odabrane proizvode ili je ukupni iznos kupnje prenizak da biste mogli k\u00f4d iskoristiti.<\/p>\n<p><strong>Za sva pitanja vezana za proizvode i za savjete na\u00a0nas nazovite +385 98 96 24 517 ili nam pi\u0161ite nam na na\u0161 e-mail: info@sen-shop.com.<\/strong>[\/vc_column_text][\/vc_column][\/vc_row]<\/p>\n","protected":false},"excerpt":{"rendered":"<p>[vc_row][vc_column][vc_column_text] Kako izvr\u0161iti narud\u017ebu? Prona\u0111ite \u017eeljeni proizvod i\u00a0zatim kliknite gumb &#8216;Dodaj u ko\u0161aricu&#8217;. Proizvode u ko\u0161arici mo\u017eete pogledati tako da kliknete na sivu tipku u desnom kutu s ikonom ko\u0161arice. \u00a0Kad odaberete korak pogledajte ko\u0161aricu i pregledajte artikle, kliknite na gumb &#8216;nastavite do blagajne&#8217;, a zatim unesite svoje podatke o dostavi i odaberite pla\u0107anje. Prilikom [&hellip;]<\/p>\n","protected":false},"author":346,"featured_media":0,"parent":0,"menu_order":0,"comment_status":"closed","ping_status":"closed","template":"","meta":{"inline_featured_image":false,"footnotes":""},"class_list":["post-26908","page","type-page","status-publish","hentry"],"acf":[],"yoast_head":"<!-- This site is optimized with the Yoast SEO plugin v19.13 - https:\/\/yoast.com\/wordpress\/plugins\/seo\/ -->\n<title>\u010cesto postavljana pitanja. Sen<\/title>\n<meta name=\"robots\" content=\"index, follow, max-snippet:-1, max-image-preview:large, max-video-preview:-1\" \/>\n<link rel=\"canonical\" href=\"https:\/\/sen-shop.com\/hr\/cesto-postavljana-pitanja\/\" \/>\n<meta property=\"og:locale\" content=\"hr_HR\" \/>\n<meta property=\"og:type\" content=\"article\" \/>\n<meta property=\"og:title\" content=\"\u010cesto postavljana pitanja. Sen\" \/>\n<meta property=\"og:description\" content=\"[vc_row][vc_column][vc_column_text] Kako izvr\u0161iti narud\u017ebu? Prona\u0111ite \u017eeljeni proizvod i\u00a0zatim kliknite gumb &#8216;Dodaj u ko\u0161aricu&#8217;. Proizvode u ko\u0161arici mo\u017eete pogledati tako da kliknete na sivu tipku u desnom kutu s ikonom ko\u0161arice. \u00a0Kad odaberete korak pogledajte ko\u0161aricu i pregledajte artikle, kliknite na gumb &#8216;nastavite do blagajne&#8217;, a zatim unesite svoje podatke o dostavi i odaberite pla\u0107anje. Prilikom [&hellip;]\" \/>\n<meta property=\"og:url\" content=\"https:\/\/sen-shop.com\/hr\/cesto-postavljana-pitanja\/\" \/>\n<meta property=\"og:site_name\" content=\"SEN Shop\" \/>\n<meta property=\"article:publisher\" content=\"https:\/\/www.facebook.com\/Senshopslovenija\" \/>\n<meta property=\"article:modified_time\" content=\"2021-11-22T14:20:17+00:00\" \/>\n<meta property=\"og:image\" content=\"https:\/\/sen-shop.com\/wp-content\/uploads\/2018\/04\/header_logo.png\" \/>\n\t<meta property=\"og:image:width\" content=\"138\" \/>\n\t<meta property=\"og:image:height\" content=\"70\" \/>\n\t<meta property=\"og:image:type\" content=\"image\/png\" \/>\n<meta name=\"twitter:card\" content=\"summary_large_image\" \/>\n<meta name=\"twitter:label1\" content=\"Est. reading time\" \/>\n\t<meta name=\"twitter:data1\" content=\"2 minutes\" \/>\n<script type=\"application\/ld+json\" class=\"yoast-schema-graph\">{\"@context\":\"https:\/\/schema.org\",\"@graph\":[{\"@type\":\"WebPage\",\"@id\":\"https:\/\/sen-shop.com\/hr\/cesto-postavljana-pitanja\/\",\"url\":\"https:\/\/sen-shop.com\/hr\/cesto-postavljana-pitanja\/\",\"name\":\"\u010cesto postavljana pitanja. Sen\",\"isPartOf\":{\"@id\":\"https:\/\/sen-shop.com\/hr\/#website\"},\"datePublished\":\"2018-07-10T12:06:10+00:00\",\"dateModified\":\"2021-11-22T14:20:17+00:00\",\"breadcrumb\":{\"@id\":\"https:\/\/sen-shop.com\/hr\/cesto-postavljana-pitanja\/#breadcrumb\"},\"inLanguage\":\"hr-HR\",\"potentialAction\":[{\"@type\":\"ReadAction\",\"target\":[\"https:\/\/sen-shop.com\/hr\/cesto-postavljana-pitanja\/\"]}]},{\"@type\":\"BreadcrumbList\",\"@id\":\"https:\/\/sen-shop.com\/hr\/cesto-postavljana-pitanja\/#breadcrumb\",\"itemListElement\":[{\"@type\":\"ListItem\",\"position\":1,\"name\":\"Home\",\"item\":\"https:\/\/sen-shop.com\/hr\/\"},{\"@type\":\"ListItem\",\"position\":2,\"name\":\"\u010cESTO POSTAVLJANA PITANJA\"}]},{\"@type\":\"WebSite\",\"@id\":\"https:\/\/sen-shop.com\/hr\/#website\",\"url\":\"https:\/\/sen-shop.com\/hr\/\",\"name\":\"SEN Shop\",\"description\":\"Slovensko, Ekolo\u0161ko, Naravno\",\"publisher\":{\"@id\":\"https:\/\/sen-shop.com\/hr\/#organization\"},\"potentialAction\":[{\"@type\":\"SearchAction\",\"target\":{\"@type\":\"EntryPoint\",\"urlTemplate\":\"https:\/\/sen-shop.com\/hr\/?s={search_term_string}\"},\"query-input\":\"required name=search_term_string\"}],\"inLanguage\":\"hr-HR\"},{\"@type\":\"Organization\",\"@id\":\"https:\/\/sen-shop.com\/hr\/#organization\",\"name\":\"Mind trade d.o.o\",\"url\":\"https:\/\/sen-shop.com\/hr\/\",\"logo\":{\"@type\":\"ImageObject\",\"inLanguage\":\"hr-HR\",\"@id\":\"https:\/\/sen-shop.com\/hr\/#\/schema\/logo\/image\/\",\"url\":\"https:\/\/sen-shop.com\/wp-content\/uploads\/2018\/05\/header_logo.png\",\"contentUrl\":\"https:\/\/sen-shop.com\/wp-content\/uploads\/2018\/05\/header_logo.png\",\"width\":138,\"height\":70,\"caption\":\"Mind trade d.o.o\"},\"image\":{\"@id\":\"https:\/\/sen-shop.com\/hr\/#\/schema\/logo\/image\/\"},\"sameAs\":[\"https:\/\/www.instagram.com\/senslovenija\/\",\"https:\/\/www.facebook.com\/Senshopslovenija\"]}]}<\/script>\n<!-- \/ Yoast SEO plugin. -->","yoast_head_json":{"title":"\u010cesto postavljana pitanja. Sen","robots":{"index":"index","follow":"follow","max-snippet":"max-snippet:-1","max-image-preview":"max-image-preview:large","max-video-preview":"max-video-preview:-1"},"canonical":"https:\/\/sen-shop.com\/hr\/cesto-postavljana-pitanja\/","og_locale":"hr_HR","og_type":"article","og_title":"\u010cesto postavljana pitanja. Sen","og_description":"[vc_row][vc_column][vc_column_text] Kako izvr\u0161iti narud\u017ebu? Prona\u0111ite \u017eeljeni proizvod i\u00a0zatim kliknite gumb &#8216;Dodaj u ko\u0161aricu&#8217;. Proizvode u ko\u0161arici mo\u017eete pogledati tako da kliknete na sivu tipku u desnom kutu s ikonom ko\u0161arice. \u00a0Kad odaberete korak pogledajte ko\u0161aricu i pregledajte artikle, kliknite na gumb &#8216;nastavite do blagajne&#8217;, a zatim unesite svoje podatke o dostavi i odaberite pla\u0107anje. Prilikom [&hellip;]","og_url":"https:\/\/sen-shop.com\/hr\/cesto-postavljana-pitanja\/","og_site_name":"SEN Shop","article_publisher":"https:\/\/www.facebook.com\/Senshopslovenija","article_modified_time":"2021-11-22T14:20:17+00:00","og_image":[{"width":138,"height":70,"url":"https:\/\/sen-shop.com\/wp-content\/uploads\/2018\/04\/header_logo.png","type":"image\/png"}],"twitter_card":"summary_large_image","twitter_misc":{"Est. reading time":"2 minutes"},"schema":{"@context":"https:\/\/schema.org","@graph":[{"@type":"WebPage","@id":"https:\/\/sen-shop.com\/hr\/cesto-postavljana-pitanja\/","url":"https:\/\/sen-shop.com\/hr\/cesto-postavljana-pitanja\/","name":"\u010cesto postavljana pitanja. Sen","isPartOf":{"@id":"https:\/\/sen-shop.com\/hr\/#website"},"datePublished":"2018-07-10T12:06:10+00:00","dateModified":"2021-11-22T14:20:17+00:00","breadcrumb":{"@id":"https:\/\/sen-shop.com\/hr\/cesto-postavljana-pitanja\/#breadcrumb"},"inLanguage":"hr-HR","potentialAction":[{"@type":"ReadAction","target":["https:\/\/sen-shop.com\/hr\/cesto-postavljana-pitanja\/"]}]},{"@type":"BreadcrumbList","@id":"https:\/\/sen-shop.com\/hr\/cesto-postavljana-pitanja\/#breadcrumb","itemListElement":[{"@type":"ListItem","position":1,"name":"Home","item":"https:\/\/sen-shop.com\/hr\/"},{"@type":"ListItem","position":2,"name":"\u010cESTO POSTAVLJANA PITANJA"}]},{"@type":"WebSite","@id":"https:\/\/sen-shop.com\/hr\/#website","url":"https:\/\/sen-shop.com\/hr\/","name":"SEN Shop","description":"Slovensko, Ekolo\u0161ko, Naravno","publisher":{"@id":"https:\/\/sen-shop.com\/hr\/#organization"},"potentialAction":[{"@type":"SearchAction","target":{"@type":"EntryPoint","urlTemplate":"https:\/\/sen-shop.com\/hr\/?s={search_term_string}"},"query-input":"required name=search_term_string"}],"inLanguage":"hr-HR"},{"@type":"Organization","@id":"https:\/\/sen-shop.com\/hr\/#organization","name":"Mind trade d.o.o","url":"https:\/\/sen-shop.com\/hr\/","logo":{"@type":"ImageObject","inLanguage":"hr-HR","@id":"https:\/\/sen-shop.com\/hr\/#\/schema\/logo\/image\/","url":"https:\/\/sen-shop.com\/wp-content\/uploads\/2018\/05\/header_logo.png","contentUrl":"https:\/\/sen-shop.com\/wp-content\/uploads\/2018\/05\/header_logo.png","width":138,"height":70,"caption":"Mind trade d.o.o"},"image":{"@id":"https:\/\/sen-shop.com\/hr\/#\/schema\/logo\/image\/"},"sameAs":["https:\/\/www.instagram.com\/senslovenija\/","https:\/\/www.facebook.com\/Senshopslovenija"]}]}},"_links":{"self":[{"href":"https:\/\/sen-shop.com\/hr\/wp-json\/wp\/v2\/pages\/26908","targetHints":{"allow":["GET"]}}],"collection":[{"href":"https:\/\/sen-shop.com\/hr\/wp-json\/wp\/v2\/pages"}],"about":[{"href":"https:\/\/sen-shop.com\/hr\/wp-json\/wp\/v2\/types\/page"}],"author":[{"embeddable":true,"href":"https:\/\/sen-shop.com\/hr\/wp-json\/wp\/v2\/users\/346"}],"replies":[{"embeddable":true,"href":"https:\/\/sen-shop.com\/hr\/wp-json\/wp\/v2\/comments?post=26908"}],"version-history":[{"count":0,"href":"https:\/\/sen-shop.com\/hr\/wp-json\/wp\/v2\/pages\/26908\/revisions"}],"wp:attachment":[{"href":"https:\/\/sen-shop.com\/hr\/wp-json\/wp\/v2\/media?parent=26908"}],"curies":[{"name":"wp","href":"https:\/\/api.w.org\/{rel}","templated":true}]}}