{"id":47538,"date":"2020-05-11T09:41:09","date_gmt":"2020-05-11T07:41:09","guid":{"rendered":"https:\/\/sen-shop.com\/collections\/unkategorisiert\/muscle-gel-2\/"},"modified":"2020-05-11T09:41:09","modified_gmt":"2020-05-11T07:41:09","slug":"muscle-gel-2","status":"publish","type":"product","link":"https:\/\/sen-shop.com\/de\/collections\/nekategorizirano-de\/muscle-gel-2\/","title":{"rendered":"Muscle gel"},"content":{"rendered":"<p>Geschenk beim Kauf<\/p>\n","protected":false},"excerpt":{"rendered":"<p>Das Muskelgel hat eine leicht w\u00e4rmende Wirkung, die f\u00fcr das Aufw\u00e4rmen der Muskeln vor dem Sport und f\u00fcr die Pflege kalter und schlecht durchbluteter Gliedma\u00dfen von Vorteil ist. Unverzichtbares Produkt f\u00fcr Sportler und alle, die einen\u00a0<strong>aktiven Lebensstil<\/strong>\u00a0f\u00fchren.<\/p>\n<p><img decoding=\"async\" class=\"lazyloaded\" src=\"https:\/\/static.xx.fbcdn.net\/images\/emoji.php\/v9\/t51\/1\/16\/1f449.png\" alt=\"\ud83d\udc49\" data-ll-status=\"loaded\" \/>\u00a0Vor und nach sportlicher Bet\u00e4tigung die gew\u00fcnschten Stellen mit Muskelgel einmassieren.<\/p>\n<p><img decoding=\"async\" class=\"lazyloaded\" src=\"https:\/\/static.xx.fbcdn.net\/images\/emoji.php\/v9\/t51\/1\/16\/1f449.png\" alt=\"\ud83d\udc49\" data-ll-status=\"loaded\" \/>\u00a0Bei Beulen und blauen Flecken massieren Sie Muskelgel direkt auf die betroffene Stelle<\/p>\n<p><img decoding=\"async\" class=\"lazyloaded\" src=\"https:\/\/static.xx.fbcdn.net\/images\/emoji.php\/v9\/t51\/1\/16\/1f449.png\" alt=\"\ud83d\udc49\" data-ll-status=\"loaded\" \/>\u00a0Achten Sie darauf, dass Muskelgel nicht mit den Schleimh\u00e4uten oder offenen Wunden in Ber\u00fchrung kommt.<\/p>\n","protected":false},"featured_media":0,"comment_status":"closed","ping_status":"closed","template":"","meta":{"inline_featured_image":false},"product_cat":[817],"product_tag":[],"class_list":["post-47538","product","type-product","status-publish","hentry","product_cat-nekategorizirano-de"],"acf":[],"yoast_head":"<!-- This site is optimized with the Yoast SEO plugin v19.13 - https:\/\/yoast.com\/wordpress\/plugins\/seo\/ -->\n<title>Muscle gel - SEN Shop<\/title>\n<meta name=\"robots\" content=\"index, follow, max-snippet:-1, max-image-preview:large, max-video-preview:-1\" \/>\n<link rel=\"canonical\" href=\"https:\/\/sen-shop.com\/de\/collections\/nekategorizirano-de\/muscle-gel-2\/\" \/>\n<meta property=\"og:locale\" content=\"de_DE\" \/>\n<meta property=\"og:type\" content=\"article\" \/>\n<meta property=\"og:title\" content=\"Muscle gel - SEN Shop\" \/>\n<meta property=\"og:description\" content=\"Das Muskelgel hat eine leicht w\u00e4rmende Wirkung, die f\u00fcr das Aufw\u00e4rmen der Muskeln vor dem Sport und f\u00fcr die Pflege kalter und schlecht durchbluteter Gliedma\u00dfen von Vorteil ist. Unverzichtbares Produkt f\u00fcr Sportler und alle, die einen\u00a0aktiven Lebensstil\u00a0f\u00fchren.  \u00a0Vor und nach sportlicher Bet\u00e4tigung die gew\u00fcnschten Stellen mit Muskelgel einmassieren.  \u00a0Bei Beulen und blauen Flecken massieren Sie Muskelgel direkt auf die betroffene Stelle  \u00a0Achten Sie darauf, dass Muskelgel nicht mit den Schleimh\u00e4uten oder offenen Wunden in Ber\u00fchrung kommt.\" \/>\n<meta property=\"og:url\" content=\"https:\/\/sen-shop.com\/de\/collections\/nekategorizirano-de\/muscle-gel-2\/\" \/>\n<meta property=\"og:site_name\" content=\"SEN Shop\" \/>\n<meta property=\"article:publisher\" content=\"https:\/\/www.facebook.com\/Senshopslovenija\" \/>\n<meta property=\"og:image\" content=\"https:\/\/sen-shop.com\/wp-content\/uploads\/2018\/04\/header_logo.png\" \/>\n\t<meta property=\"og:image:width\" content=\"138\" \/>\n\t<meta property=\"og:image:height\" content=\"70\" \/>\n\t<meta property=\"og:image:type\" content=\"image\/png\" \/>\n<meta name=\"twitter:card\" content=\"summary_large_image\" \/>\n<script type=\"application\/ld+json\" class=\"yoast-schema-graph\">{\"@context\":\"https:\/\/schema.org\",\"@graph\":[{\"@type\":\"WebPage\",\"@id\":\"https:\/\/sen-shop.com\/de\/collections\/nekategorizirano-de\/muscle-gel-2\/\",\"url\":\"https:\/\/sen-shop.com\/de\/collections\/nekategorizirano-de\/muscle-gel-2\/\",\"name\":\"Muscle gel - SEN Shop\",\"isPartOf\":{\"@id\":\"https:\/\/sen-shop.com\/de\/#website\"},\"datePublished\":\"2020-05-11T07:41:09+00:00\",\"dateModified\":\"2020-05-11T07:41:09+00:00\",\"breadcrumb\":{\"@id\":\"https:\/\/sen-shop.com\/de\/collections\/nekategorizirano-de\/muscle-gel-2\/#breadcrumb\"},\"inLanguage\":\"de\",\"potentialAction\":[{\"@type\":\"ReadAction\",\"target\":[\"https:\/\/sen-shop.com\/de\/collections\/nekategorizirano-de\/muscle-gel-2\/\"]}]},{\"@type\":\"BreadcrumbList\",\"@id\":\"https:\/\/sen-shop.com\/de\/collections\/nekategorizirano-de\/muscle-gel-2\/#breadcrumb\",\"itemListElement\":[{\"@type\":\"ListItem\",\"position\":1,\"name\":\"Home\",\"item\":\"https:\/\/sen-shop.com\/de\/\"},{\"@type\":\"ListItem\",\"position\":2,\"name\":\"Muscle gel\"}]},{\"@type\":\"WebSite\",\"@id\":\"https:\/\/sen-shop.com\/de\/#website\",\"url\":\"https:\/\/sen-shop.com\/de\/\",\"name\":\"SEN Shop\",\"description\":\"Slovensko, Ekolo\u0161ko, Naravno\",\"publisher\":{\"@id\":\"https:\/\/sen-shop.com\/de\/#organization\"},\"potentialAction\":[{\"@type\":\"SearchAction\",\"target\":{\"@type\":\"EntryPoint\",\"urlTemplate\":\"https:\/\/sen-shop.com\/de\/?s={search_term_string}\"},\"query-input\":\"required name=search_term_string\"}],\"inLanguage\":\"de\"},{\"@type\":\"Organization\",\"@id\":\"https:\/\/sen-shop.com\/de\/#organization\",\"name\":\"Mind trade d.o.o\",\"url\":\"https:\/\/sen-shop.com\/de\/\",\"logo\":{\"@type\":\"ImageObject\",\"inLanguage\":\"de\",\"@id\":\"https:\/\/sen-shop.com\/de\/#\/schema\/logo\/image\/\",\"url\":\"https:\/\/sen-shop.com\/wp-content\/uploads\/2018\/05\/header_logo.png\",\"contentUrl\":\"https:\/\/sen-shop.com\/wp-content\/uploads\/2018\/05\/header_logo.png\",\"width\":138,\"height\":70,\"caption\":\"Mind trade d.o.o\"},\"image\":{\"@id\":\"https:\/\/sen-shop.com\/de\/#\/schema\/logo\/image\/\"},\"sameAs\":[\"https:\/\/www.instagram.com\/senslovenija\/\",\"https:\/\/www.facebook.com\/Senshopslovenija\"]}]}<\/script>\n<!-- \/ Yoast SEO plugin. -->","yoast_head_json":{"title":"Muscle gel - SEN Shop","robots":{"index":"index","follow":"follow","max-snippet":"max-snippet:-1","max-image-preview":"max-image-preview:large","max-video-preview":"max-video-preview:-1"},"canonical":"https:\/\/sen-shop.com\/de\/collections\/nekategorizirano-de\/muscle-gel-2\/","og_locale":"de_DE","og_type":"article","og_title":"Muscle gel - SEN Shop","og_description":"Das Muskelgel hat eine leicht w\u00e4rmende Wirkung, die f\u00fcr das Aufw\u00e4rmen der Muskeln vor dem Sport und f\u00fcr die Pflege kalter und schlecht durchbluteter Gliedma\u00dfen von Vorteil ist. Unverzichtbares Produkt f\u00fcr Sportler und alle, die einen\u00a0aktiven Lebensstil\u00a0f\u00fchren.  \u00a0Vor und nach sportlicher Bet\u00e4tigung die gew\u00fcnschten Stellen mit Muskelgel einmassieren.  \u00a0Bei Beulen und blauen Flecken massieren Sie Muskelgel direkt auf die betroffene Stelle  \u00a0Achten Sie darauf, dass Muskelgel nicht mit den Schleimh\u00e4uten oder offenen Wunden in Ber\u00fchrung kommt.","og_url":"https:\/\/sen-shop.com\/de\/collections\/nekategorizirano-de\/muscle-gel-2\/","og_site_name":"SEN Shop","article_publisher":"https:\/\/www.facebook.com\/Senshopslovenija","og_image":[{"width":138,"height":70,"url":"https:\/\/sen-shop.com\/wp-content\/uploads\/2018\/04\/header_logo.png","type":"image\/png"}],"twitter_card":"summary_large_image","schema":{"@context":"https:\/\/schema.org","@graph":[{"@type":"WebPage","@id":"https:\/\/sen-shop.com\/de\/collections\/nekategorizirano-de\/muscle-gel-2\/","url":"https:\/\/sen-shop.com\/de\/collections\/nekategorizirano-de\/muscle-gel-2\/","name":"Muscle gel - SEN Shop","isPartOf":{"@id":"https:\/\/sen-shop.com\/de\/#website"},"datePublished":"2020-05-11T07:41:09+00:00","dateModified":"2020-05-11T07:41:09+00:00","breadcrumb":{"@id":"https:\/\/sen-shop.com\/de\/collections\/nekategorizirano-de\/muscle-gel-2\/#breadcrumb"},"inLanguage":"de","potentialAction":[{"@type":"ReadAction","target":["https:\/\/sen-shop.com\/de\/collections\/nekategorizirano-de\/muscle-gel-2\/"]}]},{"@type":"BreadcrumbList","@id":"https:\/\/sen-shop.com\/de\/collections\/nekategorizirano-de\/muscle-gel-2\/#breadcrumb","itemListElement":[{"@type":"ListItem","position":1,"name":"Home","item":"https:\/\/sen-shop.com\/de\/"},{"@type":"ListItem","position":2,"name":"Muscle gel"}]},{"@type":"WebSite","@id":"https:\/\/sen-shop.com\/de\/#website","url":"https:\/\/sen-shop.com\/de\/","name":"SEN Shop","description":"Slovensko, Ekolo\u0161ko, Naravno","publisher":{"@id":"https:\/\/sen-shop.com\/de\/#organization"},"potentialAction":[{"@type":"SearchAction","target":{"@type":"EntryPoint","urlTemplate":"https:\/\/sen-shop.com\/de\/?s={search_term_string}"},"query-input":"required name=search_term_string"}],"inLanguage":"de"},{"@type":"Organization","@id":"https:\/\/sen-shop.com\/de\/#organization","name":"Mind trade d.o.o","url":"https:\/\/sen-shop.com\/de\/","logo":{"@type":"ImageObject","inLanguage":"de","@id":"https:\/\/sen-shop.com\/de\/#\/schema\/logo\/image\/","url":"https:\/\/sen-shop.com\/wp-content\/uploads\/2018\/05\/header_logo.png","contentUrl":"https:\/\/sen-shop.com\/wp-content\/uploads\/2018\/05\/header_logo.png","width":138,"height":70,"caption":"Mind trade d.o.o"},"image":{"@id":"https:\/\/sen-shop.com\/de\/#\/schema\/logo\/image\/"},"sameAs":["https:\/\/www.instagram.com\/senslovenija\/","https:\/\/www.facebook.com\/Senshopslovenija"]}]}},"_links":{"self":[{"href":"https:\/\/sen-shop.com\/de\/wp-json\/wp\/v2\/product\/47538","targetHints":{"allow":["GET"]}}],"collection":[{"href":"https:\/\/sen-shop.com\/de\/wp-json\/wp\/v2\/product"}],"about":[{"href":"https:\/\/sen-shop.com\/de\/wp-json\/wp\/v2\/types\/product"}],"replies":[{"embeddable":true,"href":"https:\/\/sen-shop.com\/de\/wp-json\/wp\/v2\/comments?post=47538"}],"wp:attachment":[{"href":"https:\/\/sen-shop.com\/de\/wp-json\/wp\/v2\/media?parent=47538"}],"wp:term":[{"taxonomy":"product_cat","embeddable":true,"href":"https:\/\/sen-shop.com\/de\/wp-json\/wp\/v2\/product_cat?post=47538"},{"taxonomy":"product_tag","embeddable":true,"href":"https:\/\/sen-shop.com\/de\/wp-json\/wp\/v2\/product_tag?post=47538"}],"curies":[{"name":"wp","href":"https:\/\/api.w.org\/{rel}","templated":true}]}}