{"id":47536,"date":"2020-07-28T12:10:58","date_gmt":"2020-07-28T10:10:58","guid":{"rendered":"https:\/\/sen-shop.com\/collections\/unkategorisiert\/zemagel\/"},"modified":"2020-07-28T12:10:58","modified_gmt":"2020-07-28T10:10:58","slug":"zemagel","status":"publish","type":"product","link":"https:\/\/sen-shop.com\/de\/collections\/nekategorizirano-de\/zemagel\/","title":{"rendered":"Zemagel"},"content":{"rendered":"<p>Geschenk beim Kauf<\/p>\n","protected":false},"excerpt":{"rendered":"<p>Es wirkt wohltuend bei\u00a0<strong>Rheuma, Arthritis, Ischiasbeschwerden und anderen Beschwerden.<\/strong><\/p>\n<p><img decoding=\"async\" class=\"emoji\" role=\"img\" draggable=\"false\" src=\"https:\/\/s.w.org\/images\/core\/emoji\/13.1.0\/svg\/1f449.svg\" alt=\"\ud83d\udc49\" \/>\u00a0Reiben Sie die Creme zweimal t\u00e4glich auf schmerzende Gelenk- und R\u00fcckenpartien.<\/p>\n<p><img decoding=\"async\" class=\"emoji\" role=\"img\" draggable=\"false\" src=\"https:\/\/s.w.org\/images\/core\/emoji\/13.1.0\/svg\/1f449.svg\" alt=\"\ud83d\udc49\" \/>\u00a0Nicht geeignet f\u00fcr schwangere Frauen und Kinder unter 12 Jahren.<\/p>\n<p><img decoding=\"async\" class=\"emoji\" role=\"img\" draggable=\"false\" src=\"https:\/\/s.w.org\/images\/core\/emoji\/13.1.0\/svg\/1f449.svg\" alt=\"\ud83d\udc49\" \/>\u00a0Nur zur \u00e4u\u00dferlichen Anwendung, nicht auf Schleimh\u00e4ute oder verletzte Haut auftragen.<\/p>\n","protected":false},"featured_media":21724,"comment_status":"closed","ping_status":"closed","template":"","meta":{"inline_featured_image":false},"product_cat":[817],"product_tag":[],"class_list":["post-47536","product","type-product","status-publish","has-post-thumbnail","hentry","product_cat-nekategorizirano-de"],"acf":[],"yoast_head":"<!-- This site is optimized with the Yoast SEO plugin v19.13 - https:\/\/yoast.com\/wordpress\/plugins\/seo\/ -->\n<title>Zemagel - SEN Shop<\/title>\n<meta name=\"robots\" content=\"index, follow, max-snippet:-1, max-image-preview:large, max-video-preview:-1\" \/>\n<link rel=\"canonical\" href=\"https:\/\/sen-shop.com\/de\/collections\/nekategorizirano-de\/zemagel\/\" \/>\n<meta property=\"og:locale\" content=\"de_DE\" \/>\n<meta property=\"og:type\" content=\"article\" \/>\n<meta property=\"og:title\" content=\"Zemagel - SEN Shop\" \/>\n<meta property=\"og:description\" content=\"Es wirkt wohltuend bei\u00a0Rheuma, Arthritis, Ischiasbeschwerden und anderen Beschwerden.  \u00a0Reiben Sie die Creme zweimal t\u00e4glich auf schmerzende Gelenk- und R\u00fcckenpartien.  \u00a0Nicht geeignet f\u00fcr schwangere Frauen und Kinder unter 12 Jahren.  \u00a0Nur zur \u00e4u\u00dferlichen Anwendung, nicht auf Schleimh\u00e4ute oder verletzte Haut auftragen.\" \/>\n<meta property=\"og:url\" content=\"https:\/\/sen-shop.com\/de\/collections\/nekategorizirano-de\/zemagel\/\" \/>\n<meta property=\"og:site_name\" content=\"SEN Shop\" \/>\n<meta property=\"article:publisher\" content=\"https:\/\/www.facebook.com\/Senshopslovenija\" \/>\n<meta property=\"og:image\" content=\"https:\/\/sen-shop.com\/wp-content\/uploads\/2020\/07\/darilo-zemagel-vzorec-mini.png\" \/>\n\t<meta property=\"og:image:width\" content=\"700\" \/>\n\t<meta property=\"og:image:height\" content=\"800\" \/>\n\t<meta property=\"og:image:type\" content=\"image\/png\" \/>\n<meta name=\"twitter:card\" content=\"summary_large_image\" \/>\n<script type=\"application\/ld+json\" class=\"yoast-schema-graph\">{\"@context\":\"https:\/\/schema.org\",\"@graph\":[{\"@type\":\"WebPage\",\"@id\":\"https:\/\/sen-shop.com\/de\/collections\/nekategorizirano-de\/zemagel\/\",\"url\":\"https:\/\/sen-shop.com\/de\/collections\/nekategorizirano-de\/zemagel\/\",\"name\":\"Zemagel - SEN Shop\",\"isPartOf\":{\"@id\":\"https:\/\/sen-shop.com\/de\/#website\"},\"datePublished\":\"2020-07-28T10:10:58+00:00\",\"dateModified\":\"2020-07-28T10:10:58+00:00\",\"breadcrumb\":{\"@id\":\"https:\/\/sen-shop.com\/de\/collections\/nekategorizirano-de\/zemagel\/#breadcrumb\"},\"inLanguage\":\"de\",\"potentialAction\":[{\"@type\":\"ReadAction\",\"target\":[\"https:\/\/sen-shop.com\/de\/collections\/nekategorizirano-de\/zemagel\/\"]}]},{\"@type\":\"BreadcrumbList\",\"@id\":\"https:\/\/sen-shop.com\/de\/collections\/nekategorizirano-de\/zemagel\/#breadcrumb\",\"itemListElement\":[{\"@type\":\"ListItem\",\"position\":1,\"name\":\"Home\",\"item\":\"https:\/\/sen-shop.com\/de\/\"},{\"@type\":\"ListItem\",\"position\":2,\"name\":\"Zemagel\"}]},{\"@type\":\"WebSite\",\"@id\":\"https:\/\/sen-shop.com\/de\/#website\",\"url\":\"https:\/\/sen-shop.com\/de\/\",\"name\":\"SEN Shop\",\"description\":\"Slovensko, Ekolo\u0161ko, Naravno\",\"publisher\":{\"@id\":\"https:\/\/sen-shop.com\/de\/#organization\"},\"potentialAction\":[{\"@type\":\"SearchAction\",\"target\":{\"@type\":\"EntryPoint\",\"urlTemplate\":\"https:\/\/sen-shop.com\/de\/?s={search_term_string}\"},\"query-input\":\"required name=search_term_string\"}],\"inLanguage\":\"de\"},{\"@type\":\"Organization\",\"@id\":\"https:\/\/sen-shop.com\/de\/#organization\",\"name\":\"Mind trade d.o.o\",\"url\":\"https:\/\/sen-shop.com\/de\/\",\"logo\":{\"@type\":\"ImageObject\",\"inLanguage\":\"de\",\"@id\":\"https:\/\/sen-shop.com\/de\/#\/schema\/logo\/image\/\",\"url\":\"https:\/\/sen-shop.com\/wp-content\/uploads\/2018\/05\/header_logo.png\",\"contentUrl\":\"https:\/\/sen-shop.com\/wp-content\/uploads\/2018\/05\/header_logo.png\",\"width\":138,\"height\":70,\"caption\":\"Mind trade d.o.o\"},\"image\":{\"@id\":\"https:\/\/sen-shop.com\/de\/#\/schema\/logo\/image\/\"},\"sameAs\":[\"https:\/\/www.instagram.com\/senslovenija\/\",\"https:\/\/www.facebook.com\/Senshopslovenija\"]}]}<\/script>\n<!-- \/ Yoast SEO plugin. -->","yoast_head_json":{"title":"Zemagel - SEN Shop","robots":{"index":"index","follow":"follow","max-snippet":"max-snippet:-1","max-image-preview":"max-image-preview:large","max-video-preview":"max-video-preview:-1"},"canonical":"https:\/\/sen-shop.com\/de\/collections\/nekategorizirano-de\/zemagel\/","og_locale":"de_DE","og_type":"article","og_title":"Zemagel - SEN Shop","og_description":"Es wirkt wohltuend bei\u00a0Rheuma, Arthritis, Ischiasbeschwerden und anderen Beschwerden.  \u00a0Reiben Sie die Creme zweimal t\u00e4glich auf schmerzende Gelenk- und R\u00fcckenpartien.  \u00a0Nicht geeignet f\u00fcr schwangere Frauen und Kinder unter 12 Jahren.  \u00a0Nur zur \u00e4u\u00dferlichen Anwendung, nicht auf Schleimh\u00e4ute oder verletzte Haut auftragen.","og_url":"https:\/\/sen-shop.com\/de\/collections\/nekategorizirano-de\/zemagel\/","og_site_name":"SEN Shop","article_publisher":"https:\/\/www.facebook.com\/Senshopslovenija","og_image":[{"width":700,"height":800,"url":"https:\/\/sen-shop.com\/wp-content\/uploads\/2020\/07\/darilo-zemagel-vzorec-mini.png","type":"image\/png"}],"twitter_card":"summary_large_image","schema":{"@context":"https:\/\/schema.org","@graph":[{"@type":"WebPage","@id":"https:\/\/sen-shop.com\/de\/collections\/nekategorizirano-de\/zemagel\/","url":"https:\/\/sen-shop.com\/de\/collections\/nekategorizirano-de\/zemagel\/","name":"Zemagel - SEN Shop","isPartOf":{"@id":"https:\/\/sen-shop.com\/de\/#website"},"datePublished":"2020-07-28T10:10:58+00:00","dateModified":"2020-07-28T10:10:58+00:00","breadcrumb":{"@id":"https:\/\/sen-shop.com\/de\/collections\/nekategorizirano-de\/zemagel\/#breadcrumb"},"inLanguage":"de","potentialAction":[{"@type":"ReadAction","target":["https:\/\/sen-shop.com\/de\/collections\/nekategorizirano-de\/zemagel\/"]}]},{"@type":"BreadcrumbList","@id":"https:\/\/sen-shop.com\/de\/collections\/nekategorizirano-de\/zemagel\/#breadcrumb","itemListElement":[{"@type":"ListItem","position":1,"name":"Home","item":"https:\/\/sen-shop.com\/de\/"},{"@type":"ListItem","position":2,"name":"Zemagel"}]},{"@type":"WebSite","@id":"https:\/\/sen-shop.com\/de\/#website","url":"https:\/\/sen-shop.com\/de\/","name":"SEN Shop","description":"Slovensko, Ekolo\u0161ko, Naravno","publisher":{"@id":"https:\/\/sen-shop.com\/de\/#organization"},"potentialAction":[{"@type":"SearchAction","target":{"@type":"EntryPoint","urlTemplate":"https:\/\/sen-shop.com\/de\/?s={search_term_string}"},"query-input":"required name=search_term_string"}],"inLanguage":"de"},{"@type":"Organization","@id":"https:\/\/sen-shop.com\/de\/#organization","name":"Mind trade d.o.o","url":"https:\/\/sen-shop.com\/de\/","logo":{"@type":"ImageObject","inLanguage":"de","@id":"https:\/\/sen-shop.com\/de\/#\/schema\/logo\/image\/","url":"https:\/\/sen-shop.com\/wp-content\/uploads\/2018\/05\/header_logo.png","contentUrl":"https:\/\/sen-shop.com\/wp-content\/uploads\/2018\/05\/header_logo.png","width":138,"height":70,"caption":"Mind trade d.o.o"},"image":{"@id":"https:\/\/sen-shop.com\/de\/#\/schema\/logo\/image\/"},"sameAs":["https:\/\/www.instagram.com\/senslovenija\/","https:\/\/www.facebook.com\/Senshopslovenija"]}]}},"_links":{"self":[{"href":"https:\/\/sen-shop.com\/de\/wp-json\/wp\/v2\/product\/47536","targetHints":{"allow":["GET"]}}],"collection":[{"href":"https:\/\/sen-shop.com\/de\/wp-json\/wp\/v2\/product"}],"about":[{"href":"https:\/\/sen-shop.com\/de\/wp-json\/wp\/v2\/types\/product"}],"replies":[{"embeddable":true,"href":"https:\/\/sen-shop.com\/de\/wp-json\/wp\/v2\/comments?post=47536"}],"wp:featuredmedia":[{"embeddable":true,"href":"https:\/\/sen-shop.com\/de\/wp-json\/wp\/v2\/media\/21724"}],"wp:attachment":[{"href":"https:\/\/sen-shop.com\/de\/wp-json\/wp\/v2\/media?parent=47536"}],"wp:term":[{"taxonomy":"product_cat","embeddable":true,"href":"https:\/\/sen-shop.com\/de\/wp-json\/wp\/v2\/product_cat?post=47536"},{"taxonomy":"product_tag","embeddable":true,"href":"https:\/\/sen-shop.com\/de\/wp-json\/wp\/v2\/product_tag?post=47536"}],"curies":[{"name":"wp","href":"https:\/\/api.w.org\/{rel}","templated":true}]}}