{"id":33405,"date":"2018-05-17T18:55:04","date_gmt":"2018-05-17T16:55:04","guid":{"rendered":"https:\/\/sen-shop.com\/collections\/unkategorisiert\/tanita-bc-545n\/"},"modified":"2022-01-10T15:56:35","modified_gmt":"2022-01-10T14:56:35","slug":"tanita-bc-545n","status":"publish","type":"product","link":"https:\/\/sen-shop.com\/de\/collections\/tanita-de\/tanita-bc-545n\/","title":{"rendered":"TANITA BC-545N"},"content":{"rendered":"<h4 id=\"segmental-body-composition-monitors\">TANITA BC-545N SEGMENT-K\u00d6RPERANALYSEWAAGE<\/h4>\n<p>Die Tanita BC-545N erm\u00f6glicht es Ihnen, Ihren Fitnessfortschritt und Ihre allgemeine Gesundheit zu messen. Einfach auf das Ger\u00e4t treten und die Griffe anfassen. Innerhalb von 15 Sekunden liefert es Ihnen zehn verschiedene Gesundheitsmessungen. Dar\u00fcber hinaus zeigt es den Muskel- und Fettanteil f\u00fcr jede Extremit\u00e4t (Arme, Beine und Rumpf) separat an. So k\u00f6nnen Sie muskul\u00e4re Ungleichgewichte erkennen, sich Ziele f\u00fcr bestimmte Bereiche setzen und Verletzungen vorbeugen. Das Tanita BC-545N hat ein klares, leicht ablesbares Farbdisplay. Sie k\u00f6nnen die Messungen von bis zu f\u00fcnf Nutzern verfolgen, die bis zu einem Jahr lang gespeichert werden. Die K\u00f6rperwaage erkennt automatisch, welcher Benutzer das Ger\u00e4t betritt. So wird sichergestellt, dass Sie Ihre Altersgruppe, Ihr Geschlecht und andere allgemeine Informationen nur einmal eingeben m\u00fcssen.<\/p>\n<h4>BC-545N FUNKTIONEN UND MESSWERTE:<\/h4>\n<ul>\n<li><strong>Gewicht<\/strong><\/li>\n<li><strong>K\u00f6rperfett<\/strong> &#8211; Der K\u00f6rperfettanteil ist abh\u00e4ngig von Ihrer Ern\u00e4hrung, Ihrem Lebensstil und Ihrer k\u00f6rperlichen Aktivit\u00e4t. Verschiedene Forschungsarbeiten und medizinische Studien haben bewiesen, dass ein hoher K\u00f6rperfettanteil die Hauptursache f\u00fcr verschiedene Krankheiten wie Bluthochdruck, Herzkrankheiten, Diabetes und bestimmte Krebsarten ist. Die Reduzierung eines zu hohen K\u00f6rperfettanteils verringert nachweislich direkt das Risiko f\u00fcr diese Krankheiten. My Tanita App sagt Ihnen sofort, ob Sie zu einer gesunden oder kritischen Gruppe geh\u00f6ren. (Herz-Kreislauf-Erkrankungen, Diabetes, etc.).<\/li>\n<li><strong>K\u00f6rperwasser<\/strong> &#8211; Der prozentuale Anteil des Gesamtk\u00f6rperwassers ist die Gesamtmenge an Fl\u00fcssigkeit im K\u00f6rper einer Person, ausgedr\u00fcckt als Prozentsatz des Gesamtgewichts. K\u00f6rperwasser ist ein wesentlicher Bestandteil der Gesunderhaltung. Mehr als die H\u00e4lfte des K\u00f6rpers besteht aus Wasser. Es reguliert die K\u00f6rpertemperatur und hilft bei der Ausscheidung von Abfallstoffen. Durch Urin, Schwei\u00df und Atmung verliert der Mensch st\u00e4ndig Wasser, daher ist es wichtig, es st\u00e4ndig zu ersetzen. Die t\u00e4glich ben\u00f6tigte Fl\u00fcssigkeitsmenge ist von Mensch zu Mensch unterschiedlich und h\u00e4ngt von den klimatischen Bedingungen und der k\u00f6rperlichen Aktivit\u00e4t ab, die man aus\u00fcbt. Eine gute Fl\u00fcssigkeitszufuhr f\u00f6rdert die Konzentrationsf\u00e4higkeit, die sportliche Leistung und das allgemeine Wohlbefinden. Experten empfehlen, t\u00e4glich mindestens zwei Liter Fl\u00fcssigkeit, vorzugsweise Wasser, zu trinken. Wenn Sie trainieren, ist es wichtig, Ihre Fl\u00fcssigkeitszufuhr zu erh\u00f6hen, um jederzeit H\u00f6chstleistungen zu erbringen.<\/li>\n<li><strong>Muskelmasse<\/strong> &#8211; beinhaltet die Skelettmuskulatur, die glatte Muskulatur wie die Herz- und Verdauungsmuskulatur und das in diesen Muskeln enthaltene Wasser. Die Beobachtung, wie viel Muskelmasse Sie w\u00e4hrend Ihres Trainings gewonnen haben, gibt Ihnen Aufschluss dar\u00fcber, wie effektiv Ihr Training ist. Die Muskeln spielen eine wichtige Rolle, da sie als Motor fungieren, der Energie verbraucht. Mit zunehmender Muskelmasse steigt auch Ihr Energieverbrauch, was Ihnen hilft, \u00fcbersch\u00fcssiges K\u00f6rperfett abzubauen und auf gesunde Weise Gewicht zu verlieren.<\/li>\n<li><strong>Segmentaler K\u00f6rperfettanteil<\/strong> &#8211; gibt den Fettanteil der Arme, Beine und des Bauchraums separat an und hilft Ihnen, die Auswirkungen Ihres Trainingsprogramms im Laufe der Zeit zu erkennen und zu verstehen. Der K\u00f6rperfettanteil ist von Ihrer Ern\u00e4hrung, Ihrem Lebensstil und Ihrer k\u00f6rperlichen Aktivit\u00e4t abh\u00e4ngig. Mehrere Forschungsarbeiten und medizinische Studien haben bewiesen, dass ein hoher K\u00f6rperfettanteil die Hauptursache f\u00fcr verschiedene Krankheiten wie Bluthochdruck, Herzkrankheiten, Diabetes und bestimmte Krebsarten ist. Die Reduzierung eines zu hohen K\u00f6rperfettanteils verringert nachweislich direkt das Risiko f\u00fcr diese Krankheiten. My Tanita App sagt Ihnen sofort, ob Sie zu einer gesunden oder kritischen Gruppe geh\u00f6ren. (Herz-Kreislauf-Erkrankungen, Diabetes, etc.).<\/li>\n<li><strong>Segmentale Muskelmasse<\/strong> &#8211; gibt die Muskelmasse Ihrer Arme, Beine und des Kernbereichs der Bauchmuskulatur separat an. Die Muskelmasse beinhaltet die Skelettmuskulatur, die glatte Muskulatur wie die Herz- und Verdauungsmuskulatur und das in diesen Muskeln enthaltene Wasser. Die Beobachtung, wie viel Muskelmasse Sie w\u00e4hrend Ihres Trainings gewonnen haben, gibt Ihnen Aufschluss dar\u00fcber, wie effektiv Ihr Training ist. Muskeln spielen eine wichtige Rolle, da sie als Motor fungieren, der Energie verbraucht. Mit zunehmender Muskelmasse steigt auch Ihr Energieverbrauch, was Ihnen hilft, \u00fcbersch\u00fcssiges K\u00f6rperfett abzubauen und auf gesunde Weise Gewicht zu verlieren.<\/li>\n<li><strong>Knochenmasse<\/strong> &#8211; gibt an, wie viel Mineralien (Knochenmineralien, Kalzium oder andere Mineralien) im K\u00f6rper vorhanden sind. Die Wissenschaft hat gezeigt, dass Bewegung und der Aufbau von Muskelgewebe mit st\u00e4rkeren und ges\u00fcnderen Knochen zusammenh\u00e4ngen.<\/li>\n<li><strong>Body-Mass-Index (BMI)<\/strong> &#8211; bezeichnet das Verh\u00e4ltnis zwischen K\u00f6rpergr\u00f6\u00dfe und Gewicht. Das Analyseger\u00e4t zeigt Ihnen in der Tanita Anwendung sofort an, ob Sie zu einer gesunden oder kritischen Gruppe geh\u00f6ren.<\/li>\n<li><strong>Grundumsatz (BMR)<\/strong> &#8211; ist das Mindestma\u00df an Energie, das Ihr K\u00f6rper im Ruhezustand ben\u00f6tigt, um effektiv zu funktionieren. Dazu geh\u00f6rt die Funktion Ihrer Atmungs- und Kreislauforgane, des Nervensystems, der Leber, der Nieren und anderer Organe. Auch im Schlaf verbrennen Sie weiterhin Kalorien. Etwa 70 % der Kalorien, die Ihr K\u00f6rper t\u00e4glich verbraucht, entfallen auf Ihren Grundumsatz. Ihr Grundumsatz wird in hohem Ma\u00dfe von Ihrer Muskelmasse beeinflusst, so dass eine Zunahme der Muskelmasse Ihren Grundumsatz erh\u00f6ht. Ein h\u00f6herer Grundumsatz erh\u00f6ht die Zahl der verbrauchten Kalorien und hilft, die Menge an K\u00f6rperfett zu verringern.<\/li>\n<li><strong>Viszeralfett<\/strong> &#8211; ist das Fett, das die lebenswichtigen Organe im Bauchbereich umgibt. Im Gegensatz zu \u201enormalem\u201c Fett ist viszerales Fett tiefer in der Haut gespeichert und umschlie\u00dft wichtige Organe wie Leber, Bauchspeicheldr\u00fcse und Niere. Viszeralfett sorgt daf\u00fcr, dass zwischen den einzelnen Organen ein gewisser Abstand besteht. Wenn zu viel viszerales Fett gebildet wird, kann dies zu Entz\u00fcndungen und Bluthochdruck f\u00fchren, was das Risiko f\u00fcr ernsthafte Gesundheitsprobleme erh\u00f6ht. Dies wird auch als zentrale Fettleibigkeit bezeichnet.<br \/>\nDas viszerale Fett hat auch Auswirkungen auf das Adiponektin oder \u201eFetthormon\u201c. Adiponektin hat die Aufgabe, das K\u00f6rperfett zu regulieren. Viszerales Fett hemmt Adiponektin. Dies hat zur Folge, dass Ihr K\u00f6rper mehr Fett produziert, als Sie eigentlich brauchen. Ein hoher Anteil an viszeralem Fett beeinflusst auch Ihre Insulinempfindlichkeit. Das bedeutet, dass es sp\u00e4ter im Leben zu Typ-2-Diabetes f\u00fchren kann.<br \/>\nEin gesunder Anteil an viszeralem Fett kann das Risiko f\u00fcr bestimmte Krankheiten wie Herzkrankheiten, Bluthochdruck und Typ-2-Diabetes verringern.<br \/>\nHinweis: Sie k\u00f6nnen trotz Ihres niedrigen K\u00f6rperfettanteils einen hohen Anteil an viszeralem Fett haben.<\/li>\n<li><strong>Stoffwechselalter<\/strong> &#8211; berechnet Ihren Grundumsatz und zeigt das Durchschnittsalter an, das mit der Art des Stoffwechsels verbunden ist. Liegt Ihr metabolisches Alter h\u00f6her als Ihr tats\u00e4chliches Alter, ist dies ein Hinweis darauf, dass Sie Ihren Stoffwechsel verbessern m\u00fcssen. Durch vermehrte Bewegung wird gesundes Muskelgewebe aufgebaut, was Ihr metabolisches Alter verbessert.<\/li>\n<li><strong>K\u00f6rperbauwert<\/strong> &#8211; beurteilt Ihren K\u00f6rperbau nach dem Verh\u00e4ltnis von K\u00f6rperfett und Muskelmasse in Ihrem K\u00f6rper. Je aktiver Sie werden und je mehr K\u00f6rperfett Sie abbauen, desto mehr ver\u00e4ndert sich Ihr K\u00f6rperbau-Rating. Selbst wenn sich Ihr Gewicht nicht \u00e4ndert, k\u00f6nnen sich Ihre Muskelmasse und Ihr K\u00f6rperfettanteil ver\u00e4ndern und Sie ges\u00fcnder machen, wodurch sich Ihr Risiko f\u00fcr bestimmte Krankheiten verringert.<\/li>\n<\/ul>\n<h4>WIE DIE MESSUNG FUNKTIONIERT:<\/h4>\n<p>W\u00e4hrend Sie auf der Messfl\u00e4che stehen, ziehen Sie vorsichtig an den Griffen an der Vorderseite des Analyseger\u00e4tes. Das Analyseger\u00e4t sendet \u00fcber alle 8 Elektroden einen sanften elektrischen Strom durch den K\u00f6rper. Auf der Grundlage des Widerstands und zuverl\u00e4ssiger, wissenschaftlich gepr\u00fcfter und patentierter Formeln berechnet das Analyseger\u00e4t die K\u00f6rperzusammensetzung einer Person.<\/p>\n<h4>EINZIGARTIGE MERKMALE<\/h4>\n<p>Das BC-545N ist leicht zu bedienen und erm\u00f6glicht bis zu f\u00fcnf Benutzern die \u00dcberwachung und \u00dcberpr\u00fcfung ihrer Messungen, die ein Jahr lang im Analyseger\u00e4t gespeichert werden. Alle Informationen werden auf einem leicht ablesbaren Farbbildschirm auf der Handheld-Konsole angezeigt. Au\u00dferdem gibt es eine automatische Benutzererkennung.<\/p>\n<h4>ZUS\u00c4TZLICHE MERKMALE:<\/h4>\n<ul>\n<li>Griffe f\u00fcr die segmentale K\u00f6rperanalyse<\/li>\n<li>Farbbildschirm<\/li>\n<li>Automatische Benutzererkennung<\/li>\n<li>Abruf der letzten Ergebnisse<\/li>\n<li>Option &#8222;Nur Gewicht&#8220;<\/li>\n<li>Athleten-Modus<\/li>\n<li>G\u00e4stemodus<\/li>\n<li>Wiegekapazit\u00e4t bis zu 150 kg<\/li>\n<li>Genauigkeit 100 g<\/li>\n<li>5 Speichertasten<\/li>\n<li>Batterien im Lieferumfang enthalten<\/li>\n<li>3 Jahre Garantie<\/li>\n<\/ul>\n<p><iframe loading=\"lazy\" title=\"Tanita BC545N Segmental Body Composition Monitor\" width=\"500\" height=\"281\" src=\"https:\/\/www.youtube.com\/embed\/R-rPnSRY1vk?feature=oembed\" frameborder=\"0\" allow=\"accelerometer; autoplay; clipboard-write; encrypted-media; gyroscope; picture-in-picture; web-share\" referrerpolicy=\"strict-origin-when-cross-origin\" allowfullscreen><\/iframe><\/p>\n<p>&nbsp;<\/p>\n","protected":false},"excerpt":{"rendered":"<p>Tanita BC-545N nutzt 8 polare Elektroden, die die h\u00f6chste Genauigkeit der Ergebnisse gew\u00e4hrleisten. Dies erm\u00f6glicht eine segmentale Messanalyse, bei der der K\u00f6rper in f\u00fcnf Teile (Arme, Beine und Rumpf) unterteilt wird.<\/p>\n<p>Eine detaillierte Bewertung der K\u00f6rperzusammensetzung hilft Ihnen, die Auswirkungen Ihres Trainings im Laufe der Zeit zu erkennen und zu verstehen. Au\u00dferdem k\u00f6nnen Sie so Ihr Training anpassen und Ziele setzen, muskul\u00e4re Ungleichgewichte korrigieren und Verletzungen vermeiden.<\/p>\n<p>Die Ergebnisse werden in 15 Sekunden angezeigt.<\/p>\n[banner_tanita]\n","protected":false},"featured_media":33411,"comment_status":"open","ping_status":"closed","template":"","meta":{"inline_featured_image":false},"product_cat":[848,849],"product_tag":[897,898,900,896,899,1028,1030,895,901,1029],"class_list":["post-33405","product","type-product","status-publish","has-post-thumbnail","hentry","product_cat-tanita-de","product_cat-tanita-verbraucherprodukte","product_tag-analizator-tanita-de","product_tag-analizator-telesne-teze-de","product_tag-digitalna-osebna-tehtnica-de","product_tag-digitalna-tehtnica-de","product_tag-nakup-tanite-de","product_tag-osebna-raba-tanite","product_tag-pametna-tehtnica-de","product_tag-tanita-de","product_tag-tanita-tehtnica-de","product_tag-tehtnica-za-merjenje-telesne-sestave-de"],"acf":[],"yoast_head":"<!-- This site is optimized with the Yoast SEO plugin v19.13 - https:\/\/yoast.com\/wordpress\/plugins\/seo\/ -->\n<title>TANITA BC-545N - SEN Shop<\/title>\n<meta name=\"robots\" content=\"index, follow, max-snippet:-1, max-image-preview:large, max-video-preview:-1\" \/>\n<link rel=\"canonical\" href=\"https:\/\/sen-shop.com\/de\/collections\/tanita-de\/tanita-bc-545n\/\" \/>\n<meta property=\"og:locale\" content=\"de_DE\" \/>\n<meta property=\"og:type\" content=\"article\" \/>\n<meta property=\"og:title\" content=\"TANITA BC-545N - SEN Shop\" \/>\n<meta property=\"og:description\" content=\"Tanita BC-545N nutzt 8 polare Elektroden, die die h\u00f6chste Genauigkeit der Ergebnisse gew\u00e4hrleisten. Dies erm\u00f6glicht eine segmentale Messanalyse, bei der der K\u00f6rper in f\u00fcnf Teile (Arme, Beine und Rumpf) unterteilt wird.  Eine detaillierte Bewertung der K\u00f6rperzusammensetzung hilft Ihnen, die Auswirkungen Ihres Trainings im Laufe der Zeit zu erkennen und zu verstehen. Au\u00dferdem k\u00f6nnen Sie so Ihr Training anpassen und Ziele setzen, muskul\u00e4re Ungleichgewichte korrigieren und Verletzungen vermeiden.  Die Ergebnisse werden in 15 Sekunden angezeigt.\" \/>\n<meta property=\"og:url\" content=\"https:\/\/sen-shop.com\/de\/collections\/tanita-de\/tanita-bc-545n\/\" \/>\n<meta property=\"og:site_name\" content=\"SEN Shop\" \/>\n<meta property=\"article:publisher\" content=\"https:\/\/www.facebook.com\/Senshopslovenija\" \/>\n<meta property=\"article:modified_time\" content=\"2022-01-10T14:56:35+00:00\" \/>\n<meta property=\"og:image\" content=\"https:\/\/sen-shop.com\/wp-content\/uploads\/2018\/05\/tanita-bc-545-n-ab.png\" \/>\n\t<meta property=\"og:image:width\" content=\"700\" \/>\n\t<meta property=\"og:image:height\" content=\"700\" \/>\n\t<meta property=\"og:image:type\" content=\"image\/png\" \/>\n<meta name=\"twitter:card\" content=\"summary_large_image\" \/>\n<meta name=\"twitter:label1\" content=\"Gesch\u00e4tzte Lesezeit\" \/>\n\t<meta name=\"twitter:data1\" content=\"6\u00a0Minuten\" \/>\n<script type=\"application\/ld+json\" class=\"yoast-schema-graph\">{\"@context\":\"https:\/\/schema.org\",\"@graph\":[{\"@type\":\"WebPage\",\"@id\":\"https:\/\/sen-shop.com\/de\/collections\/tanita-de\/tanita-bc-545n\/\",\"url\":\"https:\/\/sen-shop.com\/de\/collections\/tanita-de\/tanita-bc-545n\/\",\"name\":\"TANITA BC-545N - SEN Shop\",\"isPartOf\":{\"@id\":\"https:\/\/sen-shop.com\/de\/#website\"},\"datePublished\":\"2018-05-17T16:55:04+00:00\",\"dateModified\":\"2022-01-10T14:56:35+00:00\",\"breadcrumb\":{\"@id\":\"https:\/\/sen-shop.com\/de\/collections\/tanita-de\/tanita-bc-545n\/#breadcrumb\"},\"inLanguage\":\"de\",\"potentialAction\":[{\"@type\":\"ReadAction\",\"target\":[\"https:\/\/sen-shop.com\/de\/collections\/tanita-de\/tanita-bc-545n\/\"]}]},{\"@type\":\"BreadcrumbList\",\"@id\":\"https:\/\/sen-shop.com\/de\/collections\/tanita-de\/tanita-bc-545n\/#breadcrumb\",\"itemListElement\":[{\"@type\":\"ListItem\",\"position\":1,\"name\":\"Home\",\"item\":\"https:\/\/sen-shop.com\/de\/\"},{\"@type\":\"ListItem\",\"position\":2,\"name\":\"TANITA BC-545N\"}]},{\"@type\":\"WebSite\",\"@id\":\"https:\/\/sen-shop.com\/de\/#website\",\"url\":\"https:\/\/sen-shop.com\/de\/\",\"name\":\"SEN Shop\",\"description\":\"Slovensko, Ekolo\u0161ko, Naravno\",\"publisher\":{\"@id\":\"https:\/\/sen-shop.com\/de\/#organization\"},\"potentialAction\":[{\"@type\":\"SearchAction\",\"target\":{\"@type\":\"EntryPoint\",\"urlTemplate\":\"https:\/\/sen-shop.com\/de\/?s={search_term_string}\"},\"query-input\":\"required name=search_term_string\"}],\"inLanguage\":\"de\"},{\"@type\":\"Organization\",\"@id\":\"https:\/\/sen-shop.com\/de\/#organization\",\"name\":\"Mind trade d.o.o\",\"url\":\"https:\/\/sen-shop.com\/de\/\",\"logo\":{\"@type\":\"ImageObject\",\"inLanguage\":\"de\",\"@id\":\"https:\/\/sen-shop.com\/de\/#\/schema\/logo\/image\/\",\"url\":\"https:\/\/sen-shop.com\/wp-content\/uploads\/2018\/05\/header_logo.png\",\"contentUrl\":\"https:\/\/sen-shop.com\/wp-content\/uploads\/2018\/05\/header_logo.png\",\"width\":138,\"height\":70,\"caption\":\"Mind trade d.o.o\"},\"image\":{\"@id\":\"https:\/\/sen-shop.com\/de\/#\/schema\/logo\/image\/\"},\"sameAs\":[\"https:\/\/www.instagram.com\/senslovenija\/\",\"https:\/\/www.facebook.com\/Senshopslovenija\"]}]}<\/script>\n<!-- \/ Yoast SEO plugin. -->","yoast_head_json":{"title":"TANITA BC-545N - SEN Shop","robots":{"index":"index","follow":"follow","max-snippet":"max-snippet:-1","max-image-preview":"max-image-preview:large","max-video-preview":"max-video-preview:-1"},"canonical":"https:\/\/sen-shop.com\/de\/collections\/tanita-de\/tanita-bc-545n\/","og_locale":"de_DE","og_type":"article","og_title":"TANITA BC-545N - SEN Shop","og_description":"Tanita BC-545N nutzt 8 polare Elektroden, die die h\u00f6chste Genauigkeit der Ergebnisse gew\u00e4hrleisten. Dies erm\u00f6glicht eine segmentale Messanalyse, bei der der K\u00f6rper in f\u00fcnf Teile (Arme, Beine und Rumpf) unterteilt wird.  Eine detaillierte Bewertung der K\u00f6rperzusammensetzung hilft Ihnen, die Auswirkungen Ihres Trainings im Laufe der Zeit zu erkennen und zu verstehen. Au\u00dferdem k\u00f6nnen Sie so Ihr Training anpassen und Ziele setzen, muskul\u00e4re Ungleichgewichte korrigieren und Verletzungen vermeiden.  Die Ergebnisse werden in 15 Sekunden angezeigt.","og_url":"https:\/\/sen-shop.com\/de\/collections\/tanita-de\/tanita-bc-545n\/","og_site_name":"SEN Shop","article_publisher":"https:\/\/www.facebook.com\/Senshopslovenija","article_modified_time":"2022-01-10T14:56:35+00:00","og_image":[{"width":700,"height":700,"url":"https:\/\/sen-shop.com\/wp-content\/uploads\/2018\/05\/tanita-bc-545-n-ab.png","type":"image\/png"}],"twitter_card":"summary_large_image","twitter_misc":{"Gesch\u00e4tzte Lesezeit":"6\u00a0Minuten"},"schema":{"@context":"https:\/\/schema.org","@graph":[{"@type":"WebPage","@id":"https:\/\/sen-shop.com\/de\/collections\/tanita-de\/tanita-bc-545n\/","url":"https:\/\/sen-shop.com\/de\/collections\/tanita-de\/tanita-bc-545n\/","name":"TANITA BC-545N - SEN Shop","isPartOf":{"@id":"https:\/\/sen-shop.com\/de\/#website"},"datePublished":"2018-05-17T16:55:04+00:00","dateModified":"2022-01-10T14:56:35+00:00","breadcrumb":{"@id":"https:\/\/sen-shop.com\/de\/collections\/tanita-de\/tanita-bc-545n\/#breadcrumb"},"inLanguage":"de","potentialAction":[{"@type":"ReadAction","target":["https:\/\/sen-shop.com\/de\/collections\/tanita-de\/tanita-bc-545n\/"]}]},{"@type":"BreadcrumbList","@id":"https:\/\/sen-shop.com\/de\/collections\/tanita-de\/tanita-bc-545n\/#breadcrumb","itemListElement":[{"@type":"ListItem","position":1,"name":"Home","item":"https:\/\/sen-shop.com\/de\/"},{"@type":"ListItem","position":2,"name":"TANITA BC-545N"}]},{"@type":"WebSite","@id":"https:\/\/sen-shop.com\/de\/#website","url":"https:\/\/sen-shop.com\/de\/","name":"SEN Shop","description":"Slovensko, Ekolo\u0161ko, Naravno","publisher":{"@id":"https:\/\/sen-shop.com\/de\/#organization"},"potentialAction":[{"@type":"SearchAction","target":{"@type":"EntryPoint","urlTemplate":"https:\/\/sen-shop.com\/de\/?s={search_term_string}"},"query-input":"required name=search_term_string"}],"inLanguage":"de"},{"@type":"Organization","@id":"https:\/\/sen-shop.com\/de\/#organization","name":"Mind trade d.o.o","url":"https:\/\/sen-shop.com\/de\/","logo":{"@type":"ImageObject","inLanguage":"de","@id":"https:\/\/sen-shop.com\/de\/#\/schema\/logo\/image\/","url":"https:\/\/sen-shop.com\/wp-content\/uploads\/2018\/05\/header_logo.png","contentUrl":"https:\/\/sen-shop.com\/wp-content\/uploads\/2018\/05\/header_logo.png","width":138,"height":70,"caption":"Mind trade d.o.o"},"image":{"@id":"https:\/\/sen-shop.com\/de\/#\/schema\/logo\/image\/"},"sameAs":["https:\/\/www.instagram.com\/senslovenija\/","https:\/\/www.facebook.com\/Senshopslovenija"]}]}},"_links":{"self":[{"href":"https:\/\/sen-shop.com\/de\/wp-json\/wp\/v2\/product\/33405","targetHints":{"allow":["GET"]}}],"collection":[{"href":"https:\/\/sen-shop.com\/de\/wp-json\/wp\/v2\/product"}],"about":[{"href":"https:\/\/sen-shop.com\/de\/wp-json\/wp\/v2\/types\/product"}],"replies":[{"embeddable":true,"href":"https:\/\/sen-shop.com\/de\/wp-json\/wp\/v2\/comments?post=33405"}],"wp:featuredmedia":[{"embeddable":true,"href":"https:\/\/sen-shop.com\/de\/wp-json\/wp\/v2\/media\/33411"}],"wp:attachment":[{"href":"https:\/\/sen-shop.com\/de\/wp-json\/wp\/v2\/media?parent=33405"}],"wp:term":[{"taxonomy":"product_cat","embeddable":true,"href":"https:\/\/sen-shop.com\/de\/wp-json\/wp\/v2\/product_cat?post=33405"},{"taxonomy":"product_tag","embeddable":true,"href":"https:\/\/sen-shop.com\/de\/wp-json\/wp\/v2\/product_tag?post=33405"}],"curies":[{"name":"wp","href":"https:\/\/api.w.org\/{rel}","templated":true}]}}