{"id":33395,"date":"2018-05-19T12:26:32","date_gmt":"2018-05-19T10:26:32","guid":{"rendered":"https:\/\/sen-shop.com\/collections\/unkategorisiert\/tanita-rd-953-w\/"},"modified":"2021-11-10T15:40:58","modified_gmt":"2021-11-10T14:40:58","slug":"tanita-rd-953-w","status":"publish","type":"product","link":"https:\/\/sen-shop.com\/de\/collections\/tanita-de\/tanita-rd-953-w\/","title":{"rendered":"TANITA RD-953 WEISS"},"content":{"rendered":"<h4 id=\"segmental-body-composition-monitors\">TANITA RD-953 WEISS K\u00d6RPERANALYSEWAAGE<\/h4>\n<p>Sie m\u00f6chten die Auswirkungen von Training oder Di\u00e4t auf Ihren K\u00f6rper sehen und \u00fcberwachen? Die Smart Scale von Tanita bietet Ihnen h\u00f6chste Genauigkeit f\u00fcr schnelle und zuverl\u00e4ssige Messungen mit der patentierten Zwei-Frequenz-BIA-Methode.<\/p>\n<p>Laden Sie die kostenlose My TANITA Mobile App herunter und verfolgen Sie Ihre Fortschritte.<\/p>\n<h4><a href=\"https:\/\/play.google.com\/store\/apps\/details?id=com.tanita.mytanita&amp;hl=sl\"><img loading=\"lazy\" decoding=\"async\" class=\"wp-image-33400 alignright\" src=\"https:\/\/sen-shop.com\/wp-content\/uploads\/2018\/05\/my-tanita-app.png\" alt=\"\" width=\"134\" height=\"134\" srcset=\"https:\/\/sen-shop.com\/wp-content\/uploads\/2018\/05\/my-tanita-app.png 180w, https:\/\/sen-shop.com\/wp-content\/uploads\/2018\/05\/my-tanita-app-100x100.png 100w, https:\/\/sen-shop.com\/wp-content\/uploads\/2018\/05\/my-tanita-app-50x50.png 50w, https:\/\/sen-shop.com\/wp-content\/uploads\/2018\/05\/my-tanita-app-60x60.png 60w\" sizes=\"auto, (max-width: 134px) 100vw, 134px\" \/><\/a>RD-953 FUNKTIONEN UND MESSWERTE:<\/h4>\n<ul>\n<li><strong>Gewicht<\/strong><\/li>\n<li><strong>K\u00f6rperfett<\/strong>\u00a0\u2013 Der K\u00f6rperfettanteil ist abh\u00e4ngig von Ihrer Ern\u00e4hrung, Ihrem Lebensstil und Ihrer k\u00f6rperlichen Aktivit\u00e4t. Verschiedene Forschungsarbeiten und medizinische Studien haben bewiesen, dass ein hoher K\u00f6rperfettanteil die Hauptursache f\u00fcr verschiedene Krankheiten wie Bluthochdruck, Herzkrankheiten, Diabetes und bestimmte Krebsarten ist. Die Reduzierung eines zu hohen K\u00f6rperfettanteils verringert nachweislich direkt das Risiko f\u00fcr diese Krankheiten. My Tanita App sagt Ihnen sofort, ob Sie zu einer gesunden oder kritischen Gruppe geh\u00f6ren. (Herz-Kreislauf-Erkrankungen, Diabetes, etc.).<\/li>\n<li><strong>K\u00f6rperwasser<\/strong>\u00a0\u2013 Der prozentuale Anteil des Gesamtk\u00f6rperwassers ist die Gesamtmenge an Fl\u00fcssigkeit im K\u00f6rper einer Person, ausgedr\u00fcckt als Prozentsatz des Gesamtgewichts. K\u00f6rperwasser ist ein wesentlicher Bestandteil der Gesunderhaltung. Mehr als die H\u00e4lfte des K\u00f6rpers besteht aus Wasser. Es reguliert die K\u00f6rpertemperatur und hilft bei der Ausscheidung von Abfallstoffen. Durch Urin, Schwei\u00df und Atmung verliert der Mensch st\u00e4ndig Wasser, daher ist es wichtig, es st\u00e4ndig zu ersetzen. Die t\u00e4glich ben\u00f6tigte Fl\u00fcssigkeitsmenge ist von Mensch zu Mensch unterschiedlich und h\u00e4ngt von den klimatischen Bedingungen und der k\u00f6rperlichen Aktivit\u00e4t ab, die man aus\u00fcbt. Eine gute Fl\u00fcssigkeitszufuhr f\u00f6rdert die Konzentrationsf\u00e4higkeit, die sportliche Leistung und das allgemeine Wohlbefinden. Experten empfehlen, t\u00e4glich mindestens zwei Liter Fl\u00fcssigkeit, vorzugsweise Wasser, zu trinken. Wenn Sie trainieren, ist es wichtig, Ihre Fl\u00fcssigkeitszufuhr zu erh\u00f6hen, um jederzeit H\u00f6chstleistungen zu erbringen.<\/li>\n<li><strong>Muskelmasse<\/strong>\u00a0\u2013 beinhaltet die Skelettmuskulatur, die glatte Muskulatur wie die Herz- und Verdauungsmuskulatur und das in diesen Muskeln enthaltene Wasser. Die Beobachtung, wie viel Muskelmasse Sie w\u00e4hrend Ihres Trainings gewonnen haben, gibt Ihnen Aufschluss dar\u00fcber, wie effektiv Ihr Training ist. Die Muskeln spielen eine wichtige Rolle, da sie als Motor fungieren, der Energie verbraucht. Mit zunehmender Muskelmasse steigt auch Ihr Energieverbrauch, was Ihnen hilft, \u00fcbersch\u00fcssiges K\u00f6rperfett abzubauen und auf gesunde Weise Gewicht zu verlieren.<\/li>\n<li><strong>Muskelqualit\u00e4t<\/strong> &#8211; bezeichnet die Qualit\u00e4t Ihrer Muskeln. Dieser Parameter \u00e4ndert sich in Abh\u00e4ngigkeit von Faktoren wie Alter und Training. Der RD-953 verwendet 2 verschiedene Frequenzen zur Messung der bioelektrischen Impedanz, und diese Ergebnisse werden zur Bewertung der Muskelqualit\u00e4t verwendet.<\/li>\n<li><strong>Knochenmasse<\/strong>\u00a0\u2013 gibt an, wie viel Mineralien (Knochenmineralien, Kalzium oder andere Mineralien) im K\u00f6rper vorhanden sind. Die Wissenschaft hat gezeigt, dass Bewegung und der Aufbau von Muskelgewebe mit st\u00e4rkeren und ges\u00fcnderen Knochen zusammenh\u00e4ngen.<\/li>\n<li><strong>Body-Mass-Index (BMI)<\/strong>\u00a0\u2013 bezeichnet das Verh\u00e4ltnis zwischen K\u00f6rpergr\u00f6\u00dfe und Gewicht. Das Analyseger\u00e4t zeigt Ihnen in der Tanita Anwendung sofort an, ob Sie zu einer gesunden oder kritischen Gruppe geh\u00f6ren.<\/li>\n<li><strong>T\u00e4gliche Kalorienaufnahme (DCI)<\/strong>\u00a0\u2013 die Gesamtsumme der Kalorien f\u00fcr den Grundumsatz (BMR), den t\u00e4glichen Aktivit\u00e4tsstoffwechsel (Aktivit\u00e4ten einschlie\u00dflich der t\u00e4glichen Hausarbeit) und die ern\u00e4hrungsbedingte Thermogenese (Energie, die im Zusammenhang mit Verdauung, Absorption, Stoffwechsel und anderen Ern\u00e4hrungsaktivit\u00e4ten verbraucht wird). Nutzen Sie dies als Richtlinie f\u00fcr Ihre t\u00e4gliche Essensplanung. Wenn Sie weniger Kalorien zu sich nehmen als Ihr prognostizierter DCI-Wert, hilft Ihnen das beim Abnehmen. Achten Sie auf eine gute k\u00f6rperliche Aktivit\u00e4t, damit Sie keine Muskelmasse verlieren.<\/li>\n<li><strong>Viszeralfett<\/strong>\u00a0\u2013 ist das Fett, das die lebenswichtigen Organe im Bauchbereich umgibt. Im Gegensatz zu \u201enormalem\u201c Fett ist viszerales Fett tiefer in der Haut gespeichert und umschlie\u00dft wichtige Organe wie Leber, Bauchspeicheldr\u00fcse und Niere. Viszeralfett sorgt daf\u00fcr, dass zwischen den einzelnen Organen ein gewisser Abstand besteht. Wenn zu viel viszerales Fett gebildet wird, kann dies zu Entz\u00fcndungen und Bluthochdruck f\u00fchren, was das Risiko f\u00fcr ernsthafte Gesundheitsprobleme erh\u00f6ht. Dies wird auch als zentrale Fettleibigkeit bezeichnet.<br \/>\nDas viszerale Fett hat auch Auswirkungen auf das Adiponektin oder \u201eFetthormon\u201c. Adiponektin hat die Aufgabe, das K\u00f6rperfett zu regulieren. Viszerales Fett hemmt Adiponektin. Dies hat zur Folge, dass Ihr K\u00f6rper mehr Fett produziert, als Sie eigentlich brauchen. Ein hoher Anteil an viszeralem Fett beeinflusst auch Ihre Insulinempfindlichkeit. Das bedeutet, dass es sp\u00e4ter im Leben zu Typ-2-Diabetes f\u00fchren kann.<br \/>\nEin gesunder Anteil an viszeralem Fett kann das Risiko f\u00fcr bestimmte Krankheiten wie Herzkrankheiten, Bluthochdruck und Typ-2-Diabetes verringern.<br \/>\nHinweis: Sie k\u00f6nnen trotz Ihres niedrigen K\u00f6rperfettanteils einen hohen Anteil an viszeralem Fett haben.<\/li>\n<li><strong>Stoffwechselalter<\/strong>\u00a0\u2013 berechnet Ihren Grundumsatz und zeigt das Durchschnittsalter an, das mit der Art des Stoffwechsels verbunden ist. Liegt Ihr metabolisches Alter h\u00f6her als Ihr tats\u00e4chliches Alter, ist dies ein Hinweis darauf, dass Sie Ihren Stoffwechsel verbessern m\u00fcssen. Durch vermehrte Bewegung wird gesundes Muskelgewebe aufgebaut, was Ihr metabolisches Alter verbessert.<\/li>\n<li><strong>K\u00f6rperbauwert<\/strong>\u00a0\u2013 beurteilt Ihren K\u00f6rperbau nach dem Verh\u00e4ltnis von K\u00f6rperfett und Muskelmasse in Ihrem K\u00f6rper. Je aktiver Sie werden und je mehr K\u00f6rperfett Sie abbauen, desto mehr ver\u00e4ndert sich Ihr K\u00f6rperbau-Rating. Selbst wenn sich Ihr Gewicht nicht \u00e4ndert, k\u00f6nnen sich Ihre Muskelmasse und Ihr K\u00f6rperfettanteil ver\u00e4ndern und Sie ges\u00fcnder machen, wodurch sich Ihr Risiko f\u00fcr bestimmte Krankheiten verringert.<\/li>\n<li><strong>Gewichtskapazit\u00e4t 200 kg<\/strong><\/li>\n<li><strong>Zugang zu allen Messungen \u00fcber My Tanita App<\/strong><\/li>\n<\/ul>\n<h4>INTELLIGENTE WAAGE:<\/h4>\n<p>Der Tanita RD-953 hat 4 Speicherprofile, jedes mit eigenem Farbschema und automatischer Benutzererkennung. Einfach darauf treten und es wird Sie automatisch erkennen und die Messung durchf\u00fchren. Dadurch m\u00fcssen Sie nicht st\u00e4ndig Ihre Daten eingeben. Au\u00dferdem werden die Messwerte je nach Bewertung in verschiedenen Farben angezeigt: gr\u00fcn f\u00fcr einen gesunden, gelb f\u00fcr einen durchschnittlichen und rot f\u00fcr einen schlechten Wert, was Ihre Aufmerksamkeit noch weiter erh\u00f6ht.<\/p>\n<p>Diese intelligente Waage mit Bluetooth-Verbindung bietet Ihnen mehr als 10 Messwerte zur K\u00f6rperzusammensetzung, einschlie\u00dflich der einzigartigen Bewertung der Muskelqualit\u00e4t.<\/p>\n<p>Erhalten Sie Einblicke in die Ergebnisse Ihrer gesunden Essgewohnheiten und Trainingseinheiten. <strong><a href=\"https:\/\/sen-shop.com\/de\/collections\/tanita-de\/tanita-rd-953-b\/\">HIER<\/a><\/strong> k\u00f6nnen Sie auch die Tanita RD 953 in schwarz w\u00e4hlen.<\/p>\n<p>Die Tanita-Waagen sind von hoher Qualit\u00e4t und haben eine 5-Jahres-Garantie, aber wir gehen davon aus, dass Sie diese nicht ben\u00f6tigen werden.<\/p>\n<h4>Warum eine K\u00f6rperanalysewaage in Anspruch?<\/h4>\n<p>Eine K\u00f6rperanalysewaage liefert Erkenntnisse dar\u00fcber, was in Ihrem K\u00f6rper vor sich geht.<\/p>\n<p>Die Analyse hilft Ihnen zu verstehen, wie sich Ihre \u00c4nderungen in der Ern\u00e4hrung und Bewegung auf Ihren K\u00f6rper auswirken.<\/p>\n<p><strong>Die Analyse wird Ihnen helfen:<\/strong><\/p>\n<ul>\n<li><strong>Finden Sie heraus, ob Sie auf eine gesunde Weise abnehmen &#8211; weniger Fett, mehr Muskeln!<\/strong><\/li>\n<li><strong>Warum man bei gesunder Ern\u00e4hrung und mehr Bewegung nicht abnimmt.<\/strong><\/li>\n<li><strong>Passen Sie Ihr Trainingsprogramm an und \u00fcberwachen Sie Muskelmasse und Stoffwechsel.<\/strong><\/li>\n<li><strong>Reduzieren Sie das Risiko von Diabetes, Bluthochdruck und bestimmten Krebsarten, indem Sie Ihren K\u00f6rperfettanteil und Ihr Viszeralfett (Fett, das sich tief im Bauchraum befindet und die lebenswichtigen Organe umgibt und sch\u00fctzt) kontrollieren.<\/strong><\/li>\n<\/ul>\n<p>Keine Ausreden mehr. K\u00fcmmern Sie sich jetzt um Ihren K\u00f6rper.<\/p>\n<p><iframe loading=\"lazy\" title=\"The Supreme - Tanita  Dual-Frequency Body Composition Monitor for iPhone\/ Android RD-953\" width=\"500\" height=\"281\" src=\"https:\/\/www.youtube.com\/embed\/whOyF2IfFWg?list=PLklX4hyTEDsyLCnsK7656WoxS55X9dYyW\" frameborder=\"0\" allow=\"accelerometer; autoplay; clipboard-write; encrypted-media; gyroscope; picture-in-picture; web-share\" referrerpolicy=\"strict-origin-when-cross-origin\" allowfullscreen><\/iframe><\/p>\n","protected":false},"excerpt":{"rendered":"<p>Die Tanita Smart Waage l\u00e4sst sich \u00fcber Bluetooth mit dem Telefon verbinden und zeigt Ihnen in nur wenigen Sekunden eine detaillierte Analyse Ihres K\u00f6rpers. Erfassen Sie Ihre Fortschritte mit einfach abzulesenden Daten auf dem Bildschirm. Setzen Sie sich Ihr Ziel, das Sie erreichen m\u00f6chten. Tanita RD 953 hat eine <strong>5-Jahres-Garantie.<\/strong><\/p>\n<p><strong>\u00dcBERWACHEN SIE IHREN GESUNDHEITSZUSTAND: K\u00f6rperfett, Viszeralfett<\/strong> (das sich negativ auf Ihre lebenswichtigen Organe auswirkt), <strong>K\u00f6rperwasser, Stoffwechselalter<\/strong> und <strong>t\u00e4glicher Energiebedarf in Kalorien.<\/strong> All dies und noch viel mehr wird von der Tanita RD-953 schnell gemessen. K\u00fcmmern Sie sich um Ihre Gesundheit und \u00fcberwachen Sie Ihren Status regelm\u00e4\u00dfig. Benutzen Sie das Analyseger\u00e4t, um die Verbesserungen Ihres Gesundheitszustandes zu sehen.<\/p>\n<p>F\u00fcr <strong>Bodybuilder<\/strong> und <strong>Leistungssportler<\/strong> empfehlen wir den noch leistungsf\u00e4higeren Analysator &gt;&gt;&gt; <strong><a href=\"https:\/\/sen-shop.com\/de\/collections\/tanita-de\/tanita-rd-545\/\">TANITA RD 545<\/a><\/strong><\/p>\n[banner_tanita]\n","protected":false},"featured_media":33402,"comment_status":"open","ping_status":"closed","template":"","meta":{"inline_featured_image":false},"product_cat":[848,849],"product_tag":[897,898,900,896,899,1028,1030,895,901,1029],"class_list":["post-33395","product","type-product","status-publish","has-post-thumbnail","hentry","product_cat-tanita-de","product_cat-tanita-verbraucherprodukte","product_tag-analizator-tanita-de","product_tag-analizator-telesne-teze-de","product_tag-digitalna-osebna-tehtnica-de","product_tag-digitalna-tehtnica-de","product_tag-nakup-tanite-de","product_tag-osebna-raba-tanite","product_tag-pametna-tehtnica-de","product_tag-tanita-de","product_tag-tanita-tehtnica-de","product_tag-tehtnica-za-merjenje-telesne-sestave-de"],"acf":[],"yoast_head":"<!-- This site is optimized with the Yoast SEO plugin v19.13 - https:\/\/yoast.com\/wordpress\/plugins\/seo\/ -->\n<title>TANITA RD-953 WEISS - SEN Shop<\/title>\n<meta name=\"robots\" content=\"index, follow, max-snippet:-1, max-image-preview:large, max-video-preview:-1\" \/>\n<link rel=\"canonical\" href=\"https:\/\/sen-shop.com\/de\/collections\/tanita-de\/tanita-rd-953-w\/\" \/>\n<meta property=\"og:locale\" content=\"de_DE\" \/>\n<meta property=\"og:type\" content=\"article\" \/>\n<meta property=\"og:title\" content=\"TANITA RD-953 WEISS - SEN Shop\" \/>\n<meta property=\"og:description\" content=\"Die Tanita Smart Waage l\u00e4sst sich \u00fcber Bluetooth mit dem Telefon verbinden und zeigt Ihnen in nur wenigen Sekunden eine detaillierte Analyse Ihres K\u00f6rpers. Erfassen Sie Ihre Fortschritte mit einfach abzulesenden Daten auf dem Bildschirm. Setzen Sie sich Ihr Ziel, das Sie erreichen m\u00f6chten. Tanita RD 953 hat eine 5-Jahres-Garantie.  \u00dcBERWACHEN SIE IHREN GESUNDHEITSZUSTAND: K\u00f6rperfett, Viszeralfett (das sich negativ auf Ihre lebenswichtigen Organe auswirkt), K\u00f6rperwasser, Stoffwechselalter und t\u00e4glicher Energiebedarf in Kalorien. All dies und noch viel mehr wird von der Tanita RD-953 schnell gemessen. K\u00fcmmern Sie sich um Ihre Gesundheit und \u00fcberwachen Sie Ihren Status regelm\u00e4\u00dfig. Benutzen Sie das Analyseger\u00e4t, um die Verbesserungen Ihres Gesundheitszustandes zu sehen.  F\u00fcr Bodybuilder und Leistungssportler empfehlen wir den noch leistungsf\u00e4higeren Analysator &gt;&gt;&gt; TANITA RD 545\" \/>\n<meta property=\"og:url\" content=\"https:\/\/sen-shop.com\/de\/collections\/tanita-de\/tanita-rd-953-w\/\" \/>\n<meta property=\"og:site_name\" content=\"SEN Shop\" \/>\n<meta property=\"article:publisher\" content=\"https:\/\/www.facebook.com\/Senshopslovenija\" \/>\n<meta property=\"article:modified_time\" content=\"2021-11-10T14:40:58+00:00\" \/>\n<meta property=\"og:image\" content=\"https:\/\/sen-shop.com\/wp-content\/uploads\/2018\/05\/TANITA-pametna-tehtnica-RD-953-bela-sen-shop-1.png\" \/>\n\t<meta property=\"og:image:width\" content=\"700\" \/>\n\t<meta property=\"og:image:height\" content=\"700\" \/>\n\t<meta property=\"og:image:type\" content=\"image\/png\" \/>\n<meta name=\"twitter:card\" content=\"summary_large_image\" \/>\n<meta name=\"twitter:label1\" content=\"Gesch\u00e4tzte Lesezeit\" \/>\n\t<meta name=\"twitter:data1\" content=\"6\u00a0Minuten\" \/>\n<script type=\"application\/ld+json\" class=\"yoast-schema-graph\">{\"@context\":\"https:\/\/schema.org\",\"@graph\":[{\"@type\":\"WebPage\",\"@id\":\"https:\/\/sen-shop.com\/de\/collections\/tanita-de\/tanita-rd-953-w\/\",\"url\":\"https:\/\/sen-shop.com\/de\/collections\/tanita-de\/tanita-rd-953-w\/\",\"name\":\"TANITA RD-953 WEISS - SEN Shop\",\"isPartOf\":{\"@id\":\"https:\/\/sen-shop.com\/de\/#website\"},\"datePublished\":\"2018-05-19T10:26:32+00:00\",\"dateModified\":\"2021-11-10T14:40:58+00:00\",\"breadcrumb\":{\"@id\":\"https:\/\/sen-shop.com\/de\/collections\/tanita-de\/tanita-rd-953-w\/#breadcrumb\"},\"inLanguage\":\"de\",\"potentialAction\":[{\"@type\":\"ReadAction\",\"target\":[\"https:\/\/sen-shop.com\/de\/collections\/tanita-de\/tanita-rd-953-w\/\"]}]},{\"@type\":\"BreadcrumbList\",\"@id\":\"https:\/\/sen-shop.com\/de\/collections\/tanita-de\/tanita-rd-953-w\/#breadcrumb\",\"itemListElement\":[{\"@type\":\"ListItem\",\"position\":1,\"name\":\"Home\",\"item\":\"https:\/\/sen-shop.com\/de\/\"},{\"@type\":\"ListItem\",\"position\":2,\"name\":\"TANITA RD-953 WEISS\"}]},{\"@type\":\"WebSite\",\"@id\":\"https:\/\/sen-shop.com\/de\/#website\",\"url\":\"https:\/\/sen-shop.com\/de\/\",\"name\":\"SEN Shop\",\"description\":\"Slovensko, Ekolo\u0161ko, Naravno\",\"publisher\":{\"@id\":\"https:\/\/sen-shop.com\/de\/#organization\"},\"potentialAction\":[{\"@type\":\"SearchAction\",\"target\":{\"@type\":\"EntryPoint\",\"urlTemplate\":\"https:\/\/sen-shop.com\/de\/?s={search_term_string}\"},\"query-input\":\"required name=search_term_string\"}],\"inLanguage\":\"de\"},{\"@type\":\"Organization\",\"@id\":\"https:\/\/sen-shop.com\/de\/#organization\",\"name\":\"Mind trade d.o.o\",\"url\":\"https:\/\/sen-shop.com\/de\/\",\"logo\":{\"@type\":\"ImageObject\",\"inLanguage\":\"de\",\"@id\":\"https:\/\/sen-shop.com\/de\/#\/schema\/logo\/image\/\",\"url\":\"https:\/\/sen-shop.com\/wp-content\/uploads\/2018\/05\/header_logo.png\",\"contentUrl\":\"https:\/\/sen-shop.com\/wp-content\/uploads\/2018\/05\/header_logo.png\",\"width\":138,\"height\":70,\"caption\":\"Mind trade d.o.o\"},\"image\":{\"@id\":\"https:\/\/sen-shop.com\/de\/#\/schema\/logo\/image\/\"},\"sameAs\":[\"https:\/\/www.instagram.com\/senslovenija\/\",\"https:\/\/www.facebook.com\/Senshopslovenija\"]}]}<\/script>\n<!-- \/ Yoast SEO plugin. -->","yoast_head_json":{"title":"TANITA RD-953 WEISS - SEN Shop","robots":{"index":"index","follow":"follow","max-snippet":"max-snippet:-1","max-image-preview":"max-image-preview:large","max-video-preview":"max-video-preview:-1"},"canonical":"https:\/\/sen-shop.com\/de\/collections\/tanita-de\/tanita-rd-953-w\/","og_locale":"de_DE","og_type":"article","og_title":"TANITA RD-953 WEISS - SEN Shop","og_description":"Die Tanita Smart Waage l\u00e4sst sich \u00fcber Bluetooth mit dem Telefon verbinden und zeigt Ihnen in nur wenigen Sekunden eine detaillierte Analyse Ihres K\u00f6rpers. Erfassen Sie Ihre Fortschritte mit einfach abzulesenden Daten auf dem Bildschirm. Setzen Sie sich Ihr Ziel, das Sie erreichen m\u00f6chten. Tanita RD 953 hat eine 5-Jahres-Garantie.  \u00dcBERWACHEN SIE IHREN GESUNDHEITSZUSTAND: K\u00f6rperfett, Viszeralfett (das sich negativ auf Ihre lebenswichtigen Organe auswirkt), K\u00f6rperwasser, Stoffwechselalter und t\u00e4glicher Energiebedarf in Kalorien. All dies und noch viel mehr wird von der Tanita RD-953 schnell gemessen. K\u00fcmmern Sie sich um Ihre Gesundheit und \u00fcberwachen Sie Ihren Status regelm\u00e4\u00dfig. Benutzen Sie das Analyseger\u00e4t, um die Verbesserungen Ihres Gesundheitszustandes zu sehen.  F\u00fcr Bodybuilder und Leistungssportler empfehlen wir den noch leistungsf\u00e4higeren Analysator &gt;&gt;&gt; TANITA RD 545","og_url":"https:\/\/sen-shop.com\/de\/collections\/tanita-de\/tanita-rd-953-w\/","og_site_name":"SEN Shop","article_publisher":"https:\/\/www.facebook.com\/Senshopslovenija","article_modified_time":"2021-11-10T14:40:58+00:00","og_image":[{"width":700,"height":700,"url":"https:\/\/sen-shop.com\/wp-content\/uploads\/2018\/05\/TANITA-pametna-tehtnica-RD-953-bela-sen-shop-1.png","type":"image\/png"}],"twitter_card":"summary_large_image","twitter_misc":{"Gesch\u00e4tzte Lesezeit":"6\u00a0Minuten"},"schema":{"@context":"https:\/\/schema.org","@graph":[{"@type":"WebPage","@id":"https:\/\/sen-shop.com\/de\/collections\/tanita-de\/tanita-rd-953-w\/","url":"https:\/\/sen-shop.com\/de\/collections\/tanita-de\/tanita-rd-953-w\/","name":"TANITA RD-953 WEISS - SEN Shop","isPartOf":{"@id":"https:\/\/sen-shop.com\/de\/#website"},"datePublished":"2018-05-19T10:26:32+00:00","dateModified":"2021-11-10T14:40:58+00:00","breadcrumb":{"@id":"https:\/\/sen-shop.com\/de\/collections\/tanita-de\/tanita-rd-953-w\/#breadcrumb"},"inLanguage":"de","potentialAction":[{"@type":"ReadAction","target":["https:\/\/sen-shop.com\/de\/collections\/tanita-de\/tanita-rd-953-w\/"]}]},{"@type":"BreadcrumbList","@id":"https:\/\/sen-shop.com\/de\/collections\/tanita-de\/tanita-rd-953-w\/#breadcrumb","itemListElement":[{"@type":"ListItem","position":1,"name":"Home","item":"https:\/\/sen-shop.com\/de\/"},{"@type":"ListItem","position":2,"name":"TANITA RD-953 WEISS"}]},{"@type":"WebSite","@id":"https:\/\/sen-shop.com\/de\/#website","url":"https:\/\/sen-shop.com\/de\/","name":"SEN Shop","description":"Slovensko, Ekolo\u0161ko, Naravno","publisher":{"@id":"https:\/\/sen-shop.com\/de\/#organization"},"potentialAction":[{"@type":"SearchAction","target":{"@type":"EntryPoint","urlTemplate":"https:\/\/sen-shop.com\/de\/?s={search_term_string}"},"query-input":"required name=search_term_string"}],"inLanguage":"de"},{"@type":"Organization","@id":"https:\/\/sen-shop.com\/de\/#organization","name":"Mind trade d.o.o","url":"https:\/\/sen-shop.com\/de\/","logo":{"@type":"ImageObject","inLanguage":"de","@id":"https:\/\/sen-shop.com\/de\/#\/schema\/logo\/image\/","url":"https:\/\/sen-shop.com\/wp-content\/uploads\/2018\/05\/header_logo.png","contentUrl":"https:\/\/sen-shop.com\/wp-content\/uploads\/2018\/05\/header_logo.png","width":138,"height":70,"caption":"Mind trade d.o.o"},"image":{"@id":"https:\/\/sen-shop.com\/de\/#\/schema\/logo\/image\/"},"sameAs":["https:\/\/www.instagram.com\/senslovenija\/","https:\/\/www.facebook.com\/Senshopslovenija"]}]}},"_links":{"self":[{"href":"https:\/\/sen-shop.com\/de\/wp-json\/wp\/v2\/product\/33395","targetHints":{"allow":["GET"]}}],"collection":[{"href":"https:\/\/sen-shop.com\/de\/wp-json\/wp\/v2\/product"}],"about":[{"href":"https:\/\/sen-shop.com\/de\/wp-json\/wp\/v2\/types\/product"}],"replies":[{"embeddable":true,"href":"https:\/\/sen-shop.com\/de\/wp-json\/wp\/v2\/comments?post=33395"}],"wp:featuredmedia":[{"embeddable":true,"href":"https:\/\/sen-shop.com\/de\/wp-json\/wp\/v2\/media\/33402"}],"wp:attachment":[{"href":"https:\/\/sen-shop.com\/de\/wp-json\/wp\/v2\/media?parent=33395"}],"wp:term":[{"taxonomy":"product_cat","embeddable":true,"href":"https:\/\/sen-shop.com\/de\/wp-json\/wp\/v2\/product_cat?post=33395"},{"taxonomy":"product_tag","embeddable":true,"href":"https:\/\/sen-shop.com\/de\/wp-json\/wp\/v2\/product_tag?post=33395"}],"curies":[{"name":"wp","href":"https:\/\/api.w.org\/{rel}","templated":true}]}}