{"id":33370,"date":"2018-05-18T10:57:51","date_gmt":"2018-05-18T08:57:51","guid":{"rendered":"https:\/\/sen-shop.com\/collections\/unkategorisiert\/tanita-bc-601\/"},"modified":"2022-01-10T15:52:34","modified_gmt":"2022-01-10T14:52:34","slug":"tanita-bc-601","status":"publish","type":"product","link":"https:\/\/sen-shop.com\/de\/collections\/tanita-de\/tanita-bc-601\/","title":{"rendered":"TANITA BC-601"},"content":{"rendered":"<h4 id=\"segmental-body-composition-monitors\">TANITA BC-601 SEGMENT-K\u00d6RPERANALYSEWAAGE<\/h4>\n<p>Auf der Grundlage neuester Technologien und medizinischer Studien zur K\u00f6rperzusammensetzung hat Tanita eine neue Produktgeneration entwickelt. \u00c4u\u00dferst hochentwickelte Analyseger\u00e4te erm\u00f6glichen umfassende, tiefgehende und genaue Messungen. Tanita BC-601 verwendet 8 polare Elektroden, die eine segmentale Analyse gew\u00e4hrleisten, bei der der K\u00f6rper in f\u00fcnf Teile (Arme, Beine und Rumpf) unterteilt wird.<\/p>\n<h4>BC-601 FUNKTIONEN UND MESSWERTE:<\/h4>\n<ul>\n<li><strong>Gewicht<\/strong><\/li>\n<li><strong>K\u00f6rperfett<\/strong>\u00a0\u2013 Der K\u00f6rperfettanteil ist abh\u00e4ngig von Ihrer Ern\u00e4hrung, Ihrem Lebensstil und Ihrer k\u00f6rperlichen Aktivit\u00e4t. Verschiedene Forschungsarbeiten und medizinische Studien haben bewiesen, dass ein hoher K\u00f6rperfettanteil die Hauptursache f\u00fcr verschiedene Krankheiten wie Bluthochdruck, Herzkrankheiten, Diabetes und bestimmte Krebsarten ist. Die Reduzierung eines zu hohen K\u00f6rperfettanteils verringert nachweislich direkt das Risiko f\u00fcr diese Krankheiten. My Tanita App sagt Ihnen sofort, ob Sie zu einer gesunden oder kritischen Gruppe geh\u00f6ren. (Herz-Kreislauf-Erkrankungen, Diabetes, etc.).<\/li>\n<li><strong>K\u00f6rperwasser<\/strong>\u00a0\u2013 Der prozentuale Anteil des Gesamtk\u00f6rperwassers ist die Gesamtmenge an Fl\u00fcssigkeit im K\u00f6rper einer Person, ausgedr\u00fcckt als Prozentsatz des Gesamtgewichts. K\u00f6rperwasser ist ein wesentlicher Bestandteil der Gesunderhaltung. Mehr als die H\u00e4lfte des K\u00f6rpers besteht aus Wasser. Es reguliert die K\u00f6rpertemperatur und hilft bei der Ausscheidung von Abfallstoffen. Durch Urin, Schwei\u00df und Atmung verliert der Mensch st\u00e4ndig Wasser, daher ist es wichtig, es st\u00e4ndig zu ersetzen. Die t\u00e4glich ben\u00f6tigte Fl\u00fcssigkeitsmenge ist von Mensch zu Mensch unterschiedlich und h\u00e4ngt von den klimatischen Bedingungen und der k\u00f6rperlichen Aktivit\u00e4t ab, die man aus\u00fcbt. Eine gute Fl\u00fcssigkeitszufuhr f\u00f6rdert die Konzentrationsf\u00e4higkeit, die sportliche Leistung und das allgemeine Wohlbefinden. Experten empfehlen, t\u00e4glich mindestens zwei Liter Fl\u00fcssigkeit, vorzugsweise Wasser, zu trinken. Wenn Sie trainieren, ist es wichtig, Ihre Fl\u00fcssigkeitszufuhr zu erh\u00f6hen, um jederzeit H\u00f6chstleistungen zu erbringen.<\/li>\n<li><strong>Muskelmasse<\/strong>\u00a0\u2013 beinhaltet die Skelettmuskulatur, die glatte Muskulatur wie die Herz- und Verdauungsmuskulatur und das in diesen Muskeln enthaltene Wasser. Die Beobachtung, wie viel Muskelmasse Sie w\u00e4hrend Ihres Trainings gewonnen haben, gibt Ihnen Aufschluss dar\u00fcber, wie effektiv Ihr Training ist. Die Muskeln spielen eine wichtige Rolle, da sie als Motor fungieren, der Energie verbraucht. Mit zunehmender Muskelmasse steigt auch Ihr Energieverbrauch, was Ihnen hilft, \u00fcbersch\u00fcssiges K\u00f6rperfett abzubauen und auf gesunde Weise Gewicht zu verlieren.<\/li>\n<li><strong>Segmentaler K\u00f6rperfettanteil<\/strong>\u00a0\u2013 gibt den Fettanteil der Arme, Beine und des Bauchraums separat an und hilft Ihnen, die Auswirkungen Ihres Trainingsprogramms im Laufe der Zeit zu erkennen und zu verstehen. Der K\u00f6rperfettanteil ist von Ihrer Ern\u00e4hrung, Ihrem Lebensstil und Ihrer k\u00f6rperlichen Aktivit\u00e4t abh\u00e4ngig. Mehrere Forschungsarbeiten und medizinische Studien haben bewiesen, dass ein hoher K\u00f6rperfettanteil die Hauptursache f\u00fcr verschiedene Krankheiten wie Bluthochdruck, Herzkrankheiten, Diabetes und bestimmte Krebsarten ist. Die Reduzierung eines zu hohen K\u00f6rperfettanteils verringert nachweislich direkt das Risiko f\u00fcr diese Krankheiten. My Tanita App sagt Ihnen sofort, ob Sie zu einer gesunden oder kritischen Gruppe geh\u00f6ren. (Herz-Kreislauf-Erkrankungen, Diabetes, etc.).<\/li>\n<li><strong>Segmentale Muskelmasse<\/strong>\u00a0\u2013 gibt die Muskelmasse Ihrer Arme, Beine und des Kernbereichs der Bauchmuskulatur separat an. Die Muskelmasse beinhaltet die Skelettmuskulatur, die glatte Muskulatur wie die Herz- und Verdauungsmuskulatur und das in diesen Muskeln enthaltene Wasser. Die Beobachtung, wie viel Muskelmasse Sie w\u00e4hrend Ihres Trainings gewonnen haben, gibt Ihnen Aufschluss dar\u00fcber, wie effektiv Ihr Training ist. Muskeln spielen eine wichtige Rolle, da sie als Motor fungieren, der Energie verbraucht. Mit zunehmender Muskelmasse steigt auch Ihr Energieverbrauch, was Ihnen hilft, \u00fcbersch\u00fcssiges K\u00f6rperfett abzubauen und auf gesunde Weise Gewicht zu verlieren.<\/li>\n<li><strong>Knochenmasse<\/strong>\u00a0\u2013 gibt an, wie viel Mineralien (Knochenmineralien, Kalzium oder andere Mineralien) im K\u00f6rper vorhanden sind. Die Wissenschaft hat gezeigt, dass Bewegung und der Aufbau von Muskelgewebe mit st\u00e4rkeren und ges\u00fcnderen Knochen zusammenh\u00e4ngen.<\/li>\n<li><strong>Body-Mass-Index (BMI)<\/strong>\u00a0\u2013 bezeichnet das Verh\u00e4ltnis zwischen K\u00f6rpergr\u00f6\u00dfe und Gewicht. Das Analyseger\u00e4t zeigt Ihnen in der Tanita Anwendung sofort an, ob Sie zu einer gesunden oder kritischen Gruppe geh\u00f6ren.<\/li>\n<li><strong>T\u00e4gliche Kalorienaufnahme (DCI)<\/strong> &#8211; die Gesamtsumme der Kalorien f\u00fcr den Grundumsatz (BMR), den t\u00e4glichen Aktivit\u00e4tsstoffwechsel (Aktivit\u00e4ten einschlie\u00dflich der t\u00e4glichen Hausarbeit) und die ern\u00e4hrungsbedingte Thermogenese (Energie, die im Zusammenhang mit Verdauung, Absorption, Stoffwechsel und anderen Ern\u00e4hrungsaktivit\u00e4ten verbraucht wird). Nutzen Sie dies als Richtlinie f\u00fcr Ihre t\u00e4gliche Essensplanung. Wenn Sie weniger Kalorien zu sich nehmen als Ihr prognostizierter DCI-Wert, hilft Ihnen das beim Abnehmen. Achten Sie auf eine gute k\u00f6rperliche Aktivit\u00e4t, damit Sie keine Muskelmasse verlieren.<\/li>\n<li><strong>Viszeralfett<\/strong>\u00a0\u2013 ist das Fett, das die lebenswichtigen Organe im Bauchbereich umgibt. Im Gegensatz zu \u201enormalem\u201c Fett ist viszerales Fett tiefer in der Haut gespeichert und umschlie\u00dft wichtige Organe wie Leber, Bauchspeicheldr\u00fcse und Niere. Viszeralfett sorgt daf\u00fcr, dass zwischen den einzelnen Organen ein gewisser Abstand besteht. Wenn zu viel viszerales Fett gebildet wird, kann dies zu Entz\u00fcndungen und Bluthochdruck f\u00fchren, was das Risiko f\u00fcr ernsthafte Gesundheitsprobleme erh\u00f6ht. Dies wird auch als zentrale Fettleibigkeit bezeichnet.<br \/>\nDas viszerale Fett hat auch Auswirkungen auf das Adiponektin oder \u201eFetthormon\u201c. Adiponektin hat die Aufgabe, das K\u00f6rperfett zu regulieren. Viszerales Fett hemmt Adiponektin. Dies hat zur Folge, dass Ihr K\u00f6rper mehr Fett produziert, als Sie eigentlich brauchen. Ein hoher Anteil an viszeralem Fett beeinflusst auch Ihre Insulinempfindlichkeit. Das bedeutet, dass es sp\u00e4ter im Leben zu Typ-2-Diabetes f\u00fchren kann.<br \/>\nEin gesunder Anteil an viszeralem Fett kann das Risiko f\u00fcr bestimmte Krankheiten wie Herzkrankheiten, Bluthochdruck und Typ-2-Diabetes verringern.<br \/>\nHinweis: Sie k\u00f6nnen trotz Ihres niedrigen K\u00f6rperfettanteils einen hohen Anteil an viszeralem Fett haben.<\/li>\n<li><strong>Stoffwechselalter<\/strong>\u00a0\u2013 berechnet Ihren Grundumsatz und zeigt das Durchschnittsalter an, das mit der Art des Stoffwechsels verbunden ist. Liegt Ihr metabolisches Alter h\u00f6her als Ihr tats\u00e4chliches Alter, ist dies ein Hinweis darauf, dass Sie Ihren Stoffwechsel verbessern m\u00fcssen. Durch vermehrte Bewegung wird gesundes Muskelgewebe aufgebaut, was Ihr metabolisches Alter verbessert.<\/li>\n<li><strong>K\u00f6rperbauwert<\/strong>\u00a0\u2013 beurteilt Ihren K\u00f6rperbau nach dem Verh\u00e4ltnis von K\u00f6rperfett und Muskelmasse in Ihrem K\u00f6rper. Je aktiver Sie werden und je mehr K\u00f6rperfett Sie abbauen, desto mehr ver\u00e4ndert sich Ihr K\u00f6rperbau-Rating. Selbst wenn sich Ihr Gewicht nicht \u00e4ndert, k\u00f6nnen sich Ihre Muskelmasse und Ihr K\u00f6rperfettanteil ver\u00e4ndern und Sie ges\u00fcnder machen, wodurch sich Ihr Risiko f\u00fcr bestimmte Krankheiten verringert.<\/li>\n<\/ul>\n<h4>WIE DIE MESSUNG FUNKTIONIERT<\/h4>\n<p>W\u00e4hrend Sie auf der Messfl\u00e4che stehen, ziehen Sie vorsichtig an den Griffen an der Vorderseite des Analyseger\u00e4tes. Das Analyseger\u00e4t sendet \u00fcber alle 8 Elektroden einen sanften elektrischen Strom durch den K\u00f6rper. Auf der Grundlage des Widerstands und zuverl\u00e4ssiger, wissenschaftlich gepr\u00fcfter und patentierter Formeln berechnet das Analyseger\u00e4t die K\u00f6rperzusammensetzung einer Person.<\/p>\n<h4>EINZIGARTIGE MERKMALE<\/h4>\n<p>Das BC-601 ist speziell f\u00fcr die Bed\u00fcrfnisse von Sportlern entwickelt worden, damit diese ihre Fortschritte und Ver\u00e4nderungen der K\u00f6rperzusammensetzung regelm\u00e4\u00dfig \u00fcberwachen k\u00f6nnen. Dank seiner au\u00dfergew\u00f6hnlichen Genauigkeit und Transparenz misst der Analysator 5 Segmente separat (beide Arme, Beine und Rumpf). Die Handgriffe erm\u00f6glichen eine schnellere und noch genauere Messung als bei den Vorg\u00e4ngermodellen. Die mitgelieferte SD-Karte erm\u00f6glicht es Ihnen, die Messdaten auf Ihren PC zu \u00fcbertragen, wo Sie Ihre Ergebnisse vergleichen und Ihre Fortschritte \u00fcberwachen k\u00f6nnen.<\/p>\n<h4>ZUS\u00c4TZLICHE MERKMALE:<\/h4>\n<ul>\n<li>Griffe f\u00fcr die segmentale K\u00f6rperanalyse<\/li>\n<li>SD-Karte zur \u00dcbertragung der Messungen auf einen Computer<\/li>\n<li>Abruf der letzten Ergebnisse<\/li>\n<li>Option \u201eNur Gewicht\u201c<\/li>\n<li>Athleten-Modus<\/li>\n<li>G\u00e4stemodus<\/li>\n<li>Wiegekapazit\u00e4t bis zu 150 kg<\/li>\n<li>Genauigkeit 100 g<\/li>\n<li>5 Speichertasten<\/li>\n<li>Batterien im Lieferumfang enthalten<\/li>\n<li>3 Jahre Garantie<\/li>\n<\/ul>\n<p><span class=\"VIiyi\" lang=\"de\"><span class=\"JLqJ4b ChMk0b\" data-language-for-alternatives=\"de\" data-language-to-translate-into=\"en\" data-phrase-index=\"0\" data-number-of-phrases=\"1\">Die kostenlose Bodyvision-Software von Tanita ist erh\u00e4ltlich und erm\u00f6glicht die Daten\u00fcbertragung auf einen Computer (Excel).<\/span><\/span><\/p>\n<p>&nbsp;<\/p>\n<p><iframe loading=\"lazy\" title=\"Tanita BC601 Product Features - Train with Tanita\" width=\"500\" height=\"281\" src=\"https:\/\/www.youtube.com\/embed\/bKkN-uaLjAk?feature=oembed\" frameborder=\"0\" allow=\"accelerometer; autoplay; clipboard-write; encrypted-media; gyroscope; picture-in-picture; web-share\" referrerpolicy=\"strict-origin-when-cross-origin\" allowfullscreen><\/iframe><\/p>\n","protected":false},"excerpt":{"rendered":"<p>Mit Tanita BC-601 sind Sie in der Lage, Ihren K\u00f6rper eingehend zu analysieren. So erhalten Sie detaillierte Informationen \u00fcber die Zusammensetzung Ihres K\u00f6rpers.<\/p>\n<p>Anhand der folgenden Ergebnisse k\u00f6nnen Sie Ihr <strong>Training anpassen<\/strong>, um Ihr Fitnessniveau zu verbessern:<\/p>\n<p style=\"padding-left: 40px;\">\u2022 Gewicht<br \/>\n\u2022 K\u00f6rperfett<br \/>\n\u2022 Muskelmasse<br \/>\n\u2022 K\u00f6rperwasser<br \/>\n\u2022 Knochenmasse<br \/>\n\u2022 Viszeralfett<br \/>\n\u2022 Stoffwechselalter<br \/>\n\u2022 K\u00f6rperbauwert<br \/>\n\u2022 t\u00e4gliche Kalorienaufnahme (DCI)<br \/>\n\u2022 K\u00f6rpermassenindex (BMI)<br \/>\n\u2022 segmentale K\u00f6rperfettanteilel<br \/>\n\u2022 segmentale Muskelmasse<\/p>\n<p>Die Ergebnisse erscheinen auf dem <strong>extragro\u00dfen LCD-Farbdisplay.<\/strong> Das Handger\u00e4t verf\u00fcgt \u00fcber ein einziehbares Kabel, das gew\u00e4hrleistet, dass es bequem in das Hauptger\u00e4t passt. Alle Daten (bis zu 4 Benutzer) werden automatisch auf der SD-Karte (im Lieferumfang enthalten) gespeichert.<\/p>\n<p>F\u00fcr Bodybuilder und Leistungssportler empfehlen wir das noch leistungsf\u00e4higere Analyseger\u00e4t <a href=\"https:\/\/sen-shop.com\/de\/collections\/tanita-de\/tanita-rd-545\/\"><strong>TANITA RD 545<\/strong><\/a><strong>.<\/strong><\/p>\n[banner_tanita]\n","protected":false},"featured_media":33377,"comment_status":"open","ping_status":"closed","template":"","meta":{"inline_featured_image":false},"product_cat":[848,849],"product_tag":[897,898,900,896,899,1028,1030,895,901,1029],"class_list":["post-33370","product","type-product","status-publish","has-post-thumbnail","hentry","product_cat-tanita-de","product_cat-tanita-verbraucherprodukte","product_tag-analizator-tanita-de","product_tag-analizator-telesne-teze-de","product_tag-digitalna-osebna-tehtnica-de","product_tag-digitalna-tehtnica-de","product_tag-nakup-tanite-de","product_tag-osebna-raba-tanite","product_tag-pametna-tehtnica-de","product_tag-tanita-de","product_tag-tanita-tehtnica-de","product_tag-tehtnica-za-merjenje-telesne-sestave-de"],"acf":[],"yoast_head":"<!-- This site is optimized with the Yoast SEO plugin v19.13 - https:\/\/yoast.com\/wordpress\/plugins\/seo\/ -->\n<title>TANITA BC-601 - SEN Shop<\/title>\n<meta name=\"robots\" content=\"index, follow, max-snippet:-1, max-image-preview:large, max-video-preview:-1\" \/>\n<link rel=\"canonical\" href=\"https:\/\/sen-shop.com\/de\/collections\/tanita-de\/tanita-bc-601\/\" \/>\n<meta property=\"og:locale\" content=\"de_DE\" \/>\n<meta property=\"og:type\" content=\"article\" \/>\n<meta property=\"og:title\" content=\"TANITA BC-601 - SEN Shop\" \/>\n<meta property=\"og:description\" content=\"Mit Tanita BC-601 sind Sie in der Lage, Ihren K\u00f6rper eingehend zu analysieren. So erhalten Sie detaillierte Informationen \u00fcber die Zusammensetzung Ihres K\u00f6rpers.  Anhand der folgenden Ergebnisse k\u00f6nnen Sie Ihr Training anpassen, um Ihr Fitnessniveau zu verbessern: \u2022 Gewicht \u2022 K\u00f6rperfett \u2022 Muskelmasse \u2022 K\u00f6rperwasser \u2022 Knochenmasse \u2022 Viszeralfett \u2022 Stoffwechselalter \u2022 K\u00f6rperbauwert \u2022 t\u00e4gliche Kalorienaufnahme (DCI) \u2022 K\u00f6rpermassenindex (BMI) \u2022 segmentale K\u00f6rperfettanteilel \u2022 segmentale Muskelmasse Die Ergebnisse erscheinen auf dem extragro\u00dfen LCD-Farbdisplay. Das Handger\u00e4t verf\u00fcgt \u00fcber ein einziehbares Kabel, das gew\u00e4hrleistet, dass es bequem in das Hauptger\u00e4t passt. Alle Daten (bis zu 4 Benutzer) werden automatisch auf der SD-Karte (im Lieferumfang enthalten) gespeichert.  F\u00fcr Bodybuilder und Leistungssportler empfehlen wir das noch leistungsf\u00e4higere Analyseger\u00e4t TANITA RD 545.\" \/>\n<meta property=\"og:url\" content=\"https:\/\/sen-shop.com\/de\/collections\/tanita-de\/tanita-bc-601\/\" \/>\n<meta property=\"og:site_name\" content=\"SEN Shop\" \/>\n<meta property=\"article:publisher\" content=\"https:\/\/www.facebook.com\/Senshopslovenija\" \/>\n<meta property=\"article:modified_time\" content=\"2022-01-10T14:52:34+00:00\" \/>\n<meta property=\"og:image\" content=\"https:\/\/sen-shop.com\/wp-content\/uploads\/2018\/05\/tanita-601-gold-1.png\" \/>\n\t<meta property=\"og:image:width\" content=\"700\" \/>\n\t<meta property=\"og:image:height\" content=\"700\" \/>\n\t<meta property=\"og:image:type\" content=\"image\/png\" \/>\n<meta name=\"twitter:card\" content=\"summary_large_image\" \/>\n<meta name=\"twitter:label1\" content=\"Gesch\u00e4tzte Lesezeit\" \/>\n\t<meta name=\"twitter:data1\" content=\"6\u00a0Minuten\" \/>\n<script type=\"application\/ld+json\" class=\"yoast-schema-graph\">{\"@context\":\"https:\/\/schema.org\",\"@graph\":[{\"@type\":\"WebPage\",\"@id\":\"https:\/\/sen-shop.com\/de\/collections\/tanita-de\/tanita-bc-601\/\",\"url\":\"https:\/\/sen-shop.com\/de\/collections\/tanita-de\/tanita-bc-601\/\",\"name\":\"TANITA BC-601 - SEN Shop\",\"isPartOf\":{\"@id\":\"https:\/\/sen-shop.com\/de\/#website\"},\"datePublished\":\"2018-05-18T08:57:51+00:00\",\"dateModified\":\"2022-01-10T14:52:34+00:00\",\"breadcrumb\":{\"@id\":\"https:\/\/sen-shop.com\/de\/collections\/tanita-de\/tanita-bc-601\/#breadcrumb\"},\"inLanguage\":\"de\",\"potentialAction\":[{\"@type\":\"ReadAction\",\"target\":[\"https:\/\/sen-shop.com\/de\/collections\/tanita-de\/tanita-bc-601\/\"]}]},{\"@type\":\"BreadcrumbList\",\"@id\":\"https:\/\/sen-shop.com\/de\/collections\/tanita-de\/tanita-bc-601\/#breadcrumb\",\"itemListElement\":[{\"@type\":\"ListItem\",\"position\":1,\"name\":\"Home\",\"item\":\"https:\/\/sen-shop.com\/de\/\"},{\"@type\":\"ListItem\",\"position\":2,\"name\":\"TANITA BC-601\"}]},{\"@type\":\"WebSite\",\"@id\":\"https:\/\/sen-shop.com\/de\/#website\",\"url\":\"https:\/\/sen-shop.com\/de\/\",\"name\":\"SEN Shop\",\"description\":\"Slovensko, Ekolo\u0161ko, Naravno\",\"publisher\":{\"@id\":\"https:\/\/sen-shop.com\/de\/#organization\"},\"potentialAction\":[{\"@type\":\"SearchAction\",\"target\":{\"@type\":\"EntryPoint\",\"urlTemplate\":\"https:\/\/sen-shop.com\/de\/?s={search_term_string}\"},\"query-input\":\"required name=search_term_string\"}],\"inLanguage\":\"de\"},{\"@type\":\"Organization\",\"@id\":\"https:\/\/sen-shop.com\/de\/#organization\",\"name\":\"Mind trade d.o.o\",\"url\":\"https:\/\/sen-shop.com\/de\/\",\"logo\":{\"@type\":\"ImageObject\",\"inLanguage\":\"de\",\"@id\":\"https:\/\/sen-shop.com\/de\/#\/schema\/logo\/image\/\",\"url\":\"https:\/\/sen-shop.com\/wp-content\/uploads\/2018\/05\/header_logo.png\",\"contentUrl\":\"https:\/\/sen-shop.com\/wp-content\/uploads\/2018\/05\/header_logo.png\",\"width\":138,\"height\":70,\"caption\":\"Mind trade d.o.o\"},\"image\":{\"@id\":\"https:\/\/sen-shop.com\/de\/#\/schema\/logo\/image\/\"},\"sameAs\":[\"https:\/\/www.instagram.com\/senslovenija\/\",\"https:\/\/www.facebook.com\/Senshopslovenija\"]}]}<\/script>\n<!-- \/ Yoast SEO plugin. -->","yoast_head_json":{"title":"TANITA BC-601 - SEN Shop","robots":{"index":"index","follow":"follow","max-snippet":"max-snippet:-1","max-image-preview":"max-image-preview:large","max-video-preview":"max-video-preview:-1"},"canonical":"https:\/\/sen-shop.com\/de\/collections\/tanita-de\/tanita-bc-601\/","og_locale":"de_DE","og_type":"article","og_title":"TANITA BC-601 - SEN Shop","og_description":"Mit Tanita BC-601 sind Sie in der Lage, Ihren K\u00f6rper eingehend zu analysieren. So erhalten Sie detaillierte Informationen \u00fcber die Zusammensetzung Ihres K\u00f6rpers.  Anhand der folgenden Ergebnisse k\u00f6nnen Sie Ihr Training anpassen, um Ihr Fitnessniveau zu verbessern: \u2022 Gewicht \u2022 K\u00f6rperfett \u2022 Muskelmasse \u2022 K\u00f6rperwasser \u2022 Knochenmasse \u2022 Viszeralfett \u2022 Stoffwechselalter \u2022 K\u00f6rperbauwert \u2022 t\u00e4gliche Kalorienaufnahme (DCI) \u2022 K\u00f6rpermassenindex (BMI) \u2022 segmentale K\u00f6rperfettanteilel \u2022 segmentale Muskelmasse Die Ergebnisse erscheinen auf dem extragro\u00dfen LCD-Farbdisplay. Das Handger\u00e4t verf\u00fcgt \u00fcber ein einziehbares Kabel, das gew\u00e4hrleistet, dass es bequem in das Hauptger\u00e4t passt. Alle Daten (bis zu 4 Benutzer) werden automatisch auf der SD-Karte (im Lieferumfang enthalten) gespeichert.  F\u00fcr Bodybuilder und Leistungssportler empfehlen wir das noch leistungsf\u00e4higere Analyseger\u00e4t TANITA RD 545.","og_url":"https:\/\/sen-shop.com\/de\/collections\/tanita-de\/tanita-bc-601\/","og_site_name":"SEN Shop","article_publisher":"https:\/\/www.facebook.com\/Senshopslovenija","article_modified_time":"2022-01-10T14:52:34+00:00","og_image":[{"width":700,"height":700,"url":"https:\/\/sen-shop.com\/wp-content\/uploads\/2018\/05\/tanita-601-gold-1.png","type":"image\/png"}],"twitter_card":"summary_large_image","twitter_misc":{"Gesch\u00e4tzte Lesezeit":"6\u00a0Minuten"},"schema":{"@context":"https:\/\/schema.org","@graph":[{"@type":"WebPage","@id":"https:\/\/sen-shop.com\/de\/collections\/tanita-de\/tanita-bc-601\/","url":"https:\/\/sen-shop.com\/de\/collections\/tanita-de\/tanita-bc-601\/","name":"TANITA BC-601 - SEN Shop","isPartOf":{"@id":"https:\/\/sen-shop.com\/de\/#website"},"datePublished":"2018-05-18T08:57:51+00:00","dateModified":"2022-01-10T14:52:34+00:00","breadcrumb":{"@id":"https:\/\/sen-shop.com\/de\/collections\/tanita-de\/tanita-bc-601\/#breadcrumb"},"inLanguage":"de","potentialAction":[{"@type":"ReadAction","target":["https:\/\/sen-shop.com\/de\/collections\/tanita-de\/tanita-bc-601\/"]}]},{"@type":"BreadcrumbList","@id":"https:\/\/sen-shop.com\/de\/collections\/tanita-de\/tanita-bc-601\/#breadcrumb","itemListElement":[{"@type":"ListItem","position":1,"name":"Home","item":"https:\/\/sen-shop.com\/de\/"},{"@type":"ListItem","position":2,"name":"TANITA BC-601"}]},{"@type":"WebSite","@id":"https:\/\/sen-shop.com\/de\/#website","url":"https:\/\/sen-shop.com\/de\/","name":"SEN Shop","description":"Slovensko, Ekolo\u0161ko, Naravno","publisher":{"@id":"https:\/\/sen-shop.com\/de\/#organization"},"potentialAction":[{"@type":"SearchAction","target":{"@type":"EntryPoint","urlTemplate":"https:\/\/sen-shop.com\/de\/?s={search_term_string}"},"query-input":"required name=search_term_string"}],"inLanguage":"de"},{"@type":"Organization","@id":"https:\/\/sen-shop.com\/de\/#organization","name":"Mind trade d.o.o","url":"https:\/\/sen-shop.com\/de\/","logo":{"@type":"ImageObject","inLanguage":"de","@id":"https:\/\/sen-shop.com\/de\/#\/schema\/logo\/image\/","url":"https:\/\/sen-shop.com\/wp-content\/uploads\/2018\/05\/header_logo.png","contentUrl":"https:\/\/sen-shop.com\/wp-content\/uploads\/2018\/05\/header_logo.png","width":138,"height":70,"caption":"Mind trade d.o.o"},"image":{"@id":"https:\/\/sen-shop.com\/de\/#\/schema\/logo\/image\/"},"sameAs":["https:\/\/www.instagram.com\/senslovenija\/","https:\/\/www.facebook.com\/Senshopslovenija"]}]}},"_links":{"self":[{"href":"https:\/\/sen-shop.com\/de\/wp-json\/wp\/v2\/product\/33370","targetHints":{"allow":["GET"]}}],"collection":[{"href":"https:\/\/sen-shop.com\/de\/wp-json\/wp\/v2\/product"}],"about":[{"href":"https:\/\/sen-shop.com\/de\/wp-json\/wp\/v2\/types\/product"}],"replies":[{"embeddable":true,"href":"https:\/\/sen-shop.com\/de\/wp-json\/wp\/v2\/comments?post=33370"}],"wp:featuredmedia":[{"embeddable":true,"href":"https:\/\/sen-shop.com\/de\/wp-json\/wp\/v2\/media\/33377"}],"wp:attachment":[{"href":"https:\/\/sen-shop.com\/de\/wp-json\/wp\/v2\/media?parent=33370"}],"wp:term":[{"taxonomy":"product_cat","embeddable":true,"href":"https:\/\/sen-shop.com\/de\/wp-json\/wp\/v2\/product_cat?post=33370"},{"taxonomy":"product_tag","embeddable":true,"href":"https:\/\/sen-shop.com\/de\/wp-json\/wp\/v2\/product_tag?post=33370"}],"curies":[{"name":"wp","href":"https:\/\/api.w.org\/{rel}","templated":true}]}}