{"id":33356,"date":"2018-05-21T15:25:08","date_gmt":"2018-05-21T13:25:08","guid":{"rendered":"https:\/\/sen-shop.com\/collections\/unkategorisiert\/tanita-rd-545\/"},"modified":"2021-11-10T15:36:42","modified_gmt":"2021-11-10T14:36:42","slug":"tanita-rd-545","status":"publish","type":"product","link":"https:\/\/sen-shop.com\/de\/collections\/tanita-de\/tanita-rd-545\/","title":{"rendered":"TANITA RD-545"},"content":{"rendered":"<h4 id=\"segmental-body-composition-monitors\">TANITA RD-545 SEGMENT-K\u00d6RPERANALYSEWAAGE<\/h4>\n<p>Die Tanita RD-545 ist die beste pers\u00f6nliche K\u00f6rperanalysewaage auf dem Markt.<\/p>\n<p>Durch die <strong>Zwei-Frequenz-Technologie<\/strong> k\u00f6nnen alle Ver\u00e4nderungen und Fortschritte bei den Messungen medizinisch genau analysiert werden. Die Tanita RD-545 ist besonders f\u00fcr Spitzensportler, Bodybuilder und alle, die ein <strong>H\u00f6chstma\u00df an Pr\u00e4zision<\/strong> w\u00fcnschen, geeignet. Die Tanita Waage RD-545 hat 4 Speicherprofile mit automatischer Benutzererkennung. Einfach auf die Waage stellen und sie wird Sie automatisch erkennen und die Messung durchf\u00fchren. Auf diese Weise m\u00fcssen Sie nicht st\u00e4ndig Ihre Daten eingeben.<\/p>\n<p>Die Ergebnisse der Messung werden \u00fcber die my Tanita App auf Ihrem Telefon angezeigt, wo Sie Ihren Fortschritt \u00fcberwachen, Ziele setzen k\u00f6nnen usw.<\/p>\n<h4>RD-545 FUNKTIONEN UND MESSWERTE:<\/h4>\n<ul>\n<li><strong>Gewicht<\/strong><\/li>\n<li><strong>K\u00f6rperfett<\/strong>\u00a0\u2013 Der K\u00f6rperfettanteil ist abh\u00e4ngig von Ihrer Ern\u00e4hrung, Ihrem Lebensstil und Ihrer k\u00f6rperlichen Aktivit\u00e4t. Verschiedene Forschungsarbeiten und medizinische Studien haben bewiesen, dass ein hoher K\u00f6rperfettanteil die Hauptursache f\u00fcr verschiedene Krankheiten wie Bluthochdruck, Herzkrankheiten, Diabetes und bestimmte Krebsarten ist. Die Reduzierung eines zu hohen K\u00f6rperfettanteils verringert nachweislich direkt das Risiko f\u00fcr diese Krankheiten. My Tanita App sagt Ihnen sofort, ob Sie zu einer gesunden oder kritischen Gruppe geh\u00f6ren. (Herz-Kreislauf-Erkrankungen, Diabetes, etc.).<\/li>\n<li><strong>K\u00f6rperwasser<\/strong>\u00a0\u2013 Der prozentuale Anteil des Gesamtk\u00f6rperwassers ist die Gesamtmenge an Fl\u00fcssigkeit im K\u00f6rper einer Person, ausgedr\u00fcckt als Prozentsatz des Gesamtgewichts. K\u00f6rperwasser ist ein wesentlicher Bestandteil der Gesunderhaltung. Mehr als die H\u00e4lfte des K\u00f6rpers besteht aus Wasser. Es reguliert die K\u00f6rpertemperatur und hilft bei der Ausscheidung von Abfallstoffen. Durch Urin, Schwei\u00df und Atmung verliert der Mensch st\u00e4ndig Wasser, daher ist es wichtig, es st\u00e4ndig zu ersetzen. Die t\u00e4glich ben\u00f6tigte Fl\u00fcssigkeitsmenge ist von Mensch zu Mensch unterschiedlich und h\u00e4ngt von den klimatischen Bedingungen und der k\u00f6rperlichen Aktivit\u00e4t ab, die man aus\u00fcbt. Eine gute Fl\u00fcssigkeitszufuhr f\u00f6rdert die Konzentrationsf\u00e4higkeit, die sportliche Leistung und das allgemeine Wohlbefinden. Experten empfehlen, t\u00e4glich mindestens zwei Liter Fl\u00fcssigkeit, vorzugsweise Wasser, zu trinken. Wenn Sie trainieren, ist es wichtig, Ihre Fl\u00fcssigkeitszufuhr zu erh\u00f6hen, um jederzeit H\u00f6chstleistungen zu erbringen.<\/li>\n<li><strong>Muskelmasse<\/strong>\u00a0\u2013 beinhaltet die Skelettmuskulatur, die glatte Muskulatur wie die Herz- und Verdauungsmuskulatur und das in diesen Muskeln enthaltene Wasser. Die Beobachtung, wie viel Muskelmasse Sie w\u00e4hrend Ihres Trainings gewonnen haben, gibt Ihnen Aufschluss dar\u00fcber, wie effektiv Ihr Training ist. Die Muskeln spielen eine wichtige Rolle, da sie als Motor fungieren, der Energie verbraucht. Mit zunehmender Muskelmasse steigt auch Ihr Energieverbrauch, was Ihnen hilft, \u00fcbersch\u00fcssiges K\u00f6rperfett abzubauen und auf gesunde Weise Gewicht zu verlieren.<\/li>\n<li><strong>Muskelqualit\u00e4t<\/strong> \u2013 bezeichnet die Qualit\u00e4t Ihrer Muskeln. Dieser Parameter \u00e4ndert sich in Abh\u00e4ngigkeit von Faktoren wie Alter und Training. Der RD-545 verwendet 2 verschiedene Frequenzen zur Messung der bioelektrischen Impedanz, und diese Ergebnisse werden zur Bewertung der Muskelqualit\u00e4t verwendet.<\/li>\n<li><strong>Segmentaler K\u00f6rperfettanteil<\/strong>\u00a0\u2013 gibt den Fettanteil der Arme, Beine und des Bauchraums separat an und hilft Ihnen, die Auswirkungen Ihres Trainingsprogramms im Laufe der Zeit zu erkennen und zu verstehen. Der K\u00f6rperfettanteil ist von Ihrer Ern\u00e4hrung, Ihrem Lebensstil und Ihrer k\u00f6rperlichen Aktivit\u00e4t abh\u00e4ngig. Mehrere Forschungsarbeiten und medizinische Studien haben bewiesen, dass ein hoher K\u00f6rperfettanteil die Hauptursache f\u00fcr verschiedene Krankheiten wie Bluthochdruck, Herzkrankheiten, Diabetes und bestimmte Krebsarten ist. Die Reduzierung eines zu hohen K\u00f6rperfettanteils verringert nachweislich direkt das Risiko f\u00fcr diese Krankheiten. My Tanita App sagt Ihnen sofort, ob Sie zu einer gesunden oder kritischen Gruppe geh\u00f6ren. (Herz-Kreislauf-Erkrankungen, Diabetes, etc.).<\/li>\n<li><strong>Segmentale Muskelmasse<\/strong>\u00a0\u2013 gibt die Muskelmasse Ihrer Arme, Beine und des Kernbereichs der Bauchmuskulatur separat an. Die Muskelmasse beinhaltet die Skelettmuskulatur, die glatte Muskulatur wie die Herz- und Verdauungsmuskulatur und das in diesen Muskeln enthaltene Wasser. Die Beobachtung, wie viel Muskelmasse Sie w\u00e4hrend Ihres Trainings gewonnen haben, gibt Ihnen Aufschluss dar\u00fcber, wie effektiv Ihr Training ist. Muskeln spielen eine wichtige Rolle, da sie als Motor fungieren, der Energie verbraucht. Mit zunehmender Muskelmasse steigt auch Ihr Energieverbrauch, was Ihnen hilft, \u00fcbersch\u00fcssiges K\u00f6rperfett abzubauen und auf gesunde Weise Gewicht zu verlieren.<\/li>\n<li><strong>Knochenmasse<\/strong>\u00a0\u2013 gibt an, wie viel Mineralien (Knochenmineralien, Kalzium oder andere Mineralien) im K\u00f6rper vorhanden sind. Die Wissenschaft hat gezeigt, dass Bewegung und der Aufbau von Muskelgewebe mit st\u00e4rkeren und ges\u00fcnderen Knochen zusammenh\u00e4ngen.<\/li>\n<li><strong>Body-Mass-Index (BMI)<\/strong>\u00a0\u2013 bezeichnet das Verh\u00e4ltnis zwischen K\u00f6rpergr\u00f6\u00dfe und Gewicht. Das Analyseger\u00e4t zeigt Ihnen in der Tanita Anwendung sofort an, ob Sie zu einer gesunden oder kritischen Gruppe geh\u00f6ren.<\/li>\n<li><strong>Grundumsatz (BMR)<\/strong> &#8211; ist das Mindestma\u00df an Energie, das Ihr K\u00f6rper im Ruhezustand ben\u00f6tigt, um effektiv zu funktionieren. Dazu geh\u00f6rt die Funktion Ihrer Atmungs- und Kreislauforgane, des Nervensystems, der Leber, der Nieren und anderer Organe. Auch im Schlaf verbrennen Sie weiterhin Kalorien. Etwa 70 % der Kalorien, die Ihr K\u00f6rper t\u00e4glich verbraucht, entfallen auf Ihren Grundumsatz. Ihr Grundumsatz wird in hohem Ma\u00dfe von Ihrer Muskelmasse beeinflusst, so dass eine Zunahme der Muskelmasse Ihren Grundumsatz erh\u00f6ht. Ein h\u00f6herer Grundumsatz erh\u00f6ht die Zahl der verbrauchten Kalorien und hilft, die Menge an K\u00f6rperfett zu verringern.<\/li>\n<li><strong>Viszeralfett<\/strong>\u00a0\u2013 ist das Fett, das die lebenswichtigen Organe im Bauchbereich umgibt. Im Gegensatz zu \u201enormalem\u201c Fett ist viszerales Fett tiefer in der Haut gespeichert und umschlie\u00dft wichtige Organe wie Leber, Bauchspeicheldr\u00fcse und Niere. Viszeralfett sorgt daf\u00fcr, dass zwischen den einzelnen Organen ein gewisser Abstand besteht. Wenn zu viel viszerales Fett gebildet wird, kann dies zu Entz\u00fcndungen und Bluthochdruck f\u00fchren, was das Risiko f\u00fcr ernsthafte Gesundheitsprobleme erh\u00f6ht. Dies wird auch als zentrale Fettleibigkeit bezeichnet.<br \/>\nDas viszerale Fett hat auch Auswirkungen auf das Adiponektin oder \u201eFetthormon\u201c. Adiponektin hat die Aufgabe, das K\u00f6rperfett zu regulieren. Viszerales Fett hemmt Adiponektin. Dies hat zur Folge, dass Ihr K\u00f6rper mehr Fett produziert, als Sie eigentlich brauchen. Ein hoher Anteil an viszeralem Fett beeinflusst auch Ihre Insulinempfindlichkeit. Das bedeutet, dass es sp\u00e4ter im Leben zu Typ-2-Diabetes f\u00fchren kann.<br \/>\nEin gesunder Anteil an viszeralem Fett kann das Risiko f\u00fcr bestimmte Krankheiten wie Herzkrankheiten, Bluthochdruck und Typ-2-Diabetes verringern.<br \/>\nHinweis: Sie k\u00f6nnen trotz Ihres niedrigen K\u00f6rperfettanteils einen hohen Anteil an viszeralem Fett haben.<\/li>\n<li><strong>Stoffwechselalter<\/strong>\u00a0\u2013 berechnet Ihren Grundumsatz und zeigt das Durchschnittsalter an, das mit der Art des Stoffwechsels verbunden ist. Liegt Ihr metabolisches Alter h\u00f6her als Ihr tats\u00e4chliches Alter, ist dies ein Hinweis darauf, dass Sie Ihren Stoffwechsel verbessern m\u00fcssen. Durch vermehrte Bewegung wird gesundes Muskelgewebe aufgebaut, was Ihr metabolisches Alter verbessert.<\/li>\n<li><strong>K\u00f6rperbauwert<\/strong>\u00a0\u2013 beurteilt Ihren K\u00f6rperbau nach dem Verh\u00e4ltnis von K\u00f6rperfett und Muskelmasse in Ihrem K\u00f6rper. Je aktiver Sie werden und je mehr K\u00f6rperfett Sie abbauen, desto mehr ver\u00e4ndert sich Ihr K\u00f6rperbau-Rating. Selbst wenn sich Ihr Gewicht nicht \u00e4ndert, k\u00f6nnen sich Ihre Muskelmasse und Ihr K\u00f6rperfettanteil ver\u00e4ndern und Sie ges\u00fcnder machen, wodurch sich Ihr Risiko f\u00fcr bestimmte Krankheiten verringert.<\/li>\n<li><strong>Gewichtskapazit\u00e4t 200 kg<\/strong><\/li>\n<li><strong>Zugang zu allen Messungen \u00fcber My Tanita App<\/strong><\/li>\n<\/ul>\n<p><iframe loading=\"lazy\" title=\"TANITA RD 545 Operation Guide\" width=\"500\" height=\"281\" src=\"https:\/\/www.youtube.com\/embed\/jQmYj0mklO0?feature=oembed\" frameborder=\"0\" allow=\"accelerometer; autoplay; clipboard-write; encrypted-media; gyroscope; picture-in-picture; web-share\" referrerpolicy=\"strict-origin-when-cross-origin\" allowfullscreen><\/iframe><\/p>\n","protected":false},"excerpt":{"rendered":"<p>Die Tanita RD-545 ist die derzeit beste K\u00f6rperanalysewaage auf dem Markt.<\/p>\n<p>Dank der <strong>Zwei-Frequenz-Technologie<\/strong> k\u00f6nnen alle Ver\u00e4nderungen und Fortschritte bei den Messungen medizinisch genau analysiert werden.<\/p>\n<p>Die Tanita RD-545 ist speziell f\u00fcr Spitzensportler, Bodybuilder und alle, die ein <strong>H\u00f6chstma\u00df an Pr\u00e4zision<\/strong> w\u00fcnschen, gedacht. Die Messergebnisse werden \u00fcber die my Tanita App auf Ihrem Handy angezeigt, wo Sie Ihren Fortschritt \u00fcberwachen, Ziele setzen k\u00f6nnen usw.<\/p>\n<p><strong>WARUM BRAUCHE ICH EINE K\u00d6RPERANALYSEWAAGE?<\/strong><br \/>\nWie k\u00f6nnen Sie die Ergebnisse Ihres Trainings oder Ihrer Ern\u00e4hrung messen? Wie erkennen oder erreichen Sie Ihre Ziele (mehr Muskeln, weniger Fett, bessere Gesundheit)? Was geht in Ihrem K\u00f6rper vor? All dies wird durch die Messung mit der Tanita K\u00f6rperanalysewaage beantwortet.<\/p>\n<p><strong>5 Jahre Garantie.<\/strong><\/p>\n[banner_tanita]\n","protected":false},"featured_media":33366,"comment_status":"open","ping_status":"closed","template":"","meta":{"inline_featured_image":false},"product_cat":[848,849],"product_tag":[897,898,900,896,899,1028,1030,895,901,1029],"class_list":["post-33356","product","type-product","status-publish","has-post-thumbnail","hentry","product_cat-tanita-de","product_cat-tanita-verbraucherprodukte","product_tag-analizator-tanita-de","product_tag-analizator-telesne-teze-de","product_tag-digitalna-osebna-tehtnica-de","product_tag-digitalna-tehtnica-de","product_tag-nakup-tanite-de","product_tag-osebna-raba-tanite","product_tag-pametna-tehtnica-de","product_tag-tanita-de","product_tag-tanita-tehtnica-de","product_tag-tehtnica-za-merjenje-telesne-sestave-de"],"acf":[],"yoast_head":"<!-- This site is optimized with the Yoast SEO plugin v19.13 - https:\/\/yoast.com\/wordpress\/plugins\/seo\/ -->\n<title>TANITA RD-545 - SEN Shop<\/title>\n<meta name=\"robots\" content=\"index, follow, max-snippet:-1, max-image-preview:large, max-video-preview:-1\" \/>\n<link rel=\"canonical\" href=\"https:\/\/sen-shop.com\/de\/collections\/tanita-de\/tanita-rd-545\/\" \/>\n<meta property=\"og:locale\" content=\"de_DE\" \/>\n<meta property=\"og:type\" content=\"article\" \/>\n<meta property=\"og:title\" content=\"TANITA RD-545 - SEN Shop\" \/>\n<meta property=\"og:description\" content=\"Die Tanita RD-545 ist die derzeit beste K\u00f6rperanalysewaage auf dem Markt.  Dank der Zwei-Frequenz-Technologie k\u00f6nnen alle Ver\u00e4nderungen und Fortschritte bei den Messungen medizinisch genau analysiert werden.  Die Tanita RD-545 ist speziell f\u00fcr Spitzensportler, Bodybuilder und alle, die ein H\u00f6chstma\u00df an Pr\u00e4zision w\u00fcnschen, gedacht. Die Messergebnisse werden \u00fcber die my Tanita App auf Ihrem Handy angezeigt, wo Sie Ihren Fortschritt \u00fcberwachen, Ziele setzen k\u00f6nnen usw.  WARUM BRAUCHE ICH EINE K\u00d6RPERANALYSEWAAGE? Wie k\u00f6nnen Sie die Ergebnisse Ihres Trainings oder Ihrer Ern\u00e4hrung messen? Wie erkennen oder erreichen Sie Ihre Ziele (mehr Muskeln, weniger Fett, bessere Gesundheit)? Was geht in Ihrem K\u00f6rper vor? All dies wird durch die Messung mit der Tanita K\u00f6rperanalysewaage beantwortet.  5 Jahre Garantie.\" \/>\n<meta property=\"og:url\" content=\"https:\/\/sen-shop.com\/de\/collections\/tanita-de\/tanita-rd-545\/\" \/>\n<meta property=\"og:site_name\" content=\"SEN Shop\" \/>\n<meta property=\"article:publisher\" content=\"https:\/\/www.facebook.com\/Senshopslovenija\" \/>\n<meta property=\"article:modified_time\" content=\"2021-11-10T14:36:42+00:00\" \/>\n<meta property=\"og:image\" content=\"https:\/\/sen-shop.com\/wp-content\/uploads\/2018\/05\/tanita-rd-545.png\" \/>\n\t<meta property=\"og:image:width\" content=\"700\" \/>\n\t<meta property=\"og:image:height\" content=\"700\" \/>\n\t<meta property=\"og:image:type\" content=\"image\/png\" \/>\n<meta name=\"twitter:card\" content=\"summary_large_image\" \/>\n<meta name=\"twitter:label1\" content=\"Gesch\u00e4tzte Lesezeit\" \/>\n\t<meta name=\"twitter:data1\" content=\"6\u00a0Minuten\" \/>\n<script type=\"application\/ld+json\" class=\"yoast-schema-graph\">{\"@context\":\"https:\/\/schema.org\",\"@graph\":[{\"@type\":\"WebPage\",\"@id\":\"https:\/\/sen-shop.com\/de\/collections\/tanita-de\/tanita-rd-545\/\",\"url\":\"https:\/\/sen-shop.com\/de\/collections\/tanita-de\/tanita-rd-545\/\",\"name\":\"TANITA RD-545 - SEN Shop\",\"isPartOf\":{\"@id\":\"https:\/\/sen-shop.com\/de\/#website\"},\"datePublished\":\"2018-05-21T13:25:08+00:00\",\"dateModified\":\"2021-11-10T14:36:42+00:00\",\"breadcrumb\":{\"@id\":\"https:\/\/sen-shop.com\/de\/collections\/tanita-de\/tanita-rd-545\/#breadcrumb\"},\"inLanguage\":\"de\",\"potentialAction\":[{\"@type\":\"ReadAction\",\"target\":[\"https:\/\/sen-shop.com\/de\/collections\/tanita-de\/tanita-rd-545\/\"]}]},{\"@type\":\"BreadcrumbList\",\"@id\":\"https:\/\/sen-shop.com\/de\/collections\/tanita-de\/tanita-rd-545\/#breadcrumb\",\"itemListElement\":[{\"@type\":\"ListItem\",\"position\":1,\"name\":\"Home\",\"item\":\"https:\/\/sen-shop.com\/de\/\"},{\"@type\":\"ListItem\",\"position\":2,\"name\":\"TANITA RD-545\"}]},{\"@type\":\"WebSite\",\"@id\":\"https:\/\/sen-shop.com\/de\/#website\",\"url\":\"https:\/\/sen-shop.com\/de\/\",\"name\":\"SEN Shop\",\"description\":\"Slovensko, Ekolo\u0161ko, Naravno\",\"publisher\":{\"@id\":\"https:\/\/sen-shop.com\/de\/#organization\"},\"potentialAction\":[{\"@type\":\"SearchAction\",\"target\":{\"@type\":\"EntryPoint\",\"urlTemplate\":\"https:\/\/sen-shop.com\/de\/?s={search_term_string}\"},\"query-input\":\"required name=search_term_string\"}],\"inLanguage\":\"de\"},{\"@type\":\"Organization\",\"@id\":\"https:\/\/sen-shop.com\/de\/#organization\",\"name\":\"Mind trade d.o.o\",\"url\":\"https:\/\/sen-shop.com\/de\/\",\"logo\":{\"@type\":\"ImageObject\",\"inLanguage\":\"de\",\"@id\":\"https:\/\/sen-shop.com\/de\/#\/schema\/logo\/image\/\",\"url\":\"https:\/\/sen-shop.com\/wp-content\/uploads\/2018\/05\/header_logo.png\",\"contentUrl\":\"https:\/\/sen-shop.com\/wp-content\/uploads\/2018\/05\/header_logo.png\",\"width\":138,\"height\":70,\"caption\":\"Mind trade d.o.o\"},\"image\":{\"@id\":\"https:\/\/sen-shop.com\/de\/#\/schema\/logo\/image\/\"},\"sameAs\":[\"https:\/\/www.instagram.com\/senslovenija\/\",\"https:\/\/www.facebook.com\/Senshopslovenija\"]}]}<\/script>\n<!-- \/ Yoast SEO plugin. -->","yoast_head_json":{"title":"TANITA RD-545 - SEN Shop","robots":{"index":"index","follow":"follow","max-snippet":"max-snippet:-1","max-image-preview":"max-image-preview:large","max-video-preview":"max-video-preview:-1"},"canonical":"https:\/\/sen-shop.com\/de\/collections\/tanita-de\/tanita-rd-545\/","og_locale":"de_DE","og_type":"article","og_title":"TANITA RD-545 - SEN Shop","og_description":"Die Tanita RD-545 ist die derzeit beste K\u00f6rperanalysewaage auf dem Markt.  Dank der Zwei-Frequenz-Technologie k\u00f6nnen alle Ver\u00e4nderungen und Fortschritte bei den Messungen medizinisch genau analysiert werden.  Die Tanita RD-545 ist speziell f\u00fcr Spitzensportler, Bodybuilder und alle, die ein H\u00f6chstma\u00df an Pr\u00e4zision w\u00fcnschen, gedacht. Die Messergebnisse werden \u00fcber die my Tanita App auf Ihrem Handy angezeigt, wo Sie Ihren Fortschritt \u00fcberwachen, Ziele setzen k\u00f6nnen usw.  WARUM BRAUCHE ICH EINE K\u00d6RPERANALYSEWAAGE? Wie k\u00f6nnen Sie die Ergebnisse Ihres Trainings oder Ihrer Ern\u00e4hrung messen? Wie erkennen oder erreichen Sie Ihre Ziele (mehr Muskeln, weniger Fett, bessere Gesundheit)? Was geht in Ihrem K\u00f6rper vor? All dies wird durch die Messung mit der Tanita K\u00f6rperanalysewaage beantwortet.  5 Jahre Garantie.","og_url":"https:\/\/sen-shop.com\/de\/collections\/tanita-de\/tanita-rd-545\/","og_site_name":"SEN Shop","article_publisher":"https:\/\/www.facebook.com\/Senshopslovenija","article_modified_time":"2021-11-10T14:36:42+00:00","og_image":[{"width":700,"height":700,"url":"https:\/\/sen-shop.com\/wp-content\/uploads\/2018\/05\/tanita-rd-545.png","type":"image\/png"}],"twitter_card":"summary_large_image","twitter_misc":{"Gesch\u00e4tzte Lesezeit":"6\u00a0Minuten"},"schema":{"@context":"https:\/\/schema.org","@graph":[{"@type":"WebPage","@id":"https:\/\/sen-shop.com\/de\/collections\/tanita-de\/tanita-rd-545\/","url":"https:\/\/sen-shop.com\/de\/collections\/tanita-de\/tanita-rd-545\/","name":"TANITA RD-545 - SEN Shop","isPartOf":{"@id":"https:\/\/sen-shop.com\/de\/#website"},"datePublished":"2018-05-21T13:25:08+00:00","dateModified":"2021-11-10T14:36:42+00:00","breadcrumb":{"@id":"https:\/\/sen-shop.com\/de\/collections\/tanita-de\/tanita-rd-545\/#breadcrumb"},"inLanguage":"de","potentialAction":[{"@type":"ReadAction","target":["https:\/\/sen-shop.com\/de\/collections\/tanita-de\/tanita-rd-545\/"]}]},{"@type":"BreadcrumbList","@id":"https:\/\/sen-shop.com\/de\/collections\/tanita-de\/tanita-rd-545\/#breadcrumb","itemListElement":[{"@type":"ListItem","position":1,"name":"Home","item":"https:\/\/sen-shop.com\/de\/"},{"@type":"ListItem","position":2,"name":"TANITA RD-545"}]},{"@type":"WebSite","@id":"https:\/\/sen-shop.com\/de\/#website","url":"https:\/\/sen-shop.com\/de\/","name":"SEN Shop","description":"Slovensko, Ekolo\u0161ko, Naravno","publisher":{"@id":"https:\/\/sen-shop.com\/de\/#organization"},"potentialAction":[{"@type":"SearchAction","target":{"@type":"EntryPoint","urlTemplate":"https:\/\/sen-shop.com\/de\/?s={search_term_string}"},"query-input":"required name=search_term_string"}],"inLanguage":"de"},{"@type":"Organization","@id":"https:\/\/sen-shop.com\/de\/#organization","name":"Mind trade d.o.o","url":"https:\/\/sen-shop.com\/de\/","logo":{"@type":"ImageObject","inLanguage":"de","@id":"https:\/\/sen-shop.com\/de\/#\/schema\/logo\/image\/","url":"https:\/\/sen-shop.com\/wp-content\/uploads\/2018\/05\/header_logo.png","contentUrl":"https:\/\/sen-shop.com\/wp-content\/uploads\/2018\/05\/header_logo.png","width":138,"height":70,"caption":"Mind trade d.o.o"},"image":{"@id":"https:\/\/sen-shop.com\/de\/#\/schema\/logo\/image\/"},"sameAs":["https:\/\/www.instagram.com\/senslovenija\/","https:\/\/www.facebook.com\/Senshopslovenija"]}]}},"_links":{"self":[{"href":"https:\/\/sen-shop.com\/de\/wp-json\/wp\/v2\/product\/33356","targetHints":{"allow":["GET"]}}],"collection":[{"href":"https:\/\/sen-shop.com\/de\/wp-json\/wp\/v2\/product"}],"about":[{"href":"https:\/\/sen-shop.com\/de\/wp-json\/wp\/v2\/types\/product"}],"replies":[{"embeddable":true,"href":"https:\/\/sen-shop.com\/de\/wp-json\/wp\/v2\/comments?post=33356"}],"wp:featuredmedia":[{"embeddable":true,"href":"https:\/\/sen-shop.com\/de\/wp-json\/wp\/v2\/media\/33366"}],"wp:attachment":[{"href":"https:\/\/sen-shop.com\/de\/wp-json\/wp\/v2\/media?parent=33356"}],"wp:term":[{"taxonomy":"product_cat","embeddable":true,"href":"https:\/\/sen-shop.com\/de\/wp-json\/wp\/v2\/product_cat?post=33356"},{"taxonomy":"product_tag","embeddable":true,"href":"https:\/\/sen-shop.com\/de\/wp-json\/wp\/v2\/product_tag?post=33356"}],"curies":[{"name":"wp","href":"https:\/\/api.w.org\/{rel}","templated":true}]}}