{"id":31967,"date":"2016-10-07T14:36:59","date_gmt":"2016-10-07T12:36:59","guid":{"rendered":"https:\/\/www.sen-shop.com\/collections\/unkategorisiert\/weidenrinde-brennnessel\/"},"modified":"2021-10-13T13:48:37","modified_gmt":"2021-10-13T11:48:37","slug":"weidenrinde-brennnessel","status":"publish","type":"product","link":"https:\/\/sen-shop.com\/de\/collections\/nahrungsergaenzungsmittel\/knochen-gelenke-und-muskelprobleme\/weidenrinde-brennnessel\/","title":{"rendered":"Weidenrinde, Brennnessel"},"content":{"rendered":"<p>[vc_row][vc_column][vc_column_text css=&#8220;.vc_custom_1625228164597{padding-top: 30px !important;padding-right: 30px !important;padding-bottom: 30px !important;padding-left: 30px !important;background-color: #c9db95 !important;}&#8220;]<br \/>\n<strong>Weidenrinde<\/strong>, die meist vom wei\u00dfen Weidenbaum stammt, wird seit Jahrhunderten in der Medizin verwendet. Heute wird sie zur<strong> Behandlung von Schmerzen, Kopfschmerzen und entz\u00fcndlichen Zust\u00e4nden<\/strong> eingesetzt. Weidenrinde<strong> lindert Entz\u00fcndungen bei rheumatoider Arthritis, Osteoarthritis, H\u00fcft- und Kniearthrose<\/strong>.<\/p>\n<p>Traditionell wird <strong>Boswellia<\/strong> in Indien zur Erw\u00e4rmung der Gelenke oder gegen Gelenksteifheit eingesetzt. Aufgrund seiner beruhigenden, entz\u00fcndungshemmenden Wirkung wird Boswellia auch zur Linderung von entz\u00fcndungsbedingten Problemen eingesetzt &#8211; nicht nur der Gelenke, sondern auch der Lunge, des Darms, der Haut usw.<\/p>\n<p>Die <strong>Brennnessel<\/strong> enth\u00e4lt Mineralien (Fe, Mg, Na, K, P, Ca usw.), viel Vitamin A und Mineralsalze, viel Kalium, was sie harntreibend macht. Als <strong>nat\u00fcrliches Diuretikum <\/strong>mit einer stark reinigenden Wirkung auf den Organismus hat sie eine <strong>positive Wirkung auf entz\u00fcndliche Prozesse wie Gicht und Rheumatismus<\/strong>.<\/p>\n<p>[\/vc_column_text][\/vc_column][\/vc_row][vc_row][vc_column][vc_column_text css=&#8220;.vc_custom_1625231252972{padding-top: 30px !important;padding-right: 30px !important;padding-bottom: 30px !important;padding-left: 30px !important;background-color: #ededed !important;}&#8220;]<img decoding=\"async\" src=\"https:\/\/static.xx.fbcdn.net\/images\/emoji.php\/v9\/t51\/1\/16\/1f449.png\" alt=\"\ud83d\udc49\" \/> Die Kapseln enthalten genau die richtige Mischung von Inhaltsstoffen, die eine positive Wirkung auf die Gelenke haben.<\/p>\n<p><img decoding=\"async\" src=\"https:\/\/static.xx.fbcdn.net\/images\/emoji.php\/v9\/t51\/1\/16\/1f449.png\" alt=\"\ud83d\udc49\" \/> Eine Kapsel t\u00e4glich.[\/vc_column_text][\/vc_column][\/vc_row][vc_row][vc_column][vc_column_text]<strong>Weidenrinde<\/strong> wird als erg\u00e4nzende <strong>Behandlung<\/strong> bei <strong>Rheuma, Fieber, Erk\u00e4ltungen und Kopfschmerzen<\/strong> empfohlen. Sie ist auch ein h\u00e4ufiger Bestandteil von Arzneitees zur F\u00f6rderung der Transpiration und gegen rheumatische Erkrankungen. Weidenrinde enth\u00e4lt eine betr\u00e4chtliche Menge an \u00e4therischen \u00d6len, die den Tee sehr adstringierend und nicht sehr trinkbar machen, wenn er aus einer gro\u00dfen Menge Rinde hergestellt wird.<\/p>\n<p>Unsere <strong>Weidenrindenextraktkapseln<\/strong> hingegen enthalten einen <strong>hohen Gehalt an Salicin<\/strong>, dem Boswellia und Brennnessel zugesetzt sind, um die Wirkung zu verst\u00e4rken. Die Kombination aus Weidenrinde, Boswellia und Brennnessel in Kapseln ist somit wirksamer als Arzneitees oder selbst hergestellte Pr\u00e4parate.<\/p>\n<p>[\/vc_column_text][\/vc_column][\/vc_row]<\/p>\n","protected":false},"excerpt":{"rendered":"<p>Produkte aus Weidenrinde, Boswellia und Brennnessel werden traditionell seit Jahrhunderten wegen ihrer positiven Auswirkungen auf Gelenkprobleme verwendet. Tats\u00e4chlich haben viele Studien gezeigt, dass die regelm\u00e4\u00dfige Einnahme von <strong>Weidenrinde R\u00fccken- und Gelenkprobleme lindert.<\/strong><\/p>\n<ul>\n<li>Schmerzen im unteren R\u00fccken zu lindern und entz\u00fcndungshemmend zu wirken,<\/li>\n<li>Gelenkprobleme lindert, bei Osteoporose und Arthritis hilft<\/li>\n<li>Erh\u00f6hung der Produktion von Gelenkfl\u00fcssigkeit in den Gelenken<\/li>\n<\/ul>\n<p>Wei\u00dfe Weidenrinde enth\u00e4lt <strong>Salicin,<\/strong> das nachweislich <strong>schmerzlindernd<\/strong> und <strong>entz\u00fcndungshemmend wirkt.<\/strong><\/p>\n[banner_prehrana]\n","protected":false},"featured_media":54245,"comment_status":"open","ping_status":"closed","template":"","meta":{"inline_featured_image":false},"product_cat":[816,839,813],"product_tag":[874,814],"class_list":["post-31967","product","type-product","status-publish","has-post-thumbnail","hentry","product_cat-crni-petek-de","product_cat-knochen-gelenke-und-muskelprobleme","product_cat-nahrungsergaenzungsmittel","product_tag-misice-in-sklepi-de","product_tag-prehranska-dopolnila-de"],"acf":[],"yoast_head":"<!-- This site is optimized with the Yoast SEO plugin v19.13 - https:\/\/yoast.com\/wordpress\/plugins\/seo\/ -->\n<title>Weidenrinde, Brennnessel<\/title>\n<meta name=\"description\" content=\"Weidenrinde, Brennnessel\" \/>\n<meta name=\"robots\" content=\"index, follow, max-snippet:-1, max-image-preview:large, max-video-preview:-1\" \/>\n<link rel=\"canonical\" href=\"https:\/\/sen-shop.com\/de\/collections\/nahrungsergaenzungsmittel\/knochen-gelenke-und-muskelprobleme\/weidenrinde-brennnessel\/\" \/>\n<meta property=\"og:locale\" content=\"de_DE\" \/>\n<meta property=\"og:type\" content=\"article\" \/>\n<meta property=\"og:title\" content=\"Weidenrinde, Brennnessel\" \/>\n<meta property=\"og:description\" content=\"Weidenrinde, Brennnessel\" \/>\n<meta property=\"og:url\" content=\"https:\/\/sen-shop.com\/de\/collections\/nahrungsergaenzungsmittel\/knochen-gelenke-und-muskelprobleme\/weidenrinde-brennnessel\/\" \/>\n<meta property=\"og:site_name\" content=\"SEN Shop\" \/>\n<meta property=\"article:publisher\" content=\"https:\/\/www.facebook.com\/Senshopslovenija\" \/>\n<meta property=\"article:modified_time\" content=\"2021-10-13T11:48:37+00:00\" \/>\n<meta property=\"og:image\" content=\"https:\/\/sen-shop.com\/wp-content\/uploads\/2022\/03\/Vrbova_en_de_spl-2.jpg\" \/>\n\t<meta property=\"og:image:width\" content=\"1400\" \/>\n\t<meta property=\"og:image:height\" content=\"1400\" \/>\n\t<meta property=\"og:image:type\" content=\"image\/jpeg\" \/>\n<meta name=\"twitter:card\" content=\"summary_large_image\" \/>\n<meta name=\"twitter:label1\" content=\"Gesch\u00e4tzte Lesezeit\" \/>\n\t<meta name=\"twitter:data1\" content=\"2\u00a0Minuten\" \/>\n<script type=\"application\/ld+json\" class=\"yoast-schema-graph\">{\"@context\":\"https:\/\/schema.org\",\"@graph\":[{\"@type\":\"WebPage\",\"@id\":\"https:\/\/sen-shop.com\/de\/collections\/nahrungsergaenzungsmittel\/knochen-gelenke-und-muskelprobleme\/weidenrinde-brennnessel\/\",\"url\":\"https:\/\/sen-shop.com\/de\/collections\/nahrungsergaenzungsmittel\/knochen-gelenke-und-muskelprobleme\/weidenrinde-brennnessel\/\",\"name\":\"Weidenrinde, Brennnessel\",\"isPartOf\":{\"@id\":\"https:\/\/sen-shop.com\/de\/#website\"},\"datePublished\":\"2016-10-07T12:36:59+00:00\",\"dateModified\":\"2021-10-13T11:48:37+00:00\",\"description\":\"Weidenrinde, Brennnessel\",\"breadcrumb\":{\"@id\":\"https:\/\/sen-shop.com\/de\/collections\/nahrungsergaenzungsmittel\/knochen-gelenke-und-muskelprobleme\/weidenrinde-brennnessel\/#breadcrumb\"},\"inLanguage\":\"de\",\"potentialAction\":[{\"@type\":\"ReadAction\",\"target\":[\"https:\/\/sen-shop.com\/de\/collections\/nahrungsergaenzungsmittel\/knochen-gelenke-und-muskelprobleme\/weidenrinde-brennnessel\/\"]}]},{\"@type\":\"BreadcrumbList\",\"@id\":\"https:\/\/sen-shop.com\/de\/collections\/nahrungsergaenzungsmittel\/knochen-gelenke-und-muskelprobleme\/weidenrinde-brennnessel\/#breadcrumb\",\"itemListElement\":[{\"@type\":\"ListItem\",\"position\":1,\"name\":\"Home\",\"item\":\"https:\/\/sen-shop.com\/de\/\"},{\"@type\":\"ListItem\",\"position\":2,\"name\":\"Weidenrinde, Brennnessel\"}]},{\"@type\":\"WebSite\",\"@id\":\"https:\/\/sen-shop.com\/de\/#website\",\"url\":\"https:\/\/sen-shop.com\/de\/\",\"name\":\"SEN Shop\",\"description\":\"Slovensko, Ekolo\u0161ko, Naravno\",\"publisher\":{\"@id\":\"https:\/\/sen-shop.com\/de\/#organization\"},\"potentialAction\":[{\"@type\":\"SearchAction\",\"target\":{\"@type\":\"EntryPoint\",\"urlTemplate\":\"https:\/\/sen-shop.com\/de\/?s={search_term_string}\"},\"query-input\":\"required name=search_term_string\"}],\"inLanguage\":\"de\"},{\"@type\":\"Organization\",\"@id\":\"https:\/\/sen-shop.com\/de\/#organization\",\"name\":\"Mind trade d.o.o\",\"url\":\"https:\/\/sen-shop.com\/de\/\",\"logo\":{\"@type\":\"ImageObject\",\"inLanguage\":\"de\",\"@id\":\"https:\/\/sen-shop.com\/de\/#\/schema\/logo\/image\/\",\"url\":\"https:\/\/sen-shop.com\/wp-content\/uploads\/2018\/05\/header_logo.png\",\"contentUrl\":\"https:\/\/sen-shop.com\/wp-content\/uploads\/2018\/05\/header_logo.png\",\"width\":138,\"height\":70,\"caption\":\"Mind trade d.o.o\"},\"image\":{\"@id\":\"https:\/\/sen-shop.com\/de\/#\/schema\/logo\/image\/\"},\"sameAs\":[\"https:\/\/www.instagram.com\/senslovenija\/\",\"https:\/\/www.facebook.com\/Senshopslovenija\"]}]}<\/script>\n<!-- \/ Yoast SEO plugin. -->","yoast_head_json":{"title":"Weidenrinde, Brennnessel","description":"Weidenrinde, Brennnessel","robots":{"index":"index","follow":"follow","max-snippet":"max-snippet:-1","max-image-preview":"max-image-preview:large","max-video-preview":"max-video-preview:-1"},"canonical":"https:\/\/sen-shop.com\/de\/collections\/nahrungsergaenzungsmittel\/knochen-gelenke-und-muskelprobleme\/weidenrinde-brennnessel\/","og_locale":"de_DE","og_type":"article","og_title":"Weidenrinde, Brennnessel","og_description":"Weidenrinde, Brennnessel","og_url":"https:\/\/sen-shop.com\/de\/collections\/nahrungsergaenzungsmittel\/knochen-gelenke-und-muskelprobleme\/weidenrinde-brennnessel\/","og_site_name":"SEN Shop","article_publisher":"https:\/\/www.facebook.com\/Senshopslovenija","article_modified_time":"2021-10-13T11:48:37+00:00","og_image":[{"width":1400,"height":1400,"url":"https:\/\/sen-shop.com\/wp-content\/uploads\/2022\/03\/Vrbova_en_de_spl-2.jpg","type":"image\/jpeg"}],"twitter_card":"summary_large_image","twitter_misc":{"Gesch\u00e4tzte Lesezeit":"2\u00a0Minuten"},"schema":{"@context":"https:\/\/schema.org","@graph":[{"@type":"WebPage","@id":"https:\/\/sen-shop.com\/de\/collections\/nahrungsergaenzungsmittel\/knochen-gelenke-und-muskelprobleme\/weidenrinde-brennnessel\/","url":"https:\/\/sen-shop.com\/de\/collections\/nahrungsergaenzungsmittel\/knochen-gelenke-und-muskelprobleme\/weidenrinde-brennnessel\/","name":"Weidenrinde, Brennnessel","isPartOf":{"@id":"https:\/\/sen-shop.com\/de\/#website"},"datePublished":"2016-10-07T12:36:59+00:00","dateModified":"2021-10-13T11:48:37+00:00","description":"Weidenrinde, Brennnessel","breadcrumb":{"@id":"https:\/\/sen-shop.com\/de\/collections\/nahrungsergaenzungsmittel\/knochen-gelenke-und-muskelprobleme\/weidenrinde-brennnessel\/#breadcrumb"},"inLanguage":"de","potentialAction":[{"@type":"ReadAction","target":["https:\/\/sen-shop.com\/de\/collections\/nahrungsergaenzungsmittel\/knochen-gelenke-und-muskelprobleme\/weidenrinde-brennnessel\/"]}]},{"@type":"BreadcrumbList","@id":"https:\/\/sen-shop.com\/de\/collections\/nahrungsergaenzungsmittel\/knochen-gelenke-und-muskelprobleme\/weidenrinde-brennnessel\/#breadcrumb","itemListElement":[{"@type":"ListItem","position":1,"name":"Home","item":"https:\/\/sen-shop.com\/de\/"},{"@type":"ListItem","position":2,"name":"Weidenrinde, Brennnessel"}]},{"@type":"WebSite","@id":"https:\/\/sen-shop.com\/de\/#website","url":"https:\/\/sen-shop.com\/de\/","name":"SEN Shop","description":"Slovensko, Ekolo\u0161ko, Naravno","publisher":{"@id":"https:\/\/sen-shop.com\/de\/#organization"},"potentialAction":[{"@type":"SearchAction","target":{"@type":"EntryPoint","urlTemplate":"https:\/\/sen-shop.com\/de\/?s={search_term_string}"},"query-input":"required name=search_term_string"}],"inLanguage":"de"},{"@type":"Organization","@id":"https:\/\/sen-shop.com\/de\/#organization","name":"Mind trade d.o.o","url":"https:\/\/sen-shop.com\/de\/","logo":{"@type":"ImageObject","inLanguage":"de","@id":"https:\/\/sen-shop.com\/de\/#\/schema\/logo\/image\/","url":"https:\/\/sen-shop.com\/wp-content\/uploads\/2018\/05\/header_logo.png","contentUrl":"https:\/\/sen-shop.com\/wp-content\/uploads\/2018\/05\/header_logo.png","width":138,"height":70,"caption":"Mind trade d.o.o"},"image":{"@id":"https:\/\/sen-shop.com\/de\/#\/schema\/logo\/image\/"},"sameAs":["https:\/\/www.instagram.com\/senslovenija\/","https:\/\/www.facebook.com\/Senshopslovenija"]}]}},"_links":{"self":[{"href":"https:\/\/sen-shop.com\/de\/wp-json\/wp\/v2\/product\/31967","targetHints":{"allow":["GET"]}}],"collection":[{"href":"https:\/\/sen-shop.com\/de\/wp-json\/wp\/v2\/product"}],"about":[{"href":"https:\/\/sen-shop.com\/de\/wp-json\/wp\/v2\/types\/product"}],"replies":[{"embeddable":true,"href":"https:\/\/sen-shop.com\/de\/wp-json\/wp\/v2\/comments?post=31967"}],"wp:featuredmedia":[{"embeddable":true,"href":"https:\/\/sen-shop.com\/de\/wp-json\/wp\/v2\/media\/54245"}],"wp:attachment":[{"href":"https:\/\/sen-shop.com\/de\/wp-json\/wp\/v2\/media?parent=31967"}],"wp:term":[{"taxonomy":"product_cat","embeddable":true,"href":"https:\/\/sen-shop.com\/de\/wp-json\/wp\/v2\/product_cat?post=31967"},{"taxonomy":"product_tag","embeddable":true,"href":"https:\/\/sen-shop.com\/de\/wp-json\/wp\/v2\/product_tag?post=31967"}],"curies":[{"name":"wp","href":"https:\/\/api.w.org\/{rel}","templated":true}]}}