{"id":31905,"date":"2016-10-11T14:40:50","date_gmt":"2016-10-11T12:40:50","guid":{"rendered":"https:\/\/www.sen-shop.com\/collections\/unkategorisiert\/sagepalme-zur-unterstutzung-der-prostata-2\/"},"modified":"2021-10-15T14:35:15","modified_gmt":"2021-10-15T12:35:15","slug":"sagepalme-zur-unterstutzung-der-prostata-2","status":"publish","type":"product","link":"https:\/\/sen-shop.com\/de\/collections\/nahrungsergaenzungsmittel\/prostata-probleme\/sagepalme-zur-unterstutzung-der-prostata-2\/","title":{"rendered":"S\u00e4gepalme gegen Prostatabeschwerden"},"content":{"rendered":"<p>[vc_row][vc_column][vc_column_text css=&#8220;.vc_custom_1625563903700{padding-top: 30px !important;padding-right: 30px !important;padding-bottom: 30px !important;padding-left: 30px !important;background-color: #c9db95 !important;}&#8220;]<br \/>\n<strong>S\u00e4gepalmenextrakt<\/strong> ist reich an verschiedenen Fetts\u00e4uren, aber von besonderer Bedeutung sind die vielen Phytosterine und Polysaccharide, die eine <strong>positive Wirkung auf den Spiegel des m\u00e4nnlichen Sexualhormons Testosteron und das hormonelle Gleichgewicht<\/strong> im m\u00e4nnlichen Organismus selbst haben. Sie <strong>hilft bei Problemen wie Prostatavergr\u00f6\u00dferung, lindert verschiedene Entz\u00fcndungen und urologische Probleme<\/strong>.<\/p>\n<p>Die <strong>Brennnessel<\/strong> <strong>hilft<\/strong> bei Problemen mit einer <strong>vergr\u00f6\u00dferten Prostata<\/strong>, w\u00e4hrend sie gleichzeitig die Entschlackung f\u00f6rdert. In Kombination mit S\u00e4gepalme ist die positive Wirkung noch st\u00e4rker ausgepr\u00e4gt.<\/p>\n<p><strong>Birkenbl\u00e4tter f\u00f6rdern die Ausscheidung von Wasser und Galle und gleichen den Cholesterinspiegel im Blut aus.<\/strong> Es hat eine desinfizierende und beruhigende Wirkung auf den K\u00f6rper.<\/p>\n<p><strong>K\u00fcrbiskerne<\/strong> sind eine reiche Quelle von Kalzium, Eisen, Magnesium, Kalium, Phosphor, Zink und essentiellen Fetts\u00e4uren, die sich positiv auf die Prostata und das Immunsystem auswirken. K\u00fcrbiskernextrakt f\u00f6rdert die Blasenentleerung, <strong>st\u00e4rkt die Nieren, sch\u00fctzt die Prostata und lindert die unangenehmen Symptome nachhaltig<\/strong>. Dar\u00fcber hinaus hat er eine positive Wirkung auf die Blasenfunktion bei Frauen.[\/vc_column_text][\/vc_column][\/vc_row][vc_row][vc_column][vc_column_text css=&#8220;.vc_custom_1625563918331{padding-top: 30px !important;padding-right: 30px !important;padding-bottom: 30px !important;padding-left: 30px !important;background-color: #ededed !important;}&#8220;]<img decoding=\"async\" src=\"https:\/\/static.xx.fbcdn.net\/images\/emoji.php\/v9\/t51\/1\/16\/1f449.png\" alt=\"\ud83d\udc49\" \/> Um beste Ergebnisse zu erzielen, enthalten die Kapseln genau die empfohlene Menge der f\u00fcnf Wirkstoffe.<\/p>\n<p><img decoding=\"async\" src=\"https:\/\/static.xx.fbcdn.net\/images\/emoji.php\/v9\/t51\/1\/16\/1f449.png\" alt=\"\ud83d\udc49\" \/> Nur eine Kapsel pro Tag.<\/p>\n<p><img decoding=\"async\" src=\"https:\/\/static.xx.fbcdn.net\/images\/emoji.php\/v9\/t51\/1\/16\/1f449.png\" alt=\"\ud83d\udc49\" \/> Bei schwerwiegenden Problemen ist ein Besuch bei einem Spezialisten ratsam.[\/vc_column_text][\/vc_column][\/vc_row][vc_row][vc_column][vc_column_text css=&#8220;.vc_custom_1625563987019{background-color: #ffffff !important;}&#8220;]Die <strong>Prostata<\/strong> ist eine kleine <strong>m\u00e4nnliche Geschlechtsdr\u00fcse<\/strong>, die im Leben eines Mannes gro\u00dfe Probleme verursachen kann. Die Prostata wiegt bei der Geburt nur <strong>wenige Gramm und w\u00e4chst im Laufe des Lebens weiter<\/strong>. Bis zum Alter von 40 Jahren verursacht dieses Wachstum oft keine gr\u00f6\u00dferen Probleme. Viele haben jedoch schon vor dem 60. Lebensjahr Probleme beim Wasserlassen. Die verschiedenen Formen von Beschwerden treten meist erst in reiferen Jahren auf. Studien zufolge leidet bis zu einem <strong>Drittel der M\u00e4nner nach dem 65. Lebensjahr an Problemen beim Wasserlassen, die h\u00e4ufig eine Folge des Prostatawachstums sind.<\/strong>[\/vc_column_text][\/vc_column][\/vc_row]<\/p>\n","protected":false},"excerpt":{"rendered":"<p>Zur Unterst\u00fctzung bei <strong>Blasen- und Prostataproblemen<\/strong> empfehlen immer mehr Experten <strong>pflanzliche Mittel<\/strong>, wie z. B. eine Kombination aus S\u00e4gepalme, Brennnessel, Birkenbl\u00e4ttern und K\u00fcrbiskernen.<\/p>\n<ul>\n<li>sch\u00fctzen und verhindern das Wachstum der Prostata<\/li>\n<li>die Blase und die Harnwege zu st\u00e4rken<\/li>\n<li>die H\u00e4ufigkeit des n\u00e4chtlichen Wasserlassens zu verringern<\/li>\n<li>f\u00fcr eine gr\u00fcndlich entleerte Blase sorgen<\/li>\n<\/ul>\n<p>Wussten Sie, dass ein Drittel der M\u00e4nner nach dem 65. Lebensjahr Prostataprobleme hat?<\/p>\n<p><strong>Eine vergr\u00f6\u00dferte Prostata kann zu einem R\u00fcckgang der sexuellen Potenz f\u00fchren.<\/strong><\/p>\n[banner_prehrana]\n","protected":false},"featured_media":31907,"comment_status":"open","ping_status":"closed","template":"","meta":{"inline_featured_image":false},"product_cat":[816,813,843],"product_tag":[821,915,814,914],"class_list":["post-31905","product","type-product","status-publish","has-post-thumbnail","hentry","product_cat-crni-petek-de","product_cat-nahrungsergaenzungsmittel","product_cat-prostata-probleme","product_tag-bio-de","product_tag-povecana-prostata-de","product_tag-prehranska-dopolnila-de","product_tag-tezave-s-prostato-de"],"acf":[],"yoast_head":"<!-- This site is optimized with the Yoast SEO plugin v19.13 - https:\/\/yoast.com\/wordpress\/plugins\/seo\/ -->\n<title>S\u00e4gepalme zur Unterst\u00fctzung der Prostata<\/title>\n<meta name=\"description\" content=\"S\u00e4gepalme zur Unterst\u00fctzung der Prostata\" \/>\n<meta name=\"robots\" content=\"index, follow, max-snippet:-1, max-image-preview:large, max-video-preview:-1\" \/>\n<link rel=\"canonical\" href=\"https:\/\/sen-shop.com\/de\/collections\/nahrungsergaenzungsmittel\/prostata-probleme\/sagepalme-zur-unterstutzung-der-prostata-2\/\" \/>\n<meta property=\"og:locale\" content=\"de_DE\" \/>\n<meta property=\"og:type\" content=\"article\" \/>\n<meta property=\"og:title\" content=\"S\u00e4gepalme zur Unterst\u00fctzung der Prostata\" \/>\n<meta property=\"og:description\" content=\"S\u00e4gepalme zur Unterst\u00fctzung der Prostata\" \/>\n<meta property=\"og:url\" content=\"https:\/\/sen-shop.com\/de\/collections\/nahrungsergaenzungsmittel\/prostata-probleme\/sagepalme-zur-unterstutzung-der-prostata-2\/\" \/>\n<meta property=\"og:site_name\" content=\"SEN Shop\" \/>\n<meta property=\"article:publisher\" content=\"https:\/\/www.facebook.com\/Senshopslovenija\" \/>\n<meta property=\"article:modified_time\" content=\"2021-10-15T12:35:15+00:00\" \/>\n<meta property=\"og:image\" content=\"https:\/\/sen-shop.com\/wp-content\/uploads\/2016\/10\/Palmeto.png\" \/>\n\t<meta property=\"og:image:width\" content=\"700\" \/>\n\t<meta property=\"og:image:height\" content=\"700\" \/>\n\t<meta property=\"og:image:type\" content=\"image\/png\" \/>\n<meta name=\"twitter:card\" content=\"summary_large_image\" \/>\n<meta name=\"twitter:label1\" content=\"Gesch\u00e4tzte Lesezeit\" \/>\n\t<meta name=\"twitter:data1\" content=\"2\u00a0Minuten\" \/>\n<script type=\"application\/ld+json\" class=\"yoast-schema-graph\">{\"@context\":\"https:\/\/schema.org\",\"@graph\":[{\"@type\":\"WebPage\",\"@id\":\"https:\/\/sen-shop.com\/de\/collections\/nahrungsergaenzungsmittel\/prostata-probleme\/sagepalme-zur-unterstutzung-der-prostata-2\/\",\"url\":\"https:\/\/sen-shop.com\/de\/collections\/nahrungsergaenzungsmittel\/prostata-probleme\/sagepalme-zur-unterstutzung-der-prostata-2\/\",\"name\":\"S\u00e4gepalme zur Unterst\u00fctzung der Prostata\",\"isPartOf\":{\"@id\":\"https:\/\/sen-shop.com\/de\/#website\"},\"datePublished\":\"2016-10-11T12:40:50+00:00\",\"dateModified\":\"2021-10-15T12:35:15+00:00\",\"description\":\"S\u00e4gepalme zur Unterst\u00fctzung der Prostata\",\"breadcrumb\":{\"@id\":\"https:\/\/sen-shop.com\/de\/collections\/nahrungsergaenzungsmittel\/prostata-probleme\/sagepalme-zur-unterstutzung-der-prostata-2\/#breadcrumb\"},\"inLanguage\":\"de\",\"potentialAction\":[{\"@type\":\"ReadAction\",\"target\":[\"https:\/\/sen-shop.com\/de\/collections\/nahrungsergaenzungsmittel\/prostata-probleme\/sagepalme-zur-unterstutzung-der-prostata-2\/\"]}]},{\"@type\":\"BreadcrumbList\",\"@id\":\"https:\/\/sen-shop.com\/de\/collections\/nahrungsergaenzungsmittel\/prostata-probleme\/sagepalme-zur-unterstutzung-der-prostata-2\/#breadcrumb\",\"itemListElement\":[{\"@type\":\"ListItem\",\"position\":1,\"name\":\"Home\",\"item\":\"https:\/\/sen-shop.com\/de\/\"},{\"@type\":\"ListItem\",\"position\":2,\"name\":\"S\u00e4gepalme gegen Prostatabeschwerden\"}]},{\"@type\":\"WebSite\",\"@id\":\"https:\/\/sen-shop.com\/de\/#website\",\"url\":\"https:\/\/sen-shop.com\/de\/\",\"name\":\"SEN Shop\",\"description\":\"Slovensko, Ekolo\u0161ko, Naravno\",\"publisher\":{\"@id\":\"https:\/\/sen-shop.com\/de\/#organization\"},\"potentialAction\":[{\"@type\":\"SearchAction\",\"target\":{\"@type\":\"EntryPoint\",\"urlTemplate\":\"https:\/\/sen-shop.com\/de\/?s={search_term_string}\"},\"query-input\":\"required name=search_term_string\"}],\"inLanguage\":\"de\"},{\"@type\":\"Organization\",\"@id\":\"https:\/\/sen-shop.com\/de\/#organization\",\"name\":\"Mind trade d.o.o\",\"url\":\"https:\/\/sen-shop.com\/de\/\",\"logo\":{\"@type\":\"ImageObject\",\"inLanguage\":\"de\",\"@id\":\"https:\/\/sen-shop.com\/de\/#\/schema\/logo\/image\/\",\"url\":\"https:\/\/sen-shop.com\/wp-content\/uploads\/2018\/05\/header_logo.png\",\"contentUrl\":\"https:\/\/sen-shop.com\/wp-content\/uploads\/2018\/05\/header_logo.png\",\"width\":138,\"height\":70,\"caption\":\"Mind trade d.o.o\"},\"image\":{\"@id\":\"https:\/\/sen-shop.com\/de\/#\/schema\/logo\/image\/\"},\"sameAs\":[\"https:\/\/www.instagram.com\/senslovenija\/\",\"https:\/\/www.facebook.com\/Senshopslovenija\"]}]}<\/script>\n<!-- \/ Yoast SEO plugin. -->","yoast_head_json":{"title":"S\u00e4gepalme zur Unterst\u00fctzung der Prostata","description":"S\u00e4gepalme zur Unterst\u00fctzung der Prostata","robots":{"index":"index","follow":"follow","max-snippet":"max-snippet:-1","max-image-preview":"max-image-preview:large","max-video-preview":"max-video-preview:-1"},"canonical":"https:\/\/sen-shop.com\/de\/collections\/nahrungsergaenzungsmittel\/prostata-probleme\/sagepalme-zur-unterstutzung-der-prostata-2\/","og_locale":"de_DE","og_type":"article","og_title":"S\u00e4gepalme zur Unterst\u00fctzung der Prostata","og_description":"S\u00e4gepalme zur Unterst\u00fctzung der Prostata","og_url":"https:\/\/sen-shop.com\/de\/collections\/nahrungsergaenzungsmittel\/prostata-probleme\/sagepalme-zur-unterstutzung-der-prostata-2\/","og_site_name":"SEN Shop","article_publisher":"https:\/\/www.facebook.com\/Senshopslovenija","article_modified_time":"2021-10-15T12:35:15+00:00","og_image":[{"width":700,"height":700,"url":"https:\/\/sen-shop.com\/wp-content\/uploads\/2016\/10\/Palmeto.png","type":"image\/png"}],"twitter_card":"summary_large_image","twitter_misc":{"Gesch\u00e4tzte Lesezeit":"2\u00a0Minuten"},"schema":{"@context":"https:\/\/schema.org","@graph":[{"@type":"WebPage","@id":"https:\/\/sen-shop.com\/de\/collections\/nahrungsergaenzungsmittel\/prostata-probleme\/sagepalme-zur-unterstutzung-der-prostata-2\/","url":"https:\/\/sen-shop.com\/de\/collections\/nahrungsergaenzungsmittel\/prostata-probleme\/sagepalme-zur-unterstutzung-der-prostata-2\/","name":"S\u00e4gepalme zur Unterst\u00fctzung der Prostata","isPartOf":{"@id":"https:\/\/sen-shop.com\/de\/#website"},"datePublished":"2016-10-11T12:40:50+00:00","dateModified":"2021-10-15T12:35:15+00:00","description":"S\u00e4gepalme zur Unterst\u00fctzung der Prostata","breadcrumb":{"@id":"https:\/\/sen-shop.com\/de\/collections\/nahrungsergaenzungsmittel\/prostata-probleme\/sagepalme-zur-unterstutzung-der-prostata-2\/#breadcrumb"},"inLanguage":"de","potentialAction":[{"@type":"ReadAction","target":["https:\/\/sen-shop.com\/de\/collections\/nahrungsergaenzungsmittel\/prostata-probleme\/sagepalme-zur-unterstutzung-der-prostata-2\/"]}]},{"@type":"BreadcrumbList","@id":"https:\/\/sen-shop.com\/de\/collections\/nahrungsergaenzungsmittel\/prostata-probleme\/sagepalme-zur-unterstutzung-der-prostata-2\/#breadcrumb","itemListElement":[{"@type":"ListItem","position":1,"name":"Home","item":"https:\/\/sen-shop.com\/de\/"},{"@type":"ListItem","position":2,"name":"S\u00e4gepalme gegen Prostatabeschwerden"}]},{"@type":"WebSite","@id":"https:\/\/sen-shop.com\/de\/#website","url":"https:\/\/sen-shop.com\/de\/","name":"SEN Shop","description":"Slovensko, Ekolo\u0161ko, Naravno","publisher":{"@id":"https:\/\/sen-shop.com\/de\/#organization"},"potentialAction":[{"@type":"SearchAction","target":{"@type":"EntryPoint","urlTemplate":"https:\/\/sen-shop.com\/de\/?s={search_term_string}"},"query-input":"required name=search_term_string"}],"inLanguage":"de"},{"@type":"Organization","@id":"https:\/\/sen-shop.com\/de\/#organization","name":"Mind trade d.o.o","url":"https:\/\/sen-shop.com\/de\/","logo":{"@type":"ImageObject","inLanguage":"de","@id":"https:\/\/sen-shop.com\/de\/#\/schema\/logo\/image\/","url":"https:\/\/sen-shop.com\/wp-content\/uploads\/2018\/05\/header_logo.png","contentUrl":"https:\/\/sen-shop.com\/wp-content\/uploads\/2018\/05\/header_logo.png","width":138,"height":70,"caption":"Mind trade d.o.o"},"image":{"@id":"https:\/\/sen-shop.com\/de\/#\/schema\/logo\/image\/"},"sameAs":["https:\/\/www.instagram.com\/senslovenija\/","https:\/\/www.facebook.com\/Senshopslovenija"]}]}},"_links":{"self":[{"href":"https:\/\/sen-shop.com\/de\/wp-json\/wp\/v2\/product\/31905","targetHints":{"allow":["GET"]}}],"collection":[{"href":"https:\/\/sen-shop.com\/de\/wp-json\/wp\/v2\/product"}],"about":[{"href":"https:\/\/sen-shop.com\/de\/wp-json\/wp\/v2\/types\/product"}],"replies":[{"embeddable":true,"href":"https:\/\/sen-shop.com\/de\/wp-json\/wp\/v2\/comments?post=31905"}],"wp:featuredmedia":[{"embeddable":true,"href":"https:\/\/sen-shop.com\/de\/wp-json\/wp\/v2\/media\/31907"}],"wp:attachment":[{"href":"https:\/\/sen-shop.com\/de\/wp-json\/wp\/v2\/media?parent=31905"}],"wp:term":[{"taxonomy":"product_cat","embeddable":true,"href":"https:\/\/sen-shop.com\/de\/wp-json\/wp\/v2\/product_cat?post=31905"},{"taxonomy":"product_tag","embeddable":true,"href":"https:\/\/sen-shop.com\/de\/wp-json\/wp\/v2\/product_tag?post=31905"}],"curies":[{"name":"wp","href":"https:\/\/api.w.org\/{rel}","templated":true}]}}