{"id":31903,"date":"2021-04-20T11:16:37","date_gmt":"2021-04-20T09:16:37","guid":{"rendered":"https:\/\/www.sen-shop.com\/collections\/unkategorisiert\/sagepalme-zur-unterstutzung-der-prostata\/"},"modified":"2021-12-14T12:17:51","modified_gmt":"2021-12-14T11:17:51","slug":"sagepalme-zur-unterstutzung-der-prostata","status":"publish","type":"product","link":"https:\/\/sen-shop.com\/de\/collections\/nahrungsergaenzungsmittel\/prostata-probleme\/sagepalme-zur-unterstutzung-der-prostata\/","title":{"rendered":"S\u00e4gepalme gegen Prostatabeschwerden"},"content":{"rendered":"<p>[vc_row][vc_column][vc_column_text css=&#8220;.vc_custom_1635492765717{padding-top: 30px !important;padding-right: 30px !important;padding-bottom: 30px !important;padding-left: 30px !important;background-color: #c9db95 !important;}&#8220;]<strong>S\u00e4gepalmenextrakt<\/strong> ist reich an verschiedenen Fetts\u00e4uren, besonders wichtig sind jedoch seine zahlreichen Phytosterine und Polysaccharide, die eine positive Wirkung auf den Spiegel des <strong>m\u00e4nnlichen\u00a0 Testosteron und das hormonelle Gleichgewicht im m\u00e4nnlichen Organismus selbst haben. Palmetto<\/strong> wird haupts\u00e4chlich zur Vorbeugung und Behandlung von m\u00e4nnlichen Problemen wie Prostatavergr\u00f6\u00dferung, zur <strong>Linderung<\/strong> <strong>verschiedener<\/strong> <strong>Entz\u00fcndungen<\/strong> oder zur Vorbeugung der <strong>Entwicklung urologischer Komplikationen verwendet<\/strong>.<\/p>\n<p>Afrikanischer Pflaumenbaum &#8211; die <strong>Rinde von Pygeum africanum wird zur Verbesserung der Potenz und zur Behandlung von Harnwegsproblemen<\/strong> eingesetzt, die h\u00e4ufig durch eine gutartige Prostatahyperplasie (Vergr\u00f6\u00dferung der Prostata) verursacht werden. Die Probleme k\u00f6nnen unterschiedlich sein: eine geschwollene Prostata, die den Druck auf die angrenzende Blase erh\u00f6ht, eine Prostatitis (akute Entz\u00fcndung der Prostata) oder sogar Prostatakrebs. Auch die positiven Auswirkungen der Afrikanischen Pflaume auf die m\u00e4nnliche Ausdauer werden sehr gesch\u00e4tzt. Die Rinde der <strong>Afrikanischen Pflaume ist daher einer der Hauptbestandteile von Naturheilmitteln, die die Potenz des Mannes f\u00f6rdern<\/strong>. Sie wird auch zur<strong> Linderung der Symptome einer vergr\u00f6\u00dferten Prostata<\/strong> (benigne Prostatahyperplasie, BPH) verwendet.<\/p>\n<p>Die <strong>Brennnessel<\/strong> hat eine <strong>beruhigende Wirkung<\/strong> auf die <strong>vergr\u00f6\u00dferte<\/strong> <strong>Prostata<\/strong> und hilft, die Entschlackung und das Wasserlassen zu f\u00f6rdern. Die positive Wirkung ist in Kombination mit S\u00e4gepalme noch st\u00e4rker ausgepr\u00e4gt.<\/p>\n<p><strong>K\u00fcrbiskerne<\/strong> sind eine reiche Quelle von Kalzium, Eisen, Magnesium, Kalium, Phosphor, Zink und essenziellen Fetts\u00e4uren, die sich positiv auf die Prostata und das Immunsystem auswirken. K\u00fcrbiskernextrakt<strong> f\u00f6rdert die Blasenentleerung, st\u00e4rkt die Nieren, sch\u00fctzt die Prostata und lindert nachhaltig die unangenehmen Symptome.<\/strong>[\/vc_column_text][\/vc_column][\/vc_row][vc_row][vc_column][vc_column_text css=&#8220;.vc_custom_1625565081736{padding-top: 30px !important;padding-right: 30px !important;padding-bottom: 30px !important;padding-left: 30px !important;background-color: #ededed !important;}&#8220;]<img decoding=\"async\" src=\"https:\/\/static.xx.fbcdn.net\/images\/emoji.php\/v9\/t51\/1\/16\/1f449.png\" alt=\"\ud83d\udc49\" \/> Um beste Ergebnisse zu erzielen, enthalten die Kapseln genau die empfohlene Menge der f\u00fcnf Wirkstoffe.<\/p>\n<p><img decoding=\"async\" src=\"https:\/\/static.xx.fbcdn.net\/images\/emoji.php\/v9\/t51\/1\/16\/1f449.png\" alt=\"\ud83d\udc49\" \/> Eine sp\u00fcrbare Verbesserung wird bereits nach 4 Wochen sichtbar sein, aber f\u00fcr eine bessere Wirkung wird eine mindestens 6-monatige Anwendung empfohlen.<\/p>\n<p><img decoding=\"async\" src=\"https:\/\/static.xx.fbcdn.net\/images\/emoji.php\/v9\/t51\/1\/16\/1f449.png\" alt=\"\ud83d\udc49\" \/> Nur eine Kapsel pro Tag. Eine Flasche reicht f\u00fcr 1 Monat.<\/p>\n<p><img decoding=\"async\" src=\"https:\/\/static.xx.fbcdn.net\/images\/emoji.php\/v9\/t51\/1\/16\/1f449.png\" alt=\"\ud83d\udc49\" \/> Empfohlen und geeignet f\u00fcr die regelm\u00e4\u00dfige Einnahme \u00fcber einen l\u00e4ngeren Zeitraum.[\/vc_column_text][\/vc_column][\/vc_row][vc_row][vc_column][vc_column_text css=&#8220;.vc_custom_1625565113347{background-color: #ffffff !important;}&#8220;]Wenn Sie Ihre Blase besser kontrollieren k\u00f6nnen, gewinnen Sie mehr <strong>Selbstvertrauen<\/strong> und k\u00f6nnen Ihre <strong>Leistung<\/strong> im <strong>Schlafzimmer<\/strong> steigern. Die Kapseln sind eine sichere und effiziente nat\u00fcrliche L\u00f6sung f\u00fcr urologische und Prostataprobleme von M\u00e4nnern. Zusammen mit einer angemessenen Ern\u00e4hrung helfen sie, eine <strong>\u00fcberaktive<\/strong> <strong>Blase<\/strong> zu <strong>kontrollieren<\/strong> und Harnwegsinfektionen aufgrund von Prostataproblemen zu verhindern.<\/p>\n<p><strong>Schlafen<\/strong> <strong>Sie<\/strong> <strong>gut<\/strong>, vertrauen Sie Ihrem K\u00f6rper, f\u00fchlen Sie sich wie ein Alpham\u00e4nnchen und gewinnen Sie <strong>Selbstvertrauen<\/strong> im <strong>Schlafzimmer<\/strong>. Sie sind auch wirksam bei der <strong>Verbesserung<\/strong> der <strong>Potenz<\/strong>.[\/vc_column_text][\/vc_column][\/vc_row]<\/p>\n","protected":false},"excerpt":{"rendered":"<p><strong>Premium-Produkt f\u00fcr M\u00e4nnerprobleme.<\/strong> Machen Sie Schluss mit Prostatabeschwerden und <strong>gewinnen Sie Selbstvertrauen<\/strong> <strong>im Schlafzimmer.<\/strong><\/p>\n<ul>\n<li>st\u00e4rkt die Blase und die Harnwege<\/li>\n<li>lindert vergr\u00f6\u00dferte Prostata-Probleme<\/li>\n<li>einer Prostatavergr\u00f6\u00dferung vorbeugen<\/li>\n<li>f\u00fcr eine gr\u00fcndlich entleerte Blase sorgen<\/li>\n<li>die H\u00e4ufigkeit des n\u00e4chtlichen Wasserlassens verringern<\/li>\n<li>die Nieren zu st\u00e4rken<\/li>\n<\/ul>\n<p>Wussten Sie, dass ein Drittel der M\u00e4nner nach dem 65. Lebensjahr Prostataprobleme hat?<\/p>\n[banner_prehrana]\n","protected":false},"featured_media":31904,"comment_status":"open","ping_status":"closed","template":"","meta":{"inline_featured_image":false},"product_cat":[813,843],"product_tag":[],"class_list":["post-31903","product","type-product","status-publish","has-post-thumbnail","hentry","product_cat-nahrungsergaenzungsmittel","product_cat-prostata-probleme"],"acf":[],"yoast_head":"<!-- This site is optimized with the Yoast SEO plugin v19.13 - https:\/\/yoast.com\/wordpress\/plugins\/seo\/ -->\n<title>S\u00e4gepalme gegen Prostatabeschwerden - SEN Shop<\/title>\n<meta name=\"robots\" content=\"index, follow, max-snippet:-1, max-image-preview:large, max-video-preview:-1\" \/>\n<link rel=\"canonical\" href=\"https:\/\/sen-shop.com\/de\/collections\/nahrungsergaenzungsmittel\/prostata-probleme\/sagepalme-zur-unterstutzung-der-prostata\/\" \/>\n<meta property=\"og:locale\" content=\"de_DE\" \/>\n<meta property=\"og:type\" content=\"article\" \/>\n<meta property=\"og:title\" content=\"S\u00e4gepalme gegen Prostatabeschwerden - SEN Shop\" \/>\n<meta property=\"og:description\" content=\"Premium-Produkt f\u00fcr M\u00e4nnerprobleme. Machen Sie Schluss mit Prostatabeschwerden und gewinnen Sie Selbstvertrauen im Schlafzimmer.   st\u00e4rkt die Blase und die Harnwege  lindert vergr\u00f6\u00dferte Prostata-Probleme  einer Prostatavergr\u00f6\u00dferung vorbeugen  f\u00fcr eine gr\u00fcndlich entleerte Blase sorgen  die H\u00e4ufigkeit des n\u00e4chtlichen Wasserlassens verringern  die Nieren zu st\u00e4rken  Wussten Sie, dass ein Drittel der M\u00e4nner nach dem 65. Lebensjahr Prostataprobleme hat?\" \/>\n<meta property=\"og:url\" content=\"https:\/\/sen-shop.com\/de\/collections\/nahrungsergaenzungsmittel\/prostata-probleme\/sagepalme-zur-unterstutzung-der-prostata\/\" \/>\n<meta property=\"og:site_name\" content=\"SEN Shop\" \/>\n<meta property=\"article:publisher\" content=\"https:\/\/www.facebook.com\/Senshopslovenija\" \/>\n<meta property=\"article:modified_time\" content=\"2021-12-14T11:17:51+00:00\" \/>\n<meta property=\"og:image\" content=\"https:\/\/sen-shop.com\/wp-content\/uploads\/2021\/10\/Pritlikava_EN_DE_SPL.jpg\" \/>\n\t<meta property=\"og:image:width\" content=\"1400\" \/>\n\t<meta property=\"og:image:height\" content=\"1400\" \/>\n\t<meta property=\"og:image:type\" content=\"image\/jpeg\" \/>\n<meta name=\"twitter:card\" content=\"summary_large_image\" \/>\n<meta name=\"twitter:label1\" content=\"Gesch\u00e4tzte Lesezeit\" \/>\n\t<meta name=\"twitter:data1\" content=\"2\u00a0Minuten\" \/>\n<script type=\"application\/ld+json\" class=\"yoast-schema-graph\">{\"@context\":\"https:\/\/schema.org\",\"@graph\":[{\"@type\":\"WebPage\",\"@id\":\"https:\/\/sen-shop.com\/de\/collections\/nahrungsergaenzungsmittel\/prostata-probleme\/sagepalme-zur-unterstutzung-der-prostata\/\",\"url\":\"https:\/\/sen-shop.com\/de\/collections\/nahrungsergaenzungsmittel\/prostata-probleme\/sagepalme-zur-unterstutzung-der-prostata\/\",\"name\":\"S\u00e4gepalme gegen Prostatabeschwerden - SEN Shop\",\"isPartOf\":{\"@id\":\"https:\/\/sen-shop.com\/de\/#website\"},\"datePublished\":\"2021-04-20T09:16:37+00:00\",\"dateModified\":\"2021-12-14T11:17:51+00:00\",\"breadcrumb\":{\"@id\":\"https:\/\/sen-shop.com\/de\/collections\/nahrungsergaenzungsmittel\/prostata-probleme\/sagepalme-zur-unterstutzung-der-prostata\/#breadcrumb\"},\"inLanguage\":\"de\",\"potentialAction\":[{\"@type\":\"ReadAction\",\"target\":[\"https:\/\/sen-shop.com\/de\/collections\/nahrungsergaenzungsmittel\/prostata-probleme\/sagepalme-zur-unterstutzung-der-prostata\/\"]}]},{\"@type\":\"BreadcrumbList\",\"@id\":\"https:\/\/sen-shop.com\/de\/collections\/nahrungsergaenzungsmittel\/prostata-probleme\/sagepalme-zur-unterstutzung-der-prostata\/#breadcrumb\",\"itemListElement\":[{\"@type\":\"ListItem\",\"position\":1,\"name\":\"Home\",\"item\":\"https:\/\/sen-shop.com\/de\/\"},{\"@type\":\"ListItem\",\"position\":2,\"name\":\"S\u00e4gepalme gegen Prostatabeschwerden\"}]},{\"@type\":\"WebSite\",\"@id\":\"https:\/\/sen-shop.com\/de\/#website\",\"url\":\"https:\/\/sen-shop.com\/de\/\",\"name\":\"SEN Shop\",\"description\":\"Slovensko, Ekolo\u0161ko, Naravno\",\"publisher\":{\"@id\":\"https:\/\/sen-shop.com\/de\/#organization\"},\"potentialAction\":[{\"@type\":\"SearchAction\",\"target\":{\"@type\":\"EntryPoint\",\"urlTemplate\":\"https:\/\/sen-shop.com\/de\/?s={search_term_string}\"},\"query-input\":\"required name=search_term_string\"}],\"inLanguage\":\"de\"},{\"@type\":\"Organization\",\"@id\":\"https:\/\/sen-shop.com\/de\/#organization\",\"name\":\"Mind trade d.o.o\",\"url\":\"https:\/\/sen-shop.com\/de\/\",\"logo\":{\"@type\":\"ImageObject\",\"inLanguage\":\"de\",\"@id\":\"https:\/\/sen-shop.com\/de\/#\/schema\/logo\/image\/\",\"url\":\"https:\/\/sen-shop.com\/wp-content\/uploads\/2018\/05\/header_logo.png\",\"contentUrl\":\"https:\/\/sen-shop.com\/wp-content\/uploads\/2018\/05\/header_logo.png\",\"width\":138,\"height\":70,\"caption\":\"Mind trade d.o.o\"},\"image\":{\"@id\":\"https:\/\/sen-shop.com\/de\/#\/schema\/logo\/image\/\"},\"sameAs\":[\"https:\/\/www.instagram.com\/senslovenija\/\",\"https:\/\/www.facebook.com\/Senshopslovenija\"]}]}<\/script>\n<!-- \/ Yoast SEO plugin. -->","yoast_head_json":{"title":"S\u00e4gepalme gegen Prostatabeschwerden - SEN Shop","robots":{"index":"index","follow":"follow","max-snippet":"max-snippet:-1","max-image-preview":"max-image-preview:large","max-video-preview":"max-video-preview:-1"},"canonical":"https:\/\/sen-shop.com\/de\/collections\/nahrungsergaenzungsmittel\/prostata-probleme\/sagepalme-zur-unterstutzung-der-prostata\/","og_locale":"de_DE","og_type":"article","og_title":"S\u00e4gepalme gegen Prostatabeschwerden - SEN Shop","og_description":"Premium-Produkt f\u00fcr M\u00e4nnerprobleme. Machen Sie Schluss mit Prostatabeschwerden und gewinnen Sie Selbstvertrauen im Schlafzimmer.   st\u00e4rkt die Blase und die Harnwege  lindert vergr\u00f6\u00dferte Prostata-Probleme  einer Prostatavergr\u00f6\u00dferung vorbeugen  f\u00fcr eine gr\u00fcndlich entleerte Blase sorgen  die H\u00e4ufigkeit des n\u00e4chtlichen Wasserlassens verringern  die Nieren zu st\u00e4rken  Wussten Sie, dass ein Drittel der M\u00e4nner nach dem 65. Lebensjahr Prostataprobleme hat?","og_url":"https:\/\/sen-shop.com\/de\/collections\/nahrungsergaenzungsmittel\/prostata-probleme\/sagepalme-zur-unterstutzung-der-prostata\/","og_site_name":"SEN Shop","article_publisher":"https:\/\/www.facebook.com\/Senshopslovenija","article_modified_time":"2021-12-14T11:17:51+00:00","og_image":[{"width":1400,"height":1400,"url":"https:\/\/sen-shop.com\/wp-content\/uploads\/2021\/10\/Pritlikava_EN_DE_SPL.jpg","type":"image\/jpeg"}],"twitter_card":"summary_large_image","twitter_misc":{"Gesch\u00e4tzte Lesezeit":"2\u00a0Minuten"},"schema":{"@context":"https:\/\/schema.org","@graph":[{"@type":"WebPage","@id":"https:\/\/sen-shop.com\/de\/collections\/nahrungsergaenzungsmittel\/prostata-probleme\/sagepalme-zur-unterstutzung-der-prostata\/","url":"https:\/\/sen-shop.com\/de\/collections\/nahrungsergaenzungsmittel\/prostata-probleme\/sagepalme-zur-unterstutzung-der-prostata\/","name":"S\u00e4gepalme gegen Prostatabeschwerden - SEN Shop","isPartOf":{"@id":"https:\/\/sen-shop.com\/de\/#website"},"datePublished":"2021-04-20T09:16:37+00:00","dateModified":"2021-12-14T11:17:51+00:00","breadcrumb":{"@id":"https:\/\/sen-shop.com\/de\/collections\/nahrungsergaenzungsmittel\/prostata-probleme\/sagepalme-zur-unterstutzung-der-prostata\/#breadcrumb"},"inLanguage":"de","potentialAction":[{"@type":"ReadAction","target":["https:\/\/sen-shop.com\/de\/collections\/nahrungsergaenzungsmittel\/prostata-probleme\/sagepalme-zur-unterstutzung-der-prostata\/"]}]},{"@type":"BreadcrumbList","@id":"https:\/\/sen-shop.com\/de\/collections\/nahrungsergaenzungsmittel\/prostata-probleme\/sagepalme-zur-unterstutzung-der-prostata\/#breadcrumb","itemListElement":[{"@type":"ListItem","position":1,"name":"Home","item":"https:\/\/sen-shop.com\/de\/"},{"@type":"ListItem","position":2,"name":"S\u00e4gepalme gegen Prostatabeschwerden"}]},{"@type":"WebSite","@id":"https:\/\/sen-shop.com\/de\/#website","url":"https:\/\/sen-shop.com\/de\/","name":"SEN Shop","description":"Slovensko, Ekolo\u0161ko, Naravno","publisher":{"@id":"https:\/\/sen-shop.com\/de\/#organization"},"potentialAction":[{"@type":"SearchAction","target":{"@type":"EntryPoint","urlTemplate":"https:\/\/sen-shop.com\/de\/?s={search_term_string}"},"query-input":"required name=search_term_string"}],"inLanguage":"de"},{"@type":"Organization","@id":"https:\/\/sen-shop.com\/de\/#organization","name":"Mind trade d.o.o","url":"https:\/\/sen-shop.com\/de\/","logo":{"@type":"ImageObject","inLanguage":"de","@id":"https:\/\/sen-shop.com\/de\/#\/schema\/logo\/image\/","url":"https:\/\/sen-shop.com\/wp-content\/uploads\/2018\/05\/header_logo.png","contentUrl":"https:\/\/sen-shop.com\/wp-content\/uploads\/2018\/05\/header_logo.png","width":138,"height":70,"caption":"Mind trade d.o.o"},"image":{"@id":"https:\/\/sen-shop.com\/de\/#\/schema\/logo\/image\/"},"sameAs":["https:\/\/www.instagram.com\/senslovenija\/","https:\/\/www.facebook.com\/Senshopslovenija"]}]}},"_links":{"self":[{"href":"https:\/\/sen-shop.com\/de\/wp-json\/wp\/v2\/product\/31903","targetHints":{"allow":["GET"]}}],"collection":[{"href":"https:\/\/sen-shop.com\/de\/wp-json\/wp\/v2\/product"}],"about":[{"href":"https:\/\/sen-shop.com\/de\/wp-json\/wp\/v2\/types\/product"}],"replies":[{"embeddable":true,"href":"https:\/\/sen-shop.com\/de\/wp-json\/wp\/v2\/comments?post=31903"}],"wp:featuredmedia":[{"embeddable":true,"href":"https:\/\/sen-shop.com\/de\/wp-json\/wp\/v2\/media\/31904"}],"wp:attachment":[{"href":"https:\/\/sen-shop.com\/de\/wp-json\/wp\/v2\/media?parent=31903"}],"wp:term":[{"taxonomy":"product_cat","embeddable":true,"href":"https:\/\/sen-shop.com\/de\/wp-json\/wp\/v2\/product_cat?post=31903"},{"taxonomy":"product_tag","embeddable":true,"href":"https:\/\/sen-shop.com\/de\/wp-json\/wp\/v2\/product_tag?post=31903"}],"curies":[{"name":"wp","href":"https:\/\/api.w.org\/{rel}","templated":true}]}}