{"id":31889,"date":"2017-10-13T14:39:43","date_gmt":"2017-10-13T12:39:43","guid":{"rendered":"https:\/\/www.sen-shop.com\/collections\/unkategorisiert\/omega-3-mit-vitamin-e\/"},"modified":"2021-10-28T16:09:34","modified_gmt":"2021-10-28T14:09:34","slug":"omega-3-mit-vitamin-e","status":"publish","type":"product","link":"https:\/\/sen-shop.com\/de\/collections\/nahrungsergaenzungsmittel\/herz-haemorrhoiden\/omega-3-mit-vitamin-e\/","title":{"rendered":"Omega 3 mit Vitamin E"},"content":{"rendered":"<p>[vc_row][vc_column][vc_column_text css=&#8220;.vc_custom_1625561131811{padding-top: 30px !important;padding-right: 30px !important;padding-bottom: 30px !important;padding-left: 30px !important;background-color: #c9db95 !important;}&#8220;]<br \/>\n<strong>Omega<\/strong>&#8211;<strong>3<\/strong>-Fetts\u00e4uren kommen vor allem in Meeresfr\u00fcchten vor und sind besonders reichlich in den \u00d6len von Blaufischen wie Makrele, Thunfisch, Lachs und Sardinen enthalten. Diese S\u00e4uren sind f\u00fcr den menschlichen K\u00f6rper <strong>essenziell<\/strong> &#8211; der K\u00f6rper kann sie nicht selbst herstellen, so dass wir sie \u00fcber die Nahrung oder <strong>Nahrungserg\u00e4nzungsmittel zu uns nehmen m\u00fcssen.<\/strong><\/p>\n<p>Die<strong> Europ\u00e4ische Beh\u00f6rde f\u00fcr Lebensmittelsicherheit (EFSA) <\/strong>hat best\u00e4tigt, dass eine t\u00e4gliche Zufuhr von <strong>Omega<\/strong>&#8211;<strong>3<\/strong>&#8211;<strong>Fetts\u00e4uren<\/strong> (mindestens 250 mg EPA und mindestens 250 mg DHA) eine <strong>positive Wirkung <\/strong>auf die <strong>Herzfunktion<\/strong> hat. Ihr Mangel wird vor allem mit hohem Cholesterinspiegel, Herz-Kreislauf-Erkrankungen, Ged\u00e4chtnisverlust und nachlassender Sehkraft in Verbindung gebracht.<\/p>\n<p><strong>Vitamin<\/strong> <strong>E<\/strong> ist ein nat\u00fcrliches Antioxidans, das <strong>die Zellen vor gef\u00e4hrlichen freien Radikalen sch\u00fctzt und die Omega-3-Fetts\u00e4uren vor Oxidation bewahrt.<\/strong> Freie Radikale entstehen bei verschiedenen Stoffwechselprozessen im K\u00f6rper und wir sind ihnen auch durch Umweltbelastungen (z. B. Strahlung, Schadstoffe) ausgesetzt. Eine unzureichende Zufuhr kann auch zum Fortschreiten von Arteriosklerose, Parkinson- und Alzheimer-Krankheit, Krebs und einer Verschlechterung des Immunsystems f\u00fchren.[\/vc_column_text][\/vc_column][\/vc_row][vc_row][vc_column][vc_column_text css=&#8220;.vc_custom_1625561142480{padding-top: 30px !important;padding-right: 30px !important;padding-bottom: 30px !important;padding-left: 30px !important;background-color: #ededed !important;}&#8220;]<img decoding=\"async\" src=\"https:\/\/static.xx.fbcdn.net\/images\/emoji.php\/v9\/t51\/1\/16\/1f449.png\" alt=\"\ud83d\udc49\" \/> Hohe pharmazeutische Qualit\u00e4t<\/p>\n<p><img decoding=\"async\" src=\"https:\/\/static.xx.fbcdn.net\/images\/emoji.php\/v9\/t51\/1\/16\/1f449.png\" alt=\"\ud83d\udc49\" \/> Die Kapseln enthalten nur gereinigtes und feinstes Lachs\u00f6l<\/p>\n<p><img decoding=\"async\" src=\"https:\/\/static.xx.fbcdn.net\/images\/emoji.php\/v9\/t51\/1\/16\/1f449.png\" alt=\"\ud83d\udc49\" \/> Ohne Fischnachgeschmack<\/p>\n<p><img decoding=\"async\" src=\"https:\/\/static.xx.fbcdn.net\/images\/emoji.php\/v9\/t51\/1\/16\/1f449.png\" alt=\"\ud83d\udc49\" \/> Zwei Kapseln t\u00e4glich.[\/vc_column_text][\/vc_column][\/vc_row][vc_row][vc_column][vc_column_text css=&#8220;.vc_custom_1630058224957{background-color: #ffffff !important;}&#8220;]<\/p>\n<h4>Nehmen wir mit unserer normalen Ern\u00e4hrung <strong>gen\u00fcgend Omega-3-Fetts\u00e4uren<\/strong> zu uns?<\/h4>\n<p>Untersuchungen haben gezeigt, dass vor 10.000 Jahren das Verh\u00e4ltnis der essenziellen Fetts\u00e4uren Omega-6 zu Omega-3 in der menschlichen Ern\u00e4hrung gleich war &#8211; 1:1 (Omega-3 : Omega-6). Aufgrund von Ver\u00e4nderungen in der Ern\u00e4hrung hat sich das Verh\u00e4ltnis in den letzten 150 Jahren auf 20:1 erh\u00f6ht (Omega-6 : Omega-3). Ein<strong> \u00dcberma\u00df an Omega-6-Fetts\u00e4uren verursacht Entz\u00fcndungsprozesse und zahlreiche Krankheiten, darunter Herz-Kreislauf-Erkrankungen, Autoimmunerkrankungen und sogar Krebserkrankungen.<\/strong><\/p>\n<p><strong>EPA und DHA sind wichtige Omega-3-Fetts\u00e4uren. EPA<\/strong> reduziert die Produktion von Prostaglandinen im K\u00f6rper und spielt eine<strong> wichtige Rolle bei der Vorbeugung von Blutgerinnseln<\/strong>, beeinflusst die Erweiterung der Blutgef\u00e4\u00dfe und verringert die Wahrscheinlichkeit chronischer Entz\u00fcndungsprozesse im K\u00f6rper. <strong>DHA ist die wichtigste Fetts\u00e4ure, die im Gehirn und in der Netzhaut vorkommt.<\/strong> Sie ist ein Hauptbestandteil aller Zellmembranen, die ihrerseits f\u00fcr die Gesundheit der Zelle verantwortlich sind.<\/p>\n<h4>Vitamin-E-Mangel<\/h4>\n<p>Ein Mangel ist selten, selbst bei Menschen, die sich ungesund ern\u00e4hren. Der Grund daf\u00fcr ist, dass der K\u00f6rper \u00fcber relativ gro\u00dfe Vitamin-E-Vorr\u00e4te in seinen Geweben verf\u00fcgt. <strong>Vitamin E hat eine Schutzfunktion<\/strong> und kommt in Lebensmitteln zusammen mit Fetten vor. <strong>Ein Mangel kann jedoch bei Menschen mit Fettabsorptionsst\u00f6rungen,<\/strong> Mukoviszidosepatienten und Menschen mit bestimmten genetischen Anomalien auftreten. Ein Mangel an Vitamin E w\u00fcrde zu Oxidation und schweren Sch\u00e4den an den K\u00f6rpermembranen durch freie Sauerstoffradikale f\u00fchren. Eine <strong>unzureichende Zufuhr kann auch zum Fortschreiten von Arteriosklerose, Parkinson und Alzheimer, Krebs, Katarrh <\/strong>und einer Verschlechterung des Immunsystems f\u00fchren.[\/vc_column_text][\/vc_column][\/vc_row]<\/p>\n","protected":false},"excerpt":{"rendered":"<p>Heutzutage k\u00f6nnen wir \u00fcber die normale Ern\u00e4hrung nur selten gen\u00fcgend <strong>Omega-3-Fetts\u00e4uren<\/strong> zu uns nehmen. Sie sind so wichtig f\u00fcr die normale Funktion unseres Systems, dass Experten empfehlen, sie t\u00e4glich zu erg\u00e4nzen.<\/p>\n<ul>\n<li>f\u00fcr einen normalen Blutdruck und Cholesterinspiegel<\/li>\n<li>f\u00fcr das Ged\u00e4chtnis, eine bessere Durchblutung und die Gehirnfunktion (*DHA)<\/li>\n<li>f\u00fcr die Erhaltung einer normalen Sehkraft (*DHA)<\/li>\n<li>f\u00fcr eine gesunde Herzfunktion (*EPA und DHA)<\/li>\n<li>Vitamin E sch\u00fctzt die Zellen vor gef\u00e4hrlichen freien Radikalen<\/li>\n<\/ul>\n<p><strong>Das richtige Verh\u00e4ltnis von Omega-3- zu Omega-6-Fetts\u00e4uren ist f\u00fcr die Gesundheit unseres K\u00f6rpers \u00e4u\u00dferst wichtig<\/strong>, da Omega-3-Fetts\u00e4uren entz\u00fcndungshemmend wirken (im Gegensatz zu Omega-6-Fetts\u00e4uren, die entz\u00fcndungsf\u00f6rdernd sind).<\/p>\n<p>Sichern Sie sich die positive Wirkung von Omega-3, indem Sie t\u00e4glich mindestens 250 mg zu sich nehmen. Mit zwei Kapseln pro Tag versorgen Sie Ihren K\u00f6rper mit bis zu 300 mg* Omega-3-Fetts\u00e4uren (120 mg DHA* und 180 mg EPA*).<\/p>\n[banner_prehrana]\n","protected":false},"featured_media":39105,"comment_status":"open","ping_status":"closed","template":"","meta":{"inline_featured_image":false},"product_cat":[816,842,841,846,813],"product_tag":[821,912,913,814,894],"class_list":["post-31889","product","type-product","status-publish","has-post-thumbnail","hentry","product_cat-crni-petek-de","product_cat-haut-naegel-haare","product_cat-herz-haemorrhoiden","product_cat-immunsystem","product_cat-nahrungsergaenzungsmittel","product_tag-bio-de","product_tag-kako-okrepiti-imunski-sistem-de","product_tag-koza-in-lasje-de","product_tag-prehranska-dopolnila-de","product_tag-srce-in-ozilje-de"],"acf":[],"yoast_head":"<!-- This site is optimized with the Yoast SEO plugin v19.13 - https:\/\/yoast.com\/wordpress\/plugins\/seo\/ -->\n<title>Omega 3 mit Vitamin E<\/title>\n<meta name=\"description\" content=\"Omega 3 mit Vitamin E\" \/>\n<meta name=\"robots\" content=\"index, follow, max-snippet:-1, max-image-preview:large, max-video-preview:-1\" \/>\n<link rel=\"canonical\" href=\"https:\/\/sen-shop.com\/de\/collections\/nahrungsergaenzungsmittel\/herz-haemorrhoiden\/omega-3-mit-vitamin-e\/\" \/>\n<meta property=\"og:locale\" content=\"de_DE\" \/>\n<meta property=\"og:type\" content=\"article\" \/>\n<meta property=\"og:title\" content=\"Omega 3 mit Vitamin E\" \/>\n<meta property=\"og:description\" content=\"Omega 3 mit Vitamin E\" \/>\n<meta property=\"og:url\" content=\"https:\/\/sen-shop.com\/de\/collections\/nahrungsergaenzungsmittel\/herz-haemorrhoiden\/omega-3-mit-vitamin-e\/\" \/>\n<meta property=\"og:site_name\" content=\"SEN Shop\" \/>\n<meta property=\"article:publisher\" content=\"https:\/\/www.facebook.com\/Senshopslovenija\" \/>\n<meta property=\"article:modified_time\" content=\"2021-10-28T14:09:34+00:00\" \/>\n<meta property=\"og:image\" content=\"https:\/\/sen-shop.com\/wp-content\/uploads\/2021\/10\/Omega-3_EN_DE_SPL-1.jpg\" \/>\n\t<meta property=\"og:image:width\" content=\"1400\" \/>\n\t<meta property=\"og:image:height\" content=\"1400\" \/>\n\t<meta property=\"og:image:type\" content=\"image\/jpeg\" \/>\n<meta name=\"twitter:card\" content=\"summary_large_image\" \/>\n<meta name=\"twitter:label1\" content=\"Gesch\u00e4tzte Lesezeit\" \/>\n\t<meta name=\"twitter:data1\" content=\"3\u00a0Minuten\" \/>\n<script type=\"application\/ld+json\" class=\"yoast-schema-graph\">{\"@context\":\"https:\/\/schema.org\",\"@graph\":[{\"@type\":\"WebPage\",\"@id\":\"https:\/\/sen-shop.com\/de\/collections\/nahrungsergaenzungsmittel\/herz-haemorrhoiden\/omega-3-mit-vitamin-e\/\",\"url\":\"https:\/\/sen-shop.com\/de\/collections\/nahrungsergaenzungsmittel\/herz-haemorrhoiden\/omega-3-mit-vitamin-e\/\",\"name\":\"Omega 3 mit Vitamin E\",\"isPartOf\":{\"@id\":\"https:\/\/sen-shop.com\/de\/#website\"},\"datePublished\":\"2017-10-13T12:39:43+00:00\",\"dateModified\":\"2021-10-28T14:09:34+00:00\",\"description\":\"Omega 3 mit Vitamin E\",\"breadcrumb\":{\"@id\":\"https:\/\/sen-shop.com\/de\/collections\/nahrungsergaenzungsmittel\/herz-haemorrhoiden\/omega-3-mit-vitamin-e\/#breadcrumb\"},\"inLanguage\":\"de\",\"potentialAction\":[{\"@type\":\"ReadAction\",\"target\":[\"https:\/\/sen-shop.com\/de\/collections\/nahrungsergaenzungsmittel\/herz-haemorrhoiden\/omega-3-mit-vitamin-e\/\"]}]},{\"@type\":\"BreadcrumbList\",\"@id\":\"https:\/\/sen-shop.com\/de\/collections\/nahrungsergaenzungsmittel\/herz-haemorrhoiden\/omega-3-mit-vitamin-e\/#breadcrumb\",\"itemListElement\":[{\"@type\":\"ListItem\",\"position\":1,\"name\":\"Home\",\"item\":\"https:\/\/sen-shop.com\/de\/\"},{\"@type\":\"ListItem\",\"position\":2,\"name\":\"Omega 3 mit Vitamin E\"}]},{\"@type\":\"WebSite\",\"@id\":\"https:\/\/sen-shop.com\/de\/#website\",\"url\":\"https:\/\/sen-shop.com\/de\/\",\"name\":\"SEN Shop\",\"description\":\"Slovensko, Ekolo\u0161ko, Naravno\",\"publisher\":{\"@id\":\"https:\/\/sen-shop.com\/de\/#organization\"},\"potentialAction\":[{\"@type\":\"SearchAction\",\"target\":{\"@type\":\"EntryPoint\",\"urlTemplate\":\"https:\/\/sen-shop.com\/de\/?s={search_term_string}\"},\"query-input\":\"required name=search_term_string\"}],\"inLanguage\":\"de\"},{\"@type\":\"Organization\",\"@id\":\"https:\/\/sen-shop.com\/de\/#organization\",\"name\":\"Mind trade d.o.o\",\"url\":\"https:\/\/sen-shop.com\/de\/\",\"logo\":{\"@type\":\"ImageObject\",\"inLanguage\":\"de\",\"@id\":\"https:\/\/sen-shop.com\/de\/#\/schema\/logo\/image\/\",\"url\":\"https:\/\/sen-shop.com\/wp-content\/uploads\/2018\/05\/header_logo.png\",\"contentUrl\":\"https:\/\/sen-shop.com\/wp-content\/uploads\/2018\/05\/header_logo.png\",\"width\":138,\"height\":70,\"caption\":\"Mind trade d.o.o\"},\"image\":{\"@id\":\"https:\/\/sen-shop.com\/de\/#\/schema\/logo\/image\/\"},\"sameAs\":[\"https:\/\/www.instagram.com\/senslovenija\/\",\"https:\/\/www.facebook.com\/Senshopslovenija\"]}]}<\/script>\n<!-- \/ Yoast SEO plugin. -->","yoast_head_json":{"title":"Omega 3 mit Vitamin E","description":"Omega 3 mit Vitamin E","robots":{"index":"index","follow":"follow","max-snippet":"max-snippet:-1","max-image-preview":"max-image-preview:large","max-video-preview":"max-video-preview:-1"},"canonical":"https:\/\/sen-shop.com\/de\/collections\/nahrungsergaenzungsmittel\/herz-haemorrhoiden\/omega-3-mit-vitamin-e\/","og_locale":"de_DE","og_type":"article","og_title":"Omega 3 mit Vitamin E","og_description":"Omega 3 mit Vitamin E","og_url":"https:\/\/sen-shop.com\/de\/collections\/nahrungsergaenzungsmittel\/herz-haemorrhoiden\/omega-3-mit-vitamin-e\/","og_site_name":"SEN Shop","article_publisher":"https:\/\/www.facebook.com\/Senshopslovenija","article_modified_time":"2021-10-28T14:09:34+00:00","og_image":[{"width":1400,"height":1400,"url":"https:\/\/sen-shop.com\/wp-content\/uploads\/2021\/10\/Omega-3_EN_DE_SPL-1.jpg","type":"image\/jpeg"}],"twitter_card":"summary_large_image","twitter_misc":{"Gesch\u00e4tzte Lesezeit":"3\u00a0Minuten"},"schema":{"@context":"https:\/\/schema.org","@graph":[{"@type":"WebPage","@id":"https:\/\/sen-shop.com\/de\/collections\/nahrungsergaenzungsmittel\/herz-haemorrhoiden\/omega-3-mit-vitamin-e\/","url":"https:\/\/sen-shop.com\/de\/collections\/nahrungsergaenzungsmittel\/herz-haemorrhoiden\/omega-3-mit-vitamin-e\/","name":"Omega 3 mit Vitamin E","isPartOf":{"@id":"https:\/\/sen-shop.com\/de\/#website"},"datePublished":"2017-10-13T12:39:43+00:00","dateModified":"2021-10-28T14:09:34+00:00","description":"Omega 3 mit Vitamin E","breadcrumb":{"@id":"https:\/\/sen-shop.com\/de\/collections\/nahrungsergaenzungsmittel\/herz-haemorrhoiden\/omega-3-mit-vitamin-e\/#breadcrumb"},"inLanguage":"de","potentialAction":[{"@type":"ReadAction","target":["https:\/\/sen-shop.com\/de\/collections\/nahrungsergaenzungsmittel\/herz-haemorrhoiden\/omega-3-mit-vitamin-e\/"]}]},{"@type":"BreadcrumbList","@id":"https:\/\/sen-shop.com\/de\/collections\/nahrungsergaenzungsmittel\/herz-haemorrhoiden\/omega-3-mit-vitamin-e\/#breadcrumb","itemListElement":[{"@type":"ListItem","position":1,"name":"Home","item":"https:\/\/sen-shop.com\/de\/"},{"@type":"ListItem","position":2,"name":"Omega 3 mit Vitamin E"}]},{"@type":"WebSite","@id":"https:\/\/sen-shop.com\/de\/#website","url":"https:\/\/sen-shop.com\/de\/","name":"SEN Shop","description":"Slovensko, Ekolo\u0161ko, Naravno","publisher":{"@id":"https:\/\/sen-shop.com\/de\/#organization"},"potentialAction":[{"@type":"SearchAction","target":{"@type":"EntryPoint","urlTemplate":"https:\/\/sen-shop.com\/de\/?s={search_term_string}"},"query-input":"required name=search_term_string"}],"inLanguage":"de"},{"@type":"Organization","@id":"https:\/\/sen-shop.com\/de\/#organization","name":"Mind trade d.o.o","url":"https:\/\/sen-shop.com\/de\/","logo":{"@type":"ImageObject","inLanguage":"de","@id":"https:\/\/sen-shop.com\/de\/#\/schema\/logo\/image\/","url":"https:\/\/sen-shop.com\/wp-content\/uploads\/2018\/05\/header_logo.png","contentUrl":"https:\/\/sen-shop.com\/wp-content\/uploads\/2018\/05\/header_logo.png","width":138,"height":70,"caption":"Mind trade d.o.o"},"image":{"@id":"https:\/\/sen-shop.com\/de\/#\/schema\/logo\/image\/"},"sameAs":["https:\/\/www.instagram.com\/senslovenija\/","https:\/\/www.facebook.com\/Senshopslovenija"]}]}},"_links":{"self":[{"href":"https:\/\/sen-shop.com\/de\/wp-json\/wp\/v2\/product\/31889","targetHints":{"allow":["GET"]}}],"collection":[{"href":"https:\/\/sen-shop.com\/de\/wp-json\/wp\/v2\/product"}],"about":[{"href":"https:\/\/sen-shop.com\/de\/wp-json\/wp\/v2\/types\/product"}],"replies":[{"embeddable":true,"href":"https:\/\/sen-shop.com\/de\/wp-json\/wp\/v2\/comments?post=31889"}],"wp:featuredmedia":[{"embeddable":true,"href":"https:\/\/sen-shop.com\/de\/wp-json\/wp\/v2\/media\/39105"}],"wp:attachment":[{"href":"https:\/\/sen-shop.com\/de\/wp-json\/wp\/v2\/media?parent=31889"}],"wp:term":[{"taxonomy":"product_cat","embeddable":true,"href":"https:\/\/sen-shop.com\/de\/wp-json\/wp\/v2\/product_cat?post=31889"},{"taxonomy":"product_tag","embeddable":true,"href":"https:\/\/sen-shop.com\/de\/wp-json\/wp\/v2\/product_tag?post=31889"}],"curies":[{"name":"wp","href":"https:\/\/api.w.org\/{rel}","templated":true}]}}