{"id":31880,"date":"2017-10-16T14:43:29","date_gmt":"2017-10-16T12:43:29","guid":{"rendered":"https:\/\/www.sen-shop.com\/collections\/unkategorisiert\/gelee-royale-400mg\/"},"modified":"2021-11-02T15:16:41","modified_gmt":"2021-11-02T14:16:41","slug":"gelee-royale-400mg","status":"publish","type":"product","link":"https:\/\/sen-shop.com\/de\/collections\/nahrungsergaenzungsmittel\/immunsystem\/gelee-royale-400mg\/","title":{"rendered":"Gel\u00e9e Royale 400mg"},"content":{"rendered":"<p>[vc_row][vc_column][vc_column_text css=&#8220;.vc_custom_1625572370134{padding-top: 30px !important;padding-right: 30px !important;padding-bottom: 30px !important;padding-left: 30px !important;background-color: #c9db95 !important;}&#8220;]<br \/>\n<strong>Gel\u00e9e<\/strong> <strong>Royale<\/strong> besteht aus Fetten (eines der wichtigsten: 10-Hydroxy-2-decans\u00e4ure), Kohlenhydraten (haupts\u00e4chlich Glukose, Fruktose und Saccharose), Proteinen und freien Aminos\u00e4uren (Glutamins\u00e4ure, Prolin, Lysin), geringen Mengen an Vitaminen, Mineralien und Spurenelementen.<\/p>\n<p>Was bedeutet es, dass Gelee Royale gefriergetrocknet ist? Durch ein spezielles Verfahren werden dem Gel\u00e9e Royale Zucker und Wasser entzogen und es wird tiefgefroren, um ein Pulver zu bilden. So bleiben alle wertvollen Inhaltsstoffe erhalten, und das Gelee Royale kann bei Zimmertemperatur gelagert werden, ohne seine Wirksamkeit zu verlieren.<\/p>\n<p>[\/vc_column_text][\/vc_column][\/vc_row][vc_row][vc_column][vc_column_text css=&#8220;.vc_custom_1625572389467{padding-top: 30px !important;padding-right: 30px !important;padding-bottom: 30px !important;padding-left: 30px !important;background-color: #ededed !important;}&#8220;]<img decoding=\"async\" src=\"https:\/\/static.xx.fbcdn.net\/images\/emoji.php\/v9\/t51\/1\/16\/1f449.png\" alt=\"\ud83d\udc49\" \/> Es wird allen empfohlen, die unter Konzentrationsschw\u00e4che leiden und die Widerstandskraft ihres K\u00f6rpers erh\u00f6hen wollen.<\/p>\n<p><img decoding=\"async\" src=\"https:\/\/static.xx.fbcdn.net\/images\/emoji.php\/v9\/t51\/1\/16\/1f449.png\" alt=\"\ud83d\udc49\" \/> Eine bis zwei Kapseln pro Tag, vor den Mahlzeiten (vorzugsweise morgens, beim Fasten), mit viel Fl\u00fcssigkeit.<\/p>\n<p><img decoding=\"async\" src=\"https:\/\/static.xx.fbcdn.net\/images\/emoji.php\/v9\/t51\/1\/16\/1f449.png\" alt=\"\ud83d\udc49\" \/> F\u00fcr Kinder geeignet.<\/p>\n<p>[\/vc_column_text][\/vc_column][\/vc_row][vc_row][vc_column][vc_column_text]<strong>Gelee<\/strong> <strong>Royale<\/strong> ist ein nat\u00fcrliches Produkt der Bienen. Sie stellen es mit Hilfe ihrer Dr\u00fcsen aus Pollen und Wasser her, und das Produkt ist der <strong>Muttermilch \u00e4hnlich<\/strong>. Es ist ein <strong>hochwertiges Nahrungsmittel, das schnelles Wachstum und Entwicklung erm\u00f6glicht<\/strong>. Es wird oft als K\u00f6niginnenfutter bezeichnet, da es von den Bienen zur Aufzucht der Larven und zur Ern\u00e4hrung der K\u00f6nigin verwendet wird. Es wird in den Hypopharynxdr\u00fcsen produziert, die sich im Kopf der Biene in der N\u00e4he des Gehirns befinden. Es wird von jungen Bienen im Alter zwischen 6 und 14 Tagen produziert. Diese Ammenbienen verf\u00fcttern es in den ersten Tagen an die gesamte Brut, danach nur noch an die K\u00f6nigin, die es lebenslang konsumiert.<\/p>\n<p>Die Gewinnung von Gel\u00e9e Royale in gro\u00dfen Mengen ist recht zeitaufw\u00e4ndig. Es wird gewonnen, indem man einem k\u00f6niginnenlosen Bienenvolk K\u00f6niginnenschimmel hinzuf\u00fcgt, in den die einen Tag alten Larven eingepfropft werden und eine gro\u00dfz\u00fcgige Schicht Gelee Royale erhalten. Nach drei Tagen sammelt der Imker die Leisten und Zellen ein, entfernt die Larven und sammelt dann das Gel\u00e9e Royale mit einem speziellen L\u00f6ffel oder Sauger ein. Die K\u00f6nigin wird dann mit neuen Larven wieder in das Bienenvolk eingepfropft. Gel\u00e9e Royale ist wei\u00dflich und dickfl\u00fcssig und schmeckt s\u00e4uerlich und hat ein besonderes Aroma.[\/vc_column_text][\/vc_column][\/vc_row]<\/p>\n","protected":false},"excerpt":{"rendered":"<p>Eine hohe Dosis von hochwertigem, reinem <strong>Gel\u00e9e Royale<\/strong> in einer Kapsel. Gelee Royale ist die<strong> beste nat\u00fcrliche Verteidigung f\u00fcr ein starkes Immunsystem<\/strong>, Gesundheit und Erholung nach Krankheiten oder Chemotherapien. Die Kapsel enth\u00e4lt 400 mg lyophilisiertes (gefriergetrocknetes) Gelee Royale, was 1.200 mg frischem Gelee Royale entspricht. Es wird <strong>allen empfohlen<\/strong>, die unter Konzentrationsschw\u00e4che leiden und das <strong>Immunsystem<\/strong> des K\u00f6rpers <strong>st\u00e4rken<\/strong> wollen.<\/p>\n<ul>\n<li>st\u00e4rkt das Immunsystem<\/li>\n<li>erh\u00f6ht die Widerstandskraft des K\u00f6rpers gegen Viren<\/li>\n<li>hilft bei Konzentrationsschw\u00e4che<\/li>\n<li>zur schnelleren Genesung (Krankheiten, Operationen)<\/li>\n<\/ul>\n<p>Die ideale Kombination zum Schutz des Organismus und des Immunsystems.<\/p>\n[banner_prehrana]\n","protected":false},"featured_media":39787,"comment_status":"open","ping_status":"closed","template":"","meta":{"inline_featured_image":false},"product_cat":[816,846,813],"product_tag":[897,898,821,900,896,912,911,899,814,895],"class_list":["post-31880","product","type-product","status-publish","has-post-thumbnail","hentry","product_cat-crni-petek-de","product_cat-immunsystem","product_cat-nahrungsergaenzungsmittel","product_tag-analizator-tanita-de","product_tag-analizator-telesne-teze-de","product_tag-bio-de","product_tag-digitalna-osebna-tehtnica-de","product_tag-digitalna-tehtnica-de","product_tag-kako-okrepiti-imunski-sistem-de","product_tag-krepitev-imunskega-sistema-de","product_tag-nakup-tanite-de","product_tag-prehranska-dopolnila-de","product_tag-tanita-de"],"acf":[],"yoast_head":"<!-- This site is optimized with the Yoast SEO plugin v19.13 - https:\/\/yoast.com\/wordpress\/plugins\/seo\/ -->\n<title>Gel\u00e9e Royale 400mg<\/title>\n<meta name=\"description\" content=\"Gel\u00e9e Royale 400mg\" \/>\n<meta name=\"robots\" content=\"index, follow, max-snippet:-1, max-image-preview:large, max-video-preview:-1\" \/>\n<link rel=\"canonical\" href=\"https:\/\/sen-shop.com\/de\/collections\/nahrungsergaenzungsmittel\/immunsystem\/gelee-royale-400mg\/\" \/>\n<meta property=\"og:locale\" content=\"de_DE\" \/>\n<meta property=\"og:type\" content=\"article\" \/>\n<meta property=\"og:title\" content=\"Gel\u00e9e Royale 400mg\" \/>\n<meta property=\"og:description\" content=\"Gel\u00e9e Royale 400mg\" \/>\n<meta property=\"og:url\" content=\"https:\/\/sen-shop.com\/de\/collections\/nahrungsergaenzungsmittel\/immunsystem\/gelee-royale-400mg\/\" \/>\n<meta property=\"og:site_name\" content=\"SEN Shop\" \/>\n<meta property=\"article:publisher\" content=\"https:\/\/www.facebook.com\/Senshopslovenija\" \/>\n<meta property=\"article:modified_time\" content=\"2021-11-02T14:16:41+00:00\" \/>\n<meta property=\"og:image\" content=\"https:\/\/sen-shop.com\/wp-content\/uploads\/2021\/11\/Royal-Jelly_EN_DE-3.jpg\" \/>\n\t<meta property=\"og:image:width\" content=\"1400\" \/>\n\t<meta property=\"og:image:height\" content=\"1400\" \/>\n\t<meta property=\"og:image:type\" content=\"image\/jpeg\" \/>\n<meta name=\"twitter:card\" content=\"summary_large_image\" \/>\n<meta name=\"twitter:label1\" content=\"Gesch\u00e4tzte Lesezeit\" \/>\n\t<meta name=\"twitter:data1\" content=\"2\u00a0Minuten\" \/>\n<script type=\"application\/ld+json\" class=\"yoast-schema-graph\">{\"@context\":\"https:\/\/schema.org\",\"@graph\":[{\"@type\":\"WebPage\",\"@id\":\"https:\/\/sen-shop.com\/de\/collections\/nahrungsergaenzungsmittel\/immunsystem\/gelee-royale-400mg\/\",\"url\":\"https:\/\/sen-shop.com\/de\/collections\/nahrungsergaenzungsmittel\/immunsystem\/gelee-royale-400mg\/\",\"name\":\"Gel\u00e9e Royale 400mg\",\"isPartOf\":{\"@id\":\"https:\/\/sen-shop.com\/de\/#website\"},\"datePublished\":\"2017-10-16T12:43:29+00:00\",\"dateModified\":\"2021-11-02T14:16:41+00:00\",\"description\":\"Gel\u00e9e Royale 400mg\",\"breadcrumb\":{\"@id\":\"https:\/\/sen-shop.com\/de\/collections\/nahrungsergaenzungsmittel\/immunsystem\/gelee-royale-400mg\/#breadcrumb\"},\"inLanguage\":\"de\",\"potentialAction\":[{\"@type\":\"ReadAction\",\"target\":[\"https:\/\/sen-shop.com\/de\/collections\/nahrungsergaenzungsmittel\/immunsystem\/gelee-royale-400mg\/\"]}]},{\"@type\":\"BreadcrumbList\",\"@id\":\"https:\/\/sen-shop.com\/de\/collections\/nahrungsergaenzungsmittel\/immunsystem\/gelee-royale-400mg\/#breadcrumb\",\"itemListElement\":[{\"@type\":\"ListItem\",\"position\":1,\"name\":\"Home\",\"item\":\"https:\/\/sen-shop.com\/de\/\"},{\"@type\":\"ListItem\",\"position\":2,\"name\":\"Gel\u00e9e Royale 400mg\"}]},{\"@type\":\"WebSite\",\"@id\":\"https:\/\/sen-shop.com\/de\/#website\",\"url\":\"https:\/\/sen-shop.com\/de\/\",\"name\":\"SEN Shop\",\"description\":\"Slovensko, Ekolo\u0161ko, Naravno\",\"publisher\":{\"@id\":\"https:\/\/sen-shop.com\/de\/#organization\"},\"potentialAction\":[{\"@type\":\"SearchAction\",\"target\":{\"@type\":\"EntryPoint\",\"urlTemplate\":\"https:\/\/sen-shop.com\/de\/?s={search_term_string}\"},\"query-input\":\"required name=search_term_string\"}],\"inLanguage\":\"de\"},{\"@type\":\"Organization\",\"@id\":\"https:\/\/sen-shop.com\/de\/#organization\",\"name\":\"Mind trade d.o.o\",\"url\":\"https:\/\/sen-shop.com\/de\/\",\"logo\":{\"@type\":\"ImageObject\",\"inLanguage\":\"de\",\"@id\":\"https:\/\/sen-shop.com\/de\/#\/schema\/logo\/image\/\",\"url\":\"https:\/\/sen-shop.com\/wp-content\/uploads\/2018\/05\/header_logo.png\",\"contentUrl\":\"https:\/\/sen-shop.com\/wp-content\/uploads\/2018\/05\/header_logo.png\",\"width\":138,\"height\":70,\"caption\":\"Mind trade d.o.o\"},\"image\":{\"@id\":\"https:\/\/sen-shop.com\/de\/#\/schema\/logo\/image\/\"},\"sameAs\":[\"https:\/\/www.instagram.com\/senslovenija\/\",\"https:\/\/www.facebook.com\/Senshopslovenija\"]}]}<\/script>\n<!-- \/ Yoast SEO plugin. -->","yoast_head_json":{"title":"Gel\u00e9e Royale 400mg","description":"Gel\u00e9e Royale 400mg","robots":{"index":"index","follow":"follow","max-snippet":"max-snippet:-1","max-image-preview":"max-image-preview:large","max-video-preview":"max-video-preview:-1"},"canonical":"https:\/\/sen-shop.com\/de\/collections\/nahrungsergaenzungsmittel\/immunsystem\/gelee-royale-400mg\/","og_locale":"de_DE","og_type":"article","og_title":"Gel\u00e9e Royale 400mg","og_description":"Gel\u00e9e Royale 400mg","og_url":"https:\/\/sen-shop.com\/de\/collections\/nahrungsergaenzungsmittel\/immunsystem\/gelee-royale-400mg\/","og_site_name":"SEN Shop","article_publisher":"https:\/\/www.facebook.com\/Senshopslovenija","article_modified_time":"2021-11-02T14:16:41+00:00","og_image":[{"width":1400,"height":1400,"url":"https:\/\/sen-shop.com\/wp-content\/uploads\/2021\/11\/Royal-Jelly_EN_DE-3.jpg","type":"image\/jpeg"}],"twitter_card":"summary_large_image","twitter_misc":{"Gesch\u00e4tzte Lesezeit":"2\u00a0Minuten"},"schema":{"@context":"https:\/\/schema.org","@graph":[{"@type":"WebPage","@id":"https:\/\/sen-shop.com\/de\/collections\/nahrungsergaenzungsmittel\/immunsystem\/gelee-royale-400mg\/","url":"https:\/\/sen-shop.com\/de\/collections\/nahrungsergaenzungsmittel\/immunsystem\/gelee-royale-400mg\/","name":"Gel\u00e9e Royale 400mg","isPartOf":{"@id":"https:\/\/sen-shop.com\/de\/#website"},"datePublished":"2017-10-16T12:43:29+00:00","dateModified":"2021-11-02T14:16:41+00:00","description":"Gel\u00e9e Royale 400mg","breadcrumb":{"@id":"https:\/\/sen-shop.com\/de\/collections\/nahrungsergaenzungsmittel\/immunsystem\/gelee-royale-400mg\/#breadcrumb"},"inLanguage":"de","potentialAction":[{"@type":"ReadAction","target":["https:\/\/sen-shop.com\/de\/collections\/nahrungsergaenzungsmittel\/immunsystem\/gelee-royale-400mg\/"]}]},{"@type":"BreadcrumbList","@id":"https:\/\/sen-shop.com\/de\/collections\/nahrungsergaenzungsmittel\/immunsystem\/gelee-royale-400mg\/#breadcrumb","itemListElement":[{"@type":"ListItem","position":1,"name":"Home","item":"https:\/\/sen-shop.com\/de\/"},{"@type":"ListItem","position":2,"name":"Gel\u00e9e Royale 400mg"}]},{"@type":"WebSite","@id":"https:\/\/sen-shop.com\/de\/#website","url":"https:\/\/sen-shop.com\/de\/","name":"SEN Shop","description":"Slovensko, Ekolo\u0161ko, Naravno","publisher":{"@id":"https:\/\/sen-shop.com\/de\/#organization"},"potentialAction":[{"@type":"SearchAction","target":{"@type":"EntryPoint","urlTemplate":"https:\/\/sen-shop.com\/de\/?s={search_term_string}"},"query-input":"required name=search_term_string"}],"inLanguage":"de"},{"@type":"Organization","@id":"https:\/\/sen-shop.com\/de\/#organization","name":"Mind trade d.o.o","url":"https:\/\/sen-shop.com\/de\/","logo":{"@type":"ImageObject","inLanguage":"de","@id":"https:\/\/sen-shop.com\/de\/#\/schema\/logo\/image\/","url":"https:\/\/sen-shop.com\/wp-content\/uploads\/2018\/05\/header_logo.png","contentUrl":"https:\/\/sen-shop.com\/wp-content\/uploads\/2018\/05\/header_logo.png","width":138,"height":70,"caption":"Mind trade d.o.o"},"image":{"@id":"https:\/\/sen-shop.com\/de\/#\/schema\/logo\/image\/"},"sameAs":["https:\/\/www.instagram.com\/senslovenija\/","https:\/\/www.facebook.com\/Senshopslovenija"]}]}},"_links":{"self":[{"href":"https:\/\/sen-shop.com\/de\/wp-json\/wp\/v2\/product\/31880","targetHints":{"allow":["GET"]}}],"collection":[{"href":"https:\/\/sen-shop.com\/de\/wp-json\/wp\/v2\/product"}],"about":[{"href":"https:\/\/sen-shop.com\/de\/wp-json\/wp\/v2\/types\/product"}],"replies":[{"embeddable":true,"href":"https:\/\/sen-shop.com\/de\/wp-json\/wp\/v2\/comments?post=31880"}],"wp:featuredmedia":[{"embeddable":true,"href":"https:\/\/sen-shop.com\/de\/wp-json\/wp\/v2\/media\/39787"}],"wp:attachment":[{"href":"https:\/\/sen-shop.com\/de\/wp-json\/wp\/v2\/media?parent=31880"}],"wp:term":[{"taxonomy":"product_cat","embeddable":true,"href":"https:\/\/sen-shop.com\/de\/wp-json\/wp\/v2\/product_cat?post=31880"},{"taxonomy":"product_tag","embeddable":true,"href":"https:\/\/sen-shop.com\/de\/wp-json\/wp\/v2\/product_tag?post=31880"}],"curies":[{"name":"wp","href":"https:\/\/api.w.org\/{rel}","templated":true}]}}