{"id":31872,"date":"2017-10-19T08:40:37","date_gmt":"2017-10-19T06:40:37","guid":{"rendered":"https:\/\/www.sen-shop.com\/collections\/unkategorisiert\/maca-ginseng-fur-mehr-energiemaca-ginseng-fuer-mehr-energie\/"},"modified":"2021-10-13T13:44:48","modified_gmt":"2021-10-13T11:44:48","slug":"maca-ginseng-fur-mehr-energiemaca-ginseng-fuer-mehr-energie","status":"publish","type":"product","link":"https:\/\/sen-shop.com\/de\/collections\/nahrungsergaenzungsmittel\/menopause-de\/maca-ginseng-fur-mehr-energiemaca-ginseng-fuer-mehr-energie\/","title":{"rendered":"Maca, Ginseng, f\u00fcr mehr Energie"},"content":{"rendered":"<p>[vc_row][vc_column][vc_column_text css=&#8220;.vc_custom_1625566081451{padding-top: 30px !important;padding-right: 30px !important;padding-bottom: 30px !important;padding-left: 30px !important;background-color: #c9db95 !important;}&#8220;]<br \/>\n<strong>Maca<\/strong> spielt eine wichtige Rolle bei der <strong>St\u00e4rkung der Immunit\u00e4t, der Energieversorgung, der St\u00e4rkung des Immunsystems und der Stresspr\u00e4vention<\/strong>. Sie wirkt sich positiv auf das Hormonsystem aus, was sich wiederum positiv auf alles andere auswirkt: Stoffwechsel, Energiestatus, Wachstum, sexuelle Potenz und allgemeines Wohlbefinden. <strong>Maca<\/strong> selbst enth\u00e4lt keine Hormone, sondern nur Substanzen, die die <strong>k\u00f6rpereigene Hormonaussch\u00fcttung<\/strong> in der richtigen Menge auf ganz <strong>nat\u00fcrliche Weise regulieren<\/strong>.<\/p>\n<p>Die Wirksamkeit der <strong>Ginsengwurzel<\/strong> ist von der <strong>Medizin<\/strong> <strong>wissenschaftlich<\/strong> <strong>best\u00e4tigt<\/strong> worden. Die im Ginseng enthaltenen Wirkstoffe <strong>helfen dem K\u00f6rper, sich besser an Stressfaktoren anzupassen<\/strong>. J\u00fcngste Forschungen haben best\u00e4tigt, dass Ginseng den <strong>Sauerstofftransport<\/strong> zu den <strong>Geweben verbessert<\/strong> und so dazu beitr\u00e4gt, die psychische Belastbarkeit, die geistige Leistungsf\u00e4higkeit (Verbesserung von Ged\u00e4chtnis und Lernf\u00e4higkeit) und die <strong>k\u00f6rperliche<\/strong> <strong>Ausdauer<\/strong> zu steigern. Die langfristige Einnahme von Ginseng <strong>verbessert<\/strong> die <strong>Stimmung<\/strong>, das allgemeine Wohlbefinden, die Vitalit\u00e4t und die <strong>Lebensqualit\u00e4t<\/strong>.<\/p>\n<p>&nbsp;<\/p>\n<p>[\/vc_column_text][\/vc_column][\/vc_row][vc_row][vc_column][vc_column_text css=&#8220;.vc_custom_1625566099387{padding-top: 30px !important;padding-right: 30px !important;padding-bottom: 30px !important;padding-left: 30px !important;background-color: #ededed !important;}&#8220;]<img decoding=\"async\" src=\"https:\/\/static.xx.fbcdn.net\/images\/emoji.php\/v9\/t51\/1\/16\/1f449.png\" alt=\"\ud83d\udc49\" \/> Positive Effekte von Maca, Ginseng-Kapseln k\u00f6nnen fast sofort bemerkt werden.<\/p>\n<p><img decoding=\"async\" src=\"https:\/\/static.xx.fbcdn.net\/images\/emoji.php\/v9\/t51\/1\/16\/1f449.png\" alt=\"\ud83d\udc49\" \/> Eine Kapsel pro Tag.<\/p>\n<p><img decoding=\"async\" src=\"https:\/\/static.xx.fbcdn.net\/images\/emoji.php\/v9\/t51\/1\/16\/1f449.png\" alt=\"\ud83d\udc49\" \/> Regulieren Sie die Sekretion von Hormonen auf nat\u00fcrliche Weise.<\/p>\n<p>[\/vc_column_text][\/vc_column][\/vc_row][vc_row][vc_column][vc_column_text]Dank der Vitamine B1, B2, B12 und C<strong> reguliert der Verzehr von Maca den Herzschlag<\/strong>, f\u00f6rdert das Zellwachstum und steigert die Produktion roter Blutk\u00f6rperchen. Maca enth\u00e4lt Kalzium, Natrium, Kalium, Phosphor, Zink, Mangan, Magnesium und Wismut. Die Kalziumkonzentration in Maca ist h\u00f6her als in Kuhmilch. Dank seines Kalziumgehalts st\u00e4rkt der <strong>Verzehr von Maca die Knochen und Z\u00e4hne und wirkt sich positiv auf das Nerven- und Kreislaufsystem<\/strong> aus. Sie enth\u00e4lt auch Eisen und ist daher eine willkommene Erg\u00e4nzung der Ern\u00e4hrung bei An\u00e4mie.<\/p>\n<p><strong>Ginseng verbessert<\/strong> die F\u00e4higkeit des <strong>K\u00f6rpers, mit Stress umzugehen<\/strong>, und wird daher gerne zur Stimulierung der geistigen Funktion und der k\u00f6rperlichen Leistung in Zeiten harter Arbeit, M\u00fcdigkeit, Ersch\u00f6pfung und Erholung verwendet. Es hat sich gezeigt, dass er den <strong>Blutzuckerspiegel senkt und daher bei der Behandlung von Diabetes von Nutzen ist.<\/strong><\/p>\n<p>[\/vc_column_text][\/vc_column][\/vc_row]<\/p>\n","protected":false},"excerpt":{"rendered":"<p>F\u00fchlen Sie sich ersch\u00f6pft, m\u00fcde und energielos? <strong>Maca und Ginseng beleben<\/strong> Sie, <strong>steigern<\/strong> Ihre <strong>Energie<\/strong>, sorgen f\u00fcr ein <strong>besseres Wohlbefinden<\/strong> und helfen Ihnen, <strong>Stress zu bew\u00e4ltigen.<\/strong><\/p>\n<ul>\n<li>f\u00fcr ein besseres Wohlbefinden<\/li>\n<li>zum Stressabbau<\/li>\n<li>haben eine positive Wirkung auf das Nerven- und Immunsystem<\/li>\n<li>zum Erhalt des hormonellen Gleichgewichts<\/li>\n<li>zur Stimulierung der geistigen und k\u00f6rperlichen F\u00e4higkeiten<\/li>\n<\/ul>\n<p>Maca, Ginseng Kapseln helfen Ihnen, Stress und \u00c4ngste auf nat\u00fcrliche Weise und ohne Nebenwirkungen zu \u00fcberwinden.<\/p>\n[banner_prehrana]\n","protected":false},"featured_media":31873,"comment_status":"open","ping_status":"closed","template":"","meta":{"inline_featured_image":false},"product_cat":[816,812,813,909,907],"product_tag":[897,898,821,900,896,899,814,895,910],"class_list":["post-31872","product","type-product","status-publish","has-post-thumbnail","hentry","product_cat-crni-petek-de","product_cat-menopause-de","product_cat-nahrungsergaenzungsmittel","product_cat-tezave-s-spominom-de","product_cat-utrujenost-de","product_tag-analizator-tanita-de","product_tag-analizator-telesne-teze-de","product_tag-bio-de","product_tag-digitalna-osebna-tehtnica-de","product_tag-digitalna-tehtnica-de","product_tag-nakup-tanite-de","product_tag-prehranska-dopolnila-de","product_tag-tanita-de","product_tag-tezave-s-spominom-de"],"acf":[],"yoast_head":"<!-- This site is optimized with the Yoast SEO plugin v19.13 - https:\/\/yoast.com\/wordpress\/plugins\/seo\/ -->\n<title>Maca, Ginseng, f\u00fcr mehr Energie<\/title>\n<meta name=\"description\" content=\"Maca, Ginseng, f\u00fcr mehr Energie\" \/>\n<meta name=\"robots\" content=\"index, follow, max-snippet:-1, max-image-preview:large, max-video-preview:-1\" \/>\n<link rel=\"canonical\" href=\"https:\/\/sen-shop.com\/de\/collections\/nahrungsergaenzungsmittel\/menopause-de\/maca-ginseng-fur-mehr-energiemaca-ginseng-fuer-mehr-energie\/\" \/>\n<meta property=\"og:locale\" content=\"de_DE\" \/>\n<meta property=\"og:type\" content=\"article\" \/>\n<meta property=\"og:title\" content=\"Maca, Ginseng, f\u00fcr mehr Energie\" \/>\n<meta property=\"og:description\" content=\"Maca, Ginseng, f\u00fcr mehr Energie\" \/>\n<meta property=\"og:url\" content=\"https:\/\/sen-shop.com\/de\/collections\/nahrungsergaenzungsmittel\/menopause-de\/maca-ginseng-fur-mehr-energiemaca-ginseng-fuer-mehr-energie\/\" \/>\n<meta property=\"og:site_name\" content=\"SEN Shop\" \/>\n<meta property=\"article:publisher\" content=\"https:\/\/www.facebook.com\/Senshopslovenija\" \/>\n<meta property=\"article:modified_time\" content=\"2021-10-13T11:44:48+00:00\" \/>\n<meta property=\"og:image\" content=\"https:\/\/sen-shop.com\/wp-content\/uploads\/2017\/10\/maca-ginseng-za-energijo.png\" \/>\n\t<meta property=\"og:image:width\" content=\"700\" \/>\n\t<meta property=\"og:image:height\" content=\"700\" \/>\n\t<meta property=\"og:image:type\" content=\"image\/png\" \/>\n<meta name=\"twitter:card\" content=\"summary_large_image\" \/>\n<meta name=\"twitter:label1\" content=\"Gesch\u00e4tzte Lesezeit\" \/>\n\t<meta name=\"twitter:data1\" content=\"2\u00a0Minuten\" \/>\n<script type=\"application\/ld+json\" class=\"yoast-schema-graph\">{\"@context\":\"https:\/\/schema.org\",\"@graph\":[{\"@type\":\"WebPage\",\"@id\":\"https:\/\/sen-shop.com\/de\/collections\/nahrungsergaenzungsmittel\/menopause-de\/maca-ginseng-fur-mehr-energiemaca-ginseng-fuer-mehr-energie\/\",\"url\":\"https:\/\/sen-shop.com\/de\/collections\/nahrungsergaenzungsmittel\/menopause-de\/maca-ginseng-fur-mehr-energiemaca-ginseng-fuer-mehr-energie\/\",\"name\":\"Maca, Ginseng, f\u00fcr mehr Energie\",\"isPartOf\":{\"@id\":\"https:\/\/sen-shop.com\/de\/#website\"},\"datePublished\":\"2017-10-19T06:40:37+00:00\",\"dateModified\":\"2021-10-13T11:44:48+00:00\",\"description\":\"Maca, Ginseng, f\u00fcr mehr Energie\",\"breadcrumb\":{\"@id\":\"https:\/\/sen-shop.com\/de\/collections\/nahrungsergaenzungsmittel\/menopause-de\/maca-ginseng-fur-mehr-energiemaca-ginseng-fuer-mehr-energie\/#breadcrumb\"},\"inLanguage\":\"de\",\"potentialAction\":[{\"@type\":\"ReadAction\",\"target\":[\"https:\/\/sen-shop.com\/de\/collections\/nahrungsergaenzungsmittel\/menopause-de\/maca-ginseng-fur-mehr-energiemaca-ginseng-fuer-mehr-energie\/\"]}]},{\"@type\":\"BreadcrumbList\",\"@id\":\"https:\/\/sen-shop.com\/de\/collections\/nahrungsergaenzungsmittel\/menopause-de\/maca-ginseng-fur-mehr-energiemaca-ginseng-fuer-mehr-energie\/#breadcrumb\",\"itemListElement\":[{\"@type\":\"ListItem\",\"position\":1,\"name\":\"Home\",\"item\":\"https:\/\/sen-shop.com\/de\/\"},{\"@type\":\"ListItem\",\"position\":2,\"name\":\"Maca, Ginseng, f\u00fcr mehr Energie\"}]},{\"@type\":\"WebSite\",\"@id\":\"https:\/\/sen-shop.com\/de\/#website\",\"url\":\"https:\/\/sen-shop.com\/de\/\",\"name\":\"SEN Shop\",\"description\":\"Slovensko, Ekolo\u0161ko, Naravno\",\"publisher\":{\"@id\":\"https:\/\/sen-shop.com\/de\/#organization\"},\"potentialAction\":[{\"@type\":\"SearchAction\",\"target\":{\"@type\":\"EntryPoint\",\"urlTemplate\":\"https:\/\/sen-shop.com\/de\/?s={search_term_string}\"},\"query-input\":\"required name=search_term_string\"}],\"inLanguage\":\"de\"},{\"@type\":\"Organization\",\"@id\":\"https:\/\/sen-shop.com\/de\/#organization\",\"name\":\"Mind trade d.o.o\",\"url\":\"https:\/\/sen-shop.com\/de\/\",\"logo\":{\"@type\":\"ImageObject\",\"inLanguage\":\"de\",\"@id\":\"https:\/\/sen-shop.com\/de\/#\/schema\/logo\/image\/\",\"url\":\"https:\/\/sen-shop.com\/wp-content\/uploads\/2018\/05\/header_logo.png\",\"contentUrl\":\"https:\/\/sen-shop.com\/wp-content\/uploads\/2018\/05\/header_logo.png\",\"width\":138,\"height\":70,\"caption\":\"Mind trade d.o.o\"},\"image\":{\"@id\":\"https:\/\/sen-shop.com\/de\/#\/schema\/logo\/image\/\"},\"sameAs\":[\"https:\/\/www.instagram.com\/senslovenija\/\",\"https:\/\/www.facebook.com\/Senshopslovenija\"]}]}<\/script>\n<!-- \/ Yoast SEO plugin. -->","yoast_head_json":{"title":"Maca, Ginseng, f\u00fcr mehr Energie","description":"Maca, Ginseng, f\u00fcr mehr Energie","robots":{"index":"index","follow":"follow","max-snippet":"max-snippet:-1","max-image-preview":"max-image-preview:large","max-video-preview":"max-video-preview:-1"},"canonical":"https:\/\/sen-shop.com\/de\/collections\/nahrungsergaenzungsmittel\/menopause-de\/maca-ginseng-fur-mehr-energiemaca-ginseng-fuer-mehr-energie\/","og_locale":"de_DE","og_type":"article","og_title":"Maca, Ginseng, f\u00fcr mehr Energie","og_description":"Maca, Ginseng, f\u00fcr mehr Energie","og_url":"https:\/\/sen-shop.com\/de\/collections\/nahrungsergaenzungsmittel\/menopause-de\/maca-ginseng-fur-mehr-energiemaca-ginseng-fuer-mehr-energie\/","og_site_name":"SEN Shop","article_publisher":"https:\/\/www.facebook.com\/Senshopslovenija","article_modified_time":"2021-10-13T11:44:48+00:00","og_image":[{"width":700,"height":700,"url":"https:\/\/sen-shop.com\/wp-content\/uploads\/2017\/10\/maca-ginseng-za-energijo.png","type":"image\/png"}],"twitter_card":"summary_large_image","twitter_misc":{"Gesch\u00e4tzte Lesezeit":"2\u00a0Minuten"},"schema":{"@context":"https:\/\/schema.org","@graph":[{"@type":"WebPage","@id":"https:\/\/sen-shop.com\/de\/collections\/nahrungsergaenzungsmittel\/menopause-de\/maca-ginseng-fur-mehr-energiemaca-ginseng-fuer-mehr-energie\/","url":"https:\/\/sen-shop.com\/de\/collections\/nahrungsergaenzungsmittel\/menopause-de\/maca-ginseng-fur-mehr-energiemaca-ginseng-fuer-mehr-energie\/","name":"Maca, Ginseng, f\u00fcr mehr Energie","isPartOf":{"@id":"https:\/\/sen-shop.com\/de\/#website"},"datePublished":"2017-10-19T06:40:37+00:00","dateModified":"2021-10-13T11:44:48+00:00","description":"Maca, Ginseng, f\u00fcr mehr Energie","breadcrumb":{"@id":"https:\/\/sen-shop.com\/de\/collections\/nahrungsergaenzungsmittel\/menopause-de\/maca-ginseng-fur-mehr-energiemaca-ginseng-fuer-mehr-energie\/#breadcrumb"},"inLanguage":"de","potentialAction":[{"@type":"ReadAction","target":["https:\/\/sen-shop.com\/de\/collections\/nahrungsergaenzungsmittel\/menopause-de\/maca-ginseng-fur-mehr-energiemaca-ginseng-fuer-mehr-energie\/"]}]},{"@type":"BreadcrumbList","@id":"https:\/\/sen-shop.com\/de\/collections\/nahrungsergaenzungsmittel\/menopause-de\/maca-ginseng-fur-mehr-energiemaca-ginseng-fuer-mehr-energie\/#breadcrumb","itemListElement":[{"@type":"ListItem","position":1,"name":"Home","item":"https:\/\/sen-shop.com\/de\/"},{"@type":"ListItem","position":2,"name":"Maca, Ginseng, f\u00fcr mehr Energie"}]},{"@type":"WebSite","@id":"https:\/\/sen-shop.com\/de\/#website","url":"https:\/\/sen-shop.com\/de\/","name":"SEN Shop","description":"Slovensko, Ekolo\u0161ko, Naravno","publisher":{"@id":"https:\/\/sen-shop.com\/de\/#organization"},"potentialAction":[{"@type":"SearchAction","target":{"@type":"EntryPoint","urlTemplate":"https:\/\/sen-shop.com\/de\/?s={search_term_string}"},"query-input":"required name=search_term_string"}],"inLanguage":"de"},{"@type":"Organization","@id":"https:\/\/sen-shop.com\/de\/#organization","name":"Mind trade d.o.o","url":"https:\/\/sen-shop.com\/de\/","logo":{"@type":"ImageObject","inLanguage":"de","@id":"https:\/\/sen-shop.com\/de\/#\/schema\/logo\/image\/","url":"https:\/\/sen-shop.com\/wp-content\/uploads\/2018\/05\/header_logo.png","contentUrl":"https:\/\/sen-shop.com\/wp-content\/uploads\/2018\/05\/header_logo.png","width":138,"height":70,"caption":"Mind trade d.o.o"},"image":{"@id":"https:\/\/sen-shop.com\/de\/#\/schema\/logo\/image\/"},"sameAs":["https:\/\/www.instagram.com\/senslovenija\/","https:\/\/www.facebook.com\/Senshopslovenija"]}]}},"_links":{"self":[{"href":"https:\/\/sen-shop.com\/de\/wp-json\/wp\/v2\/product\/31872","targetHints":{"allow":["GET"]}}],"collection":[{"href":"https:\/\/sen-shop.com\/de\/wp-json\/wp\/v2\/product"}],"about":[{"href":"https:\/\/sen-shop.com\/de\/wp-json\/wp\/v2\/types\/product"}],"replies":[{"embeddable":true,"href":"https:\/\/sen-shop.com\/de\/wp-json\/wp\/v2\/comments?post=31872"}],"wp:featuredmedia":[{"embeddable":true,"href":"https:\/\/sen-shop.com\/de\/wp-json\/wp\/v2\/media\/31873"}],"wp:attachment":[{"href":"https:\/\/sen-shop.com\/de\/wp-json\/wp\/v2\/media?parent=31872"}],"wp:term":[{"taxonomy":"product_cat","embeddable":true,"href":"https:\/\/sen-shop.com\/de\/wp-json\/wp\/v2\/product_cat?post=31872"},{"taxonomy":"product_tag","embeddable":true,"href":"https:\/\/sen-shop.com\/de\/wp-json\/wp\/v2\/product_tag?post=31872"}],"curies":[{"name":"wp","href":"https:\/\/api.w.org\/{rel}","templated":true}]}}