{"id":31870,"date":"2017-10-20T14:47:17","date_gmt":"2017-10-20T12:47:17","guid":{"rendered":"https:\/\/www.sen-shop.com\/collections\/unkategorisiert\/liberosan-plus-fur-gelenke-bander\/"},"modified":"2022-06-01T00:08:03","modified_gmt":"2022-05-31T22:08:03","slug":"liberosan-plus-fur-gelenke-bander","status":"publish","type":"product","link":"https:\/\/sen-shop.com\/de\/collections\/nahrungsergaenzungsmittel\/gelenke-und-muskeln-de\/liberosan-plus-fur-gelenke-bander\/","title":{"rendered":"Liberosan plus, f\u00fcr Gelenke, B\u00e4nder"},"content":{"rendered":"<p>[vc_row][vc_column][vc_column_text css=&#8220;.vc_custom_1625570750546{padding-top: 30px !important;padding-right: 30px !important;padding-bottom: 30px !important;padding-left: 30px !important;background-color: #c9db95 !important;}&#8220;]<br \/>\n<strong>Gelenke<\/strong>, Knorpel und <strong>Knochen<\/strong> sind im Laufe der Zeit einem nat\u00fcrlichen Verschlei\u00df ausgesetzt und ben\u00f6tigen daher t\u00e4glich N\u00e4hrstoffe. Besonders belastet sind die Gelenke bei \u00fcbergewichtigen Menschen, \u00e4lteren Menschen und Sportlern.<\/p>\n<p><strong>Kollagenpulver<\/strong> enth\u00e4lt eine hohe Konzentration der Grundbausteine des Proteins, essentielle Aminos\u00e4uren, die der K\u00f6rper nicht selbst synthetisieren kann. Der Verzehr von Kollagen <strong>hemmt den Alterungsprozess, verbessert die Hautbeschaffenheit und sch\u00fctzt die Gelenke<\/strong>. Die Kapseln enthalten au\u00dferdem <strong>Calcium und Magnesium, wichtige Bausteine f\u00fcr Knochen und Z\u00e4hne<\/strong>, sowie Vitamin C, das den K\u00f6rper vor freien Radikalen sch\u00fctzt.<\/p>\n<p>&nbsp;<\/p>\n<p>[\/vc_column_text][\/vc_column][\/vc_row][vc_row][vc_column][vc_column_text css=&#8220;.vc_custom_1625570774923{padding-top: 30px !important;padding-right: 30px !important;padding-bottom: 30px !important;padding-left: 30px !important;background-color: #ededed !important;}&#8220;]<img decoding=\"async\" src=\"https:\/\/static.xx.fbcdn.net\/images\/emoji.php\/v9\/t51\/1\/16\/1f449.png\" alt=\"\ud83d\udc49\" \/> Liberosan Kapseln enthalten Gelatinehydrolysat (Kollagen), das vom K\u00f6rper sehr gut aufgenommen wird.<\/p>\n<p><img decoding=\"async\" src=\"https:\/\/static.xx.fbcdn.net\/images\/emoji.php\/v9\/t51\/1\/16\/1f449.png\" alt=\"\ud83d\udc49\" \/> Zwei Kapseln zweimal t\u00e4glich, vor den Mahlzeiten.<\/p>\n<p><img decoding=\"async\" src=\"https:\/\/static.xx.fbcdn.net\/images\/emoji.php\/v9\/t51\/1\/16\/1f449.png\" alt=\"\ud83d\udc49\" \/> Magnesium und Kalzium werden f\u00fcr die Erhaltung gesunder Knochen und Z\u00e4hne ben\u00f6tigt.<\/p>\n<p>[\/vc_column_text][\/vc_column][\/vc_row][vc_row][vc_column][vc_column_text]<strong>Eine gest\u00f6rte Kollagensynthese<\/strong> \u00e4u\u00dfert sich nicht nur in einem schlechten Funktionieren des Bewegungsapparats (Steifheit, periartikul\u00e4re Schmerzen), sondern auch in Geweben und Organen, in denen Kollagen und \u00e4hnliche Stoffe strategische Funktionen haben. Die gr\u00f6\u00dfte Gefahr f\u00fcr unsere Gesundheit sind<strong> St\u00f6rungen des Immunsystems<\/strong>. Kollagen spielt eine wichtige Rolle bei der Immunabwehr, indem es das Eindringen und die Ausbreitung von Krankheitserregern, Mikroorganismen und Krebszellen einschr\u00e4nkt.<\/p>\n<p><strong>Kollagene Proteine<\/strong> haben eine positive Wirkung auf die allgemeine <strong>Regeneration des Bewegungsapparats<\/strong>, indem sie Sehnen, Muskeln und Gelenke st\u00e4rken, die durch \u00fcberm\u00e4\u00dfige Arbeit oder k\u00f6rperliche Anstrengung \u00fcberlastet sind. <strong>Kollagen<\/strong> eignet sich daher f\u00fcr<strong> Profisportler<\/strong> und alle, die ein aktives Leben f\u00fchren, f\u00fcr Menschen, die durch verschiedene <strong>k\u00f6rperliche Anstrengungen<\/strong> ersch\u00f6pft sind, und f\u00fcr Menschen in der <strong>Rehabilitationsphase<\/strong> nach verschiedenen Verletzungen. Es ist auch sehr empfehlenswert und n\u00fctzlich in Zeiten intensiven Wachstums und f\u00fcr <strong>Jugendliche<\/strong>.<\/p>\n<p>[\/vc_column_text][\/vc_column][\/vc_row]<\/p>\n","protected":false},"excerpt":{"rendered":"<p><strong>Liberosan Kapseln<\/strong> beinhalten leicht absorbierbares <strong>Kollagen<\/strong> (Gelatinehydrolysat) mit <strong>Kalzium, Magnesium und Vitamin C<\/strong>. Kollagen erh\u00e4lt und unterst\u00fctzt gesunde Knochen, Gelenke, N\u00e4gel und Haarfollikel. Im Laufe der Jahre verliert der K\u00f6rper die F\u00e4higkeit, Kollagen nachzubilden, weshalb es notwendig ist, es zu erg\u00e4nzen.<\/p>\n<ul>\n<li>verbessert und verj\u00fcngt Haut, N\u00e4gel und Haare<\/li>\n<li>stellt die Knochen und Gelenke wieder her<\/li>\n<li>beugt Osteoporose und Arthritis vor<\/li>\n<li>beschleunigt die Genesung nach Operationen und Verletzungen<\/li>\n<li>Kollagen, Kalzium, Magnesium und Vitamin C<\/li>\n<\/ul>\n<p>Gelenkverschlei\u00df ist in der Regel genetisch bedingt, kann aber auch durch \u00dcbergewicht, \u00dcberlastung, Gelenkverletzungen und bestimmte Krankheiten verursacht werden. Die Einnahme von Kollagen verbessert und verhindert weiteren Gelenkverschlei\u00df und Verletzungen.<\/p>\n[banner_prehrana]\n","protected":false},"featured_media":58856,"comment_status":"open","ping_status":"closed","template":"","meta":{"inline_featured_image":false},"product_cat":[816,828,839,813],"product_tag":[897,898,821,900,896,874,899,814,895],"class_list":["post-31870","product","type-product","status-publish","has-post-thumbnail","hentry","product_cat-crni-petek-de","product_cat-gelenke-und-muskeln-de","product_cat-knochen-gelenke-und-muskelprobleme","product_cat-nahrungsergaenzungsmittel","product_tag-analizator-tanita-de","product_tag-analizator-telesne-teze-de","product_tag-bio-de","product_tag-digitalna-osebna-tehtnica-de","product_tag-digitalna-tehtnica-de","product_tag-misice-in-sklepi-de","product_tag-nakup-tanite-de","product_tag-prehranska-dopolnila-de","product_tag-tanita-de"],"acf":[],"yoast_head":"<!-- This site is optimized with the Yoast SEO plugin v19.13 - https:\/\/yoast.com\/wordpress\/plugins\/seo\/ -->\n<title>Liberosan plus, f\u00fcr Gelenke, B\u00e4nder<\/title>\n<meta name=\"description\" content=\"Liberosan plus, f\u00fcr Gelenke, B\u00e4nder\" \/>\n<meta name=\"robots\" content=\"index, follow, max-snippet:-1, max-image-preview:large, max-video-preview:-1\" \/>\n<link rel=\"canonical\" href=\"https:\/\/sen-shop.com\/de\/collections\/nahrungsergaenzungsmittel\/gelenke-und-muskeln-de\/liberosan-plus-fur-gelenke-bander\/\" \/>\n<meta property=\"og:locale\" content=\"de_DE\" \/>\n<meta property=\"og:type\" content=\"article\" \/>\n<meta property=\"og:title\" content=\"Liberosan plus, f\u00fcr Gelenke, B\u00e4nder\" \/>\n<meta property=\"og:description\" content=\"Liberosan plus, f\u00fcr Gelenke, B\u00e4nder\" \/>\n<meta property=\"og:url\" content=\"https:\/\/sen-shop.com\/de\/collections\/nahrungsergaenzungsmittel\/gelenke-und-muskeln-de\/liberosan-plus-fur-gelenke-bander\/\" \/>\n<meta property=\"og:site_name\" content=\"SEN Shop\" \/>\n<meta property=\"article:publisher\" content=\"https:\/\/www.facebook.com\/Senshopslovenija\" \/>\n<meta property=\"article:modified_time\" content=\"2022-05-31T22:08:03+00:00\" \/>\n<meta property=\"og:image\" content=\"https:\/\/static.xx.fbcdn.net\/images\/emoji.php\/v9\/t51\/1\/16\/1f449.png\" \/>\n<meta name=\"twitter:card\" content=\"summary_large_image\" \/>\n<meta name=\"twitter:label1\" content=\"Gesch\u00e4tzte Lesezeit\" \/>\n\t<meta name=\"twitter:data1\" content=\"2\u00a0Minuten\" \/>\n<script type=\"application\/ld+json\" class=\"yoast-schema-graph\">{\"@context\":\"https:\/\/schema.org\",\"@graph\":[{\"@type\":\"WebPage\",\"@id\":\"https:\/\/sen-shop.com\/de\/collections\/nahrungsergaenzungsmittel\/gelenke-und-muskeln-de\/liberosan-plus-fur-gelenke-bander\/\",\"url\":\"https:\/\/sen-shop.com\/de\/collections\/nahrungsergaenzungsmittel\/gelenke-und-muskeln-de\/liberosan-plus-fur-gelenke-bander\/\",\"name\":\"Liberosan plus, f\u00fcr Gelenke, B\u00e4nder\",\"isPartOf\":{\"@id\":\"https:\/\/sen-shop.com\/de\/#website\"},\"datePublished\":\"2017-10-20T12:47:17+00:00\",\"dateModified\":\"2022-05-31T22:08:03+00:00\",\"description\":\"Liberosan plus, f\u00fcr Gelenke, B\u00e4nder\",\"breadcrumb\":{\"@id\":\"https:\/\/sen-shop.com\/de\/collections\/nahrungsergaenzungsmittel\/gelenke-und-muskeln-de\/liberosan-plus-fur-gelenke-bander\/#breadcrumb\"},\"inLanguage\":\"de\",\"potentialAction\":[{\"@type\":\"ReadAction\",\"target\":[\"https:\/\/sen-shop.com\/de\/collections\/nahrungsergaenzungsmittel\/gelenke-und-muskeln-de\/liberosan-plus-fur-gelenke-bander\/\"]}]},{\"@type\":\"BreadcrumbList\",\"@id\":\"https:\/\/sen-shop.com\/de\/collections\/nahrungsergaenzungsmittel\/gelenke-und-muskeln-de\/liberosan-plus-fur-gelenke-bander\/#breadcrumb\",\"itemListElement\":[{\"@type\":\"ListItem\",\"position\":1,\"name\":\"Home\",\"item\":\"https:\/\/sen-shop.com\/de\/\"},{\"@type\":\"ListItem\",\"position\":2,\"name\":\"Liberosan plus, f\u00fcr Gelenke, B\u00e4nder\"}]},{\"@type\":\"WebSite\",\"@id\":\"https:\/\/sen-shop.com\/de\/#website\",\"url\":\"https:\/\/sen-shop.com\/de\/\",\"name\":\"SEN Shop\",\"description\":\"Slovensko, Ekolo\u0161ko, Naravno\",\"publisher\":{\"@id\":\"https:\/\/sen-shop.com\/de\/#organization\"},\"potentialAction\":[{\"@type\":\"SearchAction\",\"target\":{\"@type\":\"EntryPoint\",\"urlTemplate\":\"https:\/\/sen-shop.com\/de\/?s={search_term_string}\"},\"query-input\":\"required name=search_term_string\"}],\"inLanguage\":\"de\"},{\"@type\":\"Organization\",\"@id\":\"https:\/\/sen-shop.com\/de\/#organization\",\"name\":\"Mind trade d.o.o\",\"url\":\"https:\/\/sen-shop.com\/de\/\",\"logo\":{\"@type\":\"ImageObject\",\"inLanguage\":\"de\",\"@id\":\"https:\/\/sen-shop.com\/de\/#\/schema\/logo\/image\/\",\"url\":\"https:\/\/sen-shop.com\/wp-content\/uploads\/2018\/05\/header_logo.png\",\"contentUrl\":\"https:\/\/sen-shop.com\/wp-content\/uploads\/2018\/05\/header_logo.png\",\"width\":138,\"height\":70,\"caption\":\"Mind trade d.o.o\"},\"image\":{\"@id\":\"https:\/\/sen-shop.com\/de\/#\/schema\/logo\/image\/\"},\"sameAs\":[\"https:\/\/www.instagram.com\/senslovenija\/\",\"https:\/\/www.facebook.com\/Senshopslovenija\"]}]}<\/script>\n<!-- \/ Yoast SEO plugin. -->","yoast_head_json":{"title":"Liberosan plus, f\u00fcr Gelenke, B\u00e4nder","description":"Liberosan plus, f\u00fcr Gelenke, B\u00e4nder","robots":{"index":"index","follow":"follow","max-snippet":"max-snippet:-1","max-image-preview":"max-image-preview:large","max-video-preview":"max-video-preview:-1"},"canonical":"https:\/\/sen-shop.com\/de\/collections\/nahrungsergaenzungsmittel\/gelenke-und-muskeln-de\/liberosan-plus-fur-gelenke-bander\/","og_locale":"de_DE","og_type":"article","og_title":"Liberosan plus, f\u00fcr Gelenke, B\u00e4nder","og_description":"Liberosan plus, f\u00fcr Gelenke, B\u00e4nder","og_url":"https:\/\/sen-shop.com\/de\/collections\/nahrungsergaenzungsmittel\/gelenke-und-muskeln-de\/liberosan-plus-fur-gelenke-bander\/","og_site_name":"SEN Shop","article_publisher":"https:\/\/www.facebook.com\/Senshopslovenija","article_modified_time":"2022-05-31T22:08:03+00:00","og_image":[{"url":"https:\/\/static.xx.fbcdn.net\/images\/emoji.php\/v9\/t51\/1\/16\/1f449.png"}],"twitter_card":"summary_large_image","twitter_misc":{"Gesch\u00e4tzte Lesezeit":"2\u00a0Minuten"},"schema":{"@context":"https:\/\/schema.org","@graph":[{"@type":"WebPage","@id":"https:\/\/sen-shop.com\/de\/collections\/nahrungsergaenzungsmittel\/gelenke-und-muskeln-de\/liberosan-plus-fur-gelenke-bander\/","url":"https:\/\/sen-shop.com\/de\/collections\/nahrungsergaenzungsmittel\/gelenke-und-muskeln-de\/liberosan-plus-fur-gelenke-bander\/","name":"Liberosan plus, f\u00fcr Gelenke, B\u00e4nder","isPartOf":{"@id":"https:\/\/sen-shop.com\/de\/#website"},"datePublished":"2017-10-20T12:47:17+00:00","dateModified":"2022-05-31T22:08:03+00:00","description":"Liberosan plus, f\u00fcr Gelenke, B\u00e4nder","breadcrumb":{"@id":"https:\/\/sen-shop.com\/de\/collections\/nahrungsergaenzungsmittel\/gelenke-und-muskeln-de\/liberosan-plus-fur-gelenke-bander\/#breadcrumb"},"inLanguage":"de","potentialAction":[{"@type":"ReadAction","target":["https:\/\/sen-shop.com\/de\/collections\/nahrungsergaenzungsmittel\/gelenke-und-muskeln-de\/liberosan-plus-fur-gelenke-bander\/"]}]},{"@type":"BreadcrumbList","@id":"https:\/\/sen-shop.com\/de\/collections\/nahrungsergaenzungsmittel\/gelenke-und-muskeln-de\/liberosan-plus-fur-gelenke-bander\/#breadcrumb","itemListElement":[{"@type":"ListItem","position":1,"name":"Home","item":"https:\/\/sen-shop.com\/de\/"},{"@type":"ListItem","position":2,"name":"Liberosan plus, f\u00fcr Gelenke, B\u00e4nder"}]},{"@type":"WebSite","@id":"https:\/\/sen-shop.com\/de\/#website","url":"https:\/\/sen-shop.com\/de\/","name":"SEN Shop","description":"Slovensko, Ekolo\u0161ko, Naravno","publisher":{"@id":"https:\/\/sen-shop.com\/de\/#organization"},"potentialAction":[{"@type":"SearchAction","target":{"@type":"EntryPoint","urlTemplate":"https:\/\/sen-shop.com\/de\/?s={search_term_string}"},"query-input":"required name=search_term_string"}],"inLanguage":"de"},{"@type":"Organization","@id":"https:\/\/sen-shop.com\/de\/#organization","name":"Mind trade d.o.o","url":"https:\/\/sen-shop.com\/de\/","logo":{"@type":"ImageObject","inLanguage":"de","@id":"https:\/\/sen-shop.com\/de\/#\/schema\/logo\/image\/","url":"https:\/\/sen-shop.com\/wp-content\/uploads\/2018\/05\/header_logo.png","contentUrl":"https:\/\/sen-shop.com\/wp-content\/uploads\/2018\/05\/header_logo.png","width":138,"height":70,"caption":"Mind trade d.o.o"},"image":{"@id":"https:\/\/sen-shop.com\/de\/#\/schema\/logo\/image\/"},"sameAs":["https:\/\/www.instagram.com\/senslovenija\/","https:\/\/www.facebook.com\/Senshopslovenija"]}]}},"_links":{"self":[{"href":"https:\/\/sen-shop.com\/de\/wp-json\/wp\/v2\/product\/31870","targetHints":{"allow":["GET"]}}],"collection":[{"href":"https:\/\/sen-shop.com\/de\/wp-json\/wp\/v2\/product"}],"about":[{"href":"https:\/\/sen-shop.com\/de\/wp-json\/wp\/v2\/types\/product"}],"replies":[{"embeddable":true,"href":"https:\/\/sen-shop.com\/de\/wp-json\/wp\/v2\/comments?post=31870"}],"wp:featuredmedia":[{"embeddable":true,"href":"https:\/\/sen-shop.com\/de\/wp-json\/wp\/v2\/media\/58856"}],"wp:attachment":[{"href":"https:\/\/sen-shop.com\/de\/wp-json\/wp\/v2\/media?parent=31870"}],"wp:term":[{"taxonomy":"product_cat","embeddable":true,"href":"https:\/\/sen-shop.com\/de\/wp-json\/wp\/v2\/product_cat?post=31870"},{"taxonomy":"product_tag","embeddable":true,"href":"https:\/\/sen-shop.com\/de\/wp-json\/wp\/v2\/product_tag?post=31870"}],"curies":[{"name":"wp","href":"https:\/\/api.w.org\/{rel}","templated":true}]}}