{"id":31860,"date":"2017-10-22T14:00:48","date_gmt":"2017-10-22T12:00:48","guid":{"rendered":"https:\/\/www.sen-shop.com\/collections\/unkategorisiert\/coenzym-q10-50-mg\/"},"modified":"2021-10-13T13:44:13","modified_gmt":"2021-10-13T11:44:13","slug":"coenzym-q10-50-mg","status":"publish","type":"product","link":"https:\/\/sen-shop.com\/de\/collections\/nahrungsergaenzungsmittel\/menopause-de\/coenzym-q10-50-mg\/","title":{"rendered":"Coenzym Q10 50 mg"},"content":{"rendered":"<p>[vc_row][vc_column][vc_column_text css=&#8220;.vc_custom_1625493048281{padding-top: 30px !important;padding-right: 30px !important;padding-bottom: 30px !important;padding-left: 30px !important;background-color: #c9db95 !important;}&#8220;]<br \/>\n<strong>Coenzym Q10<\/strong> ist eine nat\u00fcrliche Substanz, die in <strong>jeder lebenden Zelle vorhanden<\/strong> ist. Es ist in allen wichtigen Organen wie Leber, Milz, Nieren, Bauchspeicheldr\u00fcse und Herz in hohen Konzentrationen vorhanden. Der K\u00f6rper erh\u00e4lt das Koenzym Q10 zum Teil \u00fcber die Nahrung und zum Teil durch k\u00f6rpereigene Produktion. Die <strong>Produktion nimmt jedoch mit dem Alter ab<\/strong> (zwischen dem 30. und 40. Lebensjahr). Es ist daher ratsam, ab dem 30. Lebensjahr und in Zeiten erh\u00f6hter k\u00f6rperlicher oder geistiger Anstrengung zus\u00e4tzliches Koenzym Q10 einzunehmen. Die empfohlene Menge f\u00fcr gesunde Menschen betr\u00e4gt 30 mg t\u00e4glich.<\/p>\n<p>Wir bieten sowohl 30-mg-Coenzym-Q10-Kapseln mit Soja\u00f6l als auch 50-mg-Coenzym-Q10-Kapseln mit den Vitaminen E und C an.<\/p>\n<p>[\/vc_column_text][\/vc_column][\/vc_row][vc_row][vc_column][vc_column_text css=&#8220;.vc_custom_1625493068578{padding-top: 30px !important;padding-right: 30px !important;padding-bottom: 30px !important;padding-left: 30px !important;background-color: #ededed !important;}&#8220;]<\/p>\n<div class=\"vc_row wpb_row vc_row-fluid\">\n<div class=\"wpb_column vc_column_container vc_col-sm-12\">\n<div class=\"vc_column-inner\">\n<div class=\"wpb_wrapper\">\n<div class=\"wpb_text_column wpb_content_element vc_custom_1625491212770\">\n<div class=\"wpb_wrapper\">\n<p><img decoding=\"async\" src=\"https:\/\/static.xx.fbcdn.net\/images\/emoji.php\/v9\/t51\/1\/16\/1f449.png\" alt=\"\ud83d\udc49\" \/> Das Coenzym Q10 wird am besten absorbiert, wenn es vor einer Mahlzeit in Form einer Kapsel eingenommen wird.<\/p>\n<p><img decoding=\"async\" src=\"https:\/\/static.xx.fbcdn.net\/images\/emoji.php\/v9\/t51\/1\/16\/1f449.png\" alt=\"\ud83d\udc49\" \/>\u00a0Eine Kapsel pro Tag.<\/p>\n<\/div>\n<\/div>\n<\/div>\n<\/div>\n<\/div>\n<\/div>\n<p>[\/vc_column_text][\/vc_column][\/vc_row][vc_row][vc_column][vc_column_text]<strong>Coenzym Q10<\/strong> wird aus Nahrungsmitteln wie Fleisch, Nieren, fettem Seefisch, Butter, Eigelb und Pflanzen\u00f6len gewonnen. Da es bei h\u00f6heren Temperaturen nicht stabil ist, geht es beim Garen von Lebensmitteln verloren. Daher wird eine <strong>Supplementierung<\/strong> in Form von Nahrungserg\u00e4nzungsmitteln <strong>empfohlen<\/strong>.<\/p>\n<p><strong>Manche Menschen ben\u00f6tigen h\u00f6here Mengen an Coenzym Q10<\/strong> als andere, um einen ausreichenden Blutspiegel an Koenzym Q10 zu erreichen.\u00a0Wir haben die<strong> Vitamine E und C<\/strong> hinzugef\u00fcgt, die eine wichtige Rolle beim Schutz der Zellen vor oxidativem Stress spielen. Vitamin C tr\u00e4gt auch zur <strong>Verringerung von M\u00fcdigkeit und Erm\u00fcdung<\/strong> bei.[\/vc_column_text][\/vc_column][\/vc_row]<\/p>\n","protected":false},"excerpt":{"rendered":"<p>Aufgrund seiner wichtigen Rolle in unserem K\u00f6rper wird Coenzym <strong>Q10<\/strong> auch als das <strong>Coenzym<\/strong> <strong>der Jugend<\/strong> bezeichnet. Mit zunehmendem Alter tritt ein Mangel auf, weshalb eine Supplementierung empfohlen wird.<\/p>\n<ul>\n<li>verlangsamt den Alterungsprozess<\/li>\n<li>Antioxidans, sch\u00fctzt vor freien Radikalen<\/li>\n<li>st\u00e4rkt den Herzmuskel<\/li>\n<li>reduziert Stress und die Auswirkungen k\u00f6rperlicher Belastung<\/li>\n<li>f\u00fcr mehr Wohlbefinden und Vitalit\u00e4t<\/li>\n<\/ul>\n<p>Q10 wird allen empfohlen, die ein Leben voller Energie f\u00fchren wollen, \u00e4lteren Menschen und Sportlern.<\/p>\n[banner_prehrana]\n","protected":false},"featured_media":25569,"comment_status":"open","ping_status":"closed","template":"","meta":{"inline_featured_image":false},"product_cat":[816,841,812,813,909,907],"product_tag":[897,898,821,900,896,899,814,890,895,901,910],"class_list":["post-31860","product","type-product","status-publish","has-post-thumbnail","hentry","product_cat-crni-petek-de","product_cat-herz-haemorrhoiden","product_cat-menopause-de","product_cat-nahrungsergaenzungsmittel","product_cat-tezave-s-spominom-de","product_cat-utrujenost-de","product_tag-analizator-tanita-de","product_tag-analizator-telesne-teze-de","product_tag-bio-de","product_tag-digitalna-osebna-tehtnica-de","product_tag-digitalna-tehtnica-de","product_tag-nakup-tanite-de","product_tag-prehranska-dopolnila-de","product_tag-q10-de","product_tag-tanita-de","product_tag-tanita-tehtnica-de","product_tag-tezave-s-spominom-de"],"acf":[],"yoast_head":"<!-- This site is optimized with the Yoast SEO plugin v19.13 - https:\/\/yoast.com\/wordpress\/plugins\/seo\/ -->\n<title>Coenzym Q10 50 mg<\/title>\n<meta name=\"description\" content=\"Coenzym Q10 50 mg\" \/>\n<meta name=\"robots\" content=\"index, follow, max-snippet:-1, max-image-preview:large, max-video-preview:-1\" \/>\n<link rel=\"canonical\" href=\"https:\/\/sen-shop.com\/de\/collections\/nahrungsergaenzungsmittel\/menopause-de\/coenzym-q10-50-mg\/\" \/>\n<meta property=\"og:locale\" content=\"de_DE\" \/>\n<meta property=\"og:type\" content=\"article\" \/>\n<meta property=\"og:title\" content=\"Coenzym Q10 50 mg\" \/>\n<meta property=\"og:description\" content=\"Coenzym Q10 50 mg\" \/>\n<meta property=\"og:url\" content=\"https:\/\/sen-shop.com\/de\/collections\/nahrungsergaenzungsmittel\/menopause-de\/coenzym-q10-50-mg\/\" \/>\n<meta property=\"og:site_name\" content=\"SEN Shop\" \/>\n<meta property=\"article:publisher\" content=\"https:\/\/www.facebook.com\/Senshopslovenija\" \/>\n<meta property=\"article:modified_time\" content=\"2021-10-13T11:44:13+00:00\" \/>\n<meta property=\"og:image\" content=\"https:\/\/static.xx.fbcdn.net\/images\/emoji.php\/v9\/t51\/1\/16\/1f449.png\" \/>\n<meta name=\"twitter:card\" content=\"summary_large_image\" \/>\n<meta name=\"twitter:label1\" content=\"Gesch\u00e4tzte Lesezeit\" \/>\n\t<meta name=\"twitter:data1\" content=\"2\u00a0Minuten\" \/>\n<script type=\"application\/ld+json\" class=\"yoast-schema-graph\">{\"@context\":\"https:\/\/schema.org\",\"@graph\":[{\"@type\":\"WebPage\",\"@id\":\"https:\/\/sen-shop.com\/de\/collections\/nahrungsergaenzungsmittel\/menopause-de\/coenzym-q10-50-mg\/\",\"url\":\"https:\/\/sen-shop.com\/de\/collections\/nahrungsergaenzungsmittel\/menopause-de\/coenzym-q10-50-mg\/\",\"name\":\"Coenzym Q10 50 mg\",\"isPartOf\":{\"@id\":\"https:\/\/sen-shop.com\/de\/#website\"},\"datePublished\":\"2017-10-22T12:00:48+00:00\",\"dateModified\":\"2021-10-13T11:44:13+00:00\",\"description\":\"Coenzym Q10 50 mg\",\"breadcrumb\":{\"@id\":\"https:\/\/sen-shop.com\/de\/collections\/nahrungsergaenzungsmittel\/menopause-de\/coenzym-q10-50-mg\/#breadcrumb\"},\"inLanguage\":\"de\",\"potentialAction\":[{\"@type\":\"ReadAction\",\"target\":[\"https:\/\/sen-shop.com\/de\/collections\/nahrungsergaenzungsmittel\/menopause-de\/coenzym-q10-50-mg\/\"]}]},{\"@type\":\"BreadcrumbList\",\"@id\":\"https:\/\/sen-shop.com\/de\/collections\/nahrungsergaenzungsmittel\/menopause-de\/coenzym-q10-50-mg\/#breadcrumb\",\"itemListElement\":[{\"@type\":\"ListItem\",\"position\":1,\"name\":\"Home\",\"item\":\"https:\/\/sen-shop.com\/de\/\"},{\"@type\":\"ListItem\",\"position\":2,\"name\":\"Coenzym Q10 50 mg\"}]},{\"@type\":\"WebSite\",\"@id\":\"https:\/\/sen-shop.com\/de\/#website\",\"url\":\"https:\/\/sen-shop.com\/de\/\",\"name\":\"SEN Shop\",\"description\":\"Slovensko, Ekolo\u0161ko, Naravno\",\"publisher\":{\"@id\":\"https:\/\/sen-shop.com\/de\/#organization\"},\"potentialAction\":[{\"@type\":\"SearchAction\",\"target\":{\"@type\":\"EntryPoint\",\"urlTemplate\":\"https:\/\/sen-shop.com\/de\/?s={search_term_string}\"},\"query-input\":\"required name=search_term_string\"}],\"inLanguage\":\"de\"},{\"@type\":\"Organization\",\"@id\":\"https:\/\/sen-shop.com\/de\/#organization\",\"name\":\"Mind trade d.o.o\",\"url\":\"https:\/\/sen-shop.com\/de\/\",\"logo\":{\"@type\":\"ImageObject\",\"inLanguage\":\"de\",\"@id\":\"https:\/\/sen-shop.com\/de\/#\/schema\/logo\/image\/\",\"url\":\"https:\/\/sen-shop.com\/wp-content\/uploads\/2018\/05\/header_logo.png\",\"contentUrl\":\"https:\/\/sen-shop.com\/wp-content\/uploads\/2018\/05\/header_logo.png\",\"width\":138,\"height\":70,\"caption\":\"Mind trade d.o.o\"},\"image\":{\"@id\":\"https:\/\/sen-shop.com\/de\/#\/schema\/logo\/image\/\"},\"sameAs\":[\"https:\/\/www.instagram.com\/senslovenija\/\",\"https:\/\/www.facebook.com\/Senshopslovenija\"]}]}<\/script>\n<!-- \/ Yoast SEO plugin. -->","yoast_head_json":{"title":"Coenzym Q10 50 mg","description":"Coenzym Q10 50 mg","robots":{"index":"index","follow":"follow","max-snippet":"max-snippet:-1","max-image-preview":"max-image-preview:large","max-video-preview":"max-video-preview:-1"},"canonical":"https:\/\/sen-shop.com\/de\/collections\/nahrungsergaenzungsmittel\/menopause-de\/coenzym-q10-50-mg\/","og_locale":"de_DE","og_type":"article","og_title":"Coenzym Q10 50 mg","og_description":"Coenzym Q10 50 mg","og_url":"https:\/\/sen-shop.com\/de\/collections\/nahrungsergaenzungsmittel\/menopause-de\/coenzym-q10-50-mg\/","og_site_name":"SEN Shop","article_publisher":"https:\/\/www.facebook.com\/Senshopslovenija","article_modified_time":"2021-10-13T11:44:13+00:00","og_image":[{"url":"https:\/\/static.xx.fbcdn.net\/images\/emoji.php\/v9\/t51\/1\/16\/1f449.png"}],"twitter_card":"summary_large_image","twitter_misc":{"Gesch\u00e4tzte Lesezeit":"2\u00a0Minuten"},"schema":{"@context":"https:\/\/schema.org","@graph":[{"@type":"WebPage","@id":"https:\/\/sen-shop.com\/de\/collections\/nahrungsergaenzungsmittel\/menopause-de\/coenzym-q10-50-mg\/","url":"https:\/\/sen-shop.com\/de\/collections\/nahrungsergaenzungsmittel\/menopause-de\/coenzym-q10-50-mg\/","name":"Coenzym Q10 50 mg","isPartOf":{"@id":"https:\/\/sen-shop.com\/de\/#website"},"datePublished":"2017-10-22T12:00:48+00:00","dateModified":"2021-10-13T11:44:13+00:00","description":"Coenzym Q10 50 mg","breadcrumb":{"@id":"https:\/\/sen-shop.com\/de\/collections\/nahrungsergaenzungsmittel\/menopause-de\/coenzym-q10-50-mg\/#breadcrumb"},"inLanguage":"de","potentialAction":[{"@type":"ReadAction","target":["https:\/\/sen-shop.com\/de\/collections\/nahrungsergaenzungsmittel\/menopause-de\/coenzym-q10-50-mg\/"]}]},{"@type":"BreadcrumbList","@id":"https:\/\/sen-shop.com\/de\/collections\/nahrungsergaenzungsmittel\/menopause-de\/coenzym-q10-50-mg\/#breadcrumb","itemListElement":[{"@type":"ListItem","position":1,"name":"Home","item":"https:\/\/sen-shop.com\/de\/"},{"@type":"ListItem","position":2,"name":"Coenzym Q10 50 mg"}]},{"@type":"WebSite","@id":"https:\/\/sen-shop.com\/de\/#website","url":"https:\/\/sen-shop.com\/de\/","name":"SEN Shop","description":"Slovensko, Ekolo\u0161ko, Naravno","publisher":{"@id":"https:\/\/sen-shop.com\/de\/#organization"},"potentialAction":[{"@type":"SearchAction","target":{"@type":"EntryPoint","urlTemplate":"https:\/\/sen-shop.com\/de\/?s={search_term_string}"},"query-input":"required name=search_term_string"}],"inLanguage":"de"},{"@type":"Organization","@id":"https:\/\/sen-shop.com\/de\/#organization","name":"Mind trade d.o.o","url":"https:\/\/sen-shop.com\/de\/","logo":{"@type":"ImageObject","inLanguage":"de","@id":"https:\/\/sen-shop.com\/de\/#\/schema\/logo\/image\/","url":"https:\/\/sen-shop.com\/wp-content\/uploads\/2018\/05\/header_logo.png","contentUrl":"https:\/\/sen-shop.com\/wp-content\/uploads\/2018\/05\/header_logo.png","width":138,"height":70,"caption":"Mind trade d.o.o"},"image":{"@id":"https:\/\/sen-shop.com\/de\/#\/schema\/logo\/image\/"},"sameAs":["https:\/\/www.instagram.com\/senslovenija\/","https:\/\/www.facebook.com\/Senshopslovenija"]}]}},"_links":{"self":[{"href":"https:\/\/sen-shop.com\/de\/wp-json\/wp\/v2\/product\/31860","targetHints":{"allow":["GET"]}}],"collection":[{"href":"https:\/\/sen-shop.com\/de\/wp-json\/wp\/v2\/product"}],"about":[{"href":"https:\/\/sen-shop.com\/de\/wp-json\/wp\/v2\/types\/product"}],"replies":[{"embeddable":true,"href":"https:\/\/sen-shop.com\/de\/wp-json\/wp\/v2\/comments?post=31860"}],"wp:featuredmedia":[{"embeddable":true,"href":"https:\/\/sen-shop.com\/de\/wp-json\/wp\/v2\/media\/25569"}],"wp:attachment":[{"href":"https:\/\/sen-shop.com\/de\/wp-json\/wp\/v2\/media?parent=31860"}],"wp:term":[{"taxonomy":"product_cat","embeddable":true,"href":"https:\/\/sen-shop.com\/de\/wp-json\/wp\/v2\/product_cat?post=31860"},{"taxonomy":"product_tag","embeddable":true,"href":"https:\/\/sen-shop.com\/de\/wp-json\/wp\/v2\/product_tag?post=31860"}],"curies":[{"name":"wp","href":"https:\/\/api.w.org\/{rel}","templated":true}]}}