{"id":31847,"date":"2021-05-03T15:15:30","date_gmt":"2021-05-03T13:15:30","guid":{"rendered":"https:\/\/www.sen-shop.com\/collections\/unkategorisiert\/prabiotikum-inulin-knoblauch\/"},"modified":"2021-10-18T16:23:30","modified_gmt":"2021-10-18T14:23:30","slug":"prabiotikum-inulin-knoblauch","status":"publish","type":"product","link":"https:\/\/sen-shop.com\/de\/collections\/nahrungsergaenzungsmittel\/verdauungsprobleme\/prabiotikum-inulin-knoblauch\/","title":{"rendered":"Pr\u00e4biotikum Inulin, Knoblauch"},"content":{"rendered":"<p>[vc_row][vc_column][vc_column_text css=&#8220;.vc_custom_1634567001586{padding-top: 10px !important;padding-right: 30px !important;padding-bottom: 30px !important;padding-left: 30px !important;background-color: #d6c0c6 !important;}&#8220;]<\/p>\n<div class=\"vc_row wpb_row vc_row-fluid\">\n<div class=\"wpb_column vc_column_container vc_col-sm-12\">\n<div class=\"vc_column-inner\">\n<div class=\"wpb_wrapper\">\n<div class=\"wpb_text_column wpb_content_element \">\n<div class=\"wpb_wrapper\">\n<h3><strong>W\u00fcrmer\/Madenw\u00fcrmer bei Kindern<\/strong><\/h3>\n<p>Dunkle Augenringe, Nasenbohren, Nervosit\u00e4t, unruhiges Hin- und Herw\u00e4lzen im Schlaf, Ungeduld, Juckreiz am Ges\u00e4\u00df, M\u00fcdigkeit, Unwohlsein \u2013 all das sind Anzeichen f\u00fcr Madenw\u00fcrmer, die sowohl bei Kindern als auch bei Erwachsenen auftreten k\u00f6nnen.<img loading=\"lazy\" decoding=\"async\" class=\" wp-image-31121 alignright\" src=\"https:\/\/sen-shop.com\/wp-content\/uploads\/2021\/05\/GLISTE-PRI-OTROCIH-11-300x300.png\" alt=\"\" width=\"350\" height=\"350\" srcset=\"https:\/\/sen-shop.com\/wp-content\/uploads\/2021\/05\/GLISTE-PRI-OTROCIH-11-300x300.png 300w, https:\/\/sen-shop.com\/wp-content\/uploads\/2021\/05\/GLISTE-PRI-OTROCIH-11-427x427.png 427w, https:\/\/sen-shop.com\/wp-content\/uploads\/2021\/05\/GLISTE-PRI-OTROCIH-11-100x100.png 100w, https:\/\/sen-shop.com\/wp-content\/uploads\/2021\/05\/GLISTE-PRI-OTROCIH-11-570x570.png 570w, https:\/\/sen-shop.com\/wp-content\/uploads\/2021\/05\/GLISTE-PRI-OTROCIH-11-1024x1024.png 1024w, https:\/\/sen-shop.com\/wp-content\/uploads\/2021\/05\/GLISTE-PRI-OTROCIH-11-768x768.png 768w, https:\/\/sen-shop.com\/wp-content\/uploads\/2021\/05\/GLISTE-PRI-OTROCIH-11-575x575.png 575w, https:\/\/sen-shop.com\/wp-content\/uploads\/2021\/05\/GLISTE-PRI-OTROCIH-11-50x50.png 50w, https:\/\/sen-shop.com\/wp-content\/uploads\/2021\/05\/GLISTE-PRI-OTROCIH-11-60x60.png 60w, https:\/\/sen-shop.com\/wp-content\/uploads\/2021\/05\/GLISTE-PRI-OTROCIH-11.png 1080w\" sizes=\"auto, (max-width: 350px) 100vw, 350px\" \/><\/p>\n<p>Der Mensch infiziert sich durch die Aufnahme von Eiern aus dem Boden, sowohl direkt als auch indirekt, z. B. durch den Verzehr von ungewaschenem Gem\u00fcse oder verunreinigtem Wasser.<\/p>\n<p>Aus den aufgenommenen Eiern schl\u00fcpfen im Zw\u00f6lffingerdarm Larven, die sich auf ihrem Weg durch den Magen-Darm-Trakt zweimal verpuppen und dann zu erwachsenen W\u00fcrmern heranwachsen. Die erwachsenen W\u00fcrmer leben im unteren Teil des D\u00fcnndarms und im Dickdarm.<br \/>\nDie Eier werden mit den H\u00e4nden auf verschiedene Gegenst\u00e4nde \u00fcbertragen, mit denen sie dann andere Menschen infizieren k\u00f6nnen.<\/p>\n<p>Au\u00dferhalb des Wirts bleiben die Eier bis zu drei Wochen lang infekti\u00f6s.<\/p>\n<p><strong>Das Kind sollte einmal pro Tag 1 Kapsel einnehmen. Die Kapsel l\u00e4sst sich leicht \u00f6ffnen, und der Inhalt kann in das Essen oder Trinken des Kindes gemischt werden.<\/strong><\/p>\n<\/div>\n<\/div>\n<\/div>\n<\/div>\n<\/div>\n<\/div>\n<p>[\/vc_column_text][\/vc_column][\/vc_row][vc_row][vc_column][vc_column_text css=&#8220;.vc_custom_1626856465478{padding-top: 30px !important;padding-right: 30px !important;padding-bottom: 30px !important;padding-left: 30px !important;background-color: #c9db95 !important;}&#8220;]<br \/>\n<strong>Inulin<\/strong> ist ein Polysaccharid, das als Nahrungsreserve in einer Vielzahl von Pflanzen vorkommt. Mehrere klinische Studien haben gezeigt, dass es ein sehr wirksames <strong>Pr\u00e4biotikum<\/strong> ist, da es das Wachstum von gesunden probiotischen Bakterien im Darm f\u00f6rdert. Inulin passiert den Magen und den D\u00fcnndarm unver\u00e4ndert und ist somit f\u00fcr die Bakterienflora im Dickdarm voll verf\u00fcgbar. Dort stimuliert es <strong>selektiv das Wachstum von Bakterien der Gattungen Bifidobakterium und Lactobacillus<\/strong>. Diese Bakterien produzieren aus Inulin kurzkettige Fetts\u00e4uren, die den pH-Wert des Dickdarminhalts senken. Die Fetts\u00e4uren sind wichtig f\u00fcr das optimale Funktionieren der Zellen, die den Dickdarm auskleiden, und f\u00fcr eine gute Aufnahme von Kalzium-, Magnesium- und Eisenionen.<\/p>\n<p><strong>Knoblauch<\/strong> gilt seit der Antike als eines der wirksamsten Naturheilmittel gegen Darmparasiten. Seine <strong>antibiotische Wirkung<\/strong> ist <strong>wirksam gegen Bakterien, Virus- und Pilzinfektionen<\/strong>. Knoblauch verhindert die F\u00e4ulnis im Darm, indem er die Vermehrung von Milchs\u00e4urebakterien anregt, was wiederum zum <strong>Gleichgewicht der Darmflora beitr\u00e4gt. Knoblauch<\/strong> sch\u00fctzt auch vor bestimmten Krebsarten und <strong>reinigt das Blut<\/strong> dank seiner antioxidativen Eigenschaften.<\/p>\n<p><strong>Papain<\/strong> ist ein Verdauungsenzym, das aus der Papaya-Frucht gewonnen wird. Papain hilft dem K\u00f6rper bei der Aufspaltung von Aminos\u00e4uren, die mit eiwei\u00dfhaltigen Lebensmitteln aufgenommen werden. Es <strong>verhindert die Anh\u00e4ufung von Giftstoffen<\/strong> und die Entstehung von Problemen, die durch unvollst\u00e4ndigen Proteinabbau entstehen. Papain wird zur <strong>Verbesserung der Verdauung, zur Behandlung von Infektionen und Durchfall<\/strong> eingesetzt. Bei Menschen mit chronisch entz\u00fcndlichen Darmerkrankungen verbessert es <strong>Verstopfung und Bl\u00e4hungen<\/strong>. Papain-haltige Arzneimittel wirken gegen Krebs, Lymphdr\u00fcsenleuk\u00e4mie, Parasitenbefall und Tuberkulose.<\/p>\n<p><strong>Muskatk\u00fcrbiskerne<\/strong> haben einen hohen \u00d6l- und Proteingehalt und <strong>helfen klinisch erwiesenerma\u00dfen bei der Beseitigung von Darmparasiten<\/strong>. Sie werden auch zur <strong>Behandlung<\/strong> von <strong>Prostatabeschwerden<\/strong> verwendet. Die Kerne des K\u00fcrbisses sind nicht reizend und nicht giftig f\u00fcr die Schleimh\u00e4ute.[\/vc_column_text][\/vc_column][\/vc_row][vc_row][vc_column][vc_column_text css=&#8220;.vc_custom_1626856673857{padding-top: 30px !important;padding-right: 30px !important;padding-bottom: 30px !important;padding-left: 30px !important;background-color: #ededed !important;}&#8220;]<br \/>\n<img decoding=\"async\" src=\"https:\/\/static.xx.fbcdn.net\/images\/emoji.php\/v9\/t51\/1\/16\/1f449.png\" alt=\"\ud83d\udc49\" \/> Um optimale Ergebnisse zu erzielen, wird f\u00fcr Erwachsene eine 4-monatige Anwendung empfohlen.<\/p>\n<p><img decoding=\"async\" src=\"https:\/\/static.xx.fbcdn.net\/images\/emoji.php\/v9\/t51\/1\/16\/1f449.png\" alt=\"\ud83d\udc49\" \/> F\u00fcr beste Ergebnisse wird eine 2-monatige Anwendung f\u00fcr Kinder empfohlen.<\/p>\n<p><img decoding=\"async\" src=\"https:\/\/static.xx.fbcdn.net\/images\/emoji.php\/v9\/t51\/1\/16\/1f449.png\" alt=\"\ud83d\udc49\" \/> Eine Flasche reicht f\u00fcr 1 Monat.<\/p>\n<p><img decoding=\"async\" src=\"https:\/\/static.xx.fbcdn.net\/images\/emoji.php\/v9\/t51\/1\/16\/1f449.png\" alt=\"\ud83d\udc49\" \/> Die Kapseln enthalten pr\u00e4biotikum Inulin, das die Gesundheit des Darms sch\u00fctzt und unterst\u00fctzt.<\/p>\n<p>[\/vc_column_text][\/vc_column][\/vc_row]<\/p>\n","protected":false},"excerpt":{"rendered":"<p><strong>Pr\u00e4biotika liefern N\u00e4hrstoffe<\/strong> f\u00fcr eine gesunde Darmflora und sind eine <strong>notwendige Unterst\u00fctzung f\u00fcr Probiotika<\/strong>. <strong>Knoblauch, Papain und Muskatk\u00fcrbis<\/strong> k\u00f6nnen Ihnen helfen, Ihre <strong>Darmprobleme loszuwerden und sich von l\u00e4stigen Darmparasiten zu verabschieden<\/strong>.<\/p>\n<ul>\n<li>f\u00fcr eine gesunde Darmflora<\/li>\n<li>zum Schutz und zur Vorbeugung vor Darmparasiten<\/li>\n<li>zur Beruhigung eines gereizten Darms<\/li>\n<li>wirksame Unterst\u00fctzung bei Di\u00e4ten und Gewichtsabnahme<\/li>\n<li>zur Vorbeugung von Bl\u00e4hungen, Darmkr\u00e4mpfen und Durchfall<\/li>\n<\/ul>\n<p>Geeignet f\u00fcr Kinder.<\/p>\n[banner_prehrana]\n","protected":false},"featured_media":30383,"comment_status":"open","ping_status":"closed","template":"","meta":{"inline_featured_image":false},"product_cat":[844,813,840],"product_tag":[908],"class_list":["post-31847","product","type-product","status-publish","has-post-thumbnail","hentry","product_cat-gewichtsverlust","product_cat-nahrungsergaenzungsmittel","product_cat-verdauungsprobleme","product_tag-bolecine-v-zelodcu-de"],"acf":[],"yoast_head":"<!-- This site is optimized with the Yoast SEO plugin v19.13 - https:\/\/yoast.com\/wordpress\/plugins\/seo\/ -->\n<title>Pr\u00e4biotikum Inulin, Knoblauch - SEN Shop<\/title>\n<meta name=\"robots\" content=\"index, follow, max-snippet:-1, max-image-preview:large, max-video-preview:-1\" \/>\n<link rel=\"canonical\" href=\"https:\/\/sen-shop.com\/de\/collections\/nahrungsergaenzungsmittel\/verdauungsprobleme\/prabiotikum-inulin-knoblauch\/\" \/>\n<meta property=\"og:locale\" content=\"de_DE\" \/>\n<meta property=\"og:type\" content=\"article\" \/>\n<meta property=\"og:title\" content=\"Pr\u00e4biotikum Inulin, Knoblauch - SEN Shop\" \/>\n<meta property=\"og:description\" content=\"Pr\u00e4biotika liefern N\u00e4hrstoffe f\u00fcr eine gesunde Darmflora und sind eine notwendige Unterst\u00fctzung f\u00fcr Probiotika. Knoblauch, Papain und Muskatk\u00fcrbis k\u00f6nnen Ihnen helfen, Ihre Darmprobleme loszuwerden und sich von l\u00e4stigen Darmparasiten zu verabschieden.   f\u00fcr eine gesunde Darmflora  zum Schutz und zur Vorbeugung vor Darmparasiten  zur Beruhigung eines gereizten Darms  wirksame Unterst\u00fctzung bei Di\u00e4ten und Gewichtsabnahme  zur Vorbeugung von Bl\u00e4hungen, Darmkr\u00e4mpfen und Durchfall  Geeignet f\u00fcr Kinder.\" \/>\n<meta property=\"og:url\" content=\"https:\/\/sen-shop.com\/de\/collections\/nahrungsergaenzungsmittel\/verdauungsprobleme\/prabiotikum-inulin-knoblauch\/\" \/>\n<meta property=\"og:site_name\" content=\"SEN Shop\" \/>\n<meta property=\"article:publisher\" content=\"https:\/\/www.facebook.com\/Senshopslovenija\" \/>\n<meta property=\"article:modified_time\" content=\"2021-10-18T14:23:30+00:00\" \/>\n<meta property=\"og:image\" content=\"https:\/\/sen-shop.com\/wp-content\/uploads\/2021\/10\/Inulin_EN_DE_SPL.jpg\" \/>\n\t<meta property=\"og:image:width\" content=\"1400\" \/>\n\t<meta property=\"og:image:height\" content=\"1400\" \/>\n\t<meta property=\"og:image:type\" content=\"image\/jpeg\" \/>\n<meta name=\"twitter:card\" content=\"summary_large_image\" \/>\n<meta name=\"twitter:label1\" content=\"Gesch\u00e4tzte Lesezeit\" \/>\n\t<meta name=\"twitter:data1\" content=\"3\u00a0Minuten\" \/>\n<script type=\"application\/ld+json\" class=\"yoast-schema-graph\">{\"@context\":\"https:\/\/schema.org\",\"@graph\":[{\"@type\":\"WebPage\",\"@id\":\"https:\/\/sen-shop.com\/de\/collections\/nahrungsergaenzungsmittel\/verdauungsprobleme\/prabiotikum-inulin-knoblauch\/\",\"url\":\"https:\/\/sen-shop.com\/de\/collections\/nahrungsergaenzungsmittel\/verdauungsprobleme\/prabiotikum-inulin-knoblauch\/\",\"name\":\"Pr\u00e4biotikum Inulin, Knoblauch - SEN Shop\",\"isPartOf\":{\"@id\":\"https:\/\/sen-shop.com\/de\/#website\"},\"datePublished\":\"2021-05-03T13:15:30+00:00\",\"dateModified\":\"2021-10-18T14:23:30+00:00\",\"breadcrumb\":{\"@id\":\"https:\/\/sen-shop.com\/de\/collections\/nahrungsergaenzungsmittel\/verdauungsprobleme\/prabiotikum-inulin-knoblauch\/#breadcrumb\"},\"inLanguage\":\"de\",\"potentialAction\":[{\"@type\":\"ReadAction\",\"target\":[\"https:\/\/sen-shop.com\/de\/collections\/nahrungsergaenzungsmittel\/verdauungsprobleme\/prabiotikum-inulin-knoblauch\/\"]}]},{\"@type\":\"BreadcrumbList\",\"@id\":\"https:\/\/sen-shop.com\/de\/collections\/nahrungsergaenzungsmittel\/verdauungsprobleme\/prabiotikum-inulin-knoblauch\/#breadcrumb\",\"itemListElement\":[{\"@type\":\"ListItem\",\"position\":1,\"name\":\"Home\",\"item\":\"https:\/\/sen-shop.com\/de\/\"},{\"@type\":\"ListItem\",\"position\":2,\"name\":\"Pr\u00e4biotikum Inulin, Knoblauch\"}]},{\"@type\":\"WebSite\",\"@id\":\"https:\/\/sen-shop.com\/de\/#website\",\"url\":\"https:\/\/sen-shop.com\/de\/\",\"name\":\"SEN Shop\",\"description\":\"Slovensko, Ekolo\u0161ko, Naravno\",\"publisher\":{\"@id\":\"https:\/\/sen-shop.com\/de\/#organization\"},\"potentialAction\":[{\"@type\":\"SearchAction\",\"target\":{\"@type\":\"EntryPoint\",\"urlTemplate\":\"https:\/\/sen-shop.com\/de\/?s={search_term_string}\"},\"query-input\":\"required name=search_term_string\"}],\"inLanguage\":\"de\"},{\"@type\":\"Organization\",\"@id\":\"https:\/\/sen-shop.com\/de\/#organization\",\"name\":\"Mind trade d.o.o\",\"url\":\"https:\/\/sen-shop.com\/de\/\",\"logo\":{\"@type\":\"ImageObject\",\"inLanguage\":\"de\",\"@id\":\"https:\/\/sen-shop.com\/de\/#\/schema\/logo\/image\/\",\"url\":\"https:\/\/sen-shop.com\/wp-content\/uploads\/2018\/05\/header_logo.png\",\"contentUrl\":\"https:\/\/sen-shop.com\/wp-content\/uploads\/2018\/05\/header_logo.png\",\"width\":138,\"height\":70,\"caption\":\"Mind trade d.o.o\"},\"image\":{\"@id\":\"https:\/\/sen-shop.com\/de\/#\/schema\/logo\/image\/\"},\"sameAs\":[\"https:\/\/www.instagram.com\/senslovenija\/\",\"https:\/\/www.facebook.com\/Senshopslovenija\"]}]}<\/script>\n<!-- \/ Yoast SEO plugin. -->","yoast_head_json":{"title":"Pr\u00e4biotikum Inulin, Knoblauch - SEN Shop","robots":{"index":"index","follow":"follow","max-snippet":"max-snippet:-1","max-image-preview":"max-image-preview:large","max-video-preview":"max-video-preview:-1"},"canonical":"https:\/\/sen-shop.com\/de\/collections\/nahrungsergaenzungsmittel\/verdauungsprobleme\/prabiotikum-inulin-knoblauch\/","og_locale":"de_DE","og_type":"article","og_title":"Pr\u00e4biotikum Inulin, Knoblauch - SEN Shop","og_description":"Pr\u00e4biotika liefern N\u00e4hrstoffe f\u00fcr eine gesunde Darmflora und sind eine notwendige Unterst\u00fctzung f\u00fcr Probiotika. Knoblauch, Papain und Muskatk\u00fcrbis k\u00f6nnen Ihnen helfen, Ihre Darmprobleme loszuwerden und sich von l\u00e4stigen Darmparasiten zu verabschieden.   f\u00fcr eine gesunde Darmflora  zum Schutz und zur Vorbeugung vor Darmparasiten  zur Beruhigung eines gereizten Darms  wirksame Unterst\u00fctzung bei Di\u00e4ten und Gewichtsabnahme  zur Vorbeugung von Bl\u00e4hungen, Darmkr\u00e4mpfen und Durchfall  Geeignet f\u00fcr Kinder.","og_url":"https:\/\/sen-shop.com\/de\/collections\/nahrungsergaenzungsmittel\/verdauungsprobleme\/prabiotikum-inulin-knoblauch\/","og_site_name":"SEN Shop","article_publisher":"https:\/\/www.facebook.com\/Senshopslovenija","article_modified_time":"2021-10-18T14:23:30+00:00","og_image":[{"width":1400,"height":1400,"url":"https:\/\/sen-shop.com\/wp-content\/uploads\/2021\/10\/Inulin_EN_DE_SPL.jpg","type":"image\/jpeg"}],"twitter_card":"summary_large_image","twitter_misc":{"Gesch\u00e4tzte Lesezeit":"3\u00a0Minuten"},"schema":{"@context":"https:\/\/schema.org","@graph":[{"@type":"WebPage","@id":"https:\/\/sen-shop.com\/de\/collections\/nahrungsergaenzungsmittel\/verdauungsprobleme\/prabiotikum-inulin-knoblauch\/","url":"https:\/\/sen-shop.com\/de\/collections\/nahrungsergaenzungsmittel\/verdauungsprobleme\/prabiotikum-inulin-knoblauch\/","name":"Pr\u00e4biotikum Inulin, Knoblauch - SEN Shop","isPartOf":{"@id":"https:\/\/sen-shop.com\/de\/#website"},"datePublished":"2021-05-03T13:15:30+00:00","dateModified":"2021-10-18T14:23:30+00:00","breadcrumb":{"@id":"https:\/\/sen-shop.com\/de\/collections\/nahrungsergaenzungsmittel\/verdauungsprobleme\/prabiotikum-inulin-knoblauch\/#breadcrumb"},"inLanguage":"de","potentialAction":[{"@type":"ReadAction","target":["https:\/\/sen-shop.com\/de\/collections\/nahrungsergaenzungsmittel\/verdauungsprobleme\/prabiotikum-inulin-knoblauch\/"]}]},{"@type":"BreadcrumbList","@id":"https:\/\/sen-shop.com\/de\/collections\/nahrungsergaenzungsmittel\/verdauungsprobleme\/prabiotikum-inulin-knoblauch\/#breadcrumb","itemListElement":[{"@type":"ListItem","position":1,"name":"Home","item":"https:\/\/sen-shop.com\/de\/"},{"@type":"ListItem","position":2,"name":"Pr\u00e4biotikum Inulin, Knoblauch"}]},{"@type":"WebSite","@id":"https:\/\/sen-shop.com\/de\/#website","url":"https:\/\/sen-shop.com\/de\/","name":"SEN Shop","description":"Slovensko, Ekolo\u0161ko, Naravno","publisher":{"@id":"https:\/\/sen-shop.com\/de\/#organization"},"potentialAction":[{"@type":"SearchAction","target":{"@type":"EntryPoint","urlTemplate":"https:\/\/sen-shop.com\/de\/?s={search_term_string}"},"query-input":"required name=search_term_string"}],"inLanguage":"de"},{"@type":"Organization","@id":"https:\/\/sen-shop.com\/de\/#organization","name":"Mind trade d.o.o","url":"https:\/\/sen-shop.com\/de\/","logo":{"@type":"ImageObject","inLanguage":"de","@id":"https:\/\/sen-shop.com\/de\/#\/schema\/logo\/image\/","url":"https:\/\/sen-shop.com\/wp-content\/uploads\/2018\/05\/header_logo.png","contentUrl":"https:\/\/sen-shop.com\/wp-content\/uploads\/2018\/05\/header_logo.png","width":138,"height":70,"caption":"Mind trade d.o.o"},"image":{"@id":"https:\/\/sen-shop.com\/de\/#\/schema\/logo\/image\/"},"sameAs":["https:\/\/www.instagram.com\/senslovenija\/","https:\/\/www.facebook.com\/Senshopslovenija"]}]}},"_links":{"self":[{"href":"https:\/\/sen-shop.com\/de\/wp-json\/wp\/v2\/product\/31847","targetHints":{"allow":["GET"]}}],"collection":[{"href":"https:\/\/sen-shop.com\/de\/wp-json\/wp\/v2\/product"}],"about":[{"href":"https:\/\/sen-shop.com\/de\/wp-json\/wp\/v2\/types\/product"}],"replies":[{"embeddable":true,"href":"https:\/\/sen-shop.com\/de\/wp-json\/wp\/v2\/comments?post=31847"}],"wp:featuredmedia":[{"embeddable":true,"href":"https:\/\/sen-shop.com\/de\/wp-json\/wp\/v2\/media\/30383"}],"wp:attachment":[{"href":"https:\/\/sen-shop.com\/de\/wp-json\/wp\/v2\/media?parent=31847"}],"wp:term":[{"taxonomy":"product_cat","embeddable":true,"href":"https:\/\/sen-shop.com\/de\/wp-json\/wp\/v2\/product_cat?post=31847"},{"taxonomy":"product_tag","embeddable":true,"href":"https:\/\/sen-shop.com\/de\/wp-json\/wp\/v2\/product_tag?post=31847"}],"curies":[{"name":"wp","href":"https:\/\/api.w.org\/{rel}","templated":true}]}}