{"id":31845,"date":"2017-10-23T14:51:00","date_gmt":"2017-10-23T12:51:00","guid":{"rendered":"https:\/\/www.sen-shop.com\/collections\/unkategorisiert\/hopfen-melisse-und-passionsblume\/"},"modified":"2021-10-13T13:43:42","modified_gmt":"2021-10-13T11:43:42","slug":"hopfen-melisse-und-passionsblume","status":"publish","type":"product","link":"https:\/\/sen-shop.com\/de\/collections\/nahrungsergaenzungsmittel\/menopause-de\/hopfen-melisse-und-passionsblume\/","title":{"rendered":"Hopfen, Melisse und Passionsblume"},"content":{"rendered":"<p>[vc_row][vc_column][vc_column_text css=&#8220;.vc_custom_1625556342761{padding-top: 30px !important;padding-right: 30px !important;padding-bottom: 30px !important;padding-left: 30px !important;background-color: #c9db95 !important;}&#8220;]<br \/>\n<strong>Hopfen<\/strong> enth\u00e4lt bis zu dreimal so viel Vitamin C wie Zitronen und eine Reihe weiterer Mineralien, Bitterstoffe, Flavonoide, Carotinoide und bioaktive Substanzen. Damit eignet er sich hervorragend, um den K\u00f6rper zu st\u00e4rken, die Verdauung anzuregen und die Abwehrkr\u00e4fte gegen Krankheiten aufzubauen und immer wieder neu zu st\u00e4rken. Sie hat eine <strong>entspannende und beruhigende Wirkung.<\/strong><\/p>\n<p><strong>Melisse<\/strong> hilft bei Verdauungsproblemen wie Verdauungsst\u00f6rungen, \u00dcbers\u00e4uerung, \u00dcbelkeit, Bl\u00e4hungen und Kr\u00e4mpfen. Sie ist ein <strong>mildes Beruhigungsmittel, das bei Traurigkeit, Angst, Depression,<\/strong> Tr\u00e4gheit, Hysterie, <strong>Stress<\/strong>, <strong>Schlaflosigkeit<\/strong>, Migr\u00e4ne, Menopause, Lustlosigkeit, <strong>Unruhe<\/strong> und <strong>Reizbarkeit<\/strong> hilft. Sie st\u00e4rkt auch das Herz und senkt den Blutdruck.<\/p>\n<p>Die <strong>Passionsblume<\/strong> wird traditionell zur<strong> Linderung von Angstzust\u00e4nden<\/strong>, Unruhe, Schlaflosigkeit, nerv\u00f6sem Herzklopfen und <strong>Problemen<\/strong> in den <strong>Wechseljahren<\/strong> <strong>verwendet und hilft auch beim Entzug von Morphium, Alkohol und Rauchen<\/strong>.<\/p>\n<p>&nbsp;<\/p>\n<p>[\/vc_column_text][\/vc_column][\/vc_row][vc_row][vc_column][vc_column_text css=&#8220;.vc_custom_1625556357368{padding-top: 30px !important;padding-right: 30px !important;padding-bottom: 30px !important;padding-left: 30px !important;background-color: #ededed !important;}&#8220;]<img decoding=\"async\" src=\"https:\/\/static.xx.fbcdn.net\/images\/emoji.php\/v9\/t51\/1\/16\/1f449.png\" alt=\"\ud83d\udc49\" \/> F\u00fcr beste Ergebnisse enthalten die Kapseln genau die empfohlene Menge der drei Wirkstoffe.<\/p>\n<p><img decoding=\"async\" src=\"https:\/\/static.xx.fbcdn.net\/images\/emoji.php\/v9\/t51\/1\/16\/1f449.png\" alt=\"\ud83d\udc49\" \/> Eine Kapsel 2 mal t\u00e4glich.<\/p>\n<p><img decoding=\"async\" src=\"https:\/\/static.xx.fbcdn.net\/images\/emoji.php\/v9\/t51\/1\/16\/1f449.png\" alt=\"\ud83d\udc49\" \/> Die ideale Kombination f\u00fcr einen tiefen und erholsamen Schlaf.<\/p>\n<p>&nbsp;<\/p>\n<p>[\/vc_column_text][\/vc_column][\/vc_row][vc_row][vc_column][vc_column_text]<strong>Hopfen-, Melissen- und Passionsblumenkapseln<\/strong> enthalten nur nat\u00fcrliche Inhaltsstoffe und haben <strong>keine<\/strong> <strong>Nebenwirkungen<\/strong>. Sie sind f\u00fcr die <strong>regelm\u00e4\u00dfige, t\u00e4gliche Einnahme<\/strong> geeignet. Die Kapseln machen nicht m\u00fcde, so dass sie auch tags\u00fcber eingenommen werden k\u00f6nnen.<\/p>\n<p>Die <strong>Passionsblume<\/strong> wird als Nahrungserg\u00e4nzungsmittel bei <strong>Angstzust\u00e4nden<\/strong> und <strong>Schlafproblemen<\/strong> sowie bei Schmerzen, Herzrhythmusst\u00f6rungen, <strong>Wechseljahrsbeschwerden<\/strong> und <strong>Aufmerksamkeitsdefizit-\/Hyperaktivit\u00e4tsst\u00f6rungen<\/strong> eingesetzt.<\/p>\n<p>Die <strong>Melisse<\/strong> wird seit mehr als zweitausend Jahren medizinisch verwendet. Sie wurde von den Arabern \u00fcber Spanien nach Europa eingef\u00fchrt. Die medizinischen Eigenschaften, die der Melisse von den alten Heilern zugeschrieben wurden, sind von der wissenschaftlichen Medizin best\u00e4tigt worden.<\/p>\n<p>&nbsp;<\/p>\n<p>[\/vc_column_text][\/vc_column][\/vc_row]<\/p>\n","protected":false},"excerpt":{"rendered":"<p>Sind Sie<strong> unruhig, gestresst, haben Sie Schlafmangel? Entspannen Sie sich und schlafen<\/strong> Sie auf nat\u00fcrliche Weise mit den Kapseln aus Hopfen, Melisse und Passionsblume ein.<\/p>\n<ul>\n<li>helfen Ihnen, schneller und leichter einzuschlafen<\/li>\n<li>sorgen f\u00fcr einen tiefen und gesunden Schlaf<\/li>\n<li>Anspannung und Stress abzubauen<\/li>\n<li>entspannen und st\u00e4rken die Widerstandskraft gegen Stress<\/li>\n<\/ul>\n<p>Die nat\u00fcrlichen Inhaltsstoffe helfen auch bei <strong>Angstzust\u00e4nden<\/strong>.<\/p>\n[banner_prehrana]\n","protected":false},"featured_media":39726,"comment_status":"open","ping_status":"closed","template":"","meta":{"inline_featured_image":false},"product_cat":[816,812,813,907],"product_tag":[897,898,821,900,896,815,899,814,895,901],"class_list":["post-31845","product","type-product","status-publish","has-post-thumbnail","hentry","product_cat-crni-petek-de","product_cat-menopause-de","product_cat-nahrungsergaenzungsmittel","product_cat-utrujenost-de","product_tag-analizator-tanita-de","product_tag-analizator-telesne-teze-de","product_tag-bio-de","product_tag-digitalna-osebna-tehtnica-de","product_tag-digitalna-tehtnica-de","product_tag-menopavza","product_tag-nakup-tanite-de","product_tag-prehranska-dopolnila-de","product_tag-tanita-de","product_tag-tanita-tehtnica-de"],"acf":[],"yoast_head":"<!-- This site is optimized with the Yoast SEO plugin v19.13 - https:\/\/yoast.com\/wordpress\/plugins\/seo\/ -->\n<title>Hopfen, Melisse und Passionsblume<\/title>\n<meta name=\"description\" content=\"Hopfen, Melisse und Passionsblume\" \/>\n<meta name=\"robots\" content=\"index, follow, max-snippet:-1, max-image-preview:large, max-video-preview:-1\" \/>\n<link rel=\"canonical\" href=\"https:\/\/sen-shop.com\/de\/collections\/nahrungsergaenzungsmittel\/menopause-de\/hopfen-melisse-und-passionsblume\/\" \/>\n<meta property=\"og:locale\" content=\"de_DE\" \/>\n<meta property=\"og:type\" content=\"article\" \/>\n<meta property=\"og:title\" content=\"Hopfen, Melisse und Passionsblume\" \/>\n<meta property=\"og:description\" content=\"Hopfen, Melisse und Passionsblume\" \/>\n<meta property=\"og:url\" content=\"https:\/\/sen-shop.com\/de\/collections\/nahrungsergaenzungsmittel\/menopause-de\/hopfen-melisse-und-passionsblume\/\" \/>\n<meta property=\"og:site_name\" content=\"SEN Shop\" \/>\n<meta property=\"article:publisher\" content=\"https:\/\/www.facebook.com\/Senshopslovenija\" \/>\n<meta property=\"article:modified_time\" content=\"2021-10-13T11:43:42+00:00\" \/>\n<meta property=\"og:image\" content=\"https:\/\/sen-shop.com\/wp-content\/uploads\/2021\/11\/Hmelj_EN_DE-2.jpg\" \/>\n\t<meta property=\"og:image:width\" content=\"1400\" \/>\n\t<meta property=\"og:image:height\" content=\"1400\" \/>\n\t<meta property=\"og:image:type\" content=\"image\/jpeg\" \/>\n<meta name=\"twitter:card\" content=\"summary_large_image\" \/>\n<meta name=\"twitter:label1\" content=\"Gesch\u00e4tzte Lesezeit\" \/>\n\t<meta name=\"twitter:data1\" content=\"2\u00a0Minuten\" \/>\n<script type=\"application\/ld+json\" class=\"yoast-schema-graph\">{\"@context\":\"https:\/\/schema.org\",\"@graph\":[{\"@type\":\"WebPage\",\"@id\":\"https:\/\/sen-shop.com\/de\/collections\/nahrungsergaenzungsmittel\/menopause-de\/hopfen-melisse-und-passionsblume\/\",\"url\":\"https:\/\/sen-shop.com\/de\/collections\/nahrungsergaenzungsmittel\/menopause-de\/hopfen-melisse-und-passionsblume\/\",\"name\":\"Hopfen, Melisse und Passionsblume\",\"isPartOf\":{\"@id\":\"https:\/\/sen-shop.com\/de\/#website\"},\"datePublished\":\"2017-10-23T12:51:00+00:00\",\"dateModified\":\"2021-10-13T11:43:42+00:00\",\"description\":\"Hopfen, Melisse und Passionsblume\",\"breadcrumb\":{\"@id\":\"https:\/\/sen-shop.com\/de\/collections\/nahrungsergaenzungsmittel\/menopause-de\/hopfen-melisse-und-passionsblume\/#breadcrumb\"},\"inLanguage\":\"de\",\"potentialAction\":[{\"@type\":\"ReadAction\",\"target\":[\"https:\/\/sen-shop.com\/de\/collections\/nahrungsergaenzungsmittel\/menopause-de\/hopfen-melisse-und-passionsblume\/\"]}]},{\"@type\":\"BreadcrumbList\",\"@id\":\"https:\/\/sen-shop.com\/de\/collections\/nahrungsergaenzungsmittel\/menopause-de\/hopfen-melisse-und-passionsblume\/#breadcrumb\",\"itemListElement\":[{\"@type\":\"ListItem\",\"position\":1,\"name\":\"Home\",\"item\":\"https:\/\/sen-shop.com\/de\/\"},{\"@type\":\"ListItem\",\"position\":2,\"name\":\"Hopfen, Melisse und Passionsblume\"}]},{\"@type\":\"WebSite\",\"@id\":\"https:\/\/sen-shop.com\/de\/#website\",\"url\":\"https:\/\/sen-shop.com\/de\/\",\"name\":\"SEN Shop\",\"description\":\"Slovensko, Ekolo\u0161ko, Naravno\",\"publisher\":{\"@id\":\"https:\/\/sen-shop.com\/de\/#organization\"},\"potentialAction\":[{\"@type\":\"SearchAction\",\"target\":{\"@type\":\"EntryPoint\",\"urlTemplate\":\"https:\/\/sen-shop.com\/de\/?s={search_term_string}\"},\"query-input\":\"required name=search_term_string\"}],\"inLanguage\":\"de\"},{\"@type\":\"Organization\",\"@id\":\"https:\/\/sen-shop.com\/de\/#organization\",\"name\":\"Mind trade d.o.o\",\"url\":\"https:\/\/sen-shop.com\/de\/\",\"logo\":{\"@type\":\"ImageObject\",\"inLanguage\":\"de\",\"@id\":\"https:\/\/sen-shop.com\/de\/#\/schema\/logo\/image\/\",\"url\":\"https:\/\/sen-shop.com\/wp-content\/uploads\/2018\/05\/header_logo.png\",\"contentUrl\":\"https:\/\/sen-shop.com\/wp-content\/uploads\/2018\/05\/header_logo.png\",\"width\":138,\"height\":70,\"caption\":\"Mind trade d.o.o\"},\"image\":{\"@id\":\"https:\/\/sen-shop.com\/de\/#\/schema\/logo\/image\/\"},\"sameAs\":[\"https:\/\/www.instagram.com\/senslovenija\/\",\"https:\/\/www.facebook.com\/Senshopslovenija\"]}]}<\/script>\n<!-- \/ Yoast SEO plugin. -->","yoast_head_json":{"title":"Hopfen, Melisse und Passionsblume","description":"Hopfen, Melisse und Passionsblume","robots":{"index":"index","follow":"follow","max-snippet":"max-snippet:-1","max-image-preview":"max-image-preview:large","max-video-preview":"max-video-preview:-1"},"canonical":"https:\/\/sen-shop.com\/de\/collections\/nahrungsergaenzungsmittel\/menopause-de\/hopfen-melisse-und-passionsblume\/","og_locale":"de_DE","og_type":"article","og_title":"Hopfen, Melisse und Passionsblume","og_description":"Hopfen, Melisse und Passionsblume","og_url":"https:\/\/sen-shop.com\/de\/collections\/nahrungsergaenzungsmittel\/menopause-de\/hopfen-melisse-und-passionsblume\/","og_site_name":"SEN Shop","article_publisher":"https:\/\/www.facebook.com\/Senshopslovenija","article_modified_time":"2021-10-13T11:43:42+00:00","og_image":[{"width":1400,"height":1400,"url":"https:\/\/sen-shop.com\/wp-content\/uploads\/2021\/11\/Hmelj_EN_DE-2.jpg","type":"image\/jpeg"}],"twitter_card":"summary_large_image","twitter_misc":{"Gesch\u00e4tzte Lesezeit":"2\u00a0Minuten"},"schema":{"@context":"https:\/\/schema.org","@graph":[{"@type":"WebPage","@id":"https:\/\/sen-shop.com\/de\/collections\/nahrungsergaenzungsmittel\/menopause-de\/hopfen-melisse-und-passionsblume\/","url":"https:\/\/sen-shop.com\/de\/collections\/nahrungsergaenzungsmittel\/menopause-de\/hopfen-melisse-und-passionsblume\/","name":"Hopfen, Melisse und Passionsblume","isPartOf":{"@id":"https:\/\/sen-shop.com\/de\/#website"},"datePublished":"2017-10-23T12:51:00+00:00","dateModified":"2021-10-13T11:43:42+00:00","description":"Hopfen, Melisse und Passionsblume","breadcrumb":{"@id":"https:\/\/sen-shop.com\/de\/collections\/nahrungsergaenzungsmittel\/menopause-de\/hopfen-melisse-und-passionsblume\/#breadcrumb"},"inLanguage":"de","potentialAction":[{"@type":"ReadAction","target":["https:\/\/sen-shop.com\/de\/collections\/nahrungsergaenzungsmittel\/menopause-de\/hopfen-melisse-und-passionsblume\/"]}]},{"@type":"BreadcrumbList","@id":"https:\/\/sen-shop.com\/de\/collections\/nahrungsergaenzungsmittel\/menopause-de\/hopfen-melisse-und-passionsblume\/#breadcrumb","itemListElement":[{"@type":"ListItem","position":1,"name":"Home","item":"https:\/\/sen-shop.com\/de\/"},{"@type":"ListItem","position":2,"name":"Hopfen, Melisse und Passionsblume"}]},{"@type":"WebSite","@id":"https:\/\/sen-shop.com\/de\/#website","url":"https:\/\/sen-shop.com\/de\/","name":"SEN Shop","description":"Slovensko, Ekolo\u0161ko, Naravno","publisher":{"@id":"https:\/\/sen-shop.com\/de\/#organization"},"potentialAction":[{"@type":"SearchAction","target":{"@type":"EntryPoint","urlTemplate":"https:\/\/sen-shop.com\/de\/?s={search_term_string}"},"query-input":"required name=search_term_string"}],"inLanguage":"de"},{"@type":"Organization","@id":"https:\/\/sen-shop.com\/de\/#organization","name":"Mind trade d.o.o","url":"https:\/\/sen-shop.com\/de\/","logo":{"@type":"ImageObject","inLanguage":"de","@id":"https:\/\/sen-shop.com\/de\/#\/schema\/logo\/image\/","url":"https:\/\/sen-shop.com\/wp-content\/uploads\/2018\/05\/header_logo.png","contentUrl":"https:\/\/sen-shop.com\/wp-content\/uploads\/2018\/05\/header_logo.png","width":138,"height":70,"caption":"Mind trade d.o.o"},"image":{"@id":"https:\/\/sen-shop.com\/de\/#\/schema\/logo\/image\/"},"sameAs":["https:\/\/www.instagram.com\/senslovenija\/","https:\/\/www.facebook.com\/Senshopslovenija"]}]}},"_links":{"self":[{"href":"https:\/\/sen-shop.com\/de\/wp-json\/wp\/v2\/product\/31845","targetHints":{"allow":["GET"]}}],"collection":[{"href":"https:\/\/sen-shop.com\/de\/wp-json\/wp\/v2\/product"}],"about":[{"href":"https:\/\/sen-shop.com\/de\/wp-json\/wp\/v2\/types\/product"}],"replies":[{"embeddable":true,"href":"https:\/\/sen-shop.com\/de\/wp-json\/wp\/v2\/comments?post=31845"}],"wp:featuredmedia":[{"embeddable":true,"href":"https:\/\/sen-shop.com\/de\/wp-json\/wp\/v2\/media\/39726"}],"wp:attachment":[{"href":"https:\/\/sen-shop.com\/de\/wp-json\/wp\/v2\/media?parent=31845"}],"wp:term":[{"taxonomy":"product_cat","embeddable":true,"href":"https:\/\/sen-shop.com\/de\/wp-json\/wp\/v2\/product_cat?post=31845"},{"taxonomy":"product_tag","embeddable":true,"href":"https:\/\/sen-shop.com\/de\/wp-json\/wp\/v2\/product_tag?post=31845"}],"curies":[{"name":"wp","href":"https:\/\/api.w.org\/{rel}","templated":true}]}}