{"id":31839,"date":"2017-10-27T14:46:22","date_gmt":"2017-10-27T12:46:22","guid":{"rendered":"https:\/\/www.sen-shop.com\/collections\/unkategorisiert\/zimt-zur-blutzuckerkontrolle\/"},"modified":"2021-10-13T13:43:18","modified_gmt":"2021-10-13T11:43:18","slug":"zimt-zur-blutzuckerkontrolle","status":"publish","type":"product","link":"https:\/\/sen-shop.com\/de\/collections\/nahrungsergaenzungsmittel\/herz-haemorrhoiden\/zimt-zur-blutzuckerkontrolle\/","title":{"rendered":"Zimt, zur Blutzuckerkontrolle"},"content":{"rendered":"<p>[vc_row][vc_column][vc_column_text css=&#8220;.vc_custom_1625227220765{padding-top: 30px !important;padding-right: 30px !important;padding-bottom: 30px !important;padding-left: 30px !important;background-color: #c9db95 !important;}&#8220;]Eine <strong>Studie<\/strong> von Dr. Almam Khan hat gezeigt, dass sich die <strong>t\u00e4gliche Einnahme von Zimt positiv auf den Blutzuckerspiegel<\/strong> sowie auf die <strong>Triglycerid<\/strong>&#8211; und <strong>Cholesterinwerte<\/strong> auswirkt. Die Ergebnisse zeigten, dass nach nur 40 Tagen regelm\u00e4\u00dfiger Zimtkonsumierung der <strong>Blutzucker-, Cholesterin- und Triglyceridspiegel um 23-30 % sank.<\/strong> Zimt stimuliert die Insulinrezeptoren und die Insulinaussch\u00fcttung. Dies hat zur Folge, dass der K\u00f6rper sein eigenes Insulin besser verwerten kann.<\/p>\n<p><strong>Zimt in Kapseln unterscheidet<\/strong> sich von gew\u00f6hnlichem K\u00fcchenzimt vor allem durch seine <strong>Qualit\u00e4t<\/strong> und <strong>Reinheit<\/strong>. Bestimmte Zimtsorten enthalten einen sehr hohen Anteil an Cumarin. Cumarin ist in kleinen Mengen nicht sch\u00e4dlich, aber hohe Dosen k\u00f6nnen eine Reihe von sch\u00e4dlichen Auswirkungen haben.<strong> Wir verwenden f\u00fcr unsere Kapseln nur Ceylon-Zimt von h\u00f6chster Qualit\u00e4t.<\/strong> Das Rohmaterial durchl\u00e4uft eine strenge Qualit\u00e4tskontrolle, bei der wir sicherstellen, dass der Cumaringehalt unter 0,005% liegt.<\/p>\n<p>&nbsp;<\/p>\n<p>[\/vc_column_text][\/vc_column][\/vc_row][vc_row][vc_column][vc_column_text css=&#8220;.vc_custom_1625227244500{padding-top: 30px !important;padding-right: 30px !important;padding-bottom: 30px !important;padding-left: 30px !important;background-color: #ededed !important;}&#8220;]<img decoding=\"async\" src=\"https:\/\/static.xx.fbcdn.net\/images\/emoji.php\/v9\/t51\/1\/16\/1f449.png\" alt=\"\ud83d\udc49\" \/> Forschungen haben gezeigt, dass der Konsum von Zimt \u00fcber 40 Tage den Zuckergehalt um 25-30% reduziert.<\/p>\n<p><strong><img decoding=\"async\" src=\"https:\/\/static.xx.fbcdn.net\/images\/emoji.php\/v9\/t51\/1\/16\/1f449.png\" alt=\"\ud83d\udc49\" \/> <\/strong>Nehmen Sie 2 Mal t\u00e4glich eine Kapsel vor den Mahlzeiten mit reichlich Fl\u00fcssigkeit ein.<\/p>\n<p><img decoding=\"async\" src=\"https:\/\/static.xx.fbcdn.net\/images\/emoji.php\/v9\/t51\/1\/16\/1f449.png\" alt=\"\ud83d\udc49\" \/> Die beste Sorte ist gereinigter Ceylon-Zimt, der kein Cumarin enth\u00e4lt.[\/vc_column_text][\/vc_column][\/vc_row][vc_row][vc_column][vc_column_text]Zimtkapseln enthalten auch die Vitamine C und E, Zink und Chrom. Die <strong>Vitamine C und E sowie Zink sind Antioxidantien,<\/strong> die den K\u00f6rper vor den sch\u00e4dlichen Auswirkungen der freien Radikale sch\u00fctzen. <strong>Zink<\/strong> ist \u00e4u\u00dferst wichtig f\u00fcr das Funktionieren des <strong>Immunsystems<\/strong>. Es spielt auch eine wichtige Rolle im Kohlenhydratstoffwechsel, bei der Proteinsynthese und tr\u00e4gt zur Erhaltung gesunder Knochen bei. Damit ist Zink f\u00fcr das Funktionieren jeder Zelle im Organismus unverzichtbar.<\/p>\n<p><strong>Chrom<\/strong> ist f\u00fcr Diabetiker \u00e4u\u00dferst wichtig, da es zur <strong>Aufrechterhaltung eines normalen Blutzuckerspiegels<\/strong> beitr\u00e4gt und am Stoffwechsel von Makron\u00e4hrstoffen beteiligt ist.<\/p>\n<p><strong>Interessanter<\/strong> <strong>Fakt<\/strong>: Zimt ist ein tropischer Baum, der bis zu 10 m hoch wird, aber haupts\u00e4chlich als Strauch auf Plantagen angebaut wird. Er wird haupts\u00e4chlich aus Sri Lanka, Malaysia, Madagaskar und von den Seychellen importiert. <strong>Zimt wird auch als nat\u00fcrliches Heilmittel und Aphrodisiakum<\/strong> verwendet. Seine anregende Wirkung und seine verdauungsf\u00f6rdernde Wirkung werden seit alters her gesch\u00e4tzt.[\/vc_column_text][\/vc_column][\/vc_row]<\/p>\n","protected":false},"excerpt":{"rendered":"<p><strong>Zimt erh\u00f6ht die Insulinaussch\u00fcttung und senkt nachweislich den Blutzuckerspiegel<\/strong>. Ceylon-Zimt, der auch f\u00fcr Typ-2-Diabetiker geeignet ist, erh\u00f6ht die Empfindlichkeit der Insulinrezeptoren. Dadurch kann das k\u00f6rpereigene Insulin seine Eigenschaften zur\u00fcckgewinnen und effektiver arbeiten.<\/p>\n<ul>\n<li>zur Blutzuckerkontrolle<\/li>\n<li>senkt und reguliert den Cholesterin- und Triglyceridspiegel<\/li>\n<li>mit zus\u00e4tzlichen Vitaminen C &amp; E, Zink und Chrom*<\/li>\n<\/ul>\n<p>*Chrom ist wichtig f\u00fcr einen normalen Glukosestoffwechsel. Es erh\u00f6ht die Anzahl der Insulinrezeptoren, die Rezeptorbindung und die Insulinaktivierung.<\/p>\n[banner_prehrana]\n","protected":false},"featured_media":31616,"comment_status":"open","ping_status":"closed","template":"","meta":{"inline_featured_image":false},"product_cat":[841,813],"product_tag":[897,898,821,900,896,899,814,894,895,901],"class_list":["post-31839","product","type-product","status-publish","has-post-thumbnail","hentry","product_cat-herz-haemorrhoiden","product_cat-nahrungsergaenzungsmittel","product_tag-analizator-tanita-de","product_tag-analizator-telesne-teze-de","product_tag-bio-de","product_tag-digitalna-osebna-tehtnica-de","product_tag-digitalna-tehtnica-de","product_tag-nakup-tanite-de","product_tag-prehranska-dopolnila-de","product_tag-srce-in-ozilje-de","product_tag-tanita-de","product_tag-tanita-tehtnica-de"],"acf":[],"yoast_head":"<!-- This site is optimized with the Yoast SEO plugin v19.13 - https:\/\/yoast.com\/wordpress\/plugins\/seo\/ -->\n<title>Zimt, zur Blutzuckerkontrolle<\/title>\n<meta name=\"description\" content=\"Zimt, zur Blutzuckerkontrolle\" \/>\n<meta name=\"robots\" content=\"index, follow, max-snippet:-1, max-image-preview:large, max-video-preview:-1\" \/>\n<link rel=\"canonical\" href=\"https:\/\/sen-shop.com\/de\/collections\/nahrungsergaenzungsmittel\/herz-haemorrhoiden\/zimt-zur-blutzuckerkontrolle\/\" \/>\n<meta property=\"og:locale\" content=\"de_DE\" \/>\n<meta property=\"og:type\" content=\"article\" \/>\n<meta property=\"og:title\" content=\"Zimt, zur Blutzuckerkontrolle\" \/>\n<meta property=\"og:description\" content=\"Zimt, zur Blutzuckerkontrolle\" \/>\n<meta property=\"og:url\" content=\"https:\/\/sen-shop.com\/de\/collections\/nahrungsergaenzungsmittel\/herz-haemorrhoiden\/zimt-zur-blutzuckerkontrolle\/\" \/>\n<meta property=\"og:site_name\" content=\"SEN Shop\" \/>\n<meta property=\"article:publisher\" content=\"https:\/\/www.facebook.com\/Senshopslovenija\" \/>\n<meta property=\"article:modified_time\" content=\"2021-10-13T11:43:18+00:00\" \/>\n<meta property=\"og:image\" content=\"https:\/\/sen-shop.com\/wp-content\/uploads\/2021\/10\/Cimet_EN_DE.jpg\" \/>\n\t<meta property=\"og:image:width\" content=\"1400\" \/>\n\t<meta property=\"og:image:height\" content=\"1400\" \/>\n\t<meta property=\"og:image:type\" content=\"image\/jpeg\" \/>\n<meta name=\"twitter:card\" content=\"summary_large_image\" \/>\n<meta name=\"twitter:label1\" content=\"Gesch\u00e4tzte Lesezeit\" \/>\n\t<meta name=\"twitter:data1\" content=\"2\u00a0Minuten\" \/>\n<script type=\"application\/ld+json\" class=\"yoast-schema-graph\">{\"@context\":\"https:\/\/schema.org\",\"@graph\":[{\"@type\":\"WebPage\",\"@id\":\"https:\/\/sen-shop.com\/de\/collections\/nahrungsergaenzungsmittel\/herz-haemorrhoiden\/zimt-zur-blutzuckerkontrolle\/\",\"url\":\"https:\/\/sen-shop.com\/de\/collections\/nahrungsergaenzungsmittel\/herz-haemorrhoiden\/zimt-zur-blutzuckerkontrolle\/\",\"name\":\"Zimt, zur Blutzuckerkontrolle\",\"isPartOf\":{\"@id\":\"https:\/\/sen-shop.com\/de\/#website\"},\"datePublished\":\"2017-10-27T12:46:22+00:00\",\"dateModified\":\"2021-10-13T11:43:18+00:00\",\"description\":\"Zimt, zur Blutzuckerkontrolle\",\"breadcrumb\":{\"@id\":\"https:\/\/sen-shop.com\/de\/collections\/nahrungsergaenzungsmittel\/herz-haemorrhoiden\/zimt-zur-blutzuckerkontrolle\/#breadcrumb\"},\"inLanguage\":\"de\",\"potentialAction\":[{\"@type\":\"ReadAction\",\"target\":[\"https:\/\/sen-shop.com\/de\/collections\/nahrungsergaenzungsmittel\/herz-haemorrhoiden\/zimt-zur-blutzuckerkontrolle\/\"]}]},{\"@type\":\"BreadcrumbList\",\"@id\":\"https:\/\/sen-shop.com\/de\/collections\/nahrungsergaenzungsmittel\/herz-haemorrhoiden\/zimt-zur-blutzuckerkontrolle\/#breadcrumb\",\"itemListElement\":[{\"@type\":\"ListItem\",\"position\":1,\"name\":\"Home\",\"item\":\"https:\/\/sen-shop.com\/de\/\"},{\"@type\":\"ListItem\",\"position\":2,\"name\":\"Zimt, zur Blutzuckerkontrolle\"}]},{\"@type\":\"WebSite\",\"@id\":\"https:\/\/sen-shop.com\/de\/#website\",\"url\":\"https:\/\/sen-shop.com\/de\/\",\"name\":\"SEN Shop\",\"description\":\"Slovensko, Ekolo\u0161ko, Naravno\",\"publisher\":{\"@id\":\"https:\/\/sen-shop.com\/de\/#organization\"},\"potentialAction\":[{\"@type\":\"SearchAction\",\"target\":{\"@type\":\"EntryPoint\",\"urlTemplate\":\"https:\/\/sen-shop.com\/de\/?s={search_term_string}\"},\"query-input\":\"required name=search_term_string\"}],\"inLanguage\":\"de\"},{\"@type\":\"Organization\",\"@id\":\"https:\/\/sen-shop.com\/de\/#organization\",\"name\":\"Mind trade d.o.o\",\"url\":\"https:\/\/sen-shop.com\/de\/\",\"logo\":{\"@type\":\"ImageObject\",\"inLanguage\":\"de\",\"@id\":\"https:\/\/sen-shop.com\/de\/#\/schema\/logo\/image\/\",\"url\":\"https:\/\/sen-shop.com\/wp-content\/uploads\/2018\/05\/header_logo.png\",\"contentUrl\":\"https:\/\/sen-shop.com\/wp-content\/uploads\/2018\/05\/header_logo.png\",\"width\":138,\"height\":70,\"caption\":\"Mind trade d.o.o\"},\"image\":{\"@id\":\"https:\/\/sen-shop.com\/de\/#\/schema\/logo\/image\/\"},\"sameAs\":[\"https:\/\/www.instagram.com\/senslovenija\/\",\"https:\/\/www.facebook.com\/Senshopslovenija\"]}]}<\/script>\n<!-- \/ Yoast SEO plugin. -->","yoast_head_json":{"title":"Zimt, zur Blutzuckerkontrolle","description":"Zimt, zur Blutzuckerkontrolle","robots":{"index":"index","follow":"follow","max-snippet":"max-snippet:-1","max-image-preview":"max-image-preview:large","max-video-preview":"max-video-preview:-1"},"canonical":"https:\/\/sen-shop.com\/de\/collections\/nahrungsergaenzungsmittel\/herz-haemorrhoiden\/zimt-zur-blutzuckerkontrolle\/","og_locale":"de_DE","og_type":"article","og_title":"Zimt, zur Blutzuckerkontrolle","og_description":"Zimt, zur Blutzuckerkontrolle","og_url":"https:\/\/sen-shop.com\/de\/collections\/nahrungsergaenzungsmittel\/herz-haemorrhoiden\/zimt-zur-blutzuckerkontrolle\/","og_site_name":"SEN Shop","article_publisher":"https:\/\/www.facebook.com\/Senshopslovenija","article_modified_time":"2021-10-13T11:43:18+00:00","og_image":[{"width":1400,"height":1400,"url":"https:\/\/sen-shop.com\/wp-content\/uploads\/2021\/10\/Cimet_EN_DE.jpg","type":"image\/jpeg"}],"twitter_card":"summary_large_image","twitter_misc":{"Gesch\u00e4tzte Lesezeit":"2\u00a0Minuten"},"schema":{"@context":"https:\/\/schema.org","@graph":[{"@type":"WebPage","@id":"https:\/\/sen-shop.com\/de\/collections\/nahrungsergaenzungsmittel\/herz-haemorrhoiden\/zimt-zur-blutzuckerkontrolle\/","url":"https:\/\/sen-shop.com\/de\/collections\/nahrungsergaenzungsmittel\/herz-haemorrhoiden\/zimt-zur-blutzuckerkontrolle\/","name":"Zimt, zur Blutzuckerkontrolle","isPartOf":{"@id":"https:\/\/sen-shop.com\/de\/#website"},"datePublished":"2017-10-27T12:46:22+00:00","dateModified":"2021-10-13T11:43:18+00:00","description":"Zimt, zur Blutzuckerkontrolle","breadcrumb":{"@id":"https:\/\/sen-shop.com\/de\/collections\/nahrungsergaenzungsmittel\/herz-haemorrhoiden\/zimt-zur-blutzuckerkontrolle\/#breadcrumb"},"inLanguage":"de","potentialAction":[{"@type":"ReadAction","target":["https:\/\/sen-shop.com\/de\/collections\/nahrungsergaenzungsmittel\/herz-haemorrhoiden\/zimt-zur-blutzuckerkontrolle\/"]}]},{"@type":"BreadcrumbList","@id":"https:\/\/sen-shop.com\/de\/collections\/nahrungsergaenzungsmittel\/herz-haemorrhoiden\/zimt-zur-blutzuckerkontrolle\/#breadcrumb","itemListElement":[{"@type":"ListItem","position":1,"name":"Home","item":"https:\/\/sen-shop.com\/de\/"},{"@type":"ListItem","position":2,"name":"Zimt, zur Blutzuckerkontrolle"}]},{"@type":"WebSite","@id":"https:\/\/sen-shop.com\/de\/#website","url":"https:\/\/sen-shop.com\/de\/","name":"SEN Shop","description":"Slovensko, Ekolo\u0161ko, Naravno","publisher":{"@id":"https:\/\/sen-shop.com\/de\/#organization"},"potentialAction":[{"@type":"SearchAction","target":{"@type":"EntryPoint","urlTemplate":"https:\/\/sen-shop.com\/de\/?s={search_term_string}"},"query-input":"required name=search_term_string"}],"inLanguage":"de"},{"@type":"Organization","@id":"https:\/\/sen-shop.com\/de\/#organization","name":"Mind trade d.o.o","url":"https:\/\/sen-shop.com\/de\/","logo":{"@type":"ImageObject","inLanguage":"de","@id":"https:\/\/sen-shop.com\/de\/#\/schema\/logo\/image\/","url":"https:\/\/sen-shop.com\/wp-content\/uploads\/2018\/05\/header_logo.png","contentUrl":"https:\/\/sen-shop.com\/wp-content\/uploads\/2018\/05\/header_logo.png","width":138,"height":70,"caption":"Mind trade d.o.o"},"image":{"@id":"https:\/\/sen-shop.com\/de\/#\/schema\/logo\/image\/"},"sameAs":["https:\/\/www.instagram.com\/senslovenija\/","https:\/\/www.facebook.com\/Senshopslovenija"]}]}},"_links":{"self":[{"href":"https:\/\/sen-shop.com\/de\/wp-json\/wp\/v2\/product\/31839","targetHints":{"allow":["GET"]}}],"collection":[{"href":"https:\/\/sen-shop.com\/de\/wp-json\/wp\/v2\/product"}],"about":[{"href":"https:\/\/sen-shop.com\/de\/wp-json\/wp\/v2\/types\/product"}],"replies":[{"embeddable":true,"href":"https:\/\/sen-shop.com\/de\/wp-json\/wp\/v2\/comments?post=31839"}],"wp:featuredmedia":[{"embeddable":true,"href":"https:\/\/sen-shop.com\/de\/wp-json\/wp\/v2\/media\/31616"}],"wp:attachment":[{"href":"https:\/\/sen-shop.com\/de\/wp-json\/wp\/v2\/media?parent=31839"}],"wp:term":[{"taxonomy":"product_cat","embeddable":true,"href":"https:\/\/sen-shop.com\/de\/wp-json\/wp\/v2\/product_cat?post=31839"},{"taxonomy":"product_tag","embeddable":true,"href":"https:\/\/sen-shop.com\/de\/wp-json\/wp\/v2\/product_tag?post=31839"}],"curies":[{"name":"wp","href":"https:\/\/api.w.org\/{rel}","templated":true}]}}