{"id":31825,"date":"2017-11-11T14:55:09","date_gmt":"2017-11-11T13:55:09","guid":{"rendered":"https:\/\/www.sen-shop.com\/collections\/unkategorisiert\/spargel-fur-die-reinigung-des-korpers\/"},"modified":"2022-11-01T23:01:01","modified_gmt":"2022-11-01T22:01:01","slug":"spargel-fur-die-reinigung-des-korpers","status":"publish","type":"product","link":"https:\/\/sen-shop.com\/de\/collections\/nahrungsergaenzungsmittel\/gewichtsverlust\/spargel-fur-die-reinigung-des-korpers\/","title":{"rendered":"Spargel, f\u00fcr die Reinigung des K\u00f6rpers"},"content":{"rendered":"<p>[vc_row][vc_column css_animation=&#8220;bounceInRight&#8220; css=&#8220;.vc_custom_1595941202641{background-color: #ffffff !important;}&#8220;][vc_single_image image=&#8220;31835&#8243; alignment=&#8220;center&#8220; onclick=&#8220;custom_link&#8220; css_animation=&#8220;none&#8220; link=&#8220;https:%2F%2Fwww.sen-shop.com%2Fcollections%2Fakcija%2Fbelusi-kapsule-gratis%2F|&#8220;][\/vc_column][\/vc_row][vc_row][vc_column][vc_column_text css=&#8220;.vc_custom_1613997356303{padding-top: 30px !important;padding-right: 30px !important;padding-bottom: 30px !important;padding-left: 30px !important;background-color: #c9db95 !important;}&#8220;]<strong>Spargel<\/strong> wird vor allem wegen seiner harntreibenden Wirkung gesch\u00e4tzt, denn er <strong>entzieht dem K\u00f6rper \u00fcbersch\u00fcssiges Salz und Wasse<\/strong>r. Mit nur etwa 40 kcal pro 100 g ist Spargel fett- und cholesterinfrei und damit das ideale Fr\u00fchjahrsfutter f\u00fcr eine gr\u00fcndliche Entschlackung.<\/p>\n<p>Spargel ist reich an Ballaststoffen und regt daher den<strong> Stoffwechsel und den Darm<\/strong> an. Er ist ideal f\u00fcr empfindliche M\u00e4gen. Spargel ist auch als Aphrodisiakum bekannt.<\/p>\n<p>[\/vc_column_text][\/vc_column][\/vc_row][vc_row][vc_column][vc_column_text css=&#8220;.vc_custom_1613772989051{padding-top: 30px !important;padding-right: 30px !important;padding-bottom: 30px !important;padding-left: 30px !important;background-color: #ededed !important;}&#8220;]<img decoding=\"async\" src=\"https:\/\/static.xx.fbcdn.net\/images\/emoji.php\/v9\/t51\/1\/16\/1f449.png\" alt=\"\ud83d\udc49\" \/> Machen Sie eine 14-t\u00e4gige K\u00f6rperentgiftung und verlieren Sie 1 &#8211; 2 Kilo pro Woche. Auch wenn Sie Ihre derzeitige Ern\u00e4hrung beibehalten. Aber wenn Sie Ihre Ern\u00e4hrung umstellen, wird der Effekt viel besser und schneller sein.<\/p>\n<p><img decoding=\"async\" src=\"https:\/\/static.xx.fbcdn.net\/images\/emoji.php\/v9\/t51\/1\/16\/1f449.png\" alt=\"\ud83d\udc49\" \/> Um den Effekt zu verst\u00e4rken, empfehlen wir Ihnen, t\u00e4glich 2-3 Liter Fl\u00fcssigkeit (Wasser oder unges\u00fc\u00dften Tee) zu trinken.<\/p>\n<p><img decoding=\"async\" src=\"https:\/\/static.xx.fbcdn.net\/images\/emoji.php\/v9\/t51\/1\/16\/1f449.png\" alt=\"\ud83d\udc49\" \/> Spargel hat eine entschlackende Wirkung und tr\u00e4gt zu einer klaren, weichen und glatten Haut bei.[\/vc_column_text][\/vc_column][\/vc_row][vc_row][vc_column][vc_column_text]Seit langem wird die entschlackende Wirkung des Spargels hochgesch\u00e4tzt. Die d\u00fcnnen Knospen enthalten 95% Wasser, geringe Mengen an Kohlenhydraten und fast kein Fett. 100 Gramm Spargel haben nur 18 Kalorien.<strong> Wertvolle Inhaltsstoffe wie Kaliumsalze, Spargels\u00e4uren und \u00e4therische \u00d6le regen die Nieren an und helfen bei der Wasserausscheidung<\/strong>. Dar\u00fcber hinaus enth\u00e4lt Spargel Vitamin B, das das Nervensystem unterst\u00fctzt und M\u00fcdigkeit bek\u00e4mpft, die Vitamine C und E, die wirksame Antioxidantien sind, sowie Betacarotin und Fols\u00e4ure, die sich positiv auf die Stoffwechselvorg\u00e4nge im K\u00f6rper auswirken.<\/p>\n<p><strong>Wenn Sie sich Sorgen um Cellulite machen, ist Spargel ein gro\u00dfer Lebensretter<\/strong>. Er hilft, die Venen und Kapillaren zu st\u00e4rken und den Blutdruck zu kontrollieren. Spargel hat aufgrund seines hohen Gehalts an Kalium und der Aminos\u00e4ure Asparagin harntreibende Eigenschaften, was eine gute Nachricht ist, da Fl\u00fcssigkeitsansammlungen zu einer Zunahme der Cellulite f\u00fchren k\u00f6nnen.<\/p>\n<p>[\/vc_column_text][\/vc_column][\/vc_row]<\/p>\n","protected":false},"excerpt":{"rendered":"<p>Spargel ist ein ideales Reinigungsmittel und ein nat\u00fcrlicher Weg, um den K\u00f6rper zu<strong> entschlacken<\/strong> und \u00fcbersch\u00fcssiges Wasser aus dem K\u00f6rper zu entfernen. Er beugt Wassereinlagerungen und damit Cellulite vor.<\/p>\n<ul>\n<li>Entfernt \u00fcbersch\u00fcssiges Wasser und Giftstoffe aus dem K\u00f6rper<\/li>\n<li>reduziert das Erscheinungsbild von Cellulite<\/li>\n<li>reduziert Bl\u00e4hungen<\/li>\n<\/ul>\n<p>Spargel hat eine positive Wirkung auf die Bildung einer klaren, weichen und glatten Haut.<\/p>\n[banner_prehrana]\n","protected":false},"featured_media":31833,"comment_status":"open","ping_status":"closed","template":"","meta":{"inline_featured_image":false},"product_cat":[816,845,844,813],"product_tag":[897,898,821,900,896,903,899,814,902,904,895,901],"class_list":["post-31825","product","type-product","status-publish","has-post-thumbnail","hentry","product_cat-crni-petek-de","product_cat-entgiftung","product_cat-gewichtsverlust","product_cat-nahrungsergaenzungsmittel","product_tag-analizator-tanita-de","product_tag-analizator-telesne-teze-de","product_tag-bio-de","product_tag-digitalna-osebna-tehtnica-de","product_tag-digitalna-tehtnica-de","product_tag-hujsanje","product_tag-nakup-tanite-de","product_tag-prehranska-dopolnila-de","product_tag-razstrupljanje","product_tag-razstrupljanje-jeter-de","product_tag-tanita-de","product_tag-tanita-tehtnica-de"],"acf":[],"yoast_head":"<!-- This site is optimized with the Yoast SEO plugin v19.13 - https:\/\/yoast.com\/wordpress\/plugins\/seo\/ -->\n<title>Spargel, f\u00fcr die Reinigung des K\u00f6rpers<\/title>\n<meta name=\"description\" content=\"Spargel, f\u00fcr die Reinigung des K\u00f6rpers\" \/>\n<meta name=\"robots\" content=\"index, follow, max-snippet:-1, max-image-preview:large, max-video-preview:-1\" \/>\n<link rel=\"canonical\" href=\"https:\/\/sen-shop.com\/de\/collections\/nahrungsergaenzungsmittel\/gewichtsverlust\/spargel-fur-die-reinigung-des-korpers\/\" \/>\n<meta property=\"og:locale\" content=\"de_DE\" \/>\n<meta property=\"og:type\" content=\"article\" \/>\n<meta property=\"og:title\" content=\"Spargel, f\u00fcr die Reinigung des K\u00f6rpers\" \/>\n<meta property=\"og:description\" content=\"Spargel, f\u00fcr die Reinigung des K\u00f6rpers\" \/>\n<meta property=\"og:url\" content=\"https:\/\/sen-shop.com\/de\/collections\/nahrungsergaenzungsmittel\/gewichtsverlust\/spargel-fur-die-reinigung-des-korpers\/\" \/>\n<meta property=\"og:site_name\" content=\"SEN Shop\" \/>\n<meta property=\"article:publisher\" content=\"https:\/\/www.facebook.com\/Senshopslovenija\" \/>\n<meta property=\"article:modified_time\" content=\"2022-11-01T22:01:01+00:00\" \/>\n<meta property=\"og:image\" content=\"https:\/\/sen-shop.com\/wp-content\/uploads\/2017\/11\/belusi-test2.png\" \/>\n\t<meta property=\"og:image:width\" content=\"709\" \/>\n\t<meta property=\"og:image:height\" content=\"709\" \/>\n\t<meta property=\"og:image:type\" content=\"image\/png\" \/>\n<meta name=\"twitter:card\" content=\"summary_large_image\" \/>\n<meta name=\"twitter:label1\" content=\"Gesch\u00e4tzte Lesezeit\" \/>\n\t<meta name=\"twitter:data1\" content=\"2\u00a0Minuten\" \/>\n<script type=\"application\/ld+json\" class=\"yoast-schema-graph\">{\"@context\":\"https:\/\/schema.org\",\"@graph\":[{\"@type\":\"WebPage\",\"@id\":\"https:\/\/sen-shop.com\/de\/collections\/nahrungsergaenzungsmittel\/gewichtsverlust\/spargel-fur-die-reinigung-des-korpers\/\",\"url\":\"https:\/\/sen-shop.com\/de\/collections\/nahrungsergaenzungsmittel\/gewichtsverlust\/spargel-fur-die-reinigung-des-korpers\/\",\"name\":\"Spargel, f\u00fcr die Reinigung des K\u00f6rpers\",\"isPartOf\":{\"@id\":\"https:\/\/sen-shop.com\/de\/#website\"},\"datePublished\":\"2017-11-11T13:55:09+00:00\",\"dateModified\":\"2022-11-01T22:01:01+00:00\",\"description\":\"Spargel, f\u00fcr die Reinigung des K\u00f6rpers\",\"breadcrumb\":{\"@id\":\"https:\/\/sen-shop.com\/de\/collections\/nahrungsergaenzungsmittel\/gewichtsverlust\/spargel-fur-die-reinigung-des-korpers\/#breadcrumb\"},\"inLanguage\":\"de\",\"potentialAction\":[{\"@type\":\"ReadAction\",\"target\":[\"https:\/\/sen-shop.com\/de\/collections\/nahrungsergaenzungsmittel\/gewichtsverlust\/spargel-fur-die-reinigung-des-korpers\/\"]}]},{\"@type\":\"BreadcrumbList\",\"@id\":\"https:\/\/sen-shop.com\/de\/collections\/nahrungsergaenzungsmittel\/gewichtsverlust\/spargel-fur-die-reinigung-des-korpers\/#breadcrumb\",\"itemListElement\":[{\"@type\":\"ListItem\",\"position\":1,\"name\":\"Home\",\"item\":\"https:\/\/sen-shop.com\/de\/\"},{\"@type\":\"ListItem\",\"position\":2,\"name\":\"Spargel, f\u00fcr die Reinigung des K\u00f6rpers\"}]},{\"@type\":\"WebSite\",\"@id\":\"https:\/\/sen-shop.com\/de\/#website\",\"url\":\"https:\/\/sen-shop.com\/de\/\",\"name\":\"SEN Shop\",\"description\":\"Slovensko, Ekolo\u0161ko, Naravno\",\"publisher\":{\"@id\":\"https:\/\/sen-shop.com\/de\/#organization\"},\"potentialAction\":[{\"@type\":\"SearchAction\",\"target\":{\"@type\":\"EntryPoint\",\"urlTemplate\":\"https:\/\/sen-shop.com\/de\/?s={search_term_string}\"},\"query-input\":\"required name=search_term_string\"}],\"inLanguage\":\"de\"},{\"@type\":\"Organization\",\"@id\":\"https:\/\/sen-shop.com\/de\/#organization\",\"name\":\"Mind trade d.o.o\",\"url\":\"https:\/\/sen-shop.com\/de\/\",\"logo\":{\"@type\":\"ImageObject\",\"inLanguage\":\"de\",\"@id\":\"https:\/\/sen-shop.com\/de\/#\/schema\/logo\/image\/\",\"url\":\"https:\/\/sen-shop.com\/wp-content\/uploads\/2018\/05\/header_logo.png\",\"contentUrl\":\"https:\/\/sen-shop.com\/wp-content\/uploads\/2018\/05\/header_logo.png\",\"width\":138,\"height\":70,\"caption\":\"Mind trade d.o.o\"},\"image\":{\"@id\":\"https:\/\/sen-shop.com\/de\/#\/schema\/logo\/image\/\"},\"sameAs\":[\"https:\/\/www.instagram.com\/senslovenija\/\",\"https:\/\/www.facebook.com\/Senshopslovenija\"]}]}<\/script>\n<!-- \/ Yoast SEO plugin. -->","yoast_head_json":{"title":"Spargel, f\u00fcr die Reinigung des K\u00f6rpers","description":"Spargel, f\u00fcr die Reinigung des K\u00f6rpers","robots":{"index":"index","follow":"follow","max-snippet":"max-snippet:-1","max-image-preview":"max-image-preview:large","max-video-preview":"max-video-preview:-1"},"canonical":"https:\/\/sen-shop.com\/de\/collections\/nahrungsergaenzungsmittel\/gewichtsverlust\/spargel-fur-die-reinigung-des-korpers\/","og_locale":"de_DE","og_type":"article","og_title":"Spargel, f\u00fcr die Reinigung des K\u00f6rpers","og_description":"Spargel, f\u00fcr die Reinigung des K\u00f6rpers","og_url":"https:\/\/sen-shop.com\/de\/collections\/nahrungsergaenzungsmittel\/gewichtsverlust\/spargel-fur-die-reinigung-des-korpers\/","og_site_name":"SEN Shop","article_publisher":"https:\/\/www.facebook.com\/Senshopslovenija","article_modified_time":"2022-11-01T22:01:01+00:00","og_image":[{"width":709,"height":709,"url":"https:\/\/sen-shop.com\/wp-content\/uploads\/2017\/11\/belusi-test2.png","type":"image\/png"}],"twitter_card":"summary_large_image","twitter_misc":{"Gesch\u00e4tzte Lesezeit":"2\u00a0Minuten"},"schema":{"@context":"https:\/\/schema.org","@graph":[{"@type":"WebPage","@id":"https:\/\/sen-shop.com\/de\/collections\/nahrungsergaenzungsmittel\/gewichtsverlust\/spargel-fur-die-reinigung-des-korpers\/","url":"https:\/\/sen-shop.com\/de\/collections\/nahrungsergaenzungsmittel\/gewichtsverlust\/spargel-fur-die-reinigung-des-korpers\/","name":"Spargel, f\u00fcr die Reinigung des K\u00f6rpers","isPartOf":{"@id":"https:\/\/sen-shop.com\/de\/#website"},"datePublished":"2017-11-11T13:55:09+00:00","dateModified":"2022-11-01T22:01:01+00:00","description":"Spargel, f\u00fcr die Reinigung des K\u00f6rpers","breadcrumb":{"@id":"https:\/\/sen-shop.com\/de\/collections\/nahrungsergaenzungsmittel\/gewichtsverlust\/spargel-fur-die-reinigung-des-korpers\/#breadcrumb"},"inLanguage":"de","potentialAction":[{"@type":"ReadAction","target":["https:\/\/sen-shop.com\/de\/collections\/nahrungsergaenzungsmittel\/gewichtsverlust\/spargel-fur-die-reinigung-des-korpers\/"]}]},{"@type":"BreadcrumbList","@id":"https:\/\/sen-shop.com\/de\/collections\/nahrungsergaenzungsmittel\/gewichtsverlust\/spargel-fur-die-reinigung-des-korpers\/#breadcrumb","itemListElement":[{"@type":"ListItem","position":1,"name":"Home","item":"https:\/\/sen-shop.com\/de\/"},{"@type":"ListItem","position":2,"name":"Spargel, f\u00fcr die Reinigung des K\u00f6rpers"}]},{"@type":"WebSite","@id":"https:\/\/sen-shop.com\/de\/#website","url":"https:\/\/sen-shop.com\/de\/","name":"SEN Shop","description":"Slovensko, Ekolo\u0161ko, Naravno","publisher":{"@id":"https:\/\/sen-shop.com\/de\/#organization"},"potentialAction":[{"@type":"SearchAction","target":{"@type":"EntryPoint","urlTemplate":"https:\/\/sen-shop.com\/de\/?s={search_term_string}"},"query-input":"required name=search_term_string"}],"inLanguage":"de"},{"@type":"Organization","@id":"https:\/\/sen-shop.com\/de\/#organization","name":"Mind trade d.o.o","url":"https:\/\/sen-shop.com\/de\/","logo":{"@type":"ImageObject","inLanguage":"de","@id":"https:\/\/sen-shop.com\/de\/#\/schema\/logo\/image\/","url":"https:\/\/sen-shop.com\/wp-content\/uploads\/2018\/05\/header_logo.png","contentUrl":"https:\/\/sen-shop.com\/wp-content\/uploads\/2018\/05\/header_logo.png","width":138,"height":70,"caption":"Mind trade d.o.o"},"image":{"@id":"https:\/\/sen-shop.com\/de\/#\/schema\/logo\/image\/"},"sameAs":["https:\/\/www.instagram.com\/senslovenija\/","https:\/\/www.facebook.com\/Senshopslovenija"]}]}},"_links":{"self":[{"href":"https:\/\/sen-shop.com\/de\/wp-json\/wp\/v2\/product\/31825","targetHints":{"allow":["GET"]}}],"collection":[{"href":"https:\/\/sen-shop.com\/de\/wp-json\/wp\/v2\/product"}],"about":[{"href":"https:\/\/sen-shop.com\/de\/wp-json\/wp\/v2\/types\/product"}],"replies":[{"embeddable":true,"href":"https:\/\/sen-shop.com\/de\/wp-json\/wp\/v2\/comments?post=31825"}],"wp:featuredmedia":[{"embeddable":true,"href":"https:\/\/sen-shop.com\/de\/wp-json\/wp\/v2\/media\/31833"}],"wp:attachment":[{"href":"https:\/\/sen-shop.com\/de\/wp-json\/wp\/v2\/media?parent=31825"}],"wp:term":[{"taxonomy":"product_cat","embeddable":true,"href":"https:\/\/sen-shop.com\/de\/wp-json\/wp\/v2\/product_cat?post=31825"},{"taxonomy":"product_tag","embeddable":true,"href":"https:\/\/sen-shop.com\/de\/wp-json\/wp\/v2\/product_tag?post=31825"}],"curies":[{"name":"wp","href":"https:\/\/api.w.org\/{rel}","templated":true}]}}